{"id":1229,"date":"2019-10-17T12:16:25","date_gmt":"2019-10-17T09:16:25","guid":{"rendered":"https:\/\/blogit.gradia.fi\/digipalvelut\/?page_id=1229"},"modified":"2019-10-23T09:04:50","modified_gmt":"2019-10-23T06:04:50","slug":"aineistot-talteen-optimasta","status":"publish","type":"page","link":"https:\/\/blogit.gradia.fi\/digipalvelut\/ohjeita-ja-vinkkeja\/moodle\/aineistot-talteen-optimasta\/","title":{"rendered":"Aineistot talteen Optimasta"},"content":{"rendered":"\n<p><strong>Optima ty\u00f6tiloja ei voi kopioida sellaisinaan Moodleen, mutta Optimaan viedyt materiaalit opettaja voi ottaa helposti itselleen talteen. Optimaan rakennettuja valmiita aktiviteetteja ei voi tallentaa ja siirt\u00e4\u00e4 sellaisinaa Moodleen.<\/strong><br><br>Mik\u00e4li olet k\u00e4ytt\u00e4nyt Optimassa kooste objektia, voit Kopio &#8211; Liit\u00e4 k\u00e4skyll\u00e4 tuoda teksti\u00e4 Optimasta Moodleen.<\/p>\n\n\n\n<h2 class=\"wp-block-heading\">Aineistojen zip -pakkaaminen Optimassa<\/h2>\n\n\n\n<p>Nopein tapa siirt\u00e4\u00e4 Optiman materiaalit (ei aktiviteetit) itselleen talteen on tehd\u00e4 niist\u00e4 Optima.zip ja tallentaa t\u00e4m\u00e4 omaan OneDriveen tai H-asemalle.<\/p>\n\n\n\n<h2 class=\"wp-block-heading\">Optima.zip:n teko ja tallennus<\/h2>\n\n\n\n<ol class=\"wp-block-list\"><li>Avaa Optima ty\u00f6tila, jonka materiaalit haluat tallentaa<\/li><li>Klikkaa nimen per\u00e4ss\u00e4 olevaa <strong>hammasratasta<\/strong> ja klikkaa  <strong>ty\u00f6tilan hallinta<\/strong> valikon alta <strong>N\u00e4yt\u00e4 lis\u00e4\u00e4<\/strong><br><img fetchpriority=\"high\" decoding=\"async\" width=\"337\" height=\"639\" class=\"wp-image-1233\" style=\"width: 150px\" src=\"https:\/\/blogit.gradia.fi\/digipalvelut\/wp-content\/uploads\/sites\/99\/2019\/10\/optimazip.jpg\" alt=\"Kuva optiman ty\u00f6tilan hallinta valikosta\" srcset=\"https:\/\/blogit.gradia.fi\/digipalvelut\/wp-content\/uploads\/sites\/99\/2019\/10\/optimazip.jpg 337w, https:\/\/blogit.gradia.fi\/digipalvelut\/wp-content\/uploads\/sites\/99\/2019\/10\/optimazip-158x300.jpg 158w\" sizes=\"(max-width: 337px) 100vw, 337px\" \/><\/li><li>Valitse  <strong>Pakkaa zip-arkistoon<\/strong><\/li><li>Valitse &#8221;luo zip-arkisto tallentaaksesi materiaalia Optiman ulkopuolelle&#8221;. <br><img decoding=\"async\" width=\"1198\" height=\"126\" class=\"wp-image-1234\" style=\"width: 600px\" src=\"https:\/\/blogit.gradia.fi\/digipalvelut\/wp-content\/uploads\/sites\/99\/2019\/10\/optimazip2.jpg\" alt=\"Kuva sip tiedoston k\u00e4ytt\u00f6tarkoituksen valinnasta\" srcset=\"https:\/\/blogit.gradia.fi\/digipalvelut\/wp-content\/uploads\/sites\/99\/2019\/10\/optimazip2.jpg 1198w, https:\/\/blogit.gradia.fi\/digipalvelut\/wp-content\/uploads\/sites\/99\/2019\/10\/optimazip2-300x32.jpg 300w, https:\/\/blogit.gradia.fi\/digipalvelut\/wp-content\/uploads\/sites\/99\/2019\/10\/optimazip2-768x81.jpg 768w, https:\/\/blogit.gradia.fi\/digipalvelut\/wp-content\/uploads\/sites\/99\/2019\/10\/optimazip2-1024x108.jpg 1024w, https:\/\/blogit.gradia.fi\/digipalvelut\/wp-content\/uploads\/sites\/99\/2019\/10\/optimazip2-620x65.jpg 620w\" sizes=\"(max-width: 1198px) 100vw, 1198px\" \/><\/li><li>Tallenna zip -tiedosto haluaamasi kansioon ja pura se auki<ol><li>Mik\u00e4li k\u00e4yt\u00e4t Firefox -selainta tarjoaa selain automaattisesti tallenna-ikkunaa (Chromessa voit avata &#8221;Lataukset&#8221; ikkunan ruudun oikeasta alalaidasta, valita n\u00e4yt\u00e4 kansiossa ja siirt\u00e4\u00e4 lataamasi tiedoston haluttuun sijaintiin.)<\/li><li>Tallennettuasi tiedoston selaimeen, klikkaa oikeassa yl\u00e4kulmassa olevaa alasp\u00e4in osoittavaa nuolta<br><img decoding=\"async\" width=\"208\" height=\"43\" class=\"wp-image-1236\" style=\"width: 200px\" src=\"https:\/\/blogit.gradia.fi\/digipalvelut\/wp-content\/uploads\/sites\/99\/2019\/10\/ladatut-tiedostot.jpg\" alt=\"Kuva selaimen yl\u00e4palkin ladatuista tiedostoista\"><\/li><li>Klikkaa nuolta ja paina tiedoston per\u00e4ss\u00e4 olevaa kansio-kuvaketta.<\/li><li>Klikkaa hiiren oikealla tiedoston nime\u00e4 ja valitse leikkaa.<\/li><li>Mene haluaamasi sijaintiin ja klikkaa hiiren oikealla ja valitse liit\u00e4. Leikkaamasi tiedosto tallentuu valitsemaasi sijaintiin <\/li><li>Tallennettuasi tiedoston <strong>klikkaa hiiren oikealla zip -tiedoston nime\u00e4<\/strong> ja valitse <strong>7 zip<\/strong> -ohjelma sinulle avautuvasta valikosta.<br><img loading=\"lazy\" decoding=\"async\" width=\"639\" height=\"462\" class=\"wp-image-1239\" style=\"width: 300px\" src=\"https:\/\/blogit.gradia.fi\/digipalvelut\/wp-content\/uploads\/sites\/99\/2019\/10\/tiedostonzippurku.jpeg.jpg\" alt=\"tiedostovalikko zip-tiedostoa purettaessa\" srcset=\"https:\/\/blogit.gradia.fi\/digipalvelut\/wp-content\/uploads\/sites\/99\/2019\/10\/tiedostonzippurku.jpeg.jpg 639w, https:\/\/blogit.gradia.fi\/digipalvelut\/wp-content\/uploads\/sites\/99\/2019\/10\/tiedostonzippurku.jpeg-300x217.jpg 300w, https:\/\/blogit.gradia.fi\/digipalvelut\/wp-content\/uploads\/sites\/99\/2019\/10\/tiedostonzippurku.jpeg-620x448.jpg 620w\" sizes=\"(max-width: 639px) 100vw, 639px\" \/><\/li><li>Valitse pura t\u00e4nne<\/li><\/ol><\/li><li>Tiedostot tallentuvat kansioittain ja voit hy\u00f6dynt\u00e4\u00e4 niit\u00e4 esim. lataamalla n\u00e4it\u00e4 tiedostaja Moodle -ty\u00f6tilaasi<\/li><\/ol>\n\n\n\n<h2 class=\"wp-block-heading\">Videon tallentaminen Optimasta<\/h2>\n\n\n\n<p>Jos sinulla on suoratoistovideoita Optimassa, ne eiv\u00e4t sis\u00e4lly pakattuun zip-tiedostoon. T\u00e4ll\u00e4 tarkoitetaan siis videoita, jotka on tuotu Optimaan video- ja \u00e4\u00e4nitiedosto -toiminnoilla. Niiden tallentaminen on kuitenkin mahdollista. Tallennus t\u00e4ytyy kuitenkin tehd\u00e4 jokaiselle videolle erikseen. <\/p>\n\n\n\n<ul class=\"wp-block-list\"><li>Etsi video Optiman ty\u00f6tiloistasi<\/li><li>Valitse video (klikkaa videota)<\/li><li>Optiman oikeassa yl\u00e4kulmassa on valikkosymboli &#8221;kolme viivaa&#8221;<\/li><li>Valitse valikosta vaihtoehto &#8221; Tallenna omalle tietokoneelle&#8221;. <\/li><li>Tiedosto tallentuu todenn\u00e4k\u00f6isimmin ladattuihin tiedostoihin, mutta eri selaimesta riippuen menetelm\u00e4 voi olla eri ( voit kenties valita tallennuspaikan). <\/li><li>Voit siirty\u00e4 tallentamaan seuraavaa videota.<\/li><\/ul>\n\n\n\n<p><\/p>\n\n\n\n<p><\/p>\n","protected":false},"excerpt":{"rendered":"<p>Optima ty\u00f6tiloja ei voi kopioida sellaisinaan Moodleen, mutta Optimaan viedyt materiaalit opettaja voi ottaa helposti itselleen talteen. Optimaan rakennettuja valmiita aktiviteetteja ei voi tallentaa ja siirt\u00e4\u00e4 sellaisinaa Moodleen. Mik\u00e4li olet k\u00e4ytt\u00e4nyt Optimassa kooste objektia, voit Kopio &#8211; Liit\u00e4 k\u00e4skyll\u00e4 tuoda teksti\u00e4 Optimasta Moodleen. Aineistojen zip -pakkaaminen Optimassa Nopein tapa siirt\u00e4\u00e4 [&hellip;]<\/p>\n","protected":false},"author":165,"featured_media":0,"parent":76,"menu_order":0,"comment_status":"closed","ping_status":"closed","template":"","meta":{"_uag_custom_page_level_css":"","footnotes":""},"class_list":["post-1229","page","type-page","status-publish","hentry"],"yoast_head":"<!-- This site is optimized with the Yoast SEO plugin v27.4 - https:\/\/yoast.com\/product\/yoast-seo-wordpress\/ -->\n<title>Aineistot talteen Optimasta - Gradia Digipalvelut<\/title>\n<meta name=\"robots\" content=\"index, follow, max-snippet:-1, max-image-preview:large, max-video-preview:-1\" \/>\n<link rel=\"canonical\" href=\"https:\/\/blogit.gradia.fi\/digipalvelut\/ohjeita-ja-vinkkeja\/moodle\/aineistot-talteen-optimasta\/\" \/>\n<meta property=\"og:locale\" content=\"fi_FI\" \/>\n<meta property=\"og:type\" content=\"article\" \/>\n<meta property=\"og:title\" content=\"Aineistot talteen Optimasta - Gradia Digipalvelut\" \/>\n<meta property=\"og:description\" content=\"Optima ty\u00f6tiloja ei voi kopioida sellaisinaan Moodleen, mutta Optimaan viedyt materiaalit opettaja voi ottaa helposti itselleen talteen. Optimaan rakennettuja valmiita aktiviteetteja ei voi tallentaa ja siirt\u00e4\u00e4 sellaisinaa Moodleen. Mik\u00e4li olet k\u00e4ytt\u00e4nyt Optimassa kooste objektia, voit Kopio &#8211; Liit\u00e4 k\u00e4skyll\u00e4 tuoda teksti\u00e4 Optimasta Moodleen. Aineistojen zip -pakkaaminen Optimassa Nopein tapa siirt\u00e4\u00e4 [&hellip;]\" \/>\n<meta property=\"og:url\" content=\"https:\/\/blogit.gradia.fi\/digipalvelut\/ohjeita-ja-vinkkeja\/moodle\/aineistot-talteen-optimasta\/\" \/>\n<meta property=\"og:site_name\" content=\"Gradia Digipalvelut\" \/>\n<meta property=\"article:modified_time\" content=\"2019-10-23T06:04:50+00:00\" \/>\n<meta property=\"og:image\" content=\"https:\/\/blogit.gradia.fi\/digipalvelut\/wp-content\/uploads\/sites\/99\/2019\/10\/optimazip.jpg\" \/>\n<meta name=\"twitter:card\" content=\"summary_large_image\" \/>\n<meta name=\"twitter:label1\" content=\"Arvioitu lukuaika\" \/>\n\t<meta name=\"twitter:data1\" content=\"2 minuuttia\" \/>\n<script type=\"application\/ld+json\" class=\"yoast-schema-graph\">{\"@context\":\"https:\\\/\\\/schema.org\",\"@graph\":[{\"@type\":\"WebPage\",\"@id\":\"https:\\\/\\\/blogit.gradia.fi\\\/digipalvelut\\\/ohjeita-ja-vinkkeja\\\/moodle\\\/aineistot-talteen-optimasta\\\/\",\"url\":\"https:\\\/\\\/blogit.gradia.fi\\\/digipalvelut\\\/ohjeita-ja-vinkkeja\\\/moodle\\\/aineistot-talteen-optimasta\\\/\",\"name\":\"Aineistot talteen Optimasta - Gradia Digipalvelut\",\"isPartOf\":{\"@id\":\"https:\\\/\\\/blogit.gradia.fi\\\/digipalvelut\\\/#website\"},\"primaryImageOfPage\":{\"@id\":\"https:\\\/\\\/blogit.gradia.fi\\\/digipalvelut\\\/ohjeita-ja-vinkkeja\\\/moodle\\\/aineistot-talteen-optimasta\\\/#primaryimage\"},\"image\":{\"@id\":\"https:\\\/\\\/blogit.gradia.fi\\\/digipalvelut\\\/ohjeita-ja-vinkkeja\\\/moodle\\\/aineistot-talteen-optimasta\\\/#primaryimage\"},\"thumbnailUrl\":\"https:\\\/\\\/blogit.gradia.fi\\\/digipalvelut\\\/wp-content\\\/uploads\\\/sites\\\/99\\\/2019\\\/10\\\/optimazip.jpg\",\"datePublished\":\"2019-10-17T09:16:25+00:00\",\"dateModified\":\"2019-10-23T06:04:50+00:00\",\"breadcrumb\":{\"@id\":\"https:\\\/\\\/blogit.gradia.fi\\\/digipalvelut\\\/ohjeita-ja-vinkkeja\\\/moodle\\\/aineistot-talteen-optimasta\\\/#breadcrumb\"},\"inLanguage\":\"fi\",\"potentialAction\":[{\"@type\":\"ReadAction\",\"target\":[\"https:\\\/\\\/blogit.gradia.fi\\\/digipalvelut\\\/ohjeita-ja-vinkkeja\\\/moodle\\\/aineistot-talteen-optimasta\\\/\"]}]},{\"@type\":\"ImageObject\",\"inLanguage\":\"fi\",\"@id\":\"https:\\\/\\\/blogit.gradia.fi\\\/digipalvelut\\\/ohjeita-ja-vinkkeja\\\/moodle\\\/aineistot-talteen-optimasta\\\/#primaryimage\",\"url\":\"https:\\\/\\\/blogit.gradia.fi\\\/digipalvelut\\\/wp-content\\\/uploads\\\/sites\\\/99\\\/2019\\\/10\\\/optimazip.jpg\",\"contentUrl\":\"https:\\\/\\\/blogit.gradia.fi\\\/digipalvelut\\\/wp-content\\\/uploads\\\/sites\\\/99\\\/2019\\\/10\\\/optimazip.jpg\",\"width\":337,\"height\":639,\"caption\":\"Kuva optiman ty\u00f6tilan hallinta valikosta\"},{\"@type\":\"BreadcrumbList\",\"@id\":\"https:\\\/\\\/blogit.gradia.fi\\\/digipalvelut\\\/ohjeita-ja-vinkkeja\\\/moodle\\\/aineistot-talteen-optimasta\\\/#breadcrumb\",\"itemListElement\":[{\"@type\":\"ListItem\",\"position\":1,\"name\":\"Ohjeita ja vinkkej\u00e4\",\"item\":\"https:\\\/\\\/blogit.gradia.fi\\\/digipalvelut\\\/ohjeita-ja-vinkkeja\\\/\"},{\"@type\":\"ListItem\",\"position\":2,\"name\":\"Moodle\",\"item\":\"https:\\\/\\\/blogit.gradia.fi\\\/digipalvelut\\\/ohjeita-ja-vinkkeja\\\/moodle\\\/\"},{\"@type\":\"ListItem\",\"position\":3,\"name\":\"Aineistot talteen Optimasta\"}]},{\"@type\":\"WebSite\",\"@id\":\"https:\\\/\\\/blogit.gradia.fi\\\/digipalvelut\\\/#website\",\"url\":\"https:\\\/\\\/blogit.gradia.fi\\\/digipalvelut\\\/\",\"name\":\"Gradia Digipalvelut\",\"description\":\"Astetta enemm\u00e4n digi\u00e4\",\"publisher\":{\"@id\":\"https:\\\/\\\/blogit.gradia.fi\\\/digipalvelut\\\/#organization\"},\"potentialAction\":[{\"@type\":\"SearchAction\",\"target\":{\"@type\":\"EntryPoint\",\"urlTemplate\":\"https:\\\/\\\/blogit.gradia.fi\\\/digipalvelut\\\/?s={search_term_string}\"},\"query-input\":{\"@type\":\"PropertyValueSpecification\",\"valueRequired\":true,\"valueName\":\"search_term_string\"}}],\"inLanguage\":\"fi\"},{\"@type\":\"Organization\",\"@id\":\"https:\\\/\\\/blogit.gradia.fi\\\/digipalvelut\\\/#organization\",\"name\":\"Gradia Digipalvelut\",\"url\":\"https:\\\/\\\/blogit.gradia.fi\\\/digipalvelut\\\/\",\"logo\":{\"@type\":\"ImageObject\",\"inLanguage\":\"fi\",\"@id\":\"https:\\\/\\\/blogit.gradia.fi\\\/digipalvelut\\\/#\\\/schema\\\/logo\\\/image\\\/\",\"url\":\"https:\\\/\\\/blogit.gradia.fi\\\/digipalvelut\\\/wp-content\\\/uploads\\\/sites\\\/99\\\/2019\\\/06\\\/cropped-Gradia_logo_Cyber_TRANSPARENT.png\",\"contentUrl\":\"https:\\\/\\\/blogit.gradia.fi\\\/digipalvelut\\\/wp-content\\\/uploads\\\/sites\\\/99\\\/2019\\\/06\\\/cropped-Gradia_logo_Cyber_TRANSPARENT.png\",\"width\":316,\"height\":382,\"caption\":\"Gradia Digipalvelut\"},\"image\":{\"@id\":\"https:\\\/\\\/blogit.gradia.fi\\\/digipalvelut\\\/#\\\/schema\\\/logo\\\/image\\\/\"}}]}<\/script>\n<!-- \/ Yoast SEO plugin. -->","yoast_head_json":{"title":"Aineistot talteen Optimasta - Gradia Digipalvelut","robots":{"index":"index","follow":"follow","max-snippet":"max-snippet:-1","max-image-preview":"max-image-preview:large","max-video-preview":"max-video-preview:-1"},"canonical":"https:\/\/blogit.gradia.fi\/digipalvelut\/ohjeita-ja-vinkkeja\/moodle\/aineistot-talteen-optimasta\/","og_locale":"fi_FI","og_type":"article","og_title":"Aineistot talteen Optimasta - Gradia Digipalvelut","og_description":"Optima ty\u00f6tiloja ei voi kopioida sellaisinaan Moodleen, mutta Optimaan viedyt materiaalit opettaja voi ottaa helposti itselleen talteen. Optimaan rakennettuja valmiita aktiviteetteja ei voi tallentaa ja siirt\u00e4\u00e4 sellaisinaa Moodleen. Mik\u00e4li olet k\u00e4ytt\u00e4nyt Optimassa kooste objektia, voit Kopio &#8211; Liit\u00e4 k\u00e4skyll\u00e4 tuoda teksti\u00e4 Optimasta Moodleen. Aineistojen zip -pakkaaminen Optimassa Nopein tapa siirt\u00e4\u00e4 [&hellip;]","og_url":"https:\/\/blogit.gradia.fi\/digipalvelut\/ohjeita-ja-vinkkeja\/moodle\/aineistot-talteen-optimasta\/","og_site_name":"Gradia Digipalvelut","article_modified_time":"2019-10-23T06:04:50+00:00","og_image":[{"url":"https:\/\/blogit.gradia.fi\/digipalvelut\/wp-content\/uploads\/sites\/99\/2019\/10\/optimazip.jpg","type":"","width":"","height":""}],"twitter_card":"summary_large_image","twitter_misc":{"Arvioitu lukuaika":"2 minuuttia"},"schema":{"@context":"https:\/\/schema.org","@graph":[{"@type":"WebPage","@id":"https:\/\/blogit.gradia.fi\/digipalvelut\/ohjeita-ja-vinkkeja\/moodle\/aineistot-talteen-optimasta\/","url":"https:\/\/blogit.gradia.fi\/digipalvelut\/ohjeita-ja-vinkkeja\/moodle\/aineistot-talteen-optimasta\/","name":"Aineistot talteen Optimasta - Gradia Digipalvelut","isPartOf":{"@id":"https:\/\/blogit.gradia.fi\/digipalvelut\/#website"},"primaryImageOfPage":{"@id":"https:\/\/blogit.gradia.fi\/digipalvelut\/ohjeita-ja-vinkkeja\/moodle\/aineistot-talteen-optimasta\/#primaryimage"},"image":{"@id":"https:\/\/blogit.gradia.fi\/digipalvelut\/ohjeita-ja-vinkkeja\/moodle\/aineistot-talteen-optimasta\/#primaryimage"},"thumbnailUrl":"https:\/\/blogit.gradia.fi\/digipalvelut\/wp-content\/uploads\/sites\/99\/2019\/10\/optimazip.jpg","datePublished":"2019-10-17T09:16:25+00:00","dateModified":"2019-10-23T06:04:50+00:00","breadcrumb":{"@id":"https:\/\/blogit.gradia.fi\/digipalvelut\/ohjeita-ja-vinkkeja\/moodle\/aineistot-talteen-optimasta\/#breadcrumb"},"inLanguage":"fi","potentialAction":[{"@type":"ReadAction","target":["https:\/\/blogit.gradia.fi\/digipalvelut\/ohjeita-ja-vinkkeja\/moodle\/aineistot-talteen-optimasta\/"]}]},{"@type":"ImageObject","inLanguage":"fi","@id":"https:\/\/blogit.gradia.fi\/digipalvelut\/ohjeita-ja-vinkkeja\/moodle\/aineistot-talteen-optimasta\/#primaryimage","url":"https:\/\/blogit.gradia.fi\/digipalvelut\/wp-content\/uploads\/sites\/99\/2019\/10\/optimazip.jpg","contentUrl":"https:\/\/blogit.gradia.fi\/digipalvelut\/wp-content\/uploads\/sites\/99\/2019\/10\/optimazip.jpg","width":337,"height":639,"caption":"Kuva optiman ty\u00f6tilan hallinta valikosta"},{"@type":"BreadcrumbList","@id":"https:\/\/blogit.gradia.fi\/digipalvelut\/ohjeita-ja-vinkkeja\/moodle\/aineistot-talteen-optimasta\/#breadcrumb","itemListElement":[{"@type":"ListItem","position":1,"name":"Ohjeita ja vinkkej\u00e4","item":"https:\/\/blogit.gradia.fi\/digipalvelut\/ohjeita-ja-vinkkeja\/"},{"@type":"ListItem","position":2,"name":"Moodle","item":"https:\/\/blogit.gradia.fi\/digipalvelut\/ohjeita-ja-vinkkeja\/moodle\/"},{"@type":"ListItem","position":3,"name":"Aineistot talteen Optimasta"}]},{"@type":"WebSite","@id":"https:\/\/blogit.gradia.fi\/digipalvelut\/#website","url":"https:\/\/blogit.gradia.fi\/digipalvelut\/","name":"Gradia Digipalvelut","description":"Astetta enemm\u00e4n digi\u00e4","publisher":{"@id":"https:\/\/blogit.gradia.fi\/digipalvelut\/#organization"},"potentialAction":[{"@type":"SearchAction","target":{"@type":"EntryPoint","urlTemplate":"https:\/\/blogit.gradia.fi\/digipalvelut\/?s={search_term_string}"},"query-input":{"@type":"PropertyValueSpecification","valueRequired":true,"valueName":"search_term_string"}}],"inLanguage":"fi"},{"@type":"Organization","@id":"https:\/\/blogit.gradia.fi\/digipalvelut\/#organization","name":"Gradia Digipalvelut","url":"https:\/\/blogit.gradia.fi\/digipalvelut\/","logo":{"@type":"ImageObject","inLanguage":"fi","@id":"https:\/\/blogit.gradia.fi\/digipalvelut\/#\/schema\/logo\/image\/","url":"https:\/\/blogit.gradia.fi\/digipalvelut\/wp-content\/uploads\/sites\/99\/2019\/06\/cropped-Gradia_logo_Cyber_TRANSPARENT.png","contentUrl":"https:\/\/blogit.gradia.fi\/digipalvelut\/wp-content\/uploads\/sites\/99\/2019\/06\/cropped-Gradia_logo_Cyber_TRANSPARENT.png","width":316,"height":382,"caption":"Gradia Digipalvelut"},"image":{"@id":"https:\/\/blogit.gradia.fi\/digipalvelut\/#\/schema\/logo\/image\/"}}]}},"uagb_featured_image_src":{"full":false,"thumbnail":false,"medium":false,"medium_large":false,"large":false,"1536x1536":false,"2048x2048":false,"hestia-blog":false},"uagb_author_info":{"display_name":"Heini Pennanen","author_link":"https:\/\/blogit.gradia.fi\/digipalvelut\/author\/pennahei\/"},"uagb_comment_info":0,"uagb_excerpt":"Optima ty\u00f6tiloja ei voi kopioida sellaisinaan Moodleen, mutta Optimaan viedyt materiaalit opettaja voi ottaa helposti itselleen talteen. Optimaan rakennettuja valmiita aktiviteetteja ei voi tallentaa ja siirt\u00e4\u00e4 sellaisinaa Moodleen. Mik\u00e4li olet k\u00e4ytt\u00e4nyt Optimassa kooste objektia, voit Kopio &#8211; Liit\u00e4 k\u00e4skyll\u00e4 tuoda teksti\u00e4 Optimasta Moodleen. Aineistojen zip -pakkaaminen Optimassa Nopein tapa siirt\u00e4\u00e4 [&hellip;]","_links":{"self":[{"href":"https:\/\/blogit.gradia.fi\/digipalvelut\/wp-json\/wp\/v2\/pages\/1229","targetHints":{"allow":["GET"]}}],"collection":[{"href":"https:\/\/blogit.gradia.fi\/digipalvelut\/wp-json\/wp\/v2\/pages"}],"about":[{"href":"https:\/\/blogit.gradia.fi\/digipalvelut\/wp-json\/wp\/v2\/types\/page"}],"author":[{"embeddable":true,"href":"https:\/\/blogit.gradia.fi\/digipalvelut\/wp-json\/wp\/v2\/users\/165"}],"replies":[{"embeddable":true,"href":"https:\/\/blogit.gradia.fi\/digipalvelut\/wp-json\/wp\/v2\/comments?post=1229"}],"version-history":[{"count":10,"href":"https:\/\/blogit.gradia.fi\/digipalvelut\/wp-json\/wp\/v2\/pages\/1229\/revisions"}],"predecessor-version":[{"id":1279,"href":"https:\/\/blogit.gradia.fi\/digipalvelut\/wp-json\/wp\/v2\/pages\/1229\/revisions\/1279"}],"up":[{"embeddable":true,"href":"https:\/\/blogit.gradia.fi\/digipalvelut\/wp-json\/wp\/v2\/pages\/76"}],"wp:attachment":[{"href":"https:\/\/blogit.gradia.fi\/digipalvelut\/wp-json\/wp\/v2\/media?parent=1229"}],"curies":[{"name":"wp","href":"https:\/\/api.w.org\/{rel}","templated":true}]}}