{"id":1138,"date":"2019-09-23T11:43:56","date_gmt":"2019-09-23T08:43:56","guid":{"rendered":"https:\/\/blogit.gradia.fi\/digipalvelut\/?page_id=1138"},"modified":"2019-09-27T09:40:04","modified_gmt":"2019-09-27T06:40:04","slug":"followme-tulostus","status":"publish","type":"page","link":"https:\/\/blogit.gradia.fi\/digipalvelut\/ohjeita-ja-vinkkeja\/laitteet\/followme-tulostus\/","title":{"rendered":"FollowMe-tulostus (henkil\u00f6kunta)"},"content":{"rendered":"\n<p>Tietoturvallisin tapa tulostaa on k\u00e4ytt\u00e4\u00e4&nbsp;FollowMe-tulostusta.&nbsp;FollowMe:ll\u00e4&nbsp;tulosteesi menee k\u00e4yt\u00e4nn\u00f6ss\u00e4 s\u00e4hk\u00f6iseen tulostusjonoon ja k\u00e4yt vapauttamasta tulosteen jonosta haluamallasi Gradian monitoimilaitteella. Tulosteet s\u00e4ilyv\u00e4t s\u00e4hk\u00f6isess\u00e4 tulostusjonossa 24 h.&nbsp; Voit siis laittaa tulostuksen jonoon ty\u00f6pisteelt\u00e4si ja k\u00e4yd\u00e4 vapauttamassa tulosteet vaikka kokonaan toisella kampuksella olevalta Gradian monitoimilaitteelta.&nbsp; <\/p>\n\n\n\n<h2 class=\"wp-block-heading\">Tulostaminen<\/h2>\n\n\n\n<h3 class=\"wp-block-heading\">Tiedoston tulostaminen&nbsp;FollowMe-jonoon<\/h3>\n\n\n\n<h4 class=\"wp-block-heading\">Tietokoneella: <\/h4>\n\n\n\n<p>Avaa asiakirja. Valitse Tiedosto &gt; Tulosta. Valitse tulostimeksi&nbsp;<em>followme&nbsp;kohteessa print64<\/em>.<\/p>\n\n\n\n<figure class=\"wp-block-image is-resized\"><img fetchpriority=\"high\" decoding=\"async\" src=\"https:\/\/blogit.gradia.fi\/digipalvelut\/wp-content\/uploads\/sites\/99\/2019\/09\/image.png\" alt=\"Word-tiedoston tulostaminen. Valitse tulostusasetuksista followme-tulostin.\" class=\"wp-image-1139\" width=\"245\" height=\"275\" srcset=\"https:\/\/blogit.gradia.fi\/digipalvelut\/wp-content\/uploads\/sites\/99\/2019\/09\/image.png 489w, https:\/\/blogit.gradia.fi\/digipalvelut\/wp-content\/uploads\/sites\/99\/2019\/09\/image-267x300.png 267w\" sizes=\"(max-width: 245px) 100vw, 245px\" \/><\/figure>\n\n\n\n<p>S\u00e4\u00e4d\u00e4 tulostukseen liittyv\u00e4t asetukset, kuten kopiot, kaksipuoleisuus ja lajittelut.&nbsp;&nbsp;Paina Tulosta-painiketta.&nbsp;&nbsp;<\/p>\n\n\n\n<h4 class=\"wp-block-heading\">Monitoimilaitteen luona:&nbsp;&nbsp;<\/h4>\n\n\n\n<p>Tunnistaudu laitteelle n\u00e4ytt\u00e4m\u00e4ll\u00e4 laitteen&nbsp;lukijaan FollowMe-tarraa (useimmilla se on ohut py\u00f6re\u00e4 tarra henkil\u00f6kortin takana). Tunnistautuminen tapahtuu&nbsp;k\u00e4ytt\u00e4m\u00e4ll\u00e4 henkil\u00f6korttia\/FollowMe-tarraa laitteessa olevan lukijan&nbsp;p\u00e4\u00e4ll\u00e4. <\/p>\n\n\n\n<p>Monitoimilaitteen avautuessa pikakuvakkeina on:&nbsp;<\/p>\n\n\n\n<ul class=\"wp-block-list\"><li>Kopio&nbsp;<\/li><li>L\u00e4hetys s\u00e4hk\u00f6postina (Skannaa ja l\u00e4het\u00e4)&nbsp;<\/li><li>Tulostaminen (Secure&nbsp;Print)&nbsp;<\/li><\/ul>\n\n\n\n<ul class=\"wp-block-gallery columns-2 is-cropped wp-block-gallery-1 is-layout-flex wp-block-gallery-is-layout-flex\"><li class=\"blocks-gallery-item\"><figure><img decoding=\"async\" width=\"1024\" height=\"761\" src=\"https:\/\/blogit.gradia.fi\/digipalvelut\/wp-content\/uploads\/sites\/99\/2019\/09\/image-1-1024x761.png\" alt=\"Monitoimilaitteelle kirjaudutaan kulkuavaimella tai kirjoittamalla k\u00e4ytt\u00e4j\u00e4tunnus ja salasana. \" data-id=\"1143\" class=\"wp-image-1143\" srcset=\"https:\/\/blogit.gradia.fi\/digipalvelut\/wp-content\/uploads\/sites\/99\/2019\/09\/image-1-1024x761.png 1024w, https:\/\/blogit.gradia.fi\/digipalvelut\/wp-content\/uploads\/sites\/99\/2019\/09\/image-1-300x223.png 300w, https:\/\/blogit.gradia.fi\/digipalvelut\/wp-content\/uploads\/sites\/99\/2019\/09\/image-1-768x571.png 768w, https:\/\/blogit.gradia.fi\/digipalvelut\/wp-content\/uploads\/sites\/99\/2019\/09\/image-1-620x461.png 620w\" sizes=\"(max-width: 1024px) 100vw, 1024px\" \/><\/figure><\/li><li class=\"blocks-gallery-item\"><figure><img decoding=\"async\" width=\"1024\" height=\"532\" src=\"https:\/\/blogit.gradia.fi\/digipalvelut\/wp-content\/uploads\/sites\/99\/2019\/09\/image-2-1024x532.png\" alt=\"Monitoimilaitteen p\u00e4\u00e4valikot: kopio, skannaa ja l\u00e4het\u00e4 sek\u00e4 Secure Print. \" data-id=\"1147\" class=\"wp-image-1147\" srcset=\"https:\/\/blogit.gradia.fi\/digipalvelut\/wp-content\/uploads\/sites\/99\/2019\/09\/image-2-1024x532.png 1024w, https:\/\/blogit.gradia.fi\/digipalvelut\/wp-content\/uploads\/sites\/99\/2019\/09\/image-2-300x156.png 300w, https:\/\/blogit.gradia.fi\/digipalvelut\/wp-content\/uploads\/sites\/99\/2019\/09\/image-2-768x399.png 768w, https:\/\/blogit.gradia.fi\/digipalvelut\/wp-content\/uploads\/sites\/99\/2019\/09\/image-2-620x322.png 620w\" sizes=\"(max-width: 1024px) 100vw, 1024px\" \/><\/figure><\/li><\/ul>\n\n\n\n<p>Kortin\/tarran rekister\u00f6inti (vain 1. kerralla):&nbsp;<\/p>\n\n\n\n<ul class=\"wp-block-list\"><li>N\u00e4yt\u00e4 kulkukorttia lukijaan&nbsp;<\/li><li>N\u00e4pp\u00e4imist\u00f6 avautuu n\u00e4yt\u00f6lle n\u00e4p\u00e4ytt\u00e4m\u00e4ll\u00e4 valkeaa laatikkoa&nbsp;<\/li><li>Kirjoita oma k\u00e4ytt\u00e4j\u00e4tunnus ja salasana&nbsp;<\/li><li>Kirjaudu palveluun sis\u00e4\u00e4n \u2013painikkeesta&nbsp;<\/li><li> Yrit\u00e4 kirjautumista&nbsp;max kolme kertaa&nbsp;<\/li><li>Mik\u00e4li ongelmia avaimen rekister\u00f6innin kanssa, ota yhteytt\u00e4 Digipalveluihin (digipalvelut@gradia.fi, p. 040 341 5123)&nbsp;<\/li><\/ul>\n\n\n\n<p>Kirjaudu laitteelle. Valitse p\u00e4\u00e4valikosta SecurePrint. N\u00e4et tulostusikkunasta oman FollowMe-tulostusjonosi. Valitse haluamasi tiedosto ja paina Tulosta-painiketta. <\/p>\n\n\n\n<figure class=\"wp-block-image is-resized\"><img loading=\"lazy\" decoding=\"async\" src=\"https:\/\/blogit.gradia.fi\/digipalvelut\/wp-content\/uploads\/sites\/99\/2019\/09\/IMG_20190923_104404-1024x667.jpg\" alt=\"Valitse tulostus laitteen tulostusjonosta-kuva laitteen k\u00e4ytt\u00f6liittym\u00e4st\u00e4. \" class=\"wp-image-1182\" width=\"512\" height=\"334\" srcset=\"https:\/\/blogit.gradia.fi\/digipalvelut\/wp-content\/uploads\/sites\/99\/2019\/09\/IMG_20190923_104404-1024x667.jpg 1024w, https:\/\/blogit.gradia.fi\/digipalvelut\/wp-content\/uploads\/sites\/99\/2019\/09\/IMG_20190923_104404-300x195.jpg 300w, https:\/\/blogit.gradia.fi\/digipalvelut\/wp-content\/uploads\/sites\/99\/2019\/09\/IMG_20190923_104404-768x500.jpg 768w, https:\/\/blogit.gradia.fi\/digipalvelut\/wp-content\/uploads\/sites\/99\/2019\/09\/IMG_20190923_104404-620x404.jpg 620w\" sizes=\"(max-width: 512px) 100vw, 512px\" \/><\/figure>\n\n\n\n<h3 class=\"wp-block-heading\">Tulostaminen suoraan s\u00e4hk\u00f6postista<\/h3>\n\n\n\n<p>L\u00e4het\u00e4 tiedosto (Word, PowerPoint, Excel, pdf, \u2026) omasta @gradia.fi -s\u00e4hk\u00f6postiosoitteestasi osoitteeseen <strong>tulosta@gradia.fi<\/strong>. S\u00e4hk\u00f6postiviestin otsikolla tai sis\u00e4ll\u00f6ll\u00e4 ei ole v\u00e4li\u00e4, ainoastaan liitetiedosto tulostuu.  <\/p>\n\n\n\n<figure class=\"wp-block-image\"><img loading=\"lazy\" decoding=\"async\" width=\"758\" height=\"362\" src=\"https:\/\/blogit.gradia.fi\/digipalvelut\/wp-content\/uploads\/sites\/99\/2019\/09\/image-3.png\" alt=\"\" class=\"wp-image-1178\" srcset=\"https:\/\/blogit.gradia.fi\/digipalvelut\/wp-content\/uploads\/sites\/99\/2019\/09\/image-3.png 758w, https:\/\/blogit.gradia.fi\/digipalvelut\/wp-content\/uploads\/sites\/99\/2019\/09\/image-3-300x143.png 300w, https:\/\/blogit.gradia.fi\/digipalvelut\/wp-content\/uploads\/sites\/99\/2019\/09\/image-3-620x296.png 620w\" sizes=\"(max-width: 758px) 100vw, 758px\" \/><\/figure>\n\n\n\n<p>K\u00e4y vapauttamassa tulostus monitoimilaitteelta kuten mik\u00e4 tahansa muukin tuloste. \ud83d\ude42 <\/p>\n","protected":false},"excerpt":{"rendered":"<p>Tietoturvallisin tapa tulostaa on k\u00e4ytt\u00e4\u00e4&nbsp;FollowMe-tulostusta.&nbsp;FollowMe:ll\u00e4&nbsp;tulosteesi menee k\u00e4yt\u00e4nn\u00f6ss\u00e4 s\u00e4hk\u00f6iseen tulostusjonoon ja k\u00e4yt vapauttamasta tulosteen jonosta haluamallasi Gradian monitoimilaitteella. Tulosteet s\u00e4ilyv\u00e4t s\u00e4hk\u00f6isess\u00e4 tulostusjonossa 24 h.&nbsp; Voit siis laittaa tulostuksen jonoon ty\u00f6pisteelt\u00e4si ja k\u00e4yd\u00e4 vapauttamassa tulosteet vaikka kokonaan toisella kampuksella olevalta Gradian monitoimilaitteelta.&nbsp; Tulostaminen Tiedoston tulostaminen&nbsp;FollowMe-jonoon Tietokoneella: Avaa asiakirja. Valitse Tiedosto &gt; Tulosta. [&hellip;]<\/p>\n","protected":false},"author":421,"featured_media":0,"parent":189,"menu_order":0,"comment_status":"closed","ping_status":"closed","template":"","meta":{"_uag_custom_page_level_css":"","footnotes":""},"class_list":["post-1138","page","type-page","status-publish","hentry"],"yoast_head":"<!-- This site is optimized with the Yoast SEO plugin v27.4 - https:\/\/yoast.com\/product\/yoast-seo-wordpress\/ -->\n<title>FollowMe-tulostus (henkil\u00f6kunta) - Gradia Digipalvelut<\/title>\n<meta name=\"robots\" content=\"index, follow, max-snippet:-1, max-image-preview:large, max-video-preview:-1\" \/>\n<link rel=\"canonical\" href=\"https:\/\/blogit.gradia.fi\/digipalvelut\/ohjeita-ja-vinkkeja\/laitteet\/followme-tulostus\/\" \/>\n<meta property=\"og:locale\" content=\"fi_FI\" \/>\n<meta property=\"og:type\" content=\"article\" \/>\n<meta property=\"og:title\" content=\"FollowMe-tulostus (henkil\u00f6kunta) - Gradia Digipalvelut\" \/>\n<meta property=\"og:description\" content=\"Tietoturvallisin tapa tulostaa on k\u00e4ytt\u00e4\u00e4&nbsp;FollowMe-tulostusta.&nbsp;FollowMe:ll\u00e4&nbsp;tulosteesi menee k\u00e4yt\u00e4nn\u00f6ss\u00e4 s\u00e4hk\u00f6iseen tulostusjonoon ja k\u00e4yt vapauttamasta tulosteen jonosta haluamallasi Gradian monitoimilaitteella. Tulosteet s\u00e4ilyv\u00e4t s\u00e4hk\u00f6isess\u00e4 tulostusjonossa 24 h.&nbsp; Voit siis laittaa tulostuksen jonoon ty\u00f6pisteelt\u00e4si ja k\u00e4yd\u00e4 vapauttamassa tulosteet vaikka kokonaan toisella kampuksella olevalta Gradian monitoimilaitteelta.&nbsp; Tulostaminen Tiedoston tulostaminen&nbsp;FollowMe-jonoon Tietokoneella: Avaa asiakirja. Valitse Tiedosto &gt; Tulosta. [&hellip;]\" \/>\n<meta property=\"og:url\" content=\"https:\/\/blogit.gradia.fi\/digipalvelut\/ohjeita-ja-vinkkeja\/laitteet\/followme-tulostus\/\" \/>\n<meta property=\"og:site_name\" content=\"Gradia Digipalvelut\" \/>\n<meta property=\"article:modified_time\" content=\"2019-09-27T06:40:04+00:00\" \/>\n<meta property=\"og:image\" content=\"https:\/\/blogit.gradia.fi\/digipalvelut\/wp-content\/uploads\/sites\/99\/2019\/09\/image.png\" \/>\n<meta name=\"twitter:card\" content=\"summary_large_image\" \/>\n<meta name=\"twitter:label1\" content=\"Arvioitu lukuaika\" \/>\n\t<meta name=\"twitter:data1\" content=\"1 minuutti\" \/>\n<script type=\"application\/ld+json\" class=\"yoast-schema-graph\">{\"@context\":\"https:\\\/\\\/schema.org\",\"@graph\":[{\"@type\":\"WebPage\",\"@id\":\"https:\\\/\\\/blogit.gradia.fi\\\/digipalvelut\\\/ohjeita-ja-vinkkeja\\\/laitteet\\\/followme-tulostus\\\/\",\"url\":\"https:\\\/\\\/blogit.gradia.fi\\\/digipalvelut\\\/ohjeita-ja-vinkkeja\\\/laitteet\\\/followme-tulostus\\\/\",\"name\":\"FollowMe-tulostus (henkil\u00f6kunta) - Gradia Digipalvelut\",\"isPartOf\":{\"@id\":\"https:\\\/\\\/blogit.gradia.fi\\\/digipalvelut\\\/#website\"},\"primaryImageOfPage\":{\"@id\":\"https:\\\/\\\/blogit.gradia.fi\\\/digipalvelut\\\/ohjeita-ja-vinkkeja\\\/laitteet\\\/followme-tulostus\\\/#primaryimage\"},\"image\":{\"@id\":\"https:\\\/\\\/blogit.gradia.fi\\\/digipalvelut\\\/ohjeita-ja-vinkkeja\\\/laitteet\\\/followme-tulostus\\\/#primaryimage\"},\"thumbnailUrl\":\"https:\\\/\\\/blogit.gradia.fi\\\/digipalvelut\\\/wp-content\\\/uploads\\\/sites\\\/99\\\/2019\\\/09\\\/image.png\",\"datePublished\":\"2019-09-23T08:43:56+00:00\",\"dateModified\":\"2019-09-27T06:40:04+00:00\",\"breadcrumb\":{\"@id\":\"https:\\\/\\\/blogit.gradia.fi\\\/digipalvelut\\\/ohjeita-ja-vinkkeja\\\/laitteet\\\/followme-tulostus\\\/#breadcrumb\"},\"inLanguage\":\"fi\",\"potentialAction\":[{\"@type\":\"ReadAction\",\"target\":[\"https:\\\/\\\/blogit.gradia.fi\\\/digipalvelut\\\/ohjeita-ja-vinkkeja\\\/laitteet\\\/followme-tulostus\\\/\"]}]},{\"@type\":\"ImageObject\",\"inLanguage\":\"fi\",\"@id\":\"https:\\\/\\\/blogit.gradia.fi\\\/digipalvelut\\\/ohjeita-ja-vinkkeja\\\/laitteet\\\/followme-tulostus\\\/#primaryimage\",\"url\":\"https:\\\/\\\/blogit.gradia.fi\\\/digipalvelut\\\/wp-content\\\/uploads\\\/sites\\\/99\\\/2019\\\/09\\\/image.png\",\"contentUrl\":\"https:\\\/\\\/blogit.gradia.fi\\\/digipalvelut\\\/wp-content\\\/uploads\\\/sites\\\/99\\\/2019\\\/09\\\/image.png\",\"width\":489,\"height\":550},{\"@type\":\"BreadcrumbList\",\"@id\":\"https:\\\/\\\/blogit.gradia.fi\\\/digipalvelut\\\/ohjeita-ja-vinkkeja\\\/laitteet\\\/followme-tulostus\\\/#breadcrumb\",\"itemListElement\":[{\"@type\":\"ListItem\",\"position\":1,\"name\":\"Ohjeita ja vinkkej\u00e4\",\"item\":\"https:\\\/\\\/blogit.gradia.fi\\\/digipalvelut\\\/ohjeita-ja-vinkkeja\\\/\"},{\"@type\":\"ListItem\",\"position\":2,\"name\":\"Laitteet\",\"item\":\"https:\\\/\\\/blogit.gradia.fi\\\/digipalvelut\\\/ohjeita-ja-vinkkeja\\\/laitteet\\\/\"},{\"@type\":\"ListItem\",\"position\":3,\"name\":\"FollowMe-tulostus (henkil\u00f6kunta)\"}]},{\"@type\":\"WebSite\",\"@id\":\"https:\\\/\\\/blogit.gradia.fi\\\/digipalvelut\\\/#website\",\"url\":\"https:\\\/\\\/blogit.gradia.fi\\\/digipalvelut\\\/\",\"name\":\"Gradia Digipalvelut\",\"description\":\"Astetta enemm\u00e4n digi\u00e4\",\"publisher\":{\"@id\":\"https:\\\/\\\/blogit.gradia.fi\\\/digipalvelut\\\/#organization\"},\"potentialAction\":[{\"@type\":\"SearchAction\",\"target\":{\"@type\":\"EntryPoint\",\"urlTemplate\":\"https:\\\/\\\/blogit.gradia.fi\\\/digipalvelut\\\/?s={search_term_string}\"},\"query-input\":{\"@type\":\"PropertyValueSpecification\",\"valueRequired\":true,\"valueName\":\"search_term_string\"}}],\"inLanguage\":\"fi\"},{\"@type\":\"Organization\",\"@id\":\"https:\\\/\\\/blogit.gradia.fi\\\/digipalvelut\\\/#organization\",\"name\":\"Gradia Digipalvelut\",\"url\":\"https:\\\/\\\/blogit.gradia.fi\\\/digipalvelut\\\/\",\"logo\":{\"@type\":\"ImageObject\",\"inLanguage\":\"fi\",\"@id\":\"https:\\\/\\\/blogit.gradia.fi\\\/digipalvelut\\\/#\\\/schema\\\/logo\\\/image\\\/\",\"url\":\"https:\\\/\\\/blogit.gradia.fi\\\/digipalvelut\\\/wp-content\\\/uploads\\\/sites\\\/99\\\/2019\\\/06\\\/cropped-Gradia_logo_Cyber_TRANSPARENT.png\",\"contentUrl\":\"https:\\\/\\\/blogit.gradia.fi\\\/digipalvelut\\\/wp-content\\\/uploads\\\/sites\\\/99\\\/2019\\\/06\\\/cropped-Gradia_logo_Cyber_TRANSPARENT.png\",\"width\":316,\"height\":382,\"caption\":\"Gradia Digipalvelut\"},\"image\":{\"@id\":\"https:\\\/\\\/blogit.gradia.fi\\\/digipalvelut\\\/#\\\/schema\\\/logo\\\/image\\\/\"}}]}<\/script>\n<!-- \/ Yoast SEO plugin. -->","yoast_head_json":{"title":"FollowMe-tulostus (henkil\u00f6kunta) - Gradia Digipalvelut","robots":{"index":"index","follow":"follow","max-snippet":"max-snippet:-1","max-image-preview":"max-image-preview:large","max-video-preview":"max-video-preview:-1"},"canonical":"https:\/\/blogit.gradia.fi\/digipalvelut\/ohjeita-ja-vinkkeja\/laitteet\/followme-tulostus\/","og_locale":"fi_FI","og_type":"article","og_title":"FollowMe-tulostus (henkil\u00f6kunta) - Gradia Digipalvelut","og_description":"Tietoturvallisin tapa tulostaa on k\u00e4ytt\u00e4\u00e4&nbsp;FollowMe-tulostusta.&nbsp;FollowMe:ll\u00e4&nbsp;tulosteesi menee k\u00e4yt\u00e4nn\u00f6ss\u00e4 s\u00e4hk\u00f6iseen tulostusjonoon ja k\u00e4yt vapauttamasta tulosteen jonosta haluamallasi Gradian monitoimilaitteella. Tulosteet s\u00e4ilyv\u00e4t s\u00e4hk\u00f6isess\u00e4 tulostusjonossa 24 h.&nbsp; Voit siis laittaa tulostuksen jonoon ty\u00f6pisteelt\u00e4si ja k\u00e4yd\u00e4 vapauttamassa tulosteet vaikka kokonaan toisella kampuksella olevalta Gradian monitoimilaitteelta.&nbsp; Tulostaminen Tiedoston tulostaminen&nbsp;FollowMe-jonoon Tietokoneella: Avaa asiakirja. Valitse Tiedosto &gt; Tulosta. [&hellip;]","og_url":"https:\/\/blogit.gradia.fi\/digipalvelut\/ohjeita-ja-vinkkeja\/laitteet\/followme-tulostus\/","og_site_name":"Gradia Digipalvelut","article_modified_time":"2019-09-27T06:40:04+00:00","og_image":[{"url":"https:\/\/blogit.gradia.fi\/digipalvelut\/wp-content\/uploads\/sites\/99\/2019\/09\/image.png","type":"","width":"","height":""}],"twitter_card":"summary_large_image","twitter_misc":{"Arvioitu lukuaika":"1 minuutti"},"schema":{"@context":"https:\/\/schema.org","@graph":[{"@type":"WebPage","@id":"https:\/\/blogit.gradia.fi\/digipalvelut\/ohjeita-ja-vinkkeja\/laitteet\/followme-tulostus\/","url":"https:\/\/blogit.gradia.fi\/digipalvelut\/ohjeita-ja-vinkkeja\/laitteet\/followme-tulostus\/","name":"FollowMe-tulostus (henkil\u00f6kunta) - Gradia Digipalvelut","isPartOf":{"@id":"https:\/\/blogit.gradia.fi\/digipalvelut\/#website"},"primaryImageOfPage":{"@id":"https:\/\/blogit.gradia.fi\/digipalvelut\/ohjeita-ja-vinkkeja\/laitteet\/followme-tulostus\/#primaryimage"},"image":{"@id":"https:\/\/blogit.gradia.fi\/digipalvelut\/ohjeita-ja-vinkkeja\/laitteet\/followme-tulostus\/#primaryimage"},"thumbnailUrl":"https:\/\/blogit.gradia.fi\/digipalvelut\/wp-content\/uploads\/sites\/99\/2019\/09\/image.png","datePublished":"2019-09-23T08:43:56+00:00","dateModified":"2019-09-27T06:40:04+00:00","breadcrumb":{"@id":"https:\/\/blogit.gradia.fi\/digipalvelut\/ohjeita-ja-vinkkeja\/laitteet\/followme-tulostus\/#breadcrumb"},"inLanguage":"fi","potentialAction":[{"@type":"ReadAction","target":["https:\/\/blogit.gradia.fi\/digipalvelut\/ohjeita-ja-vinkkeja\/laitteet\/followme-tulostus\/"]}]},{"@type":"ImageObject","inLanguage":"fi","@id":"https:\/\/blogit.gradia.fi\/digipalvelut\/ohjeita-ja-vinkkeja\/laitteet\/followme-tulostus\/#primaryimage","url":"https:\/\/blogit.gradia.fi\/digipalvelut\/wp-content\/uploads\/sites\/99\/2019\/09\/image.png","contentUrl":"https:\/\/blogit.gradia.fi\/digipalvelut\/wp-content\/uploads\/sites\/99\/2019\/09\/image.png","width":489,"height":550},{"@type":"BreadcrumbList","@id":"https:\/\/blogit.gradia.fi\/digipalvelut\/ohjeita-ja-vinkkeja\/laitteet\/followme-tulostus\/#breadcrumb","itemListElement":[{"@type":"ListItem","position":1,"name":"Ohjeita ja vinkkej\u00e4","item":"https:\/\/blogit.gradia.fi\/digipalvelut\/ohjeita-ja-vinkkeja\/"},{"@type":"ListItem","position":2,"name":"Laitteet","item":"https:\/\/blogit.gradia.fi\/digipalvelut\/ohjeita-ja-vinkkeja\/laitteet\/"},{"@type":"ListItem","position":3,"name":"FollowMe-tulostus (henkil\u00f6kunta)"}]},{"@type":"WebSite","@id":"https:\/\/blogit.gradia.fi\/digipalvelut\/#website","url":"https:\/\/blogit.gradia.fi\/digipalvelut\/","name":"Gradia Digipalvelut","description":"Astetta enemm\u00e4n digi\u00e4","publisher":{"@id":"https:\/\/blogit.gradia.fi\/digipalvelut\/#organization"},"potentialAction":[{"@type":"SearchAction","target":{"@type":"EntryPoint","urlTemplate":"https:\/\/blogit.gradia.fi\/digipalvelut\/?s={search_term_string}"},"query-input":{"@type":"PropertyValueSpecification","valueRequired":true,"valueName":"search_term_string"}}],"inLanguage":"fi"},{"@type":"Organization","@id":"https:\/\/blogit.gradia.fi\/digipalvelut\/#organization","name":"Gradia Digipalvelut","url":"https:\/\/blogit.gradia.fi\/digipalvelut\/","logo":{"@type":"ImageObject","inLanguage":"fi","@id":"https:\/\/blogit.gradia.fi\/digipalvelut\/#\/schema\/logo\/image\/","url":"https:\/\/blogit.gradia.fi\/digipalvelut\/wp-content\/uploads\/sites\/99\/2019\/06\/cropped-Gradia_logo_Cyber_TRANSPARENT.png","contentUrl":"https:\/\/blogit.gradia.fi\/digipalvelut\/wp-content\/uploads\/sites\/99\/2019\/06\/cropped-Gradia_logo_Cyber_TRANSPARENT.png","width":316,"height":382,"caption":"Gradia Digipalvelut"},"image":{"@id":"https:\/\/blogit.gradia.fi\/digipalvelut\/#\/schema\/logo\/image\/"}}]}},"uagb_featured_image_src":{"full":false,"thumbnail":false,"medium":false,"medium_large":false,"large":false,"1536x1536":false,"2048x2048":false,"hestia-blog":false},"uagb_author_info":{"display_name":"Merja Hakanen","author_link":"https:\/\/blogit.gradia.fi\/digipalvelut\/author\/hakanmer\/"},"uagb_comment_info":0,"uagb_excerpt":"Tietoturvallisin tapa tulostaa on k\u00e4ytt\u00e4\u00e4&nbsp;FollowMe-tulostusta.&nbsp;FollowMe:ll\u00e4&nbsp;tulosteesi menee k\u00e4yt\u00e4nn\u00f6ss\u00e4 s\u00e4hk\u00f6iseen tulostusjonoon ja k\u00e4yt vapauttamasta tulosteen jonosta haluamallasi Gradian monitoimilaitteella. Tulosteet s\u00e4ilyv\u00e4t s\u00e4hk\u00f6isess\u00e4 tulostusjonossa 24 h.&nbsp; Voit siis laittaa tulostuksen jonoon ty\u00f6pisteelt\u00e4si ja k\u00e4yd\u00e4 vapauttamassa tulosteet vaikka kokonaan toisella kampuksella olevalta Gradian monitoimilaitteelta.&nbsp; Tulostaminen Tiedoston tulostaminen&nbsp;FollowMe-jonoon Tietokoneella: Avaa asiakirja. Valitse Tiedosto &gt; Tulosta. [&hellip;]","_links":{"self":[{"href":"https:\/\/blogit.gradia.fi\/digipalvelut\/wp-json\/wp\/v2\/pages\/1138","targetHints":{"allow":["GET"]}}],"collection":[{"href":"https:\/\/blogit.gradia.fi\/digipalvelut\/wp-json\/wp\/v2\/pages"}],"about":[{"href":"https:\/\/blogit.gradia.fi\/digipalvelut\/wp-json\/wp\/v2\/types\/page"}],"author":[{"embeddable":true,"href":"https:\/\/blogit.gradia.fi\/digipalvelut\/wp-json\/wp\/v2\/users\/421"}],"replies":[{"embeddable":true,"href":"https:\/\/blogit.gradia.fi\/digipalvelut\/wp-json\/wp\/v2\/comments?post=1138"}],"version-history":[{"count":7,"href":"https:\/\/blogit.gradia.fi\/digipalvelut\/wp-json\/wp\/v2\/pages\/1138\/revisions"}],"predecessor-version":[{"id":1185,"href":"https:\/\/blogit.gradia.fi\/digipalvelut\/wp-json\/wp\/v2\/pages\/1138\/revisions\/1185"}],"up":[{"embeddable":true,"href":"https:\/\/blogit.gradia.fi\/digipalvelut\/wp-json\/wp\/v2\/pages\/189"}],"wp:attachment":[{"href":"https:\/\/blogit.gradia.fi\/digipalvelut\/wp-json\/wp\/v2\/media?parent=1138"}],"curies":[{"name":"wp","href":"https:\/\/api.w.org\/{rel}","templated":true}]}}