{"id":1062,"date":"2019-08-29T15:40:09","date_gmt":"2019-08-29T12:40:09","guid":{"rendered":"https:\/\/blogit.gradia.fi\/digipalvelut\/?page_id=1062"},"modified":"2024-08-06T12:59:54","modified_gmt":"2024-08-06T09:59:54","slug":"kaksivaiheisen-tunnistautumisen-mfa-kayttoonotto","status":"publish","type":"page","link":"https:\/\/blogit.gradia.fi\/digipalvelut\/ohjeita-ja-vinkkeja\/laitteet\/kaksivaiheisen-tunnistautumisen-mfa-kayttoonotto\/","title":{"rendered":"Kaksivaiheisen tunnistautumisen (MFA) k\u00e4ytt\u00f6\u00f6notto"},"content":{"rendered":"\n<p>Tietoturvan varmistamiseksi Gradian O365-palveluihin kirjauduttaessa vaaditaan kaikilta kaksivaiheisen tunnistautumisen (MFA, multi-factor authentication) k\u00e4ytt\u00f6\u00e4. K\u00e4yt\u00e4nn\u00f6ss\u00e4 kyse on siit\u00e4, ett\u00e4 k\u00e4ytt\u00e4j\u00e4 tunnistetaan k\u00e4ytt\u00e4j\u00e4tunnus\/salasana -parin lis\u00e4ksi my\u00f6s matkapuhelimella joko tekstiviestitse tai Microsoftin Authenticator-sovelluksen kautta (suositeltava tapa). <\/p>\n\n\n\n<p>Kirjautumalla osoitteeseen <a href=\"https:\/\/aka.ms\/mfasetup\">aka.ms\/mfasetup<\/a> p\u00e4\u00e4set joko ottamaan kaksivaiheisen tunnistautumisen k\u00e4ytt\u00f6\u00f6n, tai k\u00e4ytt\u00f6\u00f6noton j\u00e4lkeen muuttamaan tunnistautumisen asetuksia. <\/p>\n\n\n\n<p>K\u00e4ytt\u00f6\u00f6noton yhteydess\u00e4 k\u00e4ytt\u00e4j\u00e4lt\u00e4 kysyt\u00e4\u00e4n <strong>Gradian verkkotunnuksen<\/strong> (k\u00e4ytt\u00e4j\u00e4tunnus@gradia.fi) lis\u00e4ksi <strong>matkapuhelinnumero<\/strong>, josta kirjautuminen voidaan tarvittaessa varmistaa. Authenticator-sovelluksen k\u00e4ytt\u00e4minen tunnistamisen varmistukseen vaatii alkuvaiheessa muutaman lis\u00e4m\u00e4\u00e4rityksen m\u00e4\u00e4rityksen tekemist\u00e4 (tietokone tekee ne kyll\u00e4 melkein automaattisesti), ja on arjessa huomattavasti n\u00e4pp\u00e4r\u00e4mpi vaihtoehto kuin tekstiviestivahvistukset. Suosittelemme t\u00e4t\u00e4 vaihtoehtoa l\u00e4mpim\u00e4sti! Authenticator-sovelluksen voit asentaa omaan puhelimeesi &#8211; ja tarvittaessa pariinkin laitteeseen. Authenticator kannattaa asentaa siihen laitteeseen, mik\u00e4 sinulla on yleens\u00e4 matkassa mukana, niin p\u00e4\u00e4set helposti vahvistamaan kirjautumisen O365-palveluihin miss\u00e4 ikin\u00e4 oletkin. <\/p>\n\n\n\n<p>Huomioithan, ett\u00e4 s\u00e4hk\u00f6postin ja kalenterin lukemiseen k\u00e4ytt\u00e4miesi sovellusten on tuettava kaksivaiheista autentikointia. Kaikissa mobiilisovelluksissa Gradian s\u00e4hk\u00f6postit ja kalenteri eiv\u00e4t siksi jatkossa en\u00e4\u00e4 toimi, mutta esimerkiksi Outlook-sovellus toimii jatkossakin. Selaimen kautta p\u00e4\u00e4set kuitenkin Gradian s\u00e4hk\u00f6postiin ja kalenteriin kiinni milt\u00e4 vain internetiin kytketylt\u00e4 laitteelta kirjautumalla osoitteeseen <a href=\"https:\/\/office.gradia.fi\">https:\/\/office.gradia.fi<\/a>. <\/p>\n\n\n\n<p>Turvallista surffailua!<\/p>\n\n\n\n<div data-wp-interactive=\"core\/file\" class=\"wp-block-file\"><object data-wp-bind--hidden=\"!state.hasPdfPreview\" hidden class=\"wp-block-file__embed\" data=\"https:\/\/blogit.gradia.fi\/digipalvelut\/wp-content\/uploads\/sites\/99\/2024\/08\/Authenticator_sovelluksen_kayttoonotto_2024.pdf\" type=\"application\/pdf\" style=\"width:100%;height:600px\" aria-label=\"Tiedoston Authenticator_sovelluksen_k\u00e4ytt\u00f6\u00f6notto_2024 upotus.\"><\/object><a id=\"wp-block-file--media-a95068d5-7727-489a-9785-bdd4b3ae1d5e\" href=\"https:\/\/blogit.gradia.fi\/digipalvelut\/wp-content\/uploads\/sites\/99\/2024\/08\/Authenticator_sovelluksen_kayttoonotto_2024.pdf\">Authenticator_sovelluksen_k\u00e4ytt\u00f6\u00f6notto_2024<\/a><a href=\"https:\/\/blogit.gradia.fi\/digipalvelut\/wp-content\/uploads\/sites\/99\/2024\/08\/Authenticator_sovelluksen_kayttoonotto_2024.pdf\" class=\"wp-block-file__button wp-element-button\" download aria-describedby=\"wp-block-file--media-a95068d5-7727-489a-9785-bdd4b3ae1d5e\">Lataa<\/a><\/div>\n\n\n\n<div class=\"wp-block-file\"><a id=\"wp-block-file--media-00b18ab5-76c1-4593-a31a-03d995e2398c\" href=\"https:\/\/blogit.gradia.fi\/digipalvelut\/wp-content\/uploads\/sites\/99\/2020\/03\/Kaksivaiheinen_tunnistautuminen_ohje_tekstiviesti.pdf\">Kaksivaiheinen_tunnistautuminen_ohje_tekstiviesti<\/a><a href=\"https:\/\/blogit.gradia.fi\/digipalvelut\/wp-content\/uploads\/sites\/99\/2020\/03\/Kaksivaiheinen_tunnistautuminen_ohje_tekstiviesti.pdf\" class=\"wp-block-file__button wp-element-button\" download aria-describedby=\"wp-block-file--media-00b18ab5-76c1-4593-a31a-03d995e2398c\">Lataa<\/a><\/div>\n","protected":false},"excerpt":{"rendered":"<p>Tietoturvan varmistamiseksi Gradian O365-palveluihin kirjauduttaessa vaaditaan kaikilta kaksivaiheisen tunnistautumisen (MFA, multi-factor authentication) k\u00e4ytt\u00f6\u00e4. K\u00e4yt\u00e4nn\u00f6ss\u00e4 kyse on siit\u00e4, ett\u00e4 k\u00e4ytt\u00e4j\u00e4 tunnistetaan k\u00e4ytt\u00e4j\u00e4tunnus\/salasana -parin lis\u00e4ksi my\u00f6s matkapuhelimella joko tekstiviestitse tai Microsoftin Authenticator-sovelluksen kautta (suositeltava tapa). Kirjautumalla osoitteeseen aka.ms\/mfasetup p\u00e4\u00e4set joko ottamaan kaksivaiheisen tunnistautumisen k\u00e4ytt\u00f6\u00f6n, tai k\u00e4ytt\u00f6\u00f6noton j\u00e4lkeen muuttamaan tunnistautumisen asetuksia. K\u00e4ytt\u00f6\u00f6noton yhteydess\u00e4 [&hellip;]<\/p>\n","protected":false},"author":132,"featured_media":0,"parent":189,"menu_order":0,"comment_status":"closed","ping_status":"closed","template":"","meta":{"_uag_custom_page_level_css":"","footnotes":""},"class_list":["post-1062","page","type-page","status-publish","hentry"],"yoast_head":"<!-- This site is optimized with the Yoast SEO plugin v27.4 - https:\/\/yoast.com\/product\/yoast-seo-wordpress\/ -->\n<title>Kaksivaiheisen tunnistautumisen (MFA) k\u00e4ytt\u00f6\u00f6notto - Gradia Digipalvelut<\/title>\n<meta name=\"robots\" content=\"index, follow, max-snippet:-1, max-image-preview:large, max-video-preview:-1\" \/>\n<link rel=\"canonical\" href=\"https:\/\/blogit.gradia.fi\/digipalvelut\/ohjeita-ja-vinkkeja\/laitteet\/kaksivaiheisen-tunnistautumisen-mfa-kayttoonotto\/\" \/>\n<meta property=\"og:locale\" content=\"fi_FI\" \/>\n<meta property=\"og:type\" content=\"article\" \/>\n<meta property=\"og:title\" content=\"Kaksivaiheisen tunnistautumisen (MFA) k\u00e4ytt\u00f6\u00f6notto - Gradia Digipalvelut\" \/>\n<meta property=\"og:description\" content=\"Tietoturvan varmistamiseksi Gradian O365-palveluihin kirjauduttaessa vaaditaan kaikilta kaksivaiheisen tunnistautumisen (MFA, multi-factor authentication) k\u00e4ytt\u00f6\u00e4. K\u00e4yt\u00e4nn\u00f6ss\u00e4 kyse on siit\u00e4, ett\u00e4 k\u00e4ytt\u00e4j\u00e4 tunnistetaan k\u00e4ytt\u00e4j\u00e4tunnus\/salasana -parin lis\u00e4ksi my\u00f6s matkapuhelimella joko tekstiviestitse tai Microsoftin Authenticator-sovelluksen kautta (suositeltava tapa). Kirjautumalla osoitteeseen aka.ms\/mfasetup p\u00e4\u00e4set joko ottamaan kaksivaiheisen tunnistautumisen k\u00e4ytt\u00f6\u00f6n, tai k\u00e4ytt\u00f6\u00f6noton j\u00e4lkeen muuttamaan tunnistautumisen asetuksia. K\u00e4ytt\u00f6\u00f6noton yhteydess\u00e4 [&hellip;]\" \/>\n<meta property=\"og:url\" content=\"https:\/\/blogit.gradia.fi\/digipalvelut\/ohjeita-ja-vinkkeja\/laitteet\/kaksivaiheisen-tunnistautumisen-mfa-kayttoonotto\/\" \/>\n<meta property=\"og:site_name\" content=\"Gradia Digipalvelut\" \/>\n<meta property=\"article:modified_time\" content=\"2024-08-06T09:59:54+00:00\" \/>\n<meta name=\"twitter:card\" content=\"summary_large_image\" \/>\n<meta name=\"twitter:label1\" content=\"Arvioitu lukuaika\" \/>\n\t<meta name=\"twitter:data1\" content=\"2 minuuttia\" \/>\n<script type=\"application\/ld+json\" class=\"yoast-schema-graph\">{\"@context\":\"https:\\\/\\\/schema.org\",\"@graph\":[{\"@type\":\"WebPage\",\"@id\":\"https:\\\/\\\/blogit.gradia.fi\\\/digipalvelut\\\/ohjeita-ja-vinkkeja\\\/laitteet\\\/kaksivaiheisen-tunnistautumisen-mfa-kayttoonotto\\\/\",\"url\":\"https:\\\/\\\/blogit.gradia.fi\\\/digipalvelut\\\/ohjeita-ja-vinkkeja\\\/laitteet\\\/kaksivaiheisen-tunnistautumisen-mfa-kayttoonotto\\\/\",\"name\":\"Kaksivaiheisen tunnistautumisen (MFA) k\u00e4ytt\u00f6\u00f6notto - Gradia Digipalvelut\",\"isPartOf\":{\"@id\":\"https:\\\/\\\/blogit.gradia.fi\\\/digipalvelut\\\/#website\"},\"datePublished\":\"2019-08-29T12:40:09+00:00\",\"dateModified\":\"2024-08-06T09:59:54+00:00\",\"breadcrumb\":{\"@id\":\"https:\\\/\\\/blogit.gradia.fi\\\/digipalvelut\\\/ohjeita-ja-vinkkeja\\\/laitteet\\\/kaksivaiheisen-tunnistautumisen-mfa-kayttoonotto\\\/#breadcrumb\"},\"inLanguage\":\"fi\",\"potentialAction\":[{\"@type\":\"ReadAction\",\"target\":[\"https:\\\/\\\/blogit.gradia.fi\\\/digipalvelut\\\/ohjeita-ja-vinkkeja\\\/laitteet\\\/kaksivaiheisen-tunnistautumisen-mfa-kayttoonotto\\\/\"]}]},{\"@type\":\"BreadcrumbList\",\"@id\":\"https:\\\/\\\/blogit.gradia.fi\\\/digipalvelut\\\/ohjeita-ja-vinkkeja\\\/laitteet\\\/kaksivaiheisen-tunnistautumisen-mfa-kayttoonotto\\\/#breadcrumb\",\"itemListElement\":[{\"@type\":\"ListItem\",\"position\":1,\"name\":\"Ohjeita ja vinkkej\u00e4\",\"item\":\"https:\\\/\\\/blogit.gradia.fi\\\/digipalvelut\\\/ohjeita-ja-vinkkeja\\\/\"},{\"@type\":\"ListItem\",\"position\":2,\"name\":\"Laitteet\",\"item\":\"https:\\\/\\\/blogit.gradia.fi\\\/digipalvelut\\\/ohjeita-ja-vinkkeja\\\/laitteet\\\/\"},{\"@type\":\"ListItem\",\"position\":3,\"name\":\"Kaksivaiheisen tunnistautumisen (MFA) k\u00e4ytt\u00f6\u00f6notto\"}]},{\"@type\":\"WebSite\",\"@id\":\"https:\\\/\\\/blogit.gradia.fi\\\/digipalvelut\\\/#website\",\"url\":\"https:\\\/\\\/blogit.gradia.fi\\\/digipalvelut\\\/\",\"name\":\"Gradia Digipalvelut\",\"description\":\"Astetta enemm\u00e4n digi\u00e4\",\"publisher\":{\"@id\":\"https:\\\/\\\/blogit.gradia.fi\\\/digipalvelut\\\/#organization\"},\"potentialAction\":[{\"@type\":\"SearchAction\",\"target\":{\"@type\":\"EntryPoint\",\"urlTemplate\":\"https:\\\/\\\/blogit.gradia.fi\\\/digipalvelut\\\/?s={search_term_string}\"},\"query-input\":{\"@type\":\"PropertyValueSpecification\",\"valueRequired\":true,\"valueName\":\"search_term_string\"}}],\"inLanguage\":\"fi\"},{\"@type\":\"Organization\",\"@id\":\"https:\\\/\\\/blogit.gradia.fi\\\/digipalvelut\\\/#organization\",\"name\":\"Gradia Digipalvelut\",\"url\":\"https:\\\/\\\/blogit.gradia.fi\\\/digipalvelut\\\/\",\"logo\":{\"@type\":\"ImageObject\",\"inLanguage\":\"fi\",\"@id\":\"https:\\\/\\\/blogit.gradia.fi\\\/digipalvelut\\\/#\\\/schema\\\/logo\\\/image\\\/\",\"url\":\"https:\\\/\\\/blogit.gradia.fi\\\/digipalvelut\\\/wp-content\\\/uploads\\\/sites\\\/99\\\/2019\\\/06\\\/cropped-Gradia_logo_Cyber_TRANSPARENT.png\",\"contentUrl\":\"https:\\\/\\\/blogit.gradia.fi\\\/digipalvelut\\\/wp-content\\\/uploads\\\/sites\\\/99\\\/2019\\\/06\\\/cropped-Gradia_logo_Cyber_TRANSPARENT.png\",\"width\":316,\"height\":382,\"caption\":\"Gradia Digipalvelut\"},\"image\":{\"@id\":\"https:\\\/\\\/blogit.gradia.fi\\\/digipalvelut\\\/#\\\/schema\\\/logo\\\/image\\\/\"}}]}<\/script>\n<!-- \/ Yoast SEO plugin. -->","yoast_head_json":{"title":"Kaksivaiheisen tunnistautumisen (MFA) k\u00e4ytt\u00f6\u00f6notto - Gradia Digipalvelut","robots":{"index":"index","follow":"follow","max-snippet":"max-snippet:-1","max-image-preview":"max-image-preview:large","max-video-preview":"max-video-preview:-1"},"canonical":"https:\/\/blogit.gradia.fi\/digipalvelut\/ohjeita-ja-vinkkeja\/laitteet\/kaksivaiheisen-tunnistautumisen-mfa-kayttoonotto\/","og_locale":"fi_FI","og_type":"article","og_title":"Kaksivaiheisen tunnistautumisen (MFA) k\u00e4ytt\u00f6\u00f6notto - Gradia Digipalvelut","og_description":"Tietoturvan varmistamiseksi Gradian O365-palveluihin kirjauduttaessa vaaditaan kaikilta kaksivaiheisen tunnistautumisen (MFA, multi-factor authentication) k\u00e4ytt\u00f6\u00e4. K\u00e4yt\u00e4nn\u00f6ss\u00e4 kyse on siit\u00e4, ett\u00e4 k\u00e4ytt\u00e4j\u00e4 tunnistetaan k\u00e4ytt\u00e4j\u00e4tunnus\/salasana -parin lis\u00e4ksi my\u00f6s matkapuhelimella joko tekstiviestitse tai Microsoftin Authenticator-sovelluksen kautta (suositeltava tapa). Kirjautumalla osoitteeseen aka.ms\/mfasetup p\u00e4\u00e4set joko ottamaan kaksivaiheisen tunnistautumisen k\u00e4ytt\u00f6\u00f6n, tai k\u00e4ytt\u00f6\u00f6noton j\u00e4lkeen muuttamaan tunnistautumisen asetuksia. K\u00e4ytt\u00f6\u00f6noton yhteydess\u00e4 [&hellip;]","og_url":"https:\/\/blogit.gradia.fi\/digipalvelut\/ohjeita-ja-vinkkeja\/laitteet\/kaksivaiheisen-tunnistautumisen-mfa-kayttoonotto\/","og_site_name":"Gradia Digipalvelut","article_modified_time":"2024-08-06T09:59:54+00:00","twitter_card":"summary_large_image","twitter_misc":{"Arvioitu lukuaika":"2 minuuttia"},"schema":{"@context":"https:\/\/schema.org","@graph":[{"@type":"WebPage","@id":"https:\/\/blogit.gradia.fi\/digipalvelut\/ohjeita-ja-vinkkeja\/laitteet\/kaksivaiheisen-tunnistautumisen-mfa-kayttoonotto\/","url":"https:\/\/blogit.gradia.fi\/digipalvelut\/ohjeita-ja-vinkkeja\/laitteet\/kaksivaiheisen-tunnistautumisen-mfa-kayttoonotto\/","name":"Kaksivaiheisen tunnistautumisen (MFA) k\u00e4ytt\u00f6\u00f6notto - Gradia Digipalvelut","isPartOf":{"@id":"https:\/\/blogit.gradia.fi\/digipalvelut\/#website"},"datePublished":"2019-08-29T12:40:09+00:00","dateModified":"2024-08-06T09:59:54+00:00","breadcrumb":{"@id":"https:\/\/blogit.gradia.fi\/digipalvelut\/ohjeita-ja-vinkkeja\/laitteet\/kaksivaiheisen-tunnistautumisen-mfa-kayttoonotto\/#breadcrumb"},"inLanguage":"fi","potentialAction":[{"@type":"ReadAction","target":["https:\/\/blogit.gradia.fi\/digipalvelut\/ohjeita-ja-vinkkeja\/laitteet\/kaksivaiheisen-tunnistautumisen-mfa-kayttoonotto\/"]}]},{"@type":"BreadcrumbList","@id":"https:\/\/blogit.gradia.fi\/digipalvelut\/ohjeita-ja-vinkkeja\/laitteet\/kaksivaiheisen-tunnistautumisen-mfa-kayttoonotto\/#breadcrumb","itemListElement":[{"@type":"ListItem","position":1,"name":"Ohjeita ja vinkkej\u00e4","item":"https:\/\/blogit.gradia.fi\/digipalvelut\/ohjeita-ja-vinkkeja\/"},{"@type":"ListItem","position":2,"name":"Laitteet","item":"https:\/\/blogit.gradia.fi\/digipalvelut\/ohjeita-ja-vinkkeja\/laitteet\/"},{"@type":"ListItem","position":3,"name":"Kaksivaiheisen tunnistautumisen (MFA) k\u00e4ytt\u00f6\u00f6notto"}]},{"@type":"WebSite","@id":"https:\/\/blogit.gradia.fi\/digipalvelut\/#website","url":"https:\/\/blogit.gradia.fi\/digipalvelut\/","name":"Gradia Digipalvelut","description":"Astetta enemm\u00e4n digi\u00e4","publisher":{"@id":"https:\/\/blogit.gradia.fi\/digipalvelut\/#organization"},"potentialAction":[{"@type":"SearchAction","target":{"@type":"EntryPoint","urlTemplate":"https:\/\/blogit.gradia.fi\/digipalvelut\/?s={search_term_string}"},"query-input":{"@type":"PropertyValueSpecification","valueRequired":true,"valueName":"search_term_string"}}],"inLanguage":"fi"},{"@type":"Organization","@id":"https:\/\/blogit.gradia.fi\/digipalvelut\/#organization","name":"Gradia Digipalvelut","url":"https:\/\/blogit.gradia.fi\/digipalvelut\/","logo":{"@type":"ImageObject","inLanguage":"fi","@id":"https:\/\/blogit.gradia.fi\/digipalvelut\/#\/schema\/logo\/image\/","url":"https:\/\/blogit.gradia.fi\/digipalvelut\/wp-content\/uploads\/sites\/99\/2019\/06\/cropped-Gradia_logo_Cyber_TRANSPARENT.png","contentUrl":"https:\/\/blogit.gradia.fi\/digipalvelut\/wp-content\/uploads\/sites\/99\/2019\/06\/cropped-Gradia_logo_Cyber_TRANSPARENT.png","width":316,"height":382,"caption":"Gradia Digipalvelut"},"image":{"@id":"https:\/\/blogit.gradia.fi\/digipalvelut\/#\/schema\/logo\/image\/"}}]}},"uagb_featured_image_src":{"full":false,"thumbnail":false,"medium":false,"medium_large":false,"large":false,"1536x1536":false,"2048x2048":false,"hestia-blog":false},"uagb_author_info":{"display_name":"Hanna Rajala","author_link":"https:\/\/blogit.gradia.fi\/digipalvelut\/author\/rajalhan\/"},"uagb_comment_info":0,"uagb_excerpt":"Tietoturvan varmistamiseksi Gradian O365-palveluihin kirjauduttaessa vaaditaan kaikilta kaksivaiheisen tunnistautumisen (MFA, multi-factor authentication) k\u00e4ytt\u00f6\u00e4. K\u00e4yt\u00e4nn\u00f6ss\u00e4 kyse on siit\u00e4, ett\u00e4 k\u00e4ytt\u00e4j\u00e4 tunnistetaan k\u00e4ytt\u00e4j\u00e4tunnus\/salasana -parin lis\u00e4ksi my\u00f6s matkapuhelimella joko tekstiviestitse tai Microsoftin Authenticator-sovelluksen kautta (suositeltava tapa). Kirjautumalla osoitteeseen aka.ms\/mfasetup p\u00e4\u00e4set joko ottamaan kaksivaiheisen tunnistautumisen k\u00e4ytt\u00f6\u00f6n, tai k\u00e4ytt\u00f6\u00f6noton j\u00e4lkeen muuttamaan tunnistautumisen asetuksia. K\u00e4ytt\u00f6\u00f6noton yhteydess\u00e4 [&hellip;]","_links":{"self":[{"href":"https:\/\/blogit.gradia.fi\/digipalvelut\/wp-json\/wp\/v2\/pages\/1062","targetHints":{"allow":["GET"]}}],"collection":[{"href":"https:\/\/blogit.gradia.fi\/digipalvelut\/wp-json\/wp\/v2\/pages"}],"about":[{"href":"https:\/\/blogit.gradia.fi\/digipalvelut\/wp-json\/wp\/v2\/types\/page"}],"author":[{"embeddable":true,"href":"https:\/\/blogit.gradia.fi\/digipalvelut\/wp-json\/wp\/v2\/users\/132"}],"replies":[{"embeddable":true,"href":"https:\/\/blogit.gradia.fi\/digipalvelut\/wp-json\/wp\/v2\/comments?post=1062"}],"version-history":[{"count":6,"href":"https:\/\/blogit.gradia.fi\/digipalvelut\/wp-json\/wp\/v2\/pages\/1062\/revisions"}],"predecessor-version":[{"id":2511,"href":"https:\/\/blogit.gradia.fi\/digipalvelut\/wp-json\/wp\/v2\/pages\/1062\/revisions\/2511"}],"up":[{"embeddable":true,"href":"https:\/\/blogit.gradia.fi\/digipalvelut\/wp-json\/wp\/v2\/pages\/189"}],"wp:attachment":[{"href":"https:\/\/blogit.gradia.fi\/digipalvelut\/wp-json\/wp\/v2\/media?parent=1062"}],"curies":[{"name":"wp","href":"https:\/\/api.w.org\/{rel}","templated":true}]}}