{"id":1053,"date":"2019-08-28T08:07:11","date_gmt":"2019-08-28T05:07:11","guid":{"rendered":"https:\/\/blogit.gradia.fi\/digipalvelut\/?page_id=1053"},"modified":"2019-08-28T08:16:42","modified_gmt":"2019-08-28T05:16:42","slug":"eduroamilla-verkkoon-melkein-missa-vain","status":"publish","type":"page","link":"https:\/\/blogit.gradia.fi\/digipalvelut\/ohjeita-ja-vinkkeja\/laitteet\/eduroamilla-verkkoon-melkein-missa-vain\/","title":{"rendered":"Eduroamilla verkkoon melkein miss\u00e4 vain"},"content":{"rendered":"\n<p>Eduroam WLAN-verkkovierailupalvelu on kaikkien gradialaisten k\u00e4yt\u00f6ss\u00e4 kaikissa EduFutura-oppilaitoksissa (Gradia, JAMK, Jyv\u00e4skyl\u00e4n yliopisto). Voit kirjautua eduroamilla langattomasti verkkoon, vaikka olisit esim. JAMKilla tai  yliopistolla.<\/p>\n\n\n\n<p>Eduroam on kansainv\u00e4linen langaton  WLAN-verkkovierailupalvelu. Eduroam mahdollistaa ilmaisen ja turvallisen  tavan p\u00e4\u00e4st\u00e4 internetiin eri puolilla maailmaa. Eduroamia voivat  k\u00e4ytt\u00e4\u00e4 oppilaitosten henkil\u00f6kunta ja opiskelijat eli kaikki, joille on  tehty Gradialla k\u00e4ytt\u00e4j\u00e4tunnus. Eduroam on k\u00e4yt\u00f6ss\u00e4 kaikissa  EduFutura-oppilaitoksissa (Gradia, JAMK, Yliopisto). Voit kirjautua  eduroamilla verkkoon, vaikka olisit Jamkilla tai yliopistolla.<br><br>Kirjautuminen eduroam-verkkoon tapahtuu omilla verkkotunnuksilla.  K\u00e4ytt\u00e4j\u00e4tunnus kirjoitetaan muodossa <em>tunnus@gradia.fi<\/em>. Sen j\u00e4lkeen  kirjoitetaan verkon salasana.<br><br>Oppilaitosten omille Windows-ty\u00f6asemille eduroam-verkon m\u00e4\u00e4ritykset tehd\u00e4\u00e4n keskitetysti Digipalveluiden toimesta. <br><br>Eduroamin maailmanlaajuinen kuuluvuuskartta: <a href=\"https:\/\/monitor.eduroam.org\/map_service_loc.php\">https:\/\/monitor.eduroam.org\/map_service_loc.php<\/a><\/p>\n","protected":false},"excerpt":{"rendered":"<p>Eduroam WLAN-verkkovierailupalvelu on kaikkien gradialaisten k\u00e4yt\u00f6ss\u00e4 kaikissa EduFutura-oppilaitoksissa (Gradia, JAMK, Jyv\u00e4skyl\u00e4n yliopisto). Voit kirjautua eduroamilla langattomasti verkkoon, vaikka olisit esim. JAMKilla tai yliopistolla. Eduroam on kansainv\u00e4linen langaton WLAN-verkkovierailupalvelu. Eduroam mahdollistaa ilmaisen ja turvallisen tavan p\u00e4\u00e4st\u00e4 internetiin eri puolilla maailmaa. Eduroamia voivat k\u00e4ytt\u00e4\u00e4 oppilaitosten henkil\u00f6kunta ja opiskelijat eli kaikki, joille on [&hellip;]<\/p>\n","protected":false},"author":132,"featured_media":0,"parent":189,"menu_order":0,"comment_status":"closed","ping_status":"closed","template":"","meta":{"_uag_custom_page_level_css":"","footnotes":""},"class_list":["post-1053","page","type-page","status-publish","hentry"],"yoast_head":"<!-- This site is optimized with the Yoast SEO plugin v27.4 - https:\/\/yoast.com\/product\/yoast-seo-wordpress\/ -->\n<title>Eduroamilla verkkoon melkein miss\u00e4 vain - Gradia Digipalvelut<\/title>\n<meta name=\"robots\" content=\"index, follow, max-snippet:-1, max-image-preview:large, max-video-preview:-1\" \/>\n<link rel=\"canonical\" href=\"https:\/\/blogit.gradia.fi\/digipalvelut\/ohjeita-ja-vinkkeja\/laitteet\/eduroamilla-verkkoon-melkein-missa-vain\/\" \/>\n<meta property=\"og:locale\" content=\"fi_FI\" \/>\n<meta property=\"og:type\" content=\"article\" \/>\n<meta property=\"og:title\" content=\"Eduroamilla verkkoon melkein miss\u00e4 vain - Gradia Digipalvelut\" \/>\n<meta property=\"og:description\" content=\"Eduroam WLAN-verkkovierailupalvelu on kaikkien gradialaisten k\u00e4yt\u00f6ss\u00e4 kaikissa EduFutura-oppilaitoksissa (Gradia, JAMK, Jyv\u00e4skyl\u00e4n yliopisto). Voit kirjautua eduroamilla langattomasti verkkoon, vaikka olisit esim. JAMKilla tai yliopistolla. Eduroam on kansainv\u00e4linen langaton WLAN-verkkovierailupalvelu. Eduroam mahdollistaa ilmaisen ja turvallisen tavan p\u00e4\u00e4st\u00e4 internetiin eri puolilla maailmaa. Eduroamia voivat k\u00e4ytt\u00e4\u00e4 oppilaitosten henkil\u00f6kunta ja opiskelijat eli kaikki, joille on [&hellip;]\" \/>\n<meta property=\"og:url\" content=\"https:\/\/blogit.gradia.fi\/digipalvelut\/ohjeita-ja-vinkkeja\/laitteet\/eduroamilla-verkkoon-melkein-missa-vain\/\" \/>\n<meta property=\"og:site_name\" content=\"Gradia Digipalvelut\" \/>\n<meta property=\"article:modified_time\" content=\"2019-08-28T05:16:42+00:00\" \/>\n<meta name=\"twitter:card\" content=\"summary_large_image\" \/>\n<meta name=\"twitter:label1\" content=\"Arvioitu lukuaika\" \/>\n\t<meta name=\"twitter:data1\" content=\"1 minuutti\" \/>\n<script type=\"application\/ld+json\" class=\"yoast-schema-graph\">{\"@context\":\"https:\\\/\\\/schema.org\",\"@graph\":[{\"@type\":\"WebPage\",\"@id\":\"https:\\\/\\\/blogit.gradia.fi\\\/digipalvelut\\\/ohjeita-ja-vinkkeja\\\/laitteet\\\/eduroamilla-verkkoon-melkein-missa-vain\\\/\",\"url\":\"https:\\\/\\\/blogit.gradia.fi\\\/digipalvelut\\\/ohjeita-ja-vinkkeja\\\/laitteet\\\/eduroamilla-verkkoon-melkein-missa-vain\\\/\",\"name\":\"Eduroamilla verkkoon melkein miss\u00e4 vain - Gradia Digipalvelut\",\"isPartOf\":{\"@id\":\"https:\\\/\\\/blogit.gradia.fi\\\/digipalvelut\\\/#website\"},\"datePublished\":\"2019-08-28T05:07:11+00:00\",\"dateModified\":\"2019-08-28T05:16:42+00:00\",\"breadcrumb\":{\"@id\":\"https:\\\/\\\/blogit.gradia.fi\\\/digipalvelut\\\/ohjeita-ja-vinkkeja\\\/laitteet\\\/eduroamilla-verkkoon-melkein-missa-vain\\\/#breadcrumb\"},\"inLanguage\":\"fi\",\"potentialAction\":[{\"@type\":\"ReadAction\",\"target\":[\"https:\\\/\\\/blogit.gradia.fi\\\/digipalvelut\\\/ohjeita-ja-vinkkeja\\\/laitteet\\\/eduroamilla-verkkoon-melkein-missa-vain\\\/\"]}]},{\"@type\":\"BreadcrumbList\",\"@id\":\"https:\\\/\\\/blogit.gradia.fi\\\/digipalvelut\\\/ohjeita-ja-vinkkeja\\\/laitteet\\\/eduroamilla-verkkoon-melkein-missa-vain\\\/#breadcrumb\",\"itemListElement\":[{\"@type\":\"ListItem\",\"position\":1,\"name\":\"Ohjeita ja vinkkej\u00e4\",\"item\":\"https:\\\/\\\/blogit.gradia.fi\\\/digipalvelut\\\/ohjeita-ja-vinkkeja\\\/\"},{\"@type\":\"ListItem\",\"position\":2,\"name\":\"Laitteet\",\"item\":\"https:\\\/\\\/blogit.gradia.fi\\\/digipalvelut\\\/ohjeita-ja-vinkkeja\\\/laitteet\\\/\"},{\"@type\":\"ListItem\",\"position\":3,\"name\":\"Eduroamilla verkkoon melkein miss\u00e4 vain\"}]},{\"@type\":\"WebSite\",\"@id\":\"https:\\\/\\\/blogit.gradia.fi\\\/digipalvelut\\\/#website\",\"url\":\"https:\\\/\\\/blogit.gradia.fi\\\/digipalvelut\\\/\",\"name\":\"Gradia Digipalvelut\",\"description\":\"Astetta enemm\u00e4n digi\u00e4\",\"publisher\":{\"@id\":\"https:\\\/\\\/blogit.gradia.fi\\\/digipalvelut\\\/#organization\"},\"potentialAction\":[{\"@type\":\"SearchAction\",\"target\":{\"@type\":\"EntryPoint\",\"urlTemplate\":\"https:\\\/\\\/blogit.gradia.fi\\\/digipalvelut\\\/?s={search_term_string}\"},\"query-input\":{\"@type\":\"PropertyValueSpecification\",\"valueRequired\":true,\"valueName\":\"search_term_string\"}}],\"inLanguage\":\"fi\"},{\"@type\":\"Organization\",\"@id\":\"https:\\\/\\\/blogit.gradia.fi\\\/digipalvelut\\\/#organization\",\"name\":\"Gradia Digipalvelut\",\"url\":\"https:\\\/\\\/blogit.gradia.fi\\\/digipalvelut\\\/\",\"logo\":{\"@type\":\"ImageObject\",\"inLanguage\":\"fi\",\"@id\":\"https:\\\/\\\/blogit.gradia.fi\\\/digipalvelut\\\/#\\\/schema\\\/logo\\\/image\\\/\",\"url\":\"https:\\\/\\\/blogit.gradia.fi\\\/digipalvelut\\\/wp-content\\\/uploads\\\/sites\\\/99\\\/2019\\\/06\\\/cropped-Gradia_logo_Cyber_TRANSPARENT.png\",\"contentUrl\":\"https:\\\/\\\/blogit.gradia.fi\\\/digipalvelut\\\/wp-content\\\/uploads\\\/sites\\\/99\\\/2019\\\/06\\\/cropped-Gradia_logo_Cyber_TRANSPARENT.png\",\"width\":316,\"height\":382,\"caption\":\"Gradia Digipalvelut\"},\"image\":{\"@id\":\"https:\\\/\\\/blogit.gradia.fi\\\/digipalvelut\\\/#\\\/schema\\\/logo\\\/image\\\/\"}}]}<\/script>\n<!-- \/ Yoast SEO plugin. -->","yoast_head_json":{"title":"Eduroamilla verkkoon melkein miss\u00e4 vain - Gradia Digipalvelut","robots":{"index":"index","follow":"follow","max-snippet":"max-snippet:-1","max-image-preview":"max-image-preview:large","max-video-preview":"max-video-preview:-1"},"canonical":"https:\/\/blogit.gradia.fi\/digipalvelut\/ohjeita-ja-vinkkeja\/laitteet\/eduroamilla-verkkoon-melkein-missa-vain\/","og_locale":"fi_FI","og_type":"article","og_title":"Eduroamilla verkkoon melkein miss\u00e4 vain - Gradia Digipalvelut","og_description":"Eduroam WLAN-verkkovierailupalvelu on kaikkien gradialaisten k\u00e4yt\u00f6ss\u00e4 kaikissa EduFutura-oppilaitoksissa (Gradia, JAMK, Jyv\u00e4skyl\u00e4n yliopisto). Voit kirjautua eduroamilla langattomasti verkkoon, vaikka olisit esim. JAMKilla tai yliopistolla. Eduroam on kansainv\u00e4linen langaton WLAN-verkkovierailupalvelu. Eduroam mahdollistaa ilmaisen ja turvallisen tavan p\u00e4\u00e4st\u00e4 internetiin eri puolilla maailmaa. Eduroamia voivat k\u00e4ytt\u00e4\u00e4 oppilaitosten henkil\u00f6kunta ja opiskelijat eli kaikki, joille on [&hellip;]","og_url":"https:\/\/blogit.gradia.fi\/digipalvelut\/ohjeita-ja-vinkkeja\/laitteet\/eduroamilla-verkkoon-melkein-missa-vain\/","og_site_name":"Gradia Digipalvelut","article_modified_time":"2019-08-28T05:16:42+00:00","twitter_card":"summary_large_image","twitter_misc":{"Arvioitu lukuaika":"1 minuutti"},"schema":{"@context":"https:\/\/schema.org","@graph":[{"@type":"WebPage","@id":"https:\/\/blogit.gradia.fi\/digipalvelut\/ohjeita-ja-vinkkeja\/laitteet\/eduroamilla-verkkoon-melkein-missa-vain\/","url":"https:\/\/blogit.gradia.fi\/digipalvelut\/ohjeita-ja-vinkkeja\/laitteet\/eduroamilla-verkkoon-melkein-missa-vain\/","name":"Eduroamilla verkkoon melkein miss\u00e4 vain - Gradia Digipalvelut","isPartOf":{"@id":"https:\/\/blogit.gradia.fi\/digipalvelut\/#website"},"datePublished":"2019-08-28T05:07:11+00:00","dateModified":"2019-08-28T05:16:42+00:00","breadcrumb":{"@id":"https:\/\/blogit.gradia.fi\/digipalvelut\/ohjeita-ja-vinkkeja\/laitteet\/eduroamilla-verkkoon-melkein-missa-vain\/#breadcrumb"},"inLanguage":"fi","potentialAction":[{"@type":"ReadAction","target":["https:\/\/blogit.gradia.fi\/digipalvelut\/ohjeita-ja-vinkkeja\/laitteet\/eduroamilla-verkkoon-melkein-missa-vain\/"]}]},{"@type":"BreadcrumbList","@id":"https:\/\/blogit.gradia.fi\/digipalvelut\/ohjeita-ja-vinkkeja\/laitteet\/eduroamilla-verkkoon-melkein-missa-vain\/#breadcrumb","itemListElement":[{"@type":"ListItem","position":1,"name":"Ohjeita ja vinkkej\u00e4","item":"https:\/\/blogit.gradia.fi\/digipalvelut\/ohjeita-ja-vinkkeja\/"},{"@type":"ListItem","position":2,"name":"Laitteet","item":"https:\/\/blogit.gradia.fi\/digipalvelut\/ohjeita-ja-vinkkeja\/laitteet\/"},{"@type":"ListItem","position":3,"name":"Eduroamilla verkkoon melkein miss\u00e4 vain"}]},{"@type":"WebSite","@id":"https:\/\/blogit.gradia.fi\/digipalvelut\/#website","url":"https:\/\/blogit.gradia.fi\/digipalvelut\/","name":"Gradia Digipalvelut","description":"Astetta enemm\u00e4n digi\u00e4","publisher":{"@id":"https:\/\/blogit.gradia.fi\/digipalvelut\/#organization"},"potentialAction":[{"@type":"SearchAction","target":{"@type":"EntryPoint","urlTemplate":"https:\/\/blogit.gradia.fi\/digipalvelut\/?s={search_term_string}"},"query-input":{"@type":"PropertyValueSpecification","valueRequired":true,"valueName":"search_term_string"}}],"inLanguage":"fi"},{"@type":"Organization","@id":"https:\/\/blogit.gradia.fi\/digipalvelut\/#organization","name":"Gradia Digipalvelut","url":"https:\/\/blogit.gradia.fi\/digipalvelut\/","logo":{"@type":"ImageObject","inLanguage":"fi","@id":"https:\/\/blogit.gradia.fi\/digipalvelut\/#\/schema\/logo\/image\/","url":"https:\/\/blogit.gradia.fi\/digipalvelut\/wp-content\/uploads\/sites\/99\/2019\/06\/cropped-Gradia_logo_Cyber_TRANSPARENT.png","contentUrl":"https:\/\/blogit.gradia.fi\/digipalvelut\/wp-content\/uploads\/sites\/99\/2019\/06\/cropped-Gradia_logo_Cyber_TRANSPARENT.png","width":316,"height":382,"caption":"Gradia Digipalvelut"},"image":{"@id":"https:\/\/blogit.gradia.fi\/digipalvelut\/#\/schema\/logo\/image\/"}}]}},"uagb_featured_image_src":{"full":false,"thumbnail":false,"medium":false,"medium_large":false,"large":false,"1536x1536":false,"2048x2048":false,"hestia-blog":false},"uagb_author_info":{"display_name":"Hanna Rajala","author_link":"https:\/\/blogit.gradia.fi\/digipalvelut\/author\/rajalhan\/"},"uagb_comment_info":0,"uagb_excerpt":"Eduroam WLAN-verkkovierailupalvelu on kaikkien gradialaisten k\u00e4yt\u00f6ss\u00e4 kaikissa EduFutura-oppilaitoksissa (Gradia, JAMK, Jyv\u00e4skyl\u00e4n yliopisto). Voit kirjautua eduroamilla langattomasti verkkoon, vaikka olisit esim. JAMKilla tai yliopistolla. Eduroam on kansainv\u00e4linen langaton WLAN-verkkovierailupalvelu. Eduroam mahdollistaa ilmaisen ja turvallisen tavan p\u00e4\u00e4st\u00e4 internetiin eri puolilla maailmaa. Eduroamia voivat k\u00e4ytt\u00e4\u00e4 oppilaitosten henkil\u00f6kunta ja opiskelijat eli kaikki, joille on [&hellip;]","_links":{"self":[{"href":"https:\/\/blogit.gradia.fi\/digipalvelut\/wp-json\/wp\/v2\/pages\/1053","targetHints":{"allow":["GET"]}}],"collection":[{"href":"https:\/\/blogit.gradia.fi\/digipalvelut\/wp-json\/wp\/v2\/pages"}],"about":[{"href":"https:\/\/blogit.gradia.fi\/digipalvelut\/wp-json\/wp\/v2\/types\/page"}],"author":[{"embeddable":true,"href":"https:\/\/blogit.gradia.fi\/digipalvelut\/wp-json\/wp\/v2\/users\/132"}],"replies":[{"embeddable":true,"href":"https:\/\/blogit.gradia.fi\/digipalvelut\/wp-json\/wp\/v2\/comments?post=1053"}],"version-history":[{"count":2,"href":"https:\/\/blogit.gradia.fi\/digipalvelut\/wp-json\/wp\/v2\/pages\/1053\/revisions"}],"predecessor-version":[{"id":1056,"href":"https:\/\/blogit.gradia.fi\/digipalvelut\/wp-json\/wp\/v2\/pages\/1053\/revisions\/1056"}],"up":[{"embeddable":true,"href":"https:\/\/blogit.gradia.fi\/digipalvelut\/wp-json\/wp\/v2\/pages\/189"}],"wp:attachment":[{"href":"https:\/\/blogit.gradia.fi\/digipalvelut\/wp-json\/wp\/v2\/media?parent=1053"}],"curies":[{"name":"wp","href":"https:\/\/api.w.org\/{rel}","templated":true}]}}