{"id":1041,"date":"2019-08-26T11:20:02","date_gmt":"2019-08-26T08:20:02","guid":{"rendered":"https:\/\/blogit.gradia.fi\/digipalvelut\/?page_id=1041"},"modified":"2019-08-26T11:20:02","modified_gmt":"2019-08-26T08:20:02","slug":"nayttokaappausvideon-kuvaaminen","status":"publish","type":"page","link":"https:\/\/blogit.gradia.fi\/digipalvelut\/ohjeita-ja-vinkkeja\/muut-sovellukset\/nayttokaappausvideon-kuvaaminen\/","title":{"rendered":"N\u00e4ytt\u00f6kaappausvideon kuvaaminen"},"content":{"rendered":"\n<p>N\u00e4ytt\u00f6kaappausvideolle voit taltioida tietokoneen n\u00e4yt\u00f6ll\u00e4si olevia tapahtumia, kuten toimintoja tai hiiren liikkeit\u00e4. T\u00e4ll\u00e4 tavalla saat tehty\u00e4 esimerkiksi opetus- ja ohjevideoita. N\u00e4ytt\u00f6kaappausvideoita voit tehd\u00e4 useammallakin eri sovelluksella. N\u00e4iss\u00e4 ohjeissa on esitelty n\u00e4ytt\u00f6kaappausvideon tekeminen sek\u00e4 Power Pointin toiminnoilla ett\u00e4\u00a0eLecta\u00a0Live\u00a0Screen\u00a0Recorder\u00a0 -sovelluksella. <\/p>\n\n\n\n<h2 class=\"wp-block-heading\">N\u00e4ytt\u00f6kaappausvideo&nbsp;eLecta&nbsp;Live&nbsp;Screen&nbsp;Recorder sovelluksella&nbsp;<\/h2>\n\n\n\n<p>Gradialaiset\u00a0voivat ladata\u00a0eLecta\u00a0Live\u00a0Screen\u00a0Recorder \u2013 sovelluksen Software Center \u2013keskuksen kautta. Sovelluksella on pienikokoinen aloitusk\u00e4ytt\u00f6liittym\u00e4, jonka avulla aloitat uuden n\u00e4ytt\u00f6kaappausvideon tekemisen.\u00a0\u00a0<\/p>\n\n\n\n<figure class=\"wp-block-image\"><img decoding=\"async\" width=\"347\" height=\"101\" src=\"https:\/\/blogit.gradia.fi\/digipalvelut\/wp-content\/uploads\/sites\/99\/2019\/08\/image-20.png\" alt=\"Kuva eLectan k\u00e4ytt\u00f6liittym\u00e4st\u00e4. \" class=\"wp-image-1046\" srcset=\"https:\/\/blogit.gradia.fi\/digipalvelut\/wp-content\/uploads\/sites\/99\/2019\/08\/image-20.png 347w, https:\/\/blogit.gradia.fi\/digipalvelut\/wp-content\/uploads\/sites\/99\/2019\/08\/image-20-300x87.png 300w\" sizes=\"(max-width: 347px) 100vw, 347px\" \/><\/figure>\n\n\n\n<ul class=\"wp-block-list\"><li><strong>New<\/strong> \u2013 painikkeesta s\u00e4\u00e4d\u00e4t uuden n\u00e4ytt\u00f6kaappausvideon asetukset\u00a0<\/li><li><strong>Start<\/strong>\u00a0\u2013 painikkeella aloitat uuden nauhoituksen ( n\u00e4kyy harmaana, kunnes uudet asetukset on s\u00e4\u00e4detty)\u00a0<\/li><li><strong>Pause<\/strong>\u00a0\u2013 painikkeella voit tauottaa nauhoitusta\u00a0<\/li><li><strong>Stop<\/strong> \u2013painike pys\u00e4ytt\u00e4\u00e4 ja lopettaa\u00a0nauhotuksen\u00a0<\/li><\/ul>\n\n\n\n<h3 class=\"wp-block-heading\">Uuden nauhoituksen aloittaminen&nbsp;<\/h3>\n\n\n\n<ol class=\"wp-block-list\"><li>Paina New \u2013painikkeesta, jolloin uusi asetusikkuna aukeaa.&nbsp;&nbsp;<\/li><\/ol>\n\n\n\n<figure class=\"wp-block-image\"><img fetchpriority=\"high\" decoding=\"async\" width=\"413\" height=\"476\" src=\"https:\/\/blogit.gradia.fi\/digipalvelut\/wp-content\/uploads\/sites\/99\/2019\/08\/image-18.png\" alt=\"Asetusten ikkuna eLecta-sovelluksessa. \" class=\"wp-image-1044\" srcset=\"https:\/\/blogit.gradia.fi\/digipalvelut\/wp-content\/uploads\/sites\/99\/2019\/08\/image-18.png 413w, https:\/\/blogit.gradia.fi\/digipalvelut\/wp-content\/uploads\/sites\/99\/2019\/08\/image-18-260x300.png 260w\" sizes=\"(max-width: 413px) 100vw, 413px\" \/><\/figure>\n\n\n\n<h3 class=\"wp-block-heading\">Videoasetukset \/ Video&nbsp;Settings&nbsp;<\/h3>\n\n\n\n<ul class=\"wp-block-list\"><li><strong>Full\u00a0Screen\u00a0Recording<\/strong>\u00a0 &#8211; valinta nauhoittaa koko n\u00e4yt\u00f6n alueella tapahtumat.\u00a0\u00a0<\/li><li><strong>Screen\u00a0Area\u00a0Recording<\/strong>\u00a0\u2013 valinta nauhoittaa vain tietyn valitun alueen sis\u00e4ll\u00e4 tapahtumat. Valitessasi t\u00e4m\u00e4n vaihtoehdon, voit valita haluamasi kuvausalueen vet\u00e4m\u00e4ll\u00e4 hiirell\u00e4. Muista t\u00e4ll\u00f6in rajata pois ei-toivotut alueet.\u00a0\u00a0<\/li><li><strong>Webcam\u00a0Only<\/strong>\u00a0\u2013valinta nauhoittaa erillisen webbikameran tai tietokoneen kameran kautta. S\u00e4\u00e4d\u00e4 silloin k\u00e4ytett\u00e4v\u00e4n kameran asetukset Web\u00a0Cam\u00a0Settings- painikkeesta.\u00a0\u00a0<\/li><\/ul>\n\n\n\n<figure class=\"wp-block-image\"><img decoding=\"async\" width=\"403\" height=\"192\" src=\"https:\/\/blogit.gradia.fi\/digipalvelut\/wp-content\/uploads\/sites\/99\/2019\/08\/image-16.png\" alt=\"\" class=\"wp-image-1042\" srcset=\"https:\/\/blogit.gradia.fi\/digipalvelut\/wp-content\/uploads\/sites\/99\/2019\/08\/image-16.png 403w, https:\/\/blogit.gradia.fi\/digipalvelut\/wp-content\/uploads\/sites\/99\/2019\/08\/image-16-300x143.png 300w\" sizes=\"(max-width: 403px) 100vw, 403px\" \/><\/figure>\n\n\n\n<h3 class=\"wp-block-heading\">&nbsp;N\u00e4ytt\u00f6kaappaus ja esitt\u00e4j\u00e4 samassa videossa&nbsp;<\/h3>\n\n\n\n<p>Jos haluat, ett\u00e4 samassa videossa n\u00e4kyy sek\u00e4 n\u00e4ytt\u00f6kaappausvideo, kuten video etenev\u00e4st\u00e4 esityksest\u00e4, sek\u00e4 esiintyj\u00e4n kasvot ( ja puhe), toimi seuraavasti:&nbsp;&nbsp;<\/p>\n\n\n\n<ol class=\"wp-block-list\"><li>S\u00e4\u00e4d\u00e4 ensin Video\u00a0Settings- asetukset joko Full\u00a0Screen\u00a0tai\u00a0Screen\u00a0Area\u00a0Recording. S\u00e4\u00e4d\u00e4 j\u00e4lkimm\u00e4isess\u00e4 haluttu alue ennen videon taltiointia.\u00a0\u00a0<\/li><li>Paina\u00a0\u00a0Configure\u00a0Presenter\u00a0Video \u2013painikkeesta, jolloin uusi ikkuna avautuu.\u00a0\u00a0<\/li><\/ol>\n\n\n\n<figure class=\"wp-block-image\"><img loading=\"lazy\" decoding=\"async\" width=\"779\" height=\"233\" src=\"https:\/\/blogit.gradia.fi\/digipalvelut\/wp-content\/uploads\/sites\/99\/2019\/08\/image-21.png\" alt=\"Kuva asetusikkunoista, jossa s\u00e4\u00e4det\u00e4\u00e4n kamerat. \" class=\"wp-image-1047\" srcset=\"https:\/\/blogit.gradia.fi\/digipalvelut\/wp-content\/uploads\/sites\/99\/2019\/08\/image-21.png 779w, https:\/\/blogit.gradia.fi\/digipalvelut\/wp-content\/uploads\/sites\/99\/2019\/08\/image-21-300x90.png 300w, https:\/\/blogit.gradia.fi\/digipalvelut\/wp-content\/uploads\/sites\/99\/2019\/08\/image-21-768x230.png 768w, https:\/\/blogit.gradia.fi\/digipalvelut\/wp-content\/uploads\/sites\/99\/2019\/08\/image-21-620x185.png 620w\" sizes=\"(max-width: 779px) 100vw, 779px\" \/><\/figure>\n\n\n\n<ol class=\"wp-block-list\"><li>Valitse Picture in Picture \u2013asetuksista miss\u00e4 kohdassa videota haluat omat kasvosi n\u00e4kyv\u00e4n.\u00a0\u00a0<\/li><li>S\u00e4\u00e4d\u00e4 t\u00e4m\u00e4n ikkunan\u00a0Webcam\u00a0Settings- painikkeella oikea kamera (kuvassa on valittu kannettavan tietokoneen oma kamera) ja resoluutio. S\u00e4\u00e4d\u00e4 resoluutioksi aika pieni, jotta koko video ei olisi vain web-kameran kuvaa. Voit tarkastaa videon nauhoituksen alussa n\u00e4ytt\u00e4\u00e4k\u00f6 kuvat oikealle.\u00a0\u00a0<\/li><li>Hyv\u00e4ksy asetukset Ok-painikkeista.\u00a0\u00a0<\/li><\/ol>\n\n\n\n<h3 class=\"wp-block-heading\">\u00c4\u00e4niasetukset&nbsp;<\/h3>\n\n\n\n<p>Valitse\u00a0<strong>Record\u00a0Audio<\/strong>, jos haluat tallentaa videoon my\u00f6s \u00e4\u00e4net. Record\u00a0from\u00a0Microphone\u00a0tallentaa laitteen tai ulkoisen mikrofonin \u00e4\u00e4net ja\u00a0Mic\u00a0Settings\u00a0\u2013painikkeesta voit s\u00e4\u00e4t\u00e4\u00e4 tarkemmin mikrofonin asetuksia.\u00a0\u00a0<\/p>\n\n\n\n<p>Jos haluat pelk\u00e4t systeemi\u00e4\u00e4net ( kuten ilmoitus- ja valinta\u00e4\u00e4net), valitse&nbsp;Record&nbsp;System&nbsp;Sounds&nbsp;ja valitse&nbsp;Record&nbsp;Both&nbsp;Microphone&nbsp;and System&nbsp;Sounds, jos haluat molemmat \u00e4\u00e4nil\u00e4hteet.&nbsp;&nbsp;<\/p>\n\n\n\n<h3 class=\"wp-block-heading\">Tiedoston tallennuspaikka&nbsp;<\/h3>\n\n\n\n<p>Hae haluamasi tallennuspaikka videollesi Movie&nbsp;File&nbsp;\u2013kohdan resurssin hallinnan kautta. Kolmen pisteen avulla voit nimet\u00e4 tallennettavan tiedoston jo etuk\u00e4teen.&nbsp;&nbsp;<\/p>\n\n\n\n<h3 class=\"wp-block-heading\">Nauhotuksen&nbsp;k\u00e4ynnist\u00e4minen&nbsp;<\/h3>\n\n\n\n<p>Asetusten s\u00e4\u00e4t\u00e4misen j\u00e4lkeen voit aloittaa nauhoituksen painamalla aloitusn\u00e4yt\u00f6ss\u00e4&nbsp;Start-painiketta.&nbsp;&nbsp;<\/p>\n\n\n\n<figure class=\"wp-block-image\"><img loading=\"lazy\" decoding=\"async\" width=\"348\" height=\"111\" src=\"https:\/\/blogit.gradia.fi\/digipalvelut\/wp-content\/uploads\/sites\/99\/2019\/08\/image-19.png\" alt=\"\" class=\"wp-image-1045\" srcset=\"https:\/\/blogit.gradia.fi\/digipalvelut\/wp-content\/uploads\/sites\/99\/2019\/08\/image-19.png 348w, https:\/\/blogit.gradia.fi\/digipalvelut\/wp-content\/uploads\/sites\/99\/2019\/08\/image-19-300x96.png 300w\" sizes=\"(max-width: 348px) 100vw, 348px\" \/><\/figure>\n\n\n\n<p>Ennen nauhoituksen alkamista n\u00e4et lyhyen laskurin. Nauhoituksen aikana ohjelman k\u00e4ytt\u00f6liittym\u00e4 menee Windowsin teht\u00e4v\u00e4palkkiin (alapalkki) ikoniksi, josta saat sen esille nauhoituksen keskeytt\u00e4mist\u00e4 tai lopettamista varten.&nbsp;&nbsp;<\/p>\n\n\n\n<figure class=\"wp-block-image\"><img loading=\"lazy\" decoding=\"async\" width=\"408\" height=\"241\" src=\"https:\/\/blogit.gradia.fi\/digipalvelut\/wp-content\/uploads\/sites\/99\/2019\/08\/image-17.png\" alt=\"\" class=\"wp-image-1043\" srcset=\"https:\/\/blogit.gradia.fi\/digipalvelut\/wp-content\/uploads\/sites\/99\/2019\/08\/image-17.png 408w, https:\/\/blogit.gradia.fi\/digipalvelut\/wp-content\/uploads\/sites\/99\/2019\/08\/image-17-300x177.png 300w\" sizes=\"(max-width: 408px) 100vw, 408px\" \/><\/figure>\n","protected":false},"excerpt":{"rendered":"<p>N\u00e4ytt\u00f6kaappausvideolle voit taltioida tietokoneen n\u00e4yt\u00f6ll\u00e4si olevia tapahtumia, kuten toimintoja tai hiiren liikkeit\u00e4. T\u00e4ll\u00e4 tavalla saat tehty\u00e4 esimerkiksi opetus- ja ohjevideoita. N\u00e4ytt\u00f6kaappausvideoita voit tehd\u00e4 useammallakin eri sovelluksella. N\u00e4iss\u00e4 ohjeissa on esitelty n\u00e4ytt\u00f6kaappausvideon tekeminen sek\u00e4 Power Pointin toiminnoilla ett\u00e4\u00a0eLecta\u00a0Live\u00a0Screen\u00a0Recorder\u00a0 -sovelluksella. N\u00e4ytt\u00f6kaappausvideo&nbsp;eLecta&nbsp;Live&nbsp;Screen&nbsp;Recorder sovelluksella&nbsp; Gradialaiset\u00a0voivat ladata\u00a0eLecta\u00a0Live\u00a0Screen\u00a0Recorder \u2013 sovelluksen Software Center \u2013keskuksen kautta. Sovelluksella on [&hellip;]<\/p>\n","protected":false},"author":421,"featured_media":0,"parent":78,"menu_order":0,"comment_status":"closed","ping_status":"closed","template":"","meta":{"_uag_custom_page_level_css":"","footnotes":""},"class_list":["post-1041","page","type-page","status-publish","hentry"],"yoast_head":"<!-- This site is optimized with the Yoast SEO plugin v27.4 - https:\/\/yoast.com\/product\/yoast-seo-wordpress\/ -->\n<title>N\u00e4ytt\u00f6kaappausvideon kuvaaminen - Gradia Digipalvelut<\/title>\n<meta name=\"robots\" content=\"index, follow, max-snippet:-1, max-image-preview:large, max-video-preview:-1\" \/>\n<link rel=\"canonical\" href=\"https:\/\/blogit.gradia.fi\/digipalvelut\/ohjeita-ja-vinkkeja\/muut-sovellukset\/nayttokaappausvideon-kuvaaminen\/\" \/>\n<meta property=\"og:locale\" content=\"fi_FI\" \/>\n<meta property=\"og:type\" content=\"article\" \/>\n<meta property=\"og:title\" content=\"N\u00e4ytt\u00f6kaappausvideon kuvaaminen - Gradia Digipalvelut\" \/>\n<meta property=\"og:description\" content=\"N\u00e4ytt\u00f6kaappausvideolle voit taltioida tietokoneen n\u00e4yt\u00f6ll\u00e4si olevia tapahtumia, kuten toimintoja tai hiiren liikkeit\u00e4. T\u00e4ll\u00e4 tavalla saat tehty\u00e4 esimerkiksi opetus- ja ohjevideoita. N\u00e4ytt\u00f6kaappausvideoita voit tehd\u00e4 useammallakin eri sovelluksella. N\u00e4iss\u00e4 ohjeissa on esitelty n\u00e4ytt\u00f6kaappausvideon tekeminen sek\u00e4 Power Pointin toiminnoilla ett\u00e4\u00a0eLecta\u00a0Live\u00a0Screen\u00a0Recorder\u00a0 -sovelluksella. N\u00e4ytt\u00f6kaappausvideo&nbsp;eLecta&nbsp;Live&nbsp;Screen&nbsp;Recorder sovelluksella&nbsp; Gradialaiset\u00a0voivat ladata\u00a0eLecta\u00a0Live\u00a0Screen\u00a0Recorder \u2013 sovelluksen Software Center \u2013keskuksen kautta. Sovelluksella on [&hellip;]\" \/>\n<meta property=\"og:url\" content=\"https:\/\/blogit.gradia.fi\/digipalvelut\/ohjeita-ja-vinkkeja\/muut-sovellukset\/nayttokaappausvideon-kuvaaminen\/\" \/>\n<meta property=\"og:site_name\" content=\"Gradia Digipalvelut\" \/>\n<meta property=\"og:image\" content=\"https:\/\/blogit.gradia.fi\/digipalvelut\/wp-content\/uploads\/sites\/99\/2019\/08\/image-20.png\" \/>\n<meta name=\"twitter:card\" content=\"summary_large_image\" \/>\n<meta name=\"twitter:label1\" content=\"Arvioitu lukuaika\" \/>\n\t<meta name=\"twitter:data1\" content=\"2 minuuttia\" \/>\n<script type=\"application\/ld+json\" class=\"yoast-schema-graph\">{\"@context\":\"https:\\\/\\\/schema.org\",\"@graph\":[{\"@type\":\"WebPage\",\"@id\":\"https:\\\/\\\/blogit.gradia.fi\\\/digipalvelut\\\/ohjeita-ja-vinkkeja\\\/muut-sovellukset\\\/nayttokaappausvideon-kuvaaminen\\\/\",\"url\":\"https:\\\/\\\/blogit.gradia.fi\\\/digipalvelut\\\/ohjeita-ja-vinkkeja\\\/muut-sovellukset\\\/nayttokaappausvideon-kuvaaminen\\\/\",\"name\":\"N\u00e4ytt\u00f6kaappausvideon kuvaaminen - Gradia Digipalvelut\",\"isPartOf\":{\"@id\":\"https:\\\/\\\/blogit.gradia.fi\\\/digipalvelut\\\/#website\"},\"primaryImageOfPage\":{\"@id\":\"https:\\\/\\\/blogit.gradia.fi\\\/digipalvelut\\\/ohjeita-ja-vinkkeja\\\/muut-sovellukset\\\/nayttokaappausvideon-kuvaaminen\\\/#primaryimage\"},\"image\":{\"@id\":\"https:\\\/\\\/blogit.gradia.fi\\\/digipalvelut\\\/ohjeita-ja-vinkkeja\\\/muut-sovellukset\\\/nayttokaappausvideon-kuvaaminen\\\/#primaryimage\"},\"thumbnailUrl\":\"https:\\\/\\\/blogit.gradia.fi\\\/digipalvelut\\\/wp-content\\\/uploads\\\/sites\\\/99\\\/2019\\\/08\\\/image-20.png\",\"datePublished\":\"2019-08-26T08:20:02+00:00\",\"breadcrumb\":{\"@id\":\"https:\\\/\\\/blogit.gradia.fi\\\/digipalvelut\\\/ohjeita-ja-vinkkeja\\\/muut-sovellukset\\\/nayttokaappausvideon-kuvaaminen\\\/#breadcrumb\"},\"inLanguage\":\"fi\",\"potentialAction\":[{\"@type\":\"ReadAction\",\"target\":[\"https:\\\/\\\/blogit.gradia.fi\\\/digipalvelut\\\/ohjeita-ja-vinkkeja\\\/muut-sovellukset\\\/nayttokaappausvideon-kuvaaminen\\\/\"]}]},{\"@type\":\"ImageObject\",\"inLanguage\":\"fi\",\"@id\":\"https:\\\/\\\/blogit.gradia.fi\\\/digipalvelut\\\/ohjeita-ja-vinkkeja\\\/muut-sovellukset\\\/nayttokaappausvideon-kuvaaminen\\\/#primaryimage\",\"url\":\"https:\\\/\\\/blogit.gradia.fi\\\/digipalvelut\\\/wp-content\\\/uploads\\\/sites\\\/99\\\/2019\\\/08\\\/image-20.png\",\"contentUrl\":\"https:\\\/\\\/blogit.gradia.fi\\\/digipalvelut\\\/wp-content\\\/uploads\\\/sites\\\/99\\\/2019\\\/08\\\/image-20.png\",\"width\":347,\"height\":101},{\"@type\":\"BreadcrumbList\",\"@id\":\"https:\\\/\\\/blogit.gradia.fi\\\/digipalvelut\\\/ohjeita-ja-vinkkeja\\\/muut-sovellukset\\\/nayttokaappausvideon-kuvaaminen\\\/#breadcrumb\",\"itemListElement\":[{\"@type\":\"ListItem\",\"position\":1,\"name\":\"Ohjeita ja vinkkej\u00e4\",\"item\":\"https:\\\/\\\/blogit.gradia.fi\\\/digipalvelut\\\/ohjeita-ja-vinkkeja\\\/\"},{\"@type\":\"ListItem\",\"position\":2,\"name\":\"Muut sovellukset\",\"item\":\"https:\\\/\\\/blogit.gradia.fi\\\/digipalvelut\\\/ohjeita-ja-vinkkeja\\\/muut-sovellukset\\\/\"},{\"@type\":\"ListItem\",\"position\":3,\"name\":\"N\u00e4ytt\u00f6kaappausvideon kuvaaminen\"}]},{\"@type\":\"WebSite\",\"@id\":\"https:\\\/\\\/blogit.gradia.fi\\\/digipalvelut\\\/#website\",\"url\":\"https:\\\/\\\/blogit.gradia.fi\\\/digipalvelut\\\/\",\"name\":\"Gradia Digipalvelut\",\"description\":\"Astetta enemm\u00e4n digi\u00e4\",\"publisher\":{\"@id\":\"https:\\\/\\\/blogit.gradia.fi\\\/digipalvelut\\\/#organization\"},\"potentialAction\":[{\"@type\":\"SearchAction\",\"target\":{\"@type\":\"EntryPoint\",\"urlTemplate\":\"https:\\\/\\\/blogit.gradia.fi\\\/digipalvelut\\\/?s={search_term_string}\"},\"query-input\":{\"@type\":\"PropertyValueSpecification\",\"valueRequired\":true,\"valueName\":\"search_term_string\"}}],\"inLanguage\":\"fi\"},{\"@type\":\"Organization\",\"@id\":\"https:\\\/\\\/blogit.gradia.fi\\\/digipalvelut\\\/#organization\",\"name\":\"Gradia Digipalvelut\",\"url\":\"https:\\\/\\\/blogit.gradia.fi\\\/digipalvelut\\\/\",\"logo\":{\"@type\":\"ImageObject\",\"inLanguage\":\"fi\",\"@id\":\"https:\\\/\\\/blogit.gradia.fi\\\/digipalvelut\\\/#\\\/schema\\\/logo\\\/image\\\/\",\"url\":\"https:\\\/\\\/blogit.gradia.fi\\\/digipalvelut\\\/wp-content\\\/uploads\\\/sites\\\/99\\\/2019\\\/06\\\/cropped-Gradia_logo_Cyber_TRANSPARENT.png\",\"contentUrl\":\"https:\\\/\\\/blogit.gradia.fi\\\/digipalvelut\\\/wp-content\\\/uploads\\\/sites\\\/99\\\/2019\\\/06\\\/cropped-Gradia_logo_Cyber_TRANSPARENT.png\",\"width\":316,\"height\":382,\"caption\":\"Gradia Digipalvelut\"},\"image\":{\"@id\":\"https:\\\/\\\/blogit.gradia.fi\\\/digipalvelut\\\/#\\\/schema\\\/logo\\\/image\\\/\"}}]}<\/script>\n<!-- \/ Yoast SEO plugin. -->","yoast_head_json":{"title":"N\u00e4ytt\u00f6kaappausvideon kuvaaminen - Gradia Digipalvelut","robots":{"index":"index","follow":"follow","max-snippet":"max-snippet:-1","max-image-preview":"max-image-preview:large","max-video-preview":"max-video-preview:-1"},"canonical":"https:\/\/blogit.gradia.fi\/digipalvelut\/ohjeita-ja-vinkkeja\/muut-sovellukset\/nayttokaappausvideon-kuvaaminen\/","og_locale":"fi_FI","og_type":"article","og_title":"N\u00e4ytt\u00f6kaappausvideon kuvaaminen - Gradia Digipalvelut","og_description":"N\u00e4ytt\u00f6kaappausvideolle voit taltioida tietokoneen n\u00e4yt\u00f6ll\u00e4si olevia tapahtumia, kuten toimintoja tai hiiren liikkeit\u00e4. T\u00e4ll\u00e4 tavalla saat tehty\u00e4 esimerkiksi opetus- ja ohjevideoita. N\u00e4ytt\u00f6kaappausvideoita voit tehd\u00e4 useammallakin eri sovelluksella. N\u00e4iss\u00e4 ohjeissa on esitelty n\u00e4ytt\u00f6kaappausvideon tekeminen sek\u00e4 Power Pointin toiminnoilla ett\u00e4\u00a0eLecta\u00a0Live\u00a0Screen\u00a0Recorder\u00a0 -sovelluksella. N\u00e4ytt\u00f6kaappausvideo&nbsp;eLecta&nbsp;Live&nbsp;Screen&nbsp;Recorder sovelluksella&nbsp; Gradialaiset\u00a0voivat ladata\u00a0eLecta\u00a0Live\u00a0Screen\u00a0Recorder \u2013 sovelluksen Software Center \u2013keskuksen kautta. Sovelluksella on [&hellip;]","og_url":"https:\/\/blogit.gradia.fi\/digipalvelut\/ohjeita-ja-vinkkeja\/muut-sovellukset\/nayttokaappausvideon-kuvaaminen\/","og_site_name":"Gradia Digipalvelut","og_image":[{"url":"https:\/\/blogit.gradia.fi\/digipalvelut\/wp-content\/uploads\/sites\/99\/2019\/08\/image-20.png","type":"","width":"","height":""}],"twitter_card":"summary_large_image","twitter_misc":{"Arvioitu lukuaika":"2 minuuttia"},"schema":{"@context":"https:\/\/schema.org","@graph":[{"@type":"WebPage","@id":"https:\/\/blogit.gradia.fi\/digipalvelut\/ohjeita-ja-vinkkeja\/muut-sovellukset\/nayttokaappausvideon-kuvaaminen\/","url":"https:\/\/blogit.gradia.fi\/digipalvelut\/ohjeita-ja-vinkkeja\/muut-sovellukset\/nayttokaappausvideon-kuvaaminen\/","name":"N\u00e4ytt\u00f6kaappausvideon kuvaaminen - Gradia Digipalvelut","isPartOf":{"@id":"https:\/\/blogit.gradia.fi\/digipalvelut\/#website"},"primaryImageOfPage":{"@id":"https:\/\/blogit.gradia.fi\/digipalvelut\/ohjeita-ja-vinkkeja\/muut-sovellukset\/nayttokaappausvideon-kuvaaminen\/#primaryimage"},"image":{"@id":"https:\/\/blogit.gradia.fi\/digipalvelut\/ohjeita-ja-vinkkeja\/muut-sovellukset\/nayttokaappausvideon-kuvaaminen\/#primaryimage"},"thumbnailUrl":"https:\/\/blogit.gradia.fi\/digipalvelut\/wp-content\/uploads\/sites\/99\/2019\/08\/image-20.png","datePublished":"2019-08-26T08:20:02+00:00","breadcrumb":{"@id":"https:\/\/blogit.gradia.fi\/digipalvelut\/ohjeita-ja-vinkkeja\/muut-sovellukset\/nayttokaappausvideon-kuvaaminen\/#breadcrumb"},"inLanguage":"fi","potentialAction":[{"@type":"ReadAction","target":["https:\/\/blogit.gradia.fi\/digipalvelut\/ohjeita-ja-vinkkeja\/muut-sovellukset\/nayttokaappausvideon-kuvaaminen\/"]}]},{"@type":"ImageObject","inLanguage":"fi","@id":"https:\/\/blogit.gradia.fi\/digipalvelut\/ohjeita-ja-vinkkeja\/muut-sovellukset\/nayttokaappausvideon-kuvaaminen\/#primaryimage","url":"https:\/\/blogit.gradia.fi\/digipalvelut\/wp-content\/uploads\/sites\/99\/2019\/08\/image-20.png","contentUrl":"https:\/\/blogit.gradia.fi\/digipalvelut\/wp-content\/uploads\/sites\/99\/2019\/08\/image-20.png","width":347,"height":101},{"@type":"BreadcrumbList","@id":"https:\/\/blogit.gradia.fi\/digipalvelut\/ohjeita-ja-vinkkeja\/muut-sovellukset\/nayttokaappausvideon-kuvaaminen\/#breadcrumb","itemListElement":[{"@type":"ListItem","position":1,"name":"Ohjeita ja vinkkej\u00e4","item":"https:\/\/blogit.gradia.fi\/digipalvelut\/ohjeita-ja-vinkkeja\/"},{"@type":"ListItem","position":2,"name":"Muut sovellukset","item":"https:\/\/blogit.gradia.fi\/digipalvelut\/ohjeita-ja-vinkkeja\/muut-sovellukset\/"},{"@type":"ListItem","position":3,"name":"N\u00e4ytt\u00f6kaappausvideon kuvaaminen"}]},{"@type":"WebSite","@id":"https:\/\/blogit.gradia.fi\/digipalvelut\/#website","url":"https:\/\/blogit.gradia.fi\/digipalvelut\/","name":"Gradia Digipalvelut","description":"Astetta enemm\u00e4n digi\u00e4","publisher":{"@id":"https:\/\/blogit.gradia.fi\/digipalvelut\/#organization"},"potentialAction":[{"@type":"SearchAction","target":{"@type":"EntryPoint","urlTemplate":"https:\/\/blogit.gradia.fi\/digipalvelut\/?s={search_term_string}"},"query-input":{"@type":"PropertyValueSpecification","valueRequired":true,"valueName":"search_term_string"}}],"inLanguage":"fi"},{"@type":"Organization","@id":"https:\/\/blogit.gradia.fi\/digipalvelut\/#organization","name":"Gradia Digipalvelut","url":"https:\/\/blogit.gradia.fi\/digipalvelut\/","logo":{"@type":"ImageObject","inLanguage":"fi","@id":"https:\/\/blogit.gradia.fi\/digipalvelut\/#\/schema\/logo\/image\/","url":"https:\/\/blogit.gradia.fi\/digipalvelut\/wp-content\/uploads\/sites\/99\/2019\/06\/cropped-Gradia_logo_Cyber_TRANSPARENT.png","contentUrl":"https:\/\/blogit.gradia.fi\/digipalvelut\/wp-content\/uploads\/sites\/99\/2019\/06\/cropped-Gradia_logo_Cyber_TRANSPARENT.png","width":316,"height":382,"caption":"Gradia Digipalvelut"},"image":{"@id":"https:\/\/blogit.gradia.fi\/digipalvelut\/#\/schema\/logo\/image\/"}}]}},"uagb_featured_image_src":{"full":false,"thumbnail":false,"medium":false,"medium_large":false,"large":false,"1536x1536":false,"2048x2048":false,"hestia-blog":false},"uagb_author_info":{"display_name":"Merja Hakanen","author_link":"https:\/\/blogit.gradia.fi\/digipalvelut\/author\/hakanmer\/"},"uagb_comment_info":0,"uagb_excerpt":"N\u00e4ytt\u00f6kaappausvideolle voit taltioida tietokoneen n\u00e4yt\u00f6ll\u00e4si olevia tapahtumia, kuten toimintoja tai hiiren liikkeit\u00e4. T\u00e4ll\u00e4 tavalla saat tehty\u00e4 esimerkiksi opetus- ja ohjevideoita. N\u00e4ytt\u00f6kaappausvideoita voit tehd\u00e4 useammallakin eri sovelluksella. N\u00e4iss\u00e4 ohjeissa on esitelty n\u00e4ytt\u00f6kaappausvideon tekeminen sek\u00e4 Power Pointin toiminnoilla ett\u00e4\u00a0eLecta\u00a0Live\u00a0Screen\u00a0Recorder\u00a0 -sovelluksella. N\u00e4ytt\u00f6kaappausvideo&nbsp;eLecta&nbsp;Live&nbsp;Screen&nbsp;Recorder sovelluksella&nbsp; Gradialaiset\u00a0voivat ladata\u00a0eLecta\u00a0Live\u00a0Screen\u00a0Recorder \u2013 sovelluksen Software Center \u2013keskuksen kautta. Sovelluksella on [&hellip;]","_links":{"self":[{"href":"https:\/\/blogit.gradia.fi\/digipalvelut\/wp-json\/wp\/v2\/pages\/1041","targetHints":{"allow":["GET"]}}],"collection":[{"href":"https:\/\/blogit.gradia.fi\/digipalvelut\/wp-json\/wp\/v2\/pages"}],"about":[{"href":"https:\/\/blogit.gradia.fi\/digipalvelut\/wp-json\/wp\/v2\/types\/page"}],"author":[{"embeddable":true,"href":"https:\/\/blogit.gradia.fi\/digipalvelut\/wp-json\/wp\/v2\/users\/421"}],"replies":[{"embeddable":true,"href":"https:\/\/blogit.gradia.fi\/digipalvelut\/wp-json\/wp\/v2\/comments?post=1041"}],"version-history":[{"count":1,"href":"https:\/\/blogit.gradia.fi\/digipalvelut\/wp-json\/wp\/v2\/pages\/1041\/revisions"}],"predecessor-version":[{"id":1048,"href":"https:\/\/blogit.gradia.fi\/digipalvelut\/wp-json\/wp\/v2\/pages\/1041\/revisions\/1048"}],"up":[{"embeddable":true,"href":"https:\/\/blogit.gradia.fi\/digipalvelut\/wp-json\/wp\/v2\/pages\/78"}],"wp:attachment":[{"href":"https:\/\/blogit.gradia.fi\/digipalvelut\/wp-json\/wp\/v2\/media?parent=1041"}],"curies":[{"name":"wp","href":"https:\/\/api.w.org\/{rel}","templated":true}]}}