{"id":1034,"date":"2019-08-26T10:27:50","date_gmt":"2019-08-26T07:27:50","guid":{"rendered":"https:\/\/blogit.gradia.fi\/digipalvelut\/?page_id=1034"},"modified":"2020-04-28T16:38:27","modified_gmt":"2020-04-28T13:38:27","slug":"flipgrid","status":"publish","type":"page","link":"https:\/\/blogit.gradia.fi\/digipalvelut\/ohjeita-ja-vinkkeja\/muut-sovellukset\/flipgrid\/","title":{"rendered":"Flipgrid"},"content":{"rendered":"\n<p><strong>Flipgrid on opetusk\u00e4ytt\u00f6\u00f6n tarkoitettu sovellus, jonka avulla opettaja  voi luoda omia tiloja\/tauluja, johon opiskelijat voivat jakaa lyhyit\u00e4 videoita.  Opettaja voi esimerkiksi tehd\u00e4 tilaan teht\u00e4v\u00e4nantoja\/teemoja ja opiskelijat  vastaavat niihin lyhyill\u00e4 videoilla. <\/strong><\/p>\n\n\n\n<p><strong>Gradian  opettaja voi kirjautua Flipgrid -sovellukseen organisaation tunnuksilla<\/strong>  ja sovellus l\u00f6ytyy my\u00f6s Teamsin sovelluspankista. Sovellusta voi  k\u00e4ytt\u00e4\u00e4 joko verkkoselaimen tai ladattavan sovelluksen kautta. <\/p>\n\n\n\n<hr class=\"wp-block-separator\" \/>\n\n\n\n<h2 class=\"wp-block-heading\"><strong>FlipGrid ohjelmaan kirjautuminen Gradian opettajatunnuksella<\/strong>&nbsp;<\/h2>\n\n\n\n<ol class=\"wp-block-list\"><li>Mene info.flipgrid.com&nbsp;<\/li><li>Valitse Educator Login&nbsp;<\/li><li>Klikkaa &#8221;Log in with Microsoft&#8221;, jolloin kirjaudut sis\u00e4\u00e4n Gradian opettajatunnuksella&nbsp;<\/li><\/ol>\n\n\n\n<figure class=\"wp-block-image\"><img fetchpriority=\"high\" decoding=\"async\" width=\"1024\" height=\"555\" src=\"https:\/\/blogit.gradia.fi\/digipalvelut\/wp-content\/uploads\/sites\/99\/2019\/08\/image-10-1024x555.png\" alt=\"Tilin voi luoda esimerkiksi Googlen tai Microsoftin tunnuksilla, omista painikkeista. \" class=\"wp-image-1027\" srcset=\"https:\/\/blogit.gradia.fi\/digipalvelut\/wp-content\/uploads\/sites\/99\/2019\/08\/image-10.png 1024w, https:\/\/blogit.gradia.fi\/digipalvelut\/wp-content\/uploads\/sites\/99\/2019\/08\/image-10-300x163.png 300w, https:\/\/blogit.gradia.fi\/digipalvelut\/wp-content\/uploads\/sites\/99\/2019\/08\/image-10-768x416.png 768w, https:\/\/blogit.gradia.fi\/digipalvelut\/wp-content\/uploads\/sites\/99\/2019\/08\/image-10-620x336.png 620w\" sizes=\"(max-width: 1024px) 100vw, 1024px\" \/><\/figure>\n\n\n\n<hr class=\"wp-block-separator\" \/>\n\n\n\n<h2 class=\"wp-block-heading\">Tilin luominen yleisesti<\/h2>\n\n\n\n<figure class=\"wp-block-image\"><img decoding=\"async\" width=\"427\" height=\"124\" src=\"https:\/\/blogit.gradia.fi\/digipalvelut\/wp-content\/uploads\/sites\/99\/2019\/08\/image-11.png\" alt=\"Opettajatilin luominen Flipgridiss\u00e4 Educator Signup-painikkeesta\" class=\"wp-image-1028\" srcset=\"https:\/\/blogit.gradia.fi\/digipalvelut\/wp-content\/uploads\/sites\/99\/2019\/08\/image-11.png 427w, https:\/\/blogit.gradia.fi\/digipalvelut\/wp-content\/uploads\/sites\/99\/2019\/08\/image-11-300x87.png 300w\" sizes=\"(max-width: 427px) 100vw, 427px\" \/><\/figure>\n\n\n\n<ol class=\"wp-block-list\"><li>Valitse Educator Signup.&nbsp;<\/li><\/ol>\n\n\n\n<figure class=\"wp-block-image\"><img decoding=\"async\" width=\"1024\" height=\"596\" src=\"https:\/\/blogit.gradia.fi\/digipalvelut\/wp-content\/uploads\/sites\/99\/2019\/08\/image-14-1024x596.png\" alt=\"\" class=\"wp-image-1031\" srcset=\"https:\/\/blogit.gradia.fi\/digipalvelut\/wp-content\/uploads\/sites\/99\/2019\/08\/image-14.png 1024w, https:\/\/blogit.gradia.fi\/digipalvelut\/wp-content\/uploads\/sites\/99\/2019\/08\/image-14-300x175.png 300w, https:\/\/blogit.gradia.fi\/digipalvelut\/wp-content\/uploads\/sites\/99\/2019\/08\/image-14-768x447.png 768w, https:\/\/blogit.gradia.fi\/digipalvelut\/wp-content\/uploads\/sites\/99\/2019\/08\/image-14-620x361.png 620w\" sizes=\"(max-width: 1024px) 100vw, 1024px\" \/><\/figure>\n\n\n\n<p>2. Valitse joko kirjatuminen Googlella tai Microsoftin tunnuksilla. <strong>Kirjautuessa Microsoftin tunnuksilla, k\u00e4yt\u00e4 Gradian organisaatiotunnuksia<\/strong>. Huomioi, ett\u00e4 pystyt upottamaan Flipgrid-sivun my\u00f6s omaan tiimiisi Microsoft Teamsissa.&nbsp;&nbsp;<\/p>\n\n\n\n<figure class=\"wp-block-image\"><img loading=\"lazy\" decoding=\"async\" width=\"1024\" height=\"555\" src=\"https:\/\/blogit.gradia.fi\/digipalvelut\/wp-content\/uploads\/sites\/99\/2019\/08\/image-12-1024x555.png\" alt=\"Profiilitiedot pit\u00e4\u00e4 t\u00e4ytt\u00e4\u00e4 omassa ikkunassa, n\u00e4ytt\u00f6kaappauskuva. \" class=\"wp-image-1029\" srcset=\"https:\/\/blogit.gradia.fi\/digipalvelut\/wp-content\/uploads\/sites\/99\/2019\/08\/image-12.png 1024w, https:\/\/blogit.gradia.fi\/digipalvelut\/wp-content\/uploads\/sites\/99\/2019\/08\/image-12-300x163.png 300w, https:\/\/blogit.gradia.fi\/digipalvelut\/wp-content\/uploads\/sites\/99\/2019\/08\/image-12-768x416.png 768w, https:\/\/blogit.gradia.fi\/digipalvelut\/wp-content\/uploads\/sites\/99\/2019\/08\/image-12-620x336.png 620w\" sizes=\"(max-width: 1024px) 100vw, 1024px\" \/><\/figure>\n\n\n\n<p>3. T\u00e4yt\u00e4 profiilitiedot.&nbsp; <br>4. Luo tili painamalla Create account-painikkeella.&nbsp;&nbsp;<\/p>\n\n\n\n<hr class=\"wp-block-separator\" \/>\n\n\n\n<h2 class=\"wp-block-heading\">Flipgrid -sovelluksen k\u00e4ytt\u00f6<\/h2>\n\n\n\n<h3 class=\"wp-block-heading\"><strong>Uuden FlipGrid -tilan perustaminen<\/strong>&nbsp;<\/h3>\n\n\n\n<figure class=\"wp-block-image\"><img loading=\"lazy\" decoding=\"async\" width=\"1024\" height=\"319\" src=\"https:\/\/blogit.gradia.fi\/digipalvelut\/wp-content\/uploads\/sites\/99\/2019\/08\/image-13-1024x319.png\" alt=\"\" class=\"wp-image-1030\" srcset=\"https:\/\/blogit.gradia.fi\/digipalvelut\/wp-content\/uploads\/sites\/99\/2019\/08\/image-13.png 1024w, https:\/\/blogit.gradia.fi\/digipalvelut\/wp-content\/uploads\/sites\/99\/2019\/08\/image-13-300x93.png 300w, https:\/\/blogit.gradia.fi\/digipalvelut\/wp-content\/uploads\/sites\/99\/2019\/08\/image-13-768x239.png 768w, https:\/\/blogit.gradia.fi\/digipalvelut\/wp-content\/uploads\/sites\/99\/2019\/08\/image-13-620x193.png 620w\" sizes=\"(max-width: 1024px) 100vw, 1024px\" \/><\/figure>\n\n\n\n<ol class=\"wp-block-list\"><li>Luo&nbsp;&#8221;My Grids&#8221;&nbsp; ikkunassa&nbsp;ryhm\u00e4n oma ymp\u00e4rist\u00f6&nbsp; valitsemalla&nbsp; &#8221;Add new Grid&#8221;&nbsp;&nbsp;<\/li><li>Nime\u00e4 FlipGrid \u2013tila&nbsp;<\/li><li>Valitse FlipGrid \u2013tilan tyyppi&nbsp;<ol><li><strong>School Email<\/strong> \u2013valinta edellytt\u00e4\u00e4 linkin saaneilta m\u00e4\u00e4rittelem\u00e4si s\u00e4hk\u00f6postin loppuosan eli esimerkiksi @gradia.fi&nbsp;<\/li><li>Student ID =&gt; ei ole k\u00e4yt\u00f6ss\u00e4 meill\u00e4&nbsp;<\/li><li>Public and PLC&nbsp; -valinnassa kutsut opiskelijat linkill\u00e4 sek\u00e4 halutessasi salasanalla (suositus)&nbsp;&nbsp;<\/li><\/ol><\/li><\/ol>\n\n\n\n<figure class=\"wp-block-image\"><img loading=\"lazy\" decoding=\"async\" width=\"525\" height=\"403\" src=\"https:\/\/blogit.gradia.fi\/digipalvelut\/wp-content\/uploads\/sites\/99\/2019\/08\/image-15.png\" alt=\"\" class=\"wp-image-1033\" srcset=\"https:\/\/blogit.gradia.fi\/digipalvelut\/wp-content\/uploads\/sites\/99\/2019\/08\/image-15.png 525w, https:\/\/blogit.gradia.fi\/digipalvelut\/wp-content\/uploads\/sites\/99\/2019\/08\/image-15-300x230.png 300w\" sizes=\"(max-width: 525px) 100vw, 525px\" \/><\/figure>\n\n\n\n<ol class=\"wp-block-list\"><li>Paina next.&nbsp; <\/li><li>Aktivoi salasana kentt\u00e4, mik\u00e4li haluat luoda viel\u00e4 erillisen salasanan, jonka Flipgrid-tilaan tulijat joutuvat sy\u00f6tt\u00e4m\u00e4\u00e4n n\u00e4hd\u00e4kseen teht\u00e4v\u00e4nannon sek\u00e4 palauttaakseen videoita.&nbsp;<\/li><li>Kopioi linkki tilaan ja laita se talteen esim. Oppimisymp\u00e4rist\u00f6\u00f6n. Linkin saat my\u00f6s my\u00f6hemmin.&nbsp;&nbsp;<\/li><\/ol>\n\n\n\n<h3 class=\"wp-block-heading\"><strong>Aiheiden tai teemojen lis\u00e4\u00e4minen Flipgrid -tilaan<\/strong> sek\u00e4 tilan jakaminen oppilaille<\/h3>\n\n\n\n<ol class=\"wp-block-list\"><li>V oit jakaa koko taulun haluamallesi kohderyhm\u00e4lle joko linkill\u00e4 tai QR-koodilla Flipgrid \u2013tilan sis\u00e4ll\u00e4 oikeassa yl\u00e4kulmassa olevasta Share \u2013painikkeesta.\u00a0<\/li><li>Toisesta Share-panikkeesta voit jakaa yhden aiheen tai teeman taulun sis\u00e4ll\u00e4 . Linkki vie t\u00e4ll\u00f6in suoraan &#8221;teht\u00e4v\u00e4nantoon&#8221;.\u00a0<\/li><li>Lis\u00e4\u00e4 aiheet (\u00a0<strong>add new topic<\/strong>) ryhm\u00e4n\/ymp\u00e4rist\u00f6n sis\u00e4lle. Aiheet ovat teemoja tai kysymyksi\u00e4, joista keskustellaan tai joihin vastataan. Sinun tulee ensin lis\u00e4t\u00e4 v\u00e4hint\u00e4\u00e4n yksi aihe, mutta niit\u00e4 voi lis\u00e4t\u00e4 tarvittaessa samaan ymp\u00e4rist\u00f6\u00f6n.\u00a0\u00a0\u00a0<\/li><\/ol>\n\n\n\n<figure class=\"wp-block-image\"><img loading=\"lazy\" decoding=\"async\" width=\"1024\" height=\"475\" src=\"https:\/\/blogit.gradia.fi\/digipalvelut\/wp-content\/uploads\/sites\/99\/2019\/08\/image-6-1024x475.jpeg\" alt=\"\" class=\"wp-image-1032\" srcset=\"https:\/\/blogit.gradia.fi\/digipalvelut\/wp-content\/uploads\/sites\/99\/2019\/08\/image-6.jpeg 1024w, https:\/\/blogit.gradia.fi\/digipalvelut\/wp-content\/uploads\/sites\/99\/2019\/08\/image-6-300x139.jpeg 300w, https:\/\/blogit.gradia.fi\/digipalvelut\/wp-content\/uploads\/sites\/99\/2019\/08\/image-6-768x356.jpeg 768w, https:\/\/blogit.gradia.fi\/digipalvelut\/wp-content\/uploads\/sites\/99\/2019\/08\/image-6-620x288.jpeg 620w\" sizes=\"(max-width: 1024px) 100vw, 1024px\" \/><\/figure>\n\n\n\n<h3 class=\"wp-block-heading\"><strong>Aiheen muokkaaminen<\/strong>&nbsp;<\/h3>\n\n\n\n<ol class=\"wp-block-list\"><li>Paina aiheen per\u00e4ss\u00e4 olevaa kyn\u00e4 -painiketta ja muokkaa tarvittaessa aihetta tai teht\u00e4v\u00e4nantoa.&nbsp;<\/li><li>Recording time \u2013kohdassa voit s\u00e4\u00e4t\u00e4\u00e4, kuinka pitk\u00e4n videon k\u00e4ytt\u00e4j\u00e4t voivat luoda. Maksimi on t\u00e4ll\u00e4 hetkell\u00e4 5min.&nbsp;&nbsp;<\/li><li>Halutessasi voit lis\u00e4t\u00e4 teht\u00e4v\u00e4nantoon\/teemaan oman videotervehdyksesi sek\u00e4 aiheeseen liittyvi\u00e4 linkkej\u00e4. S\u00e4\u00e4d\u00e4 tarvittaessa muita videoon liittyvi\u00e4 asetuksia, kuten kommentointi ja videoiden moderointi.&nbsp;&nbsp;<\/li><li>Klikkaa t\u00e4m\u00e4n j\u00e4lkeen Share \u2013painiketta ja jaa aihe opiskelijoillesi.&nbsp;<\/li><\/ol>\n\n\n\n<hr class=\"wp-block-separator\" \/>\n\n\n\n<h2 class=\"wp-block-heading\">Opiskelijan n\u00e4kym\u00e4<\/h2>\n\n\n\n<p>Opiskelija klikkaa itsens\u00e4 sis\u00e4\u00e4n opettajan jakamasta linkist\u00e4 ja tallentaa painamalla vihre\u00e4\u00e4 plus-painiketta oman vastauksensa videona joko suoraan &#8221;live-tallennuksena&#8221; tai lis\u00e4\u00e4m\u00e4ll\u00e4 (video)tiedoston teht\u00e4v\u00e4\u00e4n. T\u00e4m\u00e4 riippuu asetuksista, jotka opettaja on tehnyt teht\u00e4v\u00e4\u00e4n<\/p>\n\n\n\n<figure class=\"wp-block-image size-large is-resized\"><img loading=\"lazy\" decoding=\"async\" src=\"https:\/\/blogit.gradia.fi\/digipalvelut\/wp-content\/uploads\/sites\/99\/2020\/04\/flipgrid.jpg\" alt=\"Flipgrid opiskelijan palautusn\u00e4kym\u00e4\" class=\"wp-image-1845\" width=\"580\" height=\"445\" srcset=\"https:\/\/blogit.gradia.fi\/digipalvelut\/wp-content\/uploads\/sites\/99\/2020\/04\/flipgrid.jpg 965w, https:\/\/blogit.gradia.fi\/digipalvelut\/wp-content\/uploads\/sites\/99\/2020\/04\/flipgrid-300x231.jpg 300w, https:\/\/blogit.gradia.fi\/digipalvelut\/wp-content\/uploads\/sites\/99\/2020\/04\/flipgrid-768x591.jpg 768w, https:\/\/blogit.gradia.fi\/digipalvelut\/wp-content\/uploads\/sites\/99\/2020\/04\/flipgrid-620x477.jpg 620w\" sizes=\"(max-width: 580px) 100vw, 580px\" \/><figcaption>opiskelijan n\u00e4kym\u00e4<\/figcaption><\/figure>\n","protected":false},"excerpt":{"rendered":"<p>Flipgrid on opetusk\u00e4ytt\u00f6\u00f6n tarkoitettu sovellus, jonka avulla opettaja voi luoda omia tiloja\/tauluja, johon opiskelijat voivat jakaa lyhyit\u00e4 videoita. Opettaja voi esimerkiksi tehd\u00e4 tilaan teht\u00e4v\u00e4nantoja\/teemoja ja opiskelijat vastaavat niihin lyhyill\u00e4 videoilla. Gradian opettaja voi kirjautua Flipgrid -sovellukseen organisaation tunnuksilla ja sovellus l\u00f6ytyy my\u00f6s Teamsin sovelluspankista. Sovellusta voi k\u00e4ytt\u00e4\u00e4 joko verkkoselaimen tai [&hellip;]<\/p>\n","protected":false},"author":421,"featured_media":0,"parent":78,"menu_order":0,"comment_status":"closed","ping_status":"closed","template":"","meta":{"_uag_custom_page_level_css":"","footnotes":""},"class_list":["post-1034","page","type-page","status-publish","hentry"],"yoast_head":"<!-- This site is optimized with the Yoast SEO plugin v27.4 - https:\/\/yoast.com\/product\/yoast-seo-wordpress\/ -->\n<title>Flipgrid - Gradia Digipalvelut<\/title>\n<meta name=\"robots\" content=\"index, follow, max-snippet:-1, max-image-preview:large, max-video-preview:-1\" \/>\n<link rel=\"canonical\" href=\"https:\/\/blogit.gradia.fi\/digipalvelut\/ohjeita-ja-vinkkeja\/muut-sovellukset\/flipgrid\/\" \/>\n<meta property=\"og:locale\" content=\"fi_FI\" \/>\n<meta property=\"og:type\" content=\"article\" \/>\n<meta property=\"og:title\" content=\"Flipgrid - Gradia Digipalvelut\" \/>\n<meta property=\"og:description\" content=\"Flipgrid on opetusk\u00e4ytt\u00f6\u00f6n tarkoitettu sovellus, jonka avulla opettaja voi luoda omia tiloja\/tauluja, johon opiskelijat voivat jakaa lyhyit\u00e4 videoita. Opettaja voi esimerkiksi tehd\u00e4 tilaan teht\u00e4v\u00e4nantoja\/teemoja ja opiskelijat vastaavat niihin lyhyill\u00e4 videoilla. Gradian opettaja voi kirjautua Flipgrid -sovellukseen organisaation tunnuksilla ja sovellus l\u00f6ytyy my\u00f6s Teamsin sovelluspankista. Sovellusta voi k\u00e4ytt\u00e4\u00e4 joko verkkoselaimen tai [&hellip;]\" \/>\n<meta property=\"og:url\" content=\"https:\/\/blogit.gradia.fi\/digipalvelut\/ohjeita-ja-vinkkeja\/muut-sovellukset\/flipgrid\/\" \/>\n<meta property=\"og:site_name\" content=\"Gradia Digipalvelut\" \/>\n<meta property=\"article:modified_time\" content=\"2020-04-28T13:38:27+00:00\" \/>\n<meta property=\"og:image\" content=\"https:\/\/blogit.gradia.fi\/digipalvelut\/wp-content\/uploads\/sites\/99\/2019\/08\/image-10-1024x555.png\" \/>\n<meta name=\"twitter:card\" content=\"summary_large_image\" \/>\n<meta name=\"twitter:label1\" content=\"Arvioitu lukuaika\" \/>\n\t<meta name=\"twitter:data1\" content=\"2 minuuttia\" \/>\n<script type=\"application\/ld+json\" class=\"yoast-schema-graph\">{\"@context\":\"https:\\\/\\\/schema.org\",\"@graph\":[{\"@type\":\"WebPage\",\"@id\":\"https:\\\/\\\/blogit.gradia.fi\\\/digipalvelut\\\/ohjeita-ja-vinkkeja\\\/muut-sovellukset\\\/flipgrid\\\/\",\"url\":\"https:\\\/\\\/blogit.gradia.fi\\\/digipalvelut\\\/ohjeita-ja-vinkkeja\\\/muut-sovellukset\\\/flipgrid\\\/\",\"name\":\"Flipgrid - Gradia Digipalvelut\",\"isPartOf\":{\"@id\":\"https:\\\/\\\/blogit.gradia.fi\\\/digipalvelut\\\/#website\"},\"primaryImageOfPage\":{\"@id\":\"https:\\\/\\\/blogit.gradia.fi\\\/digipalvelut\\\/ohjeita-ja-vinkkeja\\\/muut-sovellukset\\\/flipgrid\\\/#primaryimage\"},\"image\":{\"@id\":\"https:\\\/\\\/blogit.gradia.fi\\\/digipalvelut\\\/ohjeita-ja-vinkkeja\\\/muut-sovellukset\\\/flipgrid\\\/#primaryimage\"},\"thumbnailUrl\":\"https:\\\/\\\/blogit.gradia.fi\\\/digipalvelut\\\/wp-content\\\/uploads\\\/sites\\\/99\\\/2019\\\/08\\\/image-10-1024x555.png\",\"datePublished\":\"2019-08-26T07:27:50+00:00\",\"dateModified\":\"2020-04-28T13:38:27+00:00\",\"breadcrumb\":{\"@id\":\"https:\\\/\\\/blogit.gradia.fi\\\/digipalvelut\\\/ohjeita-ja-vinkkeja\\\/muut-sovellukset\\\/flipgrid\\\/#breadcrumb\"},\"inLanguage\":\"fi\",\"potentialAction\":[{\"@type\":\"ReadAction\",\"target\":[\"https:\\\/\\\/blogit.gradia.fi\\\/digipalvelut\\\/ohjeita-ja-vinkkeja\\\/muut-sovellukset\\\/flipgrid\\\/\"]}]},{\"@type\":\"ImageObject\",\"inLanguage\":\"fi\",\"@id\":\"https:\\\/\\\/blogit.gradia.fi\\\/digipalvelut\\\/ohjeita-ja-vinkkeja\\\/muut-sovellukset\\\/flipgrid\\\/#primaryimage\",\"url\":\"https:\\\/\\\/blogit.gradia.fi\\\/digipalvelut\\\/wp-content\\\/uploads\\\/sites\\\/99\\\/2019\\\/08\\\/image-10.png\",\"contentUrl\":\"https:\\\/\\\/blogit.gradia.fi\\\/digipalvelut\\\/wp-content\\\/uploads\\\/sites\\\/99\\\/2019\\\/08\\\/image-10.png\",\"width\":1024,\"height\":555},{\"@type\":\"BreadcrumbList\",\"@id\":\"https:\\\/\\\/blogit.gradia.fi\\\/digipalvelut\\\/ohjeita-ja-vinkkeja\\\/muut-sovellukset\\\/flipgrid\\\/#breadcrumb\",\"itemListElement\":[{\"@type\":\"ListItem\",\"position\":1,\"name\":\"Ohjeita ja vinkkej\u00e4\",\"item\":\"https:\\\/\\\/blogit.gradia.fi\\\/digipalvelut\\\/ohjeita-ja-vinkkeja\\\/\"},{\"@type\":\"ListItem\",\"position\":2,\"name\":\"Muut sovellukset\",\"item\":\"https:\\\/\\\/blogit.gradia.fi\\\/digipalvelut\\\/ohjeita-ja-vinkkeja\\\/muut-sovellukset\\\/\"},{\"@type\":\"ListItem\",\"position\":3,\"name\":\"Flipgrid\"}]},{\"@type\":\"WebSite\",\"@id\":\"https:\\\/\\\/blogit.gradia.fi\\\/digipalvelut\\\/#website\",\"url\":\"https:\\\/\\\/blogit.gradia.fi\\\/digipalvelut\\\/\",\"name\":\"Gradia Digipalvelut\",\"description\":\"Astetta enemm\u00e4n digi\u00e4\",\"publisher\":{\"@id\":\"https:\\\/\\\/blogit.gradia.fi\\\/digipalvelut\\\/#organization\"},\"potentialAction\":[{\"@type\":\"SearchAction\",\"target\":{\"@type\":\"EntryPoint\",\"urlTemplate\":\"https:\\\/\\\/blogit.gradia.fi\\\/digipalvelut\\\/?s={search_term_string}\"},\"query-input\":{\"@type\":\"PropertyValueSpecification\",\"valueRequired\":true,\"valueName\":\"search_term_string\"}}],\"inLanguage\":\"fi\"},{\"@type\":\"Organization\",\"@id\":\"https:\\\/\\\/blogit.gradia.fi\\\/digipalvelut\\\/#organization\",\"name\":\"Gradia Digipalvelut\",\"url\":\"https:\\\/\\\/blogit.gradia.fi\\\/digipalvelut\\\/\",\"logo\":{\"@type\":\"ImageObject\",\"inLanguage\":\"fi\",\"@id\":\"https:\\\/\\\/blogit.gradia.fi\\\/digipalvelut\\\/#\\\/schema\\\/logo\\\/image\\\/\",\"url\":\"https:\\\/\\\/blogit.gradia.fi\\\/digipalvelut\\\/wp-content\\\/uploads\\\/sites\\\/99\\\/2019\\\/06\\\/cropped-Gradia_logo_Cyber_TRANSPARENT.png\",\"contentUrl\":\"https:\\\/\\\/blogit.gradia.fi\\\/digipalvelut\\\/wp-content\\\/uploads\\\/sites\\\/99\\\/2019\\\/06\\\/cropped-Gradia_logo_Cyber_TRANSPARENT.png\",\"width\":316,\"height\":382,\"caption\":\"Gradia Digipalvelut\"},\"image\":{\"@id\":\"https:\\\/\\\/blogit.gradia.fi\\\/digipalvelut\\\/#\\\/schema\\\/logo\\\/image\\\/\"}}]}<\/script>\n<!-- \/ Yoast SEO plugin. -->","yoast_head_json":{"title":"Flipgrid - Gradia Digipalvelut","robots":{"index":"index","follow":"follow","max-snippet":"max-snippet:-1","max-image-preview":"max-image-preview:large","max-video-preview":"max-video-preview:-1"},"canonical":"https:\/\/blogit.gradia.fi\/digipalvelut\/ohjeita-ja-vinkkeja\/muut-sovellukset\/flipgrid\/","og_locale":"fi_FI","og_type":"article","og_title":"Flipgrid - Gradia Digipalvelut","og_description":"Flipgrid on opetusk\u00e4ytt\u00f6\u00f6n tarkoitettu sovellus, jonka avulla opettaja voi luoda omia tiloja\/tauluja, johon opiskelijat voivat jakaa lyhyit\u00e4 videoita. Opettaja voi esimerkiksi tehd\u00e4 tilaan teht\u00e4v\u00e4nantoja\/teemoja ja opiskelijat vastaavat niihin lyhyill\u00e4 videoilla. Gradian opettaja voi kirjautua Flipgrid -sovellukseen organisaation tunnuksilla ja sovellus l\u00f6ytyy my\u00f6s Teamsin sovelluspankista. Sovellusta voi k\u00e4ytt\u00e4\u00e4 joko verkkoselaimen tai [&hellip;]","og_url":"https:\/\/blogit.gradia.fi\/digipalvelut\/ohjeita-ja-vinkkeja\/muut-sovellukset\/flipgrid\/","og_site_name":"Gradia Digipalvelut","article_modified_time":"2020-04-28T13:38:27+00:00","og_image":[{"url":"https:\/\/blogit.gradia.fi\/digipalvelut\/wp-content\/uploads\/sites\/99\/2019\/08\/image-10-1024x555.png","type":"","width":"","height":""}],"twitter_card":"summary_large_image","twitter_misc":{"Arvioitu lukuaika":"2 minuuttia"},"schema":{"@context":"https:\/\/schema.org","@graph":[{"@type":"WebPage","@id":"https:\/\/blogit.gradia.fi\/digipalvelut\/ohjeita-ja-vinkkeja\/muut-sovellukset\/flipgrid\/","url":"https:\/\/blogit.gradia.fi\/digipalvelut\/ohjeita-ja-vinkkeja\/muut-sovellukset\/flipgrid\/","name":"Flipgrid - Gradia Digipalvelut","isPartOf":{"@id":"https:\/\/blogit.gradia.fi\/digipalvelut\/#website"},"primaryImageOfPage":{"@id":"https:\/\/blogit.gradia.fi\/digipalvelut\/ohjeita-ja-vinkkeja\/muut-sovellukset\/flipgrid\/#primaryimage"},"image":{"@id":"https:\/\/blogit.gradia.fi\/digipalvelut\/ohjeita-ja-vinkkeja\/muut-sovellukset\/flipgrid\/#primaryimage"},"thumbnailUrl":"https:\/\/blogit.gradia.fi\/digipalvelut\/wp-content\/uploads\/sites\/99\/2019\/08\/image-10-1024x555.png","datePublished":"2019-08-26T07:27:50+00:00","dateModified":"2020-04-28T13:38:27+00:00","breadcrumb":{"@id":"https:\/\/blogit.gradia.fi\/digipalvelut\/ohjeita-ja-vinkkeja\/muut-sovellukset\/flipgrid\/#breadcrumb"},"inLanguage":"fi","potentialAction":[{"@type":"ReadAction","target":["https:\/\/blogit.gradia.fi\/digipalvelut\/ohjeita-ja-vinkkeja\/muut-sovellukset\/flipgrid\/"]}]},{"@type":"ImageObject","inLanguage":"fi","@id":"https:\/\/blogit.gradia.fi\/digipalvelut\/ohjeita-ja-vinkkeja\/muut-sovellukset\/flipgrid\/#primaryimage","url":"https:\/\/blogit.gradia.fi\/digipalvelut\/wp-content\/uploads\/sites\/99\/2019\/08\/image-10.png","contentUrl":"https:\/\/blogit.gradia.fi\/digipalvelut\/wp-content\/uploads\/sites\/99\/2019\/08\/image-10.png","width":1024,"height":555},{"@type":"BreadcrumbList","@id":"https:\/\/blogit.gradia.fi\/digipalvelut\/ohjeita-ja-vinkkeja\/muut-sovellukset\/flipgrid\/#breadcrumb","itemListElement":[{"@type":"ListItem","position":1,"name":"Ohjeita ja vinkkej\u00e4","item":"https:\/\/blogit.gradia.fi\/digipalvelut\/ohjeita-ja-vinkkeja\/"},{"@type":"ListItem","position":2,"name":"Muut sovellukset","item":"https:\/\/blogit.gradia.fi\/digipalvelut\/ohjeita-ja-vinkkeja\/muut-sovellukset\/"},{"@type":"ListItem","position":3,"name":"Flipgrid"}]},{"@type":"WebSite","@id":"https:\/\/blogit.gradia.fi\/digipalvelut\/#website","url":"https:\/\/blogit.gradia.fi\/digipalvelut\/","name":"Gradia Digipalvelut","description":"Astetta enemm\u00e4n digi\u00e4","publisher":{"@id":"https:\/\/blogit.gradia.fi\/digipalvelut\/#organization"},"potentialAction":[{"@type":"SearchAction","target":{"@type":"EntryPoint","urlTemplate":"https:\/\/blogit.gradia.fi\/digipalvelut\/?s={search_term_string}"},"query-input":{"@type":"PropertyValueSpecification","valueRequired":true,"valueName":"search_term_string"}}],"inLanguage":"fi"},{"@type":"Organization","@id":"https:\/\/blogit.gradia.fi\/digipalvelut\/#organization","name":"Gradia Digipalvelut","url":"https:\/\/blogit.gradia.fi\/digipalvelut\/","logo":{"@type":"ImageObject","inLanguage":"fi","@id":"https:\/\/blogit.gradia.fi\/digipalvelut\/#\/schema\/logo\/image\/","url":"https:\/\/blogit.gradia.fi\/digipalvelut\/wp-content\/uploads\/sites\/99\/2019\/06\/cropped-Gradia_logo_Cyber_TRANSPARENT.png","contentUrl":"https:\/\/blogit.gradia.fi\/digipalvelut\/wp-content\/uploads\/sites\/99\/2019\/06\/cropped-Gradia_logo_Cyber_TRANSPARENT.png","width":316,"height":382,"caption":"Gradia Digipalvelut"},"image":{"@id":"https:\/\/blogit.gradia.fi\/digipalvelut\/#\/schema\/logo\/image\/"}}]}},"uagb_featured_image_src":{"full":false,"thumbnail":false,"medium":false,"medium_large":false,"large":false,"1536x1536":false,"2048x2048":false,"hestia-blog":false},"uagb_author_info":{"display_name":"Merja Hakanen","author_link":"https:\/\/blogit.gradia.fi\/digipalvelut\/author\/hakanmer\/"},"uagb_comment_info":0,"uagb_excerpt":"Flipgrid on opetusk\u00e4ytt\u00f6\u00f6n tarkoitettu sovellus, jonka avulla opettaja voi luoda omia tiloja\/tauluja, johon opiskelijat voivat jakaa lyhyit\u00e4 videoita. Opettaja voi esimerkiksi tehd\u00e4 tilaan teht\u00e4v\u00e4nantoja\/teemoja ja opiskelijat vastaavat niihin lyhyill\u00e4 videoilla. Gradian opettaja voi kirjautua Flipgrid -sovellukseen organisaation tunnuksilla ja sovellus l\u00f6ytyy my\u00f6s Teamsin sovelluspankista. Sovellusta voi k\u00e4ytt\u00e4\u00e4 joko verkkoselaimen tai [&hellip;]","_links":{"self":[{"href":"https:\/\/blogit.gradia.fi\/digipalvelut\/wp-json\/wp\/v2\/pages\/1034","targetHints":{"allow":["GET"]}}],"collection":[{"href":"https:\/\/blogit.gradia.fi\/digipalvelut\/wp-json\/wp\/v2\/pages"}],"about":[{"href":"https:\/\/blogit.gradia.fi\/digipalvelut\/wp-json\/wp\/v2\/types\/page"}],"author":[{"embeddable":true,"href":"https:\/\/blogit.gradia.fi\/digipalvelut\/wp-json\/wp\/v2\/users\/421"}],"replies":[{"embeddable":true,"href":"https:\/\/blogit.gradia.fi\/digipalvelut\/wp-json\/wp\/v2\/comments?post=1034"}],"version-history":[{"count":6,"href":"https:\/\/blogit.gradia.fi\/digipalvelut\/wp-json\/wp\/v2\/pages\/1034\/revisions"}],"predecessor-version":[{"id":1848,"href":"https:\/\/blogit.gradia.fi\/digipalvelut\/wp-json\/wp\/v2\/pages\/1034\/revisions\/1848"}],"up":[{"embeddable":true,"href":"https:\/\/blogit.gradia.fi\/digipalvelut\/wp-json\/wp\/v2\/pages\/78"}],"wp:attachment":[{"href":"https:\/\/blogit.gradia.fi\/digipalvelut\/wp-json\/wp\/v2\/media?parent=1034"}],"curies":[{"name":"wp","href":"https:\/\/api.w.org\/{rel}","templated":true}]}}