{"id":1015,"date":"2019-08-23T15:48:43","date_gmt":"2019-08-23T12:48:43","guid":{"rendered":"https:\/\/blogit.gradia.fi\/digipalvelut\/?page_id=1015"},"modified":"2019-08-26T11:06:42","modified_gmt":"2019-08-26T08:06:42","slug":"valilehti-kurssipohjan-etusivun-taustavarin-muokkaaminen","status":"publish","type":"page","link":"https:\/\/blogit.gradia.fi\/digipalvelut\/ohjeita-ja-vinkkeja\/moodle\/valilehti-kurssipohjan-etusivun-taustavarin-muokkaaminen\/","title":{"rendered":"V\u00e4lilehti-kurssipohjan etusivun taustav\u00e4rin muokkaaminen"},"content":{"rendered":"\n<p><strong>V\u00e4lilehti -kurssipohjissa &#8221;Tervetuloa opintojaksolle&#8221; v\u00e4lilehdell\u00e4 on taustav\u00e4ri, jonka opettaja voi halutessaan poistaa.&nbsp;<\/strong><\/p>\n\n\n\n<figure class=\"wp-block-image\"><img decoding=\"async\" width=\"418\" height=\"77\" src=\"https:\/\/blogit.gradia.fi\/digipalvelut\/wp-content\/uploads\/sites\/99\/2019\/08\/image.jpeg\" alt=\"\" class=\"wp-image-1016\" srcset=\"https:\/\/blogit.gradia.fi\/digipalvelut\/wp-content\/uploads\/sites\/99\/2019\/08\/image.jpeg 418w, https:\/\/blogit.gradia.fi\/digipalvelut\/wp-content\/uploads\/sites\/99\/2019\/08\/image-300x55.jpeg 300w\" sizes=\"(max-width: 418px) 100vw, 418px\" \/><\/figure>\n\n\n\n<p>1. Aktivoi muokkaustila p\u00e4\u00e4lle&nbsp;<br>2. Klikkaa oikeassa reunassa olevaa ylint\u00e4&nbsp;<strong>muokkaa<\/strong>&nbsp;\u2013painiketta ja valitse muokkaa osiota&nbsp; <\/p>\n\n\n\n<p><\/p>\n\n\n\n<figure class=\"wp-block-image\"><img fetchpriority=\"high\" decoding=\"async\" width=\"1024\" height=\"135\" src=\"https:\/\/blogit.gradia.fi\/digipalvelut\/wp-content\/uploads\/sites\/99\/2019\/08\/image-2-1024x135.jpeg\" alt=\"\" class=\"wp-image-1018\" srcset=\"https:\/\/blogit.gradia.fi\/digipalvelut\/wp-content\/uploads\/sites\/99\/2019\/08\/image-2.jpeg 1024w, https:\/\/blogit.gradia.fi\/digipalvelut\/wp-content\/uploads\/sites\/99\/2019\/08\/image-2-300x40.jpeg 300w, https:\/\/blogit.gradia.fi\/digipalvelut\/wp-content\/uploads\/sites\/99\/2019\/08\/image-2-768x101.jpeg 768w, https:\/\/blogit.gradia.fi\/digipalvelut\/wp-content\/uploads\/sites\/99\/2019\/08\/image-2-620x82.jpeg 620w\" sizes=\"(max-width: 1024px) 100vw, 1024px\" \/><\/figure>\n\n\n\n<p>3. Tyhjenn\u00e4 taustav\u00e4ri -kentt\u00e4&nbsp;<\/p>\n\n\n\n<figure class=\"wp-block-image\"><img decoding=\"async\" width=\"634\" height=\"61\" src=\"https:\/\/blogit.gradia.fi\/digipalvelut\/wp-content\/uploads\/sites\/99\/2019\/08\/image-1.jpeg\" alt=\"\" class=\"wp-image-1017\" srcset=\"https:\/\/blogit.gradia.fi\/digipalvelut\/wp-content\/uploads\/sites\/99\/2019\/08\/image-1.jpeg 634w, https:\/\/blogit.gradia.fi\/digipalvelut\/wp-content\/uploads\/sites\/99\/2019\/08\/image-1-300x29.jpeg 300w, https:\/\/blogit.gradia.fi\/digipalvelut\/wp-content\/uploads\/sites\/99\/2019\/08\/image-1-620x60.jpeg 620w\" sizes=\"(max-width: 634px) 100vw, 634px\" \/><\/figure>\n\n\n\n<p>4. Tallenna muutokset&nbsp;<\/p>\n","protected":false},"excerpt":{"rendered":"<p>V\u00e4lilehti -kurssipohjissa &#8221;Tervetuloa opintojaksolle&#8221; v\u00e4lilehdell\u00e4 on taustav\u00e4ri, jonka opettaja voi halutessaan poistaa.&nbsp; 1. Aktivoi muokkaustila p\u00e4\u00e4lle&nbsp;2. Klikkaa oikeassa reunassa olevaa ylint\u00e4&nbsp;muokkaa&nbsp;\u2013painiketta ja valitse muokkaa osiota&nbsp; 3. Tyhjenn\u00e4 taustav\u00e4ri -kentt\u00e4&nbsp; 4. Tallenna muutokset&nbsp;<\/p>\n","protected":false},"author":165,"featured_media":0,"parent":76,"menu_order":0,"comment_status":"closed","ping_status":"closed","template":"","meta":{"_uag_custom_page_level_css":"","footnotes":""},"class_list":["post-1015","page","type-page","status-publish","hentry"],"yoast_head":"<!-- This site is optimized with the Yoast SEO plugin v27.4 - https:\/\/yoast.com\/product\/yoast-seo-wordpress\/ -->\n<title>V\u00e4lilehti-kurssipohjan etusivun taustav\u00e4rin muokkaaminen - Gradia Digipalvelut<\/title>\n<meta name=\"robots\" content=\"index, follow, max-snippet:-1, max-image-preview:large, max-video-preview:-1\" \/>\n<link rel=\"canonical\" href=\"https:\/\/blogit.gradia.fi\/digipalvelut\/ohjeita-ja-vinkkeja\/moodle\/valilehti-kurssipohjan-etusivun-taustavarin-muokkaaminen\/\" \/>\n<meta property=\"og:locale\" content=\"fi_FI\" \/>\n<meta property=\"og:type\" content=\"article\" \/>\n<meta property=\"og:title\" content=\"V\u00e4lilehti-kurssipohjan etusivun taustav\u00e4rin muokkaaminen - Gradia Digipalvelut\" \/>\n<meta property=\"og:description\" content=\"V\u00e4lilehti -kurssipohjissa &#8221;Tervetuloa opintojaksolle&#8221; v\u00e4lilehdell\u00e4 on taustav\u00e4ri, jonka opettaja voi halutessaan poistaa.&nbsp; 1. Aktivoi muokkaustila p\u00e4\u00e4lle&nbsp;2. Klikkaa oikeassa reunassa olevaa ylint\u00e4&nbsp;muokkaa&nbsp;\u2013painiketta ja valitse muokkaa osiota&nbsp; 3. Tyhjenn\u00e4 taustav\u00e4ri -kentt\u00e4&nbsp; 4. Tallenna muutokset&nbsp;\" \/>\n<meta property=\"og:url\" content=\"https:\/\/blogit.gradia.fi\/digipalvelut\/ohjeita-ja-vinkkeja\/moodle\/valilehti-kurssipohjan-etusivun-taustavarin-muokkaaminen\/\" \/>\n<meta property=\"og:site_name\" content=\"Gradia Digipalvelut\" \/>\n<meta property=\"article:modified_time\" content=\"2019-08-26T08:06:42+00:00\" \/>\n<meta property=\"og:image\" content=\"https:\/\/blogit.gradia.fi\/digipalvelut\/wp-content\/uploads\/sites\/99\/2019\/08\/image.jpeg\" \/>\n<meta name=\"twitter:card\" content=\"summary_large_image\" \/>\n<script type=\"application\/ld+json\" class=\"yoast-schema-graph\">{\"@context\":\"https:\\\/\\\/schema.org\",\"@graph\":[{\"@type\":\"WebPage\",\"@id\":\"https:\\\/\\\/blogit.gradia.fi\\\/digipalvelut\\\/ohjeita-ja-vinkkeja\\\/moodle\\\/valilehti-kurssipohjan-etusivun-taustavarin-muokkaaminen\\\/\",\"url\":\"https:\\\/\\\/blogit.gradia.fi\\\/digipalvelut\\\/ohjeita-ja-vinkkeja\\\/moodle\\\/valilehti-kurssipohjan-etusivun-taustavarin-muokkaaminen\\\/\",\"name\":\"V\u00e4lilehti-kurssipohjan etusivun taustav\u00e4rin muokkaaminen - Gradia Digipalvelut\",\"isPartOf\":{\"@id\":\"https:\\\/\\\/blogit.gradia.fi\\\/digipalvelut\\\/#website\"},\"primaryImageOfPage\":{\"@id\":\"https:\\\/\\\/blogit.gradia.fi\\\/digipalvelut\\\/ohjeita-ja-vinkkeja\\\/moodle\\\/valilehti-kurssipohjan-etusivun-taustavarin-muokkaaminen\\\/#primaryimage\"},\"image\":{\"@id\":\"https:\\\/\\\/blogit.gradia.fi\\\/digipalvelut\\\/ohjeita-ja-vinkkeja\\\/moodle\\\/valilehti-kurssipohjan-etusivun-taustavarin-muokkaaminen\\\/#primaryimage\"},\"thumbnailUrl\":\"https:\\\/\\\/blogit.gradia.fi\\\/digipalvelut\\\/wp-content\\\/uploads\\\/sites\\\/99\\\/2019\\\/08\\\/image.jpeg\",\"datePublished\":\"2019-08-23T12:48:43+00:00\",\"dateModified\":\"2019-08-26T08:06:42+00:00\",\"breadcrumb\":{\"@id\":\"https:\\\/\\\/blogit.gradia.fi\\\/digipalvelut\\\/ohjeita-ja-vinkkeja\\\/moodle\\\/valilehti-kurssipohjan-etusivun-taustavarin-muokkaaminen\\\/#breadcrumb\"},\"inLanguage\":\"fi\",\"potentialAction\":[{\"@type\":\"ReadAction\",\"target\":[\"https:\\\/\\\/blogit.gradia.fi\\\/digipalvelut\\\/ohjeita-ja-vinkkeja\\\/moodle\\\/valilehti-kurssipohjan-etusivun-taustavarin-muokkaaminen\\\/\"]}]},{\"@type\":\"ImageObject\",\"inLanguage\":\"fi\",\"@id\":\"https:\\\/\\\/blogit.gradia.fi\\\/digipalvelut\\\/ohjeita-ja-vinkkeja\\\/moodle\\\/valilehti-kurssipohjan-etusivun-taustavarin-muokkaaminen\\\/#primaryimage\",\"url\":\"https:\\\/\\\/blogit.gradia.fi\\\/digipalvelut\\\/wp-content\\\/uploads\\\/sites\\\/99\\\/2019\\\/08\\\/image.jpeg\",\"contentUrl\":\"https:\\\/\\\/blogit.gradia.fi\\\/digipalvelut\\\/wp-content\\\/uploads\\\/sites\\\/99\\\/2019\\\/08\\\/image.jpeg\",\"width\":418,\"height\":77},{\"@type\":\"BreadcrumbList\",\"@id\":\"https:\\\/\\\/blogit.gradia.fi\\\/digipalvelut\\\/ohjeita-ja-vinkkeja\\\/moodle\\\/valilehti-kurssipohjan-etusivun-taustavarin-muokkaaminen\\\/#breadcrumb\",\"itemListElement\":[{\"@type\":\"ListItem\",\"position\":1,\"name\":\"Ohjeita ja vinkkej\u00e4\",\"item\":\"https:\\\/\\\/blogit.gradia.fi\\\/digipalvelut\\\/ohjeita-ja-vinkkeja\\\/\"},{\"@type\":\"ListItem\",\"position\":2,\"name\":\"Moodle\",\"item\":\"https:\\\/\\\/blogit.gradia.fi\\\/digipalvelut\\\/ohjeita-ja-vinkkeja\\\/moodle\\\/\"},{\"@type\":\"ListItem\",\"position\":3,\"name\":\"V\u00e4lilehti-kurssipohjan etusivun taustav\u00e4rin muokkaaminen\"}]},{\"@type\":\"WebSite\",\"@id\":\"https:\\\/\\\/blogit.gradia.fi\\\/digipalvelut\\\/#website\",\"url\":\"https:\\\/\\\/blogit.gradia.fi\\\/digipalvelut\\\/\",\"name\":\"Gradia Digipalvelut\",\"description\":\"Astetta enemm\u00e4n digi\u00e4\",\"publisher\":{\"@id\":\"https:\\\/\\\/blogit.gradia.fi\\\/digipalvelut\\\/#organization\"},\"potentialAction\":[{\"@type\":\"SearchAction\",\"target\":{\"@type\":\"EntryPoint\",\"urlTemplate\":\"https:\\\/\\\/blogit.gradia.fi\\\/digipalvelut\\\/?s={search_term_string}\"},\"query-input\":{\"@type\":\"PropertyValueSpecification\",\"valueRequired\":true,\"valueName\":\"search_term_string\"}}],\"inLanguage\":\"fi\"},{\"@type\":\"Organization\",\"@id\":\"https:\\\/\\\/blogit.gradia.fi\\\/digipalvelut\\\/#organization\",\"name\":\"Gradia Digipalvelut\",\"url\":\"https:\\\/\\\/blogit.gradia.fi\\\/digipalvelut\\\/\",\"logo\":{\"@type\":\"ImageObject\",\"inLanguage\":\"fi\",\"@id\":\"https:\\\/\\\/blogit.gradia.fi\\\/digipalvelut\\\/#\\\/schema\\\/logo\\\/image\\\/\",\"url\":\"https:\\\/\\\/blogit.gradia.fi\\\/digipalvelut\\\/wp-content\\\/uploads\\\/sites\\\/99\\\/2019\\\/06\\\/cropped-Gradia_logo_Cyber_TRANSPARENT.png\",\"contentUrl\":\"https:\\\/\\\/blogit.gradia.fi\\\/digipalvelut\\\/wp-content\\\/uploads\\\/sites\\\/99\\\/2019\\\/06\\\/cropped-Gradia_logo_Cyber_TRANSPARENT.png\",\"width\":316,\"height\":382,\"caption\":\"Gradia Digipalvelut\"},\"image\":{\"@id\":\"https:\\\/\\\/blogit.gradia.fi\\\/digipalvelut\\\/#\\\/schema\\\/logo\\\/image\\\/\"}}]}<\/script>\n<!-- \/ Yoast SEO plugin. -->","yoast_head_json":{"title":"V\u00e4lilehti-kurssipohjan etusivun taustav\u00e4rin muokkaaminen - Gradia Digipalvelut","robots":{"index":"index","follow":"follow","max-snippet":"max-snippet:-1","max-image-preview":"max-image-preview:large","max-video-preview":"max-video-preview:-1"},"canonical":"https:\/\/blogit.gradia.fi\/digipalvelut\/ohjeita-ja-vinkkeja\/moodle\/valilehti-kurssipohjan-etusivun-taustavarin-muokkaaminen\/","og_locale":"fi_FI","og_type":"article","og_title":"V\u00e4lilehti-kurssipohjan etusivun taustav\u00e4rin muokkaaminen - Gradia Digipalvelut","og_description":"V\u00e4lilehti -kurssipohjissa &#8221;Tervetuloa opintojaksolle&#8221; v\u00e4lilehdell\u00e4 on taustav\u00e4ri, jonka opettaja voi halutessaan poistaa.&nbsp; 1. Aktivoi muokkaustila p\u00e4\u00e4lle&nbsp;2. Klikkaa oikeassa reunassa olevaa ylint\u00e4&nbsp;muokkaa&nbsp;\u2013painiketta ja valitse muokkaa osiota&nbsp; 3. Tyhjenn\u00e4 taustav\u00e4ri -kentt\u00e4&nbsp; 4. Tallenna muutokset&nbsp;","og_url":"https:\/\/blogit.gradia.fi\/digipalvelut\/ohjeita-ja-vinkkeja\/moodle\/valilehti-kurssipohjan-etusivun-taustavarin-muokkaaminen\/","og_site_name":"Gradia Digipalvelut","article_modified_time":"2019-08-26T08:06:42+00:00","og_image":[{"url":"https:\/\/blogit.gradia.fi\/digipalvelut\/wp-content\/uploads\/sites\/99\/2019\/08\/image.jpeg","type":"","width":"","height":""}],"twitter_card":"summary_large_image","schema":{"@context":"https:\/\/schema.org","@graph":[{"@type":"WebPage","@id":"https:\/\/blogit.gradia.fi\/digipalvelut\/ohjeita-ja-vinkkeja\/moodle\/valilehti-kurssipohjan-etusivun-taustavarin-muokkaaminen\/","url":"https:\/\/blogit.gradia.fi\/digipalvelut\/ohjeita-ja-vinkkeja\/moodle\/valilehti-kurssipohjan-etusivun-taustavarin-muokkaaminen\/","name":"V\u00e4lilehti-kurssipohjan etusivun taustav\u00e4rin muokkaaminen - Gradia Digipalvelut","isPartOf":{"@id":"https:\/\/blogit.gradia.fi\/digipalvelut\/#website"},"primaryImageOfPage":{"@id":"https:\/\/blogit.gradia.fi\/digipalvelut\/ohjeita-ja-vinkkeja\/moodle\/valilehti-kurssipohjan-etusivun-taustavarin-muokkaaminen\/#primaryimage"},"image":{"@id":"https:\/\/blogit.gradia.fi\/digipalvelut\/ohjeita-ja-vinkkeja\/moodle\/valilehti-kurssipohjan-etusivun-taustavarin-muokkaaminen\/#primaryimage"},"thumbnailUrl":"https:\/\/blogit.gradia.fi\/digipalvelut\/wp-content\/uploads\/sites\/99\/2019\/08\/image.jpeg","datePublished":"2019-08-23T12:48:43+00:00","dateModified":"2019-08-26T08:06:42+00:00","breadcrumb":{"@id":"https:\/\/blogit.gradia.fi\/digipalvelut\/ohjeita-ja-vinkkeja\/moodle\/valilehti-kurssipohjan-etusivun-taustavarin-muokkaaminen\/#breadcrumb"},"inLanguage":"fi","potentialAction":[{"@type":"ReadAction","target":["https:\/\/blogit.gradia.fi\/digipalvelut\/ohjeita-ja-vinkkeja\/moodle\/valilehti-kurssipohjan-etusivun-taustavarin-muokkaaminen\/"]}]},{"@type":"ImageObject","inLanguage":"fi","@id":"https:\/\/blogit.gradia.fi\/digipalvelut\/ohjeita-ja-vinkkeja\/moodle\/valilehti-kurssipohjan-etusivun-taustavarin-muokkaaminen\/#primaryimage","url":"https:\/\/blogit.gradia.fi\/digipalvelut\/wp-content\/uploads\/sites\/99\/2019\/08\/image.jpeg","contentUrl":"https:\/\/blogit.gradia.fi\/digipalvelut\/wp-content\/uploads\/sites\/99\/2019\/08\/image.jpeg","width":418,"height":77},{"@type":"BreadcrumbList","@id":"https:\/\/blogit.gradia.fi\/digipalvelut\/ohjeita-ja-vinkkeja\/moodle\/valilehti-kurssipohjan-etusivun-taustavarin-muokkaaminen\/#breadcrumb","itemListElement":[{"@type":"ListItem","position":1,"name":"Ohjeita ja vinkkej\u00e4","item":"https:\/\/blogit.gradia.fi\/digipalvelut\/ohjeita-ja-vinkkeja\/"},{"@type":"ListItem","position":2,"name":"Moodle","item":"https:\/\/blogit.gradia.fi\/digipalvelut\/ohjeita-ja-vinkkeja\/moodle\/"},{"@type":"ListItem","position":3,"name":"V\u00e4lilehti-kurssipohjan etusivun taustav\u00e4rin muokkaaminen"}]},{"@type":"WebSite","@id":"https:\/\/blogit.gradia.fi\/digipalvelut\/#website","url":"https:\/\/blogit.gradia.fi\/digipalvelut\/","name":"Gradia Digipalvelut","description":"Astetta enemm\u00e4n digi\u00e4","publisher":{"@id":"https:\/\/blogit.gradia.fi\/digipalvelut\/#organization"},"potentialAction":[{"@type":"SearchAction","target":{"@type":"EntryPoint","urlTemplate":"https:\/\/blogit.gradia.fi\/digipalvelut\/?s={search_term_string}"},"query-input":{"@type":"PropertyValueSpecification","valueRequired":true,"valueName":"search_term_string"}}],"inLanguage":"fi"},{"@type":"Organization","@id":"https:\/\/blogit.gradia.fi\/digipalvelut\/#organization","name":"Gradia Digipalvelut","url":"https:\/\/blogit.gradia.fi\/digipalvelut\/","logo":{"@type":"ImageObject","inLanguage":"fi","@id":"https:\/\/blogit.gradia.fi\/digipalvelut\/#\/schema\/logo\/image\/","url":"https:\/\/blogit.gradia.fi\/digipalvelut\/wp-content\/uploads\/sites\/99\/2019\/06\/cropped-Gradia_logo_Cyber_TRANSPARENT.png","contentUrl":"https:\/\/blogit.gradia.fi\/digipalvelut\/wp-content\/uploads\/sites\/99\/2019\/06\/cropped-Gradia_logo_Cyber_TRANSPARENT.png","width":316,"height":382,"caption":"Gradia Digipalvelut"},"image":{"@id":"https:\/\/blogit.gradia.fi\/digipalvelut\/#\/schema\/logo\/image\/"}}]}},"uagb_featured_image_src":{"full":false,"thumbnail":false,"medium":false,"medium_large":false,"large":false,"1536x1536":false,"2048x2048":false,"hestia-blog":false},"uagb_author_info":{"display_name":"Heini Pennanen","author_link":"https:\/\/blogit.gradia.fi\/digipalvelut\/author\/pennahei\/"},"uagb_comment_info":0,"uagb_excerpt":"V\u00e4lilehti -kurssipohjissa &#8221;Tervetuloa opintojaksolle&#8221; v\u00e4lilehdell\u00e4 on taustav\u00e4ri, jonka opettaja voi halutessaan poistaa.&nbsp; 1. Aktivoi muokkaustila p\u00e4\u00e4lle&nbsp;2. Klikkaa oikeassa reunassa olevaa ylint\u00e4&nbsp;muokkaa&nbsp;\u2013painiketta ja valitse muokkaa osiota&nbsp; 3. Tyhjenn\u00e4 taustav\u00e4ri -kentt\u00e4&nbsp; 4. Tallenna muutokset&nbsp;","_links":{"self":[{"href":"https:\/\/blogit.gradia.fi\/digipalvelut\/wp-json\/wp\/v2\/pages\/1015","targetHints":{"allow":["GET"]}}],"collection":[{"href":"https:\/\/blogit.gradia.fi\/digipalvelut\/wp-json\/wp\/v2\/pages"}],"about":[{"href":"https:\/\/blogit.gradia.fi\/digipalvelut\/wp-json\/wp\/v2\/types\/page"}],"author":[{"embeddable":true,"href":"https:\/\/blogit.gradia.fi\/digipalvelut\/wp-json\/wp\/v2\/users\/165"}],"replies":[{"embeddable":true,"href":"https:\/\/blogit.gradia.fi\/digipalvelut\/wp-json\/wp\/v2\/comments?post=1015"}],"version-history":[{"count":2,"href":"https:\/\/blogit.gradia.fi\/digipalvelut\/wp-json\/wp\/v2\/pages\/1015\/revisions"}],"predecessor-version":[{"id":1038,"href":"https:\/\/blogit.gradia.fi\/digipalvelut\/wp-json\/wp\/v2\/pages\/1015\/revisions\/1038"}],"up":[{"embeddable":true,"href":"https:\/\/blogit.gradia.fi\/digipalvelut\/wp-json\/wp\/v2\/pages\/76"}],"wp:attachment":[{"href":"https:\/\/blogit.gradia.fi\/digipalvelut\/wp-json\/wp\/v2\/media?parent=1015"}],"curies":[{"name":"wp","href":"https:\/\/api.w.org\/{rel}","templated":true}]}}