{"id":1007,"date":"2019-09-16T13:03:51","date_gmt":"2019-09-16T10:03:51","guid":{"rendered":"https:\/\/blogit.gradia.fi\/digipalvelut\/?page_id=1007"},"modified":"2019-10-17T15:25:09","modified_gmt":"2019-10-17T12:25:09","slug":"tentti-aktiviteetin-luominen","status":"publish","type":"page","link":"https:\/\/blogit.gradia.fi\/digipalvelut\/ohjeita-ja-vinkkeja\/moodle\/tentti-aktiviteetin-luominen\/","title":{"rendered":"Tentti-aktiviteetin luominen"},"content":{"rendered":"\n<p>Tentti -aktiviteeti lis\u00e4t\u00e4\u00e4n kurssialueelle <strong>Lis\u00e4\u00e4 aktiviteetti tai aineisto<\/strong> -painikkeesta. Mene siis ty\u00f6tilassasi siihen osioon, johon haluat tentti-aktiviteetin luoda ja valitse Lis\u00e4\u00e4 aktiviteetti ja aineisto. <\/p>\n\n\n\n<ol class=\"wp-block-list\"><li>Valitse Tentti ja anna Tentille nimi. <\/li><li>Teht\u00e4v\u00e4nanto -ikkuna n\u00e4kyy opiskelijoilla heid\u00e4n aloittaessaan tentin suorittamista. Kirjoita voit kirjoittaa ohjeita tentin suorittamisesta, kuten rajoitettu suoritusaika, suorituskertojen m\u00e4\u00e4r\u00e4, pisteytys (esim. tentin voi suorittaa uudelleen, mutta pisteit\u00e4 v\u00e4hennet\u00e4\u00e4n), eteneminen tentiss\u00e4 eli voiko tentiss\u00e4 liikkua edestakaisin jne.<\/li><\/ol>\n\n\n\n<h2 class=\"wp-block-heading\">Tentin asetukset<\/h2>\n\n\n\n<h3 class=\"wp-block-heading\"> <strong>Ajastus<\/strong> <\/h3>\n\n\n\n<figure class=\"wp-block-image\"><img fetchpriority=\"high\" decoding=\"async\" width=\"993\" height=\"329\" src=\"https:\/\/blogit.gradia.fi\/digipalvelut\/wp-content\/uploads\/sites\/99\/2019\/10\/image.png\" alt=\"Kuva Tentti-aktiviteetin ajastusasetuksista\" class=\"wp-image-1253\" srcset=\"https:\/\/blogit.gradia.fi\/digipalvelut\/wp-content\/uploads\/sites\/99\/2019\/10\/image.png 993w, https:\/\/blogit.gradia.fi\/digipalvelut\/wp-content\/uploads\/sites\/99\/2019\/10\/image-300x99.png 300w, https:\/\/blogit.gradia.fi\/digipalvelut\/wp-content\/uploads\/sites\/99\/2019\/10\/image-768x254.png 768w, https:\/\/blogit.gradia.fi\/digipalvelut\/wp-content\/uploads\/sites\/99\/2019\/10\/image-620x205.png 620w\" sizes=\"(max-width: 993px) 100vw, 993px\" \/><\/figure>\n\n\n\n<ul class=\"wp-block-list\"><li>Voit m\u00e4\u00e4ritt\u00e4\u00e4 tentin alkamis ja p\u00e4\u00e4ttymisajankohdan sek\u00e4 halutessasi my\u00f6s suoritusajan tentille. <\/li><li>Voit m\u00e4\u00e4ritt\u00e4\u00e4 tentille lis\u00e4ajan eli armonajan, mik\u00e4li m\u00e4\u00e4rittelit tentille suoritusajan. Voit valita palauttaako ohjelma ajan p\u00e4\u00e4tytty\u00e4 opiskelijan suorituksen automaattisesti, saako opiskelija armonaikaa palauttamiselle, muttei voi en\u00e4\u00e4 vastata kysymyksiin vai onko palautukset j\u00e4tett\u00e4v\u00e4 ennen tenttiajan p\u00e4\u00e4ttymist\u00e4, jotta vastaukset huomioidaan. <\/li><\/ul>\n\n\n\n<h3 class=\"wp-block-heading\"> <strong>Arviointi<\/strong> <\/h3>\n\n\n\n<figure class=\"wp-block-image is-resized\"><img decoding=\"async\" src=\"https:\/\/blogit.gradia.fi\/digipalvelut\/wp-content\/uploads\/sites\/99\/2019\/10\/image-1.png\" alt=\"Kuva Tentti-aktiviteetin arviointiasetuksista\" class=\"wp-image-1256\" width=\"449\" height=\"203\" srcset=\"https:\/\/blogit.gradia.fi\/digipalvelut\/wp-content\/uploads\/sites\/99\/2019\/10\/image-1.png 598w, https:\/\/blogit.gradia.fi\/digipalvelut\/wp-content\/uploads\/sites\/99\/2019\/10\/image-1-300x136.png 300w\" sizes=\"(max-width: 449px) 100vw, 449px\" \/><\/figure>\n\n\n\n<ul class=\"wp-block-list\"><li>Arvosanoja ei ole oletuksena kategorioitu.<\/li><li>Hyv\u00e4ksymisrajalla m\u00e4\u00e4rit\u00e4t, mill\u00e4 pistem\u00e4\u00e4r\u00e4ll\u00e4 testi on suoritettu hyv\u00e4ksytysti. <\/li><li>P\u00e4\u00e4t\u00e4, montako kertaa opiskelija saa kyseist\u00e4 tentti-aktiviteettia suorittaa. Mik\u00e4li k\u00e4yt\u00e4t tentti-aktiviteettia harjoituksena, voit sallia rajoittamattoman m\u00e4\u00e4r\u00e4n suorituksia. Opettajana n\u00e4et opiskelijan jokaisen kerran kaikki vastaukset. <\/li><li>Arviointitavaksi voit valita <ul><li>korkein arvosana = eri suorituksien paras pistem\u00e4\u00e4r\u00e4<\/li><li>arviointien keskiarvo = eri suorituskertojen pistem\u00e4\u00e4rien keskiarvo<\/li><li>ensimm\u00e4isen suoritukerran pistem\u00e4\u00e4r\u00e4 <\/li><li>viimeisen suorituskerran pistem\u00e4\u00e4r\u00e4<\/li><\/ul><\/li><\/ul>\n\n\n\n<h3 class=\"wp-block-heading\">Kysymysten sijoittelu sivulle<\/h3>\n\n\n\n<figure class=\"wp-block-image\"><img decoding=\"async\" width=\"703\" height=\"193\" src=\"https:\/\/blogit.gradia.fi\/digipalvelut\/wp-content\/uploads\/sites\/99\/2019\/10\/image-2.png\" alt=\"Kuva Tentti-aktiviteetin asetuksista\" class=\"wp-image-1257\" srcset=\"https:\/\/blogit.gradia.fi\/digipalvelut\/wp-content\/uploads\/sites\/99\/2019\/10\/image-2.png 703w, https:\/\/blogit.gradia.fi\/digipalvelut\/wp-content\/uploads\/sites\/99\/2019\/10\/image-2-300x82.png 300w, https:\/\/blogit.gradia.fi\/digipalvelut\/wp-content\/uploads\/sites\/99\/2019\/10\/image-2-620x170.png 620w\" sizes=\"(max-width: 703px) 100vw, 703px\" \/><\/figure>\n\n\n\n<ul class=\"wp-block-list\"><li>Voit valita t\u00e4ss\u00e4, montako kysymyst\u00e4 per sivu opiskelijalle n\u00e4ytet\u00e4\u00e4n kerrallaan. Voit my\u00f6s muokata my\u00f6hemmin sivunvaihtojen paikkoja. Oletuksena on, ett\u00e4 kaikki kysymykset n\u00e4ytet\u00e4\u00e4n opettajan tekem\u00e4ss\u00e4 j\u00e4rjestyksess\u00e4, mutta kysymysten j\u00e4rjestyksen voit muuttaa sekoitetuksi my\u00f6hemmin.<\/li><li>Klikkaamalla n\u00e4yt\u00e4 enemm\u00e4n voit valita navigointimenetelm\u00e4n tenttiisi. Vapaa -valinnalla opiskelija voi liikkua edes takaisin tentiss\u00e4. <\/li><\/ul>\n\n\n\n<h3 class=\"wp-block-heading\">Kysymysten toiminta<\/h3>\n\n\n\n<figure class=\"wp-block-image\"><img loading=\"lazy\" decoding=\"async\" width=\"828\" height=\"304\" src=\"https:\/\/blogit.gradia.fi\/digipalvelut\/wp-content\/uploads\/sites\/99\/2019\/10\/image-3.png\" alt=\"Kuva Tentti-aktiviteetin asetuksista\" class=\"wp-image-1258\" srcset=\"https:\/\/blogit.gradia.fi\/digipalvelut\/wp-content\/uploads\/sites\/99\/2019\/10\/image-3.png 828w, https:\/\/blogit.gradia.fi\/digipalvelut\/wp-content\/uploads\/sites\/99\/2019\/10\/image-3-300x110.png 300w, https:\/\/blogit.gradia.fi\/digipalvelut\/wp-content\/uploads\/sites\/99\/2019\/10\/image-3-768x282.png 768w, https:\/\/blogit.gradia.fi\/digipalvelut\/wp-content\/uploads\/sites\/99\/2019\/10\/image-3-620x228.png 620w\" sizes=\"(max-width: 828px) 100vw, 828px\" \/><\/figure>\n\n\n\n<ul class=\"wp-block-list\"><li><strong>Sekoita kysymyksen osien j\u00e4rjestys<\/strong> -valinta sekoittaa kysymykset satunnaiseen j\u00e4rjestykseen joka kerta, kun vastaaja aloittaa tentin. T\u00e4m\u00e4n asetuksen tulee olla p\u00e4\u00e4ll\u00e4 my\u00f6s kysymyksen asetuksissa. <\/li><li>Kysymysten toimintatavassa voit valita, milloin tentti-aktiviteetti antaa opiskelijalle kysymykseen kirjoittamasi palautteen.<ul><li><strong>interaktiivinen, monta suorituskertaa<\/strong>:  opiskelija saa pisteet, oikeat vastaukset ja\/tai palautteen vasta, kun koko tentti on palautettu. Uudet yritykset eiv\u00e4t v\u00e4henn\u00e4 pisteit\u00e4. <\/li><li><strong>mukautuva tentti ja kysymykset<\/strong>: opiskelija saa tentin aikana opettajan kysymyksiin kirjoittamaa palautetta vastauksistaan ja voi vastata kysymyksiin heti uudelleen. Yritykset v\u00e4hent\u00e4v\u00e4t pisteit\u00e4. <\/li><li><strong>mukautuva tentti ilman pistev\u00e4hennyksi\u00e4<\/strong>: Sama kuin mukautuva tentti, mutta uudelleenvastaamisesta ei v\u00e4hennet\u00e4 pisteit\u00e4.<\/li><li><strong>Palaute tentin aikana, pyyd\u00e4 osaamisvarmuuden arviointi<\/strong>: Tentin aikana aktiviteetti pyyt\u00e4\u00e4 opiskelijaa arvioimaan tiesik\u00f6 h\u00e4n vastauksen vai tekik\u00f6 h\u00e4n arvauksen. <\/li><li><strong>N\u00e4yt\u00e4 palaute tentin lopuksi, pyyd\u00e4 osaamisvarmuuden arviointi<\/strong>: J\u00e4rjestelm\u00e4 pyyt\u00e4\u00e4 opiskelijaa arvioimaan tiesik\u00f6 h\u00e4n vastaukset vai arvasiko h\u00e4n ne. <\/li><li><strong>Palaute tentin lopuksi<\/strong>: on yleisimmin k\u00e4ytetty, t\u00e4ll\u00f6in opiskelija saa oikeat vastaukset tai palautteen <\/li><li> <strong>V\u00e4lit\u00f6n palaute<\/strong>: Opiskelija saa tentin aikana opettajan kysymyksen taakse kirjoittaman palautteen esim. vastattaessa v\u00e4\u00e4rin, mutta opiskelija ei voi en\u00e4\u00e4 vastata uudelleen. <\/li><\/ul><\/li><\/ul>\n\n\n\n<h3 class=\"wp-block-heading\">Tuloksista n\u00e4ytet\u00e4\u00e4n opiskelijoille<\/h3>\n\n\n\n<p>T\u00e4m\u00e4n osion asetuksilla m\u00e4\u00e4rittelet, mit\u00e4 tietoja opiskelijat saavat n\u00e4hd\u00e4 tentti\u00e4 tai tentin tuloksia katsoessaan. <\/p>\n\n\n\n<figure class=\"wp-block-image\"><img loading=\"lazy\" decoding=\"async\" width=\"930\" height=\"446\" src=\"https:\/\/blogit.gradia.fi\/digipalvelut\/wp-content\/uploads\/sites\/99\/2019\/10\/image-4.png\" alt=\"Kuva Tentti-aktiviteetin asetuksista\" class=\"wp-image-1264\" srcset=\"https:\/\/blogit.gradia.fi\/digipalvelut\/wp-content\/uploads\/sites\/99\/2019\/10\/image-4.png 930w, https:\/\/blogit.gradia.fi\/digipalvelut\/wp-content\/uploads\/sites\/99\/2019\/10\/image-4-300x144.png 300w, https:\/\/blogit.gradia.fi\/digipalvelut\/wp-content\/uploads\/sites\/99\/2019\/10\/image-4-768x368.png 768w, https:\/\/blogit.gradia.fi\/digipalvelut\/wp-content\/uploads\/sites\/99\/2019\/10\/image-4-620x297.png 620w\" sizes=\"(max-width: 930px) 100vw, 930px\" \/><\/figure>\n\n\n\n<ul class=\"wp-block-list\"><li><strong>Heti suorituksen j\u00e4lkeen<\/strong> tarkoittaa, ett\u00e4 opiskelija saa tulokset kahden minuutin sis\u00e4ll\u00e4 Tallenna kaikki ja lopeta -painikkeen painamisen j\u00e4lkeen. <\/li><li><strong>My\u00f6hemmin, kun tentti on yh\u00e4 auki<\/strong> tarkoittaa tuon em. kahden minuutin j\u00e4lkeist\u00e4 aikaa, mik\u00e4 ajastetuilla tenteill\u00e4 p\u00e4\u00e4ttyy tentin p\u00e4\u00e4ttymisaikaan. <\/li><li><strong>Kun tentti on suljettu <\/strong>koskee vain ajastettujen tenttien p\u00e4\u00e4ttymisajan j\u00e4lkeist\u00e4 aikaa. Jos tentill\u00e4 ei ole p\u00e4\u00e4ttymisaikaa, n\u00e4it\u00e4 asetuksia ei tarvita.<\/li><\/ul>\n\n\n\n<h3 class=\"wp-block-heading\">N\u00e4kyvyyteen liittyv\u00e4t asetukset<\/h3>\n\n\n\n<figure class=\"wp-block-image is-resized\"><img loading=\"lazy\" decoding=\"async\" src=\"https:\/\/blogit.gradia.fi\/digipalvelut\/wp-content\/uploads\/sites\/99\/2019\/10\/image-6.png\" alt=\"Kuva Tentti-aktiviteetin asetuksista\" class=\"wp-image-1267\" width=\"365\" height=\"118\" srcset=\"https:\/\/blogit.gradia.fi\/digipalvelut\/wp-content\/uploads\/sites\/99\/2019\/10\/image-6.png 486w, https:\/\/blogit.gradia.fi\/digipalvelut\/wp-content\/uploads\/sites\/99\/2019\/10\/image-6-300x97.png 300w\" sizes=\"(max-width: 365px) 100vw, 365px\" \/><\/figure>\n\n\n\n<ul class=\"wp-block-list\"><li><strong>n\u00e4yt\u00e4 k\u00e4ytt\u00e4j\u00e4n kuva<\/strong>: mik\u00e4li sallit opiskelijan kuvan, niin n\u00e4et sen  ruudulla tentin j\u00e4lkeen tentti\u00e4 tarkasteltaessa.<\/li><\/ul>\n\n\n\n<h3 class=\"wp-block-heading\">Ylim\u00e4\u00e4r\u00e4iset rajoitukset suorituskerroissa<\/h3>\n\n\n\n<figure class=\"wp-block-image\"><img loading=\"lazy\" decoding=\"async\" width=\"875\" height=\"395\" src=\"https:\/\/blogit.gradia.fi\/digipalvelut\/wp-content\/uploads\/sites\/99\/2019\/10\/image-7.png\" alt=\"\" class=\"wp-image-1268\" srcset=\"https:\/\/blogit.gradia.fi\/digipalvelut\/wp-content\/uploads\/sites\/99\/2019\/10\/image-7.png 875w, https:\/\/blogit.gradia.fi\/digipalvelut\/wp-content\/uploads\/sites\/99\/2019\/10\/image-7-300x135.png 300w, https:\/\/blogit.gradia.fi\/digipalvelut\/wp-content\/uploads\/sites\/99\/2019\/10\/image-7-768x347.png 768w, https:\/\/blogit.gradia.fi\/digipalvelut\/wp-content\/uploads\/sites\/99\/2019\/10\/image-7-620x280.png 620w\" sizes=\"(max-width: 875px) 100vw, 875px\" \/><\/figure>\n\n\n\n<ul class=\"wp-block-list\"><li>voit halutessasi suojata tentin salasanalla<\/li><li>voit rajata sen mist\u00e4 IP-osoitteesta opiskelijat p\u00e4\u00e4sev\u00e4t tenttiin<\/li><li>voit asettaa viiveen ensimm\u00e4isen ja toisen suorituskerran v\u00e4liin sek\u00e4 my\u00f6hempien yritysten v\u00e4lille.<\/li><li>Selaimen tietoturva asetuksella voit hankaloittaa hieman oppilaiden selaimen k\u00e4ytt\u00f6\u00e4 siten, ett\u00e4 tekstin suora kopiointi on hankalampaa, mutta et voi t\u00e4ysin est\u00e4\u00e4 n\u00e4it\u00e4 toimintoja.<\/li><\/ul>\n\n\n\n<h3 class=\"wp-block-heading\">Palaute kokonaisuudesta<\/h3>\n\n\n\n<p>N\u00e4ytet\u00e4\u00e4n opiskelijalle tenttisuorituksen j\u00e4lkeen. Mik\u00e4li arvosanarajat ovat k\u00e4yt\u00f6ss\u00e4, voi n\u00e4ytett\u00e4v\u00e4 teksti riippua saadusta arvosanasta. <\/p>\n\n\n\n<p>Moduulien yleiset asetukset, Rajoita p\u00e4\u00e4sy sek\u00e4 opiskelijoiden edistymisen seuranta ovat samat kuin kaikissa muissakin aktiviteeteiss\u00e4. <br><\/p>\n","protected":false},"excerpt":{"rendered":"<p>Tentti -aktiviteeti lis\u00e4t\u00e4\u00e4n kurssialueelle Lis\u00e4\u00e4 aktiviteetti tai aineisto -painikkeesta. Mene siis ty\u00f6tilassasi siihen osioon, johon haluat tentti-aktiviteetin luoda ja valitse Lis\u00e4\u00e4 aktiviteetti ja aineisto. Valitse Tentti ja anna Tentille nimi. Teht\u00e4v\u00e4nanto -ikkuna n\u00e4kyy opiskelijoilla heid\u00e4n aloittaessaan tentin suorittamista. Kirjoita voit kirjoittaa ohjeita tentin suorittamisesta, kuten rajoitettu suoritusaika, suorituskertojen m\u00e4\u00e4r\u00e4, pisteytys [&hellip;]<\/p>\n","protected":false},"author":165,"featured_media":0,"parent":76,"menu_order":0,"comment_status":"closed","ping_status":"closed","template":"","meta":{"_uag_custom_page_level_css":"","footnotes":""},"class_list":["post-1007","page","type-page","status-publish","hentry"],"yoast_head":"<!-- This site is optimized with the Yoast SEO plugin v27.5 - https:\/\/yoast.com\/product\/yoast-seo-wordpress\/ -->\n<title>Tentti-aktiviteetin luominen - Gradia Digipalvelut<\/title>\n<meta name=\"robots\" content=\"index, follow, max-snippet:-1, max-image-preview:large, max-video-preview:-1\" \/>\n<link rel=\"canonical\" href=\"https:\/\/blogit.gradia.fi\/digipalvelut\/ohjeita-ja-vinkkeja\/moodle\/tentti-aktiviteetin-luominen\/\" \/>\n<meta property=\"og:locale\" content=\"fi_FI\" \/>\n<meta property=\"og:type\" content=\"article\" \/>\n<meta property=\"og:title\" content=\"Tentti-aktiviteetin luominen - Gradia Digipalvelut\" \/>\n<meta property=\"og:description\" content=\"Tentti -aktiviteeti lis\u00e4t\u00e4\u00e4n kurssialueelle Lis\u00e4\u00e4 aktiviteetti tai aineisto -painikkeesta. Mene siis ty\u00f6tilassasi siihen osioon, johon haluat tentti-aktiviteetin luoda ja valitse Lis\u00e4\u00e4 aktiviteetti ja aineisto. Valitse Tentti ja anna Tentille nimi. Teht\u00e4v\u00e4nanto -ikkuna n\u00e4kyy opiskelijoilla heid\u00e4n aloittaessaan tentin suorittamista. Kirjoita voit kirjoittaa ohjeita tentin suorittamisesta, kuten rajoitettu suoritusaika, suorituskertojen m\u00e4\u00e4r\u00e4, pisteytys [&hellip;]\" \/>\n<meta property=\"og:url\" content=\"https:\/\/blogit.gradia.fi\/digipalvelut\/ohjeita-ja-vinkkeja\/moodle\/tentti-aktiviteetin-luominen\/\" \/>\n<meta property=\"og:site_name\" content=\"Gradia Digipalvelut\" \/>\n<meta property=\"article:modified_time\" content=\"2019-10-17T12:25:09+00:00\" \/>\n<meta property=\"og:image\" content=\"https:\/\/blogit.gradia.fi\/digipalvelut\/wp-content\/uploads\/sites\/99\/2019\/10\/image.png\" \/>\n<meta name=\"twitter:card\" content=\"summary_large_image\" \/>\n<meta name=\"twitter:label1\" content=\"Arvioitu lukuaika\" \/>\n\t<meta name=\"twitter:data1\" content=\"3 minuuttia\" \/>\n<script type=\"application\/ld+json\" class=\"yoast-schema-graph\">{\"@context\":\"https:\\\/\\\/schema.org\",\"@graph\":[{\"@type\":\"WebPage\",\"@id\":\"https:\\\/\\\/blogit.gradia.fi\\\/digipalvelut\\\/ohjeita-ja-vinkkeja\\\/moodle\\\/tentti-aktiviteetin-luominen\\\/\",\"url\":\"https:\\\/\\\/blogit.gradia.fi\\\/digipalvelut\\\/ohjeita-ja-vinkkeja\\\/moodle\\\/tentti-aktiviteetin-luominen\\\/\",\"name\":\"Tentti-aktiviteetin luominen - Gradia Digipalvelut\",\"isPartOf\":{\"@id\":\"https:\\\/\\\/blogit.gradia.fi\\\/digipalvelut\\\/#website\"},\"primaryImageOfPage\":{\"@id\":\"https:\\\/\\\/blogit.gradia.fi\\\/digipalvelut\\\/ohjeita-ja-vinkkeja\\\/moodle\\\/tentti-aktiviteetin-luominen\\\/#primaryimage\"},\"image\":{\"@id\":\"https:\\\/\\\/blogit.gradia.fi\\\/digipalvelut\\\/ohjeita-ja-vinkkeja\\\/moodle\\\/tentti-aktiviteetin-luominen\\\/#primaryimage\"},\"thumbnailUrl\":\"https:\\\/\\\/blogit.gradia.fi\\\/digipalvelut\\\/wp-content\\\/uploads\\\/sites\\\/99\\\/2019\\\/10\\\/image.png\",\"datePublished\":\"2019-09-16T10:03:51+00:00\",\"dateModified\":\"2019-10-17T12:25:09+00:00\",\"breadcrumb\":{\"@id\":\"https:\\\/\\\/blogit.gradia.fi\\\/digipalvelut\\\/ohjeita-ja-vinkkeja\\\/moodle\\\/tentti-aktiviteetin-luominen\\\/#breadcrumb\"},\"inLanguage\":\"fi\",\"potentialAction\":[{\"@type\":\"ReadAction\",\"target\":[\"https:\\\/\\\/blogit.gradia.fi\\\/digipalvelut\\\/ohjeita-ja-vinkkeja\\\/moodle\\\/tentti-aktiviteetin-luominen\\\/\"]}]},{\"@type\":\"ImageObject\",\"inLanguage\":\"fi\",\"@id\":\"https:\\\/\\\/blogit.gradia.fi\\\/digipalvelut\\\/ohjeita-ja-vinkkeja\\\/moodle\\\/tentti-aktiviteetin-luominen\\\/#primaryimage\",\"url\":\"https:\\\/\\\/blogit.gradia.fi\\\/digipalvelut\\\/wp-content\\\/uploads\\\/sites\\\/99\\\/2019\\\/10\\\/image.png\",\"contentUrl\":\"https:\\\/\\\/blogit.gradia.fi\\\/digipalvelut\\\/wp-content\\\/uploads\\\/sites\\\/99\\\/2019\\\/10\\\/image.png\",\"width\":993,\"height\":329},{\"@type\":\"BreadcrumbList\",\"@id\":\"https:\\\/\\\/blogit.gradia.fi\\\/digipalvelut\\\/ohjeita-ja-vinkkeja\\\/moodle\\\/tentti-aktiviteetin-luominen\\\/#breadcrumb\",\"itemListElement\":[{\"@type\":\"ListItem\",\"position\":1,\"name\":\"Ohjeita ja vinkkej\u00e4\",\"item\":\"https:\\\/\\\/blogit.gradia.fi\\\/digipalvelut\\\/ohjeita-ja-vinkkeja\\\/\"},{\"@type\":\"ListItem\",\"position\":2,\"name\":\"Moodle\",\"item\":\"https:\\\/\\\/blogit.gradia.fi\\\/digipalvelut\\\/ohjeita-ja-vinkkeja\\\/moodle\\\/\"},{\"@type\":\"ListItem\",\"position\":3,\"name\":\"Tentti-aktiviteetin luominen\"}]},{\"@type\":\"WebSite\",\"@id\":\"https:\\\/\\\/blogit.gradia.fi\\\/digipalvelut\\\/#website\",\"url\":\"https:\\\/\\\/blogit.gradia.fi\\\/digipalvelut\\\/\",\"name\":\"Gradia Digipalvelut\",\"description\":\"Astetta enemm\u00e4n digi\u00e4\",\"publisher\":{\"@id\":\"https:\\\/\\\/blogit.gradia.fi\\\/digipalvelut\\\/#organization\"},\"potentialAction\":[{\"@type\":\"SearchAction\",\"target\":{\"@type\":\"EntryPoint\",\"urlTemplate\":\"https:\\\/\\\/blogit.gradia.fi\\\/digipalvelut\\\/?s={search_term_string}\"},\"query-input\":{\"@type\":\"PropertyValueSpecification\",\"valueRequired\":true,\"valueName\":\"search_term_string\"}}],\"inLanguage\":\"fi\"},{\"@type\":\"Organization\",\"@id\":\"https:\\\/\\\/blogit.gradia.fi\\\/digipalvelut\\\/#organization\",\"name\":\"Gradia Digipalvelut\",\"url\":\"https:\\\/\\\/blogit.gradia.fi\\\/digipalvelut\\\/\",\"logo\":{\"@type\":\"ImageObject\",\"inLanguage\":\"fi\",\"@id\":\"https:\\\/\\\/blogit.gradia.fi\\\/digipalvelut\\\/#\\\/schema\\\/logo\\\/image\\\/\",\"url\":\"https:\\\/\\\/blogit.gradia.fi\\\/digipalvelut\\\/wp-content\\\/uploads\\\/sites\\\/99\\\/2019\\\/06\\\/cropped-Gradia_logo_Cyber_TRANSPARENT.png\",\"contentUrl\":\"https:\\\/\\\/blogit.gradia.fi\\\/digipalvelut\\\/wp-content\\\/uploads\\\/sites\\\/99\\\/2019\\\/06\\\/cropped-Gradia_logo_Cyber_TRANSPARENT.png\",\"width\":316,\"height\":382,\"caption\":\"Gradia Digipalvelut\"},\"image\":{\"@id\":\"https:\\\/\\\/blogit.gradia.fi\\\/digipalvelut\\\/#\\\/schema\\\/logo\\\/image\\\/\"}}]}<\/script>\n<!-- \/ Yoast SEO plugin. -->","yoast_head_json":{"title":"Tentti-aktiviteetin luominen - Gradia Digipalvelut","robots":{"index":"index","follow":"follow","max-snippet":"max-snippet:-1","max-image-preview":"max-image-preview:large","max-video-preview":"max-video-preview:-1"},"canonical":"https:\/\/blogit.gradia.fi\/digipalvelut\/ohjeita-ja-vinkkeja\/moodle\/tentti-aktiviteetin-luominen\/","og_locale":"fi_FI","og_type":"article","og_title":"Tentti-aktiviteetin luominen - Gradia Digipalvelut","og_description":"Tentti -aktiviteeti lis\u00e4t\u00e4\u00e4n kurssialueelle Lis\u00e4\u00e4 aktiviteetti tai aineisto -painikkeesta. Mene siis ty\u00f6tilassasi siihen osioon, johon haluat tentti-aktiviteetin luoda ja valitse Lis\u00e4\u00e4 aktiviteetti ja aineisto. Valitse Tentti ja anna Tentille nimi. Teht\u00e4v\u00e4nanto -ikkuna n\u00e4kyy opiskelijoilla heid\u00e4n aloittaessaan tentin suorittamista. Kirjoita voit kirjoittaa ohjeita tentin suorittamisesta, kuten rajoitettu suoritusaika, suorituskertojen m\u00e4\u00e4r\u00e4, pisteytys [&hellip;]","og_url":"https:\/\/blogit.gradia.fi\/digipalvelut\/ohjeita-ja-vinkkeja\/moodle\/tentti-aktiviteetin-luominen\/","og_site_name":"Gradia Digipalvelut","article_modified_time":"2019-10-17T12:25:09+00:00","og_image":[{"url":"https:\/\/blogit.gradia.fi\/digipalvelut\/wp-content\/uploads\/sites\/99\/2019\/10\/image.png","type":"","width":"","height":""}],"twitter_card":"summary_large_image","twitter_misc":{"Arvioitu lukuaika":"3 minuuttia"},"schema":{"@context":"https:\/\/schema.org","@graph":[{"@type":"WebPage","@id":"https:\/\/blogit.gradia.fi\/digipalvelut\/ohjeita-ja-vinkkeja\/moodle\/tentti-aktiviteetin-luominen\/","url":"https:\/\/blogit.gradia.fi\/digipalvelut\/ohjeita-ja-vinkkeja\/moodle\/tentti-aktiviteetin-luominen\/","name":"Tentti-aktiviteetin luominen - Gradia Digipalvelut","isPartOf":{"@id":"https:\/\/blogit.gradia.fi\/digipalvelut\/#website"},"primaryImageOfPage":{"@id":"https:\/\/blogit.gradia.fi\/digipalvelut\/ohjeita-ja-vinkkeja\/moodle\/tentti-aktiviteetin-luominen\/#primaryimage"},"image":{"@id":"https:\/\/blogit.gradia.fi\/digipalvelut\/ohjeita-ja-vinkkeja\/moodle\/tentti-aktiviteetin-luominen\/#primaryimage"},"thumbnailUrl":"https:\/\/blogit.gradia.fi\/digipalvelut\/wp-content\/uploads\/sites\/99\/2019\/10\/image.png","datePublished":"2019-09-16T10:03:51+00:00","dateModified":"2019-10-17T12:25:09+00:00","breadcrumb":{"@id":"https:\/\/blogit.gradia.fi\/digipalvelut\/ohjeita-ja-vinkkeja\/moodle\/tentti-aktiviteetin-luominen\/#breadcrumb"},"inLanguage":"fi","potentialAction":[{"@type":"ReadAction","target":["https:\/\/blogit.gradia.fi\/digipalvelut\/ohjeita-ja-vinkkeja\/moodle\/tentti-aktiviteetin-luominen\/"]}]},{"@type":"ImageObject","inLanguage":"fi","@id":"https:\/\/blogit.gradia.fi\/digipalvelut\/ohjeita-ja-vinkkeja\/moodle\/tentti-aktiviteetin-luominen\/#primaryimage","url":"https:\/\/blogit.gradia.fi\/digipalvelut\/wp-content\/uploads\/sites\/99\/2019\/10\/image.png","contentUrl":"https:\/\/blogit.gradia.fi\/digipalvelut\/wp-content\/uploads\/sites\/99\/2019\/10\/image.png","width":993,"height":329},{"@type":"BreadcrumbList","@id":"https:\/\/blogit.gradia.fi\/digipalvelut\/ohjeita-ja-vinkkeja\/moodle\/tentti-aktiviteetin-luominen\/#breadcrumb","itemListElement":[{"@type":"ListItem","position":1,"name":"Ohjeita ja vinkkej\u00e4","item":"https:\/\/blogit.gradia.fi\/digipalvelut\/ohjeita-ja-vinkkeja\/"},{"@type":"ListItem","position":2,"name":"Moodle","item":"https:\/\/blogit.gradia.fi\/digipalvelut\/ohjeita-ja-vinkkeja\/moodle\/"},{"@type":"ListItem","position":3,"name":"Tentti-aktiviteetin luominen"}]},{"@type":"WebSite","@id":"https:\/\/blogit.gradia.fi\/digipalvelut\/#website","url":"https:\/\/blogit.gradia.fi\/digipalvelut\/","name":"Gradia Digipalvelut","description":"Astetta enemm\u00e4n digi\u00e4","publisher":{"@id":"https:\/\/blogit.gradia.fi\/digipalvelut\/#organization"},"potentialAction":[{"@type":"SearchAction","target":{"@type":"EntryPoint","urlTemplate":"https:\/\/blogit.gradia.fi\/digipalvelut\/?s={search_term_string}"},"query-input":{"@type":"PropertyValueSpecification","valueRequired":true,"valueName":"search_term_string"}}],"inLanguage":"fi"},{"@type":"Organization","@id":"https:\/\/blogit.gradia.fi\/digipalvelut\/#organization","name":"Gradia Digipalvelut","url":"https:\/\/blogit.gradia.fi\/digipalvelut\/","logo":{"@type":"ImageObject","inLanguage":"fi","@id":"https:\/\/blogit.gradia.fi\/digipalvelut\/#\/schema\/logo\/image\/","url":"https:\/\/blogit.gradia.fi\/digipalvelut\/wp-content\/uploads\/sites\/99\/2019\/06\/cropped-Gradia_logo_Cyber_TRANSPARENT.png","contentUrl":"https:\/\/blogit.gradia.fi\/digipalvelut\/wp-content\/uploads\/sites\/99\/2019\/06\/cropped-Gradia_logo_Cyber_TRANSPARENT.png","width":316,"height":382,"caption":"Gradia Digipalvelut"},"image":{"@id":"https:\/\/blogit.gradia.fi\/digipalvelut\/#\/schema\/logo\/image\/"}}]}},"uagb_featured_image_src":{"full":false,"thumbnail":false,"medium":false,"medium_large":false,"large":false,"1536x1536":false,"2048x2048":false,"hestia-blog":false},"uagb_author_info":{"display_name":"Heini Pennanen","author_link":"https:\/\/blogit.gradia.fi\/digipalvelut\/author\/pennahei\/"},"uagb_comment_info":0,"uagb_excerpt":"Tentti -aktiviteeti lis\u00e4t\u00e4\u00e4n kurssialueelle Lis\u00e4\u00e4 aktiviteetti tai aineisto -painikkeesta. Mene siis ty\u00f6tilassasi siihen osioon, johon haluat tentti-aktiviteetin luoda ja valitse Lis\u00e4\u00e4 aktiviteetti ja aineisto. Valitse Tentti ja anna Tentille nimi. Teht\u00e4v\u00e4nanto -ikkuna n\u00e4kyy opiskelijoilla heid\u00e4n aloittaessaan tentin suorittamista. Kirjoita voit kirjoittaa ohjeita tentin suorittamisesta, kuten rajoitettu suoritusaika, suorituskertojen m\u00e4\u00e4r\u00e4, pisteytys [&hellip;]","_links":{"self":[{"href":"https:\/\/blogit.gradia.fi\/digipalvelut\/wp-json\/wp\/v2\/pages\/1007","targetHints":{"allow":["GET"]}}],"collection":[{"href":"https:\/\/blogit.gradia.fi\/digipalvelut\/wp-json\/wp\/v2\/pages"}],"about":[{"href":"https:\/\/blogit.gradia.fi\/digipalvelut\/wp-json\/wp\/v2\/types\/page"}],"author":[{"embeddable":true,"href":"https:\/\/blogit.gradia.fi\/digipalvelut\/wp-json\/wp\/v2\/users\/165"}],"replies":[{"embeddable":true,"href":"https:\/\/blogit.gradia.fi\/digipalvelut\/wp-json\/wp\/v2\/comments?post=1007"}],"version-history":[{"count":29,"href":"https:\/\/blogit.gradia.fi\/digipalvelut\/wp-json\/wp\/v2\/pages\/1007\/revisions"}],"predecessor-version":[{"id":1270,"href":"https:\/\/blogit.gradia.fi\/digipalvelut\/wp-json\/wp\/v2\/pages\/1007\/revisions\/1270"}],"up":[{"embeddable":true,"href":"https:\/\/blogit.gradia.fi\/digipalvelut\/wp-json\/wp\/v2\/pages\/76"}],"wp:attachment":[{"href":"https:\/\/blogit.gradia.fi\/digipalvelut\/wp-json\/wp\/v2\/media?parent=1007"}],"curies":[{"name":"wp","href":"https:\/\/api.w.org\/{rel}","templated":true}]}}