{"id":25,"date":"2021-12-15T13:47:58","date_gmt":"2021-12-15T11:47:58","guid":{"rendered":"https:\/\/blogit.gradia.fi\/digiluoto\/?page_id=25"},"modified":"2022-12-05T10:22:08","modified_gmt":"2022-12-05T08:22:08","slug":"vuorovaikutteinen-tyoskentely-etaopetuksessa-ja-tapahtumissa","status":"publish","type":"page","link":"https:\/\/blogit.gradia.fi\/digiluoto\/vuorovaikutteinen-tyoskentely-etaopetuksessa-ja-tapahtumissa\/","title":{"rendered":"Vuorovaikutteinen ty\u00f6skentely et\u00e4opetuksessa ja -tapahtumissa (1 op)"},"content":{"rendered":"\n<p> Koulutuksessa opitaan verkossa j\u00e4rjestett\u00e4vien tapahtumien fasilitoinnin perusteita ennen kaikkea opetuksen ja ohjauksen n\u00e4k\u00f6kulmasta. Erityisesti koulutuksessa painotetaan verkon v\u00e4lityksell\u00e4 teht\u00e4v\u00e4n yhteisty\u00f6n ja vuorovaikutuksen aikaansaamista. Koulutuksen j\u00e4lkeen osallistuja osaa suunnitella ryhm\u00e4ty\u00f6skentely\u00e4 et\u00e4opetuksessa ja ymm\u00e4rt\u00e4\u00e4 webinaarien haasteet ja edut. Kouluksen aikana osallistujat tekev\u00e4t omaan tarpeeseensa sopivan kehitt\u00e4misteht\u00e4v\u00e4n, jonka avulla jokainen luo ja toteuttaa verkko-opetuksen \/ webinaarikokeilun. <\/p>\n\n\n\n<div class=\"wp-block-media-text alignwide is-stacked-on-mobile\"><figure class=\"wp-block-media-text__media\"><img fetchpriority=\"high\" decoding=\"async\" width=\"479\" height=\"540\" src=\"https:\/\/blogit.gradia.fi\/digiluoto\/wp-content\/uploads\/sites\/277\/2021\/12\/Kuva4.jpg\" alt=\"\" class=\"wp-image-27 size-full\" srcset=\"https:\/\/blogit.gradia.fi\/digiluoto\/wp-content\/uploads\/sites\/277\/2021\/12\/Kuva4.jpg 479w, https:\/\/blogit.gradia.fi\/digiluoto\/wp-content\/uploads\/sites\/277\/2021\/12\/Kuva4-266x300.jpg 266w\" sizes=\"(max-width: 479px) 100vw, 479px\" \/><\/figure><div class=\"wp-block-media-text__content\">\n<p style=\"font-size:30px\">Kenelle?<\/p>\n\n\n\n<p>Sinulle, joka tarvitset ideoita verkkossa tapahtuvan opetuksen tai ryhmien ty\u00f6skentelyn aktivoimiseen.<\/p>\n\n\n\n<p style=\"font-size:30px\">Aikataulu?<\/p>\n\n\n\n<ul class=\"wp-block-list\"><li>Alkuwebinaari <ul><li>1.9.2022 14 &#8211; 16.15<\/li><\/ul><\/li><li>2 l\u00e4hi-iltap\u00e4iv\u00e4\u00e4 (voit osallistua my\u00f6s Teamsin kautta)<ul><li>1.12.2022 14 &#8211; 16.15<\/li><li>15.12.2022 14 &#8211; 16.15<\/li><\/ul><\/li><li>P\u00e4\u00e4tt\u00f6webinaari<ul><li>31.1.2023 14 &#8211; 16.15<\/li><\/ul><\/li><li>Kesto 12 h kontaktia ja 15 h itsen\u00e4ist\u00e4 ty\u00f6skentely\u00e4 sis\u00e4lt\u00e4en kehitt\u00e4misteht\u00e4v\u00e4n<\/li><\/ul>\n\n\n\n<p style=\"font-size:30px\">Huomioitavaa?<\/p>\n\n\n\n<p>Oma tietokone mukaan. P\u00e4\u00e4tt\u00f6webinaari tallennetaan ja julkaistaan koulutuksen p\u00e4\u00e4ttymisen j\u00e4lkeen aoe.fi -palvelussa. <\/p>\n\n\n\n<p>Voit osallistua koulutukseen my\u00f6s et\u00e4n\u00e4!<\/p>\n\n\n\n<p style=\"font-size:30px\">Ilmoittautuminen?<\/p>\n\n\n\n<p>Ilmoittautuminen on p\u00e4\u00e4ttynyt!<\/p>\n\n\n\n<div class=\"wp-block-buttons is-layout-flex wp-block-buttons-is-layout-flex\"><\/div>\n<\/div><\/div>\n\n\n\n<p><\/p>\n\n\n\n<figure class=\"wp-block-image aligncenter size-large is-resized\"><img decoding=\"async\" src=\"https:\/\/blogit.gradia.fi\/digiluoto\/wp-content\/uploads\/sites\/277\/2021\/12\/Nimeton-suunn.malli-1-1024x585.png\" alt=\"DigiLuoto -hankkeen logo, Gradian logo ja Opetushallituksen logo\" class=\"wp-image-100\" width=\"335\" height=\"191\" srcset=\"https:\/\/blogit.gradia.fi\/digiluoto\/wp-content\/uploads\/sites\/277\/2021\/12\/Nimeton-suunn.malli-1-1024x585.png 1024w, https:\/\/blogit.gradia.fi\/digiluoto\/wp-content\/uploads\/sites\/277\/2021\/12\/Nimeton-suunn.malli-1-300x171.png 300w, https:\/\/blogit.gradia.fi\/digiluoto\/wp-content\/uploads\/sites\/277\/2021\/12\/Nimeton-suunn.malli-1-768x439.png 768w, https:\/\/blogit.gradia.fi\/digiluoto\/wp-content\/uploads\/sites\/277\/2021\/12\/Nimeton-suunn.malli-1.png 1050w\" sizes=\"(max-width: 335px) 100vw, 335px\" \/><\/figure>\n","protected":false},"excerpt":{"rendered":"<p>Koulutuksessa opitaan verkossa j\u00e4rjestett\u00e4vien tapahtumien fasilitoinnin perusteita ennen kaikkea opetuksen ja ohjauksen n\u00e4k\u00f6kulmasta. Erityisesti koulutuksessa painotetaan verkon v\u00e4lityksell\u00e4 teht\u00e4v\u00e4n yhteisty\u00f6n ja vuorovaikutuksen aikaansaamista. Koulutuksen j\u00e4lkeen osallistuja osaa suunnitella ryhm\u00e4ty\u00f6skentely\u00e4 et\u00e4opetuksessa ja ymm\u00e4rt\u00e4\u00e4 webinaarien haasteet ja edut. Kouluksen aikana osallistujat tekev\u00e4t omaan tarpeeseensa sopivan kehitt\u00e4misteht\u00e4v\u00e4n, jonka avulla jokainen luo ja toteuttaa verkko-opetuksen \/ webinaarikokeilun.<\/p>\n","protected":false},"author":403,"featured_media":0,"parent":0,"menu_order":0,"comment_status":"closed","ping_status":"closed","template":"","meta":{"_uag_custom_page_level_css":"","footnotes":""},"class_list":["post-25","page","type-page","status-publish","hentry"],"yoast_head":"<!-- This site is optimized with the Yoast SEO plugin v27.5 - https:\/\/yoast.com\/product\/yoast-seo-wordpress\/ -->\n<title>Vuorovaikutteinen ty\u00f6skentely et\u00e4opetuksessa ja -tapahtumissa (1 op) - DigiLuoto<\/title>\n<meta name=\"robots\" content=\"index, follow, max-snippet:-1, max-image-preview:large, max-video-preview:-1\" \/>\n<link rel=\"canonical\" href=\"https:\/\/blogit.gradia.fi\/digiluoto\/vuorovaikutteinen-tyoskentely-etaopetuksessa-ja-tapahtumissa\/\" \/>\n<meta property=\"og:locale\" content=\"fi_FI\" \/>\n<meta property=\"og:type\" content=\"article\" \/>\n<meta property=\"og:title\" content=\"Vuorovaikutteinen ty\u00f6skentely et\u00e4opetuksessa ja -tapahtumissa (1 op) - DigiLuoto\" \/>\n<meta property=\"og:description\" content=\"Koulutuksessa opitaan verkossa j\u00e4rjestett\u00e4vien tapahtumien fasilitoinnin perusteita ennen kaikkea opetuksen ja ohjauksen n\u00e4k\u00f6kulmasta. Erityisesti koulutuksessa painotetaan verkon v\u00e4lityksell\u00e4 teht\u00e4v\u00e4n yhteisty\u00f6n ja vuorovaikutuksen aikaansaamista. Koulutuksen j\u00e4lkeen osallistuja osaa suunnitella ryhm\u00e4ty\u00f6skentely\u00e4 et\u00e4opetuksessa ja ymm\u00e4rt\u00e4\u00e4 webinaarien haasteet ja edut. Kouluksen aikana osallistujat tekev\u00e4t omaan tarpeeseensa sopivan kehitt\u00e4misteht\u00e4v\u00e4n, jonka avulla jokainen luo ja toteuttaa verkko-opetuksen \/ webinaarikokeilun.\" \/>\n<meta property=\"og:url\" content=\"https:\/\/blogit.gradia.fi\/digiluoto\/vuorovaikutteinen-tyoskentely-etaopetuksessa-ja-tapahtumissa\/\" \/>\n<meta property=\"og:site_name\" content=\"DigiLuoto\" \/>\n<meta property=\"article:modified_time\" content=\"2022-12-05T08:22:08+00:00\" \/>\n<meta property=\"og:image\" content=\"https:\/\/blogit.gradia.fi\/digiluoto\/wp-content\/uploads\/sites\/277\/2021\/12\/Kuva4.jpg\" \/>\n<meta name=\"twitter:card\" content=\"summary_large_image\" \/>\n<meta name=\"twitter:label1\" content=\"Arvioitu lukuaika\" \/>\n\t<meta name=\"twitter:data1\" content=\"2 minuuttia\" \/>\n<script type=\"application\/ld+json\" class=\"yoast-schema-graph\">{\"@context\":\"https:\\\/\\\/schema.org\",\"@graph\":[{\"@type\":\"WebPage\",\"@id\":\"https:\\\/\\\/blogit.gradia.fi\\\/digiluoto\\\/vuorovaikutteinen-tyoskentely-etaopetuksessa-ja-tapahtumissa\\\/\",\"url\":\"https:\\\/\\\/blogit.gradia.fi\\\/digiluoto\\\/vuorovaikutteinen-tyoskentely-etaopetuksessa-ja-tapahtumissa\\\/\",\"name\":\"Vuorovaikutteinen ty\u00f6skentely et\u00e4opetuksessa ja -tapahtumissa (1 op) - DigiLuoto\",\"isPartOf\":{\"@id\":\"https:\\\/\\\/blogit.gradia.fi\\\/digiluoto\\\/#website\"},\"primaryImageOfPage\":{\"@id\":\"https:\\\/\\\/blogit.gradia.fi\\\/digiluoto\\\/vuorovaikutteinen-tyoskentely-etaopetuksessa-ja-tapahtumissa\\\/#primaryimage\"},\"image\":{\"@id\":\"https:\\\/\\\/blogit.gradia.fi\\\/digiluoto\\\/vuorovaikutteinen-tyoskentely-etaopetuksessa-ja-tapahtumissa\\\/#primaryimage\"},\"thumbnailUrl\":\"https:\\\/\\\/blogit.gradia.fi\\\/digiluoto\\\/wp-content\\\/uploads\\\/sites\\\/277\\\/2021\\\/12\\\/Kuva4.jpg\",\"datePublished\":\"2021-12-15T11:47:58+00:00\",\"dateModified\":\"2022-12-05T08:22:08+00:00\",\"breadcrumb\":{\"@id\":\"https:\\\/\\\/blogit.gradia.fi\\\/digiluoto\\\/vuorovaikutteinen-tyoskentely-etaopetuksessa-ja-tapahtumissa\\\/#breadcrumb\"},\"inLanguage\":\"fi\",\"potentialAction\":[{\"@type\":\"ReadAction\",\"target\":[\"https:\\\/\\\/blogit.gradia.fi\\\/digiluoto\\\/vuorovaikutteinen-tyoskentely-etaopetuksessa-ja-tapahtumissa\\\/\"]}]},{\"@type\":\"ImageObject\",\"inLanguage\":\"fi\",\"@id\":\"https:\\\/\\\/blogit.gradia.fi\\\/digiluoto\\\/vuorovaikutteinen-tyoskentely-etaopetuksessa-ja-tapahtumissa\\\/#primaryimage\",\"url\":\"https:\\\/\\\/blogit.gradia.fi\\\/digiluoto\\\/wp-content\\\/uploads\\\/sites\\\/277\\\/2021\\\/12\\\/Kuva4.jpg\",\"contentUrl\":\"https:\\\/\\\/blogit.gradia.fi\\\/digiluoto\\\/wp-content\\\/uploads\\\/sites\\\/277\\\/2021\\\/12\\\/Kuva4.jpg\",\"width\":479,\"height\":540},{\"@type\":\"BreadcrumbList\",\"@id\":\"https:\\\/\\\/blogit.gradia.fi\\\/digiluoto\\\/vuorovaikutteinen-tyoskentely-etaopetuksessa-ja-tapahtumissa\\\/#breadcrumb\",\"itemListElement\":[{\"@type\":\"ListItem\",\"position\":1,\"name\":\"Etusivu\",\"item\":\"https:\\\/\\\/blogit.gradia.fi\\\/digiluoto\\\/\"},{\"@type\":\"ListItem\",\"position\":2,\"name\":\"Vuorovaikutteinen ty\u00f6skentely et\u00e4opetuksessa ja -tapahtumissa (1 op)\"}]},{\"@type\":\"WebSite\",\"@id\":\"https:\\\/\\\/blogit.gradia.fi\\\/digiluoto\\\/#website\",\"url\":\"https:\\\/\\\/blogit.gradia.fi\\\/digiluoto\\\/\",\"name\":\"DigiLuoto\",\"description\":\"\",\"potentialAction\":[{\"@type\":\"SearchAction\",\"target\":{\"@type\":\"EntryPoint\",\"urlTemplate\":\"https:\\\/\\\/blogit.gradia.fi\\\/digiluoto\\\/?s={search_term_string}\"},\"query-input\":{\"@type\":\"PropertyValueSpecification\",\"valueRequired\":true,\"valueName\":\"search_term_string\"}}],\"inLanguage\":\"fi\"}]}<\/script>\n<!-- \/ Yoast SEO plugin. -->","yoast_head_json":{"title":"Vuorovaikutteinen ty\u00f6skentely et\u00e4opetuksessa ja -tapahtumissa (1 op) - DigiLuoto","robots":{"index":"index","follow":"follow","max-snippet":"max-snippet:-1","max-image-preview":"max-image-preview:large","max-video-preview":"max-video-preview:-1"},"canonical":"https:\/\/blogit.gradia.fi\/digiluoto\/vuorovaikutteinen-tyoskentely-etaopetuksessa-ja-tapahtumissa\/","og_locale":"fi_FI","og_type":"article","og_title":"Vuorovaikutteinen ty\u00f6skentely et\u00e4opetuksessa ja -tapahtumissa (1 op) - DigiLuoto","og_description":"Koulutuksessa opitaan verkossa j\u00e4rjestett\u00e4vien tapahtumien fasilitoinnin perusteita ennen kaikkea opetuksen ja ohjauksen n\u00e4k\u00f6kulmasta. Erityisesti koulutuksessa painotetaan verkon v\u00e4lityksell\u00e4 teht\u00e4v\u00e4n yhteisty\u00f6n ja vuorovaikutuksen aikaansaamista. Koulutuksen j\u00e4lkeen osallistuja osaa suunnitella ryhm\u00e4ty\u00f6skentely\u00e4 et\u00e4opetuksessa ja ymm\u00e4rt\u00e4\u00e4 webinaarien haasteet ja edut. Kouluksen aikana osallistujat tekev\u00e4t omaan tarpeeseensa sopivan kehitt\u00e4misteht\u00e4v\u00e4n, jonka avulla jokainen luo ja toteuttaa verkko-opetuksen \/ webinaarikokeilun.","og_url":"https:\/\/blogit.gradia.fi\/digiluoto\/vuorovaikutteinen-tyoskentely-etaopetuksessa-ja-tapahtumissa\/","og_site_name":"DigiLuoto","article_modified_time":"2022-12-05T08:22:08+00:00","og_image":[{"url":"https:\/\/blogit.gradia.fi\/digiluoto\/wp-content\/uploads\/sites\/277\/2021\/12\/Kuva4.jpg","type":"","width":"","height":""}],"twitter_card":"summary_large_image","twitter_misc":{"Arvioitu lukuaika":"2 minuuttia"},"schema":{"@context":"https:\/\/schema.org","@graph":[{"@type":"WebPage","@id":"https:\/\/blogit.gradia.fi\/digiluoto\/vuorovaikutteinen-tyoskentely-etaopetuksessa-ja-tapahtumissa\/","url":"https:\/\/blogit.gradia.fi\/digiluoto\/vuorovaikutteinen-tyoskentely-etaopetuksessa-ja-tapahtumissa\/","name":"Vuorovaikutteinen ty\u00f6skentely et\u00e4opetuksessa ja -tapahtumissa (1 op) - DigiLuoto","isPartOf":{"@id":"https:\/\/blogit.gradia.fi\/digiluoto\/#website"},"primaryImageOfPage":{"@id":"https:\/\/blogit.gradia.fi\/digiluoto\/vuorovaikutteinen-tyoskentely-etaopetuksessa-ja-tapahtumissa\/#primaryimage"},"image":{"@id":"https:\/\/blogit.gradia.fi\/digiluoto\/vuorovaikutteinen-tyoskentely-etaopetuksessa-ja-tapahtumissa\/#primaryimage"},"thumbnailUrl":"https:\/\/blogit.gradia.fi\/digiluoto\/wp-content\/uploads\/sites\/277\/2021\/12\/Kuva4.jpg","datePublished":"2021-12-15T11:47:58+00:00","dateModified":"2022-12-05T08:22:08+00:00","breadcrumb":{"@id":"https:\/\/blogit.gradia.fi\/digiluoto\/vuorovaikutteinen-tyoskentely-etaopetuksessa-ja-tapahtumissa\/#breadcrumb"},"inLanguage":"fi","potentialAction":[{"@type":"ReadAction","target":["https:\/\/blogit.gradia.fi\/digiluoto\/vuorovaikutteinen-tyoskentely-etaopetuksessa-ja-tapahtumissa\/"]}]},{"@type":"ImageObject","inLanguage":"fi","@id":"https:\/\/blogit.gradia.fi\/digiluoto\/vuorovaikutteinen-tyoskentely-etaopetuksessa-ja-tapahtumissa\/#primaryimage","url":"https:\/\/blogit.gradia.fi\/digiluoto\/wp-content\/uploads\/sites\/277\/2021\/12\/Kuva4.jpg","contentUrl":"https:\/\/blogit.gradia.fi\/digiluoto\/wp-content\/uploads\/sites\/277\/2021\/12\/Kuva4.jpg","width":479,"height":540},{"@type":"BreadcrumbList","@id":"https:\/\/blogit.gradia.fi\/digiluoto\/vuorovaikutteinen-tyoskentely-etaopetuksessa-ja-tapahtumissa\/#breadcrumb","itemListElement":[{"@type":"ListItem","position":1,"name":"Etusivu","item":"https:\/\/blogit.gradia.fi\/digiluoto\/"},{"@type":"ListItem","position":2,"name":"Vuorovaikutteinen ty\u00f6skentely et\u00e4opetuksessa ja -tapahtumissa (1 op)"}]},{"@type":"WebSite","@id":"https:\/\/blogit.gradia.fi\/digiluoto\/#website","url":"https:\/\/blogit.gradia.fi\/digiluoto\/","name":"DigiLuoto","description":"","potentialAction":[{"@type":"SearchAction","target":{"@type":"EntryPoint","urlTemplate":"https:\/\/blogit.gradia.fi\/digiluoto\/?s={search_term_string}"},"query-input":{"@type":"PropertyValueSpecification","valueRequired":true,"valueName":"search_term_string"}}],"inLanguage":"fi"}]}},"uagb_featured_image_src":{"full":false,"thumbnail":false,"medium":false,"medium_large":false,"large":false,"1536x1536":false,"2048x2048":false},"uagb_author_info":{"display_name":"Hanna Jukola","author_link":"https:\/\/blogit.gradia.fi\/digiluoto\/author\/jukolhan\/"},"uagb_comment_info":0,"uagb_excerpt":"Koulutuksessa opitaan verkossa j\u00e4rjestett\u00e4vien tapahtumien fasilitoinnin perusteita ennen kaikkea opetuksen ja ohjauksen n\u00e4k\u00f6kulmasta. Erityisesti koulutuksessa painotetaan verkon v\u00e4lityksell\u00e4 teht\u00e4v\u00e4n yhteisty\u00f6n ja vuorovaikutuksen aikaansaamista. Koulutuksen j\u00e4lkeen osallistuja osaa suunnitella ryhm\u00e4ty\u00f6skentely\u00e4 et\u00e4opetuksessa ja ymm\u00e4rt\u00e4\u00e4 webinaarien haasteet ja edut. Kouluksen aikana osallistujat tekev\u00e4t omaan tarpeeseensa sopivan kehitt\u00e4misteht\u00e4v\u00e4n, jonka avulla jokainen luo ja toteuttaa verkko-opetuksen \/ webinaarikokeilun.","_links":{"self":[{"href":"https:\/\/blogit.gradia.fi\/digiluoto\/wp-json\/wp\/v2\/pages\/25","targetHints":{"allow":["GET"]}}],"collection":[{"href":"https:\/\/blogit.gradia.fi\/digiluoto\/wp-json\/wp\/v2\/pages"}],"about":[{"href":"https:\/\/blogit.gradia.fi\/digiluoto\/wp-json\/wp\/v2\/types\/page"}],"author":[{"embeddable":true,"href":"https:\/\/blogit.gradia.fi\/digiluoto\/wp-json\/wp\/v2\/users\/403"}],"replies":[{"embeddable":true,"href":"https:\/\/blogit.gradia.fi\/digiluoto\/wp-json\/wp\/v2\/comments?post=25"}],"version-history":[{"count":26,"href":"https:\/\/blogit.gradia.fi\/digiluoto\/wp-json\/wp\/v2\/pages\/25\/revisions"}],"predecessor-version":[{"id":248,"href":"https:\/\/blogit.gradia.fi\/digiluoto\/wp-json\/wp\/v2\/pages\/25\/revisions\/248"}],"wp:attachment":[{"href":"https:\/\/blogit.gradia.fi\/digiluoto\/wp-json\/wp\/v2\/media?parent=25"}],"curies":[{"name":"wp","href":"https:\/\/api.w.org\/{rel}","templated":true}]}}