{"id":22,"date":"2021-12-15T13:47:37","date_gmt":"2021-12-15T11:47:37","guid":{"rendered":"https:\/\/blogit.gradia.fi\/digiluoto\/?page_id=22"},"modified":"2023-05-09T08:34:51","modified_gmt":"2023-05-09T05:34:51","slug":"oppimisen-muotoilu-opintojakson-kasikirjoittaminen","status":"publish","type":"page","link":"https:\/\/blogit.gradia.fi\/digiluoto\/oppimisen-muotoilu-opintojakson-kasikirjoittaminen\/","title":{"rendered":"Oppimisen muotoilu &#8211; opintojakson k\u00e4sikirjoittaminen (3 op)"},"content":{"rendered":"\n<p>Koulutuksessa osallistujat perehtyv\u00e4t laadukkaan verkko-opintojakson rakenteeseen ja sen eri elementteihin, kuten ohjaukseen, sis\u00e4lt\u00f6ihin sek\u00e4 arviointiin ja palautteen antoon. Koulutuksen aikana osallistujat suunnittelevat kohderyhm\u00e4lleen sopivan pedagogisen k\u00e4sikirjoituksen.<\/p>\n\n\n\n<div class=\"wp-block-media-text alignwide is-stacked-on-mobile\"><figure class=\"wp-block-media-text__media\"><img fetchpriority=\"high\" decoding=\"async\" width=\"640\" height=\"720\" src=\"https:\/\/blogit.gradia.fi\/digiluoto\/wp-content\/uploads\/sites\/277\/2021\/12\/Kuva2.jpg\" alt=\"\" class=\"wp-image-23 size-full\" srcset=\"https:\/\/blogit.gradia.fi\/digiluoto\/wp-content\/uploads\/sites\/277\/2021\/12\/Kuva2.jpg 640w, https:\/\/blogit.gradia.fi\/digiluoto\/wp-content\/uploads\/sites\/277\/2021\/12\/Kuva2-267x300.jpg 267w\" sizes=\"(max-width: 640px) 100vw, 640px\" \/><\/figure><div class=\"wp-block-media-text__content\">\n<p style=\"font-size:30px\">Kenelle?<\/p>\n\n\n\n<p>Sinulle, jolla on jo perusymm\u00e4rrys digipedagogiikan perusteista ja haluat tukea oman kokonaisuutesi rakentamiseen<\/p>\n\n\n\n<p style=\"font-size:30px\">Aikataulu?<\/p>\n\n\n\n<ul class=\"wp-block-list\">\n<li>Alkuwebinaari\n<ul class=\"wp-block-list\">\n<li>1.9.2022 14 &#8211; 16.15<\/li>\n<\/ul>\n<\/li>\n\n\n\n<li>6 l\u00e4hi-iltap\u00e4iv\u00e4\u00e4 (voit osallistua my\u00f6s Teamsin kautta)\n<ul class=\"wp-block-list\">\n<li>7.2.2023 14 &#8211; 16.15<\/li>\n\n\n\n<li>23.2.2023 14 &#8211; 16.15<\/li>\n\n\n\n<li>9.3.2023 14 &#8211; 16.15<\/li>\n\n\n\n<li>4.4.2023 14 &#8211; 16.15<\/li>\n\n\n\n<li>18.4.2023 14 &#8211; 16.15<\/li>\n\n\n\n<li>4.5.2023 14 &#8211; 16.15<\/li>\n<\/ul>\n<\/li>\n\n\n\n<li>P\u00e4\u00e4tt\u00f6webinaari\n<ul class=\"wp-block-list\">\n<li>16.5.2023 14 &#8211; 16.15<\/li>\n<\/ul>\n<\/li>\n\n\n\n<li>Kesto 24 h kontaktia ja 57 h itsen\u00e4ist\u00e4 ty\u00f6skentely\u00e4 sis\u00e4lt\u00e4en kehitt\u00e4misteht\u00e4v\u00e4n<\/li>\n<\/ul>\n\n\n\n<p style=\"font-size:30px\">Huomioitavaa?<\/p>\n\n\n\n<p>Oma tietokone mukaan. P\u00e4\u00e4tt\u00f6webinaari tallennetaan ja julkaistaan tilaisuuden j\u00e4lkeen aoe.fi -palvelussa.<\/p>\n\n\n\n<p>Voit osallistua koulutukseen my\u00f6s et\u00e4n\u00e4!<\/p>\n\n\n\n<p style=\"font-size:30px\">Ilmoittautuminen?<\/p>\n\n\n\n<p>Ilmoittautuminen on p\u00e4\u00e4ttynyt!<\/p>\n<\/div><\/div>\n\n\n\n<p><\/p>\n\n\n\n<figure class=\"wp-block-image aligncenter size-large is-resized\"><img decoding=\"async\" src=\"https:\/\/blogit.gradia.fi\/digiluoto\/wp-content\/uploads\/sites\/277\/2021\/12\/Nimeton-suunn.malli-1-1024x585.png\" alt=\"DigiLuoto -hankkeen logo, Gradian logo ja Opetushallituksen logo\" class=\"wp-image-100\" width=\"336\" height=\"191\" srcset=\"https:\/\/blogit.gradia.fi\/digiluoto\/wp-content\/uploads\/sites\/277\/2021\/12\/Nimeton-suunn.malli-1-1024x585.png 1024w, https:\/\/blogit.gradia.fi\/digiluoto\/wp-content\/uploads\/sites\/277\/2021\/12\/Nimeton-suunn.malli-1-300x171.png 300w, https:\/\/blogit.gradia.fi\/digiluoto\/wp-content\/uploads\/sites\/277\/2021\/12\/Nimeton-suunn.malli-1-768x439.png 768w, https:\/\/blogit.gradia.fi\/digiluoto\/wp-content\/uploads\/sites\/277\/2021\/12\/Nimeton-suunn.malli-1.png 1050w\" sizes=\"(max-width: 336px) 100vw, 336px\" \/><\/figure>\n\n\n\n<div class=\"wp-block-buttons is-layout-flex wp-block-buttons-is-layout-flex\"><\/div>\n\n\n\n<p><\/p>\n","protected":false},"excerpt":{"rendered":"<p>Koulutuksessa osallistujat perehtyv\u00e4t laadukkaan verkko-opintojakson rakenteeseen ja sen eri elementteihin, kuten ohjaukseen, sis\u00e4lt\u00f6ihin sek\u00e4 arviointiin ja palautteen antoon. Koulutuksen aikana osallistujat suunnittelevat kohderyhm\u00e4lleen sopivan pedagogisen k\u00e4sikirjoituksen.<\/p>\n","protected":false},"author":403,"featured_media":0,"parent":0,"menu_order":0,"comment_status":"closed","ping_status":"closed","template":"","meta":{"_uag_custom_page_level_css":"","footnotes":""},"class_list":["post-22","page","type-page","status-publish","hentry"],"yoast_head":"<!-- This site is optimized with the Yoast SEO plugin v27.5 - https:\/\/yoast.com\/product\/yoast-seo-wordpress\/ -->\n<title>Oppimisen muotoilu - opintojakson k\u00e4sikirjoittaminen (3 op) - DigiLuoto<\/title>\n<meta name=\"robots\" content=\"index, follow, max-snippet:-1, max-image-preview:large, max-video-preview:-1\" \/>\n<link rel=\"canonical\" href=\"https:\/\/blogit.gradia.fi\/digiluoto\/oppimisen-muotoilu-opintojakson-kasikirjoittaminen\/\" \/>\n<meta property=\"og:locale\" content=\"fi_FI\" \/>\n<meta property=\"og:type\" content=\"article\" \/>\n<meta property=\"og:title\" content=\"Oppimisen muotoilu - opintojakson k\u00e4sikirjoittaminen (3 op) - DigiLuoto\" \/>\n<meta property=\"og:description\" content=\"Koulutuksessa osallistujat perehtyv\u00e4t laadukkaan verkko-opintojakson rakenteeseen ja sen eri elementteihin, kuten ohjaukseen, sis\u00e4lt\u00f6ihin sek\u00e4 arviointiin ja palautteen antoon. Koulutuksen aikana osallistujat suunnittelevat kohderyhm\u00e4lleen sopivan pedagogisen k\u00e4sikirjoituksen.\" \/>\n<meta property=\"og:url\" content=\"https:\/\/blogit.gradia.fi\/digiluoto\/oppimisen-muotoilu-opintojakson-kasikirjoittaminen\/\" \/>\n<meta property=\"og:site_name\" content=\"DigiLuoto\" \/>\n<meta property=\"article:modified_time\" content=\"2023-05-09T05:34:51+00:00\" \/>\n<meta property=\"og:image\" content=\"https:\/\/blogit.gradia.fi\/digiluoto\/wp-content\/uploads\/sites\/277\/2021\/12\/Kuva2.jpg\" \/>\n<meta name=\"twitter:card\" content=\"summary_large_image\" \/>\n<meta name=\"twitter:label1\" content=\"Arvioitu lukuaika\" \/>\n\t<meta name=\"twitter:data1\" content=\"2 minuuttia\" \/>\n<script type=\"application\/ld+json\" class=\"yoast-schema-graph\">{\"@context\":\"https:\\\/\\\/schema.org\",\"@graph\":[{\"@type\":\"WebPage\",\"@id\":\"https:\\\/\\\/blogit.gradia.fi\\\/digiluoto\\\/oppimisen-muotoilu-opintojakson-kasikirjoittaminen\\\/\",\"url\":\"https:\\\/\\\/blogit.gradia.fi\\\/digiluoto\\\/oppimisen-muotoilu-opintojakson-kasikirjoittaminen\\\/\",\"name\":\"Oppimisen muotoilu - opintojakson k\u00e4sikirjoittaminen (3 op) - DigiLuoto\",\"isPartOf\":{\"@id\":\"https:\\\/\\\/blogit.gradia.fi\\\/digiluoto\\\/#website\"},\"primaryImageOfPage\":{\"@id\":\"https:\\\/\\\/blogit.gradia.fi\\\/digiluoto\\\/oppimisen-muotoilu-opintojakson-kasikirjoittaminen\\\/#primaryimage\"},\"image\":{\"@id\":\"https:\\\/\\\/blogit.gradia.fi\\\/digiluoto\\\/oppimisen-muotoilu-opintojakson-kasikirjoittaminen\\\/#primaryimage\"},\"thumbnailUrl\":\"https:\\\/\\\/blogit.gradia.fi\\\/digiluoto\\\/wp-content\\\/uploads\\\/sites\\\/277\\\/2021\\\/12\\\/Kuva2.jpg\",\"datePublished\":\"2021-12-15T11:47:37+00:00\",\"dateModified\":\"2023-05-09T05:34:51+00:00\",\"breadcrumb\":{\"@id\":\"https:\\\/\\\/blogit.gradia.fi\\\/digiluoto\\\/oppimisen-muotoilu-opintojakson-kasikirjoittaminen\\\/#breadcrumb\"},\"inLanguage\":\"fi\",\"potentialAction\":[{\"@type\":\"ReadAction\",\"target\":[\"https:\\\/\\\/blogit.gradia.fi\\\/digiluoto\\\/oppimisen-muotoilu-opintojakson-kasikirjoittaminen\\\/\"]}]},{\"@type\":\"ImageObject\",\"inLanguage\":\"fi\",\"@id\":\"https:\\\/\\\/blogit.gradia.fi\\\/digiluoto\\\/oppimisen-muotoilu-opintojakson-kasikirjoittaminen\\\/#primaryimage\",\"url\":\"https:\\\/\\\/blogit.gradia.fi\\\/digiluoto\\\/wp-content\\\/uploads\\\/sites\\\/277\\\/2021\\\/12\\\/Kuva2.jpg\",\"contentUrl\":\"https:\\\/\\\/blogit.gradia.fi\\\/digiluoto\\\/wp-content\\\/uploads\\\/sites\\\/277\\\/2021\\\/12\\\/Kuva2.jpg\",\"width\":640,\"height\":720},{\"@type\":\"BreadcrumbList\",\"@id\":\"https:\\\/\\\/blogit.gradia.fi\\\/digiluoto\\\/oppimisen-muotoilu-opintojakson-kasikirjoittaminen\\\/#breadcrumb\",\"itemListElement\":[{\"@type\":\"ListItem\",\"position\":1,\"name\":\"Etusivu\",\"item\":\"https:\\\/\\\/blogit.gradia.fi\\\/digiluoto\\\/\"},{\"@type\":\"ListItem\",\"position\":2,\"name\":\"Oppimisen muotoilu &#8211; opintojakson k\u00e4sikirjoittaminen (3 op)\"}]},{\"@type\":\"WebSite\",\"@id\":\"https:\\\/\\\/blogit.gradia.fi\\\/digiluoto\\\/#website\",\"url\":\"https:\\\/\\\/blogit.gradia.fi\\\/digiluoto\\\/\",\"name\":\"DigiLuoto\",\"description\":\"\",\"potentialAction\":[{\"@type\":\"SearchAction\",\"target\":{\"@type\":\"EntryPoint\",\"urlTemplate\":\"https:\\\/\\\/blogit.gradia.fi\\\/digiluoto\\\/?s={search_term_string}\"},\"query-input\":{\"@type\":\"PropertyValueSpecification\",\"valueRequired\":true,\"valueName\":\"search_term_string\"}}],\"inLanguage\":\"fi\"}]}<\/script>\n<!-- \/ Yoast SEO plugin. -->","yoast_head_json":{"title":"Oppimisen muotoilu - opintojakson k\u00e4sikirjoittaminen (3 op) - DigiLuoto","robots":{"index":"index","follow":"follow","max-snippet":"max-snippet:-1","max-image-preview":"max-image-preview:large","max-video-preview":"max-video-preview:-1"},"canonical":"https:\/\/blogit.gradia.fi\/digiluoto\/oppimisen-muotoilu-opintojakson-kasikirjoittaminen\/","og_locale":"fi_FI","og_type":"article","og_title":"Oppimisen muotoilu - opintojakson k\u00e4sikirjoittaminen (3 op) - DigiLuoto","og_description":"Koulutuksessa osallistujat perehtyv\u00e4t laadukkaan verkko-opintojakson rakenteeseen ja sen eri elementteihin, kuten ohjaukseen, sis\u00e4lt\u00f6ihin sek\u00e4 arviointiin ja palautteen antoon. Koulutuksen aikana osallistujat suunnittelevat kohderyhm\u00e4lleen sopivan pedagogisen k\u00e4sikirjoituksen.","og_url":"https:\/\/blogit.gradia.fi\/digiluoto\/oppimisen-muotoilu-opintojakson-kasikirjoittaminen\/","og_site_name":"DigiLuoto","article_modified_time":"2023-05-09T05:34:51+00:00","og_image":[{"url":"https:\/\/blogit.gradia.fi\/digiluoto\/wp-content\/uploads\/sites\/277\/2021\/12\/Kuva2.jpg","type":"","width":"","height":""}],"twitter_card":"summary_large_image","twitter_misc":{"Arvioitu lukuaika":"2 minuuttia"},"schema":{"@context":"https:\/\/schema.org","@graph":[{"@type":"WebPage","@id":"https:\/\/blogit.gradia.fi\/digiluoto\/oppimisen-muotoilu-opintojakson-kasikirjoittaminen\/","url":"https:\/\/blogit.gradia.fi\/digiluoto\/oppimisen-muotoilu-opintojakson-kasikirjoittaminen\/","name":"Oppimisen muotoilu - opintojakson k\u00e4sikirjoittaminen (3 op) - DigiLuoto","isPartOf":{"@id":"https:\/\/blogit.gradia.fi\/digiluoto\/#website"},"primaryImageOfPage":{"@id":"https:\/\/blogit.gradia.fi\/digiluoto\/oppimisen-muotoilu-opintojakson-kasikirjoittaminen\/#primaryimage"},"image":{"@id":"https:\/\/blogit.gradia.fi\/digiluoto\/oppimisen-muotoilu-opintojakson-kasikirjoittaminen\/#primaryimage"},"thumbnailUrl":"https:\/\/blogit.gradia.fi\/digiluoto\/wp-content\/uploads\/sites\/277\/2021\/12\/Kuva2.jpg","datePublished":"2021-12-15T11:47:37+00:00","dateModified":"2023-05-09T05:34:51+00:00","breadcrumb":{"@id":"https:\/\/blogit.gradia.fi\/digiluoto\/oppimisen-muotoilu-opintojakson-kasikirjoittaminen\/#breadcrumb"},"inLanguage":"fi","potentialAction":[{"@type":"ReadAction","target":["https:\/\/blogit.gradia.fi\/digiluoto\/oppimisen-muotoilu-opintojakson-kasikirjoittaminen\/"]}]},{"@type":"ImageObject","inLanguage":"fi","@id":"https:\/\/blogit.gradia.fi\/digiluoto\/oppimisen-muotoilu-opintojakson-kasikirjoittaminen\/#primaryimage","url":"https:\/\/blogit.gradia.fi\/digiluoto\/wp-content\/uploads\/sites\/277\/2021\/12\/Kuva2.jpg","contentUrl":"https:\/\/blogit.gradia.fi\/digiluoto\/wp-content\/uploads\/sites\/277\/2021\/12\/Kuva2.jpg","width":640,"height":720},{"@type":"BreadcrumbList","@id":"https:\/\/blogit.gradia.fi\/digiluoto\/oppimisen-muotoilu-opintojakson-kasikirjoittaminen\/#breadcrumb","itemListElement":[{"@type":"ListItem","position":1,"name":"Etusivu","item":"https:\/\/blogit.gradia.fi\/digiluoto\/"},{"@type":"ListItem","position":2,"name":"Oppimisen muotoilu &#8211; opintojakson k\u00e4sikirjoittaminen (3 op)"}]},{"@type":"WebSite","@id":"https:\/\/blogit.gradia.fi\/digiluoto\/#website","url":"https:\/\/blogit.gradia.fi\/digiluoto\/","name":"DigiLuoto","description":"","potentialAction":[{"@type":"SearchAction","target":{"@type":"EntryPoint","urlTemplate":"https:\/\/blogit.gradia.fi\/digiluoto\/?s={search_term_string}"},"query-input":{"@type":"PropertyValueSpecification","valueRequired":true,"valueName":"search_term_string"}}],"inLanguage":"fi"}]}},"uagb_featured_image_src":{"full":false,"thumbnail":false,"medium":false,"medium_large":false,"large":false,"1536x1536":false,"2048x2048":false},"uagb_author_info":{"display_name":"Hanna Jukola","author_link":"https:\/\/blogit.gradia.fi\/digiluoto\/author\/jukolhan\/"},"uagb_comment_info":0,"uagb_excerpt":"Koulutuksessa osallistujat perehtyv\u00e4t laadukkaan verkko-opintojakson rakenteeseen ja sen eri elementteihin, kuten ohjaukseen, sis\u00e4lt\u00f6ihin sek\u00e4 arviointiin ja palautteen antoon. Koulutuksen aikana osallistujat suunnittelevat kohderyhm\u00e4lleen sopivan pedagogisen k\u00e4sikirjoituksen.","_links":{"self":[{"href":"https:\/\/blogit.gradia.fi\/digiluoto\/wp-json\/wp\/v2\/pages\/22","targetHints":{"allow":["GET"]}}],"collection":[{"href":"https:\/\/blogit.gradia.fi\/digiluoto\/wp-json\/wp\/v2\/pages"}],"about":[{"href":"https:\/\/blogit.gradia.fi\/digiluoto\/wp-json\/wp\/v2\/types\/page"}],"author":[{"embeddable":true,"href":"https:\/\/blogit.gradia.fi\/digiluoto\/wp-json\/wp\/v2\/users\/403"}],"replies":[{"embeddable":true,"href":"https:\/\/blogit.gradia.fi\/digiluoto\/wp-json\/wp\/v2\/comments?post=22"}],"version-history":[{"count":23,"href":"https:\/\/blogit.gradia.fi\/digiluoto\/wp-json\/wp\/v2\/pages\/22\/revisions"}],"predecessor-version":[{"id":250,"href":"https:\/\/blogit.gradia.fi\/digiluoto\/wp-json\/wp\/v2\/pages\/22\/revisions\/250"}],"wp:attachment":[{"href":"https:\/\/blogit.gradia.fi\/digiluoto\/wp-json\/wp\/v2\/media?parent=22"}],"curies":[{"name":"wp","href":"https:\/\/api.w.org\/{rel}","templated":true}]}}