{"id":2,"date":"2021-12-13T10:17:39","date_gmt":"2021-12-13T08:17:39","guid":{"rendered":"https:\/\/blogit.gradia.fi\/digiluoto\/?page_id=2"},"modified":"2023-06-15T09:23:07","modified_gmt":"2023-06-15T06:23:07","slug":"digitaitavat-lukioiden-opettajat","status":"publish","type":"page","link":"https:\/\/blogit.gradia.fi\/digiluoto\/","title":{"rendered":"Digitaitavat lukioiden opettajat"},"content":{"rendered":"\n<figure class=\"wp-block-image aligncenter size-large is-resized is-style-rounded\"><img fetchpriority=\"high\" decoding=\"async\" src=\"https:\/\/blogit.gradia.fi\/digiluoto\/wp-content\/uploads\/sites\/277\/2021\/12\/226-intra-kuvitus-2020-0742-1024x576.jpg\" alt=\"\" class=\"wp-image-35\" width=\"666\" height=\"374\" srcset=\"https:\/\/blogit.gradia.fi\/digiluoto\/wp-content\/uploads\/sites\/277\/2021\/12\/226-intra-kuvitus-2020-0742-1024x576.jpg 1024w, https:\/\/blogit.gradia.fi\/digiluoto\/wp-content\/uploads\/sites\/277\/2021\/12\/226-intra-kuvitus-2020-0742-300x169.jpg 300w, https:\/\/blogit.gradia.fi\/digiluoto\/wp-content\/uploads\/sites\/277\/2021\/12\/226-intra-kuvitus-2020-0742-768x432.jpg 768w, https:\/\/blogit.gradia.fi\/digiluoto\/wp-content\/uploads\/sites\/277\/2021\/12\/226-intra-kuvitus-2020-0742-1536x864.jpg 1536w, https:\/\/blogit.gradia.fi\/digiluoto\/wp-content\/uploads\/sites\/277\/2021\/12\/226-intra-kuvitus-2020-0742.jpg 1920w\" sizes=\"(max-width: 666px) 100vw, 666px\" \/><\/figure>\n\n\n\n<p>Opetushallituksen rahoittamat <strong>DigiLuoto -koulutukset<\/strong> j\u00e4rjestettiin lukuvuoden 2022-2023 aikana. Koulutukset tarjosivat maksutonta t\u00e4ydennyskoulutusta ensisijaisesti lukioiden opettajille Keski-Suomessa.<\/p>\n\n\n\n<p>DigiLuoto -koulutuksia j\u00e4rjestettiin nelj\u00e4st\u00e4 eri teemasta. Syksyn aloitti 1.9.2022 kaikille koulutuksille yhteinen verkossa j\u00e4rjestett\u00e4v\u00e4 digipedagoginen iltap\u00e4iv\u00e4. Koulutukset j\u00e4rjestettiin Gradian tiloissa, mutta kaikkiin koulutuksiin oli mahdollista osallistua my\u00f6s verkon v\u00e4lityksell\u00e4.<\/p>\n\n\n\n<p><\/p>\n\n\n\n<div class=\"wp-block-media-text is-stacked-on-mobile\" style=\"grid-template-columns:45% auto\"><figure class=\"wp-block-media-text__media\"><img decoding=\"async\" width=\"1024\" height=\"585\" src=\"https:\/\/blogit.gradia.fi\/digiluoto\/wp-content\/uploads\/sites\/277\/2021\/12\/Nimeton-suunn.malli-1-1024x585.png\" alt=\"DigiLuoto -hankkeen logo, Gradian logo ja Aluehallintoviraston logo\" class=\"wp-image-100 size-full\" srcset=\"https:\/\/blogit.gradia.fi\/digiluoto\/wp-content\/uploads\/sites\/277\/2021\/12\/Nimeton-suunn.malli-1-1024x585.png 1024w, https:\/\/blogit.gradia.fi\/digiluoto\/wp-content\/uploads\/sites\/277\/2021\/12\/Nimeton-suunn.malli-1-300x171.png 300w, https:\/\/blogit.gradia.fi\/digiluoto\/wp-content\/uploads\/sites\/277\/2021\/12\/Nimeton-suunn.malli-1-768x439.png 768w, https:\/\/blogit.gradia.fi\/digiluoto\/wp-content\/uploads\/sites\/277\/2021\/12\/Nimeton-suunn.malli-1.png 1050w\" sizes=\"(max-width: 1024px) 100vw, 1024px\" \/><\/figure><div class=\"wp-block-media-text__content\">\n<p class=\"has-medium-font-size\"><a href=\"https:\/\/blogit.gradia.fi\/digiluoto\/digipedagoginen-iltapaiva-1-9-2022\/\" target=\"_blank\" rel=\"noreferrer noopener\">Digipedagogisisen iltap\u00e4iv\u00e4n ohjelman l\u00f6yd\u00e4t t\u00e4\u00e4lt\u00e4!<\/a><\/p>\n\n\n\n<p class=\"has-medium-font-size\">Lue lis\u00e4\u00e4 koulutuksista aiheittain:<\/p>\n\n\n\n<ul class=\"wp-block-list\">\n<li><a href=\"https:\/\/blogit.gradia.fi\/digiluoto\/digipedagogiikan-perusteet\/\">Digipedagogiikan perusteet<\/a><\/li>\n\n\n\n<li><a href=\"https:\/\/blogit.gradia.fi\/digiluoto\/oppimisen-muotoilu---opintojakson-kasikirjoittaminen\/\">Oppimisen muotoilu &#8211; opintojakson k\u00e4sikirjoittaminen<\/a><\/li>\n\n\n\n<li><a href=\"https:\/\/blogit.gradia.fi\/digiluoto\/vuorovaikutteinen-tyoskentely-etaopetuksessa-ja--tapahtumissa\/\">Vuorovaikutteinen ty\u00f6skentely et\u00e4opetuksessa ja -tapahtumissa<\/a><\/li>\n\n\n\n<li><a href=\"https:\/\/blogit.gradia.fi\/digiluoto\/virtuaalioppiminen\/\">Virtuaalioppiminen<\/a><\/li>\n<\/ul>\n<\/div><\/div>\n\n\n\n<p><\/p>\n\n\n\n<p class=\"has-medium-font-size\"><strong>Mik\u00e4 on DigiLuoto -hanke?<\/strong><\/p>\n\n\n\n<p>DigiLuoto -hanke j\u00e4rjest\u00e4\u00e4 erityisesti lukion opettajien tarpeisiin suunniteltua t\u00e4ydennyskoulutusta. Hankkeen my\u00f6t\u00e4 opettajat saavat mahdollisuuden kehitt\u00e4\u00e4 omaa digipedagogista osaamistaan sek\u00e4 p\u00e4\u00e4sev\u00e4t tutustumaan tulevaisuuden teknologioiden k\u00e4ytt\u00f6\u00f6n osana omaa opetusta. Hankkeen tavoitteena on kouluttaa erityisesti digipedagogisesti osaavia ja taitavia lukioiden opettajia.<\/p>\n\n\n\n<p>Hankkeessa j\u00e4rjestet\u00e4\u00e4n koulutuksia nelj\u00e4st\u00e4 eri aiheesta. Eri aiheiden koulutukset toteutetaan lukuvuoden 2022-2023 aikana.<\/p>\n\n\n\n<p>Koulutuksissa pyrit\u00e4\u00e4n verkostoimaan osallistuvia opettajia ja heit\u00e4 rohkaistaan jakamaan osaamistaan laajemmin omassa oppilaitoksessaan. Kaikki koulutusosiot p\u00e4\u00e4ttyv\u00e4t loppuwebinaariin, jossa osallistujat esittelev\u00e4t koulutuksen aikana toteuttamiaan kehitt\u00e4mishankkeita ja koulutusten sis\u00e4lt\u00f6\u00e4. Loppuwebinaarit tallennetaan ja tallenteet julkaistaan aoe.fi palvelussa. <\/p>\n\n\n\n<p>Hankkeen p\u00e4\u00e4toteuttaja on Jyv\u00e4skyl\u00e4n koulutuskuntayhtym\u00e4 Gradia.<\/p>\n\n\n\n<p>Hanke p\u00e4\u00e4ttyy kev\u00e4\u00e4n 2023 lopussa.<\/p>\n\n\n\n<p class=\"has-medium-font-size\">Lis\u00e4tietoja<\/p>\n\n\n\n<p>DigiLuoto -hankkeen projektip\u00e4\u00e4llikk\u00f6 Hanna Jukola (etunimi.sukunimi@gradia.fi)<\/p>\n","protected":false},"excerpt":{"rendered":"<p>Opetushallituksen rahoittamat DigiLuoto -koulutukset j\u00e4rjestettiin lukuvuoden 2022-2023 aikana. Koulutukset tarjosivat maksutonta t\u00e4ydennyskoulutusta ensisijaisesti lukioiden opettajille Keski-Suomessa. DigiLuoto -koulutuksia j\u00e4rjestettiin nelj\u00e4st\u00e4 eri teemasta. Syksyn aloitti 1.9.2022 kaikille koulutuksille yhteinen verkossa j\u00e4rjestett\u00e4v\u00e4 digipedagoginen iltap\u00e4iv\u00e4. Koulutukset j\u00e4rjestettiin Gradian tiloissa, mutta kaikkiin koulutuksiin oli mahdollista osallistua my\u00f6s verkon v\u00e4lityksell\u00e4. Mik\u00e4 on DigiLuoto -hanke? DigiLuoto -hanke j\u00e4rjest\u00e4\u00e4 erityisesti lukion opettajien [&hellip;]<\/p>\n","protected":false},"author":403,"featured_media":0,"parent":0,"menu_order":0,"comment_status":"closed","ping_status":"open","template":"","meta":{"_uag_custom_page_level_css":"","footnotes":""},"class_list":["post-2","page","type-page","status-publish","hentry"],"yoast_head":"<!-- This site is optimized with the Yoast SEO plugin v27.5 - https:\/\/yoast.com\/product\/yoast-seo-wordpress\/ -->\n<title>Digitaitavat lukioiden opettajat - DigiLuoto<\/title>\n<meta name=\"robots\" content=\"index, follow, max-snippet:-1, max-image-preview:large, max-video-preview:-1\" \/>\n<link rel=\"canonical\" href=\"https:\/\/blogit.gradia.fi\/digiluoto\/\" \/>\n<meta property=\"og:locale\" content=\"fi_FI\" \/>\n<meta property=\"og:type\" content=\"article\" \/>\n<meta property=\"og:title\" content=\"Digitaitavat lukioiden opettajat - DigiLuoto\" \/>\n<meta property=\"og:description\" content=\"Opetushallituksen rahoittamat DigiLuoto -koulutukset j\u00e4rjestettiin lukuvuoden 2022-2023 aikana. Koulutukset tarjosivat maksutonta t\u00e4ydennyskoulutusta ensisijaisesti lukioiden opettajille Keski-Suomessa. DigiLuoto -koulutuksia j\u00e4rjestettiin nelj\u00e4st\u00e4 eri teemasta. Syksyn aloitti 1.9.2022 kaikille koulutuksille yhteinen verkossa j\u00e4rjestett\u00e4v\u00e4 digipedagoginen iltap\u00e4iv\u00e4. Koulutukset j\u00e4rjestettiin Gradian tiloissa, mutta kaikkiin koulutuksiin oli mahdollista osallistua my\u00f6s verkon v\u00e4lityksell\u00e4. Mik\u00e4 on DigiLuoto -hanke? DigiLuoto -hanke j\u00e4rjest\u00e4\u00e4 erityisesti lukion opettajien [&hellip;]\" \/>\n<meta property=\"og:url\" content=\"https:\/\/blogit.gradia.fi\/digiluoto\/\" \/>\n<meta property=\"og:site_name\" content=\"DigiLuoto\" \/>\n<meta property=\"article:modified_time\" content=\"2023-06-15T06:23:07+00:00\" \/>\n<meta property=\"og:image\" content=\"https:\/\/blogit.gradia.fi\/digiluoto\/wp-content\/uploads\/sites\/277\/2021\/12\/226-intra-kuvitus-2020-0742-1024x576.jpg\" \/>\n<meta name=\"twitter:card\" content=\"summary_large_image\" \/>\n<meta name=\"twitter:label1\" content=\"Arvioitu lukuaika\" \/>\n\t<meta name=\"twitter:data1\" content=\"2 minuuttia\" \/>\n<script type=\"application\/ld+json\" class=\"yoast-schema-graph\">{\"@context\":\"https:\\\/\\\/schema.org\",\"@graph\":[{\"@type\":\"WebPage\",\"@id\":\"https:\\\/\\\/blogit.gradia.fi\\\/digiluoto\\\/\",\"url\":\"https:\\\/\\\/blogit.gradia.fi\\\/digiluoto\\\/\",\"name\":\"Digitaitavat lukioiden opettajat - DigiLuoto\",\"isPartOf\":{\"@id\":\"https:\\\/\\\/blogit.gradia.fi\\\/digiluoto\\\/#website\"},\"primaryImageOfPage\":{\"@id\":\"https:\\\/\\\/blogit.gradia.fi\\\/digiluoto\\\/#primaryimage\"},\"image\":{\"@id\":\"https:\\\/\\\/blogit.gradia.fi\\\/digiluoto\\\/#primaryimage\"},\"thumbnailUrl\":\"https:\\\/\\\/blogit.gradia.fi\\\/digiluoto\\\/wp-content\\\/uploads\\\/sites\\\/277\\\/2021\\\/12\\\/226-intra-kuvitus-2020-0742-1024x576.jpg\",\"datePublished\":\"2021-12-13T08:17:39+00:00\",\"dateModified\":\"2023-06-15T06:23:07+00:00\",\"breadcrumb\":{\"@id\":\"https:\\\/\\\/blogit.gradia.fi\\\/digiluoto\\\/#breadcrumb\"},\"inLanguage\":\"fi\",\"potentialAction\":[{\"@type\":\"ReadAction\",\"target\":[\"https:\\\/\\\/blogit.gradia.fi\\\/digiluoto\\\/\"]}]},{\"@type\":\"ImageObject\",\"inLanguage\":\"fi\",\"@id\":\"https:\\\/\\\/blogit.gradia.fi\\\/digiluoto\\\/#primaryimage\",\"url\":\"https:\\\/\\\/blogit.gradia.fi\\\/digiluoto\\\/wp-content\\\/uploads\\\/sites\\\/277\\\/2021\\\/12\\\/226-intra-kuvitus-2020-0742.jpg\",\"contentUrl\":\"https:\\\/\\\/blogit.gradia.fi\\\/digiluoto\\\/wp-content\\\/uploads\\\/sites\\\/277\\\/2021\\\/12\\\/226-intra-kuvitus-2020-0742.jpg\",\"width\":1920,\"height\":1080,\"caption\":\"Kuvassa on Gradian Harjun kampuksen piha.\"},{\"@type\":\"BreadcrumbList\",\"@id\":\"https:\\\/\\\/blogit.gradia.fi\\\/digiluoto\\\/#breadcrumb\",\"itemListElement\":[{\"@type\":\"ListItem\",\"position\":1,\"name\":\"Etusivu\",\"item\":\"https:\\\/\\\/blogit.gradia.fi\\\/digiluoto\\\/\"},{\"@type\":\"ListItem\",\"position\":2,\"name\":\"Digitaitavat lukioiden opettajat\"}]},{\"@type\":\"WebSite\",\"@id\":\"https:\\\/\\\/blogit.gradia.fi\\\/digiluoto\\\/#website\",\"url\":\"https:\\\/\\\/blogit.gradia.fi\\\/digiluoto\\\/\",\"name\":\"DigiLuoto\",\"description\":\"\",\"potentialAction\":[{\"@type\":\"SearchAction\",\"target\":{\"@type\":\"EntryPoint\",\"urlTemplate\":\"https:\\\/\\\/blogit.gradia.fi\\\/digiluoto\\\/?s={search_term_string}\"},\"query-input\":{\"@type\":\"PropertyValueSpecification\",\"valueRequired\":true,\"valueName\":\"search_term_string\"}}],\"inLanguage\":\"fi\"}]}<\/script>\n<!-- \/ Yoast SEO plugin. -->","yoast_head_json":{"title":"Digitaitavat lukioiden opettajat - DigiLuoto","robots":{"index":"index","follow":"follow","max-snippet":"max-snippet:-1","max-image-preview":"max-image-preview:large","max-video-preview":"max-video-preview:-1"},"canonical":"https:\/\/blogit.gradia.fi\/digiluoto\/","og_locale":"fi_FI","og_type":"article","og_title":"Digitaitavat lukioiden opettajat - DigiLuoto","og_description":"Opetushallituksen rahoittamat DigiLuoto -koulutukset j\u00e4rjestettiin lukuvuoden 2022-2023 aikana. Koulutukset tarjosivat maksutonta t\u00e4ydennyskoulutusta ensisijaisesti lukioiden opettajille Keski-Suomessa. DigiLuoto -koulutuksia j\u00e4rjestettiin nelj\u00e4st\u00e4 eri teemasta. Syksyn aloitti 1.9.2022 kaikille koulutuksille yhteinen verkossa j\u00e4rjestett\u00e4v\u00e4 digipedagoginen iltap\u00e4iv\u00e4. Koulutukset j\u00e4rjestettiin Gradian tiloissa, mutta kaikkiin koulutuksiin oli mahdollista osallistua my\u00f6s verkon v\u00e4lityksell\u00e4. Mik\u00e4 on DigiLuoto -hanke? DigiLuoto -hanke j\u00e4rjest\u00e4\u00e4 erityisesti lukion opettajien [&hellip;]","og_url":"https:\/\/blogit.gradia.fi\/digiluoto\/","og_site_name":"DigiLuoto","article_modified_time":"2023-06-15T06:23:07+00:00","og_image":[{"url":"https:\/\/blogit.gradia.fi\/digiluoto\/wp-content\/uploads\/sites\/277\/2021\/12\/226-intra-kuvitus-2020-0742-1024x576.jpg","type":"","width":"","height":""}],"twitter_card":"summary_large_image","twitter_misc":{"Arvioitu lukuaika":"2 minuuttia"},"schema":{"@context":"https:\/\/schema.org","@graph":[{"@type":"WebPage","@id":"https:\/\/blogit.gradia.fi\/digiluoto\/","url":"https:\/\/blogit.gradia.fi\/digiluoto\/","name":"Digitaitavat lukioiden opettajat - DigiLuoto","isPartOf":{"@id":"https:\/\/blogit.gradia.fi\/digiluoto\/#website"},"primaryImageOfPage":{"@id":"https:\/\/blogit.gradia.fi\/digiluoto\/#primaryimage"},"image":{"@id":"https:\/\/blogit.gradia.fi\/digiluoto\/#primaryimage"},"thumbnailUrl":"https:\/\/blogit.gradia.fi\/digiluoto\/wp-content\/uploads\/sites\/277\/2021\/12\/226-intra-kuvitus-2020-0742-1024x576.jpg","datePublished":"2021-12-13T08:17:39+00:00","dateModified":"2023-06-15T06:23:07+00:00","breadcrumb":{"@id":"https:\/\/blogit.gradia.fi\/digiluoto\/#breadcrumb"},"inLanguage":"fi","potentialAction":[{"@type":"ReadAction","target":["https:\/\/blogit.gradia.fi\/digiluoto\/"]}]},{"@type":"ImageObject","inLanguage":"fi","@id":"https:\/\/blogit.gradia.fi\/digiluoto\/#primaryimage","url":"https:\/\/blogit.gradia.fi\/digiluoto\/wp-content\/uploads\/sites\/277\/2021\/12\/226-intra-kuvitus-2020-0742.jpg","contentUrl":"https:\/\/blogit.gradia.fi\/digiluoto\/wp-content\/uploads\/sites\/277\/2021\/12\/226-intra-kuvitus-2020-0742.jpg","width":1920,"height":1080,"caption":"Kuvassa on Gradian Harjun kampuksen piha."},{"@type":"BreadcrumbList","@id":"https:\/\/blogit.gradia.fi\/digiluoto\/#breadcrumb","itemListElement":[{"@type":"ListItem","position":1,"name":"Etusivu","item":"https:\/\/blogit.gradia.fi\/digiluoto\/"},{"@type":"ListItem","position":2,"name":"Digitaitavat lukioiden opettajat"}]},{"@type":"WebSite","@id":"https:\/\/blogit.gradia.fi\/digiluoto\/#website","url":"https:\/\/blogit.gradia.fi\/digiluoto\/","name":"DigiLuoto","description":"","potentialAction":[{"@type":"SearchAction","target":{"@type":"EntryPoint","urlTemplate":"https:\/\/blogit.gradia.fi\/digiluoto\/?s={search_term_string}"},"query-input":{"@type":"PropertyValueSpecification","valueRequired":true,"valueName":"search_term_string"}}],"inLanguage":"fi"}]}},"uagb_featured_image_src":{"full":false,"thumbnail":false,"medium":false,"medium_large":false,"large":false,"1536x1536":false,"2048x2048":false},"uagb_author_info":{"display_name":"Hanna Jukola","author_link":"https:\/\/blogit.gradia.fi\/digiluoto\/author\/jukolhan\/"},"uagb_comment_info":1,"uagb_excerpt":"Opetushallituksen rahoittamat DigiLuoto -koulutukset j\u00e4rjestettiin lukuvuoden 2022-2023 aikana. Koulutukset tarjosivat maksutonta t\u00e4ydennyskoulutusta ensisijaisesti lukioiden opettajille Keski-Suomessa. DigiLuoto -koulutuksia j\u00e4rjestettiin nelj\u00e4st\u00e4 eri teemasta. Syksyn aloitti 1.9.2022 kaikille koulutuksille yhteinen verkossa j\u00e4rjestett\u00e4v\u00e4 digipedagoginen iltap\u00e4iv\u00e4. Koulutukset j\u00e4rjestettiin Gradian tiloissa, mutta kaikkiin koulutuksiin oli mahdollista osallistua my\u00f6s verkon v\u00e4lityksell\u00e4. Mik\u00e4 on DigiLuoto -hanke? DigiLuoto -hanke j\u00e4rjest\u00e4\u00e4 erityisesti lukion opettajien&hellip;","_links":{"self":[{"href":"https:\/\/blogit.gradia.fi\/digiluoto\/wp-json\/wp\/v2\/pages\/2","targetHints":{"allow":["GET"]}}],"collection":[{"href":"https:\/\/blogit.gradia.fi\/digiluoto\/wp-json\/wp\/v2\/pages"}],"about":[{"href":"https:\/\/blogit.gradia.fi\/digiluoto\/wp-json\/wp\/v2\/types\/page"}],"author":[{"embeddable":true,"href":"https:\/\/blogit.gradia.fi\/digiluoto\/wp-json\/wp\/v2\/users\/403"}],"replies":[{"embeddable":true,"href":"https:\/\/blogit.gradia.fi\/digiluoto\/wp-json\/wp\/v2\/comments?post=2"}],"version-history":[{"count":26,"href":"https:\/\/blogit.gradia.fi\/digiluoto\/wp-json\/wp\/v2\/pages\/2\/revisions"}],"predecessor-version":[{"id":253,"href":"https:\/\/blogit.gradia.fi\/digiluoto\/wp-json\/wp\/v2\/pages\/2\/revisions\/253"}],"wp:attachment":[{"href":"https:\/\/blogit.gradia.fi\/digiluoto\/wp-json\/wp\/v2\/media?parent=2"}],"curies":[{"name":"wp","href":"https:\/\/api.w.org\/{rel}","templated":true}]}}