{"id":19,"date":"2021-12-15T13:47:19","date_gmt":"2021-12-15T11:47:19","guid":{"rendered":"https:\/\/blogit.gradia.fi\/digiluoto\/?page_id=19"},"modified":"2022-12-05T10:19:51","modified_gmt":"2022-12-05T08:19:51","slug":"digipedagogiikan-perusteet","status":"publish","type":"page","link":"https:\/\/blogit.gradia.fi\/digiluoto\/digipedagogiikan-perusteet\/","title":{"rendered":"Digipedagogiikan perusteet (2 op)"},"content":{"rendered":"\n<p>Koulutuksessa osallistujat tutustuvat teknologian pedagogiseen k\u00e4ytt\u00f6\u00f6n ja erilaisiin digitaalisiin sovelluksiin opetuksen tukena. Koulutuksessa k\u00e4sitell\u00e4\u00e4n digipalvelulain tuomia velvollisuuksia ja mahdollisuuksia, jotta osallistujat saavat perustiedot ja -taidot saavutettavien oppimiskokemuksien luomiseen. Kouluksen aikana osallistujat suunnittelevat omaan tarpeeseensa sopivan opetuksen osan, jonka he toteuttavat ja josta raportoivat osion lopussa j\u00e4rjestett\u00e4v\u00e4ss\u00e4 webinaarissa.<\/p>\n\n\n\n<div class=\"wp-block-media-text alignwide is-stacked-on-mobile\"><figure class=\"wp-block-media-text__media\"><img fetchpriority=\"high\" decoding=\"async\" width=\"640\" height=\"720\" src=\"https:\/\/blogit.gradia.fi\/digiluoto\/wp-content\/uploads\/sites\/277\/2021\/12\/Kuva1.jpg\" alt=\"\" class=\"wp-image-20 size-full\" srcset=\"https:\/\/blogit.gradia.fi\/digiluoto\/wp-content\/uploads\/sites\/277\/2021\/12\/Kuva1.jpg 640w, https:\/\/blogit.gradia.fi\/digiluoto\/wp-content\/uploads\/sites\/277\/2021\/12\/Kuva1-267x300.jpg 267w\" sizes=\"(max-width: 640px) 100vw, 640px\" \/><\/figure><div class=\"wp-block-media-text__content\">\n<p style=\"font-size:30px\">Kenelle?<\/p>\n\n\n\n<p>Sinulle, joka otat ensi askeleitasi digipedagogiikan k\u00e4yt\u00f6ss\u00e4 opetuksessa<\/p>\n\n\n\n<p style=\"font-size:30px\">Aikataulu?<\/p>\n\n\n\n<ul class=\"wp-block-list\"><li>Alkuwebinaari<ul><li>1.9.2022 klo 14 &#8211; 16.15<\/li><\/ul><\/li><li>4 l\u00e4hi-iltap\u00e4iv\u00e4\u00e4 (voit osallistua my\u00f6s Teamsin kautta)<ul><li>8.9.2022 klo 14 &#8211; 16.15<\/li><li>11.10.2022 klo 14 &#8211; 16.15<\/li><li>25.10.2022 klo 14 &#8211; 16.15<\/li><li>17.11.2022 klo 14 &#8211; 16.15<\/li><\/ul><\/li><li>P\u00e4\u00e4tt\u00f6webinaari<ul><li>29.11.2022 klo 14 &#8211; 16.15<\/li><\/ul><\/li><li>Kesto 18 h kontaktia ja 36 h itsen\u00e4ist\u00e4 ty\u00f6skentely\u00e4 sis\u00e4lt\u00e4en kehitt\u00e4misteht\u00e4v\u00e4n<\/li><\/ul>\n\n\n\n<p style=\"font-size:30px\">Huomioitavaa?<\/p>\n\n\n\n<p>Oma tietokone mukaan. P\u00e4\u00e4tt\u00f6webinaari tallennetaan ja julkaistaan koulutuksen p\u00e4\u00e4ttymisen j\u00e4lkeen aoe.fi -palvelussa.  <\/p>\n\n\n\n<p>Voit osallistua koulutukseen my\u00f6s et\u00e4n\u00e4!<\/p>\n\n\n\n<p style=\"font-size:30px\">Ilmoittautuminen?<\/p>\n\n\n\n<p>Koulutus on p\u00e4\u00e4ttynyt!<\/p>\n\n\n\n<div class=\"wp-block-buttons is-layout-flex wp-block-buttons-is-layout-flex\"><\/div>\n\n\n\n<p><\/p>\n<\/div><\/div>\n\n\n\n<p><\/p>\n\n\n\n<p><\/p>\n\n\n\n<p><\/p>\n\n\n\n<figure class=\"wp-block-image aligncenter size-large is-resized\"><img decoding=\"async\" src=\"https:\/\/blogit.gradia.fi\/digiluoto\/wp-content\/uploads\/sites\/277\/2021\/12\/Nimeton-suunn.malli-2-1024x585.png\" alt=\"Digiluoto -hankkeen logo, Gradian logo, Aluehallintoviraston logo ja Opetushallituksen logo\" class=\"wp-image-102\" width=\"336\" height=\"191\" srcset=\"https:\/\/blogit.gradia.fi\/digiluoto\/wp-content\/uploads\/sites\/277\/2021\/12\/Nimeton-suunn.malli-2-1024x585.png 1024w, https:\/\/blogit.gradia.fi\/digiluoto\/wp-content\/uploads\/sites\/277\/2021\/12\/Nimeton-suunn.malli-2-300x171.png 300w, https:\/\/blogit.gradia.fi\/digiluoto\/wp-content\/uploads\/sites\/277\/2021\/12\/Nimeton-suunn.malli-2-768x439.png 768w, https:\/\/blogit.gradia.fi\/digiluoto\/wp-content\/uploads\/sites\/277\/2021\/12\/Nimeton-suunn.malli-2.png 1050w\" sizes=\"(max-width: 336px) 100vw, 336px\" \/><\/figure>\n","protected":false},"excerpt":{"rendered":"<p>Koulutuksessa osallistujat tutustuvat teknologian pedagogiseen k\u00e4ytt\u00f6\u00f6n ja erilaisiin digitaalisiin sovelluksiin opetuksen tukena. Koulutuksessa k\u00e4sitell\u00e4\u00e4n digipalvelulain tuomia velvollisuuksia ja mahdollisuuksia, jotta osallistujat saavat perustiedot ja -taidot saavutettavien oppimiskokemuksien luomiseen. Kouluksen aikana osallistujat suunnittelevat omaan tarpeeseensa sopivan opetuksen osan, jonka he toteuttavat ja josta raportoivat osion lopussa j\u00e4rjestett\u00e4v\u00e4ss\u00e4 webinaarissa.<\/p>\n","protected":false},"author":403,"featured_media":0,"parent":0,"menu_order":0,"comment_status":"closed","ping_status":"closed","template":"","meta":{"_uag_custom_page_level_css":"","footnotes":""},"class_list":["post-19","page","type-page","status-publish","hentry"],"yoast_head":"<!-- This site is optimized with the Yoast SEO plugin v27.5 - https:\/\/yoast.com\/product\/yoast-seo-wordpress\/ -->\n<title>Digipedagogiikan perusteet (2 op) - DigiLuoto<\/title>\n<meta name=\"robots\" content=\"index, follow, max-snippet:-1, max-image-preview:large, max-video-preview:-1\" \/>\n<link rel=\"canonical\" href=\"https:\/\/blogit.gradia.fi\/digiluoto\/digipedagogiikan-perusteet\/\" \/>\n<meta property=\"og:locale\" content=\"fi_FI\" \/>\n<meta property=\"og:type\" content=\"article\" \/>\n<meta property=\"og:title\" content=\"Digipedagogiikan perusteet (2 op) - DigiLuoto\" \/>\n<meta property=\"og:description\" content=\"Koulutuksessa osallistujat tutustuvat teknologian pedagogiseen k\u00e4ytt\u00f6\u00f6n ja erilaisiin digitaalisiin sovelluksiin opetuksen tukena. Koulutuksessa k\u00e4sitell\u00e4\u00e4n digipalvelulain tuomia velvollisuuksia ja mahdollisuuksia, jotta osallistujat saavat perustiedot ja -taidot saavutettavien oppimiskokemuksien luomiseen. Kouluksen aikana osallistujat suunnittelevat omaan tarpeeseensa sopivan opetuksen osan, jonka he toteuttavat ja josta raportoivat osion lopussa j\u00e4rjestett\u00e4v\u00e4ss\u00e4 webinaarissa.\" \/>\n<meta property=\"og:url\" content=\"https:\/\/blogit.gradia.fi\/digiluoto\/digipedagogiikan-perusteet\/\" \/>\n<meta property=\"og:site_name\" content=\"DigiLuoto\" \/>\n<meta property=\"article:modified_time\" content=\"2022-12-05T08:19:51+00:00\" \/>\n<meta property=\"og:image\" content=\"https:\/\/blogit.gradia.fi\/digiluoto\/wp-content\/uploads\/sites\/277\/2021\/12\/Kuva1.jpg\" \/>\n<meta name=\"twitter:card\" content=\"summary_large_image\" \/>\n<meta name=\"twitter:label1\" content=\"Arvioitu lukuaika\" \/>\n\t<meta name=\"twitter:data1\" content=\"2 minuuttia\" \/>\n<script type=\"application\/ld+json\" class=\"yoast-schema-graph\">{\"@context\":\"https:\\\/\\\/schema.org\",\"@graph\":[{\"@type\":\"WebPage\",\"@id\":\"https:\\\/\\\/blogit.gradia.fi\\\/digiluoto\\\/digipedagogiikan-perusteet\\\/\",\"url\":\"https:\\\/\\\/blogit.gradia.fi\\\/digiluoto\\\/digipedagogiikan-perusteet\\\/\",\"name\":\"Digipedagogiikan perusteet (2 op) - DigiLuoto\",\"isPartOf\":{\"@id\":\"https:\\\/\\\/blogit.gradia.fi\\\/digiluoto\\\/#website\"},\"primaryImageOfPage\":{\"@id\":\"https:\\\/\\\/blogit.gradia.fi\\\/digiluoto\\\/digipedagogiikan-perusteet\\\/#primaryimage\"},\"image\":{\"@id\":\"https:\\\/\\\/blogit.gradia.fi\\\/digiluoto\\\/digipedagogiikan-perusteet\\\/#primaryimage\"},\"thumbnailUrl\":\"https:\\\/\\\/blogit.gradia.fi\\\/digiluoto\\\/wp-content\\\/uploads\\\/sites\\\/277\\\/2021\\\/12\\\/Kuva1.jpg\",\"datePublished\":\"2021-12-15T11:47:19+00:00\",\"dateModified\":\"2022-12-05T08:19:51+00:00\",\"breadcrumb\":{\"@id\":\"https:\\\/\\\/blogit.gradia.fi\\\/digiluoto\\\/digipedagogiikan-perusteet\\\/#breadcrumb\"},\"inLanguage\":\"fi\",\"potentialAction\":[{\"@type\":\"ReadAction\",\"target\":[\"https:\\\/\\\/blogit.gradia.fi\\\/digiluoto\\\/digipedagogiikan-perusteet\\\/\"]}]},{\"@type\":\"ImageObject\",\"inLanguage\":\"fi\",\"@id\":\"https:\\\/\\\/blogit.gradia.fi\\\/digiluoto\\\/digipedagogiikan-perusteet\\\/#primaryimage\",\"url\":\"https:\\\/\\\/blogit.gradia.fi\\\/digiluoto\\\/wp-content\\\/uploads\\\/sites\\\/277\\\/2021\\\/12\\\/Kuva1.jpg\",\"contentUrl\":\"https:\\\/\\\/blogit.gradia.fi\\\/digiluoto\\\/wp-content\\\/uploads\\\/sites\\\/277\\\/2021\\\/12\\\/Kuva1.jpg\",\"width\":640,\"height\":720},{\"@type\":\"BreadcrumbList\",\"@id\":\"https:\\\/\\\/blogit.gradia.fi\\\/digiluoto\\\/digipedagogiikan-perusteet\\\/#breadcrumb\",\"itemListElement\":[{\"@type\":\"ListItem\",\"position\":1,\"name\":\"Etusivu\",\"item\":\"https:\\\/\\\/blogit.gradia.fi\\\/digiluoto\\\/\"},{\"@type\":\"ListItem\",\"position\":2,\"name\":\"Digipedagogiikan perusteet (2 op)\"}]},{\"@type\":\"WebSite\",\"@id\":\"https:\\\/\\\/blogit.gradia.fi\\\/digiluoto\\\/#website\",\"url\":\"https:\\\/\\\/blogit.gradia.fi\\\/digiluoto\\\/\",\"name\":\"DigiLuoto\",\"description\":\"\",\"potentialAction\":[{\"@type\":\"SearchAction\",\"target\":{\"@type\":\"EntryPoint\",\"urlTemplate\":\"https:\\\/\\\/blogit.gradia.fi\\\/digiluoto\\\/?s={search_term_string}\"},\"query-input\":{\"@type\":\"PropertyValueSpecification\",\"valueRequired\":true,\"valueName\":\"search_term_string\"}}],\"inLanguage\":\"fi\"}]}<\/script>\n<!-- \/ Yoast SEO plugin. -->","yoast_head_json":{"title":"Digipedagogiikan perusteet (2 op) - DigiLuoto","robots":{"index":"index","follow":"follow","max-snippet":"max-snippet:-1","max-image-preview":"max-image-preview:large","max-video-preview":"max-video-preview:-1"},"canonical":"https:\/\/blogit.gradia.fi\/digiluoto\/digipedagogiikan-perusteet\/","og_locale":"fi_FI","og_type":"article","og_title":"Digipedagogiikan perusteet (2 op) - DigiLuoto","og_description":"Koulutuksessa osallistujat tutustuvat teknologian pedagogiseen k\u00e4ytt\u00f6\u00f6n ja erilaisiin digitaalisiin sovelluksiin opetuksen tukena. Koulutuksessa k\u00e4sitell\u00e4\u00e4n digipalvelulain tuomia velvollisuuksia ja mahdollisuuksia, jotta osallistujat saavat perustiedot ja -taidot saavutettavien oppimiskokemuksien luomiseen. Kouluksen aikana osallistujat suunnittelevat omaan tarpeeseensa sopivan opetuksen osan, jonka he toteuttavat ja josta raportoivat osion lopussa j\u00e4rjestett\u00e4v\u00e4ss\u00e4 webinaarissa.","og_url":"https:\/\/blogit.gradia.fi\/digiluoto\/digipedagogiikan-perusteet\/","og_site_name":"DigiLuoto","article_modified_time":"2022-12-05T08:19:51+00:00","og_image":[{"url":"https:\/\/blogit.gradia.fi\/digiluoto\/wp-content\/uploads\/sites\/277\/2021\/12\/Kuva1.jpg","type":"","width":"","height":""}],"twitter_card":"summary_large_image","twitter_misc":{"Arvioitu lukuaika":"2 minuuttia"},"schema":{"@context":"https:\/\/schema.org","@graph":[{"@type":"WebPage","@id":"https:\/\/blogit.gradia.fi\/digiluoto\/digipedagogiikan-perusteet\/","url":"https:\/\/blogit.gradia.fi\/digiluoto\/digipedagogiikan-perusteet\/","name":"Digipedagogiikan perusteet (2 op) - DigiLuoto","isPartOf":{"@id":"https:\/\/blogit.gradia.fi\/digiluoto\/#website"},"primaryImageOfPage":{"@id":"https:\/\/blogit.gradia.fi\/digiluoto\/digipedagogiikan-perusteet\/#primaryimage"},"image":{"@id":"https:\/\/blogit.gradia.fi\/digiluoto\/digipedagogiikan-perusteet\/#primaryimage"},"thumbnailUrl":"https:\/\/blogit.gradia.fi\/digiluoto\/wp-content\/uploads\/sites\/277\/2021\/12\/Kuva1.jpg","datePublished":"2021-12-15T11:47:19+00:00","dateModified":"2022-12-05T08:19:51+00:00","breadcrumb":{"@id":"https:\/\/blogit.gradia.fi\/digiluoto\/digipedagogiikan-perusteet\/#breadcrumb"},"inLanguage":"fi","potentialAction":[{"@type":"ReadAction","target":["https:\/\/blogit.gradia.fi\/digiluoto\/digipedagogiikan-perusteet\/"]}]},{"@type":"ImageObject","inLanguage":"fi","@id":"https:\/\/blogit.gradia.fi\/digiluoto\/digipedagogiikan-perusteet\/#primaryimage","url":"https:\/\/blogit.gradia.fi\/digiluoto\/wp-content\/uploads\/sites\/277\/2021\/12\/Kuva1.jpg","contentUrl":"https:\/\/blogit.gradia.fi\/digiluoto\/wp-content\/uploads\/sites\/277\/2021\/12\/Kuva1.jpg","width":640,"height":720},{"@type":"BreadcrumbList","@id":"https:\/\/blogit.gradia.fi\/digiluoto\/digipedagogiikan-perusteet\/#breadcrumb","itemListElement":[{"@type":"ListItem","position":1,"name":"Etusivu","item":"https:\/\/blogit.gradia.fi\/digiluoto\/"},{"@type":"ListItem","position":2,"name":"Digipedagogiikan perusteet (2 op)"}]},{"@type":"WebSite","@id":"https:\/\/blogit.gradia.fi\/digiluoto\/#website","url":"https:\/\/blogit.gradia.fi\/digiluoto\/","name":"DigiLuoto","description":"","potentialAction":[{"@type":"SearchAction","target":{"@type":"EntryPoint","urlTemplate":"https:\/\/blogit.gradia.fi\/digiluoto\/?s={search_term_string}"},"query-input":{"@type":"PropertyValueSpecification","valueRequired":true,"valueName":"search_term_string"}}],"inLanguage":"fi"}]}},"uagb_featured_image_src":{"full":false,"thumbnail":false,"medium":false,"medium_large":false,"large":false,"1536x1536":false,"2048x2048":false},"uagb_author_info":{"display_name":"Hanna Jukola","author_link":"https:\/\/blogit.gradia.fi\/digiluoto\/author\/jukolhan\/"},"uagb_comment_info":0,"uagb_excerpt":"Koulutuksessa osallistujat tutustuvat teknologian pedagogiseen k\u00e4ytt\u00f6\u00f6n ja erilaisiin digitaalisiin sovelluksiin opetuksen tukena. Koulutuksessa k\u00e4sitell\u00e4\u00e4n digipalvelulain tuomia velvollisuuksia ja mahdollisuuksia, jotta osallistujat saavat perustiedot ja -taidot saavutettavien oppimiskokemuksien luomiseen. Kouluksen aikana osallistujat suunnittelevat omaan tarpeeseensa sopivan opetuksen osan, jonka he toteuttavat ja josta raportoivat osion lopussa j\u00e4rjestett\u00e4v\u00e4ss\u00e4 webinaarissa.","_links":{"self":[{"href":"https:\/\/blogit.gradia.fi\/digiluoto\/wp-json\/wp\/v2\/pages\/19","targetHints":{"allow":["GET"]}}],"collection":[{"href":"https:\/\/blogit.gradia.fi\/digiluoto\/wp-json\/wp\/v2\/pages"}],"about":[{"href":"https:\/\/blogit.gradia.fi\/digiluoto\/wp-json\/wp\/v2\/types\/page"}],"author":[{"embeddable":true,"href":"https:\/\/blogit.gradia.fi\/digiluoto\/wp-json\/wp\/v2\/users\/403"}],"replies":[{"embeddable":true,"href":"https:\/\/blogit.gradia.fi\/digiluoto\/wp-json\/wp\/v2\/comments?post=19"}],"version-history":[{"count":32,"href":"https:\/\/blogit.gradia.fi\/digiluoto\/wp-json\/wp\/v2\/pages\/19\/revisions"}],"predecessor-version":[{"id":247,"href":"https:\/\/blogit.gradia.fi\/digiluoto\/wp-json\/wp\/v2\/pages\/19\/revisions\/247"}],"wp:attachment":[{"href":"https:\/\/blogit.gradia.fi\/digiluoto\/wp-json\/wp\/v2\/media?parent=19"}],"curies":[{"name":"wp","href":"https:\/\/api.w.org\/{rel}","templated":true}]}}