{"id":7,"date":"2018-06-07T12:22:38","date_gmt":"2018-06-07T09:22:38","guid":{"rendered":"https:\/\/blogit.gradia.fi\/digi\/?page_id=7"},"modified":"2018-11-14T09:27:43","modified_gmt":"2018-11-14T07:27:43","slug":"osajakso-a","status":"publish","type":"page","link":"https:\/\/blogit.gradia.fi\/digi\/osajakso-a\/","title":{"rendered":"Osajakso A (1 osp)"},"content":{"rendered":"<h2><strong>Opiskelussa tarvittavien laitteiden ja ohjelmistojen k\u00e4yt\u00f6n osaaminen<\/strong><\/h2>\n<p><span lang=\"fi\"><span style=\"font-family: Calibri, sans-serif;font-size: small\"> Opiskelussa tarvittavien laitteiden ja ohjelmistojen k\u00e4yt\u00f6n osaaminen<\/span><\/span><\/p>\n<p>Osajaksoon A kuuluu 5 teht\u00e4v\u00e4\u00e4.<\/p>\n<p>Teht\u00e4v\u00e4 1: Wilma ja Office365<br \/>\nTeht\u00e4v\u00e4 2: Turvallisesti verkossa<br \/>\nTeht\u00e4v\u00e4 3: Palomuuri ja haittaohjelmat<br \/>\nTeht\u00e4v\u00e4 4: Sosiaalinen media<br \/>\nTeht\u00e4v\u00e4 5: Laitteiden k\u00e4ytt\u00f6\u00f6notto<\/p>\n","protected":false},"excerpt":{"rendered":"<p>Opiskelussa tarvittavien laitteiden ja ohjelmistojen k\u00e4yt\u00f6n osaaminen Opiskelussa tarvittavien laitteiden ja ohjelmistojen k\u00e4yt\u00f6n osaaminen Osajaksoon A kuuluu 5 teht\u00e4v\u00e4\u00e4. Teht\u00e4v\u00e4 1: Wilma ja Office365 Teht\u00e4v\u00e4 2: Turvallisesti verkossa Teht\u00e4v\u00e4 3: Palomuuri ja haittaohjelmat Teht\u00e4v\u00e4 4: Sosiaalinen media Teht\u00e4v\u00e4 5: Laitteiden k\u00e4ytt\u00f6\u00f6notto<\/p>\n","protected":false},"author":395,"featured_media":0,"parent":0,"menu_order":0,"comment_status":"closed","ping_status":"closed","template":"","meta":{"_uag_custom_page_level_css":"","footnotes":""},"class_list":["post-7","page","type-page","status-publish","hentry"],"yoast_head":"<!-- This site is optimized with the Yoast SEO plugin v27.2 - https:\/\/yoast.com\/product\/yoast-seo-wordpress\/ -->\n<title>Osajakso A (1 osp) - Digi<\/title>\n<meta name=\"robots\" content=\"index, follow, max-snippet:-1, max-image-preview:large, max-video-preview:-1\" \/>\n<link rel=\"canonical\" href=\"https:\/\/blogit.gradia.fi\/digi\/osajakso-a\/\" \/>\n<meta property=\"og:locale\" content=\"fi_FI\" \/>\n<meta property=\"og:type\" content=\"article\" \/>\n<meta property=\"og:title\" content=\"Osajakso A (1 osp) - Digi\" \/>\n<meta property=\"og:description\" content=\"Opiskelussa tarvittavien laitteiden ja ohjelmistojen k\u00e4yt\u00f6n osaaminen Opiskelussa tarvittavien laitteiden ja ohjelmistojen k\u00e4yt\u00f6n osaaminen Osajaksoon A kuuluu 5 teht\u00e4v\u00e4\u00e4. Teht\u00e4v\u00e4 1: Wilma ja Office365 Teht\u00e4v\u00e4 2: Turvallisesti verkossa Teht\u00e4v\u00e4 3: Palomuuri ja haittaohjelmat Teht\u00e4v\u00e4 4: Sosiaalinen media Teht\u00e4v\u00e4 5: Laitteiden k\u00e4ytt\u00f6\u00f6notto\" \/>\n<meta property=\"og:url\" content=\"https:\/\/blogit.gradia.fi\/digi\/osajakso-a\/\" \/>\n<meta property=\"og:site_name\" content=\"Digi\" \/>\n<meta property=\"article:modified_time\" content=\"2018-11-14T07:27:43+00:00\" \/>\n<meta name=\"twitter:card\" content=\"summary_large_image\" \/>\n<script type=\"application\/ld+json\" class=\"yoast-schema-graph\">{\"@context\":\"https:\/\/schema.org\",\"@graph\":[{\"@type\":\"WebPage\",\"@id\":\"https:\/\/blogit.gradia.fi\/digi\/osajakso-a\/\",\"url\":\"https:\/\/blogit.gradia.fi\/digi\/osajakso-a\/\",\"name\":\"Osajakso A (1 osp) - Digi\",\"isPartOf\":{\"@id\":\"https:\/\/blogit.gradia.fi\/digi\/#website\"},\"datePublished\":\"2018-06-07T09:22:38+00:00\",\"dateModified\":\"2018-11-14T07:27:43+00:00\",\"inLanguage\":\"fi\",\"potentialAction\":[{\"@type\":\"ReadAction\",\"target\":[\"https:\/\/blogit.gradia.fi\/digi\/osajakso-a\/\"]}]},{\"@type\":\"WebSite\",\"@id\":\"https:\/\/blogit.gradia.fi\/digi\/#website\",\"url\":\"https:\/\/blogit.gradia.fi\/digi\/\",\"name\":\"Digi\",\"description\":\"Toiminta digitaalisessa ymp\u00e4rist\u00f6ss\u00e4 -opintojakso\",\"potentialAction\":[{\"@type\":\"SearchAction\",\"target\":{\"@type\":\"EntryPoint\",\"urlTemplate\":\"https:\/\/blogit.gradia.fi\/digi\/?s={search_term_string}\"},\"query-input\":{\"@type\":\"PropertyValueSpecification\",\"valueRequired\":true,\"valueName\":\"search_term_string\"}}],\"inLanguage\":\"fi\"}]}<\/script>\n<!-- \/ Yoast SEO plugin. -->","yoast_head_json":{"title":"Osajakso A (1 osp) - Digi","robots":{"index":"index","follow":"follow","max-snippet":"max-snippet:-1","max-image-preview":"max-image-preview:large","max-video-preview":"max-video-preview:-1"},"canonical":"https:\/\/blogit.gradia.fi\/digi\/osajakso-a\/","og_locale":"fi_FI","og_type":"article","og_title":"Osajakso A (1 osp) - Digi","og_description":"Opiskelussa tarvittavien laitteiden ja ohjelmistojen k\u00e4yt\u00f6n osaaminen Opiskelussa tarvittavien laitteiden ja ohjelmistojen k\u00e4yt\u00f6n osaaminen Osajaksoon A kuuluu 5 teht\u00e4v\u00e4\u00e4. Teht\u00e4v\u00e4 1: Wilma ja Office365 Teht\u00e4v\u00e4 2: Turvallisesti verkossa Teht\u00e4v\u00e4 3: Palomuuri ja haittaohjelmat Teht\u00e4v\u00e4 4: Sosiaalinen media Teht\u00e4v\u00e4 5: Laitteiden k\u00e4ytt\u00f6\u00f6notto","og_url":"https:\/\/blogit.gradia.fi\/digi\/osajakso-a\/","og_site_name":"Digi","article_modified_time":"2018-11-14T07:27:43+00:00","twitter_card":"summary_large_image","schema":{"@context":"https:\/\/schema.org","@graph":[{"@type":"WebPage","@id":"https:\/\/blogit.gradia.fi\/digi\/osajakso-a\/","url":"https:\/\/blogit.gradia.fi\/digi\/osajakso-a\/","name":"Osajakso A (1 osp) - Digi","isPartOf":{"@id":"https:\/\/blogit.gradia.fi\/digi\/#website"},"datePublished":"2018-06-07T09:22:38+00:00","dateModified":"2018-11-14T07:27:43+00:00","inLanguage":"fi","potentialAction":[{"@type":"ReadAction","target":["https:\/\/blogit.gradia.fi\/digi\/osajakso-a\/"]}]},{"@type":"WebSite","@id":"https:\/\/blogit.gradia.fi\/digi\/#website","url":"https:\/\/blogit.gradia.fi\/digi\/","name":"Digi","description":"Toiminta digitaalisessa ymp\u00e4rist\u00f6ss\u00e4 -opintojakso","potentialAction":[{"@type":"SearchAction","target":{"@type":"EntryPoint","urlTemplate":"https:\/\/blogit.gradia.fi\/digi\/?s={search_term_string}"},"query-input":{"@type":"PropertyValueSpecification","valueRequired":true,"valueName":"search_term_string"}}],"inLanguage":"fi"}]}},"uagb_featured_image_src":{"full":false,"thumbnail":false,"medium":false,"medium_large":false,"large":false,"1536x1536":false,"2048x2048":false,"post-thumbnail":false},"uagb_author_info":{"display_name":"Annaleena Kangas","author_link":"https:\/\/blogit.gradia.fi\/digi\/author\/kangaaan\/"},"uagb_comment_info":0,"uagb_excerpt":"Opiskelussa tarvittavien laitteiden ja ohjelmistojen k\u00e4yt\u00f6n osaaminen Opiskelussa tarvittavien laitteiden ja ohjelmistojen k\u00e4yt\u00f6n osaaminen Osajaksoon A kuuluu 5 teht\u00e4v\u00e4\u00e4. Teht\u00e4v\u00e4 1: Wilma ja Office365 Teht\u00e4v\u00e4 2: Turvallisesti verkossa Teht\u00e4v\u00e4 3: Palomuuri ja haittaohjelmat Teht\u00e4v\u00e4 4: Sosiaalinen media Teht\u00e4v\u00e4 5: Laitteiden k\u00e4ytt\u00f6\u00f6notto","_links":{"self":[{"href":"https:\/\/blogit.gradia.fi\/digi\/wp-json\/wp\/v2\/pages\/7","targetHints":{"allow":["GET"]}}],"collection":[{"href":"https:\/\/blogit.gradia.fi\/digi\/wp-json\/wp\/v2\/pages"}],"about":[{"href":"https:\/\/blogit.gradia.fi\/digi\/wp-json\/wp\/v2\/types\/page"}],"author":[{"embeddable":true,"href":"https:\/\/blogit.gradia.fi\/digi\/wp-json\/wp\/v2\/users\/395"}],"replies":[{"embeddable":true,"href":"https:\/\/blogit.gradia.fi\/digi\/wp-json\/wp\/v2\/comments?post=7"}],"version-history":[{"count":0,"href":"https:\/\/blogit.gradia.fi\/digi\/wp-json\/wp\/v2\/pages\/7\/revisions"}],"wp:attachment":[{"href":"https:\/\/blogit.gradia.fi\/digi\/wp-json\/wp\/v2\/media?parent=7"}],"curies":[{"name":"wp","href":"https:\/\/api.w.org\/{rel}","templated":true}]}}