{"id":68,"date":"2018-06-07T19:09:00","date_gmt":"2018-06-07T16:09:00","guid":{"rendered":"https:\/\/blogit.gradia.fi\/digi\/?page_id=68"},"modified":"2018-08-07T13:45:19","modified_gmt":"2018-08-07T10:45:19","slug":"arviointi","status":"publish","type":"page","link":"https:\/\/blogit.gradia.fi\/digi\/arviointi\/","title":{"rendered":"Arviointi"},"content":{"rendered":"<p>Opintojakson\u00a0 arviointi perustuu annettuihin teht\u00e4viin. Teht\u00e4v\u00e4t tallennetaan omaan loogisesti nimettyyn <em>OneDrive<\/em>-kansioon, joka on jaettu opintojakson opettajalle. Arvioitavia asioita ovat kansion ja teht\u00e4vien luettavuus, selkeys ja sis\u00e4lt\u00f6. <strong>Vastaa siis aina teht\u00e4viin monipuolisesti. Kerro omasta osaamisestasi ja kokemuksestasi aiheeseen liittyen.<\/strong><\/p>\n<p>Kurssiin kuuluu kaksi osajaksoa. Osajakso A arvioidaan B osajakson yhteydess\u00e4. Saat kurssista arvosanan (1 &#8211; 5), kun olet suorittanut molemmat osajaksot.<\/p>\n","protected":false},"excerpt":{"rendered":"<p>Opintojakson\u00a0 arviointi perustuu annettuihin teht\u00e4viin. Teht\u00e4v\u00e4t tallennetaan omaan loogisesti nimettyyn OneDrive-kansioon, joka on jaettu opintojakson opettajalle. Arvioitavia asioita ovat kansion ja teht\u00e4vien luettavuus, selkeys ja sis\u00e4lt\u00f6. Vastaa siis aina teht\u00e4viin monipuolisesti. Kerro omasta osaamisestasi ja kokemuksestasi aiheeseen liittyen. Kurssiin kuuluu kaksi osajaksoa. Osajakso A arvioidaan B osajakson yhteydess\u00e4. Saat kurssista arvosanan (1 &#8211; 5), kun &hellip; <a href=\"https:\/\/blogit.gradia.fi\/digi\/arviointi\/\" class=\"more-link\">Jatka lukemista <span class=\"screen-reader-text\">Arviointi<\/span> <span class=\"meta-nav\">&rarr;<\/span><\/a><\/p>\n","protected":false},"author":395,"featured_media":0,"parent":0,"menu_order":0,"comment_status":"closed","ping_status":"closed","template":"","meta":{"_uag_custom_page_level_css":"","footnotes":""},"class_list":["post-68","page","type-page","status-publish","hentry"],"yoast_head":"<!-- This site is optimized with the Yoast SEO plugin v27.2 - https:\/\/yoast.com\/product\/yoast-seo-wordpress\/ -->\n<title>Arviointi - Digi<\/title>\n<meta name=\"robots\" content=\"index, follow, max-snippet:-1, max-image-preview:large, max-video-preview:-1\" \/>\n<link rel=\"canonical\" href=\"https:\/\/blogit.gradia.fi\/digi\/arviointi\/\" \/>\n<meta property=\"og:locale\" content=\"fi_FI\" \/>\n<meta property=\"og:type\" content=\"article\" \/>\n<meta property=\"og:title\" content=\"Arviointi - Digi\" \/>\n<meta property=\"og:description\" content=\"Opintojakson\u00a0 arviointi perustuu annettuihin teht\u00e4viin. Teht\u00e4v\u00e4t tallennetaan omaan loogisesti nimettyyn OneDrive-kansioon, joka on jaettu opintojakson opettajalle. Arvioitavia asioita ovat kansion ja teht\u00e4vien luettavuus, selkeys ja sis\u00e4lt\u00f6. Vastaa siis aina teht\u00e4viin monipuolisesti. Kerro omasta osaamisestasi ja kokemuksestasi aiheeseen liittyen. Kurssiin kuuluu kaksi osajaksoa. Osajakso A arvioidaan B osajakson yhteydess\u00e4. Saat kurssista arvosanan (1 &#8211; 5), kun &hellip; Jatka lukemista Arviointi &rarr;\" \/>\n<meta property=\"og:url\" content=\"https:\/\/blogit.gradia.fi\/digi\/arviointi\/\" \/>\n<meta property=\"og:site_name\" content=\"Digi\" \/>\n<meta property=\"article:modified_time\" content=\"2018-08-07T10:45:19+00:00\" \/>\n<meta name=\"twitter:card\" content=\"summary_large_image\" \/>\n<script type=\"application\/ld+json\" class=\"yoast-schema-graph\">{\"@context\":\"https:\/\/schema.org\",\"@graph\":[{\"@type\":\"WebPage\",\"@id\":\"https:\/\/blogit.gradia.fi\/digi\/arviointi\/\",\"url\":\"https:\/\/blogit.gradia.fi\/digi\/arviointi\/\",\"name\":\"Arviointi - Digi\",\"isPartOf\":{\"@id\":\"https:\/\/blogit.gradia.fi\/digi\/#website\"},\"datePublished\":\"2018-06-07T16:09:00+00:00\",\"dateModified\":\"2018-08-07T10:45:19+00:00\",\"inLanguage\":\"fi\",\"potentialAction\":[{\"@type\":\"ReadAction\",\"target\":[\"https:\/\/blogit.gradia.fi\/digi\/arviointi\/\"]}]},{\"@type\":\"WebSite\",\"@id\":\"https:\/\/blogit.gradia.fi\/digi\/#website\",\"url\":\"https:\/\/blogit.gradia.fi\/digi\/\",\"name\":\"Digi\",\"description\":\"Toiminta digitaalisessa ymp\u00e4rist\u00f6ss\u00e4 -opintojakso\",\"potentialAction\":[{\"@type\":\"SearchAction\",\"target\":{\"@type\":\"EntryPoint\",\"urlTemplate\":\"https:\/\/blogit.gradia.fi\/digi\/?s={search_term_string}\"},\"query-input\":{\"@type\":\"PropertyValueSpecification\",\"valueRequired\":true,\"valueName\":\"search_term_string\"}}],\"inLanguage\":\"fi\"}]}<\/script>\n<!-- \/ Yoast SEO plugin. -->","yoast_head_json":{"title":"Arviointi - Digi","robots":{"index":"index","follow":"follow","max-snippet":"max-snippet:-1","max-image-preview":"max-image-preview:large","max-video-preview":"max-video-preview:-1"},"canonical":"https:\/\/blogit.gradia.fi\/digi\/arviointi\/","og_locale":"fi_FI","og_type":"article","og_title":"Arviointi - Digi","og_description":"Opintojakson\u00a0 arviointi perustuu annettuihin teht\u00e4viin. Teht\u00e4v\u00e4t tallennetaan omaan loogisesti nimettyyn OneDrive-kansioon, joka on jaettu opintojakson opettajalle. Arvioitavia asioita ovat kansion ja teht\u00e4vien luettavuus, selkeys ja sis\u00e4lt\u00f6. Vastaa siis aina teht\u00e4viin monipuolisesti. Kerro omasta osaamisestasi ja kokemuksestasi aiheeseen liittyen. Kurssiin kuuluu kaksi osajaksoa. Osajakso A arvioidaan B osajakson yhteydess\u00e4. Saat kurssista arvosanan (1 &#8211; 5), kun &hellip; Jatka lukemista Arviointi &rarr;","og_url":"https:\/\/blogit.gradia.fi\/digi\/arviointi\/","og_site_name":"Digi","article_modified_time":"2018-08-07T10:45:19+00:00","twitter_card":"summary_large_image","schema":{"@context":"https:\/\/schema.org","@graph":[{"@type":"WebPage","@id":"https:\/\/blogit.gradia.fi\/digi\/arviointi\/","url":"https:\/\/blogit.gradia.fi\/digi\/arviointi\/","name":"Arviointi - Digi","isPartOf":{"@id":"https:\/\/blogit.gradia.fi\/digi\/#website"},"datePublished":"2018-06-07T16:09:00+00:00","dateModified":"2018-08-07T10:45:19+00:00","inLanguage":"fi","potentialAction":[{"@type":"ReadAction","target":["https:\/\/blogit.gradia.fi\/digi\/arviointi\/"]}]},{"@type":"WebSite","@id":"https:\/\/blogit.gradia.fi\/digi\/#website","url":"https:\/\/blogit.gradia.fi\/digi\/","name":"Digi","description":"Toiminta digitaalisessa ymp\u00e4rist\u00f6ss\u00e4 -opintojakso","potentialAction":[{"@type":"SearchAction","target":{"@type":"EntryPoint","urlTemplate":"https:\/\/blogit.gradia.fi\/digi\/?s={search_term_string}"},"query-input":{"@type":"PropertyValueSpecification","valueRequired":true,"valueName":"search_term_string"}}],"inLanguage":"fi"}]}},"uagb_featured_image_src":{"full":false,"thumbnail":false,"medium":false,"medium_large":false,"large":false,"1536x1536":false,"2048x2048":false,"post-thumbnail":false},"uagb_author_info":{"display_name":"Annaleena Kangas","author_link":"https:\/\/blogit.gradia.fi\/digi\/author\/kangaaan\/"},"uagb_comment_info":0,"uagb_excerpt":"Opintojakson\u00a0 arviointi perustuu annettuihin teht\u00e4viin. Teht\u00e4v\u00e4t tallennetaan omaan loogisesti nimettyyn OneDrive-kansioon, joka on jaettu opintojakson opettajalle. Arvioitavia asioita ovat kansion ja teht\u00e4vien luettavuus, selkeys ja sis\u00e4lt\u00f6. Vastaa siis aina teht\u00e4viin monipuolisesti. Kerro omasta osaamisestasi ja kokemuksestasi aiheeseen liittyen. Kurssiin kuuluu kaksi osajaksoa. Osajakso A arvioidaan B osajakson yhteydess\u00e4. Saat kurssista arvosanan (1 &#8211; 5), kun&hellip;","_links":{"self":[{"href":"https:\/\/blogit.gradia.fi\/digi\/wp-json\/wp\/v2\/pages\/68","targetHints":{"allow":["GET"]}}],"collection":[{"href":"https:\/\/blogit.gradia.fi\/digi\/wp-json\/wp\/v2\/pages"}],"about":[{"href":"https:\/\/blogit.gradia.fi\/digi\/wp-json\/wp\/v2\/types\/page"}],"author":[{"embeddable":true,"href":"https:\/\/blogit.gradia.fi\/digi\/wp-json\/wp\/v2\/users\/395"}],"replies":[{"embeddable":true,"href":"https:\/\/blogit.gradia.fi\/digi\/wp-json\/wp\/v2\/comments?post=68"}],"version-history":[{"count":0,"href":"https:\/\/blogit.gradia.fi\/digi\/wp-json\/wp\/v2\/pages\/68\/revisions"}],"wp:attachment":[{"href":"https:\/\/blogit.gradia.fi\/digi\/wp-json\/wp\/v2\/media?parent=68"}],"curies":[{"name":"wp","href":"https:\/\/api.w.org\/{rel}","templated":true}]}}