{"id":40,"date":"2018-06-07T18:26:41","date_gmt":"2018-06-07T15:26:41","guid":{"rendered":"https:\/\/blogit.gradia.fi\/digi\/?page_id=40"},"modified":"2019-10-28T08:40:23","modified_gmt":"2019-10-28T06:40:23","slug":"tehtava-5","status":"publish","type":"page","link":"https:\/\/blogit.gradia.fi\/digi\/tehtava-5\/","title":{"rendered":"Teht\u00e4v\u00e4 9 Excel Taulukkolaskenta"},"content":{"rendered":"<h3>Excel Taulukkolaskenta <strong><br \/>\n<\/strong><\/h3>\n<p>Kirjaudu <em>Gradian<\/em> tunnuksillasi <em><a href=\"http:\/\/office.gradia.fi\" target=\"_blank\" rel=\"noopener noreferrer\">Officeen <\/a><\/em>ja mene <em>OneDriven<\/em> opintojaksokansioosi. Tee kaikki teht\u00e4v\u00e4t selaimessa <em>Excel<\/em>-tiedostoon.<\/p>\n<p>Ohjelmaikkunassa on valmiina tyhj\u00e4 ty\u00f6kirja.<\/p>\n<ul>\n<li><em>Sarakkeet<\/em> ovat pystysuunnassa, ja ne on merkitty kirjaimilla.<\/li>\n<li><em>Rivit<\/em> ovat vaakasuunnassa, ja ne on merkitty numeroilla.<\/li>\n<\/ul>\n<p>Klikkaa kuvaa, jolloin saat sen suuremmaksi. Voit my\u00f6s suurentaa &#8221;<em>Ctrl +<\/em>&#8221; -yhdistelm\u00e4ll\u00e4.<\/p>\n<p><a href=\"https:\/\/blogit.gradia.fi\/digi\/wp-content\/uploads\/sites\/41\/2019\/03\/TVT6-kuva-1.png\"><img loading=\"lazy\" decoding=\"async\" class=\"aligncenter wp-image-225 size-full\" src=\"https:\/\/blogit.gradia.fi\/digi\/wp-content\/uploads\/sites\/41\/2019\/03\/TVT6-kuva-1.png\" alt=\"\" width=\"1317\" height=\"666\" \/><\/a><\/p>\n<p>Kirjoittamasi <em>teksti<\/em> tai <em>luku<\/em> sijoittuu aktiiviseen soluun. Kuvassa aktiivinen solu <em>A1<\/em>, jolla on tumma reunus.<\/p>\n<p><strong>Taulukkoharjoitus 1<\/strong><\/p>\n<p><em>A. Tietojen kirjaaminen taulukkoon<\/em><\/p>\n<ol>\n<li>Klikkaa <em>A1-solua<\/em> ja kirjoita <em>MENOT<\/em>.<\/li>\n<li>Klikkaa <em>B3-solua<\/em> ja kirjoita <em>TAMMIKUU<\/em>.<\/li>\n<li>Kirjoita <em>A4-solusta<\/em> alkaen kuvan tekstit.<a href=\"https:\/\/blogit.gradia.fi\/digi\/wp-content\/uploads\/sites\/41\/2019\/03\/b.png\"><img loading=\"lazy\" decoding=\"async\" class=\"aligncenter size-full wp-image-221\" src=\"https:\/\/blogit.gradia.fi\/digi\/wp-content\/uploads\/sites\/41\/2019\/03\/b.png\" alt=\"\" width=\"173\" height=\"194\" \/><\/a><\/li>\n<li><em>Levenn\u00e4<\/em> saraketta siten, ett\u00e4 teksti mahtuu yhteen soluun.<\/li>\n<li><em>Keskit\u00e4<\/em> teksti sarakkeen keskelle.<\/li>\n<li>Kirjoita <em>B4-solusta<\/em> alkaen alasp\u00e4in\u00a0<a href=\"http:\/\/www.cs.tut.fi\/~jkorpela\/kielenopas\/4.11.html\" target=\"_blank\" rel=\"noopener noreferrer\">luvut<\/a> <em>800<\/em>, <em>600<\/em>, <em>400<\/em>, <em>100<\/em>, <em>50<\/em> ja <em>700<\/em>.<\/li>\n<li>Lis\u00e4\u00e4 <a href=\"http:\/\/kielikello.fi\/index.php?mid=2&amp;pid=11&amp;aid=1287\" target=\"_blank\" rel=\"noopener noreferrer\">euron merkki<\/a> edellisiin lukuihin valitsemalla Yleinen-kohdasta &#8221;<em>Valuutta<\/em>&#8221;.<a href=\"https:\/\/blogit.gradia.fi\/digi\/wp-content\/uploads\/sites\/41\/2019\/03\/kuva_teht6.png\"><img loading=\"lazy\" decoding=\"async\" class=\"aligncenter size-full wp-image-222\" src=\"https:\/\/blogit.gradia.fi\/digi\/wp-content\/uploads\/sites\/41\/2019\/03\/kuva_teht6.png\" alt=\"\" width=\"226\" height=\"206\" \/><\/a><\/li>\n<\/ol>\n<p><em>B. Aikasarjan lis\u00e4\u00e4minen t\u00e4ytt\u00f6kahvalla<\/em><\/p>\n<ol>\n<li value=\"8\">Klikkaa <em>B3-solua<\/em> (&#8221;<em>TAMMIKUU<\/em>&#8221;.) Vie hiiri solun oikeassa alanurkassa olevan <em>t\u00e4ytt\u00f6kahvan<\/em> p\u00e4\u00e4lle, ja osoitin muuttuu mustaksi plussaksi. Paina hiiren vasenta painiketta ja ved\u00e4 hiirt\u00e4 oikealla.<\/li>\n<li>Koska solussa lukee kuukauden nimi, muodostaa ohjelma <em> aikasarjan<\/em>. Lis\u00e4\u00e4 kuukausia <em>TOUKOKUUHUN<\/em> saakka.<\/li>\n<\/ol>\n<p><em>C. Tietojen kopiointi t\u00e4ytt\u00f6kahvalla<\/em><\/p>\n<ol>\n<li value=\"10\">Kopioi tammikuun <em>Lainan<\/em>, S<em>\u00e4hk\u00f6n<\/em> ja <em>Veden<\/em> eurom\u00e4\u00e4r\u00e4t muihin kuukausiin. Klikkaa solua, jossa on tammikuun laina (<em>800<\/em>). Vie hiiri solun <em>t\u00e4ytt\u00f6kahvan<\/em> p\u00e4\u00e4lle, paina hiiren vasenta painiketta ja ved\u00e4 hiirt\u00e4 oikealla.<\/li>\n<li>Lis\u00e4\u00e4 helmi, maalis-, huhti- ja toukokuulle sopivat luvut kohtiin <em>Ruoka<\/em>, <em>Auto<\/em>\u00a0ja <em>Muut<\/em>.<\/li>\n<\/ol>\n<p><em>D. Summa<\/em><\/p>\n<ol>\n<li value=\"12\">Klikkaa <em>B10-solua<\/em>.<\/li>\n<li>Klikkaa <em>ALOITUS-v\u00e4lilehden Summa-painiketta \u03a3<\/em>.<\/li>\n<li><em>B10-solussa<\/em> lukee &#8221;<em>=SUMMA(B4:B9)<\/em>&#8221;. Ohjelma laskee siis solujen <em>B4, B5, &#8230;, B9<\/em> summan. Paina <em>Enteri\u00e4<\/em>, ja<em> B10-solussa<\/em> on nyt ohjelman laskema summa.<\/li>\n<li>Klikkaa viel\u00e4 <em>B10-solua<\/em>. Kaavarivill\u00e4 n\u00e4kyy <em>laskukaava.<\/em><\/li>\n<\/ol>\n<p><a href=\"https:\/\/blogit.gradia.fi\/digi\/wp-content\/uploads\/sites\/41\/2019\/03\/TVT6-kuva-4.png\"><img loading=\"lazy\" decoding=\"async\" class=\"aligncenter size-full wp-image-226\" src=\"https:\/\/blogit.gradia.fi\/digi\/wp-content\/uploads\/sites\/41\/2019\/03\/TVT6-kuva-4.png\" alt=\"\" width=\"265\" height=\"100\" \/><\/a><\/p>\n<p><em>E. Kaavan kopiointi t\u00e4ytt\u00f6kahvalla<\/em><\/p>\n<ol>\n<li value=\"16\"><em>Kopioi kaava<\/em> muille kuukausille. Klikkaa <em>B10-solua<\/em> ja k\u00e4yt\u00e4 t\u00e4ytt\u00f6kahvaa <em>F10-soluun<\/em> saakka.<\/li>\n<\/ol>\n<p><em>F. Taulukon ulkoasu<\/em><\/p>\n<ol>\n<li value=\"17\"><em>Keskit\u00e4<\/em> kaikki luvut ja lis\u00e4\u00e4 niihin euron merkit.<\/li>\n<li>Vaihda otsikon <em><a href=\"http:\/\/www.cs.tut.fi\/~jkorpela\/sanat\/fontti.html\" target=\"_blank\" rel=\"noopener noreferrer\">kirjasintyyppi<\/a><\/em>, <em>kirjasintyypin<\/em> <em>koko ja<\/em> <em>v\u00e4ri<\/em> sek\u00e4 <em>solun taustav\u00e4ri<\/em>.<\/li>\n<li>Muotoile taulukkoa ainakin <em>lihavoinneilla<\/em>,<em> solujen v\u00e4reill\u00e4<\/em> ja <em>reunaviivoilla.<\/em><\/li>\n<\/ol>\n<p><a href=\"https:\/\/blogit.gradia.fi\/digi\/wp-content\/uploads\/sites\/41\/2019\/03\/kuvax.png\"><img loading=\"lazy\" decoding=\"async\" class=\"aligncenter size-full wp-image-223\" src=\"https:\/\/blogit.gradia.fi\/digi\/wp-content\/uploads\/sites\/41\/2019\/03\/kuvax.png\" alt=\"\" width=\"261\" height=\"110\" \/><\/a><\/p>\n<p><strong>Taulukkoharjoitus 2<\/strong><\/p>\n<ol>\n<li value=\"20\">Avaa samaan asiakirjaan <em>uusi taulukko<\/em> tiedoston alareunasta.<a href=\"https:\/\/blogit.gradia.fi\/digi\/wp-content\/uploads\/sites\/41\/2019\/03\/TVT6-kuva-5.png\"><img loading=\"lazy\" decoding=\"async\" class=\"aligncenter size-full wp-image-227\" src=\"https:\/\/blogit.gradia.fi\/digi\/wp-content\/uploads\/sites\/41\/2019\/03\/TVT6-kuva-5.png\" alt=\"\" width=\"438\" height=\"199\" \/><\/a><\/li>\n<li>Tee<em> alla oleva <\/em>taulukko teht\u00e4v\u00e4\u00e4si.<a href=\"https:\/\/blogit.gradia.fi\/digi\/wp-content\/uploads\/sites\/41\/2019\/03\/c.jpg\"><img loading=\"lazy\" decoding=\"async\" class=\"aligncenter size-full wp-image-240\" src=\"https:\/\/blogit.gradia.fi\/digi\/wp-content\/uploads\/sites\/41\/2019\/03\/c.jpg\" alt=\"\" width=\"473\" height=\"173\" \/><\/a><\/li>\n<li>Laske <em>Yhteens\u00e4-m\u00e4\u00e4r\u00e4t<\/em> solualueista <em>G5:G10<\/em>\u00a0ja\u00a0<em>B10:G10<\/em>. K\u00e4yt\u00e4 <em>\u03a3-summaa<\/em> ja <em>t\u00e4ytt\u00f6kahvaa<\/em>.<\/li>\n<li><em>Lihavoi A-sarake<\/em> ja <em>4. rivi<\/em>. Vaihda <em>kirjasintyypin v\u00e4ri<\/em> ja <em>taustav\u00e4ri<\/em>.<\/li>\n<li><em>Keskit\u00e4 kaikki luvut ja lis\u00e4\u00e4 niihin euron merkit.<\/em><\/li>\n<li><em>Keskit\u00e4<\/em> <em>B2-solun<\/em> taulukon otsikko &#8221;<em>Urheiluseuran arpojen viikkomyynti<\/em>&#8221; muotoiluty\u00f6kalurivin <em>Yhdist\u00e4 ja keskit\u00e4<\/em> -painikkeella.<\/li>\n<li>Lis\u00e4\u00e4 <em>Helenan<\/em> myyntitietojen alapuolelle uusi rivi. Klikkaa rivin numeroa hiiren kakkosn\u00e4pp\u00e4imell\u00e4, valitse &#8221;<em>Lis\u00e4\u00e4 rivi<\/em>&#8221; ja kirjoita &#8221;<em>Mika, 23, 36, 54, 26, 42&#8243;<\/em>.<\/li>\n<li>Kirjoita <em>A14-soluun<\/em> &#8221;<em>MINIMI<\/em>&#8221;, <em>A15-soluun<\/em> &#8221;<em>MAKSIMI<\/em>&#8221; ja <em>A16-soluun<\/em> &#8221;<em>KESKIARVO<\/em>&#8221;.<\/li>\n<li>Laske maanantaimyynnin tilastotiedot Summa-alasvetovalikon avulla.\n<ul>\n<li>Klikkaa <em>B14-solua<\/em>, valitse &#8221;<em>Min<\/em>&#8221; ja valitse laskettavat luvut <em>B5:B10. P<\/em>aina <em>Enteri\u00e4<\/em>.<a href=\"https:\/\/blogit.gradia.fi\/digi\/wp-content\/uploads\/sites\/41\/2019\/03\/TVT6-kuva-6.png\"><img loading=\"lazy\" decoding=\"async\" class=\"aligncenter size-full wp-image-228\" src=\"https:\/\/blogit.gradia.fi\/digi\/wp-content\/uploads\/sites\/41\/2019\/03\/TVT6-kuva-6.png\" alt=\"\" width=\"171\" height=\"221\" \/><\/a><\/li>\n<li>Klikkaa <em>B14-solua<\/em> ja katso kaavarivilt\u00e4, miten &#8221;<em>Min<\/em>&#8221; on laskettu.<\/li>\n<\/ul>\n<\/li>\n<\/ol>\n<p><a href=\"https:\/\/blogit.gradia.fi\/digi\/wp-content\/uploads\/sites\/41\/2019\/03\/nimet\u00f6n.png\"><img loading=\"lazy\" decoding=\"async\" class=\"aligncenter size-full wp-image-224\" src=\"https:\/\/blogit.gradia.fi\/digi\/wp-content\/uploads\/sites\/41\/2019\/03\/nimet\u00f6n.png\" alt=\"\" width=\"349\" height=\"177\" \/><\/a><\/p>\n<ol>\n<li style=\"list-style-type: none\">\n<ul>\n<li>Laske samalla idealla <em>B15-soluun<\/em> &#8221;<em>Maks<\/em>&#8221; ja <em>B16-soluun<\/em> &#8221;<em>Keskiarvo<\/em>&#8221;.<\/li>\n<\/ul>\n<\/li>\n<li>Lis\u00e4\u00e4 solualueelle <em>A14:B16<\/em> solun t\u00e4ytt\u00f6v\u00e4ri.<\/li>\n<li>Muotoile taulukon otsikon <em>kirjasintyypin tyyliksi <\/em>ja <em>kooksi<\/em> &#8221;<em>Times New Roman 14<\/em>&#8221;.<\/li>\n<li>Muotoile taulukkoa ainakin <em>lihavoinneilla<\/em>,<em> solujen v\u00e4reill\u00e4<\/em> ja <em>reunaviivoilla.<\/em><\/li>\n<\/ol>\n<p><strong>Nime\u00e4 teht\u00e4v\u00e4si Blogi_Teht\u00e4v\u00e4 9.<br \/>\n<\/strong><\/p>\n","protected":false},"excerpt":{"rendered":"<p>Excel Taulukkolaskenta Kirjaudu Gradian tunnuksillasi Officeen ja mene OneDriven opintojaksokansioosi. Tee kaikki teht\u00e4v\u00e4t selaimessa Excel-tiedostoon. Ohjelmaikkunassa on valmiina tyhj\u00e4 ty\u00f6kirja. Sarakkeet ovat pystysuunnassa, ja ne on merkitty kirjaimilla. Rivit ovat vaakasuunnassa, ja ne on merkitty numeroilla. Klikkaa kuvaa, jolloin saat sen suuremmaksi. Voit my\u00f6s suurentaa &#8221;Ctrl +&#8221; -yhdistelm\u00e4ll\u00e4. Kirjoittamasi teksti tai luku sijoittuu aktiiviseen soluun. &hellip; <a href=\"https:\/\/blogit.gradia.fi\/digi\/tehtava-5\/\" class=\"more-link\">Jatka lukemista <span class=\"screen-reader-text\">Teht\u00e4v\u00e4 9 Excel Taulukkolaskenta<\/span> <span class=\"meta-nav\">&rarr;<\/span><\/a><\/p>\n","protected":false},"author":395,"featured_media":0,"parent":0,"menu_order":0,"comment_status":"closed","ping_status":"closed","template":"","meta":{"_uag_custom_page_level_css":"","footnotes":""},"class_list":["post-40","page","type-page","status-publish","hentry"],"yoast_head":"<!-- This site is optimized with the Yoast SEO plugin v27.2 - https:\/\/yoast.com\/product\/yoast-seo-wordpress\/ -->\n<title>Teht\u00e4v\u00e4 9 Excel Taulukkolaskenta - Digi<\/title>\n<meta name=\"robots\" content=\"index, follow, max-snippet:-1, max-image-preview:large, max-video-preview:-1\" \/>\n<link rel=\"canonical\" href=\"https:\/\/blogit.gradia.fi\/digi\/tehtava-5\/\" \/>\n<meta property=\"og:locale\" content=\"fi_FI\" \/>\n<meta property=\"og:type\" content=\"article\" \/>\n<meta property=\"og:title\" content=\"Teht\u00e4v\u00e4 9 Excel Taulukkolaskenta - Digi\" \/>\n<meta property=\"og:description\" content=\"Excel Taulukkolaskenta Kirjaudu Gradian tunnuksillasi Officeen ja mene OneDriven opintojaksokansioosi. Tee kaikki teht\u00e4v\u00e4t selaimessa Excel-tiedostoon. Ohjelmaikkunassa on valmiina tyhj\u00e4 ty\u00f6kirja. Sarakkeet ovat pystysuunnassa, ja ne on merkitty kirjaimilla. Rivit ovat vaakasuunnassa, ja ne on merkitty numeroilla. Klikkaa kuvaa, jolloin saat sen suuremmaksi. Voit my\u00f6s suurentaa &#8221;Ctrl +&#8221; -yhdistelm\u00e4ll\u00e4. Kirjoittamasi teksti tai luku sijoittuu aktiiviseen soluun. &hellip; Jatka lukemista Teht\u00e4v\u00e4 9 Excel Taulukkolaskenta &rarr;\" \/>\n<meta property=\"og:url\" content=\"https:\/\/blogit.gradia.fi\/digi\/tehtava-5\/\" \/>\n<meta property=\"og:site_name\" content=\"Digi\" \/>\n<meta property=\"article:modified_time\" content=\"2019-10-28T06:40:23+00:00\" \/>\n<meta property=\"og:image\" content=\"https:\/\/blogit.gradia.fi\/digi\/wp-content\/uploads\/sites\/41\/2019\/03\/TVT6-kuva-1.png\" \/>\n<meta name=\"twitter:card\" content=\"summary_large_image\" \/>\n<meta name=\"twitter:label1\" content=\"Arvioitu lukuaika\" \/>\n\t<meta name=\"twitter:data1\" content=\"2 minuuttia\" \/>\n<script type=\"application\/ld+json\" class=\"yoast-schema-graph\">{\"@context\":\"https:\/\/schema.org\",\"@graph\":[{\"@type\":\"WebPage\",\"@id\":\"https:\/\/blogit.gradia.fi\/digi\/tehtava-5\/\",\"url\":\"https:\/\/blogit.gradia.fi\/digi\/tehtava-5\/\",\"name\":\"Teht\u00e4v\u00e4 9 Excel Taulukkolaskenta - Digi\",\"isPartOf\":{\"@id\":\"https:\/\/blogit.gradia.fi\/digi\/#website\"},\"primaryImageOfPage\":{\"@id\":\"https:\/\/blogit.gradia.fi\/digi\/tehtava-5\/#primaryimage\"},\"image\":{\"@id\":\"https:\/\/blogit.gradia.fi\/digi\/tehtava-5\/#primaryimage\"},\"thumbnailUrl\":\"https:\/\/blogit.gradia.fi\/digi\/wp-content\/uploads\/sites\/41\/2019\/03\/TVT6-kuva-1.png\",\"datePublished\":\"2018-06-07T15:26:41+00:00\",\"dateModified\":\"2019-10-28T06:40:23+00:00\",\"inLanguage\":\"fi\",\"potentialAction\":[{\"@type\":\"ReadAction\",\"target\":[\"https:\/\/blogit.gradia.fi\/digi\/tehtava-5\/\"]}]},{\"@type\":\"ImageObject\",\"inLanguage\":\"fi\",\"@id\":\"https:\/\/blogit.gradia.fi\/digi\/tehtava-5\/#primaryimage\",\"url\":\"https:\/\/blogit.gradia.fi\/digi\/wp-content\/uploads\/sites\/41\/2019\/03\/TVT6-kuva-1.png\",\"contentUrl\":\"https:\/\/blogit.gradia.fi\/digi\/wp-content\/uploads\/sites\/41\/2019\/03\/TVT6-kuva-1.png\"},{\"@type\":\"WebSite\",\"@id\":\"https:\/\/blogit.gradia.fi\/digi\/#website\",\"url\":\"https:\/\/blogit.gradia.fi\/digi\/\",\"name\":\"Digi\",\"description\":\"Toiminta digitaalisessa ymp\u00e4rist\u00f6ss\u00e4 -opintojakso\",\"potentialAction\":[{\"@type\":\"SearchAction\",\"target\":{\"@type\":\"EntryPoint\",\"urlTemplate\":\"https:\/\/blogit.gradia.fi\/digi\/?s={search_term_string}\"},\"query-input\":{\"@type\":\"PropertyValueSpecification\",\"valueRequired\":true,\"valueName\":\"search_term_string\"}}],\"inLanguage\":\"fi\"}]}<\/script>\n<!-- \/ Yoast SEO plugin. -->","yoast_head_json":{"title":"Teht\u00e4v\u00e4 9 Excel Taulukkolaskenta - Digi","robots":{"index":"index","follow":"follow","max-snippet":"max-snippet:-1","max-image-preview":"max-image-preview:large","max-video-preview":"max-video-preview:-1"},"canonical":"https:\/\/blogit.gradia.fi\/digi\/tehtava-5\/","og_locale":"fi_FI","og_type":"article","og_title":"Teht\u00e4v\u00e4 9 Excel Taulukkolaskenta - Digi","og_description":"Excel Taulukkolaskenta Kirjaudu Gradian tunnuksillasi Officeen ja mene OneDriven opintojaksokansioosi. Tee kaikki teht\u00e4v\u00e4t selaimessa Excel-tiedostoon. Ohjelmaikkunassa on valmiina tyhj\u00e4 ty\u00f6kirja. Sarakkeet ovat pystysuunnassa, ja ne on merkitty kirjaimilla. Rivit ovat vaakasuunnassa, ja ne on merkitty numeroilla. Klikkaa kuvaa, jolloin saat sen suuremmaksi. Voit my\u00f6s suurentaa &#8221;Ctrl +&#8221; -yhdistelm\u00e4ll\u00e4. Kirjoittamasi teksti tai luku sijoittuu aktiiviseen soluun. &hellip; Jatka lukemista Teht\u00e4v\u00e4 9 Excel Taulukkolaskenta &rarr;","og_url":"https:\/\/blogit.gradia.fi\/digi\/tehtava-5\/","og_site_name":"Digi","article_modified_time":"2019-10-28T06:40:23+00:00","og_image":[{"url":"https:\/\/blogit.gradia.fi\/digi\/wp-content\/uploads\/sites\/41\/2019\/03\/TVT6-kuva-1.png","type":"","width":"","height":""}],"twitter_card":"summary_large_image","twitter_misc":{"Arvioitu lukuaika":"2 minuuttia"},"schema":{"@context":"https:\/\/schema.org","@graph":[{"@type":"WebPage","@id":"https:\/\/blogit.gradia.fi\/digi\/tehtava-5\/","url":"https:\/\/blogit.gradia.fi\/digi\/tehtava-5\/","name":"Teht\u00e4v\u00e4 9 Excel Taulukkolaskenta - Digi","isPartOf":{"@id":"https:\/\/blogit.gradia.fi\/digi\/#website"},"primaryImageOfPage":{"@id":"https:\/\/blogit.gradia.fi\/digi\/tehtava-5\/#primaryimage"},"image":{"@id":"https:\/\/blogit.gradia.fi\/digi\/tehtava-5\/#primaryimage"},"thumbnailUrl":"https:\/\/blogit.gradia.fi\/digi\/wp-content\/uploads\/sites\/41\/2019\/03\/TVT6-kuva-1.png","datePublished":"2018-06-07T15:26:41+00:00","dateModified":"2019-10-28T06:40:23+00:00","inLanguage":"fi","potentialAction":[{"@type":"ReadAction","target":["https:\/\/blogit.gradia.fi\/digi\/tehtava-5\/"]}]},{"@type":"ImageObject","inLanguage":"fi","@id":"https:\/\/blogit.gradia.fi\/digi\/tehtava-5\/#primaryimage","url":"https:\/\/blogit.gradia.fi\/digi\/wp-content\/uploads\/sites\/41\/2019\/03\/TVT6-kuva-1.png","contentUrl":"https:\/\/blogit.gradia.fi\/digi\/wp-content\/uploads\/sites\/41\/2019\/03\/TVT6-kuva-1.png"},{"@type":"WebSite","@id":"https:\/\/blogit.gradia.fi\/digi\/#website","url":"https:\/\/blogit.gradia.fi\/digi\/","name":"Digi","description":"Toiminta digitaalisessa ymp\u00e4rist\u00f6ss\u00e4 -opintojakso","potentialAction":[{"@type":"SearchAction","target":{"@type":"EntryPoint","urlTemplate":"https:\/\/blogit.gradia.fi\/digi\/?s={search_term_string}"},"query-input":{"@type":"PropertyValueSpecification","valueRequired":true,"valueName":"search_term_string"}}],"inLanguage":"fi"}]}},"uagb_featured_image_src":{"full":false,"thumbnail":false,"medium":false,"medium_large":false,"large":false,"1536x1536":false,"2048x2048":false,"post-thumbnail":false},"uagb_author_info":{"display_name":"Annaleena Kangas","author_link":"https:\/\/blogit.gradia.fi\/digi\/author\/kangaaan\/"},"uagb_comment_info":0,"uagb_excerpt":"Excel Taulukkolaskenta Kirjaudu Gradian tunnuksillasi Officeen ja mene OneDriven opintojaksokansioosi. Tee kaikki teht\u00e4v\u00e4t selaimessa Excel-tiedostoon. Ohjelmaikkunassa on valmiina tyhj\u00e4 ty\u00f6kirja. Sarakkeet ovat pystysuunnassa, ja ne on merkitty kirjaimilla. Rivit ovat vaakasuunnassa, ja ne on merkitty numeroilla. Klikkaa kuvaa, jolloin saat sen suuremmaksi. Voit my\u00f6s suurentaa &#8221;Ctrl +&#8221; -yhdistelm\u00e4ll\u00e4. Kirjoittamasi teksti tai luku sijoittuu aktiiviseen soluun.&hellip;","_links":{"self":[{"href":"https:\/\/blogit.gradia.fi\/digi\/wp-json\/wp\/v2\/pages\/40","targetHints":{"allow":["GET"]}}],"collection":[{"href":"https:\/\/blogit.gradia.fi\/digi\/wp-json\/wp\/v2\/pages"}],"about":[{"href":"https:\/\/blogit.gradia.fi\/digi\/wp-json\/wp\/v2\/types\/page"}],"author":[{"embeddable":true,"href":"https:\/\/blogit.gradia.fi\/digi\/wp-json\/wp\/v2\/users\/395"}],"replies":[{"embeddable":true,"href":"https:\/\/blogit.gradia.fi\/digi\/wp-json\/wp\/v2\/comments?post=40"}],"version-history":[{"count":14,"href":"https:\/\/blogit.gradia.fi\/digi\/wp-json\/wp\/v2\/pages\/40\/revisions"}],"predecessor-version":[{"id":288,"href":"https:\/\/blogit.gradia.fi\/digi\/wp-json\/wp\/v2\/pages\/40\/revisions\/288"}],"wp:attachment":[{"href":"https:\/\/blogit.gradia.fi\/digi\/wp-json\/wp\/v2\/media?parent=40"}],"curies":[{"name":"wp","href":"https:\/\/api.w.org\/{rel}","templated":true}]}}