{"id":4,"date":"2018-06-07T12:13:31","date_gmt":"2018-06-07T09:13:31","guid":{"rendered":"https:\/\/blogit.gradia.fi\/digi\/?page_id=4"},"modified":"2019-05-20T14:20:02","modified_gmt":"2019-05-20T11:20:02","slug":"tehtava-1","status":"publish","type":"page","link":"https:\/\/blogit.gradia.fi\/digi\/tehtava-1\/","title":{"rendered":"Teht\u00e4v\u00e4 1 Wilma ja Office 365"},"content":{"rendered":"<ol>\n<li>Kirjaudu <em><a href=\"http:\/\/wilma.gradia.fi\" target=\"_blank\" rel=\"noopener noreferrer\">Wilmaan.<\/a><\/em> K\u00e4yt\u00e4 ty\u00f6asemaversiota. Etsi sielt\u00e4 seuraavat tiedot ja l\u00e4het\u00e4 ne <em>Wilma<\/em>-viestill\u00e4 opintojaksosi opettajalle.<\/li>\n<\/ol>\n<ul>\n<li>TVT:n opettajan puhelinnumero.<\/li>\n<li>Mit\u00e4 opintoja olet jo suorittanut? (Opinnot|Suoritukset \/N\u00e4yt\u00e4 kaikki) Kerro muutama esimerkki.<\/li>\n<li>Mit\u00e4 ty\u00f6j\u00e4rjestykseesi on merkitty ensi viikon tiistaille klo 10-12?<\/li>\n<li>Kirjoita viestisi otsikko kuvaavaksi!<\/li>\n<\/ul>\n<ol>\n<li style=\"list-style-type: none\"><\/li>\n<li>Kirjaudu\u00a0<em>Gradian<\/em> tunnuksillasi <em><a href=\"http:\/\/office.gradia.fi\" target=\"_blank\" rel=\"noopener noreferrer\">Officeen<\/a><\/em>. Avaa selaimessa <em>OneDrive<\/em>. Tee uusi kansio, jonka nimi on &#8221;<em>TVT_ Ryhm\u00e4_Sukunimi_Etunimi<\/em>&#8221;, esimerkiksi &#8221;TVT LOPT1801 Meik\u00e4l\u00e4inen Matti&#8221;.\u00a0 Kansio on t\u00e4rke\u00e4, koska tallennat kaikki opintojakson teht\u00e4v\u00e4si siihen.<\/li>\n<li>Jaa kansio opettajallesi ja varmista, ett\u00e4 h\u00e4nell\u00e4 on siihen muokkausoikeus. \u00c4l\u00e4 l\u00e4het\u00e4 s\u00e4hk\u00f6posti-ilmoitusta. <em>\u00c4l\u00e4 jaa en\u00e4\u00e4 muita kansioita tai tiedostoja<\/em>!<\/li>\n<li>Avaa omaan TVT-kansioosi uusi <em>PowerPoint<\/em> ja tee 2\u20133 dian esitys. <a href=\"http:\/\/google.fi\" target=\"_blank\" rel=\"noopener noreferrer\">Etsi tietoa<\/a> ja kerro ainakin<\/li>\n<\/ol>\n<ul>\n<li>nimesi ja ryhm\u00e4si,<\/li>\n<li><em>Office<\/em>-ohjelmien (<em>Word<\/em>, <em>Excel<\/em>, <em>PowerPoint<\/em>,&#8230;) k\u00e4ytt\u00f6kokemuksesi ja -taitosi,<\/li>\n<li>sosiaalisen median vaihtoehdoista (<em>Facebook<\/em>, <em>Twitter<\/em>, <em>Instagram<\/em>,&#8230;) ja niiden k\u00e4ytt\u00f6tarkoituksesta,<\/li>\n<li>huomioita ja ohjeita siit\u00e4, miten internetiss\u00e4 toimitaan turvallisesti.<\/li>\n<\/ul>\n<ol>\n<li style=\"list-style-type: none\"><\/li>\n<li>Muuta <em>PowerPoint<\/em>-tiedoston nimeksi <em>BlogiTeht\u00e4v\u00e4 1<\/em> kohtaan <em>Esitys<\/em> (katso kuva).<a href=\"https:\/\/blogit.gradia.fi\/digi\/wp-content\/uploads\/sites\/41\/2019\/03\/teht1_kuva.png\"><img loading=\"lazy\" decoding=\"async\" class=\"aligncenter size-full wp-image-246\" src=\"https:\/\/blogit.gradia.fi\/digi\/wp-content\/uploads\/sites\/41\/2019\/03\/teht1_kuva.png\" alt=\"\" width=\"400\" height=\"189\" \/><\/a><\/li>\n<li>Tekem\u00e4si <em>PowerPoint<\/em>-esitys tallentuu automaattisesti, jos olet tehnyt sen selaimessa <em>OneDrive<\/em>-kansioosi. Tarkista, ett\u00e4 teht\u00e4v\u00e4 on kansiossasi.\u00a0 <em>\u00c4l\u00e4 jaa teht\u00e4v\u00e4\u00e4!<\/em><\/li>\n<li>Tee <em>PowerPoint<\/em>-esityksest\u00e4si <em>BlogiTeht\u00e4v\u00e41.pdf<\/em>-tiedosto<em>.<\/em> Huomaa, ett\u00e4 t\u00e4h\u00e4n on monta tapaa. Voit esimerkiksi tulostaa\u00a0<em>pdf<\/em>-tiedoston\u00a0s\u00e4hk\u00f6iseen muotoon.\n<ul>\n<li>Tallenna esityksesi <em>pdf<\/em>-muoto tietokoneelle.<\/li>\n<li>Lis\u00e4\u00e4 esityksesi <em>pdf<\/em>-muoto omaan TVT-kansioosi. (Kopio vet\u00e4m\u00e4ll\u00e4 resussienhallinnasta OneDriveen.)<\/li>\n<\/ul>\n<\/li>\n<li>Avaa selaimessa <em>Officen<\/em> s\u00e4hk\u00f6posti (koulun s\u00e4hk\u00f6posti) ja l\u00e4het\u00e4 opettajallesi viesti, jonka\n<ul>\n<li>aiheena on &#8221;<em>TVT Ryhm\u00e4 Sukunimi Etunimi&#8221;,<\/em><\/li>\n<li>tekstikent\u00e4ss\u00e4 lukee &#8221;<em>Hei, katso liite!<\/em>&#8221;,<\/li>\n<li>liitetiedostona on <em>pdf<\/em>-esityksesi kopiona.<\/li>\n<\/ul>\n<\/li>\n<\/ol>\n<p><strong>Tarkista, ett\u00e4 <em>OneDrive<\/em>-kansiossasi on yksi <em>PowerPoint<\/em>&#8211; ja yksi <em>pdf<\/em>-tiedosto<em>.<\/em><\/strong><\/p>\n","protected":false},"excerpt":{"rendered":"<p>Kirjaudu Wilmaan. K\u00e4yt\u00e4 ty\u00f6asemaversiota. Etsi sielt\u00e4 seuraavat tiedot ja l\u00e4het\u00e4 ne Wilma-viestill\u00e4 opintojaksosi opettajalle. TVT:n opettajan puhelinnumero. Mit\u00e4 opintoja olet jo suorittanut? (Opinnot|Suoritukset \/N\u00e4yt\u00e4 kaikki) Kerro muutama esimerkki. Mit\u00e4 ty\u00f6j\u00e4rjestykseesi on merkitty ensi viikon tiistaille klo 10-12? Kirjoita viestisi otsikko kuvaavaksi! Kirjaudu\u00a0Gradian tunnuksillasi Officeen. Avaa selaimessa OneDrive. Tee uusi kansio, jonka nimi on &#8221;TVT_ Ryhm\u00e4_Sukunimi_Etunimi&#8221;, &hellip; <a href=\"https:\/\/blogit.gradia.fi\/digi\/tehtava-1\/\" class=\"more-link\">Jatka lukemista <span class=\"screen-reader-text\">Teht\u00e4v\u00e4 1 Wilma ja Office 365<\/span> <span class=\"meta-nav\">&rarr;<\/span><\/a><\/p>\n","protected":false},"author":395,"featured_media":0,"parent":0,"menu_order":0,"comment_status":"closed","ping_status":"closed","template":"","meta":{"_uag_custom_page_level_css":"","footnotes":""},"class_list":["post-4","page","type-page","status-publish","hentry"],"yoast_head":"<!-- This site is optimized with the Yoast SEO plugin v27.2 - https:\/\/yoast.com\/product\/yoast-seo-wordpress\/ -->\n<title>Teht\u00e4v\u00e4 1 Wilma ja Office 365 - Digi<\/title>\n<meta name=\"robots\" content=\"index, follow, max-snippet:-1, max-image-preview:large, max-video-preview:-1\" \/>\n<link rel=\"canonical\" href=\"https:\/\/blogit.gradia.fi\/digi\/tehtava-1\/\" \/>\n<meta property=\"og:locale\" content=\"fi_FI\" \/>\n<meta property=\"og:type\" content=\"article\" \/>\n<meta property=\"og:title\" content=\"Teht\u00e4v\u00e4 1 Wilma ja Office 365 - Digi\" \/>\n<meta property=\"og:description\" content=\"Kirjaudu Wilmaan. K\u00e4yt\u00e4 ty\u00f6asemaversiota. Etsi sielt\u00e4 seuraavat tiedot ja l\u00e4het\u00e4 ne Wilma-viestill\u00e4 opintojaksosi opettajalle. TVT:n opettajan puhelinnumero. Mit\u00e4 opintoja olet jo suorittanut? (Opinnot|Suoritukset \/N\u00e4yt\u00e4 kaikki) Kerro muutama esimerkki. Mit\u00e4 ty\u00f6j\u00e4rjestykseesi on merkitty ensi viikon tiistaille klo 10-12? Kirjoita viestisi otsikko kuvaavaksi! Kirjaudu\u00a0Gradian tunnuksillasi Officeen. Avaa selaimessa OneDrive. Tee uusi kansio, jonka nimi on &#8221;TVT_ Ryhm\u00e4_Sukunimi_Etunimi&#8221;, &hellip; Jatka lukemista Teht\u00e4v\u00e4 1 Wilma ja Office 365 &rarr;\" \/>\n<meta property=\"og:url\" content=\"https:\/\/blogit.gradia.fi\/digi\/tehtava-1\/\" \/>\n<meta property=\"og:site_name\" content=\"Digi\" \/>\n<meta property=\"article:modified_time\" content=\"2019-05-20T11:20:02+00:00\" \/>\n<meta property=\"og:image\" content=\"https:\/\/blogit.gradia.fi\/digi\/wp-content\/uploads\/sites\/41\/2019\/03\/teht1_kuva.png\" \/>\n<meta name=\"twitter:card\" content=\"summary_large_image\" \/>\n<meta name=\"twitter:label1\" content=\"Arvioitu lukuaika\" \/>\n\t<meta name=\"twitter:data1\" content=\"1 minuutti\" \/>\n<script type=\"application\/ld+json\" class=\"yoast-schema-graph\">{\"@context\":\"https:\/\/schema.org\",\"@graph\":[{\"@type\":\"WebPage\",\"@id\":\"https:\/\/blogit.gradia.fi\/digi\/tehtava-1\/\",\"url\":\"https:\/\/blogit.gradia.fi\/digi\/tehtava-1\/\",\"name\":\"Teht\u00e4v\u00e4 1 Wilma ja Office 365 - Digi\",\"isPartOf\":{\"@id\":\"https:\/\/blogit.gradia.fi\/digi\/#website\"},\"primaryImageOfPage\":{\"@id\":\"https:\/\/blogit.gradia.fi\/digi\/tehtava-1\/#primaryimage\"},\"image\":{\"@id\":\"https:\/\/blogit.gradia.fi\/digi\/tehtava-1\/#primaryimage\"},\"thumbnailUrl\":\"https:\/\/blogit.gradia.fi\/digi\/wp-content\/uploads\/sites\/41\/2019\/03\/teht1_kuva.png\",\"datePublished\":\"2018-06-07T09:13:31+00:00\",\"dateModified\":\"2019-05-20T11:20:02+00:00\",\"inLanguage\":\"fi\",\"potentialAction\":[{\"@type\":\"ReadAction\",\"target\":[\"https:\/\/blogit.gradia.fi\/digi\/tehtava-1\/\"]}]},{\"@type\":\"ImageObject\",\"inLanguage\":\"fi\",\"@id\":\"https:\/\/blogit.gradia.fi\/digi\/tehtava-1\/#primaryimage\",\"url\":\"https:\/\/blogit.gradia.fi\/digi\/wp-content\/uploads\/sites\/41\/2019\/03\/teht1_kuva.png\",\"contentUrl\":\"https:\/\/blogit.gradia.fi\/digi\/wp-content\/uploads\/sites\/41\/2019\/03\/teht1_kuva.png\"},{\"@type\":\"WebSite\",\"@id\":\"https:\/\/blogit.gradia.fi\/digi\/#website\",\"url\":\"https:\/\/blogit.gradia.fi\/digi\/\",\"name\":\"Digi\",\"description\":\"Toiminta digitaalisessa ymp\u00e4rist\u00f6ss\u00e4 -opintojakso\",\"potentialAction\":[{\"@type\":\"SearchAction\",\"target\":{\"@type\":\"EntryPoint\",\"urlTemplate\":\"https:\/\/blogit.gradia.fi\/digi\/?s={search_term_string}\"},\"query-input\":{\"@type\":\"PropertyValueSpecification\",\"valueRequired\":true,\"valueName\":\"search_term_string\"}}],\"inLanguage\":\"fi\"}]}<\/script>\n<!-- \/ Yoast SEO plugin. -->","yoast_head_json":{"title":"Teht\u00e4v\u00e4 1 Wilma ja Office 365 - Digi","robots":{"index":"index","follow":"follow","max-snippet":"max-snippet:-1","max-image-preview":"max-image-preview:large","max-video-preview":"max-video-preview:-1"},"canonical":"https:\/\/blogit.gradia.fi\/digi\/tehtava-1\/","og_locale":"fi_FI","og_type":"article","og_title":"Teht\u00e4v\u00e4 1 Wilma ja Office 365 - Digi","og_description":"Kirjaudu Wilmaan. K\u00e4yt\u00e4 ty\u00f6asemaversiota. Etsi sielt\u00e4 seuraavat tiedot ja l\u00e4het\u00e4 ne Wilma-viestill\u00e4 opintojaksosi opettajalle. TVT:n opettajan puhelinnumero. Mit\u00e4 opintoja olet jo suorittanut? (Opinnot|Suoritukset \/N\u00e4yt\u00e4 kaikki) Kerro muutama esimerkki. Mit\u00e4 ty\u00f6j\u00e4rjestykseesi on merkitty ensi viikon tiistaille klo 10-12? Kirjoita viestisi otsikko kuvaavaksi! Kirjaudu\u00a0Gradian tunnuksillasi Officeen. Avaa selaimessa OneDrive. Tee uusi kansio, jonka nimi on &#8221;TVT_ Ryhm\u00e4_Sukunimi_Etunimi&#8221;, &hellip; Jatka lukemista Teht\u00e4v\u00e4 1 Wilma ja Office 365 &rarr;","og_url":"https:\/\/blogit.gradia.fi\/digi\/tehtava-1\/","og_site_name":"Digi","article_modified_time":"2019-05-20T11:20:02+00:00","og_image":[{"url":"https:\/\/blogit.gradia.fi\/digi\/wp-content\/uploads\/sites\/41\/2019\/03\/teht1_kuva.png","type":"","width":"","height":""}],"twitter_card":"summary_large_image","twitter_misc":{"Arvioitu lukuaika":"1 minuutti"},"schema":{"@context":"https:\/\/schema.org","@graph":[{"@type":"WebPage","@id":"https:\/\/blogit.gradia.fi\/digi\/tehtava-1\/","url":"https:\/\/blogit.gradia.fi\/digi\/tehtava-1\/","name":"Teht\u00e4v\u00e4 1 Wilma ja Office 365 - Digi","isPartOf":{"@id":"https:\/\/blogit.gradia.fi\/digi\/#website"},"primaryImageOfPage":{"@id":"https:\/\/blogit.gradia.fi\/digi\/tehtava-1\/#primaryimage"},"image":{"@id":"https:\/\/blogit.gradia.fi\/digi\/tehtava-1\/#primaryimage"},"thumbnailUrl":"https:\/\/blogit.gradia.fi\/digi\/wp-content\/uploads\/sites\/41\/2019\/03\/teht1_kuva.png","datePublished":"2018-06-07T09:13:31+00:00","dateModified":"2019-05-20T11:20:02+00:00","inLanguage":"fi","potentialAction":[{"@type":"ReadAction","target":["https:\/\/blogit.gradia.fi\/digi\/tehtava-1\/"]}]},{"@type":"ImageObject","inLanguage":"fi","@id":"https:\/\/blogit.gradia.fi\/digi\/tehtava-1\/#primaryimage","url":"https:\/\/blogit.gradia.fi\/digi\/wp-content\/uploads\/sites\/41\/2019\/03\/teht1_kuva.png","contentUrl":"https:\/\/blogit.gradia.fi\/digi\/wp-content\/uploads\/sites\/41\/2019\/03\/teht1_kuva.png"},{"@type":"WebSite","@id":"https:\/\/blogit.gradia.fi\/digi\/#website","url":"https:\/\/blogit.gradia.fi\/digi\/","name":"Digi","description":"Toiminta digitaalisessa ymp\u00e4rist\u00f6ss\u00e4 -opintojakso","potentialAction":[{"@type":"SearchAction","target":{"@type":"EntryPoint","urlTemplate":"https:\/\/blogit.gradia.fi\/digi\/?s={search_term_string}"},"query-input":{"@type":"PropertyValueSpecification","valueRequired":true,"valueName":"search_term_string"}}],"inLanguage":"fi"}]}},"uagb_featured_image_src":{"full":false,"thumbnail":false,"medium":false,"medium_large":false,"large":false,"1536x1536":false,"2048x2048":false,"post-thumbnail":false},"uagb_author_info":{"display_name":"Annaleena Kangas","author_link":"https:\/\/blogit.gradia.fi\/digi\/author\/kangaaan\/"},"uagb_comment_info":0,"uagb_excerpt":"Kirjaudu Wilmaan. K\u00e4yt\u00e4 ty\u00f6asemaversiota. Etsi sielt\u00e4 seuraavat tiedot ja l\u00e4het\u00e4 ne Wilma-viestill\u00e4 opintojaksosi opettajalle. TVT:n opettajan puhelinnumero. Mit\u00e4 opintoja olet jo suorittanut? (Opinnot|Suoritukset \/N\u00e4yt\u00e4 kaikki) Kerro muutama esimerkki. Mit\u00e4 ty\u00f6j\u00e4rjestykseesi on merkitty ensi viikon tiistaille klo 10-12? Kirjoita viestisi otsikko kuvaavaksi! Kirjaudu\u00a0Gradian tunnuksillasi Officeen. Avaa selaimessa OneDrive. Tee uusi kansio, jonka nimi on &#8221;TVT_ Ryhm\u00e4_Sukunimi_Etunimi&#8221;,&hellip;","_links":{"self":[{"href":"https:\/\/blogit.gradia.fi\/digi\/wp-json\/wp\/v2\/pages\/4","targetHints":{"allow":["GET"]}}],"collection":[{"href":"https:\/\/blogit.gradia.fi\/digi\/wp-json\/wp\/v2\/pages"}],"about":[{"href":"https:\/\/blogit.gradia.fi\/digi\/wp-json\/wp\/v2\/types\/page"}],"author":[{"embeddable":true,"href":"https:\/\/blogit.gradia.fi\/digi\/wp-json\/wp\/v2\/users\/395"}],"replies":[{"embeddable":true,"href":"https:\/\/blogit.gradia.fi\/digi\/wp-json\/wp\/v2\/comments?post=4"}],"version-history":[{"count":2,"href":"https:\/\/blogit.gradia.fi\/digi\/wp-json\/wp\/v2\/pages\/4\/revisions"}],"predecessor-version":[{"id":262,"href":"https:\/\/blogit.gradia.fi\/digi\/wp-json\/wp\/v2\/pages\/4\/revisions\/262"}],"wp:attachment":[{"href":"https:\/\/blogit.gradia.fi\/digi\/wp-json\/wp\/v2\/media?parent=4"}],"curies":[{"name":"wp","href":"https:\/\/api.w.org\/{rel}","templated":true}]}}