{"id":37,"date":"2018-06-07T18:24:24","date_gmt":"2018-06-07T15:24:24","guid":{"rendered":"https:\/\/blogit.gradia.fi\/digi\/?page_id=37"},"modified":"2019-05-20T14:21:22","modified_gmt":"2019-05-20T11:21:22","slug":"tehtava-3","status":"publish","type":"page","link":"https:\/\/blogit.gradia.fi\/digi\/tehtava-3\/","title":{"rendered":"Teht\u00e4v\u00e4 5 Laitteiden k\u00e4ytt\u00f6\u00f6notto &#8211; PowerPointilla"},"content":{"rendered":"<p><strong>Laitteiden k\u00e4ytt\u00f6\u00f6notto<br \/>\n<\/strong><\/p>\n<p>Kirjaudu <em>Gradian<\/em> tunnuksillasi <a href=\"http:\/\/office.gradia.fi\" target=\"_blank\" rel=\"noopener noreferrer\"><em>Officeen<\/em> <\/a>ja mene <em>OneDriven<\/em> opintojaksokansioosi. Tee teht\u00e4v\u00e4t selaimessa <em>PowerPoint<\/em>-tiedostoon. Kirjoita otsikoksi <em>BlogiTeht\u00e4v\u00e4 5 \u2013 K\u00e4ytt\u00f6\u00f6notto<\/em>.<\/p>\n<ol>\n<li><em>Tietokoneen liitt\u00e4misvaihtoehdot -otsikko<\/em>\n<ul>\n<li><a href=\"http:\/\/google.fi\">Etsi tietoa<\/a> ja\u00a0kerro <em>tekstin\u00e4<\/em> v\u00e4hint\u00e4\u00e4n nelj\u00e4st\u00e4 liittimest\u00e4 tai liit\u00e4nt\u00e4tavasta (<em> usb<\/em>, <em>hdmi<\/em>, <em>dvi<\/em>, <em>Bluetooth<\/em>, <em>wifi<\/em>, <em>nfc<\/em>).<\/li>\n<li>Esittele valitsemasi liittimet ja\/tai liit\u00e4nt\u00e4tavat <em>itse otettujen<\/em>\u00a0kuvien avulla.<\/li>\n<li>Kerro, mit\u00e4 liittimiin ja\/tai liit\u00e4nt\u00e4tapoihin voi liitt\u00e4\u00e4 ja mit\u00e4 hy\u00f6ty\u00e4 se tuo verrattuna toiseen.<\/li>\n<\/ul>\n<\/li>\n<li><em>Tietokoneeseen liitettyj\u00e4 laitteita<\/em>\n<ol>\n<li>Valitse kolme liitett\u00e4v\u00e4\u00e4 oheislaitetta (<em>n\u00e4ytt\u00f6<\/em>, <em>hiiri<\/em>, <em>peliohjain<\/em>, <em>tulostin<\/em>, <em>kamera<\/em>, <em>televisio<\/em>, <em>mittalaite<\/em>, <em>soitin<\/em>, <em>kassakone<\/em>, <em>maksup\u00e4\u00e4te<\/em>, <em>multikopteri<\/em>).<\/li>\n<li><a href=\"http:\/\/google.fi\">Etsi tietoa<\/a> ja luo esitykseen ohjeet siit\u00e4,\n<ol>\n<li>miten valitsemasi laitteet yhdistet\u00e4\u00e4n tietokoneeseen,<\/li>\n<li>mit\u00e4 ajureita valitsemasi laitteet tarvitsevat toimiakseen (<em>tai jos ne toimivat ilman erillisi\u00e4 ajureita, miksi n\u00e4in on ja mit\u00e4 hy\u00f6ty\u00e4 erillisist\u00e4 ajureista voisi olla<\/em>),<\/li>\n<li>miten testaat n\u00e4iden laitteiden toiminnan.<\/li>\n<\/ol>\n<\/li>\n<li>Lis\u00e4\u00e4 oheislaitteista, liittimist\u00e4 ja\/tai kaapeleista <em>itse otettuja<\/em> kuvia ja\/tai videoita.<\/li>\n<\/ol>\n<\/li>\n<li><em>Mobiilisovelluksen k\u00e4ytt\u00f6\u00f6notto<\/em>\n<ul>\n<li>Valitse asennettava mobiilisovellus (<em>hy\u00f6tyohjelma<\/em>, <em>ammattisovellus, k\u00e4nnykk\u00e4peli<\/em>).<\/li>\n<li><a href=\"http:\/\/google.fi\">Etsi tietoa<\/a> ja luo esitykseen ohjeet ja\/tai tietoa siit\u00e4,\n<ol>\n<li>mist\u00e4 sen voi turvallisesti ladata ja mit\u00e4 se maksaa,<\/li>\n<li>miten se asennetaan (<em>vaiheet<\/em>, <em>valinnat<\/em>, <em>aika<\/em>, <em>levytila<\/em>),<\/li>\n<li>mit\u00e4 <em>oikeuksia<\/em> sovellus vaatii toimiakseen ja mit\u00e4 ajatuksia n\u00e4iden oikeuksien antaminen sinussa her\u00e4tt\u00e4\u00e4,<\/li>\n<li>mit\u00e4 ongelmia asennuksessa voi olla ja miten niist\u00e4 selvit\u00e4\u00e4n,<\/li>\n<li>mit\u00e4 asennuksen j\u00e4lkeen tehd\u00e4\u00e4n (<em>valinnat<\/em>, <em>asetukset<\/em>),<\/li>\n<li>miten se poistetaan ja mit\u00e4 hy\u00f6ty\u00e4 poistosta voi olla.<\/li>\n<\/ol>\n<\/li>\n<li>Lis\u00e4\u00e4 k\u00e4ytt\u00f6\u00f6notosta\u00a0<em>itse otettuja<\/em>\u00a0kuvia, ruutukaappauksia ja\/tai videoita.<\/li>\n<\/ul>\n<\/li>\n<\/ol>\n<p><strong>Anna teht\u00e4v\u00e4n nimeksi <em>BlogiTeht\u00e4v\u00e4 5<\/em>. Siisti <em>OneDrive<\/em>-kansiosi tarpeettomista tiedostoista. Kansiossasi pit\u00e4isi olla nyt kuusi tiedostoa. L\u00e4het\u00e4 viesti opettajalle, ett\u00e4 olet saanut teht\u00e4v\u00e4t valmiiksi.<br \/>\n<\/strong><\/p>\n","protected":false},"excerpt":{"rendered":"<p>Laitteiden k\u00e4ytt\u00f6\u00f6notto Kirjaudu Gradian tunnuksillasi Officeen ja mene OneDriven opintojaksokansioosi. Tee teht\u00e4v\u00e4t selaimessa PowerPoint-tiedostoon. Kirjoita otsikoksi BlogiTeht\u00e4v\u00e4 5 \u2013 K\u00e4ytt\u00f6\u00f6notto. Tietokoneen liitt\u00e4misvaihtoehdot -otsikko Etsi tietoa ja\u00a0kerro tekstin\u00e4 v\u00e4hint\u00e4\u00e4n nelj\u00e4st\u00e4 liittimest\u00e4 tai liit\u00e4nt\u00e4tavasta ( usb, hdmi, dvi, Bluetooth, wifi, nfc). Esittele valitsemasi liittimet ja\/tai liit\u00e4nt\u00e4tavat itse otettujen\u00a0kuvien avulla. Kerro, mit\u00e4 liittimiin ja\/tai liit\u00e4nt\u00e4tapoihin voi liitt\u00e4\u00e4 ja &hellip; <a href=\"https:\/\/blogit.gradia.fi\/digi\/tehtava-3\/\" class=\"more-link\">Jatka lukemista <span class=\"screen-reader-text\">Teht\u00e4v\u00e4 5 Laitteiden k\u00e4ytt\u00f6\u00f6notto &#8211; PowerPointilla<\/span> <span class=\"meta-nav\">&rarr;<\/span><\/a><\/p>\n","protected":false},"author":395,"featured_media":0,"parent":0,"menu_order":0,"comment_status":"closed","ping_status":"closed","template":"","meta":{"_uag_custom_page_level_css":"","footnotes":""},"class_list":["post-37","page","type-page","status-publish","hentry"],"yoast_head":"<!-- This site is optimized with the Yoast SEO plugin v27.2 - https:\/\/yoast.com\/product\/yoast-seo-wordpress\/ -->\n<title>Teht\u00e4v\u00e4 5 Laitteiden k\u00e4ytt\u00f6\u00f6notto - PowerPointilla - Digi<\/title>\n<meta name=\"robots\" content=\"index, follow, max-snippet:-1, max-image-preview:large, max-video-preview:-1\" \/>\n<link rel=\"canonical\" href=\"https:\/\/blogit.gradia.fi\/digi\/tehtava-3\/\" \/>\n<meta property=\"og:locale\" content=\"fi_FI\" \/>\n<meta property=\"og:type\" content=\"article\" \/>\n<meta property=\"og:title\" content=\"Teht\u00e4v\u00e4 5 Laitteiden k\u00e4ytt\u00f6\u00f6notto - PowerPointilla - Digi\" \/>\n<meta property=\"og:description\" content=\"Laitteiden k\u00e4ytt\u00f6\u00f6notto Kirjaudu Gradian tunnuksillasi Officeen ja mene OneDriven opintojaksokansioosi. Tee teht\u00e4v\u00e4t selaimessa PowerPoint-tiedostoon. Kirjoita otsikoksi BlogiTeht\u00e4v\u00e4 5 \u2013 K\u00e4ytt\u00f6\u00f6notto. Tietokoneen liitt\u00e4misvaihtoehdot -otsikko Etsi tietoa ja\u00a0kerro tekstin\u00e4 v\u00e4hint\u00e4\u00e4n nelj\u00e4st\u00e4 liittimest\u00e4 tai liit\u00e4nt\u00e4tavasta ( usb, hdmi, dvi, Bluetooth, wifi, nfc). Esittele valitsemasi liittimet ja\/tai liit\u00e4nt\u00e4tavat itse otettujen\u00a0kuvien avulla. Kerro, mit\u00e4 liittimiin ja\/tai liit\u00e4nt\u00e4tapoihin voi liitt\u00e4\u00e4 ja &hellip; Jatka lukemista Teht\u00e4v\u00e4 5 Laitteiden k\u00e4ytt\u00f6\u00f6notto &#8211; PowerPointilla &rarr;\" \/>\n<meta property=\"og:url\" content=\"https:\/\/blogit.gradia.fi\/digi\/tehtava-3\/\" \/>\n<meta property=\"og:site_name\" content=\"Digi\" \/>\n<meta property=\"article:modified_time\" content=\"2019-05-20T11:21:22+00:00\" \/>\n<meta name=\"twitter:card\" content=\"summary_large_image\" \/>\n<meta name=\"twitter:label1\" content=\"Arvioitu lukuaika\" \/>\n\t<meta name=\"twitter:data1\" content=\"1 minuutti\" \/>\n<script type=\"application\/ld+json\" class=\"yoast-schema-graph\">{\"@context\":\"https:\/\/schema.org\",\"@graph\":[{\"@type\":\"WebPage\",\"@id\":\"https:\/\/blogit.gradia.fi\/digi\/tehtava-3\/\",\"url\":\"https:\/\/blogit.gradia.fi\/digi\/tehtava-3\/\",\"name\":\"Teht\u00e4v\u00e4 5 Laitteiden k\u00e4ytt\u00f6\u00f6notto - PowerPointilla - Digi\",\"isPartOf\":{\"@id\":\"https:\/\/blogit.gradia.fi\/digi\/#website\"},\"datePublished\":\"2018-06-07T15:24:24+00:00\",\"dateModified\":\"2019-05-20T11:21:22+00:00\",\"inLanguage\":\"fi\",\"potentialAction\":[{\"@type\":\"ReadAction\",\"target\":[\"https:\/\/blogit.gradia.fi\/digi\/tehtava-3\/\"]}]},{\"@type\":\"WebSite\",\"@id\":\"https:\/\/blogit.gradia.fi\/digi\/#website\",\"url\":\"https:\/\/blogit.gradia.fi\/digi\/\",\"name\":\"Digi\",\"description\":\"Toiminta digitaalisessa ymp\u00e4rist\u00f6ss\u00e4 -opintojakso\",\"potentialAction\":[{\"@type\":\"SearchAction\",\"target\":{\"@type\":\"EntryPoint\",\"urlTemplate\":\"https:\/\/blogit.gradia.fi\/digi\/?s={search_term_string}\"},\"query-input\":{\"@type\":\"PropertyValueSpecification\",\"valueRequired\":true,\"valueName\":\"search_term_string\"}}],\"inLanguage\":\"fi\"}]}<\/script>\n<!-- \/ Yoast SEO plugin. -->","yoast_head_json":{"title":"Teht\u00e4v\u00e4 5 Laitteiden k\u00e4ytt\u00f6\u00f6notto - PowerPointilla - Digi","robots":{"index":"index","follow":"follow","max-snippet":"max-snippet:-1","max-image-preview":"max-image-preview:large","max-video-preview":"max-video-preview:-1"},"canonical":"https:\/\/blogit.gradia.fi\/digi\/tehtava-3\/","og_locale":"fi_FI","og_type":"article","og_title":"Teht\u00e4v\u00e4 5 Laitteiden k\u00e4ytt\u00f6\u00f6notto - PowerPointilla - Digi","og_description":"Laitteiden k\u00e4ytt\u00f6\u00f6notto Kirjaudu Gradian tunnuksillasi Officeen ja mene OneDriven opintojaksokansioosi. Tee teht\u00e4v\u00e4t selaimessa PowerPoint-tiedostoon. Kirjoita otsikoksi BlogiTeht\u00e4v\u00e4 5 \u2013 K\u00e4ytt\u00f6\u00f6notto. Tietokoneen liitt\u00e4misvaihtoehdot -otsikko Etsi tietoa ja\u00a0kerro tekstin\u00e4 v\u00e4hint\u00e4\u00e4n nelj\u00e4st\u00e4 liittimest\u00e4 tai liit\u00e4nt\u00e4tavasta ( usb, hdmi, dvi, Bluetooth, wifi, nfc). Esittele valitsemasi liittimet ja\/tai liit\u00e4nt\u00e4tavat itse otettujen\u00a0kuvien avulla. Kerro, mit\u00e4 liittimiin ja\/tai liit\u00e4nt\u00e4tapoihin voi liitt\u00e4\u00e4 ja &hellip; Jatka lukemista Teht\u00e4v\u00e4 5 Laitteiden k\u00e4ytt\u00f6\u00f6notto &#8211; PowerPointilla &rarr;","og_url":"https:\/\/blogit.gradia.fi\/digi\/tehtava-3\/","og_site_name":"Digi","article_modified_time":"2019-05-20T11:21:22+00:00","twitter_card":"summary_large_image","twitter_misc":{"Arvioitu lukuaika":"1 minuutti"},"schema":{"@context":"https:\/\/schema.org","@graph":[{"@type":"WebPage","@id":"https:\/\/blogit.gradia.fi\/digi\/tehtava-3\/","url":"https:\/\/blogit.gradia.fi\/digi\/tehtava-3\/","name":"Teht\u00e4v\u00e4 5 Laitteiden k\u00e4ytt\u00f6\u00f6notto - PowerPointilla - Digi","isPartOf":{"@id":"https:\/\/blogit.gradia.fi\/digi\/#website"},"datePublished":"2018-06-07T15:24:24+00:00","dateModified":"2019-05-20T11:21:22+00:00","inLanguage":"fi","potentialAction":[{"@type":"ReadAction","target":["https:\/\/blogit.gradia.fi\/digi\/tehtava-3\/"]}]},{"@type":"WebSite","@id":"https:\/\/blogit.gradia.fi\/digi\/#website","url":"https:\/\/blogit.gradia.fi\/digi\/","name":"Digi","description":"Toiminta digitaalisessa ymp\u00e4rist\u00f6ss\u00e4 -opintojakso","potentialAction":[{"@type":"SearchAction","target":{"@type":"EntryPoint","urlTemplate":"https:\/\/blogit.gradia.fi\/digi\/?s={search_term_string}"},"query-input":{"@type":"PropertyValueSpecification","valueRequired":true,"valueName":"search_term_string"}}],"inLanguage":"fi"}]}},"uagb_featured_image_src":{"full":false,"thumbnail":false,"medium":false,"medium_large":false,"large":false,"1536x1536":false,"2048x2048":false,"post-thumbnail":false},"uagb_author_info":{"display_name":"Annaleena Kangas","author_link":"https:\/\/blogit.gradia.fi\/digi\/author\/kangaaan\/"},"uagb_comment_info":0,"uagb_excerpt":"Laitteiden k\u00e4ytt\u00f6\u00f6notto Kirjaudu Gradian tunnuksillasi Officeen ja mene OneDriven opintojaksokansioosi. Tee teht\u00e4v\u00e4t selaimessa PowerPoint-tiedostoon. Kirjoita otsikoksi BlogiTeht\u00e4v\u00e4 5 \u2013 K\u00e4ytt\u00f6\u00f6notto. Tietokoneen liitt\u00e4misvaihtoehdot -otsikko Etsi tietoa ja\u00a0kerro tekstin\u00e4 v\u00e4hint\u00e4\u00e4n nelj\u00e4st\u00e4 liittimest\u00e4 tai liit\u00e4nt\u00e4tavasta ( usb, hdmi, dvi, Bluetooth, wifi, nfc). Esittele valitsemasi liittimet ja\/tai liit\u00e4nt\u00e4tavat itse otettujen\u00a0kuvien avulla. Kerro, mit\u00e4 liittimiin ja\/tai liit\u00e4nt\u00e4tapoihin voi liitt\u00e4\u00e4 ja&hellip;","_links":{"self":[{"href":"https:\/\/blogit.gradia.fi\/digi\/wp-json\/wp\/v2\/pages\/37","targetHints":{"allow":["GET"]}}],"collection":[{"href":"https:\/\/blogit.gradia.fi\/digi\/wp-json\/wp\/v2\/pages"}],"about":[{"href":"https:\/\/blogit.gradia.fi\/digi\/wp-json\/wp\/v2\/types\/page"}],"author":[{"embeddable":true,"href":"https:\/\/blogit.gradia.fi\/digi\/wp-json\/wp\/v2\/users\/395"}],"replies":[{"embeddable":true,"href":"https:\/\/blogit.gradia.fi\/digi\/wp-json\/wp\/v2\/comments?post=37"}],"version-history":[{"count":2,"href":"https:\/\/blogit.gradia.fi\/digi\/wp-json\/wp\/v2\/pages\/37\/revisions"}],"predecessor-version":[{"id":263,"href":"https:\/\/blogit.gradia.fi\/digi\/wp-json\/wp\/v2\/pages\/37\/revisions\/263"}],"wp:attachment":[{"href":"https:\/\/blogit.gradia.fi\/digi\/wp-json\/wp\/v2\/media?parent=37"}],"curies":[{"name":"wp","href":"https:\/\/api.w.org\/{rel}","templated":true}]}}