{"id":30,"date":"2018-06-07T18:13:15","date_gmt":"2018-06-07T15:13:15","guid":{"rendered":"https:\/\/blogit.gradia.fi\/digi\/?page_id=30"},"modified":"2019-08-21T14:19:54","modified_gmt":"2019-08-21T11:19:54","slug":"tehtava-10","status":"publish","type":"page","link":"https:\/\/blogit.gradia.fi\/digi\/tehtava-10\/","title":{"rendered":"Teht\u00e4v\u00e4 10 Itsearviointi"},"content":{"rendered":"<p>Kirjaudu\u00a0<em>Gradian<\/em> tunnuksillasi <a href=\"http:\/\/office.gradia.fi\" target=\"_blank\" rel=\"noopener noreferrer\"><em>Officeen<\/em> <\/a>ja mene <em>OneDriven<\/em> opintojaksokansioosi. Tee kaikki teht\u00e4v\u00e4t selaimessa <em>PowerPoint<\/em>-tiedostoon.<\/p>\n<p>Kirjoita otsikoksi <em>Teht\u00e4v\u00e4 10 \u2013 Itsearviointi<\/em>.<\/p>\n<p>Tee <em>PowerPoint<\/em>-esitys, joka kuvaa osaamistasi.<\/p>\n<ol>\n<li>K\u00e4y l\u00e4pi omat teht\u00e4v\u00e4si (1 &#8211; 9). Vastaa teht\u00e4viesi perusteella seuraaviin kysymyksiin.<\/li>\n<li>Kerro, mit\u00e4 olet oppinut ja mik\u00e4 on j\u00e4\u00e4nyt oppimatta.<\/li>\n<li>Kerro, mink\u00e4 teht\u00e4v\u00e4n olet tehnyt mielest\u00e4si parhaiten. <em>Perustele! <\/em><em>Ota kuvaruutukaappauksia asian liittyen.<\/em><\/li>\n<li>Kerro, miten olet suoriutunut teht\u00e4vist\u00e4si. Kerro, oletko tarvinnut paljon apua.<\/li>\n<li>Kerro, mink\u00e4 arvosanan antaisit itsellesi koko kurssista. <em>Perustele!<\/em><\/li>\n<li>Muokkaa esityst\u00e4 haluamallasi tavalla niin, ett\u00e4 siit\u00e4 n\u00e4kee osaamisesi. <em>Ota kuvaruutukaappauksia asian liittyen.<\/em><\/li>\n<\/ol>\n<p><strong>Nime\u00e4 teht\u00e4v\u00e4si loogisesti. Siisti <em>OneDrive<\/em>-kansiosi. L\u00e4het\u00e4 viesti opettajalle, ett\u00e4 olet saanut teht\u00e4v\u00e4t valmiiksi.<br \/>\n<\/strong><\/p>\n","protected":false},"excerpt":{"rendered":"<p>Kirjaudu\u00a0Gradian tunnuksillasi Officeen ja mene OneDriven opintojaksokansioosi. Tee kaikki teht\u00e4v\u00e4t selaimessa PowerPoint-tiedostoon. Kirjoita otsikoksi Teht\u00e4v\u00e4 10 \u2013 Itsearviointi. Tee PowerPoint-esitys, joka kuvaa osaamistasi. K\u00e4y l\u00e4pi omat teht\u00e4v\u00e4si (1 &#8211; 9). Vastaa teht\u00e4viesi perusteella seuraaviin kysymyksiin. Kerro, mit\u00e4 olet oppinut ja mik\u00e4 on j\u00e4\u00e4nyt oppimatta. Kerro, mink\u00e4 teht\u00e4v\u00e4n olet tehnyt mielest\u00e4si parhaiten. Perustele! Ota kuvaruutukaappauksia asian &hellip; <a href=\"https:\/\/blogit.gradia.fi\/digi\/tehtava-10\/\" class=\"more-link\">Jatka lukemista <span class=\"screen-reader-text\">Teht\u00e4v\u00e4 10 Itsearviointi<\/span> <span class=\"meta-nav\">&rarr;<\/span><\/a><\/p>\n","protected":false},"author":395,"featured_media":0,"parent":0,"menu_order":0,"comment_status":"closed","ping_status":"closed","template":"","meta":{"_uag_custom_page_level_css":"","footnotes":""},"class_list":["post-30","page","type-page","status-publish","hentry"],"yoast_head":"<!-- This site is optimized with the Yoast SEO plugin v27.2 - https:\/\/yoast.com\/product\/yoast-seo-wordpress\/ -->\n<title>Teht\u00e4v\u00e4 10 Itsearviointi - Digi<\/title>\n<meta name=\"robots\" content=\"index, follow, max-snippet:-1, max-image-preview:large, max-video-preview:-1\" \/>\n<link rel=\"canonical\" href=\"https:\/\/blogit.gradia.fi\/digi\/tehtava-10\/\" \/>\n<meta property=\"og:locale\" content=\"fi_FI\" \/>\n<meta property=\"og:type\" content=\"article\" \/>\n<meta property=\"og:title\" content=\"Teht\u00e4v\u00e4 10 Itsearviointi - Digi\" \/>\n<meta property=\"og:description\" content=\"Kirjaudu\u00a0Gradian tunnuksillasi Officeen ja mene OneDriven opintojaksokansioosi. Tee kaikki teht\u00e4v\u00e4t selaimessa PowerPoint-tiedostoon. Kirjoita otsikoksi Teht\u00e4v\u00e4 10 \u2013 Itsearviointi. Tee PowerPoint-esitys, joka kuvaa osaamistasi. K\u00e4y l\u00e4pi omat teht\u00e4v\u00e4si (1 &#8211; 9). Vastaa teht\u00e4viesi perusteella seuraaviin kysymyksiin. Kerro, mit\u00e4 olet oppinut ja mik\u00e4 on j\u00e4\u00e4nyt oppimatta. Kerro, mink\u00e4 teht\u00e4v\u00e4n olet tehnyt mielest\u00e4si parhaiten. Perustele! Ota kuvaruutukaappauksia asian &hellip; Jatka lukemista Teht\u00e4v\u00e4 10 Itsearviointi &rarr;\" \/>\n<meta property=\"og:url\" content=\"https:\/\/blogit.gradia.fi\/digi\/tehtava-10\/\" \/>\n<meta property=\"og:site_name\" content=\"Digi\" \/>\n<meta property=\"article:modified_time\" content=\"2019-08-21T11:19:54+00:00\" \/>\n<meta name=\"twitter:card\" content=\"summary_large_image\" \/>\n<meta name=\"twitter:label1\" content=\"Arvioitu lukuaika\" \/>\n\t<meta name=\"twitter:data1\" content=\"1 minuutti\" \/>\n<script type=\"application\/ld+json\" class=\"yoast-schema-graph\">{\"@context\":\"https:\/\/schema.org\",\"@graph\":[{\"@type\":\"WebPage\",\"@id\":\"https:\/\/blogit.gradia.fi\/digi\/tehtava-10\/\",\"url\":\"https:\/\/blogit.gradia.fi\/digi\/tehtava-10\/\",\"name\":\"Teht\u00e4v\u00e4 10 Itsearviointi - Digi\",\"isPartOf\":{\"@id\":\"https:\/\/blogit.gradia.fi\/digi\/#website\"},\"datePublished\":\"2018-06-07T15:13:15+00:00\",\"dateModified\":\"2019-08-21T11:19:54+00:00\",\"inLanguage\":\"fi\",\"potentialAction\":[{\"@type\":\"ReadAction\",\"target\":[\"https:\/\/blogit.gradia.fi\/digi\/tehtava-10\/\"]}]},{\"@type\":\"WebSite\",\"@id\":\"https:\/\/blogit.gradia.fi\/digi\/#website\",\"url\":\"https:\/\/blogit.gradia.fi\/digi\/\",\"name\":\"Digi\",\"description\":\"Toiminta digitaalisessa ymp\u00e4rist\u00f6ss\u00e4 -opintojakso\",\"potentialAction\":[{\"@type\":\"SearchAction\",\"target\":{\"@type\":\"EntryPoint\",\"urlTemplate\":\"https:\/\/blogit.gradia.fi\/digi\/?s={search_term_string}\"},\"query-input\":{\"@type\":\"PropertyValueSpecification\",\"valueRequired\":true,\"valueName\":\"search_term_string\"}}],\"inLanguage\":\"fi\"}]}<\/script>\n<!-- \/ Yoast SEO plugin. -->","yoast_head_json":{"title":"Teht\u00e4v\u00e4 10 Itsearviointi - Digi","robots":{"index":"index","follow":"follow","max-snippet":"max-snippet:-1","max-image-preview":"max-image-preview:large","max-video-preview":"max-video-preview:-1"},"canonical":"https:\/\/blogit.gradia.fi\/digi\/tehtava-10\/","og_locale":"fi_FI","og_type":"article","og_title":"Teht\u00e4v\u00e4 10 Itsearviointi - Digi","og_description":"Kirjaudu\u00a0Gradian tunnuksillasi Officeen ja mene OneDriven opintojaksokansioosi. Tee kaikki teht\u00e4v\u00e4t selaimessa PowerPoint-tiedostoon. Kirjoita otsikoksi Teht\u00e4v\u00e4 10 \u2013 Itsearviointi. Tee PowerPoint-esitys, joka kuvaa osaamistasi. K\u00e4y l\u00e4pi omat teht\u00e4v\u00e4si (1 &#8211; 9). Vastaa teht\u00e4viesi perusteella seuraaviin kysymyksiin. Kerro, mit\u00e4 olet oppinut ja mik\u00e4 on j\u00e4\u00e4nyt oppimatta. Kerro, mink\u00e4 teht\u00e4v\u00e4n olet tehnyt mielest\u00e4si parhaiten. Perustele! Ota kuvaruutukaappauksia asian &hellip; Jatka lukemista Teht\u00e4v\u00e4 10 Itsearviointi &rarr;","og_url":"https:\/\/blogit.gradia.fi\/digi\/tehtava-10\/","og_site_name":"Digi","article_modified_time":"2019-08-21T11:19:54+00:00","twitter_card":"summary_large_image","twitter_misc":{"Arvioitu lukuaika":"1 minuutti"},"schema":{"@context":"https:\/\/schema.org","@graph":[{"@type":"WebPage","@id":"https:\/\/blogit.gradia.fi\/digi\/tehtava-10\/","url":"https:\/\/blogit.gradia.fi\/digi\/tehtava-10\/","name":"Teht\u00e4v\u00e4 10 Itsearviointi - Digi","isPartOf":{"@id":"https:\/\/blogit.gradia.fi\/digi\/#website"},"datePublished":"2018-06-07T15:13:15+00:00","dateModified":"2019-08-21T11:19:54+00:00","inLanguage":"fi","potentialAction":[{"@type":"ReadAction","target":["https:\/\/blogit.gradia.fi\/digi\/tehtava-10\/"]}]},{"@type":"WebSite","@id":"https:\/\/blogit.gradia.fi\/digi\/#website","url":"https:\/\/blogit.gradia.fi\/digi\/","name":"Digi","description":"Toiminta digitaalisessa ymp\u00e4rist\u00f6ss\u00e4 -opintojakso","potentialAction":[{"@type":"SearchAction","target":{"@type":"EntryPoint","urlTemplate":"https:\/\/blogit.gradia.fi\/digi\/?s={search_term_string}"},"query-input":{"@type":"PropertyValueSpecification","valueRequired":true,"valueName":"search_term_string"}}],"inLanguage":"fi"}]}},"uagb_featured_image_src":{"full":false,"thumbnail":false,"medium":false,"medium_large":false,"large":false,"1536x1536":false,"2048x2048":false,"post-thumbnail":false},"uagb_author_info":{"display_name":"Annaleena Kangas","author_link":"https:\/\/blogit.gradia.fi\/digi\/author\/kangaaan\/"},"uagb_comment_info":0,"uagb_excerpt":"Kirjaudu\u00a0Gradian tunnuksillasi Officeen ja mene OneDriven opintojaksokansioosi. Tee kaikki teht\u00e4v\u00e4t selaimessa PowerPoint-tiedostoon. Kirjoita otsikoksi Teht\u00e4v\u00e4 10 \u2013 Itsearviointi. Tee PowerPoint-esitys, joka kuvaa osaamistasi. K\u00e4y l\u00e4pi omat teht\u00e4v\u00e4si (1 &#8211; 9). Vastaa teht\u00e4viesi perusteella seuraaviin kysymyksiin. Kerro, mit\u00e4 olet oppinut ja mik\u00e4 on j\u00e4\u00e4nyt oppimatta. Kerro, mink\u00e4 teht\u00e4v\u00e4n olet tehnyt mielest\u00e4si parhaiten. Perustele! Ota kuvaruutukaappauksia asian&hellip;","_links":{"self":[{"href":"https:\/\/blogit.gradia.fi\/digi\/wp-json\/wp\/v2\/pages\/30","targetHints":{"allow":["GET"]}}],"collection":[{"href":"https:\/\/blogit.gradia.fi\/digi\/wp-json\/wp\/v2\/pages"}],"about":[{"href":"https:\/\/blogit.gradia.fi\/digi\/wp-json\/wp\/v2\/types\/page"}],"author":[{"embeddable":true,"href":"https:\/\/blogit.gradia.fi\/digi\/wp-json\/wp\/v2\/users\/395"}],"replies":[{"embeddable":true,"href":"https:\/\/blogit.gradia.fi\/digi\/wp-json\/wp\/v2\/comments?post=30"}],"version-history":[{"count":2,"href":"https:\/\/blogit.gradia.fi\/digi\/wp-json\/wp\/v2\/pages\/30\/revisions"}],"predecessor-version":[{"id":271,"href":"https:\/\/blogit.gradia.fi\/digi\/wp-json\/wp\/v2\/pages\/30\/revisions\/271"}],"wp:attachment":[{"href":"https:\/\/blogit.gradia.fi\/digi\/wp-json\/wp\/v2\/media?parent=30"}],"curies":[{"name":"wp","href":"https:\/\/api.w.org\/{rel}","templated":true}]}}