{"id":28,"date":"2018-06-07T18:12:41","date_gmt":"2018-06-07T15:12:41","guid":{"rendered":"https:\/\/blogit.gradia.fi\/digi\/?page_id=28"},"modified":"2019-04-12T13:20:23","modified_gmt":"2019-04-12T10:20:23","slug":"tehtava-9","status":"publish","type":"page","link":"https:\/\/blogit.gradia.fi\/digi\/tehtava-9\/","title":{"rendered":"Teht\u00e4v\u00e4 3 Palomuuri ja haittaohjelmat"},"content":{"rendered":"<p>Tutustu linkin <a href=\"http:\/\/kirjat.it.jyu.fi\/tvt2012\/internet_ja_tietoturva\/\" target=\"_blank\" rel=\"noopener noreferrer\">Tietoturva<\/a> (erityisesti kohta &#8221;Tietoturva&#8221;) .<\/p>\n<p>Kirjaudu\u00a0<em>Gradian<\/em> tunnuksillasi <em><a href=\"http:\/\/office.gradia.fi\" target=\"_blank\" rel=\"noopener noreferrer\">Officeen <\/a><\/em>ja mene <em>OneDriven<\/em> opintojaksokansioosi. Tee kaikki teht\u00e4v\u00e4t selaimessa <em>PowerPoint<\/em>-tiedostoon.<\/p>\n<p>Kirjoita otsikoksi <em>Teht\u00e4v\u00e4 3 \u2013 Palomuuri ja haittaohjelmat<\/em>.<\/p>\n<ol>\n<li>\n<ol>\n<li><a href=\"http:\/\/google.fi\" target=\"_blank\" rel=\"noopener noreferrer\">Etsi tietoa<\/a> ja kerro tekstill\u00e4,\n<ul>\n<li>mik\u00e4 on <em>palomuuri<\/em>,<\/li>\n<li>miten tarkistat, onko puhelimessasi tai tietokoneessasi <em>palomuuriohjelma<\/em>,<\/li>\n<li><em>internetlinkki<\/em>, josta <em>palomuuriohjelman<\/em> voi ostaa tai ladata puhelimeesi tai tietokoneeseesi. Lis\u00e4\u00e4 <em>itse ottamasi<\/em> ruutukaappauskuva ja arvioi linkin tarjoaman ohjelman turvallisuus.<\/li>\n<\/ul>\n<\/li>\n<li><a href=\"http:\/\/google.fi\" target=\"_blank\" rel=\"noopener noreferrer\">Etsi tietoa<\/a> ja kerro tekstill\u00e4,\n<ul>\n<li>mit\u00e4 ovat <em>virukset<\/em>, <em>madot<\/em>, <em>troijalaiset<\/em>, <em>vakoiluohjelmat<\/em> ja <em>kiristysohjelmat<\/em>,<\/li>\n<li>miten tarkistat, onko puhelimessasi tai tietokoneessasi <em>virustorjuntaohjelma<\/em>,<\/li>\n<li><em>internetlinkki<\/em>, josta <em>virustorjuntaohjelman<\/em> voi ostaa tai ladata puhelimeesi tai tietokoneeseesi. Lis\u00e4\u00e4 <em>itse ottamasi<\/em> ruutukaappauskuva ja arvioi linkin tarjoaman ohjelman turvallisuus.<\/li>\n<\/ul>\n<\/li>\n<li><a href=\"http:\/\/google.fi\" target=\"_blank\" rel=\"noopener noreferrer\">Etsi tietoa<\/a> ja kerro tekstill\u00e4,\n<ul>\n<li>mit\u00e4 tarkoittaa <em>nigerialaiskirje,<\/em><\/li>\n<li>mit\u00e4 tarkoittaa <em>verkkourkinta <\/em>eli <em>kalastelu<\/em>.<\/li>\n<\/ul>\n<\/li>\n<li>Tietokoneeseesi voi saada haittaohjelmatartunnan pelist\u00e4 tai s\u00e4hk\u00f6postista. <a href=\"http:\/\/google.fi\" target=\"_blank\" rel=\"noopener noreferrer\">Etsi tietoa <\/a>ja kerro,\n<ul>\n<li>mit\u00e4 haittaohjelma voi tietokoneessasi tehd\u00e4,<\/li>\n<li>miten tietokoneessa olevan haittaohjelman voi havaita,<\/li>\n<li>mit\u00e4 pit\u00e4\u00e4 tehd\u00e4, ett\u00e4 haittaohjelmasta p\u00e4\u00e4see eroon.<\/li>\n<\/ul>\n<\/li>\n<\/ol>\n<\/li>\n<\/ol>\n<p><strong>Anna teht\u00e4v\u00e4n nimeksi <em>BlogiTeht\u00e4v\u00e4 3<\/em>. Siisti <em>OneDrive<\/em>-kansiosi tarpeettomista tiedostoista. Kansiossasi pit\u00e4isi olla nyt nelj\u00e4 tiedostoa sek\u00e4 mahdolliset tuntiteht\u00e4v\u00e4t opettajan kanssa.<\/strong><\/p>\n","protected":false},"excerpt":{"rendered":"<p>Tutustu linkin Tietoturva (erityisesti kohta &#8221;Tietoturva&#8221;) . Kirjaudu\u00a0Gradian tunnuksillasi Officeen ja mene OneDriven opintojaksokansioosi. Tee kaikki teht\u00e4v\u00e4t selaimessa PowerPoint-tiedostoon. Kirjoita otsikoksi Teht\u00e4v\u00e4 3 \u2013 Palomuuri ja haittaohjelmat. Etsi tietoa ja kerro tekstill\u00e4, mik\u00e4 on palomuuri, miten tarkistat, onko puhelimessasi tai tietokoneessasi palomuuriohjelma, internetlinkki, josta palomuuriohjelman voi ostaa tai ladata puhelimeesi tai tietokoneeseesi. Lis\u00e4\u00e4 itse ottamasi &hellip; <a href=\"https:\/\/blogit.gradia.fi\/digi\/tehtava-9\/\" class=\"more-link\">Jatka lukemista <span class=\"screen-reader-text\">Teht\u00e4v\u00e4 3 Palomuuri ja haittaohjelmat<\/span> <span class=\"meta-nav\">&rarr;<\/span><\/a><\/p>\n","protected":false},"author":395,"featured_media":0,"parent":0,"menu_order":0,"comment_status":"closed","ping_status":"closed","template":"","meta":{"_uag_custom_page_level_css":"","footnotes":""},"class_list":["post-28","page","type-page","status-publish","hentry"],"yoast_head":"<!-- This site is optimized with the Yoast SEO plugin v27.2 - https:\/\/yoast.com\/product\/yoast-seo-wordpress\/ -->\n<title>Teht\u00e4v\u00e4 3 Palomuuri ja haittaohjelmat - Digi<\/title>\n<meta name=\"robots\" content=\"index, follow, max-snippet:-1, max-image-preview:large, max-video-preview:-1\" \/>\n<link rel=\"canonical\" href=\"https:\/\/blogit.gradia.fi\/digi\/tehtava-9\/\" \/>\n<meta property=\"og:locale\" content=\"fi_FI\" \/>\n<meta property=\"og:type\" content=\"article\" \/>\n<meta property=\"og:title\" content=\"Teht\u00e4v\u00e4 3 Palomuuri ja haittaohjelmat - Digi\" \/>\n<meta property=\"og:description\" content=\"Tutustu linkin Tietoturva (erityisesti kohta &#8221;Tietoturva&#8221;) . Kirjaudu\u00a0Gradian tunnuksillasi Officeen ja mene OneDriven opintojaksokansioosi. Tee kaikki teht\u00e4v\u00e4t selaimessa PowerPoint-tiedostoon. Kirjoita otsikoksi Teht\u00e4v\u00e4 3 \u2013 Palomuuri ja haittaohjelmat. Etsi tietoa ja kerro tekstill\u00e4, mik\u00e4 on palomuuri, miten tarkistat, onko puhelimessasi tai tietokoneessasi palomuuriohjelma, internetlinkki, josta palomuuriohjelman voi ostaa tai ladata puhelimeesi tai tietokoneeseesi. Lis\u00e4\u00e4 itse ottamasi &hellip; Jatka lukemista Teht\u00e4v\u00e4 3 Palomuuri ja haittaohjelmat &rarr;\" \/>\n<meta property=\"og:url\" content=\"https:\/\/blogit.gradia.fi\/digi\/tehtava-9\/\" \/>\n<meta property=\"og:site_name\" content=\"Digi\" \/>\n<meta property=\"article:modified_time\" content=\"2019-04-12T10:20:23+00:00\" \/>\n<meta name=\"twitter:card\" content=\"summary_large_image\" \/>\n<meta name=\"twitter:label1\" content=\"Arvioitu lukuaika\" \/>\n\t<meta name=\"twitter:data1\" content=\"1 minuutti\" \/>\n<script type=\"application\/ld+json\" class=\"yoast-schema-graph\">{\"@context\":\"https:\/\/schema.org\",\"@graph\":[{\"@type\":\"WebPage\",\"@id\":\"https:\/\/blogit.gradia.fi\/digi\/tehtava-9\/\",\"url\":\"https:\/\/blogit.gradia.fi\/digi\/tehtava-9\/\",\"name\":\"Teht\u00e4v\u00e4 3 Palomuuri ja haittaohjelmat - Digi\",\"isPartOf\":{\"@id\":\"https:\/\/blogit.gradia.fi\/digi\/#website\"},\"datePublished\":\"2018-06-07T15:12:41+00:00\",\"dateModified\":\"2019-04-12T10:20:23+00:00\",\"inLanguage\":\"fi\",\"potentialAction\":[{\"@type\":\"ReadAction\",\"target\":[\"https:\/\/blogit.gradia.fi\/digi\/tehtava-9\/\"]}]},{\"@type\":\"WebSite\",\"@id\":\"https:\/\/blogit.gradia.fi\/digi\/#website\",\"url\":\"https:\/\/blogit.gradia.fi\/digi\/\",\"name\":\"Digi\",\"description\":\"Toiminta digitaalisessa ymp\u00e4rist\u00f6ss\u00e4 -opintojakso\",\"potentialAction\":[{\"@type\":\"SearchAction\",\"target\":{\"@type\":\"EntryPoint\",\"urlTemplate\":\"https:\/\/blogit.gradia.fi\/digi\/?s={search_term_string}\"},\"query-input\":{\"@type\":\"PropertyValueSpecification\",\"valueRequired\":true,\"valueName\":\"search_term_string\"}}],\"inLanguage\":\"fi\"}]}<\/script>\n<!-- \/ Yoast SEO plugin. -->","yoast_head_json":{"title":"Teht\u00e4v\u00e4 3 Palomuuri ja haittaohjelmat - Digi","robots":{"index":"index","follow":"follow","max-snippet":"max-snippet:-1","max-image-preview":"max-image-preview:large","max-video-preview":"max-video-preview:-1"},"canonical":"https:\/\/blogit.gradia.fi\/digi\/tehtava-9\/","og_locale":"fi_FI","og_type":"article","og_title":"Teht\u00e4v\u00e4 3 Palomuuri ja haittaohjelmat - Digi","og_description":"Tutustu linkin Tietoturva (erityisesti kohta &#8221;Tietoturva&#8221;) . Kirjaudu\u00a0Gradian tunnuksillasi Officeen ja mene OneDriven opintojaksokansioosi. Tee kaikki teht\u00e4v\u00e4t selaimessa PowerPoint-tiedostoon. Kirjoita otsikoksi Teht\u00e4v\u00e4 3 \u2013 Palomuuri ja haittaohjelmat. Etsi tietoa ja kerro tekstill\u00e4, mik\u00e4 on palomuuri, miten tarkistat, onko puhelimessasi tai tietokoneessasi palomuuriohjelma, internetlinkki, josta palomuuriohjelman voi ostaa tai ladata puhelimeesi tai tietokoneeseesi. Lis\u00e4\u00e4 itse ottamasi &hellip; Jatka lukemista Teht\u00e4v\u00e4 3 Palomuuri ja haittaohjelmat &rarr;","og_url":"https:\/\/blogit.gradia.fi\/digi\/tehtava-9\/","og_site_name":"Digi","article_modified_time":"2019-04-12T10:20:23+00:00","twitter_card":"summary_large_image","twitter_misc":{"Arvioitu lukuaika":"1 minuutti"},"schema":{"@context":"https:\/\/schema.org","@graph":[{"@type":"WebPage","@id":"https:\/\/blogit.gradia.fi\/digi\/tehtava-9\/","url":"https:\/\/blogit.gradia.fi\/digi\/tehtava-9\/","name":"Teht\u00e4v\u00e4 3 Palomuuri ja haittaohjelmat - Digi","isPartOf":{"@id":"https:\/\/blogit.gradia.fi\/digi\/#website"},"datePublished":"2018-06-07T15:12:41+00:00","dateModified":"2019-04-12T10:20:23+00:00","inLanguage":"fi","potentialAction":[{"@type":"ReadAction","target":["https:\/\/blogit.gradia.fi\/digi\/tehtava-9\/"]}]},{"@type":"WebSite","@id":"https:\/\/blogit.gradia.fi\/digi\/#website","url":"https:\/\/blogit.gradia.fi\/digi\/","name":"Digi","description":"Toiminta digitaalisessa ymp\u00e4rist\u00f6ss\u00e4 -opintojakso","potentialAction":[{"@type":"SearchAction","target":{"@type":"EntryPoint","urlTemplate":"https:\/\/blogit.gradia.fi\/digi\/?s={search_term_string}"},"query-input":{"@type":"PropertyValueSpecification","valueRequired":true,"valueName":"search_term_string"}}],"inLanguage":"fi"}]}},"uagb_featured_image_src":{"full":false,"thumbnail":false,"medium":false,"medium_large":false,"large":false,"1536x1536":false,"2048x2048":false,"post-thumbnail":false},"uagb_author_info":{"display_name":"Annaleena Kangas","author_link":"https:\/\/blogit.gradia.fi\/digi\/author\/kangaaan\/"},"uagb_comment_info":0,"uagb_excerpt":"Tutustu linkin Tietoturva (erityisesti kohta &#8221;Tietoturva&#8221;) . Kirjaudu\u00a0Gradian tunnuksillasi Officeen ja mene OneDriven opintojaksokansioosi. Tee kaikki teht\u00e4v\u00e4t selaimessa PowerPoint-tiedostoon. Kirjoita otsikoksi Teht\u00e4v\u00e4 3 \u2013 Palomuuri ja haittaohjelmat. Etsi tietoa ja kerro tekstill\u00e4, mik\u00e4 on palomuuri, miten tarkistat, onko puhelimessasi tai tietokoneessasi palomuuriohjelma, internetlinkki, josta palomuuriohjelman voi ostaa tai ladata puhelimeesi tai tietokoneeseesi. Lis\u00e4\u00e4 itse ottamasi&hellip;","_links":{"self":[{"href":"https:\/\/blogit.gradia.fi\/digi\/wp-json\/wp\/v2\/pages\/28","targetHints":{"allow":["GET"]}}],"collection":[{"href":"https:\/\/blogit.gradia.fi\/digi\/wp-json\/wp\/v2\/pages"}],"about":[{"href":"https:\/\/blogit.gradia.fi\/digi\/wp-json\/wp\/v2\/types\/page"}],"author":[{"embeddable":true,"href":"https:\/\/blogit.gradia.fi\/digi\/wp-json\/wp\/v2\/users\/395"}],"replies":[{"embeddable":true,"href":"https:\/\/blogit.gradia.fi\/digi\/wp-json\/wp\/v2\/comments?post=28"}],"version-history":[{"count":2,"href":"https:\/\/blogit.gradia.fi\/digi\/wp-json\/wp\/v2\/pages\/28\/revisions"}],"predecessor-version":[{"id":256,"href":"https:\/\/blogit.gradia.fi\/digi\/wp-json\/wp\/v2\/pages\/28\/revisions\/256"}],"wp:attachment":[{"href":"https:\/\/blogit.gradia.fi\/digi\/wp-json\/wp\/v2\/media?parent=28"}],"curies":[{"name":"wp","href":"https:\/\/api.w.org\/{rel}","templated":true}]}}