{"id":26,"date":"2018-06-07T18:11:25","date_gmt":"2018-06-07T15:11:25","guid":{"rendered":"https:\/\/blogit.gradia.fi\/digi\/?page_id=26"},"modified":"2019-02-05T10:14:47","modified_gmt":"2019-02-05T08:14:47","slug":"tehtava-8","status":"publish","type":"page","link":"https:\/\/blogit.gradia.fi\/digi\/tehtava-8\/","title":{"rendered":"Teht\u00e4v\u00e4 7 Kuvien k\u00e4ytt\u00f6 ja muokkaaminen"},"content":{"rendered":"<h3>Kuvien k\u00e4ytt\u00f6 ja muokkaaminen<\/h3>\n<p>Opiskele linkit <a href=\"https:\/\/jaofi-my.sharepoint.com\/:i:\/g\/personal\/kangaaan_gradia_fi\/EQX8ZqVjI6dEntPr0onYEMABC6z7YuIfyVJYG4ghJCoanA?e=69O3AK\" target=\"_blank\" rel=\"noopener\">Googlen kuvahaku<\/a>, <a href=\"http:\/\/creativecommons.fi\/2012\/10\/luvalliset-kuvat-kayttoon\/\" target=\"_blank\" rel=\"noopener\">Kuvien laillinen k\u00e4ytt\u00f6<\/a>, <a href=\"http:\/\/kopiraitti.fi\/aineistojen-kaytto\/valokuvat-ja-kuvaaminen\/kuvien-julkaiseminen\/\" target=\"_blank\" rel=\"noopener\">Kuvan julkaiseminen<\/a>, <a href=\"http:\/\/kopiraitti.fi\/aineistojen-kaytto\/valokuvat-ja-kuvaaminen\/henkilon-oikeus-omaan-kuvaan\/\">Kuvien oikeudet<\/a> ja <a href=\"http:\/\/www.kotisivukone.fi\/blogi\/2010\/10\/21\/58\/?page2\">Tekij\u00e4noikeudet<\/a>.<\/p>\n<p>Kirjaudu\u00a0<em>Gradian<\/em> tunnuksillasi <em><a href=\"http:\/\/office.gradia.fi\" target=\"_blank\" rel=\"noopener\">Officeen <\/a><\/em>ja mene <em>OneDriven<\/em> opintojaksokansioosi. Tee kaikki teht\u00e4v\u00e4t selaimessa <em>Word<\/em>\u2013 tai <em>PowerPoint<\/em>-tiedostoon.<\/p>\n<p>Kirjoita otsikoksi <em>Teht\u00e4v\u00e4 7 \u2013 Kuvien k\u00e4ytt\u00f6 ja muokkaaminen<\/em>.<\/p>\n<ol>\n<li>Vastaa <a href=\"http:\/\/yle.fi\/uutiset\/3-9457278\" target=\"_blank\" rel=\"noopener noreferrer\">testiin<\/a>. Kuinka monta sait oikein? Yll\u00e4ttik\u00f6 jokin tieto sinut?<\/li>\n<li><a href=\"http:\/\/google.fi\" target=\"_blank\" rel=\"noopener\">Etsi tietoa<\/a> ja kerro,\n<ul>\n<li>millaisia kuvia sinulla on lupa julkaista esim. omassa <em>blogissa<\/em>, <em>Facebookissa<\/em> tai <em>Instagramissa<\/em>.<\/li>\n<li>miten l\u00f6yd\u00e4t internetist\u00e4 kuvia, joita saat k\u00e4ytt\u00e4\u00e4.<\/li>\n<\/ul>\n<\/li>\n<li>Kirjaudu <a href=\"http:\/\/wilma.gradia.fi\" target=\"_blank\" rel=\"noopener\"><em>Wilmaan<\/em><\/a>. Pienenn\u00e4 etusivusi sopivan pieneksi (<em>ei siis koko n\u00e4yt\u00f6n kokoinen<\/em>) ja ota siit\u00e4 ruutukaappauskuva\u00a0(<em>esim. leikkausty\u00f6kalu tai &#8221;Alt + Print Screen&#8221;<\/em>). Rajaa kuvaa siten, ettei selaimen osoiterivi n\u00e4y. Tallenna kuva &#8221;<em>Wilma&#8221;<\/em>-nimell\u00e4 ja <em>png<\/em>-muodossa opintojakson <em>OneDrive<\/em>-kansioosi.<\/li>\n<li><em>Ole luova!<\/em> Ota puhelimellasi kuva, jossa n\u00e4kyy\u00a0 jokin itsellesi t\u00e4rke\u00e4 asia sek\u00e4 p\u00e4iv\u00e4m\u00e4\u00e4r\u00e4 (<em>esim. p\u00e4iv\u00e4n sanomalehti tai tietokoneen n\u00e4yt\u00f6n p\u00e4iv\u00e4ys<\/em>). Lis\u00e4\u00e4 kuva tiedostoon, johon vastasit ensimm\u00e4isess\u00e4 kohdassa. <strong>HUOM! Otithan vain yhden kuvan?<\/strong><\/li>\n<li>Muokkaa puhelimessasi olevaa kuvaa viel\u00e4 <em>kuvank\u00e4sittelysovelluksella<\/em>. Voit k\u00e4ytt\u00e4\u00e4 my\u00f6s tietokoneessa <em>Word<\/em>&#8211; tai <em>PowerPoint<\/em> -ohjelmaa, sopivaa kuvank\u00e4sittelyohjelmaa tai <a href=\"http:\/\/google.fi\" target=\"_blank\" rel=\"noopener\">internetsivua<\/a>. Lis\u00e4\u00e4 viel\u00e4 muokattu kuva tiedostoon, johon vastasit ensimm\u00e4isess\u00e4 kohdassa. Teht\u00e4v\u00e4ss\u00e4 pit\u00e4\u00e4 siis olla sek\u00e4 alkuper\u00e4inen ett\u00e4 muokattu kuva.\n<ul>\n<li>Muuta kuva <em>mustavalkoiseksi<\/em>.<\/li>\n<li>Lis\u00e4\u00e4 kuvaan sopiva kuvateksti. Huomioi luettavuus!<\/li>\n<li>Lis\u00e4\u00e4 kuvan kirkkautta hieman ja kierr\u00e4 kuvaa 90 astetta vasemmalle.<\/li>\n<\/ul>\n<\/li>\n<\/ol>\n<p><strong>Nime\u00e4 teht\u00e4v\u00e4si loogisesti. Siisti <em>OneDrive<\/em>-kansiosi.<\/strong><\/p>\n","protected":false},"excerpt":{"rendered":"<p>Kuvien k\u00e4ytt\u00f6 ja muokkaaminen Opiskele linkit Googlen kuvahaku, Kuvien laillinen k\u00e4ytt\u00f6, Kuvan julkaiseminen, Kuvien oikeudet ja Tekij\u00e4noikeudet. Kirjaudu\u00a0Gradian tunnuksillasi Officeen ja mene OneDriven opintojaksokansioosi. Tee kaikki teht\u00e4v\u00e4t selaimessa Word\u2013 tai PowerPoint-tiedostoon. Kirjoita otsikoksi Teht\u00e4v\u00e4 7 \u2013 Kuvien k\u00e4ytt\u00f6 ja muokkaaminen. Vastaa testiin. Kuinka monta sait oikein? Yll\u00e4ttik\u00f6 jokin tieto sinut? Etsi tietoa ja kerro, millaisia &hellip; <a href=\"https:\/\/blogit.gradia.fi\/digi\/tehtava-8\/\" class=\"more-link\">Jatka lukemista <span class=\"screen-reader-text\">Teht\u00e4v\u00e4 7 Kuvien k\u00e4ytt\u00f6 ja muokkaaminen<\/span> <span class=\"meta-nav\">&rarr;<\/span><\/a><\/p>\n","protected":false},"author":395,"featured_media":0,"parent":0,"menu_order":0,"comment_status":"closed","ping_status":"closed","template":"","meta":{"_uag_custom_page_level_css":"","footnotes":""},"class_list":["post-26","page","type-page","status-publish","hentry"],"yoast_head":"<!-- This site is optimized with the Yoast SEO plugin v27.2 - https:\/\/yoast.com\/product\/yoast-seo-wordpress\/ -->\n<title>Teht\u00e4v\u00e4 7 Kuvien k\u00e4ytt\u00f6 ja muokkaaminen - Digi<\/title>\n<meta name=\"robots\" content=\"index, follow, max-snippet:-1, max-image-preview:large, max-video-preview:-1\" \/>\n<link rel=\"canonical\" href=\"https:\/\/blogit.gradia.fi\/digi\/tehtava-8\/\" \/>\n<meta property=\"og:locale\" content=\"fi_FI\" \/>\n<meta property=\"og:type\" content=\"article\" \/>\n<meta property=\"og:title\" content=\"Teht\u00e4v\u00e4 7 Kuvien k\u00e4ytt\u00f6 ja muokkaaminen - Digi\" \/>\n<meta property=\"og:description\" content=\"Kuvien k\u00e4ytt\u00f6 ja muokkaaminen Opiskele linkit Googlen kuvahaku, Kuvien laillinen k\u00e4ytt\u00f6, Kuvan julkaiseminen, Kuvien oikeudet ja Tekij\u00e4noikeudet. Kirjaudu\u00a0Gradian tunnuksillasi Officeen ja mene OneDriven opintojaksokansioosi. Tee kaikki teht\u00e4v\u00e4t selaimessa Word\u2013 tai PowerPoint-tiedostoon. Kirjoita otsikoksi Teht\u00e4v\u00e4 7 \u2013 Kuvien k\u00e4ytt\u00f6 ja muokkaaminen. Vastaa testiin. Kuinka monta sait oikein? Yll\u00e4ttik\u00f6 jokin tieto sinut? Etsi tietoa ja kerro, millaisia &hellip; Jatka lukemista Teht\u00e4v\u00e4 7 Kuvien k\u00e4ytt\u00f6 ja muokkaaminen &rarr;\" \/>\n<meta property=\"og:url\" content=\"https:\/\/blogit.gradia.fi\/digi\/tehtava-8\/\" \/>\n<meta property=\"og:site_name\" content=\"Digi\" \/>\n<meta property=\"article:modified_time\" content=\"2019-02-05T08:14:47+00:00\" \/>\n<meta name=\"twitter:card\" content=\"summary_large_image\" \/>\n<meta name=\"twitter:label1\" content=\"Arvioitu lukuaika\" \/>\n\t<meta name=\"twitter:data1\" content=\"1 minuutti\" \/>\n<script type=\"application\/ld+json\" class=\"yoast-schema-graph\">{\"@context\":\"https:\/\/schema.org\",\"@graph\":[{\"@type\":\"WebPage\",\"@id\":\"https:\/\/blogit.gradia.fi\/digi\/tehtava-8\/\",\"url\":\"https:\/\/blogit.gradia.fi\/digi\/tehtava-8\/\",\"name\":\"Teht\u00e4v\u00e4 7 Kuvien k\u00e4ytt\u00f6 ja muokkaaminen - Digi\",\"isPartOf\":{\"@id\":\"https:\/\/blogit.gradia.fi\/digi\/#website\"},\"datePublished\":\"2018-06-07T15:11:25+00:00\",\"dateModified\":\"2019-02-05T08:14:47+00:00\",\"inLanguage\":\"fi\",\"potentialAction\":[{\"@type\":\"ReadAction\",\"target\":[\"https:\/\/blogit.gradia.fi\/digi\/tehtava-8\/\"]}]},{\"@type\":\"WebSite\",\"@id\":\"https:\/\/blogit.gradia.fi\/digi\/#website\",\"url\":\"https:\/\/blogit.gradia.fi\/digi\/\",\"name\":\"Digi\",\"description\":\"Toiminta digitaalisessa ymp\u00e4rist\u00f6ss\u00e4 -opintojakso\",\"potentialAction\":[{\"@type\":\"SearchAction\",\"target\":{\"@type\":\"EntryPoint\",\"urlTemplate\":\"https:\/\/blogit.gradia.fi\/digi\/?s={search_term_string}\"},\"query-input\":{\"@type\":\"PropertyValueSpecification\",\"valueRequired\":true,\"valueName\":\"search_term_string\"}}],\"inLanguage\":\"fi\"}]}<\/script>\n<!-- \/ Yoast SEO plugin. -->","yoast_head_json":{"title":"Teht\u00e4v\u00e4 7 Kuvien k\u00e4ytt\u00f6 ja muokkaaminen - Digi","robots":{"index":"index","follow":"follow","max-snippet":"max-snippet:-1","max-image-preview":"max-image-preview:large","max-video-preview":"max-video-preview:-1"},"canonical":"https:\/\/blogit.gradia.fi\/digi\/tehtava-8\/","og_locale":"fi_FI","og_type":"article","og_title":"Teht\u00e4v\u00e4 7 Kuvien k\u00e4ytt\u00f6 ja muokkaaminen - Digi","og_description":"Kuvien k\u00e4ytt\u00f6 ja muokkaaminen Opiskele linkit Googlen kuvahaku, Kuvien laillinen k\u00e4ytt\u00f6, Kuvan julkaiseminen, Kuvien oikeudet ja Tekij\u00e4noikeudet. Kirjaudu\u00a0Gradian tunnuksillasi Officeen ja mene OneDriven opintojaksokansioosi. Tee kaikki teht\u00e4v\u00e4t selaimessa Word\u2013 tai PowerPoint-tiedostoon. Kirjoita otsikoksi Teht\u00e4v\u00e4 7 \u2013 Kuvien k\u00e4ytt\u00f6 ja muokkaaminen. Vastaa testiin. Kuinka monta sait oikein? Yll\u00e4ttik\u00f6 jokin tieto sinut? Etsi tietoa ja kerro, millaisia &hellip; Jatka lukemista Teht\u00e4v\u00e4 7 Kuvien k\u00e4ytt\u00f6 ja muokkaaminen &rarr;","og_url":"https:\/\/blogit.gradia.fi\/digi\/tehtava-8\/","og_site_name":"Digi","article_modified_time":"2019-02-05T08:14:47+00:00","twitter_card":"summary_large_image","twitter_misc":{"Arvioitu lukuaika":"1 minuutti"},"schema":{"@context":"https:\/\/schema.org","@graph":[{"@type":"WebPage","@id":"https:\/\/blogit.gradia.fi\/digi\/tehtava-8\/","url":"https:\/\/blogit.gradia.fi\/digi\/tehtava-8\/","name":"Teht\u00e4v\u00e4 7 Kuvien k\u00e4ytt\u00f6 ja muokkaaminen - Digi","isPartOf":{"@id":"https:\/\/blogit.gradia.fi\/digi\/#website"},"datePublished":"2018-06-07T15:11:25+00:00","dateModified":"2019-02-05T08:14:47+00:00","inLanguage":"fi","potentialAction":[{"@type":"ReadAction","target":["https:\/\/blogit.gradia.fi\/digi\/tehtava-8\/"]}]},{"@type":"WebSite","@id":"https:\/\/blogit.gradia.fi\/digi\/#website","url":"https:\/\/blogit.gradia.fi\/digi\/","name":"Digi","description":"Toiminta digitaalisessa ymp\u00e4rist\u00f6ss\u00e4 -opintojakso","potentialAction":[{"@type":"SearchAction","target":{"@type":"EntryPoint","urlTemplate":"https:\/\/blogit.gradia.fi\/digi\/?s={search_term_string}"},"query-input":{"@type":"PropertyValueSpecification","valueRequired":true,"valueName":"search_term_string"}}],"inLanguage":"fi"}]}},"uagb_featured_image_src":{"full":false,"thumbnail":false,"medium":false,"medium_large":false,"large":false,"1536x1536":false,"2048x2048":false,"post-thumbnail":false},"uagb_author_info":{"display_name":"Annaleena Kangas","author_link":"https:\/\/blogit.gradia.fi\/digi\/author\/kangaaan\/"},"uagb_comment_info":0,"uagb_excerpt":"Kuvien k\u00e4ytt\u00f6 ja muokkaaminen Opiskele linkit Googlen kuvahaku, Kuvien laillinen k\u00e4ytt\u00f6, Kuvan julkaiseminen, Kuvien oikeudet ja Tekij\u00e4noikeudet. Kirjaudu\u00a0Gradian tunnuksillasi Officeen ja mene OneDriven opintojaksokansioosi. Tee kaikki teht\u00e4v\u00e4t selaimessa Word\u2013 tai PowerPoint-tiedostoon. Kirjoita otsikoksi Teht\u00e4v\u00e4 7 \u2013 Kuvien k\u00e4ytt\u00f6 ja muokkaaminen. Vastaa testiin. Kuinka monta sait oikein? Yll\u00e4ttik\u00f6 jokin tieto sinut? Etsi tietoa ja kerro, millaisia&hellip;","_links":{"self":[{"href":"https:\/\/blogit.gradia.fi\/digi\/wp-json\/wp\/v2\/pages\/26","targetHints":{"allow":["GET"]}}],"collection":[{"href":"https:\/\/blogit.gradia.fi\/digi\/wp-json\/wp\/v2\/pages"}],"about":[{"href":"https:\/\/blogit.gradia.fi\/digi\/wp-json\/wp\/v2\/types\/page"}],"author":[{"embeddable":true,"href":"https:\/\/blogit.gradia.fi\/digi\/wp-json\/wp\/v2\/users\/395"}],"replies":[{"embeddable":true,"href":"https:\/\/blogit.gradia.fi\/digi\/wp-json\/wp\/v2\/comments?post=26"}],"version-history":[{"count":0,"href":"https:\/\/blogit.gradia.fi\/digi\/wp-json\/wp\/v2\/pages\/26\/revisions"}],"wp:attachment":[{"href":"https:\/\/blogit.gradia.fi\/digi\/wp-json\/wp\/v2\/media?parent=26"}],"curies":[{"name":"wp","href":"https:\/\/api.w.org\/{rel}","templated":true}]}}