{"id":24,"date":"2018-06-07T18:10:57","date_gmt":"2018-06-07T15:10:57","guid":{"rendered":"https:\/\/blogit.gradia.fi\/digi\/?page_id=24"},"modified":"2019-09-19T13:18:18","modified_gmt":"2019-09-19T10:18:18","slug":"tehtava-7","status":"publish","type":"page","link":"https:\/\/blogit.gradia.fi\/digi\/tehtava-7\/","title":{"rendered":"Teht\u00e4v\u00e4 4 Sosiaalinen media ja yksityisyys"},"content":{"rendered":"<p>Etsi tietoa sosiaalisestamediasta tai kerro omista kokemuksistasi.<\/p>\n<p>Kirjaudu\u00a0<em>Gradian<\/em> tunnuksillasi <em><a href=\"http:\/\/office.gradia.fi\" target=\"_blank\" rel=\"noopener noreferrer\">Officeen <\/a><\/em>ja mene <em>OneDriven<\/em> opintojaksokansioosi. Tee kaikki teht\u00e4v\u00e4t selaimessa <em>PowerPoint<\/em>-tiedostoon.<\/p>\n<p>Kirjoita otsikoksi <em>Teht\u00e4v\u00e4 4 &#8211; Sosiaalinen media ja yksityisyys<\/em>.<\/p>\n<ol>\n<li>Mit\u00e4 tarkoittaa sosiaalinen media? K\u00e4yt\u00e4tk\u00f6 itse sosiaalista mediaa?<\/li>\n<li>Kerro ongelmista, joita\u00a0sosiaalisen median\u00a0(<em>esim. Facebook<\/em>, <em>Twitter<\/em>, <em>Instagram<\/em>,\u2026) profiileihin voi liitty\u00e4. Voit <a href=\"http:\/\/google.fi\" target=\"_blank\" rel=\"noopener noreferrer\">etsi\u00e4<\/a> tietoa. Jos k\u00e4yt\u00e4t l\u00e4hteit\u00e4<em>,<\/em> lis\u00e4\u00e4 <em>internetlinkki<\/em> teht\u00e4v\u00e4\u00e4si ja arvioi k\u00e4ytt\u00e4m\u00e4si sivu.<\/li>\n<li>Kerro, oletko tarkistanut sosiaalisen median yksityisyysasetuksistasi sit\u00e4, kuka n\u00e4kee profiilisi ja\u00a0tietosi. Kerro viel\u00e4, miksi oma\u00a0yksityisyys kannattaa\u00a0huomioida.<\/li>\n<li>Kerro, kuka omistaa sosiaaliseen mediaan lataamasi kuvat ja kuka voi mahdollisesti k\u00e4ytt\u00e4\u00e4 niit\u00e4. <a href=\"http:\/\/google.fi\" target=\"_blank\" rel=\"noopener noreferrer\">Etsi<\/a>, lis\u00e4\u00e4 ja <em>arvioi<\/em> k\u00e4ytt\u00e4m\u00e4si <em>internetlinkki<\/em>.<\/li>\n<\/ol>\n<p>Opiskele linkit <a href=\"http:\/\/www.edu.fi\/sina_paatat\/13-17\/yksityisyys\" target=\"_blank\" rel=\"noopener noreferrer\">Yksityisyys 1<\/a> ja <a href=\"https:\/\/peda.net\/tervola\/tervolan-lukio\/opiskelu\/ohjelmistot\/internet-selain\" target=\"_blank\" rel=\"noopener noreferrer\">Yksityisyys 2<\/a>.<\/p>\n<p>5.<a href=\"http:\/\/google.fi\" target=\"_blank\" rel=\"noopener noreferrer\"> Etsi tietoa<\/a>. Kerro tekstill\u00e4<\/p>\n<ul>\n<li value=\"4\">miten internetselaimen sivuhistoria poistetaan <em>(oma\u00a0rajattu ruutukaappaus)<\/em>,<\/li>\n<li>miksi ja milloin internetselaimen sivuhistoria kannattaa poistaa,<\/li>\n<li>mit\u00e4 ovat v\u00e4liaikaiset tiedostot (<em>temporary internet files<\/em>) ja miten ne poistetaan,<\/li>\n<li>miten yksityinen selaus (<em>private browsing, incognito mode<\/em>) otetaan k\u00e4ytt\u00f6\u00f6n,<\/li>\n<li>miten tavallisimman sosiaalisen median\u00a0(<em>esim. Facebook<\/em>) yksityisyysasetuksia muutetaan (<em>oma\u00a0rajattu ruutukaappaus<\/em>).<\/li>\n<\/ul>\n<p>6. Kerro, mit\u00e4 internetselainta ja sen versiota k\u00e4yt\u00e4t (<em>oma\u00a0rajattu ruutukaappaus<\/em>).<\/p>\n<p>7. Valitse\u00a0internetsivusto tai sosiaalisen median sovellus.<\/p>\n<ul>\n<li>Kerro, mit\u00e4 tietoja se voi ker\u00e4t\u00e4 sinusta ja yst\u00e4vist\u00e4si. <a href=\"http:\/\/google.fi\" target=\"_blank\" rel=\"noopener noreferrer\">Etsi<\/a>, lis\u00e4\u00e4 ja arvioi ker\u00e4ysasiasta kertova <em>internetlinkki<\/em>.<\/li>\n<li>Kerro, mihin ker\u00e4tty\u00e4 tietoa k\u00e4ytet\u00e4\u00e4n.\u00a0<a href=\"http:\/\/google.fi\" target=\"_blank\" rel=\"noopener noreferrer\">Etsi<\/a>, lis\u00e4\u00e4 ja <em>arvioi<\/em>\u00a0k\u00e4ytt\u00e4m\u00e4si <em>internetlinkki<\/em>.<\/li>\n<\/ul>\n<p><strong>Nime\u00e4 teht\u00e4v\u00e4si <em>BlogiTeht\u00e4v\u00e44<\/em>. Siisti <em>OneDrive<\/em>-kansiosi eli poista mahdolliset ylim\u00e4\u00e4r\u00e4iset tiedostot ja tarkista tiedostojen nimet.<br \/>\n<\/strong><\/p>\n","protected":false},"excerpt":{"rendered":"<p>Etsi tietoa sosiaalisestamediasta tai kerro omista kokemuksistasi. Kirjaudu\u00a0Gradian tunnuksillasi Officeen ja mene OneDriven opintojaksokansioosi. Tee kaikki teht\u00e4v\u00e4t selaimessa PowerPoint-tiedostoon. Kirjoita otsikoksi Teht\u00e4v\u00e4 4 &#8211; Sosiaalinen media ja yksityisyys. Mit\u00e4 tarkoittaa sosiaalinen media? K\u00e4yt\u00e4tk\u00f6 itse sosiaalista mediaa? Kerro ongelmista, joita\u00a0sosiaalisen median\u00a0(esim. Facebook, Twitter, Instagram,\u2026) profiileihin voi liitty\u00e4. Voit etsi\u00e4 tietoa. Jos k\u00e4yt\u00e4t l\u00e4hteit\u00e4, lis\u00e4\u00e4 internetlinkki teht\u00e4v\u00e4\u00e4si &hellip; <a href=\"https:\/\/blogit.gradia.fi\/digi\/tehtava-7\/\" class=\"more-link\">Jatka lukemista <span class=\"screen-reader-text\">Teht\u00e4v\u00e4 4 Sosiaalinen media ja yksityisyys<\/span> <span class=\"meta-nav\">&rarr;<\/span><\/a><\/p>\n","protected":false},"author":395,"featured_media":0,"parent":0,"menu_order":0,"comment_status":"closed","ping_status":"closed","template":"","meta":{"_uag_custom_page_level_css":"","footnotes":""},"class_list":["post-24","page","type-page","status-publish","hentry"],"yoast_head":"<!-- This site is optimized with the Yoast SEO plugin v27.2 - https:\/\/yoast.com\/product\/yoast-seo-wordpress\/ -->\n<title>Teht\u00e4v\u00e4 4 Sosiaalinen media ja yksityisyys - Digi<\/title>\n<meta name=\"robots\" content=\"index, follow, max-snippet:-1, max-image-preview:large, max-video-preview:-1\" \/>\n<link rel=\"canonical\" href=\"https:\/\/blogit.gradia.fi\/digi\/tehtava-7\/\" \/>\n<meta property=\"og:locale\" content=\"fi_FI\" \/>\n<meta property=\"og:type\" content=\"article\" \/>\n<meta property=\"og:title\" content=\"Teht\u00e4v\u00e4 4 Sosiaalinen media ja yksityisyys - Digi\" \/>\n<meta property=\"og:description\" content=\"Etsi tietoa sosiaalisestamediasta tai kerro omista kokemuksistasi. Kirjaudu\u00a0Gradian tunnuksillasi Officeen ja mene OneDriven opintojaksokansioosi. Tee kaikki teht\u00e4v\u00e4t selaimessa PowerPoint-tiedostoon. Kirjoita otsikoksi Teht\u00e4v\u00e4 4 &#8211; Sosiaalinen media ja yksityisyys. Mit\u00e4 tarkoittaa sosiaalinen media? K\u00e4yt\u00e4tk\u00f6 itse sosiaalista mediaa? Kerro ongelmista, joita\u00a0sosiaalisen median\u00a0(esim. Facebook, Twitter, Instagram,\u2026) profiileihin voi liitty\u00e4. Voit etsi\u00e4 tietoa. Jos k\u00e4yt\u00e4t l\u00e4hteit\u00e4, lis\u00e4\u00e4 internetlinkki teht\u00e4v\u00e4\u00e4si &hellip; Jatka lukemista Teht\u00e4v\u00e4 4 Sosiaalinen media ja yksityisyys &rarr;\" \/>\n<meta property=\"og:url\" content=\"https:\/\/blogit.gradia.fi\/digi\/tehtava-7\/\" \/>\n<meta property=\"og:site_name\" content=\"Digi\" \/>\n<meta property=\"article:modified_time\" content=\"2019-09-19T10:18:18+00:00\" \/>\n<meta name=\"twitter:card\" content=\"summary_large_image\" \/>\n<meta name=\"twitter:label1\" content=\"Arvioitu lukuaika\" \/>\n\t<meta name=\"twitter:data1\" content=\"1 minuutti\" \/>\n<script type=\"application\/ld+json\" class=\"yoast-schema-graph\">{\"@context\":\"https:\/\/schema.org\",\"@graph\":[{\"@type\":\"WebPage\",\"@id\":\"https:\/\/blogit.gradia.fi\/digi\/tehtava-7\/\",\"url\":\"https:\/\/blogit.gradia.fi\/digi\/tehtava-7\/\",\"name\":\"Teht\u00e4v\u00e4 4 Sosiaalinen media ja yksityisyys - Digi\",\"isPartOf\":{\"@id\":\"https:\/\/blogit.gradia.fi\/digi\/#website\"},\"datePublished\":\"2018-06-07T15:10:57+00:00\",\"dateModified\":\"2019-09-19T10:18:18+00:00\",\"inLanguage\":\"fi\",\"potentialAction\":[{\"@type\":\"ReadAction\",\"target\":[\"https:\/\/blogit.gradia.fi\/digi\/tehtava-7\/\"]}]},{\"@type\":\"WebSite\",\"@id\":\"https:\/\/blogit.gradia.fi\/digi\/#website\",\"url\":\"https:\/\/blogit.gradia.fi\/digi\/\",\"name\":\"Digi\",\"description\":\"Toiminta digitaalisessa ymp\u00e4rist\u00f6ss\u00e4 -opintojakso\",\"potentialAction\":[{\"@type\":\"SearchAction\",\"target\":{\"@type\":\"EntryPoint\",\"urlTemplate\":\"https:\/\/blogit.gradia.fi\/digi\/?s={search_term_string}\"},\"query-input\":{\"@type\":\"PropertyValueSpecification\",\"valueRequired\":true,\"valueName\":\"search_term_string\"}}],\"inLanguage\":\"fi\"}]}<\/script>\n<!-- \/ Yoast SEO plugin. -->","yoast_head_json":{"title":"Teht\u00e4v\u00e4 4 Sosiaalinen media ja yksityisyys - Digi","robots":{"index":"index","follow":"follow","max-snippet":"max-snippet:-1","max-image-preview":"max-image-preview:large","max-video-preview":"max-video-preview:-1"},"canonical":"https:\/\/blogit.gradia.fi\/digi\/tehtava-7\/","og_locale":"fi_FI","og_type":"article","og_title":"Teht\u00e4v\u00e4 4 Sosiaalinen media ja yksityisyys - Digi","og_description":"Etsi tietoa sosiaalisestamediasta tai kerro omista kokemuksistasi. Kirjaudu\u00a0Gradian tunnuksillasi Officeen ja mene OneDriven opintojaksokansioosi. Tee kaikki teht\u00e4v\u00e4t selaimessa PowerPoint-tiedostoon. Kirjoita otsikoksi Teht\u00e4v\u00e4 4 &#8211; Sosiaalinen media ja yksityisyys. Mit\u00e4 tarkoittaa sosiaalinen media? K\u00e4yt\u00e4tk\u00f6 itse sosiaalista mediaa? Kerro ongelmista, joita\u00a0sosiaalisen median\u00a0(esim. Facebook, Twitter, Instagram,\u2026) profiileihin voi liitty\u00e4. Voit etsi\u00e4 tietoa. Jos k\u00e4yt\u00e4t l\u00e4hteit\u00e4, lis\u00e4\u00e4 internetlinkki teht\u00e4v\u00e4\u00e4si &hellip; Jatka lukemista Teht\u00e4v\u00e4 4 Sosiaalinen media ja yksityisyys &rarr;","og_url":"https:\/\/blogit.gradia.fi\/digi\/tehtava-7\/","og_site_name":"Digi","article_modified_time":"2019-09-19T10:18:18+00:00","twitter_card":"summary_large_image","twitter_misc":{"Arvioitu lukuaika":"1 minuutti"},"schema":{"@context":"https:\/\/schema.org","@graph":[{"@type":"WebPage","@id":"https:\/\/blogit.gradia.fi\/digi\/tehtava-7\/","url":"https:\/\/blogit.gradia.fi\/digi\/tehtava-7\/","name":"Teht\u00e4v\u00e4 4 Sosiaalinen media ja yksityisyys - Digi","isPartOf":{"@id":"https:\/\/blogit.gradia.fi\/digi\/#website"},"datePublished":"2018-06-07T15:10:57+00:00","dateModified":"2019-09-19T10:18:18+00:00","inLanguage":"fi","potentialAction":[{"@type":"ReadAction","target":["https:\/\/blogit.gradia.fi\/digi\/tehtava-7\/"]}]},{"@type":"WebSite","@id":"https:\/\/blogit.gradia.fi\/digi\/#website","url":"https:\/\/blogit.gradia.fi\/digi\/","name":"Digi","description":"Toiminta digitaalisessa ymp\u00e4rist\u00f6ss\u00e4 -opintojakso","potentialAction":[{"@type":"SearchAction","target":{"@type":"EntryPoint","urlTemplate":"https:\/\/blogit.gradia.fi\/digi\/?s={search_term_string}"},"query-input":{"@type":"PropertyValueSpecification","valueRequired":true,"valueName":"search_term_string"}}],"inLanguage":"fi"}]}},"uagb_featured_image_src":{"full":false,"thumbnail":false,"medium":false,"medium_large":false,"large":false,"1536x1536":false,"2048x2048":false,"post-thumbnail":false},"uagb_author_info":{"display_name":"Annaleena Kangas","author_link":"https:\/\/blogit.gradia.fi\/digi\/author\/kangaaan\/"},"uagb_comment_info":0,"uagb_excerpt":"Etsi tietoa sosiaalisestamediasta tai kerro omista kokemuksistasi. Kirjaudu\u00a0Gradian tunnuksillasi Officeen ja mene OneDriven opintojaksokansioosi. Tee kaikki teht\u00e4v\u00e4t selaimessa PowerPoint-tiedostoon. Kirjoita otsikoksi Teht\u00e4v\u00e4 4 &#8211; Sosiaalinen media ja yksityisyys. Mit\u00e4 tarkoittaa sosiaalinen media? K\u00e4yt\u00e4tk\u00f6 itse sosiaalista mediaa? Kerro ongelmista, joita\u00a0sosiaalisen median\u00a0(esim. Facebook, Twitter, Instagram,\u2026) profiileihin voi liitty\u00e4. Voit etsi\u00e4 tietoa. Jos k\u00e4yt\u00e4t l\u00e4hteit\u00e4, lis\u00e4\u00e4 internetlinkki teht\u00e4v\u00e4\u00e4si&hellip;","_links":{"self":[{"href":"https:\/\/blogit.gradia.fi\/digi\/wp-json\/wp\/v2\/pages\/24","targetHints":{"allow":["GET"]}}],"collection":[{"href":"https:\/\/blogit.gradia.fi\/digi\/wp-json\/wp\/v2\/pages"}],"about":[{"href":"https:\/\/blogit.gradia.fi\/digi\/wp-json\/wp\/v2\/types\/page"}],"author":[{"embeddable":true,"href":"https:\/\/blogit.gradia.fi\/digi\/wp-json\/wp\/v2\/users\/395"}],"replies":[{"embeddable":true,"href":"https:\/\/blogit.gradia.fi\/digi\/wp-json\/wp\/v2\/comments?post=24"}],"version-history":[{"count":2,"href":"https:\/\/blogit.gradia.fi\/digi\/wp-json\/wp\/v2\/pages\/24\/revisions"}],"predecessor-version":[{"id":279,"href":"https:\/\/blogit.gradia.fi\/digi\/wp-json\/wp\/v2\/pages\/24\/revisions\/279"}],"wp:attachment":[{"href":"https:\/\/blogit.gradia.fi\/digi\/wp-json\/wp\/v2\/media?parent=24"}],"curies":[{"name":"wp","href":"https:\/\/api.w.org\/{rel}","templated":true}]}}