{"id":15,"date":"2018-06-07T12:29:07","date_gmt":"2018-06-07T09:29:07","guid":{"rendered":"https:\/\/blogit.gradia.fi\/digi\/?page_id=15"},"modified":"2019-04-12T13:19:05","modified_gmt":"2019-04-12T10:19:05","slug":"tehtava-2","status":"publish","type":"page","link":"https:\/\/blogit.gradia.fi\/digi\/tehtava-2\/","title":{"rendered":"Teht\u00e4v\u00e4 2 Turvallisesti verkossa"},"content":{"rendered":"<p>Opiskele linkit <a href=\"http:\/\/www.internetopas.com\/netiketti\/\" target=\"_blank\" rel=\"noopener noreferrer\">Netiketti 1<\/a>, <a href=\"https:\/\/www.vaestoliitto.fi\/nuoret\/turvallisuus\/media\/nuorten-netiketti\/\" target=\"_blank\" rel=\"noopener noreferrer\">Netiketti 2<\/a>, <a href=\"http:\/\/somenmaailma.blogspot.fi\/2015\/09\/4-verkkoetiketti-eli-netiketti-tutuksi.html\" target=\"_blank\" rel=\"noopener noreferrer\">Netiketti 3<\/a> ja <a href=\"http:\/\/www.mediataitokoulu.fi\/index.php?option=com_content&amp;view=article&amp;id=608:netiketti-sarjakuvat&amp;catid=11:tehtavat&amp;Itemid=388&amp;lang=fi\" target=\"_blank\" rel=\"noopener noreferrer\">Netiketti 4<\/a>.<\/p>\n<p>Kirjaudu\u00a0<em>Gradian<\/em> tunnuksillasi <a href=\"http:\/\/office.gradia.fi\" target=\"_blank\" rel=\"noopener noreferrer\"><em>Officeen<\/em> <\/a>ja mene <em>OneDriven<\/em> opintojaksokansioosi. Tee kaikki teht\u00e4v\u00e4t selaimessa\u00a0 <em>PowerPoint<\/em>-tiedostoon.<\/p>\n<p>Kirjoita otsikoksi <em>Teht\u00e4v\u00e4 2 \u2013 Turvallisesti verkossa<\/em>.<\/p>\n<ol>\n<li>Kirjoita <em>kymmenen<\/em> kohdan lista siit\u00e4, miten toimit internetiss\u00e4 turvallisesti. K\u00e4yt\u00e4 apunasi yl\u00e4puolella olevia <em>Netiketti<\/em>-linkkej\u00e4.<\/li>\n<li>Kirjoita alla oleva viesti sellaiseksi, ett\u00e4 sen voisi l\u00e4hett\u00e4\u00e4 ty\u00f6nantajalle ja ett\u00e4 sill\u00e4 voisi saada kes\u00e4t\u00f6it\u00e4. <em>Mieti, millainen on hyv\u00e4 viesti! <\/em>Voit kirjoittaa itsest\u00e4si tai kuvitteellisesta ihmisest\u00e4.<em>TsaUkk1 mara!!11<\/em><em>tuuxm\u00e4\u00e4 t\u00e4n\u00e4\u00e4 huudeillE sopimaa siit\u00e4 niiku ty\u00f6sopparista ku oonn niinku menos himaa oon hyv\u00e4 j\u00e4b\u00e4 ja tyk\u00e4\u00e4\u00e4n skeittaa ku koulus sanottii et itest\u00e4 pit\u00e4\u00e4 jotai kivaa kertoo nii saa t\u00f6it\u00e4 . voisi sit tulla topin j\u00e4lkeen kes\u00e4ll\u00e4 t\u00f6ihi jos p\u00e4\u00e4st\u00e4\u00e4n palkasta sopimuksiin. \ud83d\ude00<\/em><em>ei tartte viesti\u00e4 laittaa ku en ehi kirjottaa nii voitko soittaa niiss\u00e4 koulun lapuissa pit\u00e4si olla mun numero.<\/em><em>ile &lt;3<br \/>\n<\/em><\/li>\n<li><a href=\"http:\/\/google.fi\" target=\"_blank\" rel=\"noopener noreferrer\">Etsi tietoa<\/a> ja kerro, mit\u00e4 vaihtoehtoja on <a href=\"https:\/\/www.kotus.fi\/ohjeet\/suomen_kielen_lautakunnan_suosituksia\/suositukset\/internet_tai_internet\" target=\"_blank\" rel=\"noopener noreferrer\">internet-ostosten<\/a> maksamiseen. Kerro ik\u00e4si ja vastaa, miten se vaikuttaa maksuvaihtoehtoihin.<\/li>\n<li><a href=\"http:\/\/google.fi\" target=\"_blank\" rel=\"noopener noreferrer\">Etsi tietoa<\/a> ja kerro, mit\u00e4 tarkoittavat ja mit\u00e4 eroa on internet-osoitteilla, joiden alku <em>http:\/\/<\/em> ja <em>https:\/\/<\/em>.<\/li>\n<li>Haastattele kaveriasi, vanhempaasi ja\/tai opettajaasi, joka on ostanut tuotteita internetist\u00e4, tai <a href=\"http:\/\/google.fi\" target=\"_blank\" rel=\"noopener noreferrer\">etsi tietoa<\/a>. Kerro haastateltavasi\u00a0 ja vastaa,\n<ul>\n<li>millaisia kokemuksia verkko-ostamisesta on,<\/li>\n<li>miten ostaminen ja tuotteen saaminen on sujunut,<\/li>\n<li>kuinka paljon h\u00e4n tekee verkko-ostoksia,<\/li>\n<li>tekeek\u00f6 h\u00e4n jatkossakin verkko-ostoksia.<\/li>\n<\/ul>\n<\/li>\n<\/ol>\n<p><strong>Anna loogisesti teht\u00e4v\u00e4n nimeksi <em>BlogiTeht\u00e4v\u00e4 2<\/em>. Siisti <em>OneDrive<\/em>-kansiosi tarpeettomista tiedostoista. Kansiossasi pit\u00e4isi olla nyt kolme tiedostoa sek\u00e4 mahdolliset tuntiteht\u00e4v\u00e4t opettajan kanssa.<br \/>\n<\/strong><\/p>\n","protected":false},"excerpt":{"rendered":"<p>Opiskele linkit Netiketti 1, Netiketti 2, Netiketti 3 ja Netiketti 4. Kirjaudu\u00a0Gradian tunnuksillasi Officeen ja mene OneDriven opintojaksokansioosi. Tee kaikki teht\u00e4v\u00e4t selaimessa\u00a0 PowerPoint-tiedostoon. Kirjoita otsikoksi Teht\u00e4v\u00e4 2 \u2013 Turvallisesti verkossa. Kirjoita kymmenen kohdan lista siit\u00e4, miten toimit internetiss\u00e4 turvallisesti. K\u00e4yt\u00e4 apunasi yl\u00e4puolella olevia Netiketti-linkkej\u00e4. Kirjoita alla oleva viesti sellaiseksi, ett\u00e4 sen voisi l\u00e4hett\u00e4\u00e4 ty\u00f6nantajalle ja &hellip; <a href=\"https:\/\/blogit.gradia.fi\/digi\/tehtava-2\/\" class=\"more-link\">Jatka lukemista <span class=\"screen-reader-text\">Teht\u00e4v\u00e4 2 Turvallisesti verkossa<\/span> <span class=\"meta-nav\">&rarr;<\/span><\/a><\/p>\n","protected":false},"author":395,"featured_media":0,"parent":0,"menu_order":0,"comment_status":"closed","ping_status":"closed","template":"","meta":{"_uag_custom_page_level_css":"","footnotes":""},"class_list":["post-15","page","type-page","status-publish","hentry"],"yoast_head":"<!-- This site is optimized with the Yoast SEO plugin v27.2 - https:\/\/yoast.com\/product\/yoast-seo-wordpress\/ -->\n<title>Teht\u00e4v\u00e4 2 Turvallisesti verkossa - Digi<\/title>\n<meta name=\"robots\" content=\"index, follow, max-snippet:-1, max-image-preview:large, max-video-preview:-1\" \/>\n<link rel=\"canonical\" href=\"https:\/\/blogit.gradia.fi\/digi\/tehtava-2\/\" \/>\n<meta property=\"og:locale\" content=\"fi_FI\" \/>\n<meta property=\"og:type\" content=\"article\" \/>\n<meta property=\"og:title\" content=\"Teht\u00e4v\u00e4 2 Turvallisesti verkossa - Digi\" \/>\n<meta property=\"og:description\" content=\"Opiskele linkit Netiketti 1, Netiketti 2, Netiketti 3 ja Netiketti 4. Kirjaudu\u00a0Gradian tunnuksillasi Officeen ja mene OneDriven opintojaksokansioosi. Tee kaikki teht\u00e4v\u00e4t selaimessa\u00a0 PowerPoint-tiedostoon. Kirjoita otsikoksi Teht\u00e4v\u00e4 2 \u2013 Turvallisesti verkossa. Kirjoita kymmenen kohdan lista siit\u00e4, miten toimit internetiss\u00e4 turvallisesti. K\u00e4yt\u00e4 apunasi yl\u00e4puolella olevia Netiketti-linkkej\u00e4. Kirjoita alla oleva viesti sellaiseksi, ett\u00e4 sen voisi l\u00e4hett\u00e4\u00e4 ty\u00f6nantajalle ja &hellip; Jatka lukemista Teht\u00e4v\u00e4 2 Turvallisesti verkossa &rarr;\" \/>\n<meta property=\"og:url\" content=\"https:\/\/blogit.gradia.fi\/digi\/tehtava-2\/\" \/>\n<meta property=\"og:site_name\" content=\"Digi\" \/>\n<meta property=\"article:modified_time\" content=\"2019-04-12T10:19:05+00:00\" \/>\n<meta name=\"twitter:card\" content=\"summary_large_image\" \/>\n<meta name=\"twitter:label1\" content=\"Arvioitu lukuaika\" \/>\n\t<meta name=\"twitter:data1\" content=\"1 minuutti\" \/>\n<script type=\"application\/ld+json\" class=\"yoast-schema-graph\">{\"@context\":\"https:\/\/schema.org\",\"@graph\":[{\"@type\":\"WebPage\",\"@id\":\"https:\/\/blogit.gradia.fi\/digi\/tehtava-2\/\",\"url\":\"https:\/\/blogit.gradia.fi\/digi\/tehtava-2\/\",\"name\":\"Teht\u00e4v\u00e4 2 Turvallisesti verkossa - Digi\",\"isPartOf\":{\"@id\":\"https:\/\/blogit.gradia.fi\/digi\/#website\"},\"datePublished\":\"2018-06-07T09:29:07+00:00\",\"dateModified\":\"2019-04-12T10:19:05+00:00\",\"inLanguage\":\"fi\",\"potentialAction\":[{\"@type\":\"ReadAction\",\"target\":[\"https:\/\/blogit.gradia.fi\/digi\/tehtava-2\/\"]}]},{\"@type\":\"WebSite\",\"@id\":\"https:\/\/blogit.gradia.fi\/digi\/#website\",\"url\":\"https:\/\/blogit.gradia.fi\/digi\/\",\"name\":\"Digi\",\"description\":\"Toiminta digitaalisessa ymp\u00e4rist\u00f6ss\u00e4 -opintojakso\",\"potentialAction\":[{\"@type\":\"SearchAction\",\"target\":{\"@type\":\"EntryPoint\",\"urlTemplate\":\"https:\/\/blogit.gradia.fi\/digi\/?s={search_term_string}\"},\"query-input\":{\"@type\":\"PropertyValueSpecification\",\"valueRequired\":true,\"valueName\":\"search_term_string\"}}],\"inLanguage\":\"fi\"}]}<\/script>\n<!-- \/ Yoast SEO plugin. -->","yoast_head_json":{"title":"Teht\u00e4v\u00e4 2 Turvallisesti verkossa - Digi","robots":{"index":"index","follow":"follow","max-snippet":"max-snippet:-1","max-image-preview":"max-image-preview:large","max-video-preview":"max-video-preview:-1"},"canonical":"https:\/\/blogit.gradia.fi\/digi\/tehtava-2\/","og_locale":"fi_FI","og_type":"article","og_title":"Teht\u00e4v\u00e4 2 Turvallisesti verkossa - Digi","og_description":"Opiskele linkit Netiketti 1, Netiketti 2, Netiketti 3 ja Netiketti 4. Kirjaudu\u00a0Gradian tunnuksillasi Officeen ja mene OneDriven opintojaksokansioosi. Tee kaikki teht\u00e4v\u00e4t selaimessa\u00a0 PowerPoint-tiedostoon. Kirjoita otsikoksi Teht\u00e4v\u00e4 2 \u2013 Turvallisesti verkossa. Kirjoita kymmenen kohdan lista siit\u00e4, miten toimit internetiss\u00e4 turvallisesti. K\u00e4yt\u00e4 apunasi yl\u00e4puolella olevia Netiketti-linkkej\u00e4. Kirjoita alla oleva viesti sellaiseksi, ett\u00e4 sen voisi l\u00e4hett\u00e4\u00e4 ty\u00f6nantajalle ja &hellip; Jatka lukemista Teht\u00e4v\u00e4 2 Turvallisesti verkossa &rarr;","og_url":"https:\/\/blogit.gradia.fi\/digi\/tehtava-2\/","og_site_name":"Digi","article_modified_time":"2019-04-12T10:19:05+00:00","twitter_card":"summary_large_image","twitter_misc":{"Arvioitu lukuaika":"1 minuutti"},"schema":{"@context":"https:\/\/schema.org","@graph":[{"@type":"WebPage","@id":"https:\/\/blogit.gradia.fi\/digi\/tehtava-2\/","url":"https:\/\/blogit.gradia.fi\/digi\/tehtava-2\/","name":"Teht\u00e4v\u00e4 2 Turvallisesti verkossa - Digi","isPartOf":{"@id":"https:\/\/blogit.gradia.fi\/digi\/#website"},"datePublished":"2018-06-07T09:29:07+00:00","dateModified":"2019-04-12T10:19:05+00:00","inLanguage":"fi","potentialAction":[{"@type":"ReadAction","target":["https:\/\/blogit.gradia.fi\/digi\/tehtava-2\/"]}]},{"@type":"WebSite","@id":"https:\/\/blogit.gradia.fi\/digi\/#website","url":"https:\/\/blogit.gradia.fi\/digi\/","name":"Digi","description":"Toiminta digitaalisessa ymp\u00e4rist\u00f6ss\u00e4 -opintojakso","potentialAction":[{"@type":"SearchAction","target":{"@type":"EntryPoint","urlTemplate":"https:\/\/blogit.gradia.fi\/digi\/?s={search_term_string}"},"query-input":{"@type":"PropertyValueSpecification","valueRequired":true,"valueName":"search_term_string"}}],"inLanguage":"fi"}]}},"uagb_featured_image_src":{"full":false,"thumbnail":false,"medium":false,"medium_large":false,"large":false,"1536x1536":false,"2048x2048":false,"post-thumbnail":false},"uagb_author_info":{"display_name":"Annaleena Kangas","author_link":"https:\/\/blogit.gradia.fi\/digi\/author\/kangaaan\/"},"uagb_comment_info":0,"uagb_excerpt":"Opiskele linkit Netiketti 1, Netiketti 2, Netiketti 3 ja Netiketti 4. Kirjaudu\u00a0Gradian tunnuksillasi Officeen ja mene OneDriven opintojaksokansioosi. Tee kaikki teht\u00e4v\u00e4t selaimessa\u00a0 PowerPoint-tiedostoon. Kirjoita otsikoksi Teht\u00e4v\u00e4 2 \u2013 Turvallisesti verkossa. Kirjoita kymmenen kohdan lista siit\u00e4, miten toimit internetiss\u00e4 turvallisesti. K\u00e4yt\u00e4 apunasi yl\u00e4puolella olevia Netiketti-linkkej\u00e4. Kirjoita alla oleva viesti sellaiseksi, ett\u00e4 sen voisi l\u00e4hett\u00e4\u00e4 ty\u00f6nantajalle ja&hellip;","_links":{"self":[{"href":"https:\/\/blogit.gradia.fi\/digi\/wp-json\/wp\/v2\/pages\/15","targetHints":{"allow":["GET"]}}],"collection":[{"href":"https:\/\/blogit.gradia.fi\/digi\/wp-json\/wp\/v2\/pages"}],"about":[{"href":"https:\/\/blogit.gradia.fi\/digi\/wp-json\/wp\/v2\/types\/page"}],"author":[{"embeddable":true,"href":"https:\/\/blogit.gradia.fi\/digi\/wp-json\/wp\/v2\/users\/395"}],"replies":[{"embeddable":true,"href":"https:\/\/blogit.gradia.fi\/digi\/wp-json\/wp\/v2\/comments?post=15"}],"version-history":[{"count":2,"href":"https:\/\/blogit.gradia.fi\/digi\/wp-json\/wp\/v2\/pages\/15\/revisions"}],"predecessor-version":[{"id":254,"href":"https:\/\/blogit.gradia.fi\/digi\/wp-json\/wp\/v2\/pages\/15\/revisions\/254"}],"wp:attachment":[{"href":"https:\/\/blogit.gradia.fi\/digi\/wp-json\/wp\/v2\/media?parent=15"}],"curies":[{"name":"wp","href":"https:\/\/api.w.org\/{rel}","templated":true}]}}