{"id":91,"date":"2022-09-13T16:11:24","date_gmt":"2022-09-13T13:11:24","guid":{"rendered":"https:\/\/blogit.gradia.fi\/denta\/?page_id=91"},"modified":"2024-02-26T13:17:19","modified_gmt":"2024-02-26T11:17:19","slug":"virtuaalitodellisuuden-mahdollisuudet-opetuksessa-2-op","status":"publish","type":"page","link":"https:\/\/blogit.gradia.fi\/denta\/esimerkkisivu\/virtuaalitodellisuuden-mahdollisuudet-opetuksessa-2-op\/","title":{"rendered":"Virtuaalitodellisuuden mahdollisuudet opetuksessa, 2 op"},"content":{"rendered":"\n<figure class=\"wp-block-image size-full\"><img loading=\"lazy\" decoding=\"async\" width=\"640\" height=\"360\" src=\"https:\/\/blogit.gradia.fi\/denta\/wp-content\/uploads\/sites\/293\/2022\/09\/metaverse-gadd8fdcaa_640.jpg\" alt=\"Kuva virtuaalitodellisuudesta\" class=\"wp-image-95\" srcset=\"https:\/\/blogit.gradia.fi\/denta\/wp-content\/uploads\/sites\/293\/2022\/09\/metaverse-gadd8fdcaa_640.jpg 640w, https:\/\/blogit.gradia.fi\/denta\/wp-content\/uploads\/sites\/293\/2022\/09\/metaverse-gadd8fdcaa_640-300x169.jpg 300w\" sizes=\"auto, (max-width: 640px) 100vw, 640px\" \/><\/figure>\n\n\n\n<p><\/p>\n\n\n\n<p class=\"has-medium-font-size\"><em>Tule tutustumaan virtuaalitodellisuuteen ja sen mahdollisuuksiin opetuksessa!<\/em><\/p>\n\n\n\n<p>Koulutuksessa tutustumme virtuaalitodellisuuden ymp\u00e4rist\u00f6ihin ja tutkimme niiden hy\u00f6dynt\u00e4mist\u00e4 opetuksessa. Pohdimme, miten virtuaalitodellisuus voi tukea oppimista.<\/p>\n\n\n\n<p>Koulutuksessa opit kevyesti muokkaamaan sosiaalisen virtuaalitodellisuuden valmiita ymp\u00e4rist\u00f6j\u00e4 omaan opetukseesi sopivaksi. Osallistujat valitsevat valmiin virtuaalisen oppimisen tilan ja muokkaavat sit\u00e4 omiin tarpeisiinsa sopivaksi. Osion aikana tutustumme ryhm\u00e4n tarpeiden mukaan my\u00f6s AR-teknologioiden mahdollisuuksiin valmiiden sovellusten avulla ja kokeilemme esineiden 3D-skannaamista.<\/p>\n\n\n\n<p>Tavoitteena on, ett\u00e4 osallistujat saavat valmiudet kokeilla opittuja asioita omassa opetuksessaan. Osallistujat raportoivat kokemuksistaan loppuwebinaarissa, joka j\u00e4rjestet\u00e4\u00e4n virtuaalimaailmassa.<\/p>\n\n\n\n<hr class=\"wp-block-separator has-alpha-channel-opacity is-style-dots\" \/>\n\n\n\n<div class=\"wp-block-columns is-layout-flex wp-container-core-columns-is-layout-9d6595d7 wp-block-columns-is-layout-flex\">\n<div class=\"wp-block-column is-layout-flow wp-block-column-is-layout-flow\">\n<h2 class=\"wp-block-heading\"><strong>Kenelle<\/strong><\/h2>\n\n\n\n<p>Haluat tutustua virtuaalimaailmoihin ja tutkia niiden mahdollisuuksia opetusk\u00e4yt\u00f6ss\u00e4.<\/p>\n\n\n\n<h2 class=\"wp-block-heading\"><strong>Ajankohta<\/strong><\/h2>\n\n\n\n<p>Koulutus koostuu 6:sta ty\u00f6pajasta. Koulutuskokonaisuus j\u00e4rjestet\u00e4\u00e4n kev\u00e4\u00e4ll\u00e4 2023.<\/p>\n\n\n\n<p><strong>Kev\u00e4t 2023<\/strong><\/p>\n\n\n\n<ul class=\"wp-block-list\">\n<li>16.3.2023 klo 13.00-16.00<\/li>\n\n\n\n<li>30.3.2023 klo 13.00-16.00<\/li>\n\n\n\n<li>13.4.2023 klo 13.00-16.00<\/li>\n\n\n\n<li>27.4.2023 klo 13.00-16.00<\/li>\n\n\n\n<li>11.5.2023 klo 13.00-16.00<\/li>\n\n\n\n<li>25.5.2023 klo 13.00-16.00<br><\/li>\n<\/ul>\n\n\n\n<h2 class=\"wp-block-heading\"><strong>Tulevat koulutukset<\/strong><\/h2>\n<\/div>\n\n\n\n<div class=\"wp-block-column is-layout-flow wp-block-column-is-layout-flow\">\n<h2 class=\"wp-block-heading\"><strong>Kesto ja toteutus<\/strong><\/h2>\n\n\n\n<p>Koulutus toteutetaan ty\u00f6pajoina ja t\u00e4m\u00e4n vuoksi l\u00e4hitoteutuksina Jyv\u00e4skyl\u00e4ss\u00e4. Ty\u00f6pajoja on kuusi ja ne ovat 3h mittaisia. <\/p>\n\n\n\n<h2 class=\"wp-block-heading\"><strong>Ilmoittautuminen<\/strong><\/h2>\n\n\n\n<p>Voit ilmoittautua mukaan kev\u00e4\u00e4n 2023  pajoihin. <strong>Jokaiseen toteutukseen mahtuu mukaan 3-4 opettajaparia<\/strong>. Paikat t\u00e4ytet\u00e4\u00e4n ilmoittautumisj\u00e4rjestyksess\u00e4 ja t\u00e4m\u00e4n j\u00e4lkeen ilmoittautuneet j\u00e4\u00e4v\u00e4t varasijoille. <\/p>\n\n\n\n<p><strong>Kev\u00e4\u00e4n 2023 pajoihin ilmoittautuminen  on p\u00e4\u00e4ttynyt<\/strong>.<\/p>\n\n\n\n<div class=\"wp-block-buttons is-layout-flex wp-block-buttons-is-layout-flex\">\n<div class=\"wp-block-button\"><a class=\"wp-block-button__link wp-element-button\">Ilmoittaudu koulutukseen<\/a><\/div>\n<\/div>\n<\/div>\n<\/div>\n\n\n\n<h2 class=\"wp-block-heading\"><strong><mark style=\"background-color:var(--base)\" class=\"has-inline-color has-accent-color\">Syksyn 2023 koulutus on peruttu <\/mark><\/strong><\/h2>\n\n\n\n<p>Syksyn 2023 pajap\u00e4iv\u00e4t toteutetaan seuraavasti: (Teemat tarkentuvat l\u00e4hemp\u00e4n\u00e4)<\/p>\n\n\n\n<div class=\"wp-block-columns is-layout-flex wp-container-core-columns-is-layout-9d6595d7 wp-block-columns-is-layout-flex\">\n<div class=\"wp-block-column is-layout-flow wp-block-column-is-layout-flow\">\n<ul class=\"wp-block-list\">\n<li><s>4.10.2023 klo 13.00-16.00<\/s><\/li>\n\n\n\n<li><s>12.10.2023 klo 13.00-16.00<\/s><\/li>\n\n\n\n<li><s>26.10.2023 klo 13.00-16.00<\/s><\/li>\n<\/ul>\n<\/div>\n\n\n\n<div class=\"wp-block-column is-layout-flow wp-block-column-is-layout-flow\">\n<ul class=\"wp-block-list\">\n<li><s>7.11.2023 klo 13.00-16.00<\/s><\/li>\n\n\n\n<li><s>16.11.2023 klo 13.00-16.00<\/s><\/li>\n\n\n\n<li><s>30.11.2023 klo 13.00-16.00<\/s><\/li>\n<\/ul>\n<\/div>\n<\/div>\n\n\n\n<hr class=\"wp-block-separator has-alpha-channel-opacity is-style-dots\" \/>\n\n\n\n<p>Koulutus j\u00e4rjestet\u00e4\u00e4n l\u00e4hiopetuksena Jyv\u00e4skyl\u00e4ss\u00e4. Koulutukseen sis\u00e4ltyy kehitt\u00e4misteht\u00e4v\u00e4. Koulutuskokonaisuuden p\u00e4\u00e4ttyess\u00e4 opettajaparit esittelev\u00e4t kokeilunsa muille osallistujille. Esittelyist\u00e4 tehd\u00e4\u00e4n kooste ja se vied\u00e4\u00e4n AOE.fi-palveluun.<\/p>\n\n\n\n<p>Koulutus on OPH:n rahoittamaa ja maksutonta toisen asteen ja perusasteen opetus- ja ohjaushenkil\u00f6st\u00f6lle.<\/p>\n","protected":false},"excerpt":{"rendered":"<p>Tule tutustumaan virtuaalitodellisuuteen ja sen mahdollisuuksiin opetuksessa! Koulutuksessa tutustumme virtuaalitodellisuuden ymp\u00e4rist\u00f6ihin ja tutkimme niiden hy\u00f6dynt\u00e4mist\u00e4 opetuksessa. Pohdimme, miten virtuaalitodellisuus voi tukea oppimista. Koulutuksessa opit kevyesti muokkaamaan sosiaalisen virtuaalitodellisuuden valmiita ymp\u00e4rist\u00f6j\u00e4 omaan opetukseesi sopivaksi. Osallistujat valitsevat valmiin virtuaalisen oppimisen tilan ja muokkaavat sit\u00e4 omiin tarpeisiinsa sopivaksi. Osion aikana tutustumme ryhm\u00e4n tarpeiden mukaan my\u00f6s AR-teknologioiden mahdollisuuksiin valmiiden &#8230; <a title=\"Virtuaalitodellisuuden mahdollisuudet opetuksessa, 2 op\" class=\"read-more\" href=\"https:\/\/blogit.gradia.fi\/denta\/esimerkkisivu\/virtuaalitodellisuuden-mahdollisuudet-opetuksessa-2-op\/\" aria-label=\"Lue lis\u00e4\u00e4 aiheesta Virtuaalitodellisuuden mahdollisuudet opetuksessa, 2 op\">Lue lis\u00e4\u00e4<\/a><\/p>\n","protected":false},"author":165,"featured_media":0,"parent":2,"menu_order":0,"comment_status":"closed","ping_status":"closed","template":"","meta":{"_uag_custom_page_level_css":"","footnotes":""},"class_list":["post-91","page","type-page","status-publish"],"yoast_head":"<!-- This site is optimized with the Yoast SEO plugin v27.5 - https:\/\/yoast.com\/product\/yoast-seo-wordpress\/ -->\n<title>Virtuaalitodellisuuden mahdollisuudet opetuksessa, 2 op -<\/title>\n<meta name=\"robots\" content=\"index, follow, max-snippet:-1, max-image-preview:large, max-video-preview:-1\" \/>\n<link rel=\"canonical\" href=\"https:\/\/blogit.gradia.fi\/denta\/esimerkkisivu\/virtuaalitodellisuuden-mahdollisuudet-opetuksessa-2-op\/\" \/>\n<meta property=\"og:locale\" content=\"fi_FI\" \/>\n<meta property=\"og:type\" content=\"article\" \/>\n<meta property=\"og:title\" content=\"Virtuaalitodellisuuden mahdollisuudet opetuksessa, 2 op -\" \/>\n<meta property=\"og:description\" content=\"Tule tutustumaan virtuaalitodellisuuteen ja sen mahdollisuuksiin opetuksessa! Koulutuksessa tutustumme virtuaalitodellisuuden ymp\u00e4rist\u00f6ihin ja tutkimme niiden hy\u00f6dynt\u00e4mist\u00e4 opetuksessa. Pohdimme, miten virtuaalitodellisuus voi tukea oppimista. Koulutuksessa opit kevyesti muokkaamaan sosiaalisen virtuaalitodellisuuden valmiita ymp\u00e4rist\u00f6j\u00e4 omaan opetukseesi sopivaksi. Osallistujat valitsevat valmiin virtuaalisen oppimisen tilan ja muokkaavat sit\u00e4 omiin tarpeisiinsa sopivaksi. Osion aikana tutustumme ryhm\u00e4n tarpeiden mukaan my\u00f6s AR-teknologioiden mahdollisuuksiin valmiiden ... Lue lis\u00e4\u00e4\" \/>\n<meta property=\"og:url\" content=\"https:\/\/blogit.gradia.fi\/denta\/esimerkkisivu\/virtuaalitodellisuuden-mahdollisuudet-opetuksessa-2-op\/\" \/>\n<meta property=\"article:modified_time\" content=\"2024-02-26T11:17:19+00:00\" \/>\n<meta property=\"og:image\" content=\"https:\/\/blogit.gradia.fi\/denta\/wp-content\/uploads\/sites\/293\/2022\/09\/metaverse-gadd8fdcaa_640.jpg\" \/>\n<meta name=\"twitter:card\" content=\"summary_large_image\" \/>\n<meta name=\"twitter:label1\" content=\"Arvioitu lukuaika\" \/>\n\t<meta name=\"twitter:data1\" content=\"2 minuuttia\" \/>\n<script type=\"application\/ld+json\" class=\"yoast-schema-graph\">{\"@context\":\"https:\\\/\\\/schema.org\",\"@graph\":[{\"@type\":\"WebPage\",\"@id\":\"https:\\\/\\\/blogit.gradia.fi\\\/denta\\\/esimerkkisivu\\\/virtuaalitodellisuuden-mahdollisuudet-opetuksessa-2-op\\\/\",\"url\":\"https:\\\/\\\/blogit.gradia.fi\\\/denta\\\/esimerkkisivu\\\/virtuaalitodellisuuden-mahdollisuudet-opetuksessa-2-op\\\/\",\"name\":\"Virtuaalitodellisuuden mahdollisuudet opetuksessa, 2 op -\",\"isPartOf\":{\"@id\":\"https:\\\/\\\/blogit.gradia.fi\\\/denta\\\/#website\"},\"primaryImageOfPage\":{\"@id\":\"https:\\\/\\\/blogit.gradia.fi\\\/denta\\\/esimerkkisivu\\\/virtuaalitodellisuuden-mahdollisuudet-opetuksessa-2-op\\\/#primaryimage\"},\"image\":{\"@id\":\"https:\\\/\\\/blogit.gradia.fi\\\/denta\\\/esimerkkisivu\\\/virtuaalitodellisuuden-mahdollisuudet-opetuksessa-2-op\\\/#primaryimage\"},\"thumbnailUrl\":\"https:\\\/\\\/blogit.gradia.fi\\\/denta\\\/wp-content\\\/uploads\\\/sites\\\/293\\\/2022\\\/09\\\/metaverse-gadd8fdcaa_640.jpg\",\"datePublished\":\"2022-09-13T13:11:24+00:00\",\"dateModified\":\"2024-02-26T11:17:19+00:00\",\"breadcrumb\":{\"@id\":\"https:\\\/\\\/blogit.gradia.fi\\\/denta\\\/esimerkkisivu\\\/virtuaalitodellisuuden-mahdollisuudet-opetuksessa-2-op\\\/#breadcrumb\"},\"inLanguage\":\"fi\",\"potentialAction\":[{\"@type\":\"ReadAction\",\"target\":[\"https:\\\/\\\/blogit.gradia.fi\\\/denta\\\/esimerkkisivu\\\/virtuaalitodellisuuden-mahdollisuudet-opetuksessa-2-op\\\/\"]}]},{\"@type\":\"ImageObject\",\"inLanguage\":\"fi\",\"@id\":\"https:\\\/\\\/blogit.gradia.fi\\\/denta\\\/esimerkkisivu\\\/virtuaalitodellisuuden-mahdollisuudet-opetuksessa-2-op\\\/#primaryimage\",\"url\":\"https:\\\/\\\/blogit.gradia.fi\\\/denta\\\/wp-content\\\/uploads\\\/sites\\\/293\\\/2022\\\/09\\\/metaverse-gadd8fdcaa_640.jpg\",\"contentUrl\":\"https:\\\/\\\/blogit.gradia.fi\\\/denta\\\/wp-content\\\/uploads\\\/sites\\\/293\\\/2022\\\/09\\\/metaverse-gadd8fdcaa_640.jpg\",\"width\":640,\"height\":360},{\"@type\":\"BreadcrumbList\",\"@id\":\"https:\\\/\\\/blogit.gradia.fi\\\/denta\\\/esimerkkisivu\\\/virtuaalitodellisuuden-mahdollisuudet-opetuksessa-2-op\\\/#breadcrumb\",\"itemListElement\":[{\"@type\":\"ListItem\",\"position\":1,\"name\":\"Etusivu\",\"item\":\"https:\\\/\\\/blogit.gradia.fi\\\/denta\\\/\"},{\"@type\":\"ListItem\",\"position\":2,\"name\":\"DenTa &#8211; Digisti enemm\u00e4n toisella asteella\",\"item\":\"https:\\\/\\\/blogit.gradia.fi\\\/denta\\\/\"},{\"@type\":\"ListItem\",\"position\":3,\"name\":\"Virtuaalitodellisuuden mahdollisuudet opetuksessa, 2 op\"}]},{\"@type\":\"WebSite\",\"@id\":\"https:\\\/\\\/blogit.gradia.fi\\\/denta\\\/#website\",\"url\":\"https:\\\/\\\/blogit.gradia.fi\\\/denta\\\/\",\"name\":\"\",\"description\":\"\",\"potentialAction\":[{\"@type\":\"SearchAction\",\"target\":{\"@type\":\"EntryPoint\",\"urlTemplate\":\"https:\\\/\\\/blogit.gradia.fi\\\/denta\\\/?s={search_term_string}\"},\"query-input\":{\"@type\":\"PropertyValueSpecification\",\"valueRequired\":true,\"valueName\":\"search_term_string\"}}],\"inLanguage\":\"fi\"}]}<\/script>\n<!-- \/ Yoast SEO plugin. -->","yoast_head_json":{"title":"Virtuaalitodellisuuden mahdollisuudet opetuksessa, 2 op -","robots":{"index":"index","follow":"follow","max-snippet":"max-snippet:-1","max-image-preview":"max-image-preview:large","max-video-preview":"max-video-preview:-1"},"canonical":"https:\/\/blogit.gradia.fi\/denta\/esimerkkisivu\/virtuaalitodellisuuden-mahdollisuudet-opetuksessa-2-op\/","og_locale":"fi_FI","og_type":"article","og_title":"Virtuaalitodellisuuden mahdollisuudet opetuksessa, 2 op -","og_description":"Tule tutustumaan virtuaalitodellisuuteen ja sen mahdollisuuksiin opetuksessa! Koulutuksessa tutustumme virtuaalitodellisuuden ymp\u00e4rist\u00f6ihin ja tutkimme niiden hy\u00f6dynt\u00e4mist\u00e4 opetuksessa. Pohdimme, miten virtuaalitodellisuus voi tukea oppimista. Koulutuksessa opit kevyesti muokkaamaan sosiaalisen virtuaalitodellisuuden valmiita ymp\u00e4rist\u00f6j\u00e4 omaan opetukseesi sopivaksi. Osallistujat valitsevat valmiin virtuaalisen oppimisen tilan ja muokkaavat sit\u00e4 omiin tarpeisiinsa sopivaksi. Osion aikana tutustumme ryhm\u00e4n tarpeiden mukaan my\u00f6s AR-teknologioiden mahdollisuuksiin valmiiden ... Lue lis\u00e4\u00e4","og_url":"https:\/\/blogit.gradia.fi\/denta\/esimerkkisivu\/virtuaalitodellisuuden-mahdollisuudet-opetuksessa-2-op\/","article_modified_time":"2024-02-26T11:17:19+00:00","og_image":[{"url":"https:\/\/blogit.gradia.fi\/denta\/wp-content\/uploads\/sites\/293\/2022\/09\/metaverse-gadd8fdcaa_640.jpg","type":"","width":"","height":""}],"twitter_card":"summary_large_image","twitter_misc":{"Arvioitu lukuaika":"2 minuuttia"},"schema":{"@context":"https:\/\/schema.org","@graph":[{"@type":"WebPage","@id":"https:\/\/blogit.gradia.fi\/denta\/esimerkkisivu\/virtuaalitodellisuuden-mahdollisuudet-opetuksessa-2-op\/","url":"https:\/\/blogit.gradia.fi\/denta\/esimerkkisivu\/virtuaalitodellisuuden-mahdollisuudet-opetuksessa-2-op\/","name":"Virtuaalitodellisuuden mahdollisuudet opetuksessa, 2 op -","isPartOf":{"@id":"https:\/\/blogit.gradia.fi\/denta\/#website"},"primaryImageOfPage":{"@id":"https:\/\/blogit.gradia.fi\/denta\/esimerkkisivu\/virtuaalitodellisuuden-mahdollisuudet-opetuksessa-2-op\/#primaryimage"},"image":{"@id":"https:\/\/blogit.gradia.fi\/denta\/esimerkkisivu\/virtuaalitodellisuuden-mahdollisuudet-opetuksessa-2-op\/#primaryimage"},"thumbnailUrl":"https:\/\/blogit.gradia.fi\/denta\/wp-content\/uploads\/sites\/293\/2022\/09\/metaverse-gadd8fdcaa_640.jpg","datePublished":"2022-09-13T13:11:24+00:00","dateModified":"2024-02-26T11:17:19+00:00","breadcrumb":{"@id":"https:\/\/blogit.gradia.fi\/denta\/esimerkkisivu\/virtuaalitodellisuuden-mahdollisuudet-opetuksessa-2-op\/#breadcrumb"},"inLanguage":"fi","potentialAction":[{"@type":"ReadAction","target":["https:\/\/blogit.gradia.fi\/denta\/esimerkkisivu\/virtuaalitodellisuuden-mahdollisuudet-opetuksessa-2-op\/"]}]},{"@type":"ImageObject","inLanguage":"fi","@id":"https:\/\/blogit.gradia.fi\/denta\/esimerkkisivu\/virtuaalitodellisuuden-mahdollisuudet-opetuksessa-2-op\/#primaryimage","url":"https:\/\/blogit.gradia.fi\/denta\/wp-content\/uploads\/sites\/293\/2022\/09\/metaverse-gadd8fdcaa_640.jpg","contentUrl":"https:\/\/blogit.gradia.fi\/denta\/wp-content\/uploads\/sites\/293\/2022\/09\/metaverse-gadd8fdcaa_640.jpg","width":640,"height":360},{"@type":"BreadcrumbList","@id":"https:\/\/blogit.gradia.fi\/denta\/esimerkkisivu\/virtuaalitodellisuuden-mahdollisuudet-opetuksessa-2-op\/#breadcrumb","itemListElement":[{"@type":"ListItem","position":1,"name":"Etusivu","item":"https:\/\/blogit.gradia.fi\/denta\/"},{"@type":"ListItem","position":2,"name":"DenTa &#8211; Digisti enemm\u00e4n toisella asteella","item":"https:\/\/blogit.gradia.fi\/denta\/"},{"@type":"ListItem","position":3,"name":"Virtuaalitodellisuuden mahdollisuudet opetuksessa, 2 op"}]},{"@type":"WebSite","@id":"https:\/\/blogit.gradia.fi\/denta\/#website","url":"https:\/\/blogit.gradia.fi\/denta\/","name":"","description":"","potentialAction":[{"@type":"SearchAction","target":{"@type":"EntryPoint","urlTemplate":"https:\/\/blogit.gradia.fi\/denta\/?s={search_term_string}"},"query-input":{"@type":"PropertyValueSpecification","valueRequired":true,"valueName":"search_term_string"}}],"inLanguage":"fi"}]}},"uagb_featured_image_src":{"full":false,"thumbnail":false,"medium":false,"medium_large":false,"large":false,"1536x1536":false,"2048x2048":false},"uagb_author_info":{"display_name":"Heini Pennanen","author_link":"https:\/\/blogit.gradia.fi\/denta\/author\/pennahei\/"},"uagb_comment_info":0,"uagb_excerpt":"Tule tutustumaan virtuaalitodellisuuteen ja sen mahdollisuuksiin opetuksessa! Koulutuksessa tutustumme virtuaalitodellisuuden ymp\u00e4rist\u00f6ihin ja tutkimme niiden hy\u00f6dynt\u00e4mist\u00e4 opetuksessa. Pohdimme, miten virtuaalitodellisuus voi tukea oppimista. Koulutuksessa opit kevyesti muokkaamaan sosiaalisen virtuaalitodellisuuden valmiita ymp\u00e4rist\u00f6j\u00e4 omaan opetukseesi sopivaksi. Osallistujat valitsevat valmiin virtuaalisen oppimisen tilan ja muokkaavat sit\u00e4 omiin tarpeisiinsa sopivaksi. Osion aikana tutustumme ryhm\u00e4n tarpeiden mukaan my\u00f6s AR-teknologioiden mahdollisuuksiin valmiiden&hellip;","_links":{"self":[{"href":"https:\/\/blogit.gradia.fi\/denta\/wp-json\/wp\/v2\/pages\/91","targetHints":{"allow":["GET"]}}],"collection":[{"href":"https:\/\/blogit.gradia.fi\/denta\/wp-json\/wp\/v2\/pages"}],"about":[{"href":"https:\/\/blogit.gradia.fi\/denta\/wp-json\/wp\/v2\/types\/page"}],"author":[{"embeddable":true,"href":"https:\/\/blogit.gradia.fi\/denta\/wp-json\/wp\/v2\/users\/165"}],"replies":[{"embeddable":true,"href":"https:\/\/blogit.gradia.fi\/denta\/wp-json\/wp\/v2\/comments?post=91"}],"version-history":[{"count":11,"href":"https:\/\/blogit.gradia.fi\/denta\/wp-json\/wp\/v2\/pages\/91\/revisions"}],"predecessor-version":[{"id":208,"href":"https:\/\/blogit.gradia.fi\/denta\/wp-json\/wp\/v2\/pages\/91\/revisions\/208"}],"up":[{"embeddable":true,"href":"https:\/\/blogit.gradia.fi\/denta\/wp-json\/wp\/v2\/pages\/2"}],"wp:attachment":[{"href":"https:\/\/blogit.gradia.fi\/denta\/wp-json\/wp\/v2\/media?parent=91"}],"curies":[{"name":"wp","href":"https:\/\/api.w.org\/{rel}","templated":true}]}}