{"id":33,"date":"2022-08-24T13:00:14","date_gmt":"2022-08-24T10:00:14","guid":{"rendered":"https:\/\/blogit.gradia.fi\/denta\/?page_id=33"},"modified":"2024-02-26T13:18:36","modified_gmt":"2024-02-26T11:18:36","slug":"verkko-opintojakso-moodleen","status":"publish","type":"page","link":"https:\/\/blogit.gradia.fi\/denta\/esimerkkisivu\/verkko-opintojakso-moodleen\/","title":{"rendered":"Verkko-opintojakso Moodleen, 3 op"},"content":{"rendered":"\n<figure class=\"wp-block-image size-large is-resized\"><img loading=\"lazy\" decoding=\"async\" width=\"1024\" height=\"576\" src=\"https:\/\/blogit.gradia.fi\/denta\/wp-content\/uploads\/sites\/293\/2022\/08\/online-learning-1024x576.png\" alt=\"Koristeellinen kuva\" class=\"wp-image-37\" style=\"width:428px;height:240px\" srcset=\"https:\/\/blogit.gradia.fi\/denta\/wp-content\/uploads\/sites\/293\/2022\/08\/online-learning-1024x576.png 1024w, https:\/\/blogit.gradia.fi\/denta\/wp-content\/uploads\/sites\/293\/2022\/08\/online-learning-300x169.png 300w, https:\/\/blogit.gradia.fi\/denta\/wp-content\/uploads\/sites\/293\/2022\/08\/online-learning-768x432.png 768w, https:\/\/blogit.gradia.fi\/denta\/wp-content\/uploads\/sites\/293\/2022\/08\/online-learning-1536x864.png 1536w, https:\/\/blogit.gradia.fi\/denta\/wp-content\/uploads\/sites\/293\/2022\/08\/online-learning.png 1920w\" sizes=\"auto, (max-width: 1024px) 100vw, 1024px\" \/><\/figure>\n\n\n\n<p class=\"has-medium-font-size\"><em>Oletko suunnittelemassa verkkokurssin rakentamista Moodle-ymp\u00e4rist\u00f6\u00f6n?<br>Kaipaako verkkokurssisi laajempaa p\u00e4ivityst\u00e4, kuten uuden tyyppisi\u00e4 sis\u00e4lt\u00f6j\u00e4, ja haluat niiden luomiseksi tukea ja vinkkej\u00e4?<br>Haluatko muokata verkkokurssisi rakennetta, viilata ohjausta tai kenties arviointia?<\/em><br><\/p>\n\n\n\n<p style=\"font-size:18px\">Jos vastasit johonkin n\u00e4ist\u00e4 kyll\u00e4, niin ilmoittaudu mukaan <strong>Verkko-opintojakso Moodleen<\/strong> -ty\u00f6pajoihin!<\/p>\n\n\n\n<p style=\"font-size:18px\">T\u00e4ss\u00e4 koulutuksessa k\u00e4ymme l\u00e4pi vaiheittain verkko-opintojakson rakentamisen Moodle-ymp\u00e4rist\u00f6\u00f6n. Koulutus koostuu kymmenest\u00e4 eri teemaan keskittyv\u00e4st\u00e4 ty\u00f6pajasta. Olitpa noviisi tai jo hieman kokeneempi niin autamme jokaista osallistujaa h\u00e4nen tarpeistaan l\u00e4htien. <\/p>\n\n\n\n<p style=\"font-size:18px\">Perehdyt\u00e4mme sinut verkko-opintojakson k\u00e4sikirjoittamiseen, erilaisiin teht\u00e4viin ja aineistoihin Moodlessa, vuorovaikutuksen luomiseen verkkokurssilla, saavutettavuuteen sek\u00e4 arvioinnin eri tapoihin Moodlessa. <\/p>\n\n\n\n<p style=\"font-size:18px\">Suosittelemme osallistumaan koulutukseen pareittain. Koulutuksen aikana jokainen osallistuja\/osallistujapari toteuttaa oman opetuksensa osaksi laadukkaan verkkokurssin. <\/p>\n\n\n\n<hr class=\"wp-block-separator has-alpha-channel-opacity is-style-dots\" \/>\n\n\n\n<div class=\"wp-block-columns is-layout-flex wp-container-core-columns-is-layout-9d6595d7 wp-block-columns-is-layout-flex\">\n<div class=\"wp-block-column is-layout-flow wp-block-column-is-layout-flow\">\n<h2 class=\"wp-block-heading\"><strong>Kenelle<\/strong><\/h2>\n\n\n\n<p>Haluat toteuttaa verkkokurssin ja toivot siihen tukea ja vinkkej\u00e4.<br>Vanha verkkokurssisi kaipaa p\u00e4ivityst\u00e4 rakenteeseen, teht\u00e4viin, materiaaleihin ja pohdit sen saavutettavuutta.<\/p>\n\n\n\n<h2 class=\"wp-block-heading\"><strong>Ajankohta<\/strong><\/h2>\n\n\n\n<p>Koulutus koostuu kymmenest\u00e4 ty\u00f6pajasta. Koulutuskokonaisuus j\u00e4rjestet\u00e4\u00e4n syksyll\u00e4 2022,  kev\u00e4\u00e4ll\u00e4 2023 sek\u00e4 syksyll\u00e4 2023.<\/p>\n\n\n\n<p><strong>Syksy 2023<\/strong><\/p>\n\n\n\n<ul class=\"wp-block-list\">\n<li>31.8.2023 klo 13.00-16.00 Verkkopedagogiikkaa p\u00e4hkin\u00e4n kuoressa<\/li>\n\n\n\n<li>6.9.2023 klo 13.00-16.00 Verkkokurssin k\u00e4sikirjoittaminen<\/li>\n\n\n\n<li>19.9.2023 klo 13.00-16.00 Aineistoja Moodleen<\/li>\n\n\n\n<li>26.9.2023 13.00-16.00 Teht\u00e4v\u00e4t verkko-opintojaksolla<\/li>\n\n\n\n<li>10.10.2023 13.00-16.00 Saavutettavuus opetusmateriaaleissa<\/li>\n\n\n\n<li>25.10.2023 klo 13.00-16.00 Videoita opintojaksolle<\/li>\n\n\n\n<li>8.11.2023 klo 13.00-16.00 Vuorovaikutus verkko-opintojaksolla<\/li>\n\n\n\n<li>14.11.2023 klo 13.00-16.00 Palaute, arviointi ja analytiikka Moodlessa<\/li>\n\n\n\n<li>23.11.2023 klo 13.00-16.00 vaihtoehtoisia materiaaleja<\/li>\n\n\n\n<li>13.12.2023 klo 13.00-16.00 P\u00e4\u00e4t\u00f6s: Toteutusten esittely<\/li>\n<\/ul>\n<\/div>\n\n\n\n<div class=\"wp-block-column is-layout-flow wp-block-column-is-layout-flow\">\n<h2 class=\"wp-block-heading\"><strong>Kesto ja toteutus<\/strong><\/h2>\n\n\n\n<p>Koulutus toteutetaan ty\u00f6pajoina ja t\u00e4m\u00e4n vuoksi l\u00e4hitoteutuksina Jyv\u00e4skyl\u00e4ss\u00e4. Ty\u00f6pajoja on kymmenen ja ne ovat 3h mittaisia. Pyrimme tarvittaessa tarjoamaan et\u00e4osallistumista niille kerroille, kun se on mahdollista. Kysy lis\u00e4\u00e4 j\u00e4rjest\u00e4jilt\u00e4.<\/p>\n\n\n\n<h2 class=\"wp-block-heading\"><strong>Ilmoittautuminen<\/strong><\/h2>\n\n\n\n<p>Voit ilmoittautua mukaan syksyn 2023 pajoihin. <strong>Jokaiseen toteutukseen mahtuu mukaan 7-8 opettajaparia<\/strong>. Paikat t\u00e4ytet\u00e4\u00e4n ilmoittautumisj\u00e4rjestyksess\u00e4 ja ilmoittautuneet j\u00e4\u00e4v\u00e4t varasijoille. <\/p>\n\n\n\n<p><strong>Syksyn 2023 pajoihin ilmoittautuminen p\u00e4\u00e4ttyy 18.8.2023<\/strong><\/p>\n\n\n\n<div class=\"wp-block-buttons is-layout-flex wp-block-buttons-is-layout-flex\">\n<div class=\"wp-block-button\"><a class=\"wp-block-button__link wp-element-button\" href=\"https:\/\/forms.office.com\/Pages\/ResponsePage.aspx?id=gUEUTmgvH0Cqhp7J5ADms3Qq4BhWbtlJm_cMs6GK2f1UN0ZKSVZUVU1HRVBPSzJVOTBWWDVJSUI1SC4u\" target=\"_blank\" rel=\"noreferrer noopener\">Ilmoittaudu koulutukseen<\/a><\/div>\n<\/div>\n<\/div>\n<\/div>\n\n\n\n<h2 class=\"wp-block-heading\"><\/h2>\n\n\n\n<p><\/p>\n\n\n\n<div class=\"wp-block-columns is-layout-flex wp-container-core-columns-is-layout-9d6595d7 wp-block-columns-is-layout-flex\"><\/div>\n\n\n\n<hr class=\"wp-block-separator has-alpha-channel-opacity is-style-dots\" \/>\n\n\n\n<p>Koulutus j\u00e4rjestet\u00e4\u00e4n l\u00e4hiopetuksena Jyv\u00e4skyl\u00e4ss\u00e4. Koulutukseen sis\u00e4ltyy kehitt\u00e4misteht\u00e4v\u00e4, joka t\u00e4ss\u00e4 tapauksessa on valmis verkkokurssi s\u00e4hk\u00f6iseen oppimisymp\u00e4rist\u00f6\u00f6n. Koulutuskokonaisuuden p\u00e4\u00e4ttyess\u00e4 opettajaparit esittelev\u00e4t toteutuksensa muille osallistujille. Esittelyist\u00e4 tehd\u00e4\u00e4n koosteet ja ne vied\u00e4\u00e4n AOE.fi-palveluun.<\/p>\n\n\n\n<p>Koulutus on OPH:n rahoittamaa ja maksutonta toisen asteen ja perusasteen opetus- ja ohjaushenkil\u00f6st\u00f6lle. <\/p>\n\n\n\n<hr class=\"wp-block-separator has-alpha-channel-opacity\" \/>\n\n\n\n<h2 class=\"wp-block-heading\"><strong>Menneet koulutukset<\/strong><\/h2>\n\n\n\n<ul class=\"wp-block-list\">\n<li>7.9.2022 Verkkopedagogiikkaa p\u00e4hkin\u00e4n kuoressa<\/li>\n\n\n\n<li>15.9.2022 Verkkokurssin k\u00e4sikirjoittaminen<\/li>\n\n\n\n<li>29.9.2022 Aineistoja Moodleen<\/li>\n\n\n\n<li>13.10.2022 Teht\u00e4v\u00e4t verkko-opintojaksolla<\/li>\n\n\n\n<li>3.11.2022 Videoita opintojaksolle<\/li>\n\n\n\n<li>16.11.2022 Saavutettavuus opetusmateriaaleissa<\/li>\n\n\n\n<li>24.11.2022 Vuorovaikutus verkko-opintojaksolla<\/li>\n\n\n\n<li>8.12.2022 Palaute ja arviointi sek\u00e4 analytiikka Moodlessa<\/li>\n\n\n\n<li>12.1.2023 vaihtoehtoisia materiaaleja<\/li>\n\n\n\n<li>26.1.2023 P\u00e4\u00e4t\u00f6s: Toteutusten esittely<\/li>\n<\/ul>\n\n\n\n<h3 class=\"wp-block-heading\"><strong>Kev\u00e4t 2023<\/strong><\/h3>\n\n\n\n<ul class=\"wp-block-list\">\n<li>17.1.2023 Verkkopedagogiikkaa p\u00e4hkin\u00e4n kuoressa<\/li>\n\n\n\n<li>24.1.2023 Verkkokurssin k\u00e4sikirjoittaminen<\/li>\n\n\n\n<li>2.2.2023 Aineistoja Moodleen<\/li>\n\n\n\n<li>14.2.2023 Teht\u00e4v\u00e4t verkko-opintojaksolla<\/li>\n\n\n\n<li>8.3.2023 Saavutettavuus opetusmateriaaleissa<\/li>\n\n\n\n<li>23.3.2023 Videoita opintojaksolle<\/li>\n\n\n\n<li>28.3.2023 Vuorovaikutus verkko-opintojaksolla<\/li>\n\n\n\n<li>13.4.2023 Palaute ja arviointi sek\u00e4 analytiikka Moodlessa<\/li>\n\n\n\n<li>2.5.2023 vaihtoehtoisia materiaaleja<\/li>\n\n\n\n<li>11.5.2023 P\u00e4\u00e4t\u00f6s: Toteutusten esittely<\/li>\n<\/ul>\n","protected":false},"excerpt":{"rendered":"<p>Oletko suunnittelemassa verkkokurssin rakentamista Moodle-ymp\u00e4rist\u00f6\u00f6n?Kaipaako verkkokurssisi laajempaa p\u00e4ivityst\u00e4, kuten uuden tyyppisi\u00e4 sis\u00e4lt\u00f6j\u00e4, ja haluat niiden luomiseksi tukea ja vinkkej\u00e4?Haluatko muokata verkkokurssisi rakennetta, viilata ohjausta tai kenties arviointia? Jos vastasit johonkin n\u00e4ist\u00e4 kyll\u00e4, niin ilmoittaudu mukaan Verkko-opintojakso Moodleen -ty\u00f6pajoihin! T\u00e4ss\u00e4 koulutuksessa k\u00e4ymme l\u00e4pi vaiheittain verkko-opintojakson rakentamisen Moodle-ymp\u00e4rist\u00f6\u00f6n. Koulutus koostuu kymmenest\u00e4 eri teemaan keskittyv\u00e4st\u00e4 ty\u00f6pajasta. Olitpa noviisi &#8230; <a title=\"Verkko-opintojakso Moodleen, 3 op\" class=\"read-more\" href=\"https:\/\/blogit.gradia.fi\/denta\/esimerkkisivu\/verkko-opintojakso-moodleen\/\" aria-label=\"Lue lis\u00e4\u00e4 aiheesta Verkko-opintojakso Moodleen, 3 op\">Lue lis\u00e4\u00e4<\/a><\/p>\n","protected":false},"author":165,"featured_media":0,"parent":2,"menu_order":-1,"comment_status":"closed","ping_status":"closed","template":"","meta":{"_uag_custom_page_level_css":"","footnotes":""},"class_list":["post-33","page","type-page","status-publish"],"yoast_head":"<!-- This site is optimized with the Yoast SEO plugin v27.5 - https:\/\/yoast.com\/product\/yoast-seo-wordpress\/ -->\n<title>Verkko-opintojakso Moodleen, 3 op -<\/title>\n<meta name=\"robots\" content=\"index, follow, max-snippet:-1, max-image-preview:large, max-video-preview:-1\" \/>\n<link rel=\"canonical\" href=\"https:\/\/blogit.gradia.fi\/denta\/esimerkkisivu\/verkko-opintojakso-moodleen\/\" \/>\n<meta property=\"og:locale\" content=\"fi_FI\" \/>\n<meta property=\"og:type\" content=\"article\" \/>\n<meta property=\"og:title\" content=\"Verkko-opintojakso Moodleen, 3 op -\" \/>\n<meta property=\"og:description\" content=\"Oletko suunnittelemassa verkkokurssin rakentamista Moodle-ymp\u00e4rist\u00f6\u00f6n?Kaipaako verkkokurssisi laajempaa p\u00e4ivityst\u00e4, kuten uuden tyyppisi\u00e4 sis\u00e4lt\u00f6j\u00e4, ja haluat niiden luomiseksi tukea ja vinkkej\u00e4?Haluatko muokata verkkokurssisi rakennetta, viilata ohjausta tai kenties arviointia? Jos vastasit johonkin n\u00e4ist\u00e4 kyll\u00e4, niin ilmoittaudu mukaan Verkko-opintojakso Moodleen -ty\u00f6pajoihin! T\u00e4ss\u00e4 koulutuksessa k\u00e4ymme l\u00e4pi vaiheittain verkko-opintojakson rakentamisen Moodle-ymp\u00e4rist\u00f6\u00f6n. Koulutus koostuu kymmenest\u00e4 eri teemaan keskittyv\u00e4st\u00e4 ty\u00f6pajasta. Olitpa noviisi ... Lue lis\u00e4\u00e4\" \/>\n<meta property=\"og:url\" content=\"https:\/\/blogit.gradia.fi\/denta\/esimerkkisivu\/verkko-opintojakso-moodleen\/\" \/>\n<meta property=\"article:modified_time\" content=\"2024-02-26T11:18:36+00:00\" \/>\n<meta property=\"og:image\" content=\"https:\/\/blogit.gradia.fi\/denta\/wp-content\/uploads\/sites\/293\/2022\/08\/online-learning-1024x576.png\" \/>\n<meta name=\"twitter:card\" content=\"summary_large_image\" \/>\n<meta name=\"twitter:label1\" content=\"Arvioitu lukuaika\" \/>\n\t<meta name=\"twitter:data1\" content=\"3 minuuttia\" \/>\n<script type=\"application\/ld+json\" class=\"yoast-schema-graph\">{\"@context\":\"https:\\\/\\\/schema.org\",\"@graph\":[{\"@type\":\"WebPage\",\"@id\":\"https:\\\/\\\/blogit.gradia.fi\\\/denta\\\/esimerkkisivu\\\/verkko-opintojakso-moodleen\\\/\",\"url\":\"https:\\\/\\\/blogit.gradia.fi\\\/denta\\\/esimerkkisivu\\\/verkko-opintojakso-moodleen\\\/\",\"name\":\"Verkko-opintojakso Moodleen, 3 op -\",\"isPartOf\":{\"@id\":\"https:\\\/\\\/blogit.gradia.fi\\\/denta\\\/#website\"},\"primaryImageOfPage\":{\"@id\":\"https:\\\/\\\/blogit.gradia.fi\\\/denta\\\/esimerkkisivu\\\/verkko-opintojakso-moodleen\\\/#primaryimage\"},\"image\":{\"@id\":\"https:\\\/\\\/blogit.gradia.fi\\\/denta\\\/esimerkkisivu\\\/verkko-opintojakso-moodleen\\\/#primaryimage\"},\"thumbnailUrl\":\"https:\\\/\\\/blogit.gradia.fi\\\/denta\\\/wp-content\\\/uploads\\\/sites\\\/293\\\/2022\\\/08\\\/online-learning-1024x576.png\",\"datePublished\":\"2022-08-24T10:00:14+00:00\",\"dateModified\":\"2024-02-26T11:18:36+00:00\",\"breadcrumb\":{\"@id\":\"https:\\\/\\\/blogit.gradia.fi\\\/denta\\\/esimerkkisivu\\\/verkko-opintojakso-moodleen\\\/#breadcrumb\"},\"inLanguage\":\"fi\",\"potentialAction\":[{\"@type\":\"ReadAction\",\"target\":[\"https:\\\/\\\/blogit.gradia.fi\\\/denta\\\/esimerkkisivu\\\/verkko-opintojakso-moodleen\\\/\"]}]},{\"@type\":\"ImageObject\",\"inLanguage\":\"fi\",\"@id\":\"https:\\\/\\\/blogit.gradia.fi\\\/denta\\\/esimerkkisivu\\\/verkko-opintojakso-moodleen\\\/#primaryimage\",\"url\":\"https:\\\/\\\/blogit.gradia.fi\\\/denta\\\/wp-content\\\/uploads\\\/sites\\\/293\\\/2022\\\/08\\\/online-learning.png\",\"contentUrl\":\"https:\\\/\\\/blogit.gradia.fi\\\/denta\\\/wp-content\\\/uploads\\\/sites\\\/293\\\/2022\\\/08\\\/online-learning.png\",\"width\":1920,\"height\":1080},{\"@type\":\"BreadcrumbList\",\"@id\":\"https:\\\/\\\/blogit.gradia.fi\\\/denta\\\/esimerkkisivu\\\/verkko-opintojakso-moodleen\\\/#breadcrumb\",\"itemListElement\":[{\"@type\":\"ListItem\",\"position\":1,\"name\":\"Etusivu\",\"item\":\"https:\\\/\\\/blogit.gradia.fi\\\/denta\\\/\"},{\"@type\":\"ListItem\",\"position\":2,\"name\":\"DenTa &#8211; Digisti enemm\u00e4n toisella asteella\",\"item\":\"https:\\\/\\\/blogit.gradia.fi\\\/denta\\\/\"},{\"@type\":\"ListItem\",\"position\":3,\"name\":\"Verkko-opintojakso Moodleen, 3 op\"}]},{\"@type\":\"WebSite\",\"@id\":\"https:\\\/\\\/blogit.gradia.fi\\\/denta\\\/#website\",\"url\":\"https:\\\/\\\/blogit.gradia.fi\\\/denta\\\/\",\"name\":\"\",\"description\":\"\",\"potentialAction\":[{\"@type\":\"SearchAction\",\"target\":{\"@type\":\"EntryPoint\",\"urlTemplate\":\"https:\\\/\\\/blogit.gradia.fi\\\/denta\\\/?s={search_term_string}\"},\"query-input\":{\"@type\":\"PropertyValueSpecification\",\"valueRequired\":true,\"valueName\":\"search_term_string\"}}],\"inLanguage\":\"fi\"}]}<\/script>\n<!-- \/ Yoast SEO plugin. -->","yoast_head_json":{"title":"Verkko-opintojakso Moodleen, 3 op -","robots":{"index":"index","follow":"follow","max-snippet":"max-snippet:-1","max-image-preview":"max-image-preview:large","max-video-preview":"max-video-preview:-1"},"canonical":"https:\/\/blogit.gradia.fi\/denta\/esimerkkisivu\/verkko-opintojakso-moodleen\/","og_locale":"fi_FI","og_type":"article","og_title":"Verkko-opintojakso Moodleen, 3 op -","og_description":"Oletko suunnittelemassa verkkokurssin rakentamista Moodle-ymp\u00e4rist\u00f6\u00f6n?Kaipaako verkkokurssisi laajempaa p\u00e4ivityst\u00e4, kuten uuden tyyppisi\u00e4 sis\u00e4lt\u00f6j\u00e4, ja haluat niiden luomiseksi tukea ja vinkkej\u00e4?Haluatko muokata verkkokurssisi rakennetta, viilata ohjausta tai kenties arviointia? Jos vastasit johonkin n\u00e4ist\u00e4 kyll\u00e4, niin ilmoittaudu mukaan Verkko-opintojakso Moodleen -ty\u00f6pajoihin! T\u00e4ss\u00e4 koulutuksessa k\u00e4ymme l\u00e4pi vaiheittain verkko-opintojakson rakentamisen Moodle-ymp\u00e4rist\u00f6\u00f6n. Koulutus koostuu kymmenest\u00e4 eri teemaan keskittyv\u00e4st\u00e4 ty\u00f6pajasta. Olitpa noviisi ... Lue lis\u00e4\u00e4","og_url":"https:\/\/blogit.gradia.fi\/denta\/esimerkkisivu\/verkko-opintojakso-moodleen\/","article_modified_time":"2024-02-26T11:18:36+00:00","og_image":[{"url":"https:\/\/blogit.gradia.fi\/denta\/wp-content\/uploads\/sites\/293\/2022\/08\/online-learning-1024x576.png","type":"","width":"","height":""}],"twitter_card":"summary_large_image","twitter_misc":{"Arvioitu lukuaika":"3 minuuttia"},"schema":{"@context":"https:\/\/schema.org","@graph":[{"@type":"WebPage","@id":"https:\/\/blogit.gradia.fi\/denta\/esimerkkisivu\/verkko-opintojakso-moodleen\/","url":"https:\/\/blogit.gradia.fi\/denta\/esimerkkisivu\/verkko-opintojakso-moodleen\/","name":"Verkko-opintojakso Moodleen, 3 op -","isPartOf":{"@id":"https:\/\/blogit.gradia.fi\/denta\/#website"},"primaryImageOfPage":{"@id":"https:\/\/blogit.gradia.fi\/denta\/esimerkkisivu\/verkko-opintojakso-moodleen\/#primaryimage"},"image":{"@id":"https:\/\/blogit.gradia.fi\/denta\/esimerkkisivu\/verkko-opintojakso-moodleen\/#primaryimage"},"thumbnailUrl":"https:\/\/blogit.gradia.fi\/denta\/wp-content\/uploads\/sites\/293\/2022\/08\/online-learning-1024x576.png","datePublished":"2022-08-24T10:00:14+00:00","dateModified":"2024-02-26T11:18:36+00:00","breadcrumb":{"@id":"https:\/\/blogit.gradia.fi\/denta\/esimerkkisivu\/verkko-opintojakso-moodleen\/#breadcrumb"},"inLanguage":"fi","potentialAction":[{"@type":"ReadAction","target":["https:\/\/blogit.gradia.fi\/denta\/esimerkkisivu\/verkko-opintojakso-moodleen\/"]}]},{"@type":"ImageObject","inLanguage":"fi","@id":"https:\/\/blogit.gradia.fi\/denta\/esimerkkisivu\/verkko-opintojakso-moodleen\/#primaryimage","url":"https:\/\/blogit.gradia.fi\/denta\/wp-content\/uploads\/sites\/293\/2022\/08\/online-learning.png","contentUrl":"https:\/\/blogit.gradia.fi\/denta\/wp-content\/uploads\/sites\/293\/2022\/08\/online-learning.png","width":1920,"height":1080},{"@type":"BreadcrumbList","@id":"https:\/\/blogit.gradia.fi\/denta\/esimerkkisivu\/verkko-opintojakso-moodleen\/#breadcrumb","itemListElement":[{"@type":"ListItem","position":1,"name":"Etusivu","item":"https:\/\/blogit.gradia.fi\/denta\/"},{"@type":"ListItem","position":2,"name":"DenTa &#8211; Digisti enemm\u00e4n toisella asteella","item":"https:\/\/blogit.gradia.fi\/denta\/"},{"@type":"ListItem","position":3,"name":"Verkko-opintojakso Moodleen, 3 op"}]},{"@type":"WebSite","@id":"https:\/\/blogit.gradia.fi\/denta\/#website","url":"https:\/\/blogit.gradia.fi\/denta\/","name":"","description":"","potentialAction":[{"@type":"SearchAction","target":{"@type":"EntryPoint","urlTemplate":"https:\/\/blogit.gradia.fi\/denta\/?s={search_term_string}"},"query-input":{"@type":"PropertyValueSpecification","valueRequired":true,"valueName":"search_term_string"}}],"inLanguage":"fi"}]}},"uagb_featured_image_src":{"full":false,"thumbnail":false,"medium":false,"medium_large":false,"large":false,"1536x1536":false,"2048x2048":false},"uagb_author_info":{"display_name":"Heini Pennanen","author_link":"https:\/\/blogit.gradia.fi\/denta\/author\/pennahei\/"},"uagb_comment_info":0,"uagb_excerpt":"Oletko suunnittelemassa verkkokurssin rakentamista Moodle-ymp\u00e4rist\u00f6\u00f6n?Kaipaako verkkokurssisi laajempaa p\u00e4ivityst\u00e4, kuten uuden tyyppisi\u00e4 sis\u00e4lt\u00f6j\u00e4, ja haluat niiden luomiseksi tukea ja vinkkej\u00e4?Haluatko muokata verkkokurssisi rakennetta, viilata ohjausta tai kenties arviointia? Jos vastasit johonkin n\u00e4ist\u00e4 kyll\u00e4, niin ilmoittaudu mukaan Verkko-opintojakso Moodleen -ty\u00f6pajoihin! T\u00e4ss\u00e4 koulutuksessa k\u00e4ymme l\u00e4pi vaiheittain verkko-opintojakson rakentamisen Moodle-ymp\u00e4rist\u00f6\u00f6n. Koulutus koostuu kymmenest\u00e4 eri teemaan keskittyv\u00e4st\u00e4 ty\u00f6pajasta. Olitpa noviisi&hellip;","_links":{"self":[{"href":"https:\/\/blogit.gradia.fi\/denta\/wp-json\/wp\/v2\/pages\/33","targetHints":{"allow":["GET"]}}],"collection":[{"href":"https:\/\/blogit.gradia.fi\/denta\/wp-json\/wp\/v2\/pages"}],"about":[{"href":"https:\/\/blogit.gradia.fi\/denta\/wp-json\/wp\/v2\/types\/page"}],"author":[{"embeddable":true,"href":"https:\/\/blogit.gradia.fi\/denta\/wp-json\/wp\/v2\/users\/165"}],"replies":[{"embeddable":true,"href":"https:\/\/blogit.gradia.fi\/denta\/wp-json\/wp\/v2\/comments?post=33"}],"version-history":[{"count":20,"href":"https:\/\/blogit.gradia.fi\/denta\/wp-json\/wp\/v2\/pages\/33\/revisions"}],"predecessor-version":[{"id":210,"href":"https:\/\/blogit.gradia.fi\/denta\/wp-json\/wp\/v2\/pages\/33\/revisions\/210"}],"up":[{"embeddable":true,"href":"https:\/\/blogit.gradia.fi\/denta\/wp-json\/wp\/v2\/pages\/2"}],"wp:attachment":[{"href":"https:\/\/blogit.gradia.fi\/denta\/wp-json\/wp\/v2\/media?parent=33"}],"curies":[{"name":"wp","href":"https:\/\/api.w.org\/{rel}","templated":true}]}}