{"id":2,"date":"2022-06-02T15:43:08","date_gmt":"2022-06-02T12:43:08","guid":{"rendered":"https:\/\/blogit.gradia.fi\/denta\/?page_id=2"},"modified":"2024-02-26T13:14:44","modified_gmt":"2024-02-26T11:14:44","slug":"esimerkkisivu","status":"publish","type":"page","link":"https:\/\/blogit.gradia.fi\/denta\/","title":{"rendered":"DenTa &#8211; Digisti enemm\u00e4n toisella asteella"},"content":{"rendered":"\n<p style=\"font-size:18px\"><strong>Tule tekem\u00e4\u00e4n uutta digitaalista sis\u00e4lt\u00f6\u00e4 opetukseesi ja osallistu DenTan ty\u00f6pajoihin kollegasi kanssa tai yksin!<\/strong><br><br>DenTa-koulutuksissa opit digity\u00f6v\u00e4lineiden k\u00e4ytt\u00f6\u00e4 erityisesti pedagogiikan huomioiden. Tavoitteena on aina tukea opiskelijoiden digitaalista oppimista. Jokaisessa koulutuksessa osallistuja tuottaa teeman mukaista sis\u00e4lt\u00f6\u00e4 juuri omaan opetukseensa.<\/p>\n\n\n\n<blockquote class=\"wp-block-quote is-layout-flow wp-block-quote-is-layout-flow\">\n<p>Tarjolla k\u00e4yt\u00e4nn\u00f6nl\u00e4heisi\u00e4 koulutuksia mielenkiintoisista aiheista! Tutustu koulutuskuvauksiin tarkemmin ja ilmoittaudu mukaan.<\/p>\n<\/blockquote>\n\n\n\n<p style=\"font-size:18px\">Tarjolla olevat t\u00e4ydennyskoulutukset toteutetaan ty\u00f6pajoina. Koulutuskokonaisuuksia j\u00e4rjestet\u00e4\u00e4n viidess\u00e4 eri aiheesta:<\/p>\n\n\n\n<ul class=\"wp-block-list\">\n<li>Verkko-opintojakson rakentaminen Moodle-ymp\u00e4rist\u00f6\u00f6n<\/li>\n\n\n\n<li>Interaktiivisen oppimateriaalin rakentaminen<\/li>\n\n\n\n<li>Opetusvideoita helposti <\/li>\n\n\n\n<li>Sosiaalinen VR opetuksessa<\/li>\n\n\n\n<li>Pakohuonepeli osaksi opetusta<\/li>\n<\/ul>\n\n\n\n<figure class=\"wp-block-image size-large is-resized\"><a href=\"https:\/\/www.thinglink.com\/videocard\/1677703064506597377\"><img loading=\"lazy\" decoding=\"async\" width=\"1024\" height=\"544\" src=\"https:\/\/blogit.gradia.fi\/denta\/wp-content\/uploads\/sites\/293\/2023\/02\/Denta-Thinglink-1024x544.jpg\" alt=\"\" class=\"wp-image-154\" style=\"width:655px;height:347px\" srcset=\"https:\/\/blogit.gradia.fi\/denta\/wp-content\/uploads\/sites\/293\/2023\/02\/Denta-Thinglink-1024x544.jpg 1024w, https:\/\/blogit.gradia.fi\/denta\/wp-content\/uploads\/sites\/293\/2023\/02\/Denta-Thinglink-300x159.jpg 300w, https:\/\/blogit.gradia.fi\/denta\/wp-content\/uploads\/sites\/293\/2023\/02\/Denta-Thinglink-768x408.jpg 768w, https:\/\/blogit.gradia.fi\/denta\/wp-content\/uploads\/sites\/293\/2023\/02\/Denta-Thinglink-1536x816.jpg 1536w, https:\/\/blogit.gradia.fi\/denta\/wp-content\/uploads\/sites\/293\/2023\/02\/Denta-Thinglink.jpg 1594w\" sizes=\"auto, (max-width: 1024px) 100vw, 1024px\" \/><\/a><figcaption class=\"wp-element-caption\">Klikkaa kuvaa ja tutustu Thinglinkin interaktiiviseen skenaarioon eli haarautuvaan tarinaan.<\/figcaption><\/figure>\n\n\n\n<h3 class=\"wp-block-heading\"><strong>Lis\u00e4tietoa koulutuksista<\/strong><\/h3>\n\n\n\n<p>Koulutuksiin osallistuminen kasvattaa opettajien digipedagogista osaamista ja auttavat opettajia rikastuttamaan opetustaan. Koulutukset rahoittaa OPH ja ne ovat maksuttomia kaikille toisen asteen ja perusopetuksen opetus- ja ohjaushenkil\u00f6st\u00f6lle. <\/p>\n\n\n\n<p>Hankkeen p\u00e4\u00e4toteuttaja on Jyv\u00e4skyl\u00e4n koulutuskuntayhtym\u00e4 Gradia. Hanke p\u00e4\u00e4ttyy vuoden 2023 lopussa.<\/p>\n\n\n\n<p>Hanke on p\u00e4\u00e4ttynyt. Tutustu hankkeessa pidettyihin koulutuksiin aoe.fi palvelussa. <a href=\"https:\/\/aoe.fi\/#\/materiaali\/3143\" target=\"_blank\" rel=\"noreferrer noopener\">https:\/\/aoe.fi\/#\/materiaali\/3143<\/a><\/p>\n\n\n\n<p><strong>Kysy lis\u00e4\u00e4 <\/strong><\/p>\n\n\n\n<p>opetusteknologia(at)gradia.fi<\/p>\n\n\n\n<p>Hankkeen projektip\u00e4\u00e4llikk\u00f6 Heini Pennanen, etunimi.sukunumi@gradia.fi<\/p>\n","protected":false},"excerpt":{"rendered":"<p>Tule tekem\u00e4\u00e4n uutta digitaalista sis\u00e4lt\u00f6\u00e4 opetukseesi ja osallistu DenTan ty\u00f6pajoihin kollegasi kanssa tai yksin! DenTa-koulutuksissa opit digity\u00f6v\u00e4lineiden k\u00e4ytt\u00f6\u00e4 erityisesti pedagogiikan huomioiden. Tavoitteena on aina tukea opiskelijoiden digitaalista oppimista. Jokaisessa koulutuksessa osallistuja tuottaa teeman mukaista sis\u00e4lt\u00f6\u00e4 juuri omaan opetukseensa. Tarjolla k\u00e4yt\u00e4nn\u00f6nl\u00e4heisi\u00e4 koulutuksia mielenkiintoisista aiheista! Tutustu koulutuskuvauksiin tarkemmin ja ilmoittaudu mukaan. Tarjolla olevat t\u00e4ydennyskoulutukset toteutetaan ty\u00f6pajoina. Koulutuskokonaisuuksia &#8230; <a title=\"DenTa &#8211; Digisti enemm\u00e4n toisella asteella\" class=\"read-more\" href=\"https:\/\/blogit.gradia.fi\/denta\/\" aria-label=\"Lue lis\u00e4\u00e4 aiheesta DenTa &#8211; Digisti enemm\u00e4n toisella asteella\">Lue lis\u00e4\u00e4<\/a><\/p>\n","protected":false},"author":165,"featured_media":0,"parent":0,"menu_order":0,"comment_status":"closed","ping_status":"open","template":"","meta":{"_uag_custom_page_level_css":"","footnotes":""},"class_list":["post-2","page","type-page","status-publish"],"yoast_head":"<!-- This site is optimized with the Yoast SEO plugin v27.5 - https:\/\/yoast.com\/product\/yoast-seo-wordpress\/ -->\n<title>DenTa - Digisti enemm\u00e4n toisella asteella -<\/title>\n<meta name=\"robots\" content=\"index, follow, max-snippet:-1, max-image-preview:large, max-video-preview:-1\" \/>\n<link rel=\"canonical\" href=\"https:\/\/blogit.gradia.fi\/denta\/\" \/>\n<meta property=\"og:locale\" content=\"fi_FI\" \/>\n<meta property=\"og:type\" content=\"article\" \/>\n<meta property=\"og:title\" content=\"DenTa - Digisti enemm\u00e4n toisella asteella -\" \/>\n<meta property=\"og:description\" content=\"Tule tekem\u00e4\u00e4n uutta digitaalista sis\u00e4lt\u00f6\u00e4 opetukseesi ja osallistu DenTan ty\u00f6pajoihin kollegasi kanssa tai yksin! DenTa-koulutuksissa opit digity\u00f6v\u00e4lineiden k\u00e4ytt\u00f6\u00e4 erityisesti pedagogiikan huomioiden. Tavoitteena on aina tukea opiskelijoiden digitaalista oppimista. Jokaisessa koulutuksessa osallistuja tuottaa teeman mukaista sis\u00e4lt\u00f6\u00e4 juuri omaan opetukseensa. Tarjolla k\u00e4yt\u00e4nn\u00f6nl\u00e4heisi\u00e4 koulutuksia mielenkiintoisista aiheista! Tutustu koulutuskuvauksiin tarkemmin ja ilmoittaudu mukaan. Tarjolla olevat t\u00e4ydennyskoulutukset toteutetaan ty\u00f6pajoina. Koulutuskokonaisuuksia ... Lue lis\u00e4\u00e4\" \/>\n<meta property=\"og:url\" content=\"https:\/\/blogit.gradia.fi\/denta\/\" \/>\n<meta property=\"article:modified_time\" content=\"2024-02-26T11:14:44+00:00\" \/>\n<meta property=\"og:image\" content=\"https:\/\/blogit.gradia.fi\/denta\/wp-content\/uploads\/sites\/293\/2023\/02\/Denta-Thinglink-1024x544.jpg\" \/>\n<meta name=\"twitter:card\" content=\"summary_large_image\" \/>\n<meta name=\"twitter:label1\" content=\"Arvioitu lukuaika\" \/>\n\t<meta name=\"twitter:data1\" content=\"2 minuuttia\" \/>\n<script type=\"application\/ld+json\" class=\"yoast-schema-graph\">{\"@context\":\"https:\\\/\\\/schema.org\",\"@graph\":[{\"@type\":\"WebPage\",\"@id\":\"https:\\\/\\\/blogit.gradia.fi\\\/denta\\\/\",\"url\":\"https:\\\/\\\/blogit.gradia.fi\\\/denta\\\/\",\"name\":\"DenTa - Digisti enemm\u00e4n toisella asteella -\",\"isPartOf\":{\"@id\":\"https:\\\/\\\/blogit.gradia.fi\\\/denta\\\/#website\"},\"primaryImageOfPage\":{\"@id\":\"https:\\\/\\\/blogit.gradia.fi\\\/denta\\\/#primaryimage\"},\"image\":{\"@id\":\"https:\\\/\\\/blogit.gradia.fi\\\/denta\\\/#primaryimage\"},\"thumbnailUrl\":\"https:\\\/\\\/blogit.gradia.fi\\\/denta\\\/wp-content\\\/uploads\\\/sites\\\/293\\\/2023\\\/02\\\/Denta-Thinglink-1024x544.jpg\",\"datePublished\":\"2022-06-02T12:43:08+00:00\",\"dateModified\":\"2024-02-26T11:14:44+00:00\",\"breadcrumb\":{\"@id\":\"https:\\\/\\\/blogit.gradia.fi\\\/denta\\\/#breadcrumb\"},\"inLanguage\":\"fi\",\"potentialAction\":[{\"@type\":\"ReadAction\",\"target\":[\"https:\\\/\\\/blogit.gradia.fi\\\/denta\\\/\"]}]},{\"@type\":\"ImageObject\",\"inLanguage\":\"fi\",\"@id\":\"https:\\\/\\\/blogit.gradia.fi\\\/denta\\\/#primaryimage\",\"url\":\"https:\\\/\\\/blogit.gradia.fi\\\/denta\\\/wp-content\\\/uploads\\\/sites\\\/293\\\/2023\\\/02\\\/Denta-Thinglink.jpg\",\"contentUrl\":\"https:\\\/\\\/blogit.gradia.fi\\\/denta\\\/wp-content\\\/uploads\\\/sites\\\/293\\\/2023\\\/02\\\/Denta-Thinglink.jpg\",\"width\":1594,\"height\":847},{\"@type\":\"BreadcrumbList\",\"@id\":\"https:\\\/\\\/blogit.gradia.fi\\\/denta\\\/#breadcrumb\",\"itemListElement\":[{\"@type\":\"ListItem\",\"position\":1,\"name\":\"Etusivu\",\"item\":\"https:\\\/\\\/blogit.gradia.fi\\\/denta\\\/\"},{\"@type\":\"ListItem\",\"position\":2,\"name\":\"DenTa &#8211; Digisti enemm\u00e4n toisella asteella\"}]},{\"@type\":\"WebSite\",\"@id\":\"https:\\\/\\\/blogit.gradia.fi\\\/denta\\\/#website\",\"url\":\"https:\\\/\\\/blogit.gradia.fi\\\/denta\\\/\",\"name\":\"\",\"description\":\"\",\"potentialAction\":[{\"@type\":\"SearchAction\",\"target\":{\"@type\":\"EntryPoint\",\"urlTemplate\":\"https:\\\/\\\/blogit.gradia.fi\\\/denta\\\/?s={search_term_string}\"},\"query-input\":{\"@type\":\"PropertyValueSpecification\",\"valueRequired\":true,\"valueName\":\"search_term_string\"}}],\"inLanguage\":\"fi\"}]}<\/script>\n<!-- \/ Yoast SEO plugin. -->","yoast_head_json":{"title":"DenTa - Digisti enemm\u00e4n toisella asteella -","robots":{"index":"index","follow":"follow","max-snippet":"max-snippet:-1","max-image-preview":"max-image-preview:large","max-video-preview":"max-video-preview:-1"},"canonical":"https:\/\/blogit.gradia.fi\/denta\/","og_locale":"fi_FI","og_type":"article","og_title":"DenTa - Digisti enemm\u00e4n toisella asteella -","og_description":"Tule tekem\u00e4\u00e4n uutta digitaalista sis\u00e4lt\u00f6\u00e4 opetukseesi ja osallistu DenTan ty\u00f6pajoihin kollegasi kanssa tai yksin! DenTa-koulutuksissa opit digity\u00f6v\u00e4lineiden k\u00e4ytt\u00f6\u00e4 erityisesti pedagogiikan huomioiden. Tavoitteena on aina tukea opiskelijoiden digitaalista oppimista. Jokaisessa koulutuksessa osallistuja tuottaa teeman mukaista sis\u00e4lt\u00f6\u00e4 juuri omaan opetukseensa. Tarjolla k\u00e4yt\u00e4nn\u00f6nl\u00e4heisi\u00e4 koulutuksia mielenkiintoisista aiheista! Tutustu koulutuskuvauksiin tarkemmin ja ilmoittaudu mukaan. Tarjolla olevat t\u00e4ydennyskoulutukset toteutetaan ty\u00f6pajoina. Koulutuskokonaisuuksia ... Lue lis\u00e4\u00e4","og_url":"https:\/\/blogit.gradia.fi\/denta\/","article_modified_time":"2024-02-26T11:14:44+00:00","og_image":[{"url":"https:\/\/blogit.gradia.fi\/denta\/wp-content\/uploads\/sites\/293\/2023\/02\/Denta-Thinglink-1024x544.jpg","type":"","width":"","height":""}],"twitter_card":"summary_large_image","twitter_misc":{"Arvioitu lukuaika":"2 minuuttia"},"schema":{"@context":"https:\/\/schema.org","@graph":[{"@type":"WebPage","@id":"https:\/\/blogit.gradia.fi\/denta\/","url":"https:\/\/blogit.gradia.fi\/denta\/","name":"DenTa - Digisti enemm\u00e4n toisella asteella -","isPartOf":{"@id":"https:\/\/blogit.gradia.fi\/denta\/#website"},"primaryImageOfPage":{"@id":"https:\/\/blogit.gradia.fi\/denta\/#primaryimage"},"image":{"@id":"https:\/\/blogit.gradia.fi\/denta\/#primaryimage"},"thumbnailUrl":"https:\/\/blogit.gradia.fi\/denta\/wp-content\/uploads\/sites\/293\/2023\/02\/Denta-Thinglink-1024x544.jpg","datePublished":"2022-06-02T12:43:08+00:00","dateModified":"2024-02-26T11:14:44+00:00","breadcrumb":{"@id":"https:\/\/blogit.gradia.fi\/denta\/#breadcrumb"},"inLanguage":"fi","potentialAction":[{"@type":"ReadAction","target":["https:\/\/blogit.gradia.fi\/denta\/"]}]},{"@type":"ImageObject","inLanguage":"fi","@id":"https:\/\/blogit.gradia.fi\/denta\/#primaryimage","url":"https:\/\/blogit.gradia.fi\/denta\/wp-content\/uploads\/sites\/293\/2023\/02\/Denta-Thinglink.jpg","contentUrl":"https:\/\/blogit.gradia.fi\/denta\/wp-content\/uploads\/sites\/293\/2023\/02\/Denta-Thinglink.jpg","width":1594,"height":847},{"@type":"BreadcrumbList","@id":"https:\/\/blogit.gradia.fi\/denta\/#breadcrumb","itemListElement":[{"@type":"ListItem","position":1,"name":"Etusivu","item":"https:\/\/blogit.gradia.fi\/denta\/"},{"@type":"ListItem","position":2,"name":"DenTa &#8211; Digisti enemm\u00e4n toisella asteella"}]},{"@type":"WebSite","@id":"https:\/\/blogit.gradia.fi\/denta\/#website","url":"https:\/\/blogit.gradia.fi\/denta\/","name":"","description":"","potentialAction":[{"@type":"SearchAction","target":{"@type":"EntryPoint","urlTemplate":"https:\/\/blogit.gradia.fi\/denta\/?s={search_term_string}"},"query-input":{"@type":"PropertyValueSpecification","valueRequired":true,"valueName":"search_term_string"}}],"inLanguage":"fi"}]}},"uagb_featured_image_src":{"full":false,"thumbnail":false,"medium":false,"medium_large":false,"large":false,"1536x1536":false,"2048x2048":false},"uagb_author_info":{"display_name":"Heini Pennanen","author_link":"https:\/\/blogit.gradia.fi\/denta\/author\/pennahei\/"},"uagb_comment_info":1,"uagb_excerpt":"Tule tekem\u00e4\u00e4n uutta digitaalista sis\u00e4lt\u00f6\u00e4 opetukseesi ja osallistu DenTan ty\u00f6pajoihin kollegasi kanssa tai yksin! DenTa-koulutuksissa opit digity\u00f6v\u00e4lineiden k\u00e4ytt\u00f6\u00e4 erityisesti pedagogiikan huomioiden. Tavoitteena on aina tukea opiskelijoiden digitaalista oppimista. Jokaisessa koulutuksessa osallistuja tuottaa teeman mukaista sis\u00e4lt\u00f6\u00e4 juuri omaan opetukseensa. Tarjolla k\u00e4yt\u00e4nn\u00f6nl\u00e4heisi\u00e4 koulutuksia mielenkiintoisista aiheista! Tutustu koulutuskuvauksiin tarkemmin ja ilmoittaudu mukaan. Tarjolla olevat t\u00e4ydennyskoulutukset toteutetaan ty\u00f6pajoina. Koulutuskokonaisuuksia&hellip;","_links":{"self":[{"href":"https:\/\/blogit.gradia.fi\/denta\/wp-json\/wp\/v2\/pages\/2","targetHints":{"allow":["GET"]}}],"collection":[{"href":"https:\/\/blogit.gradia.fi\/denta\/wp-json\/wp\/v2\/pages"}],"about":[{"href":"https:\/\/blogit.gradia.fi\/denta\/wp-json\/wp\/v2\/types\/page"}],"author":[{"embeddable":true,"href":"https:\/\/blogit.gradia.fi\/denta\/wp-json\/wp\/v2\/users\/165"}],"replies":[{"embeddable":true,"href":"https:\/\/blogit.gradia.fi\/denta\/wp-json\/wp\/v2\/comments?post=2"}],"version-history":[{"count":12,"href":"https:\/\/blogit.gradia.fi\/denta\/wp-json\/wp\/v2\/pages\/2\/revisions"}],"predecessor-version":[{"id":205,"href":"https:\/\/blogit.gradia.fi\/denta\/wp-json\/wp\/v2\/pages\/2\/revisions\/205"}],"wp:attachment":[{"href":"https:\/\/blogit.gradia.fi\/denta\/wp-json\/wp\/v2\/media?parent=2"}],"curies":[{"name":"wp","href":"https:\/\/api.w.org\/{rel}","templated":true}]}}