{"id":16,"date":"2022-08-23T13:47:36","date_gmt":"2022-08-23T10:47:36","guid":{"rendered":"https:\/\/blogit.gradia.fi\/denta\/?page_id=16"},"modified":"2023-06-19T14:57:51","modified_gmt":"2023-06-19T11:57:51","slug":"pakohuonepeli-osaksi-opetusta","status":"publish","type":"page","link":"https:\/\/blogit.gradia.fi\/denta\/esimerkkisivu\/pakohuonepeli-osaksi-opetusta\/","title":{"rendered":"Pakohuonepeli osaksi opetusta, 3 op"},"content":{"rendered":"\n<figure class=\"wp-block-image size-full is-resized is-style-default\"><img loading=\"lazy\" decoding=\"async\" src=\"https:\/\/blogit.gradia.fi\/denta\/wp-content\/uploads\/sites\/293\/2022\/08\/pexels-nikhiel-cs-411227.jpg\" alt=\"Kuvituskuva - numerolukko p\u00f6yd\u00e4ll\u00e4\" class=\"wp-image-17\" width=\"480\" height=\"320\" srcset=\"https:\/\/blogit.gradia.fi\/denta\/wp-content\/uploads\/sites\/293\/2022\/08\/pexels-nikhiel-cs-411227.jpg 640w, https:\/\/blogit.gradia.fi\/denta\/wp-content\/uploads\/sites\/293\/2022\/08\/pexels-nikhiel-cs-411227-300x200.jpg 300w\" sizes=\"auto, (max-width: 480px) 100vw, 480px\" \/><\/figure>\n\n\n\n<p class=\"has-medium-font-size\"><em>Haluatko hy\u00f6dynt\u00e4\u00e4 pelillisyytt\u00e4 opetuksessasi? Kiinnostaako sinua pakohuonepedagogiikka?<\/em><\/p>\n\n\n\n<p style=\"font-size:18px\">Koulutuksessa perehdyt\u00e4\u00e4n pakohuonepedagogiikkaan. Koulutus tarjoaa v\u00e4lineit\u00e4 k\u00e4ytt\u00e4\u00e4 pakohuone-elementtej\u00e4 osana eri oppimisymp\u00e4rist\u00f6j\u00e4 ja eri oppiaineiden opetusta ja oppimista. Koulutuksen aikana osallistujat luovat omaan ty\u00f6h\u00f6ns\u00e4 liittyv\u00e4n pakohuone-elementtej\u00e4 sis\u00e4lt\u00e4v\u00e4n oppimiskokonaisuuden, saavat palautetta tuotoksesta ja p\u00e4\u00e4sev\u00e4t tutustumaan muiden osallistujien toteutuksiin.<\/p>\n\n\n\n<p style=\"font-size:18px\">Kouluttajina kokonaisuudessa toimivat yliopistonopettajat Mikko Hiljanen ja Riitta Tallavaara sek\u00e4 lehtori Matti Rantonen.<\/p>\n\n\n\n<p style=\"font-size:18px\">Jos mielenkiintosi her\u00e4si, niin k\u00e4y tutustumassa esimerkiksi <a href=\"https:\/\/www.thinglink.com\/videocard\/1565732543167201283\" target=\"_blank\" rel=\"noreferrer noopener\">Digivara-toteutukseen<\/a> ja ilmoittaudu mukaan.<\/p>\n\n\n\n<hr class=\"wp-block-separator has-alpha-channel-opacity is-style-dots\" \/>\n\n\n\n<div class=\"wp-block-columns is-layout-flex wp-container-core-columns-is-layout-9d6595d7 wp-block-columns-is-layout-flex\">\n<div class=\"wp-block-column is-layout-flow wp-block-column-is-layout-flow\">\n<h2 class=\"wp-block-heading\"><strong>Kenelle<\/strong><\/h2>\n\n\n\n<p>Olet kiinnostunut pakohuonepedagogiikasta ja pelillisyydest\u00e4, ja haluaisit kokeilla sit\u00e4 omassa opetuksessasi.<\/p>\n\n\n\n<h2 class=\"wp-block-heading\"><strong>Ajankohta<\/strong><\/h2>\n\n\n\n<p>Koulutus koostuu viidest\u00e4 ty\u00f6pajasta ja se toteutetaan kev\u00e4\u00e4ll\u00e4 2023 sek\u00e4 syksyll\u00e4 2023.<\/p>\n\n\n\n<p><strong>Syksy 2023<\/strong><\/p>\n\n\n\n<ul class=\"wp-block-list\">\n<li>1.9.2023 klo 12.00-15.00<\/li>\n\n\n\n<li>8.9.2023 klo 12.00-15.00<\/li>\n\n\n\n<li>29.9.2023 klo 12.00-15.00<\/li>\n\n\n\n<li>27.10.2023 klo 12.00-15.00<\/li>\n\n\n\n<li>10.11.2023 klo 12.00-15.00<\/li>\n<\/ul>\n<\/div>\n\n\n\n<div class=\"wp-block-column is-layout-flow wp-block-column-is-layout-flow\">\n<h2 class=\"wp-block-heading\"><strong>Kesto ja toteutus<\/strong><\/h2>\n\n\n\n<p>Koulutus toteutetaan ty\u00f6pajoina ja t\u00e4m\u00e4n vuoksi l\u00e4hitoteutuksina Jyv\u00e4skyl\u00e4ss\u00e4. Ty\u00f6pajoja on viisi ja ne ovat 3h mittaisia. <\/p>\n\n\n\n<h2 class=\"wp-block-heading\"><strong>Ilmoittautuminen<\/strong><\/h2>\n\n\n\n<p>Ilmoittaudu mukaan syksyn 2023 ty\u00f6pajoihin. <strong>Jokaiseen toteutukseen mahtuu mukaan 5-6 opettajaparia<\/strong>. Paikat t\u00e4ytet\u00e4\u00e4n ilmoittautumisj\u00e4rjestyksess\u00e4 ja ilmoittautuneet j\u00e4\u00e4v\u00e4t varasijoille. <\/p>\n\n\n\n<p><strong>Syksyn 2023 pajoihin ilmoittautuminen p\u00e4\u00e4ttyy 18.8.2023<\/strong>.<\/p>\n\n\n\n<div class=\"wp-block-buttons is-layout-flex wp-block-buttons-is-layout-flex\">\n<div class=\"wp-block-button\"><a class=\"wp-block-button__link wp-element-button\" href=\"https:\/\/forms.office.com\/r\/d4SVM6ryfY\" target=\"_blank\" rel=\"noreferrer noopener\">Ilmoittaudu koulutukseen<\/a><\/div>\n<\/div>\n<\/div>\n<\/div>\n\n\n\n<hr class=\"wp-block-separator has-alpha-channel-opacity is-style-dots\" \/>\n\n\n\n<div class=\"wp-block-columns is-layout-flex wp-container-core-columns-is-layout-9d6595d7 wp-block-columns-is-layout-flex\">\n<div class=\"wp-block-column is-layout-flow wp-block-column-is-layout-flow\"><\/div>\n\n\n\n<div class=\"wp-block-column is-layout-flow wp-block-column-is-layout-flow\"><\/div>\n<\/div>\n\n\n\n<p><\/p>\n\n\n\n<p>Koulutus j\u00e4rjestet\u00e4\u00e4n l\u00e4hiopetuksena Jyv\u00e4skyl\u00e4ss\u00e4. Koulutukseen sis\u00e4ltyy kehitt\u00e4misteht\u00e4v\u00e4, joka t\u00e4ss\u00e4 tapauksessa on pakopelitoteutuksen rakentaminen omaan opetukseen. Koulutuskokonaisuuden p\u00e4\u00e4ttyess\u00e4 opettajaparit esittelev\u00e4t toteutuksensa muille osallistujille. <\/p>\n\n\n\n<p>Koulutus on OPH:n rahoittamaa ja maksutonta toisen asteen ja perusopetuksen opetus- ja ohjaushenkil\u00f6st\u00f6lle.<\/p>\n\n\n\n<hr class=\"wp-block-separator has-alpha-channel-opacity is-style-dots\" \/>\n\n\n\n<h2 class=\"wp-block-heading\"><strong>Menneet koulutukset<\/strong><\/h2>\n\n\n\n<h3 class=\"wp-block-heading\"><strong>Kev\u00e4t 2023<\/strong><\/h3>\n\n\n\n<ul class=\"wp-block-list\">\n<li>17.2.2023 klo 12.00-15.00<\/li>\n\n\n\n<li>24.2.2023 klo 12.00-15.00<\/li>\n\n\n\n<li>14.4.2023 klo 12.00-15.00<\/li>\n\n\n\n<li>28.4.2023 klo 12.00-15.00<\/li>\n\n\n\n<li>12.5.2023 klo 12.00-15.00<\/li>\n<\/ul>\n","protected":false},"excerpt":{"rendered":"<p>Haluatko hy\u00f6dynt\u00e4\u00e4 pelillisyytt\u00e4 opetuksessasi? Kiinnostaako sinua pakohuonepedagogiikka? Koulutuksessa perehdyt\u00e4\u00e4n pakohuonepedagogiikkaan. Koulutus tarjoaa v\u00e4lineit\u00e4 k\u00e4ytt\u00e4\u00e4 pakohuone-elementtej\u00e4 osana eri oppimisymp\u00e4rist\u00f6j\u00e4 ja eri oppiaineiden opetusta ja oppimista. Koulutuksen aikana osallistujat luovat omaan ty\u00f6h\u00f6ns\u00e4 liittyv\u00e4n pakohuone-elementtej\u00e4 sis\u00e4lt\u00e4v\u00e4n oppimiskokonaisuuden, saavat palautetta tuotoksesta ja p\u00e4\u00e4sev\u00e4t tutustumaan muiden osallistujien toteutuksiin. Kouluttajina kokonaisuudessa toimivat yliopistonopettajat Mikko Hiljanen ja Riitta Tallavaara sek\u00e4 lehtori Matti &#8230; <a title=\"Pakohuonepeli osaksi opetusta, 3 op\" class=\"read-more\" href=\"https:\/\/blogit.gradia.fi\/denta\/esimerkkisivu\/pakohuonepeli-osaksi-opetusta\/\" aria-label=\"Lue lis\u00e4\u00e4 aiheesta Pakohuonepeli osaksi opetusta, 3 op\">Lue lis\u00e4\u00e4<\/a><\/p>\n","protected":false},"author":165,"featured_media":0,"parent":2,"menu_order":0,"comment_status":"closed","ping_status":"closed","template":"","meta":{"_uag_custom_page_level_css":"","footnotes":""},"class_list":["post-16","page","type-page","status-publish"],"yoast_head":"<!-- This site is optimized with the Yoast SEO plugin v27.5 - https:\/\/yoast.com\/product\/yoast-seo-wordpress\/ -->\n<title>Pakohuonepeli osaksi opetusta, 3 op -<\/title>\n<meta name=\"robots\" content=\"index, follow, max-snippet:-1, max-image-preview:large, max-video-preview:-1\" \/>\n<link rel=\"canonical\" href=\"https:\/\/blogit.gradia.fi\/denta\/esimerkkisivu\/pakohuonepeli-osaksi-opetusta\/\" \/>\n<meta property=\"og:locale\" content=\"fi_FI\" \/>\n<meta property=\"og:type\" content=\"article\" \/>\n<meta property=\"og:title\" content=\"Pakohuonepeli osaksi opetusta, 3 op -\" \/>\n<meta property=\"og:description\" content=\"Haluatko hy\u00f6dynt\u00e4\u00e4 pelillisyytt\u00e4 opetuksessasi? Kiinnostaako sinua pakohuonepedagogiikka? Koulutuksessa perehdyt\u00e4\u00e4n pakohuonepedagogiikkaan. Koulutus tarjoaa v\u00e4lineit\u00e4 k\u00e4ytt\u00e4\u00e4 pakohuone-elementtej\u00e4 osana eri oppimisymp\u00e4rist\u00f6j\u00e4 ja eri oppiaineiden opetusta ja oppimista. Koulutuksen aikana osallistujat luovat omaan ty\u00f6h\u00f6ns\u00e4 liittyv\u00e4n pakohuone-elementtej\u00e4 sis\u00e4lt\u00e4v\u00e4n oppimiskokonaisuuden, saavat palautetta tuotoksesta ja p\u00e4\u00e4sev\u00e4t tutustumaan muiden osallistujien toteutuksiin. Kouluttajina kokonaisuudessa toimivat yliopistonopettajat Mikko Hiljanen ja Riitta Tallavaara sek\u00e4 lehtori Matti ... Lue lis\u00e4\u00e4\" \/>\n<meta property=\"og:url\" content=\"https:\/\/blogit.gradia.fi\/denta\/esimerkkisivu\/pakohuonepeli-osaksi-opetusta\/\" \/>\n<meta property=\"article:modified_time\" content=\"2023-06-19T11:57:51+00:00\" \/>\n<meta property=\"og:image\" content=\"https:\/\/blogit.gradia.fi\/denta\/wp-content\/uploads\/sites\/293\/2022\/08\/pexels-nikhiel-cs-411227.jpg\" \/>\n<meta name=\"twitter:card\" content=\"summary_large_image\" \/>\n<meta name=\"twitter:label1\" content=\"Arvioitu lukuaika\" \/>\n\t<meta name=\"twitter:data1\" content=\"2 minuuttia\" \/>\n<script type=\"application\/ld+json\" class=\"yoast-schema-graph\">{\"@context\":\"https:\\\/\\\/schema.org\",\"@graph\":[{\"@type\":\"WebPage\",\"@id\":\"https:\\\/\\\/blogit.gradia.fi\\\/denta\\\/esimerkkisivu\\\/pakohuonepeli-osaksi-opetusta\\\/\",\"url\":\"https:\\\/\\\/blogit.gradia.fi\\\/denta\\\/esimerkkisivu\\\/pakohuonepeli-osaksi-opetusta\\\/\",\"name\":\"Pakohuonepeli osaksi opetusta, 3 op -\",\"isPartOf\":{\"@id\":\"https:\\\/\\\/blogit.gradia.fi\\\/denta\\\/#website\"},\"primaryImageOfPage\":{\"@id\":\"https:\\\/\\\/blogit.gradia.fi\\\/denta\\\/esimerkkisivu\\\/pakohuonepeli-osaksi-opetusta\\\/#primaryimage\"},\"image\":{\"@id\":\"https:\\\/\\\/blogit.gradia.fi\\\/denta\\\/esimerkkisivu\\\/pakohuonepeli-osaksi-opetusta\\\/#primaryimage\"},\"thumbnailUrl\":\"https:\\\/\\\/blogit.gradia.fi\\\/denta\\\/wp-content\\\/uploads\\\/sites\\\/293\\\/2022\\\/08\\\/pexels-nikhiel-cs-411227.jpg\",\"datePublished\":\"2022-08-23T10:47:36+00:00\",\"dateModified\":\"2023-06-19T11:57:51+00:00\",\"breadcrumb\":{\"@id\":\"https:\\\/\\\/blogit.gradia.fi\\\/denta\\\/esimerkkisivu\\\/pakohuonepeli-osaksi-opetusta\\\/#breadcrumb\"},\"inLanguage\":\"fi\",\"potentialAction\":[{\"@type\":\"ReadAction\",\"target\":[\"https:\\\/\\\/blogit.gradia.fi\\\/denta\\\/esimerkkisivu\\\/pakohuonepeli-osaksi-opetusta\\\/\"]}]},{\"@type\":\"ImageObject\",\"inLanguage\":\"fi\",\"@id\":\"https:\\\/\\\/blogit.gradia.fi\\\/denta\\\/esimerkkisivu\\\/pakohuonepeli-osaksi-opetusta\\\/#primaryimage\",\"url\":\"https:\\\/\\\/blogit.gradia.fi\\\/denta\\\/wp-content\\\/uploads\\\/sites\\\/293\\\/2022\\\/08\\\/pexels-nikhiel-cs-411227.jpg\",\"contentUrl\":\"https:\\\/\\\/blogit.gradia.fi\\\/denta\\\/wp-content\\\/uploads\\\/sites\\\/293\\\/2022\\\/08\\\/pexels-nikhiel-cs-411227.jpg\",\"width\":640,\"height\":427},{\"@type\":\"BreadcrumbList\",\"@id\":\"https:\\\/\\\/blogit.gradia.fi\\\/denta\\\/esimerkkisivu\\\/pakohuonepeli-osaksi-opetusta\\\/#breadcrumb\",\"itemListElement\":[{\"@type\":\"ListItem\",\"position\":1,\"name\":\"Etusivu\",\"item\":\"https:\\\/\\\/blogit.gradia.fi\\\/denta\\\/\"},{\"@type\":\"ListItem\",\"position\":2,\"name\":\"DenTa &#8211; Digisti enemm\u00e4n toisella asteella\",\"item\":\"https:\\\/\\\/blogit.gradia.fi\\\/denta\\\/\"},{\"@type\":\"ListItem\",\"position\":3,\"name\":\"Pakohuonepeli osaksi opetusta, 3 op\"}]},{\"@type\":\"WebSite\",\"@id\":\"https:\\\/\\\/blogit.gradia.fi\\\/denta\\\/#website\",\"url\":\"https:\\\/\\\/blogit.gradia.fi\\\/denta\\\/\",\"name\":\"\",\"description\":\"\",\"potentialAction\":[{\"@type\":\"SearchAction\",\"target\":{\"@type\":\"EntryPoint\",\"urlTemplate\":\"https:\\\/\\\/blogit.gradia.fi\\\/denta\\\/?s={search_term_string}\"},\"query-input\":{\"@type\":\"PropertyValueSpecification\",\"valueRequired\":true,\"valueName\":\"search_term_string\"}}],\"inLanguage\":\"fi\"}]}<\/script>\n<!-- \/ Yoast SEO plugin. -->","yoast_head_json":{"title":"Pakohuonepeli osaksi opetusta, 3 op -","robots":{"index":"index","follow":"follow","max-snippet":"max-snippet:-1","max-image-preview":"max-image-preview:large","max-video-preview":"max-video-preview:-1"},"canonical":"https:\/\/blogit.gradia.fi\/denta\/esimerkkisivu\/pakohuonepeli-osaksi-opetusta\/","og_locale":"fi_FI","og_type":"article","og_title":"Pakohuonepeli osaksi opetusta, 3 op -","og_description":"Haluatko hy\u00f6dynt\u00e4\u00e4 pelillisyytt\u00e4 opetuksessasi? Kiinnostaako sinua pakohuonepedagogiikka? Koulutuksessa perehdyt\u00e4\u00e4n pakohuonepedagogiikkaan. Koulutus tarjoaa v\u00e4lineit\u00e4 k\u00e4ytt\u00e4\u00e4 pakohuone-elementtej\u00e4 osana eri oppimisymp\u00e4rist\u00f6j\u00e4 ja eri oppiaineiden opetusta ja oppimista. Koulutuksen aikana osallistujat luovat omaan ty\u00f6h\u00f6ns\u00e4 liittyv\u00e4n pakohuone-elementtej\u00e4 sis\u00e4lt\u00e4v\u00e4n oppimiskokonaisuuden, saavat palautetta tuotoksesta ja p\u00e4\u00e4sev\u00e4t tutustumaan muiden osallistujien toteutuksiin. Kouluttajina kokonaisuudessa toimivat yliopistonopettajat Mikko Hiljanen ja Riitta Tallavaara sek\u00e4 lehtori Matti ... Lue lis\u00e4\u00e4","og_url":"https:\/\/blogit.gradia.fi\/denta\/esimerkkisivu\/pakohuonepeli-osaksi-opetusta\/","article_modified_time":"2023-06-19T11:57:51+00:00","og_image":[{"url":"https:\/\/blogit.gradia.fi\/denta\/wp-content\/uploads\/sites\/293\/2022\/08\/pexels-nikhiel-cs-411227.jpg","type":"","width":"","height":""}],"twitter_card":"summary_large_image","twitter_misc":{"Arvioitu lukuaika":"2 minuuttia"},"schema":{"@context":"https:\/\/schema.org","@graph":[{"@type":"WebPage","@id":"https:\/\/blogit.gradia.fi\/denta\/esimerkkisivu\/pakohuonepeli-osaksi-opetusta\/","url":"https:\/\/blogit.gradia.fi\/denta\/esimerkkisivu\/pakohuonepeli-osaksi-opetusta\/","name":"Pakohuonepeli osaksi opetusta, 3 op -","isPartOf":{"@id":"https:\/\/blogit.gradia.fi\/denta\/#website"},"primaryImageOfPage":{"@id":"https:\/\/blogit.gradia.fi\/denta\/esimerkkisivu\/pakohuonepeli-osaksi-opetusta\/#primaryimage"},"image":{"@id":"https:\/\/blogit.gradia.fi\/denta\/esimerkkisivu\/pakohuonepeli-osaksi-opetusta\/#primaryimage"},"thumbnailUrl":"https:\/\/blogit.gradia.fi\/denta\/wp-content\/uploads\/sites\/293\/2022\/08\/pexels-nikhiel-cs-411227.jpg","datePublished":"2022-08-23T10:47:36+00:00","dateModified":"2023-06-19T11:57:51+00:00","breadcrumb":{"@id":"https:\/\/blogit.gradia.fi\/denta\/esimerkkisivu\/pakohuonepeli-osaksi-opetusta\/#breadcrumb"},"inLanguage":"fi","potentialAction":[{"@type":"ReadAction","target":["https:\/\/blogit.gradia.fi\/denta\/esimerkkisivu\/pakohuonepeli-osaksi-opetusta\/"]}]},{"@type":"ImageObject","inLanguage":"fi","@id":"https:\/\/blogit.gradia.fi\/denta\/esimerkkisivu\/pakohuonepeli-osaksi-opetusta\/#primaryimage","url":"https:\/\/blogit.gradia.fi\/denta\/wp-content\/uploads\/sites\/293\/2022\/08\/pexels-nikhiel-cs-411227.jpg","contentUrl":"https:\/\/blogit.gradia.fi\/denta\/wp-content\/uploads\/sites\/293\/2022\/08\/pexels-nikhiel-cs-411227.jpg","width":640,"height":427},{"@type":"BreadcrumbList","@id":"https:\/\/blogit.gradia.fi\/denta\/esimerkkisivu\/pakohuonepeli-osaksi-opetusta\/#breadcrumb","itemListElement":[{"@type":"ListItem","position":1,"name":"Etusivu","item":"https:\/\/blogit.gradia.fi\/denta\/"},{"@type":"ListItem","position":2,"name":"DenTa &#8211; Digisti enemm\u00e4n toisella asteella","item":"https:\/\/blogit.gradia.fi\/denta\/"},{"@type":"ListItem","position":3,"name":"Pakohuonepeli osaksi opetusta, 3 op"}]},{"@type":"WebSite","@id":"https:\/\/blogit.gradia.fi\/denta\/#website","url":"https:\/\/blogit.gradia.fi\/denta\/","name":"","description":"","potentialAction":[{"@type":"SearchAction","target":{"@type":"EntryPoint","urlTemplate":"https:\/\/blogit.gradia.fi\/denta\/?s={search_term_string}"},"query-input":{"@type":"PropertyValueSpecification","valueRequired":true,"valueName":"search_term_string"}}],"inLanguage":"fi"}]}},"uagb_featured_image_src":{"full":false,"thumbnail":false,"medium":false,"medium_large":false,"large":false,"1536x1536":false,"2048x2048":false},"uagb_author_info":{"display_name":"Heini Pennanen","author_link":"https:\/\/blogit.gradia.fi\/denta\/author\/pennahei\/"},"uagb_comment_info":0,"uagb_excerpt":"Haluatko hy\u00f6dynt\u00e4\u00e4 pelillisyytt\u00e4 opetuksessasi? Kiinnostaako sinua pakohuonepedagogiikka? Koulutuksessa perehdyt\u00e4\u00e4n pakohuonepedagogiikkaan. Koulutus tarjoaa v\u00e4lineit\u00e4 k\u00e4ytt\u00e4\u00e4 pakohuone-elementtej\u00e4 osana eri oppimisymp\u00e4rist\u00f6j\u00e4 ja eri oppiaineiden opetusta ja oppimista. Koulutuksen aikana osallistujat luovat omaan ty\u00f6h\u00f6ns\u00e4 liittyv\u00e4n pakohuone-elementtej\u00e4 sis\u00e4lt\u00e4v\u00e4n oppimiskokonaisuuden, saavat palautetta tuotoksesta ja p\u00e4\u00e4sev\u00e4t tutustumaan muiden osallistujien toteutuksiin. Kouluttajina kokonaisuudessa toimivat yliopistonopettajat Mikko Hiljanen ja Riitta Tallavaara sek\u00e4 lehtori Matti&hellip;","_links":{"self":[{"href":"https:\/\/blogit.gradia.fi\/denta\/wp-json\/wp\/v2\/pages\/16","targetHints":{"allow":["GET"]}}],"collection":[{"href":"https:\/\/blogit.gradia.fi\/denta\/wp-json\/wp\/v2\/pages"}],"about":[{"href":"https:\/\/blogit.gradia.fi\/denta\/wp-json\/wp\/v2\/types\/page"}],"author":[{"embeddable":true,"href":"https:\/\/blogit.gradia.fi\/denta\/wp-json\/wp\/v2\/users\/165"}],"replies":[{"embeddable":true,"href":"https:\/\/blogit.gradia.fi\/denta\/wp-json\/wp\/v2\/comments?post=16"}],"version-history":[{"count":18,"href":"https:\/\/blogit.gradia.fi\/denta\/wp-json\/wp\/v2\/pages\/16\/revisions"}],"predecessor-version":[{"id":197,"href":"https:\/\/blogit.gradia.fi\/denta\/wp-json\/wp\/v2\/pages\/16\/revisions\/197"}],"up":[{"embeddable":true,"href":"https:\/\/blogit.gradia.fi\/denta\/wp-json\/wp\/v2\/pages\/2"}],"wp:attachment":[{"href":"https:\/\/blogit.gradia.fi\/denta\/wp-json\/wp\/v2\/media?parent=16"}],"curies":[{"name":"wp","href":"https:\/\/api.w.org\/{rel}","templated":true}]}}