{"id":2,"date":"2019-01-16T09:19:37","date_gmt":"2019-01-16T07:19:37","guid":{"rendered":"https:\/\/blogit.gradia.fi\/bakingmoments\/?page_id=2"},"modified":"2019-02-05T21:16:47","modified_gmt":"2019-02-05T19:16:47","slug":"esimerkkisivu","status":"publish","type":"page","link":"https:\/\/blogit.gradia.fi\/bakingmoments\/esimerkkisivu\/","title":{"rendered":"Moin moin!"},"content":{"rendered":"\n<p>Kirjoittelen kuulumisia t\u00e4\u00e4lt\u00e4 Saksasta, jossa teen kuuden viikon mittaista harjoittelua leipuri-kondiittori opintojani varten. T\u00e4m\u00e4 on jo kolmas kerta kun el\u00e4m\u00e4ni aikana teen harjoittelua ulkomailla ja joka kerta yll\u00e4tyksi\u00e4 tulee matkan varrella. Katsotaan siis mit\u00e4 t\u00e4ll\u00e4 kertaa tapahtuu.<\/p>\n\n\n\n<p><\/p>\n\n\n\n<p><\/p>\n","protected":false},"excerpt":{"rendered":"<p>Kirjoittelen kuulumisia t\u00e4\u00e4lt\u00e4 Saksasta, jossa teen kuuden viikon mittaista harjoittelua leipuri-kondiittori opintojani varten. T\u00e4m\u00e4 on jo kolmas kerta kun el\u00e4m\u00e4ni aikana teen harjoittelua ulkomailla ja joka kerta yll\u00e4tyksi\u00e4 tulee matkan varrella. Katsotaan siis mit\u00e4 t\u00e4ll\u00e4 kertaa tapahtuu.<\/p>\n","protected":false},"author":109,"featured_media":0,"parent":0,"menu_order":0,"comment_status":"closed","ping_status":"open","template":"","meta":{"_uag_custom_page_level_css":"","footnotes":""},"class_list":["post-2","page","type-page","status-publish","hentry"],"yoast_head":"<!-- This site is optimized with the Yoast SEO plugin v27.3 - https:\/\/yoast.com\/product\/yoast-seo-wordpress\/ -->\n<title>Moin moin! - Baking moments of my life<\/title>\n<meta name=\"robots\" content=\"index, follow, max-snippet:-1, max-image-preview:large, max-video-preview:-1\" \/>\n<link rel=\"canonical\" href=\"https:\/\/blogit.gradia.fi\/bakingmoments\/esimerkkisivu\/\" \/>\n<meta property=\"og:locale\" content=\"fi_FI\" \/>\n<meta property=\"og:type\" content=\"article\" \/>\n<meta property=\"og:title\" content=\"Moin moin! - Baking moments of my life\" \/>\n<meta property=\"og:description\" content=\"Kirjoittelen kuulumisia t\u00e4\u00e4lt\u00e4 Saksasta, jossa teen kuuden viikon mittaista harjoittelua leipuri-kondiittori opintojani varten. T\u00e4m\u00e4 on jo kolmas kerta kun el\u00e4m\u00e4ni aikana teen harjoittelua ulkomailla ja joka kerta yll\u00e4tyksi\u00e4 tulee matkan varrella. Katsotaan siis mit\u00e4 t\u00e4ll\u00e4 kertaa tapahtuu.\" \/>\n<meta property=\"og:url\" content=\"https:\/\/blogit.gradia.fi\/bakingmoments\/esimerkkisivu\/\" \/>\n<meta property=\"og:site_name\" content=\"Baking moments of my life\" \/>\n<meta property=\"article:modified_time\" content=\"2019-02-05T19:16:47+00:00\" \/>\n<meta name=\"twitter:card\" content=\"summary_large_image\" \/>\n<script type=\"application\/ld+json\" class=\"yoast-schema-graph\">{\"@context\":\"https:\\\/\\\/schema.org\",\"@graph\":[{\"@type\":\"WebPage\",\"@id\":\"https:\\\/\\\/blogit.gradia.fi\\\/bakingmoments\\\/esimerkkisivu\\\/\",\"url\":\"https:\\\/\\\/blogit.gradia.fi\\\/bakingmoments\\\/esimerkkisivu\\\/\",\"name\":\"Moin moin! - Baking moments of my life\",\"isPartOf\":{\"@id\":\"https:\\\/\\\/blogit.gradia.fi\\\/bakingmoments\\\/#website\"},\"datePublished\":\"2019-01-16T07:19:37+00:00\",\"dateModified\":\"2019-02-05T19:16:47+00:00\",\"breadcrumb\":{\"@id\":\"https:\\\/\\\/blogit.gradia.fi\\\/bakingmoments\\\/esimerkkisivu\\\/#breadcrumb\"},\"inLanguage\":\"fi\",\"potentialAction\":[{\"@type\":\"ReadAction\",\"target\":[\"https:\\\/\\\/blogit.gradia.fi\\\/bakingmoments\\\/esimerkkisivu\\\/\"]}]},{\"@type\":\"BreadcrumbList\",\"@id\":\"https:\\\/\\\/blogit.gradia.fi\\\/bakingmoments\\\/esimerkkisivu\\\/#breadcrumb\",\"itemListElement\":[{\"@type\":\"ListItem\",\"position\":1,\"name\":\"Home\",\"item\":\"https:\\\/\\\/blogit.gradia.fi\\\/bakingmoments\\\/\"},{\"@type\":\"ListItem\",\"position\":2,\"name\":\"Moin moin!\"}]},{\"@type\":\"WebSite\",\"@id\":\"https:\\\/\\\/blogit.gradia.fi\\\/bakingmoments\\\/#website\",\"url\":\"https:\\\/\\\/blogit.gradia.fi\\\/bakingmoments\\\/\",\"name\":\"Baking moments of my life\",\"description\":\"Uusi Gradia-blogit-sivustot -sivusto\",\"potentialAction\":[{\"@type\":\"SearchAction\",\"target\":{\"@type\":\"EntryPoint\",\"urlTemplate\":\"https:\\\/\\\/blogit.gradia.fi\\\/bakingmoments\\\/?s={search_term_string}\"},\"query-input\":{\"@type\":\"PropertyValueSpecification\",\"valueRequired\":true,\"valueName\":\"search_term_string\"}}],\"inLanguage\":\"fi\"}]}<\/script>\n<!-- \/ Yoast SEO plugin. -->","yoast_head_json":{"title":"Moin moin! - Baking moments of my life","robots":{"index":"index","follow":"follow","max-snippet":"max-snippet:-1","max-image-preview":"max-image-preview:large","max-video-preview":"max-video-preview:-1"},"canonical":"https:\/\/blogit.gradia.fi\/bakingmoments\/esimerkkisivu\/","og_locale":"fi_FI","og_type":"article","og_title":"Moin moin! - Baking moments of my life","og_description":"Kirjoittelen kuulumisia t\u00e4\u00e4lt\u00e4 Saksasta, jossa teen kuuden viikon mittaista harjoittelua leipuri-kondiittori opintojani varten. T\u00e4m\u00e4 on jo kolmas kerta kun el\u00e4m\u00e4ni aikana teen harjoittelua ulkomailla ja joka kerta yll\u00e4tyksi\u00e4 tulee matkan varrella. Katsotaan siis mit\u00e4 t\u00e4ll\u00e4 kertaa tapahtuu.","og_url":"https:\/\/blogit.gradia.fi\/bakingmoments\/esimerkkisivu\/","og_site_name":"Baking moments of my life","article_modified_time":"2019-02-05T19:16:47+00:00","twitter_card":"summary_large_image","schema":{"@context":"https:\/\/schema.org","@graph":[{"@type":"WebPage","@id":"https:\/\/blogit.gradia.fi\/bakingmoments\/esimerkkisivu\/","url":"https:\/\/blogit.gradia.fi\/bakingmoments\/esimerkkisivu\/","name":"Moin moin! - Baking moments of my life","isPartOf":{"@id":"https:\/\/blogit.gradia.fi\/bakingmoments\/#website"},"datePublished":"2019-01-16T07:19:37+00:00","dateModified":"2019-02-05T19:16:47+00:00","breadcrumb":{"@id":"https:\/\/blogit.gradia.fi\/bakingmoments\/esimerkkisivu\/#breadcrumb"},"inLanguage":"fi","potentialAction":[{"@type":"ReadAction","target":["https:\/\/blogit.gradia.fi\/bakingmoments\/esimerkkisivu\/"]}]},{"@type":"BreadcrumbList","@id":"https:\/\/blogit.gradia.fi\/bakingmoments\/esimerkkisivu\/#breadcrumb","itemListElement":[{"@type":"ListItem","position":1,"name":"Home","item":"https:\/\/blogit.gradia.fi\/bakingmoments\/"},{"@type":"ListItem","position":2,"name":"Moin moin!"}]},{"@type":"WebSite","@id":"https:\/\/blogit.gradia.fi\/bakingmoments\/#website","url":"https:\/\/blogit.gradia.fi\/bakingmoments\/","name":"Baking moments of my life","description":"Uusi Gradia-blogit-sivustot -sivusto","potentialAction":[{"@type":"SearchAction","target":{"@type":"EntryPoint","urlTemplate":"https:\/\/blogit.gradia.fi\/bakingmoments\/?s={search_term_string}"},"query-input":{"@type":"PropertyValueSpecification","valueRequired":true,"valueName":"search_term_string"}}],"inLanguage":"fi"}]}},"uagb_featured_image_src":{"full":false,"thumbnail":false,"medium":false,"medium_large":false,"large":false,"1536x1536":false,"2048x2048":false,"post-thumbnail":false},"uagb_author_info":{"display_name":"Riikka \u00c5lander","author_link":"https:\/\/blogit.gradia.fi\/bakingmoments\/author\/ao184244\/"},"uagb_comment_info":0,"uagb_excerpt":"Kirjoittelen kuulumisia t\u00e4\u00e4lt\u00e4 Saksasta, jossa teen kuuden viikon mittaista harjoittelua leipuri-kondiittori opintojani varten. T\u00e4m\u00e4 on jo kolmas kerta kun el\u00e4m\u00e4ni aikana teen harjoittelua ulkomailla ja joka kerta yll\u00e4tyksi\u00e4 tulee matkan varrella. Katsotaan siis mit\u00e4 t\u00e4ll\u00e4 kertaa tapahtuu.","_links":{"self":[{"href":"https:\/\/blogit.gradia.fi\/bakingmoments\/wp-json\/wp\/v2\/pages\/2","targetHints":{"allow":["GET"]}}],"collection":[{"href":"https:\/\/blogit.gradia.fi\/bakingmoments\/wp-json\/wp\/v2\/pages"}],"about":[{"href":"https:\/\/blogit.gradia.fi\/bakingmoments\/wp-json\/wp\/v2\/types\/page"}],"author":[{"embeddable":true,"href":"https:\/\/blogit.gradia.fi\/bakingmoments\/wp-json\/wp\/v2\/users\/109"}],"replies":[{"embeddable":true,"href":"https:\/\/blogit.gradia.fi\/bakingmoments\/wp-json\/wp\/v2\/comments?post=2"}],"version-history":[{"count":4,"href":"https:\/\/blogit.gradia.fi\/bakingmoments\/wp-json\/wp\/v2\/pages\/2\/revisions"}],"predecessor-version":[{"id":26,"href":"https:\/\/blogit.gradia.fi\/bakingmoments\/wp-json\/wp\/v2\/pages\/2\/revisions\/26"}],"wp:attachment":[{"href":"https:\/\/blogit.gradia.fi\/bakingmoments\/wp-json\/wp\/v2\/media?parent=2"}],"curies":[{"name":"wp","href":"https:\/\/api.w.org\/{rel}","templated":true}]}}