{"id":36,"date":"2019-04-17T18:26:47","date_gmt":"2019-04-17T15:26:47","guid":{"rendered":"https:\/\/blogit.gradia.fi\/ar4gadia\/?page_id=36"},"modified":"2019-04-17T19:58:19","modified_gmt":"2019-04-17T16:58:19","slug":"ar4vet","status":"publish","type":"page","link":"https:\/\/blogit.gradia.fi\/ar4gradia\/ar4vet\/","title":{"rendered":"AR4VET Augmented Reality for Vocational Education and Training &#8211; Teasers for Teachers and Trainers"},"content":{"rendered":"\n<figure class=\"wp-block-image is-resized\"><img loading=\"lazy\" decoding=\"async\" src=\"https:\/\/blogit.gradia.fi\/ar4gadia\/wp-content\/uploads\/sites\/58\/2019\/04\/Logo-AR4VET.jpg\" alt=\"\" class=\"wp-image-17\" width=\"101\" height=\"122\" \/><\/figure>\n\n\n\n<h2 class=\"wp-block-heading\">AR4VET Augmented Reality for Vocational Education and Training &#8211; Teasers for Teachers and Trainers<\/h2>\n\n\n\n<p style=\"text-align:center\"><a href=\"https:\/\/ar4vet.com\/\">https:\/\/ar4vet.com\/<\/a><\/p>\n\n\n\n<p>AR4VET on\nErasmus+ -rahoitteinen hanke, joka tutkii ja kehitt\u00e4\u00e4 lis\u00e4tyn todellisuuden\nk\u00e4ytt\u00f6\u00e4 ammatillisessa koulutuksessa. Hanke on alkanut syyskuussa 2017 ja\njatkuu elokuun 2019 loppuun. Hankkeen koordinaattori on Saksasta ja muut\npartnerit Sloveniasta, Hollannista ja Kyprokselta. Suomea edustaa Gradia J\u00e4ms\u00e4.<\/p>\n\n\n\n<p>Kukin\nosallistujamaa tutkii lis\u00e4tty\u00e4 todellisuutta eri aloilla erilaisilla\nAR-laseilla. Edustettuina ovat kemia\/laboratorio, arkkitehtuuri\/rakennus ja ICT\nsek\u00e4 meill\u00e4 Gradiassa autoala. Tutkimme my\u00f6s eri AR-lasien kanssa yhteensopivia\nty\u00f6tapoja ja sovelluksia. Hanke tuottaa verkkokurssin ja koulutusmateriaalia\nopettajien ja kouluttajien koulutukseen sek\u00e4 valmiita tuntisuunnitelmapohjia ja\nopetusmateriaalia opetuksessa hy\u00f6dynnett\u00e4v\u00e4ksi.<\/p>\n\n\n\n<div class=\"wp-block-image\"><figure class=\"aligncenter is-resized\"><img loading=\"lazy\" decoding=\"async\" src=\"https:\/\/blogit.gradia.fi\/ar4gadia\/wp-content\/uploads\/sites\/58\/2019\/04\/AR4VET-promokuva-JA-pieni.jpg\" alt=\"\" class=\"wp-image-37\" width=\"507\" height=\"337\" \/><\/figure><\/div>\n\n\n\n<p>Lis\u00e4tyn\ntodellisuuden toivotaan tuovan opetukseen lis\u00e4arvoa, joka lis\u00e4isi\nopiskelijoiden motivaatiota ja auttaisi opettajaa esim. opetuksen\neriytt\u00e4misess\u00e4. Sen avulla voidaan oppilaitosymp\u00e4rist\u00f6ss\u00e4 esitt\u00e4\u00e4 ja tehd\u00e4\nkonkreettisiksi sellaisiakin prosesseja, jotka muuten olisivat mahdottomia,\njopa vaarallisia, esitt\u00e4\u00e4 opiskelijoille. AR-lasien avulla opiskelija ja\nopettaja tai ty\u00f6paikkaohjaaja voivat olla yhteydess\u00e4 toisiinsa, opettaja voi\nseurata opiskelijan ty\u00f6skentely\u00e4 ty\u00f6paikalla joko liven\u00e4 tai opiskelija voi\nnauhoittaa ty\u00f6skentely\u00e4\u00e4n opettajan my\u00f6hemmin tekem\u00e4\u00e4 arviointia varten.<\/p>\n\n\n\n<p>Lis\u00e4tty\ntodellisuuden eri sovellusten k\u00e4ytt\u00f6 teollisuudessa lis\u00e4\u00e4ntyy koko ajan ja\nopiskelijat joutuvat sen kanssa kosketuksiin ty\u00f6el\u00e4m\u00e4ss\u00e4. Sen k\u00e4ytt\u00f6\u00e4\nammatillisessa koulutuksessa on siis syyt\u00e4 tutkia ja laajentaa nopealla\naikataululla.<\/p>\n\n\n\n<p>Lis\u00e4tietoja hankkeesta Sari Lehtonotko, Gradia J\u00e4ms\u00e4, p. 040&nbsp;341 4393 tai sposti <a href=\"mailto:sari.lehtonotko@gradia.fi\">sari.lehtonotko@gradia.fi<\/a>. <\/p>\n\n\n\n<div class=\"wp-block-image\"><figure class=\"alignright is-resized\"><img loading=\"lazy\" decoding=\"async\" src=\"https:\/\/blogit.gradia.fi\/ar4gadia\/wp-content\/uploads\/sites\/58\/2019\/04\/logosbeneficaireserasmusleft_fi.jpg\" alt=\"\" class=\"wp-image-38\" width=\"356\" height=\"78\" \/><\/figure><\/div>\n","protected":false},"excerpt":{"rendered":"<p>AR4VET Augmented Reality for Vocational Education and Training &#8211; Teasers for Teachers and Trainers https:\/\/ar4vet.com\/ AR4VET on Erasmus+ -rahoitteinen hanke, joka tutkii ja kehitt\u00e4\u00e4 lis\u00e4tyn todellisuuden k\u00e4ytt\u00f6\u00e4 ammatillisessa koulutuksessa. Hanke on alkanut syyskuussa 2017 ja jatkuu elokuun 2019 loppuun. Hankkeen koordinaattori on Saksasta ja muut partnerit Sloveniasta, Hollannista ja Kyprokselta. Suomea edustaa Gradia J\u00e4ms\u00e4. Kukin &#8230; <a title=\"AR4VET Augmented Reality for Vocational Education and Training &#8211; Teasers for Teachers and Trainers\" class=\"read-more\" href=\"https:\/\/blogit.gradia.fi\/ar4gradia\/ar4vet\/\" aria-label=\"Lue lis\u00e4\u00e4 aiheesta AR4VET Augmented Reality for Vocational Education and Training &#8211; Teasers for Teachers and Trainers\">Lue lis\u00e4\u00e4<\/a><\/p>\n","protected":false},"author":162,"featured_media":0,"parent":0,"menu_order":0,"comment_status":"closed","ping_status":"closed","template":"","meta":{"_uag_custom_page_level_css":"","footnotes":""},"class_list":["post-36","page","type-page","status-publish"],"yoast_head":"<!-- This site is optimized with the Yoast SEO plugin v27.3 - https:\/\/yoast.com\/product\/yoast-seo-wordpress\/ -->\n<title>AR4VET Augmented Reality for Vocational Education and Training - Teasers for Teachers and Trainers - AR4Gradia<\/title>\n<meta name=\"robots\" content=\"index, follow, max-snippet:-1, max-image-preview:large, max-video-preview:-1\" \/>\n<link rel=\"canonical\" href=\"https:\/\/blogit.gradia.fi\/ar4gradia\/ar4vet\/\" \/>\n<meta property=\"og:locale\" content=\"fi_FI\" \/>\n<meta property=\"og:type\" content=\"article\" \/>\n<meta property=\"og:title\" content=\"AR4VET Augmented Reality for Vocational Education and Training - Teasers for Teachers and Trainers - AR4Gradia\" \/>\n<meta property=\"og:description\" content=\"AR4VET Augmented Reality for Vocational Education and Training &#8211; Teasers for Teachers and Trainers https:\/\/ar4vet.com\/ AR4VET on Erasmus+ -rahoitteinen hanke, joka tutkii ja kehitt\u00e4\u00e4 lis\u00e4tyn todellisuuden k\u00e4ytt\u00f6\u00e4 ammatillisessa koulutuksessa. Hanke on alkanut syyskuussa 2017 ja jatkuu elokuun 2019 loppuun. Hankkeen koordinaattori on Saksasta ja muut partnerit Sloveniasta, Hollannista ja Kyprokselta. Suomea edustaa Gradia J\u00e4ms\u00e4. Kukin ... Lue lis\u00e4\u00e4\" \/>\n<meta property=\"og:url\" content=\"https:\/\/blogit.gradia.fi\/ar4gradia\/ar4vet\/\" \/>\n<meta property=\"og:site_name\" content=\"AR4Gradia\" \/>\n<meta property=\"article:modified_time\" content=\"2019-04-17T16:58:19+00:00\" \/>\n<meta property=\"og:image\" content=\"https:\/\/blogit.gradia.fi\/ar4gadia\/wp-content\/uploads\/sites\/58\/2019\/04\/Logo-AR4VET.jpg\" \/>\n<meta name=\"twitter:card\" content=\"summary_large_image\" \/>\n<meta name=\"twitter:label1\" content=\"Arvioitu lukuaika\" \/>\n\t<meta name=\"twitter:data1\" content=\"1 minuutti\" \/>\n<script type=\"application\/ld+json\" class=\"yoast-schema-graph\">{\"@context\":\"https:\\\/\\\/schema.org\",\"@graph\":[{\"@type\":\"WebPage\",\"@id\":\"https:\\\/\\\/blogit.gradia.fi\\\/ar4gradia\\\/ar4vet\\\/\",\"url\":\"https:\\\/\\\/blogit.gradia.fi\\\/ar4gradia\\\/ar4vet\\\/\",\"name\":\"AR4VET Augmented Reality for Vocational Education and Training - Teasers for Teachers and Trainers - AR4Gradia\",\"isPartOf\":{\"@id\":\"https:\\\/\\\/blogit.gradia.fi\\\/ar4gradia\\\/#website\"},\"primaryImageOfPage\":{\"@id\":\"https:\\\/\\\/blogit.gradia.fi\\\/ar4gradia\\\/ar4vet\\\/#primaryimage\"},\"image\":{\"@id\":\"https:\\\/\\\/blogit.gradia.fi\\\/ar4gradia\\\/ar4vet\\\/#primaryimage\"},\"thumbnailUrl\":\"https:\\\/\\\/blogit.gradia.fi\\\/ar4gadia\\\/wp-content\\\/uploads\\\/sites\\\/58\\\/2019\\\/04\\\/Logo-AR4VET.jpg\",\"datePublished\":\"2019-04-17T15:26:47+00:00\",\"dateModified\":\"2019-04-17T16:58:19+00:00\",\"breadcrumb\":{\"@id\":\"https:\\\/\\\/blogit.gradia.fi\\\/ar4gradia\\\/ar4vet\\\/#breadcrumb\"},\"inLanguage\":\"fi\",\"potentialAction\":[{\"@type\":\"ReadAction\",\"target\":[\"https:\\\/\\\/blogit.gradia.fi\\\/ar4gradia\\\/ar4vet\\\/\"]}]},{\"@type\":\"ImageObject\",\"inLanguage\":\"fi\",\"@id\":\"https:\\\/\\\/blogit.gradia.fi\\\/ar4gradia\\\/ar4vet\\\/#primaryimage\",\"url\":\"https:\\\/\\\/blogit.gradia.fi\\\/ar4gadia\\\/wp-content\\\/uploads\\\/sites\\\/58\\\/2019\\\/04\\\/Logo-AR4VET.jpg\",\"contentUrl\":\"https:\\\/\\\/blogit.gradia.fi\\\/ar4gadia\\\/wp-content\\\/uploads\\\/sites\\\/58\\\/2019\\\/04\\\/Logo-AR4VET.jpg\"},{\"@type\":\"BreadcrumbList\",\"@id\":\"https:\\\/\\\/blogit.gradia.fi\\\/ar4gradia\\\/ar4vet\\\/#breadcrumb\",\"itemListElement\":[{\"@type\":\"ListItem\",\"position\":1,\"name\":\"Home\",\"item\":\"https:\\\/\\\/blogit.gradia.fi\\\/ar4gradia\\\/\"},{\"@type\":\"ListItem\",\"position\":2,\"name\":\"AR4VET Augmented Reality for Vocational Education and Training &#8211; Teasers for Teachers and Trainers\"}]},{\"@type\":\"WebSite\",\"@id\":\"https:\\\/\\\/blogit.gradia.fi\\\/ar4gradia\\\/#website\",\"url\":\"https:\\\/\\\/blogit.gradia.fi\\\/ar4gradia\\\/\",\"name\":\"AR4Gradia\",\"description\":\"Lis\u00e4tty\u00e4 todellisuutta Gradiassa\",\"potentialAction\":[{\"@type\":\"SearchAction\",\"target\":{\"@type\":\"EntryPoint\",\"urlTemplate\":\"https:\\\/\\\/blogit.gradia.fi\\\/ar4gradia\\\/?s={search_term_string}\"},\"query-input\":{\"@type\":\"PropertyValueSpecification\",\"valueRequired\":true,\"valueName\":\"search_term_string\"}}],\"inLanguage\":\"fi\"}]}<\/script>\n<!-- \/ Yoast SEO plugin. -->","yoast_head_json":{"title":"AR4VET Augmented Reality for Vocational Education and Training - Teasers for Teachers and Trainers - AR4Gradia","robots":{"index":"index","follow":"follow","max-snippet":"max-snippet:-1","max-image-preview":"max-image-preview:large","max-video-preview":"max-video-preview:-1"},"canonical":"https:\/\/blogit.gradia.fi\/ar4gradia\/ar4vet\/","og_locale":"fi_FI","og_type":"article","og_title":"AR4VET Augmented Reality for Vocational Education and Training - Teasers for Teachers and Trainers - AR4Gradia","og_description":"AR4VET Augmented Reality for Vocational Education and Training &#8211; Teasers for Teachers and Trainers https:\/\/ar4vet.com\/ AR4VET on Erasmus+ -rahoitteinen hanke, joka tutkii ja kehitt\u00e4\u00e4 lis\u00e4tyn todellisuuden k\u00e4ytt\u00f6\u00e4 ammatillisessa koulutuksessa. Hanke on alkanut syyskuussa 2017 ja jatkuu elokuun 2019 loppuun. Hankkeen koordinaattori on Saksasta ja muut partnerit Sloveniasta, Hollannista ja Kyprokselta. Suomea edustaa Gradia J\u00e4ms\u00e4. Kukin ... Lue lis\u00e4\u00e4","og_url":"https:\/\/blogit.gradia.fi\/ar4gradia\/ar4vet\/","og_site_name":"AR4Gradia","article_modified_time":"2019-04-17T16:58:19+00:00","og_image":[{"url":"https:\/\/blogit.gradia.fi\/ar4gadia\/wp-content\/uploads\/sites\/58\/2019\/04\/Logo-AR4VET.jpg","type":"","width":"","height":""}],"twitter_card":"summary_large_image","twitter_misc":{"Arvioitu lukuaika":"1 minuutti"},"schema":{"@context":"https:\/\/schema.org","@graph":[{"@type":"WebPage","@id":"https:\/\/blogit.gradia.fi\/ar4gradia\/ar4vet\/","url":"https:\/\/blogit.gradia.fi\/ar4gradia\/ar4vet\/","name":"AR4VET Augmented Reality for Vocational Education and Training - Teasers for Teachers and Trainers - AR4Gradia","isPartOf":{"@id":"https:\/\/blogit.gradia.fi\/ar4gradia\/#website"},"primaryImageOfPage":{"@id":"https:\/\/blogit.gradia.fi\/ar4gradia\/ar4vet\/#primaryimage"},"image":{"@id":"https:\/\/blogit.gradia.fi\/ar4gradia\/ar4vet\/#primaryimage"},"thumbnailUrl":"https:\/\/blogit.gradia.fi\/ar4gadia\/wp-content\/uploads\/sites\/58\/2019\/04\/Logo-AR4VET.jpg","datePublished":"2019-04-17T15:26:47+00:00","dateModified":"2019-04-17T16:58:19+00:00","breadcrumb":{"@id":"https:\/\/blogit.gradia.fi\/ar4gradia\/ar4vet\/#breadcrumb"},"inLanguage":"fi","potentialAction":[{"@type":"ReadAction","target":["https:\/\/blogit.gradia.fi\/ar4gradia\/ar4vet\/"]}]},{"@type":"ImageObject","inLanguage":"fi","@id":"https:\/\/blogit.gradia.fi\/ar4gradia\/ar4vet\/#primaryimage","url":"https:\/\/blogit.gradia.fi\/ar4gadia\/wp-content\/uploads\/sites\/58\/2019\/04\/Logo-AR4VET.jpg","contentUrl":"https:\/\/blogit.gradia.fi\/ar4gadia\/wp-content\/uploads\/sites\/58\/2019\/04\/Logo-AR4VET.jpg"},{"@type":"BreadcrumbList","@id":"https:\/\/blogit.gradia.fi\/ar4gradia\/ar4vet\/#breadcrumb","itemListElement":[{"@type":"ListItem","position":1,"name":"Home","item":"https:\/\/blogit.gradia.fi\/ar4gradia\/"},{"@type":"ListItem","position":2,"name":"AR4VET Augmented Reality for Vocational Education and Training &#8211; Teasers for Teachers and Trainers"}]},{"@type":"WebSite","@id":"https:\/\/blogit.gradia.fi\/ar4gradia\/#website","url":"https:\/\/blogit.gradia.fi\/ar4gradia\/","name":"AR4Gradia","description":"Lis\u00e4tty\u00e4 todellisuutta Gradiassa","potentialAction":[{"@type":"SearchAction","target":{"@type":"EntryPoint","urlTemplate":"https:\/\/blogit.gradia.fi\/ar4gradia\/?s={search_term_string}"},"query-input":{"@type":"PropertyValueSpecification","valueRequired":true,"valueName":"search_term_string"}}],"inLanguage":"fi"}]}},"uagb_featured_image_src":{"full":false,"thumbnail":false,"medium":false,"medium_large":false,"large":false,"1536x1536":false,"2048x2048":false},"uagb_author_info":{"display_name":"Sari Lehtonotko","author_link":"https:\/\/blogit.gradia.fi\/ar4gradia\/author\/lehtosar\/"},"uagb_comment_info":0,"uagb_excerpt":"AR4VET Augmented Reality for Vocational Education and Training &#8211; Teasers for Teachers and Trainers https:\/\/ar4vet.com\/ AR4VET on Erasmus+ -rahoitteinen hanke, joka tutkii ja kehitt\u00e4\u00e4 lis\u00e4tyn todellisuuden k\u00e4ytt\u00f6\u00e4 ammatillisessa koulutuksessa. Hanke on alkanut syyskuussa 2017 ja jatkuu elokuun 2019 loppuun. Hankkeen koordinaattori on Saksasta ja muut partnerit Sloveniasta, Hollannista ja Kyprokselta. Suomea edustaa Gradia J\u00e4ms\u00e4. Kukin&hellip;","_links":{"self":[{"href":"https:\/\/blogit.gradia.fi\/ar4gradia\/wp-json\/wp\/v2\/pages\/36","targetHints":{"allow":["GET"]}}],"collection":[{"href":"https:\/\/blogit.gradia.fi\/ar4gradia\/wp-json\/wp\/v2\/pages"}],"about":[{"href":"https:\/\/blogit.gradia.fi\/ar4gradia\/wp-json\/wp\/v2\/types\/page"}],"author":[{"embeddable":true,"href":"https:\/\/blogit.gradia.fi\/ar4gradia\/wp-json\/wp\/v2\/users\/162"}],"replies":[{"embeddable":true,"href":"https:\/\/blogit.gradia.fi\/ar4gradia\/wp-json\/wp\/v2\/comments?post=36"}],"version-history":[{"count":3,"href":"https:\/\/blogit.gradia.fi\/ar4gradia\/wp-json\/wp\/v2\/pages\/36\/revisions"}],"predecessor-version":[{"id":54,"href":"https:\/\/blogit.gradia.fi\/ar4gradia\/wp-json\/wp\/v2\/pages\/36\/revisions\/54"}],"wp:attachment":[{"href":"https:\/\/blogit.gradia.fi\/ar4gradia\/wp-json\/wp\/v2\/media?parent=36"}],"curies":[{"name":"wp","href":"https:\/\/api.w.org\/{rel}","templated":true}]}}