{"id":516,"date":"2014-12-08T21:24:43","date_gmt":"2014-12-08T19:24:43","guid":{"rendered":"https:\/\/blogit.gradia.fi\/anniinatuomijarvi\/?page_id=516"},"modified":"2014-12-08T21:24:43","modified_gmt":"2014-12-08T19:24:43","slug":"osaamiseni","status":"publish","type":"page","link":"https:\/\/blogit.gradia.fi\/anniinatuomijarvi\/osaamiseni\/","title":{"rendered":"Osaamiseni"},"content":{"rendered":"<h1>Anniina Tuomij\u00e4rvi<\/h1>\n<p>Olen vuonna 1996 syntynyt tytt\u00f6 J\u00e4ms\u00e4st\u00e4 ja opiskelin ty\u00f6ss\u00e4oppimispainoitteisella, R-luokalla Jyv\u00e4skyl\u00e4n ammattiopistossa, kaupan yksik\u00f6ss\u00e4. R-luokka oli minulle se mieleisin, koska se eroaa ns. normaalista luokasta siten, ett\u00e4 kun normaali luokka opiskelee 5 p\u00e4iv\u00e4\u00e4 viikossa, me olimme 3 p\u00e4iv\u00e4\u00e4 viikossa t\u00f6iss\u00e4 ja 2 p\u00e4iv\u00e4\u00e4 koulussa. Valitsin alun perin R-luokan pitkien koulumatkojeni takia, koska R-luokan ansiosta pystyin tekem\u00e4\u00e4n ty\u00f6ss\u00e4oppimiset kotikaupungissani. Ajan kuluessa huomasin pit\u00e4v\u00e4ni k\u00e4yt\u00e4nn\u00f6n t\u00f6ist\u00e4 enemm\u00e4n kuin perinteisesti koulussa istumisesta.<\/p>\n<p>Minulla on ollut onni saada monenlaisia ty\u00f6ss\u00e4oppimispaikkoja, koska halusin n\u00e4hd\u00e4 kuinka t\u00f6it\u00e4 tehd\u00e4\u00e4n erilaisissa yrityksiss\u00e4. Olin luontaistuotteita myyv\u00e4ss\u00e4 kaupassa, leipomon tehtaanmyym\u00e4l\u00e4ss\u00e4, lastenvaateliikkeess\u00e4 sek\u00e4 osuuskunnan ty\u00f6ntekij\u00e4n\u00e4 ett\u00e4 tilitoimistossa. Osallistuin my\u00f6s opintojeni aikana Taitaja 2014 kilpailun semifinaaleihin asiakaspalvelun tuoteneuvontaan. Olen suorittanut ik\u00e4rajapassin ja mestarimyyj\u00e4 koulutukseen.<a name=\"_Toc404540924\"><\/a><\/p>\n<p><strong>Ty\u00f6el\u00e4m\u00e4osaaminen<\/strong><\/p>\n<p>R-luokalla opiskelu on vaikuttanut suuresti asenteeseeni ty\u00f6el\u00e4m\u00e4\u00e4 kohtaan. Olen n\u00e4hnyt niin yritt\u00e4j\u00e4n kuin asiakkaan kannalta erilaisten asioiden uusia puolia. Suurin asenteeseeni vaikuttanut asia on yritt\u00e4minen. Ennen ajattelin siit\u00e4 vain negatiivisia puolia eniten, mutta nyky\u00e4\u00e4n huomaan ajattelevani enemm\u00e4n asioita hyvinkin positiivisisesti.<\/p>\n<p>R-luokalla opiskelu on my\u00f6s vaikuttanut minuun ihmisen\u00e4kin hyvin paljon; olen oppinut uusia taitoja (mm. n\u00e4yteikkunan somistamista ja kassaty\u00f6skentelyyn kuuluvia teht\u00e4vi\u00e4), joita en ehk\u00e4 olisi ehtinyt oppimaan ns. tavallisen luokan ty\u00f6ss\u00e4oppimisjakson aikana. Olen tullut enemm\u00e4n oma-aloitteisemmaksi, rohkeammaksi ja vastuuntuntoiseksi ihmisen\u00e4. Olen siis muuttunut R-luokan ansiosta paremmaksi ty\u00f6ntekij\u00e4ksi sek\u00e4 asiakaspalvelijaksi. N\u00e4ihin asioihin olen saanut vahvistusta yritysten asiakkailta sek\u00e4 itse yritt\u00e4jilt\u00e4.<\/p>\n<p>Valitsin melkein jokaiselle ty\u00f6ss\u00e4oppimisjaksolle uuden ty\u00f6ss\u00e4oppimispaikan. Kyse ei ollut siit\u00e4, ettenk\u00f6 olisi viihtynyt tai saanut jatkaa yrityksiss\u00e4 vaan halusin ottaa ty\u00f6ss\u00e4oppimisista kaiken irti ja n\u00e4hd\u00e4 erilaisia yrityksi\u00e4 toimintapoineen. N\u00e4iden jaksojen j\u00e4lkeen olen huomannut oppineeni sellaisiakin asioita ja toimintatapoja, joita ei minulle ole koulussa opetettu.<\/p>\n<p>Olen ty\u00f6skennellyt opiskelujeni aikana seuraavissa yrityksiss\u00e4:<strong><em><br \/>\n<\/em><\/strong><\/p>\n<p><a name=\"_Toc404540925\"><\/a><strong>Jokilaakson Luontaispuoti Oy<\/strong> (9.11.2012-21.12.2012)<\/p>\n<p>&#8211; Kassaty\u00f6skentely\u00e4, johon sis\u00e4ltyi my\u00f6skin kassanlaskentaa<\/p>\n<p>&#8211; Palvelutilanteiden ja niiden j\u00e4lkitoimien hoitaminen<\/p>\n<p>&#8211; Ty\u00f6ymp\u00e4rist\u00f6st\u00e4 huolehtiminen<\/p>\n<p>&#8211; Tuotteiden hyllytys ja varastoiminen<\/p>\n<p>&#8211; Ulkoisen ja sis\u00e4isen asiakkaan palvelu<\/p>\n<p>&#8211; Asiakkaiden palvelu englanniksi<\/p>\n<p>&#8211; Inventaario<\/p>\n<p><a name=\"_Toc404540926\"><\/a><strong>Elonen Oy leipomo<\/strong> (4.3.2013-31.5.2013)<\/p>\n<p>&#8211; Kassaty\u00f6skentely, johon kuului my\u00f6skin kassan laskenta<\/p>\n<p>&#8211; Myym\u00e4l\u00e4n avaus- ja sulkemistoimet<\/p>\n<p>&#8211; Myym\u00e4l\u00e4ilmeen seuranta ja yll\u00e4pito<\/p>\n<p>&#8211; Tuotteiden esillepano ja hintamerkint\u00f6jen teko<\/p>\n<p>&#8211; Muusta (tarvittavasta) asiakasinformaatiosta huolehtiminen<\/p>\n<p><a name=\"_Toc404540927\"><\/a><strong>Kimperi, Tmi Sahikallio<\/strong> (2.9.2013-18.12.2013)<\/p>\n<p>&#8211; Kassaty\u00f6skentely<\/p>\n<p>&#8211; Esillepanon\/kampanjan toteuttaminen ohjeistuksen pohjalta<\/p>\n<p>&#8211; Myym\u00e4l\u00e4ilmeen seuranta ja yll\u00e4pito<\/p>\n<p>&#8211; Tuotteiden hyllytys ja varastointi<\/p>\n<p>&#8211; Hintamerkint\u00f6jen teko<\/p>\n<p>&#8211; N\u00e4yteikkunoiden suunnittelu\/toteuttaminen<\/p>\n<p><strong>Taitaja 2014 -semifinaali<\/strong> (16.01.2014)<br \/>\nJyv\u00e4skyl\u00e4, Sepp\u00e4l\u00e4n Prisma<\/p>\n<p>&#8211; Tuote-esittely-, myynti ja neuvontatilainteiden suunnitteleminen ja valmisteleminen<\/p>\n<p>&#8211; Tuotteiden esitteleminen ja myyminen<\/p>\n<p>&#8211; Asiakkaiden neuvominen tuotteiden hankinnassa ja k\u00e4yt\u00f6ss\u00e4<\/p>\n<p>&#8211; Oman ty\u00f6n tuloksellisuuden seuraaminen<\/p>\n<p><a name=\"_Toc404540928\"><\/a><strong>HetiAvuks<\/strong> (3.3.2014-28.5.2014)<\/p>\n<p>&#8211; Toimistoteht\u00e4v\u00e4t (mm. laskutus ja mapitus)<\/p>\n<p>&#8211; Myym\u00e4l\u00e4ilmeen seuranta ja yll\u00e4pito<\/p>\n<p>&#8211; Ty\u00f6ymp\u00e4rist\u00f6st\u00e4 huolehtiminen<\/p>\n<p>&#8211; Asiakasinformaatiosta huolehtiminen<\/p>\n<p>&#8211; Palvelutilanteiden hoitaminen<\/p>\n<p><a name=\"_Toc404540929\"><\/a><strong>TMI TOIMISTO-REK<\/strong> (11.8.2014-10.11.2014)<\/p>\n<p>&#8211; Toimistoteht\u00e4v\u00e4t (mm. asiakkaiden kassakirjojen, kassamyyntien ja -raporttien tarkastamiset\/t\u00e4sm\u00e4ytykset, pankkitilien tarkastamiset, tili\u00f6inti, tilinp\u00e4\u00e4t\u00f6s, tasekirja, veroilmoitus)<\/p>\n<p>&#8211; Kirjanpidon eri vaiheiden tekeminen<\/p>\n<p>&#8211; Kustannuslaskennan ja budjetoinnin tekeminen<\/p>\n<p>&#8211; Myym\u00e4l\u00e4ilmeen seuranta ja yll\u00e4pito, sis\u00e4lt\u00e4en ikkunasomistuksen<\/p>\n<p>&#8211; Ty\u00f6ymp\u00e4rist\u00f6st\u00e4 huolehtiminen<\/p>\n<p>&#8211; Asiakasinformaatiosta huolehtiminen<\/p>\n<p>&#8211; Palvelutilanteiden hoitaminen<\/p>\n<p>&#8211; Myyntineuvotteluihin osallistuminen<\/p>\n<p>&#8211; Postitus- yms. asioinnit<a name=\"_Toc404540931\"><\/a><\/p>\n<p>&nbsp;<\/p>\n<p><strong>Opinnot<\/strong><\/p>\n<p><a name=\"_Toc404540932\"><\/a><strong><em>Asiakaspalvelu<\/em><\/strong><\/p>\n<p>Opiskelin asiakaspalvelun kurssilla asiakaspalvelua sek\u00e4 teoriassa ett\u00e4 k\u00e4yt\u00e4nn\u00f6ss\u00e4. Sain perustiedot asiakaspalveluteht\u00e4viss\u00e4 toimimiseen kaikenlaisissa tilanteissa ja ohjeet erilaisten ihmisten huomioimiseen ja sitten opiskelu jatkui ty\u00f6ss\u00e4oppimisella. Opiskelin asiakaspalvelua suomeksi ja hallitsen sen kiitett\u00e4v\u00e4sti. Opiskeluuni kuuluivat my\u00f6skin asiakaspalvelun perusteita ruotsin ja englannin kielell\u00e4 ja mielest\u00e4ni hallitsen ne hyvin. Kurssilla k\u00e4vimme l\u00e4pi my\u00f6s yrityksess\u00e4 toimimista, jossa perehdyimme yrityksen budjetointiin sek\u00e4 kustannuslaskentaan. K\u00e4ytimme paljon erilaisia ohjelmia, kuten wordia, exceli\u00e4 sek\u00e4 powerpointia. Olen oppinut k\u00e4ytt\u00e4m\u00e4\u00e4n ym. ohjelmia ja hallitsen niit\u00e4 kiitett\u00e4v\u00e4sti. Opiskelin my\u00f6s yleisesti yrityksen toimintaa ja ty\u00f6el\u00e4m\u00e4n pelis\u00e4\u00e4nt\u00f6j\u00e4 yleisesti.<a name=\"_Toc404540933\"><\/a><\/p>\n<p><em><strong>Visuaalinen myyntity\u00f6<\/strong><\/em><\/p>\n<p>Opiskelin yrityksen visuaalista myyntity\u00f6t\u00e4 teoriassa ja k\u00e4yt\u00e4nn\u00f6ss\u00e4 mm. siten, ett\u00e4 koulussa teimme n\u00e4yteikkunoita. Visuaalisen myyntity\u00f6n tukena my\u00f6s opiskeltiin muita ty\u00f6v\u00e4lineohjelmia, kuten Illustratorin sek\u00e4 Photoshopia. N\u00e4ihin opintoihin sain vahvistuta ty\u00f6ss\u00e4oppimisessa tehden yritykselle kaikkia taitojani hy\u00f6dynt\u00e4en k\u00e4yntikortin, esitteen, mainoksen sek\u00e4 joulukortin kiitokseksi kuluneesta vuodesta. Suoriuduin n\u00e4ist\u00e4kin teht\u00e4vist\u00e4 kiitett\u00e4v\u00e4sti.<\/p>\n<p><em><strong>Kaupan palvelu ja myynti<\/strong><\/em><\/p>\n<p>Opiskelin myyntineuvottelutaitoja suomeksi, ruotsiksi ja englanniksi ja osaan n\u00e4m\u00e4 mielest\u00e4ni hyvin. Opiskeluun kuului my\u00f6s myyntity\u00f6t\u00e4 niin teoriassa kuin k\u00e4yt\u00e4nn\u00f6ss\u00e4 ja suoritin mestarimyyj\u00e4n koulutuksen, jossa onnistuin hyvin. Opiskelin my\u00f6s kaupan matematiikkaa, joka on tulevien ty\u00f6paikkojen kannalta erityisen t\u00e4rke\u00e4\u00e4, jotta osaisin paremmin kaikki hinnoittelut yms. asiat.<a name=\"_Toc404540935\"><\/a><\/p>\n<p><em><strong>Toiminnan kannattavuuden suunnittelu<\/strong><\/em><\/p>\n<p>Opiskelin kustannuslaskentaa sek\u00e4 budjetointia teoriassa ja p\u00e4\u00e4sin toteuttamaan n\u00e4it\u00e4 ty\u00f6ss\u00e4oppimispaikallani k\u00e4yt\u00e4nn\u00f6ss\u00e4 erilaisten yritysmuotojen osalta. Kannattavuuden opiskelussa teimme kustannuslaskennan ja budjetoinnin laskelmia ja n\u00e4iden osaaminen auttoi ty\u00f6ss\u00e4oppimisen aikana melkoisesti, sill\u00e4 jouduin tekem\u00e4\u00e4n niit\u00e4 eri yrityksille. Kannattavuuden ymm\u00e4rt\u00e4minen yritystoiminnassa on erityisen t\u00e4rke\u00e4\u00e4 jokaiselle ty\u00f6ntekij\u00e4lle, sill\u00e4 sen my\u00f6t\u00e4 voi jokainen muuttaa asenteitaan yritystoiminnan jatkuvuudelle.<a name=\"_Toc404540936\"><\/a><\/p>\n<p><em><strong>Tuoteneuvonta<\/strong><\/em><\/p>\n<p>Tuoteneuvonnan kurssilla k\u00e4vimme l\u00e4pi teoriassa p\u00e4\u00e4asiassa tuote-esittely\u00e4. K\u00e4yt\u00e4nn\u00f6ss\u00e4 p\u00e4\u00e4sin testaamaan taitojani Taitaja 2014 \u2013 semifinaaleissa, jossa osallistuin kilpailuun tuote-esittelij\u00e4n\u00e4. Ennen kilpailua k\u00e4vimme opettajan ja kahden muun tyt\u00f6n kanssa l\u00e4pi kilpailus\u00e4\u00e4nt\u00f6j\u00e4, opiskelimme tuotetietoutta ja harjoittelimme tulevaa kilpailua varten leikkimielisell\u00e4 tuote-esittelyll\u00e4. Varsinainen kilpailu pidettiin Jyv\u00e4skyl\u00e4ss\u00e4, Sepp\u00e4l\u00e4n Prismassa, jonne osallistui paljon ihmisi\u00e4 muistakin kouluista ymp\u00e4ri Suomen. Kilpailun arvioi viralliset tuomarit ja heid\u00e4n mukaan p\u00e4rj\u00e4sin tuote-esittelyss\u00e4 kiitett\u00e4v\u00e4sti. Kurssilla opettelin viel\u00e4 tuoteneuvonnan suullinen englannin sek\u00e4 ruotsin, joista suoriuduin kiitett\u00e4v\u00e4sti. Sain opettajalta lis\u00e4palautteena, ett\u00e4 kaikki ty\u00f6nj\u00e4lkeni on kiitett\u00e4v\u00e4\u00e4.<\/p>\n<p><em><strong>\u00a0<a name=\"_Toc404540937\"><\/a>Muut aineet<\/strong><\/em><\/p>\n<p>Muina aineina olen opiskellut \u00e4idinkielt\u00e4, ruotsia, englantia, matematiikkaa sek\u00e4 fysiikkaa ja kemiaa ett\u00e4 terveystietoa ammattitutkintoa t\u00e4ydent\u00e4vin\u00e4 osina. Olen suoriutunut n\u00e4ist\u00e4 p\u00e4\u00e4asiassa kiitett\u00e4v\u00e4sti. Olen ottanut my\u00f6s lis\u00e4kursseja ruotsista, matematiikasta sek\u00e4 erillisen\u00e4 aineena psykologian, jossa k\u00e4sittelimme haastavia asiakaspalvelutilanteita. Olen ottanut n\u00e4m\u00e4 kurssit pelk\u00e4st\u00e4\u00e4n omasta mielenkiinnosta ja suoriuduin n\u00e4ist\u00e4 p\u00e4\u00e4asiassa kiitett\u00e4v\u00e4sti.<\/p>\n<p><a name=\"_Toc404540938\"><\/a><strong>Muu osaamiseni<\/strong><\/p>\n<p>Olen koulussa k\u00e4ytt\u00e4nyt opintojeni tueksi paljon erilaisia tietokoneohjelmia. Niihin sis\u00e4ltyy mm. word, excel, power point, illustrator sek\u00e4 photoshop. Olen k\u00e4ytt\u00e4nyt my\u00f6s Skydrive\u00e4 sek\u00e4 Google Drive\u00e4, joista oli koulussa erillinen kurssikin. Niihin teimme teht\u00e4vi\u00e4 internetiss\u00e4 siten, ett\u00e4 koko ryhm\u00e4 + opettajat pystyiv\u00e4t n\u00e4kem\u00e4\u00e4n ja muokkaamaan teksti\u00e4.<br \/>\nKoulussa on ollut my\u00f6s muutama et\u00e4p\u00e4iv\u00e4, eik\u00e4 se ole tarkoittanut kotona lorvimista ja ei mit\u00e4\u00e4n tekemist\u00e4, vaan olemme joko yhden tai useamman opettajan sek\u00e4 luokkalaisten kesken k\u00e4ytt\u00e4nyt Adobe Connect Pro:t\u00e4 et\u00e4yhteyksiss\u00e4. Siell\u00e4 pystyimme osallistumaan keskusteluun yht\u00e4lailla kuin koulussa, nyt vain tosin tietokoneen v\u00e4lityksell\u00e4.<\/p>\n<p>Olen tutustunut koulun kautta my\u00f6s minulle uuteen asiaan, tablettilaitteiseen. Olen tehnyt sill\u00e4 koko kouluaikanani paljon teht\u00e4vi\u00e4 ja projekteja, joko kokonaan k\u00e4ytt\u00e4en tablettia tai tietokoneen tukena. Tabletilla olen tehnyt mm. erilaisia videoita, etsinyt tietoa ja tehnyt QR-koodin yhteen koulumme projekteista.<br \/>\nOlen koko R-luokka aikani kirjoittanut my\u00f6s blogia WordPressiin. Blogin tarkoituksena on ollut oman osaamiseni karttumisen osoittaminen ja sinne olen p\u00e4\u00e4asiassa ker\u00e4nnyt erilaisia kuvia ty\u00f6harjoittelupaikoistani sek\u00e4 kertonut, miten t\u00f6iss\u00e4 on mennyt ja mit\u00e4 kaikkea olen siell\u00e4 tehnyt. Joitakin ty\u00f6ss\u00e4oppimisteht\u00e4vi\u00e4kin olen sinne kirjannut, joita opettajamme on laittaneet teht\u00e4v\u00e4ksi. Olen kirjannut blogiin my\u00f6s erilaisia ja minusta mielenkiintoisia koulu juttuja, esimerkiksi vierailut\/esittelyt koulussa ja sen ulkopuolella, opintomatkat yms.<\/p>\n<p><strong>Lopuksi<\/strong><\/p>\n<p>Jos saisin aloittaa nyt alusta koko koulun, en todenn\u00e4k\u00f6isesti muuttaisi mit\u00e4\u00e4n. Olen mielest\u00e4ni hoitanut opiskeluni ja kurssini niin hyvin kun vain on ollut mahdollista. Tietenkin pitk\u00e4 koulumatkani J\u00e4ms\u00e4st\u00e4 Jyv\u00e4skyl\u00e4\u00e4n on haitannut koulunk\u00e4ynti\u00e4ni, mutta olen suorittanut koulun mielest\u00e4ni siihen n\u00e4hden kiitett\u00e4v\u00e4sti. Olen jokaisessa kurssissa yritt\u00e4nyt parhaani ja yleens\u00e4 ty\u00f6ni on palkittu hyv\u00e4ll\u00e4 arvosanalla. Mielest\u00e4ni onnistuin erityisen hyvin kieliss\u00e4 sek\u00e4 taitaja-kisoissa. Olen saanut my\u00f6s paljon kiitosta ja arvostusta tietokonetaidoistani.<\/p>\n<p>P\u00e4\u00e4t\u00e4n opintoni hyvill\u00e4 mielin, tykk\u00e4sin k\u00e4yd\u00e4 Jyv\u00e4skyl\u00e4n ammattiopistoa kattavien kurssien, ammattitaitoisten opettajien sek\u00e4 mukavien ihmisten vuoksi. Tulevaisuuden suunnitelmissa minulla on haku ammattikorkeakouluun opiskelemaan tradenomiksi, valmistua sielt\u00e4 hyvill\u00e4 arvosanoilla ja p\u00e4\u00e4st\u00e4 t\u00f6ihin, jossa voin k\u00e4ytt\u00e4\u00e4 hyv\u00e4kseni oppimiani taitoja.<\/p>\n","protected":false},"excerpt":{"rendered":"<p>Anniina Tuomij\u00e4rvi Olen vuonna 1996 syntynyt tytt\u00f6 J\u00e4ms\u00e4st\u00e4 ja opiskelin ty\u00f6ss\u00e4oppimispainoitteisella, R-luokalla Jyv\u00e4skyl\u00e4n ammattiopistossa, kaupan yksik\u00f6ss\u00e4. R-luokka oli minulle se mieleisin, koska se eroaa ns. normaalista luokasta siten, ett\u00e4 kun normaali luokka opiskelee 5 p\u00e4iv\u00e4\u00e4 viikossa, me olimme 3 p\u00e4iv\u00e4\u00e4 viikossa t\u00f6iss\u00e4 ja 2 p\u00e4iv\u00e4\u00e4 koulussa. Valitsin alun perin R-luokan pitkien koulumatkojeni takia, koska R-luokan &hellip; <a href=\"https:\/\/blogit.gradia.fi\/anniinatuomijarvi\/osaamiseni\/\" class=\"more-link\">Jatka lukemista <span class=\"screen-reader-text\">Osaamiseni<\/span> <span class=\"meta-nav\">&rarr;<\/span><\/a><\/p>\n","protected":false},"author":588,"featured_media":0,"parent":0,"menu_order":0,"comment_status":"open","ping_status":"open","template":"","meta":{"_uag_custom_page_level_css":"","footnotes":""},"class_list":["post-516","page","type-page","status-publish","hentry"],"yoast_head":"<!-- This site is optimized with the Yoast SEO plugin v27.4 - https:\/\/yoast.com\/product\/yoast-seo-wordpress\/ -->\n<title>Osaamiseni - Ty\u00f6el\u00e4m\u00e4n sek\u00e4 koulun yhdist\u00e4minen opiskelijan silmin.<\/title>\n<meta name=\"robots\" content=\"index, follow, max-snippet:-1, max-image-preview:large, max-video-preview:-1\" \/>\n<link rel=\"canonical\" href=\"https:\/\/blogit.gradia.fi\/anniinatuomijarvi\/osaamiseni\/\" \/>\n<meta property=\"og:locale\" content=\"fi_FI\" \/>\n<meta property=\"og:type\" content=\"article\" \/>\n<meta property=\"og:title\" content=\"Osaamiseni - Ty\u00f6el\u00e4m\u00e4n sek\u00e4 koulun yhdist\u00e4minen opiskelijan silmin.\" \/>\n<meta property=\"og:description\" content=\"Anniina Tuomij\u00e4rvi Olen vuonna 1996 syntynyt tytt\u00f6 J\u00e4ms\u00e4st\u00e4 ja opiskelin ty\u00f6ss\u00e4oppimispainoitteisella, R-luokalla Jyv\u00e4skyl\u00e4n ammattiopistossa, kaupan yksik\u00f6ss\u00e4. R-luokka oli minulle se mieleisin, koska se eroaa ns. normaalista luokasta siten, ett\u00e4 kun normaali luokka opiskelee 5 p\u00e4iv\u00e4\u00e4 viikossa, me olimme 3 p\u00e4iv\u00e4\u00e4 viikossa t\u00f6iss\u00e4 ja 2 p\u00e4iv\u00e4\u00e4 koulussa. Valitsin alun perin R-luokan pitkien koulumatkojeni takia, koska R-luokan &hellip; Jatka lukemista Osaamiseni &rarr;\" \/>\n<meta property=\"og:url\" content=\"https:\/\/blogit.gradia.fi\/anniinatuomijarvi\/osaamiseni\/\" \/>\n<meta property=\"og:site_name\" content=\"Ty\u00f6el\u00e4m\u00e4n sek\u00e4 koulun yhdist\u00e4minen opiskelijan silmin.\" \/>\n<meta name=\"twitter:card\" content=\"summary_large_image\" \/>\n<meta name=\"twitter:label1\" content=\"Arvioitu lukuaika\" \/>\n\t<meta name=\"twitter:data1\" content=\"7 minuuttia\" \/>\n<script type=\"application\/ld+json\" class=\"yoast-schema-graph\">{\"@context\":\"https:\\\/\\\/schema.org\",\"@graph\":[{\"@type\":\"WebPage\",\"@id\":\"https:\\\/\\\/blogit.gradia.fi\\\/anniinatuomijarvi\\\/osaamiseni\\\/\",\"url\":\"https:\\\/\\\/blogit.gradia.fi\\\/anniinatuomijarvi\\\/osaamiseni\\\/\",\"name\":\"Osaamiseni - Ty\u00f6el\u00e4m\u00e4n sek\u00e4 koulun yhdist\u00e4minen opiskelijan silmin.\",\"isPartOf\":{\"@id\":\"https:\\\/\\\/blogit.gradia.fi\\\/anniinatuomijarvi\\\/#website\"},\"datePublished\":\"2014-12-08T19:24:43+00:00\",\"inLanguage\":\"fi\",\"potentialAction\":[{\"@type\":\"ReadAction\",\"target\":[\"https:\\\/\\\/blogit.gradia.fi\\\/anniinatuomijarvi\\\/osaamiseni\\\/\"]}]},{\"@type\":\"WebSite\",\"@id\":\"https:\\\/\\\/blogit.gradia.fi\\\/anniinatuomijarvi\\\/#website\",\"url\":\"https:\\\/\\\/blogit.gradia.fi\\\/anniinatuomijarvi\\\/\",\"name\":\"Ty\u00f6el\u00e4m\u00e4n sek\u00e4 koulun yhdist\u00e4minen opiskelijan silmin.\",\"description\":\"\",\"potentialAction\":[{\"@type\":\"SearchAction\",\"target\":{\"@type\":\"EntryPoint\",\"urlTemplate\":\"https:\\\/\\\/blogit.gradia.fi\\\/anniinatuomijarvi\\\/?s={search_term_string}\"},\"query-input\":{\"@type\":\"PropertyValueSpecification\",\"valueRequired\":true,\"valueName\":\"search_term_string\"}}],\"inLanguage\":\"fi\"}]}<\/script>\n<!-- \/ Yoast SEO plugin. -->","yoast_head_json":{"title":"Osaamiseni - Ty\u00f6el\u00e4m\u00e4n sek\u00e4 koulun yhdist\u00e4minen opiskelijan silmin.","robots":{"index":"index","follow":"follow","max-snippet":"max-snippet:-1","max-image-preview":"max-image-preview:large","max-video-preview":"max-video-preview:-1"},"canonical":"https:\/\/blogit.gradia.fi\/anniinatuomijarvi\/osaamiseni\/","og_locale":"fi_FI","og_type":"article","og_title":"Osaamiseni - Ty\u00f6el\u00e4m\u00e4n sek\u00e4 koulun yhdist\u00e4minen opiskelijan silmin.","og_description":"Anniina Tuomij\u00e4rvi Olen vuonna 1996 syntynyt tytt\u00f6 J\u00e4ms\u00e4st\u00e4 ja opiskelin ty\u00f6ss\u00e4oppimispainoitteisella, R-luokalla Jyv\u00e4skyl\u00e4n ammattiopistossa, kaupan yksik\u00f6ss\u00e4. R-luokka oli minulle se mieleisin, koska se eroaa ns. normaalista luokasta siten, ett\u00e4 kun normaali luokka opiskelee 5 p\u00e4iv\u00e4\u00e4 viikossa, me olimme 3 p\u00e4iv\u00e4\u00e4 viikossa t\u00f6iss\u00e4 ja 2 p\u00e4iv\u00e4\u00e4 koulussa. Valitsin alun perin R-luokan pitkien koulumatkojeni takia, koska R-luokan &hellip; Jatka lukemista Osaamiseni &rarr;","og_url":"https:\/\/blogit.gradia.fi\/anniinatuomijarvi\/osaamiseni\/","og_site_name":"Ty\u00f6el\u00e4m\u00e4n sek\u00e4 koulun yhdist\u00e4minen opiskelijan silmin.","twitter_card":"summary_large_image","twitter_misc":{"Arvioitu lukuaika":"7 minuuttia"},"schema":{"@context":"https:\/\/schema.org","@graph":[{"@type":"WebPage","@id":"https:\/\/blogit.gradia.fi\/anniinatuomijarvi\/osaamiseni\/","url":"https:\/\/blogit.gradia.fi\/anniinatuomijarvi\/osaamiseni\/","name":"Osaamiseni - Ty\u00f6el\u00e4m\u00e4n sek\u00e4 koulun yhdist\u00e4minen opiskelijan silmin.","isPartOf":{"@id":"https:\/\/blogit.gradia.fi\/anniinatuomijarvi\/#website"},"datePublished":"2014-12-08T19:24:43+00:00","inLanguage":"fi","potentialAction":[{"@type":"ReadAction","target":["https:\/\/blogit.gradia.fi\/anniinatuomijarvi\/osaamiseni\/"]}]},{"@type":"WebSite","@id":"https:\/\/blogit.gradia.fi\/anniinatuomijarvi\/#website","url":"https:\/\/blogit.gradia.fi\/anniinatuomijarvi\/","name":"Ty\u00f6el\u00e4m\u00e4n sek\u00e4 koulun yhdist\u00e4minen opiskelijan silmin.","description":"","potentialAction":[{"@type":"SearchAction","target":{"@type":"EntryPoint","urlTemplate":"https:\/\/blogit.gradia.fi\/anniinatuomijarvi\/?s={search_term_string}"},"query-input":{"@type":"PropertyValueSpecification","valueRequired":true,"valueName":"search_term_string"}}],"inLanguage":"fi"}]}},"uagb_featured_image_src":{"full":false,"thumbnail":false,"medium":false,"medium_large":false,"large":false,"1536x1536":false,"2048x2048":false,"post-thumbnail":false,"twentyfourteen-full-width":false},"uagb_author_info":{"display_name":"Anniina","author_link":"https:\/\/blogit.gradia.fi\/anniinatuomijarvi\/author\/ao106993\/"},"uagb_comment_info":5,"uagb_excerpt":"Anniina Tuomij\u00e4rvi Olen vuonna 1996 syntynyt tytt\u00f6 J\u00e4ms\u00e4st\u00e4 ja opiskelin ty\u00f6ss\u00e4oppimispainoitteisella, R-luokalla Jyv\u00e4skyl\u00e4n ammattiopistossa, kaupan yksik\u00f6ss\u00e4. R-luokka oli minulle se mieleisin, koska se eroaa ns. normaalista luokasta siten, ett\u00e4 kun normaali luokka opiskelee 5 p\u00e4iv\u00e4\u00e4 viikossa, me olimme 3 p\u00e4iv\u00e4\u00e4 viikossa t\u00f6iss\u00e4 ja 2 p\u00e4iv\u00e4\u00e4 koulussa. Valitsin alun perin R-luokan pitkien koulumatkojeni takia, koska R-luokan&hellip;","_links":{"self":[{"href":"https:\/\/blogit.gradia.fi\/anniinatuomijarvi\/wp-json\/wp\/v2\/pages\/516","targetHints":{"allow":["GET"]}}],"collection":[{"href":"https:\/\/blogit.gradia.fi\/anniinatuomijarvi\/wp-json\/wp\/v2\/pages"}],"about":[{"href":"https:\/\/blogit.gradia.fi\/anniinatuomijarvi\/wp-json\/wp\/v2\/types\/page"}],"author":[{"embeddable":true,"href":"https:\/\/blogit.gradia.fi\/anniinatuomijarvi\/wp-json\/wp\/v2\/users\/588"}],"replies":[{"embeddable":true,"href":"https:\/\/blogit.gradia.fi\/anniinatuomijarvi\/wp-json\/wp\/v2\/comments?post=516"}],"version-history":[{"count":0,"href":"https:\/\/blogit.gradia.fi\/anniinatuomijarvi\/wp-json\/wp\/v2\/pages\/516\/revisions"}],"wp:attachment":[{"href":"https:\/\/blogit.gradia.fi\/anniinatuomijarvi\/wp-json\/wp\/v2\/media?parent=516"}],"curies":[{"name":"wp","href":"https:\/\/api.w.org\/{rel}","templated":true}]}}