{"id":210,"date":"2025-12-15T08:47:12","date_gmt":"2025-12-15T08:47:12","guid":{"rendered":"https:\/\/blogit.gradia.fi\/alytalo-backup\/?page_id=210"},"modified":"2025-12-15T11:49:04","modified_gmt":"2025-12-15T11:49:04","slug":"yhteystiedot","status":"publish","type":"page","link":"https:\/\/blogit.gradia.fi\/alytalo\/yhteystiedot\/","title":{"rendered":"Yhteystiedot"},"content":{"rendered":"\n<p><strong>Gradia:<\/strong><\/p>\n\n\n\n<p>Pasi Kuusela, projektip\u00e4\u00e4llikk\u00f6<\/p>\n\n\n\n<p>040-341 5692<\/p>\n\n\n\n<p>pasi.kuusela@gradia.fi<\/p>\n\n\n\n<p><strong>JAMK Jyv\u00e4skyl\u00e4n ammattikorkeakoulu<\/strong><\/p>\n\n\n\n<p>Joonas Viilos, projektip\u00e4\u00e4llikk\u00f6<\/p>\n\n\n\n<p>050\u2013409 5515<\/p>\n\n\n\n<p>joonas.viilos@jamk.fi<\/p>\n\n\n\n<p><\/p>\n","protected":false},"excerpt":{"rendered":"<p>Gradia: Pasi Kuusela, projektip\u00e4\u00e4llikk\u00f6 040-341 5692 pasi.kuusela@gradia.fi JAMK Jyv\u00e4skyl\u00e4n ammattikorkeakoulu Joonas Viilos, projektip\u00e4\u00e4llikk\u00f6 050\u2013409 5515 joonas.viilos@jamk.fi<\/p>\n","protected":false},"author":8,"featured_media":0,"parent":0,"menu_order":0,"comment_status":"closed","ping_status":"closed","template":"","meta":{"_uag_custom_page_level_css":"","footnotes":""},"class_list":["post-210","page","type-page","status-publish","hentry"],"yoast_head":"<!-- This site is optimized with the Yoast SEO plugin v27.4 - https:\/\/yoast.com\/product\/yoast-seo-wordpress\/ -->\n<title>Yhteystiedot - \u00c4lytalo\u00a0- Kest\u00e4v\u00e4n rakentamisen Living Lab<\/title>\n<meta name=\"robots\" content=\"index, follow, max-snippet:-1, max-image-preview:large, max-video-preview:-1\" \/>\n<link rel=\"canonical\" href=\"https:\/\/blogit.gradia.fi\/alytalo\/yhteystiedot\/\" \/>\n<meta property=\"og:locale\" content=\"fi_FI\" \/>\n<meta property=\"og:type\" content=\"article\" \/>\n<meta property=\"og:title\" content=\"Yhteystiedot - \u00c4lytalo\u00a0- Kest\u00e4v\u00e4n rakentamisen Living Lab\" \/>\n<meta property=\"og:description\" content=\"Gradia: Pasi Kuusela, projektip\u00e4\u00e4llikk\u00f6 040-341 5692 pasi.kuusela@gradia.fi JAMK Jyv\u00e4skyl\u00e4n ammattikorkeakoulu Joonas Viilos, projektip\u00e4\u00e4llikk\u00f6 050\u2013409 5515 joonas.viilos@jamk.fi\" \/>\n<meta property=\"og:url\" content=\"https:\/\/blogit.gradia.fi\/alytalo\/yhteystiedot\/\" \/>\n<meta property=\"og:site_name\" content=\"\u00c4lytalo\u00a0- Kest\u00e4v\u00e4n rakentamisen Living Lab\" \/>\n<meta property=\"article:modified_time\" content=\"2025-12-15T11:49:04+00:00\" \/>\n<meta name=\"twitter:card\" content=\"summary_large_image\" \/>\n<meta name=\"twitter:label1\" content=\"Arvioitu lukuaika\" \/>\n\t<meta name=\"twitter:data1\" content=\"1 minuutti\" \/>\n<script type=\"application\/ld+json\" class=\"yoast-schema-graph\">{\"@context\":\"https:\\\/\\\/schema.org\",\"@graph\":[{\"@type\":\"WebPage\",\"@id\":\"https:\\\/\\\/blogit.gradia.fi\\\/alytalo\\\/yhteystiedot\\\/\",\"url\":\"https:\\\/\\\/blogit.gradia.fi\\\/alytalo\\\/yhteystiedot\\\/\",\"name\":\"Yhteystiedot - \u00c4lytalo\u00a0- Kest\u00e4v\u00e4n rakentamisen Living Lab\",\"isPartOf\":{\"@id\":\"https:\\\/\\\/blogit.gradia.fi\\\/alytalo\\\/#website\"},\"datePublished\":\"2025-12-15T08:47:12+00:00\",\"dateModified\":\"2025-12-15T11:49:04+00:00\",\"breadcrumb\":{\"@id\":\"https:\\\/\\\/blogit.gradia.fi\\\/alytalo\\\/yhteystiedot\\\/#breadcrumb\"},\"inLanguage\":\"fi\",\"potentialAction\":[{\"@type\":\"ReadAction\",\"target\":[\"https:\\\/\\\/blogit.gradia.fi\\\/alytalo\\\/yhteystiedot\\\/\"]}]},{\"@type\":\"BreadcrumbList\",\"@id\":\"https:\\\/\\\/blogit.gradia.fi\\\/alytalo\\\/yhteystiedot\\\/#breadcrumb\",\"itemListElement\":[{\"@type\":\"ListItem\",\"position\":1,\"name\":\"Home\",\"item\":\"https:\\\/\\\/blogit.gradia.fi\\\/alytalo\\\/\"},{\"@type\":\"ListItem\",\"position\":2,\"name\":\"Yhteystiedot\"}]},{\"@type\":\"WebSite\",\"@id\":\"https:\\\/\\\/blogit.gradia.fi\\\/alytalo\\\/#website\",\"url\":\"https:\\\/\\\/blogit.gradia.fi\\\/alytalo\\\/\",\"name\":\"\u00c4lytalo\u00a0- Kest\u00e4v\u00e4n rakentamisen Living Lab\",\"description\":\"\",\"potentialAction\":[{\"@type\":\"SearchAction\",\"target\":{\"@type\":\"EntryPoint\",\"urlTemplate\":\"https:\\\/\\\/blogit.gradia.fi\\\/alytalo\\\/?s={search_term_string}\"},\"query-input\":{\"@type\":\"PropertyValueSpecification\",\"valueRequired\":true,\"valueName\":\"search_term_string\"}}],\"inLanguage\":\"fi\"}]}<\/script>\n<!-- \/ Yoast SEO plugin. -->","yoast_head_json":{"title":"Yhteystiedot - \u00c4lytalo\u00a0- Kest\u00e4v\u00e4n rakentamisen Living Lab","robots":{"index":"index","follow":"follow","max-snippet":"max-snippet:-1","max-image-preview":"max-image-preview:large","max-video-preview":"max-video-preview:-1"},"canonical":"https:\/\/blogit.gradia.fi\/alytalo\/yhteystiedot\/","og_locale":"fi_FI","og_type":"article","og_title":"Yhteystiedot - \u00c4lytalo\u00a0- Kest\u00e4v\u00e4n rakentamisen Living Lab","og_description":"Gradia: Pasi Kuusela, projektip\u00e4\u00e4llikk\u00f6 040-341 5692 pasi.kuusela@gradia.fi JAMK Jyv\u00e4skyl\u00e4n ammattikorkeakoulu Joonas Viilos, projektip\u00e4\u00e4llikk\u00f6 050\u2013409 5515 joonas.viilos@jamk.fi","og_url":"https:\/\/blogit.gradia.fi\/alytalo\/yhteystiedot\/","og_site_name":"\u00c4lytalo\u00a0- Kest\u00e4v\u00e4n rakentamisen Living Lab","article_modified_time":"2025-12-15T11:49:04+00:00","twitter_card":"summary_large_image","twitter_misc":{"Arvioitu lukuaika":"1 minuutti"},"schema":{"@context":"https:\/\/schema.org","@graph":[{"@type":"WebPage","@id":"https:\/\/blogit.gradia.fi\/alytalo\/yhteystiedot\/","url":"https:\/\/blogit.gradia.fi\/alytalo\/yhteystiedot\/","name":"Yhteystiedot - \u00c4lytalo\u00a0- Kest\u00e4v\u00e4n rakentamisen Living Lab","isPartOf":{"@id":"https:\/\/blogit.gradia.fi\/alytalo\/#website"},"datePublished":"2025-12-15T08:47:12+00:00","dateModified":"2025-12-15T11:49:04+00:00","breadcrumb":{"@id":"https:\/\/blogit.gradia.fi\/alytalo\/yhteystiedot\/#breadcrumb"},"inLanguage":"fi","potentialAction":[{"@type":"ReadAction","target":["https:\/\/blogit.gradia.fi\/alytalo\/yhteystiedot\/"]}]},{"@type":"BreadcrumbList","@id":"https:\/\/blogit.gradia.fi\/alytalo\/yhteystiedot\/#breadcrumb","itemListElement":[{"@type":"ListItem","position":1,"name":"Home","item":"https:\/\/blogit.gradia.fi\/alytalo\/"},{"@type":"ListItem","position":2,"name":"Yhteystiedot"}]},{"@type":"WebSite","@id":"https:\/\/blogit.gradia.fi\/alytalo\/#website","url":"https:\/\/blogit.gradia.fi\/alytalo\/","name":"\u00c4lytalo\u00a0- Kest\u00e4v\u00e4n rakentamisen Living Lab","description":"","potentialAction":[{"@type":"SearchAction","target":{"@type":"EntryPoint","urlTemplate":"https:\/\/blogit.gradia.fi\/alytalo\/?s={search_term_string}"},"query-input":{"@type":"PropertyValueSpecification","valueRequired":true,"valueName":"search_term_string"}}],"inLanguage":"fi"}]}},"uagb_featured_image_src":{"full":false,"thumbnail":false,"medium":false,"medium_large":false,"large":false,"1536x1536":false,"2048x2048":false,"post-thumbnail":false},"uagb_author_info":{"display_name":"Antti Lehtinen","author_link":"https:\/\/blogit.gradia.fi\/alytalo\/author\/anttileh\/"},"uagb_comment_info":0,"uagb_excerpt":"Gradia: Pasi Kuusela, projektip\u00e4\u00e4llikk\u00f6 040-341 5692 pasi.kuusela@gradia.fi JAMK Jyv\u00e4skyl\u00e4n ammattikorkeakoulu Joonas Viilos, projektip\u00e4\u00e4llikk\u00f6 050\u2013409 5515 joonas.viilos@jamk.fi","_links":{"self":[{"href":"https:\/\/blogit.gradia.fi\/alytalo\/wp-json\/wp\/v2\/pages\/210","targetHints":{"allow":["GET"]}}],"collection":[{"href":"https:\/\/blogit.gradia.fi\/alytalo\/wp-json\/wp\/v2\/pages"}],"about":[{"href":"https:\/\/blogit.gradia.fi\/alytalo\/wp-json\/wp\/v2\/types\/page"}],"author":[{"embeddable":true,"href":"https:\/\/blogit.gradia.fi\/alytalo\/wp-json\/wp\/v2\/users\/8"}],"replies":[{"embeddable":true,"href":"https:\/\/blogit.gradia.fi\/alytalo\/wp-json\/wp\/v2\/comments?post=210"}],"version-history":[{"count":1,"href":"https:\/\/blogit.gradia.fi\/alytalo\/wp-json\/wp\/v2\/pages\/210\/revisions"}],"predecessor-version":[{"id":211,"href":"https:\/\/blogit.gradia.fi\/alytalo\/wp-json\/wp\/v2\/pages\/210\/revisions\/211"}],"wp:attachment":[{"href":"https:\/\/blogit.gradia.fi\/alytalo\/wp-json\/wp\/v2\/media?parent=210"}],"curies":[{"name":"wp","href":"https:\/\/api.w.org\/{rel}","templated":true}]}}