{"id":66,"date":"2017-03-28T14:18:13","date_gmt":"2017-03-28T11:18:13","guid":{"rendered":"https:\/\/blogit.gradia.fi\/aidinkieli\/?page_id=66"},"modified":"2020-03-17T10:38:50","modified_gmt":"2020-03-17T08:38:50","slug":"referaatti","status":"publish","type":"page","link":"https:\/\/blogit.gradia.fi\/aidinkieli\/referaatti\/","title":{"rendered":"Referaatti"},"content":{"rendered":"<p><strong>TEHT\u00c4V\u00c4:<\/strong><\/p>\n<p>Etsi omaan alaasi liittyv\u00e4 v\u00e4hint\u00e4\u00e4n kaksisivuinen artikkeli ja kirjoita siit\u00e4 referaatti. Tutustu ensin alla oleviin ohjeisiin ja kirjoittamismalliin.<\/p>\n<p><strong>REFERAATTI<\/strong><\/p>\n<p>Referaatti on lyhennelm\u00e4 tai <strong>seloste<\/strong> pitemm\u00e4st\u00e4 tekstist\u00e4.<\/p>\n<p>Se<strong> alkaa viittauksella<\/strong> pohjatekstiin. Lukijan on tiedett\u00e4v\u00e4, mist\u00e4 tekstist\u00e4 kerrotaan.<\/p>\n<p>Kertoo tekstin <strong>keskeiset asiat<\/strong>.<\/p>\n<p>Kirjoittajan on ymm\u00e4rrett\u00e4v\u00e4 tekstin sis\u00e4lt\u00f6, poimittava p\u00e4\u00e4kohdat ja j\u00e4tett\u00e4v\u00e4 ep\u00e4olennaisuudet pois. On ymm\u00e4rrett\u00e4v\u00e4 <strong>tekstin idea<\/strong>!<\/p>\n<p>Kirjoitetaan aina <strong>omin sanoin. <\/strong>Referaatin kirjoittaminen ei ole lauseiden kopioimista omaan paperiin, vaan asian on \u201dkuljettava aina oman p\u00e4\u00e4n l\u00e4pi\u201d. Mieti, miten itse asian ymm\u00e4rr\u00e4t ja sanoisit.<\/p>\n<p>Omin sanoin kirjoittaminen ei tarkoita sit\u00e4, ett\u00e4 et saisi k\u00e4ytt\u00e4\u00e4 artikkelin sanoja, sinun on vain muokattava ja yhdistelt\u00e4v\u00e4 lauseita. \u00c4l\u00e4 my\u00f6sk\u00e4\u00e4n koskaan kirjoita sellaista, mit\u00e4 et itse ymm\u00e4rr\u00e4.<\/p>\n<p>Referaatti on lyhyt ja ytimek\u00e4s!<\/p>\n<p>Hyv\u00e4 tekstin pituus on noin kolmasosa pohjatekstist\u00e4. Kun alleviivaat tekstist\u00e4 p\u00e4\u00e4kohdat, huomaat ehk\u00e4 alleviivanneesi juuri t\u00e4m\u00e4n verran.<\/p>\n<p>Referaatti on <strong>objektiivinen<\/strong> eli puolueeton. \u00c4l\u00e4 lis\u00e4ile tekstiin omia mielipiteit\u00e4si tai anna oman asenteesi n\u00e4ky\u00e4, oli pohjatekstin sis\u00e4lt\u00f6 miten j\u00e4rjet\u00f6n tahansa. Sinun teht\u00e4v\u00e4si on ainoastaan selostaa sis\u00e4lt\u00f6\u00e4: \u201dArtikkelissa todetaan, ett\u00e4\u2026\u201d<\/p>\n<p>Se kirjoitetaan hyv\u00e4ll\u00e4 <strong>asiatyylill\u00e4<\/strong>. Kirjoita niin hyvin kuin osaat ja mukaile pohjatekstin tyyli\u00e4. Koeta saada tekstisi etenem\u00e4\u00e4n jouhevasti, niin, ett\u00e4 pohjatekstin tarkoitus ja syy- ja seurasuhteet tulevat esiin. Tarkasta oikeinkirjoitus ja muista kappalejako. Se ei ole lis\u00e4varuste!<\/p>\n<p>Lis\u00e4\u00e4 tekstisi loppuun linkki k\u00e4ytt\u00e4m\u00e4\u00e4si artikkeliin!<\/p>\n<p><a href=\"https:\/\/jaofi-my.sharepoint.com\/:w:\/g\/personal\/lauralaa_gradia_fi\/EZdbutxxfpVIv1sBwAhO7nUBzU9qrXjmY46_trALv7rONg?e=rGgBWK\" target=\"_blank\" rel=\"noopener noreferrer\">Malli referaatin aloittamisesta.<\/a><\/p>\n","protected":false},"excerpt":{"rendered":"<p>TEHT\u00c4V\u00c4: Etsi omaan alaasi liittyv\u00e4 v\u00e4hint\u00e4\u00e4n kaksisivuinen artikkeli ja kirjoita siit\u00e4 referaatti. Tutustu ensin alla oleviin ohjeisiin ja kirjoittamismalliin. REFERAATTI Referaatti on lyhennelm\u00e4 tai seloste pitemm\u00e4st\u00e4 tekstist\u00e4. Se alkaa viittauksella pohjatekstiin. Lukijan on tiedett\u00e4v\u00e4, mist\u00e4 tekstist\u00e4 kerrotaan. Kertoo tekstin keskeiset asiat. Kirjoittajan on ymm\u00e4rrett\u00e4v\u00e4 tekstin sis\u00e4lt\u00f6, poimittava p\u00e4\u00e4kohdat ja j\u00e4tett\u00e4v\u00e4 ep\u00e4olennaisuudet pois. On ymm\u00e4rrett\u00e4v\u00e4 tekstin &hellip; <a href=\"https:\/\/blogit.gradia.fi\/aidinkieli\/referaatti\/\" class=\"more-link\">Jatka lukemista <span class=\"screen-reader-text\">Referaatti<\/span> <span class=\"meta-nav\">&rarr;<\/span><\/a><\/p>\n","protected":false},"author":622,"featured_media":0,"parent":0,"menu_order":0,"comment_status":"closed","ping_status":"closed","template":"","meta":{"_uag_custom_page_level_css":"","footnotes":""},"class_list":["post-66","page","type-page","status-publish","hentry"],"yoast_head":"<!-- This site is optimized with the Yoast SEO plugin v27.4 - https:\/\/yoast.com\/product\/yoast-seo-wordpress\/ -->\n<title>Referaatti - \u00c4idinkieli<\/title>\n<meta name=\"robots\" content=\"index, follow, max-snippet:-1, max-image-preview:large, max-video-preview:-1\" \/>\n<link rel=\"canonical\" href=\"https:\/\/blogit.gradia.fi\/aidinkieli\/referaatti\/\" \/>\n<meta property=\"og:locale\" content=\"fi_FI\" \/>\n<meta property=\"og:type\" content=\"article\" \/>\n<meta property=\"og:title\" content=\"Referaatti - \u00c4idinkieli\" \/>\n<meta property=\"og:description\" content=\"TEHT\u00c4V\u00c4: Etsi omaan alaasi liittyv\u00e4 v\u00e4hint\u00e4\u00e4n kaksisivuinen artikkeli ja kirjoita siit\u00e4 referaatti. Tutustu ensin alla oleviin ohjeisiin ja kirjoittamismalliin. REFERAATTI Referaatti on lyhennelm\u00e4 tai seloste pitemm\u00e4st\u00e4 tekstist\u00e4. Se alkaa viittauksella pohjatekstiin. Lukijan on tiedett\u00e4v\u00e4, mist\u00e4 tekstist\u00e4 kerrotaan. Kertoo tekstin keskeiset asiat. Kirjoittajan on ymm\u00e4rrett\u00e4v\u00e4 tekstin sis\u00e4lt\u00f6, poimittava p\u00e4\u00e4kohdat ja j\u00e4tett\u00e4v\u00e4 ep\u00e4olennaisuudet pois. On ymm\u00e4rrett\u00e4v\u00e4 tekstin &hellip; Jatka lukemista Referaatti &rarr;\" \/>\n<meta property=\"og:url\" content=\"https:\/\/blogit.gradia.fi\/aidinkieli\/referaatti\/\" \/>\n<meta property=\"og:site_name\" content=\"\u00c4idinkieli\" \/>\n<meta property=\"article:modified_time\" content=\"2020-03-17T08:38:50+00:00\" \/>\n<meta name=\"twitter:card\" content=\"summary_large_image\" \/>\n<meta name=\"twitter:label1\" content=\"Arvioitu lukuaika\" \/>\n\t<meta name=\"twitter:data1\" content=\"1 minuutti\" \/>\n<script type=\"application\/ld+json\" class=\"yoast-schema-graph\">{\"@context\":\"https:\\\/\\\/schema.org\",\"@graph\":[{\"@type\":\"WebPage\",\"@id\":\"https:\\\/\\\/blogit.gradia.fi\\\/aidinkieli\\\/referaatti\\\/\",\"url\":\"https:\\\/\\\/blogit.gradia.fi\\\/aidinkieli\\\/referaatti\\\/\",\"name\":\"Referaatti - \u00c4idinkieli\",\"isPartOf\":{\"@id\":\"https:\\\/\\\/blogit.gradia.fi\\\/aidinkieli\\\/#website\"},\"datePublished\":\"2017-03-28T11:18:13+00:00\",\"dateModified\":\"2020-03-17T08:38:50+00:00\",\"inLanguage\":\"fi\",\"potentialAction\":[{\"@type\":\"ReadAction\",\"target\":[\"https:\\\/\\\/blogit.gradia.fi\\\/aidinkieli\\\/referaatti\\\/\"]}]},{\"@type\":\"WebSite\",\"@id\":\"https:\\\/\\\/blogit.gradia.fi\\\/aidinkieli\\\/#website\",\"url\":\"https:\\\/\\\/blogit.gradia.fi\\\/aidinkieli\\\/\",\"name\":\"\u00c4idinkieli\",\"description\":\"Uusi Gradia-blogit -sivusto\",\"potentialAction\":[{\"@type\":\"SearchAction\",\"target\":{\"@type\":\"EntryPoint\",\"urlTemplate\":\"https:\\\/\\\/blogit.gradia.fi\\\/aidinkieli\\\/?s={search_term_string}\"},\"query-input\":{\"@type\":\"PropertyValueSpecification\",\"valueRequired\":true,\"valueName\":\"search_term_string\"}}],\"inLanguage\":\"fi\"}]}<\/script>\n<!-- \/ Yoast SEO plugin. -->","yoast_head_json":{"title":"Referaatti - \u00c4idinkieli","robots":{"index":"index","follow":"follow","max-snippet":"max-snippet:-1","max-image-preview":"max-image-preview:large","max-video-preview":"max-video-preview:-1"},"canonical":"https:\/\/blogit.gradia.fi\/aidinkieli\/referaatti\/","og_locale":"fi_FI","og_type":"article","og_title":"Referaatti - \u00c4idinkieli","og_description":"TEHT\u00c4V\u00c4: Etsi omaan alaasi liittyv\u00e4 v\u00e4hint\u00e4\u00e4n kaksisivuinen artikkeli ja kirjoita siit\u00e4 referaatti. Tutustu ensin alla oleviin ohjeisiin ja kirjoittamismalliin. REFERAATTI Referaatti on lyhennelm\u00e4 tai seloste pitemm\u00e4st\u00e4 tekstist\u00e4. Se alkaa viittauksella pohjatekstiin. Lukijan on tiedett\u00e4v\u00e4, mist\u00e4 tekstist\u00e4 kerrotaan. Kertoo tekstin keskeiset asiat. Kirjoittajan on ymm\u00e4rrett\u00e4v\u00e4 tekstin sis\u00e4lt\u00f6, poimittava p\u00e4\u00e4kohdat ja j\u00e4tett\u00e4v\u00e4 ep\u00e4olennaisuudet pois. On ymm\u00e4rrett\u00e4v\u00e4 tekstin &hellip; Jatka lukemista Referaatti &rarr;","og_url":"https:\/\/blogit.gradia.fi\/aidinkieli\/referaatti\/","og_site_name":"\u00c4idinkieli","article_modified_time":"2020-03-17T08:38:50+00:00","twitter_card":"summary_large_image","twitter_misc":{"Arvioitu lukuaika":"1 minuutti"},"schema":{"@context":"https:\/\/schema.org","@graph":[{"@type":"WebPage","@id":"https:\/\/blogit.gradia.fi\/aidinkieli\/referaatti\/","url":"https:\/\/blogit.gradia.fi\/aidinkieli\/referaatti\/","name":"Referaatti - \u00c4idinkieli","isPartOf":{"@id":"https:\/\/blogit.gradia.fi\/aidinkieli\/#website"},"datePublished":"2017-03-28T11:18:13+00:00","dateModified":"2020-03-17T08:38:50+00:00","inLanguage":"fi","potentialAction":[{"@type":"ReadAction","target":["https:\/\/blogit.gradia.fi\/aidinkieli\/referaatti\/"]}]},{"@type":"WebSite","@id":"https:\/\/blogit.gradia.fi\/aidinkieli\/#website","url":"https:\/\/blogit.gradia.fi\/aidinkieli\/","name":"\u00c4idinkieli","description":"Uusi Gradia-blogit -sivusto","potentialAction":[{"@type":"SearchAction","target":{"@type":"EntryPoint","urlTemplate":"https:\/\/blogit.gradia.fi\/aidinkieli\/?s={search_term_string}"},"query-input":{"@type":"PropertyValueSpecification","valueRequired":true,"valueName":"search_term_string"}}],"inLanguage":"fi"}]}},"uagb_featured_image_src":{"full":false,"thumbnail":false,"medium":false,"medium_large":false,"large":false,"1536x1536":false,"2048x2048":false,"post-thumbnail":false},"uagb_author_info":{"display_name":"Riikka Bj\u00f6rkbacka","author_link":"https:\/\/blogit.gradia.fi\/aidinkieli\/author\/bjorkrii\/"},"uagb_comment_info":0,"uagb_excerpt":"TEHT\u00c4V\u00c4: Etsi omaan alaasi liittyv\u00e4 v\u00e4hint\u00e4\u00e4n kaksisivuinen artikkeli ja kirjoita siit\u00e4 referaatti. Tutustu ensin alla oleviin ohjeisiin ja kirjoittamismalliin. REFERAATTI Referaatti on lyhennelm\u00e4 tai seloste pitemm\u00e4st\u00e4 tekstist\u00e4. Se alkaa viittauksella pohjatekstiin. Lukijan on tiedett\u00e4v\u00e4, mist\u00e4 tekstist\u00e4 kerrotaan. Kertoo tekstin keskeiset asiat. Kirjoittajan on ymm\u00e4rrett\u00e4v\u00e4 tekstin sis\u00e4lt\u00f6, poimittava p\u00e4\u00e4kohdat ja j\u00e4tett\u00e4v\u00e4 ep\u00e4olennaisuudet pois. On ymm\u00e4rrett\u00e4v\u00e4 tekstin&hellip;","_links":{"self":[{"href":"https:\/\/blogit.gradia.fi\/aidinkieli\/wp-json\/wp\/v2\/pages\/66","targetHints":{"allow":["GET"]}}],"collection":[{"href":"https:\/\/blogit.gradia.fi\/aidinkieli\/wp-json\/wp\/v2\/pages"}],"about":[{"href":"https:\/\/blogit.gradia.fi\/aidinkieli\/wp-json\/wp\/v2\/types\/page"}],"author":[{"embeddable":true,"href":"https:\/\/blogit.gradia.fi\/aidinkieli\/wp-json\/wp\/v2\/users\/622"}],"replies":[{"embeddable":true,"href":"https:\/\/blogit.gradia.fi\/aidinkieli\/wp-json\/wp\/v2\/comments?post=66"}],"version-history":[{"count":1,"href":"https:\/\/blogit.gradia.fi\/aidinkieli\/wp-json\/wp\/v2\/pages\/66\/revisions"}],"predecessor-version":[{"id":319,"href":"https:\/\/blogit.gradia.fi\/aidinkieli\/wp-json\/wp\/v2\/pages\/66\/revisions\/319"}],"wp:attachment":[{"href":"https:\/\/blogit.gradia.fi\/aidinkieli\/wp-json\/wp\/v2\/media?parent=66"}],"curies":[{"name":"wp","href":"https:\/\/api.w.org\/{rel}","templated":true}]}}