{"id":50,"date":"2017-02-15T14:42:14","date_gmt":"2017-02-15T12:42:14","guid":{"rendered":"https:\/\/blogit.gradia.fi\/aidinkieli\/?page_id=50"},"modified":"2020-03-17T11:59:51","modified_gmt":"2020-03-17T09:59:51","slug":"tyoselostus","status":"publish","type":"page","link":"https:\/\/blogit.gradia.fi\/aidinkieli\/tyoselostus\/","title":{"rendered":"Ty\u00f6selostus"},"content":{"rendered":"<p>Pid\u00e4 ty\u00f6p\u00e4iv\u00e4kirjaa ty\u00f6skentelyst\u00e4si aina, kun teet t\u00e4m\u00e4n blogin teht\u00e4vi\u00e4. Samalla harjoittelet oman toiminnan raportointia.<\/p>\n<p>Voit kirjoittaa p\u00e4iv\u00e4kirjamaisesti muistiinpanoja itsellesi k\u00e4sin tai suoraan koneelle. Kirjoita jotain aina, kun teet n\u00e4it\u00e4 \u00e4idinkielen itsen\u00e4isi\u00e4 teht\u00e4vi\u00e4: milloin (p\u00e4iv\u00e4m\u00e4\u00e4r\u00e4 esim. ti 10.4.), mit\u00e4 teit, oliko ongelmia, mit\u00e4 opit, oliko vaikeaa, jne.?<\/p>\n<p>Kirjoita lopuksi ty\u00f6selostuksesi puhtaaksi Wordilla. Lis\u00e4\u00e4 loppuun jonkinlaista arviointia omasta toiminnastasi ja kommenttia teht\u00e4vist\u00e4.<\/p>\n<p>\u00a0<\/p>\n<p>Esimerkiksi:<\/p>\n<p><strong>Ty\u00f6selostus<\/strong><\/p>\n<p>Ma 16.3. \u00a0\u00a0\u00a0\u00a0\u00a0\u00a0\u00a0\u00a0\u00a0<\/p>\n<p>Sain opolta ohjeet tehd\u00e4 \u00e4idinkielen suorituksia itsen\u00e4isesti. Sain \u00e4ik\u00e4n opelta linkin teht\u00e4viin ja aloitin niiden tekemisen. Katsoin kaikki teht\u00e4v\u00e4t l\u00e4pi ja tein kielenhuollon testin. Se meni yll\u00e4tt\u00e4v\u00e4n hyvin.<\/p>\n<p>ti 17.3. \u00a0\u00a0\u00a0\u00a0\u00a0\u00a0\u00a0\u00a0\u00a0\u00a0\u00a0\u00a0\u00a0<\/p>\n<p>Rupesin miettim\u00e4\u00e4n referaattia, mutta en oikein tajunnut sit\u00e4. Mietin uudestaan my\u00f6hemmin. Raportin kirjoittaminen olisi seuraavaksi ty\u00f6listalla.<\/p>\n<p>to 19.3.<\/p>\n<p>jne.<\/p>\n<p>Itsearviointi:<\/p>\n<p>\u00a0<\/p>\n<p>\u00a0<\/p>\n<p>\u00a0<\/p>\n<p>\u00a0<\/p>\n\n\n<p><\/p>\n","protected":false},"excerpt":{"rendered":"<p>Pid\u00e4 ty\u00f6p\u00e4iv\u00e4kirjaa ty\u00f6skentelyst\u00e4si aina, kun teet t\u00e4m\u00e4n blogin teht\u00e4vi\u00e4. Samalla harjoittelet oman toiminnan raportointia. Voit kirjoittaa p\u00e4iv\u00e4kirjamaisesti muistiinpanoja itsellesi k\u00e4sin tai suoraan koneelle. Kirjoita jotain aina, kun teet n\u00e4it\u00e4 \u00e4idinkielen itsen\u00e4isi\u00e4 teht\u00e4vi\u00e4: milloin (p\u00e4iv\u00e4m\u00e4\u00e4r\u00e4 esim. ti 10.4.), mit\u00e4 teit, oliko ongelmia, mit\u00e4 opit, oliko vaikeaa, jne.? Kirjoita lopuksi ty\u00f6selostuksesi puhtaaksi Wordilla. Lis\u00e4\u00e4 loppuun jonkinlaista arviointia &hellip; <a href=\"https:\/\/blogit.gradia.fi\/aidinkieli\/tyoselostus\/\" class=\"more-link\">Jatka lukemista <span class=\"screen-reader-text\">Ty\u00f6selostus<\/span> <span class=\"meta-nav\">&rarr;<\/span><\/a><\/p>\n","protected":false},"author":622,"featured_media":0,"parent":0,"menu_order":0,"comment_status":"closed","ping_status":"closed","template":"","meta":{"_uag_custom_page_level_css":"","footnotes":""},"class_list":["post-50","page","type-page","status-publish","hentry"],"yoast_head":"<!-- This site is optimized with the Yoast SEO plugin v27.4 - https:\/\/yoast.com\/product\/yoast-seo-wordpress\/ -->\n<title>Ty\u00f6selostus - \u00c4idinkieli<\/title>\n<meta name=\"robots\" content=\"index, follow, max-snippet:-1, max-image-preview:large, max-video-preview:-1\" \/>\n<link rel=\"canonical\" href=\"https:\/\/blogit.gradia.fi\/aidinkieli\/tyoselostus\/\" \/>\n<meta property=\"og:locale\" content=\"fi_FI\" \/>\n<meta property=\"og:type\" content=\"article\" \/>\n<meta property=\"og:title\" content=\"Ty\u00f6selostus - \u00c4idinkieli\" \/>\n<meta property=\"og:description\" content=\"Pid\u00e4 ty\u00f6p\u00e4iv\u00e4kirjaa ty\u00f6skentelyst\u00e4si aina, kun teet t\u00e4m\u00e4n blogin teht\u00e4vi\u00e4. Samalla harjoittelet oman toiminnan raportointia. Voit kirjoittaa p\u00e4iv\u00e4kirjamaisesti muistiinpanoja itsellesi k\u00e4sin tai suoraan koneelle. Kirjoita jotain aina, kun teet n\u00e4it\u00e4 \u00e4idinkielen itsen\u00e4isi\u00e4 teht\u00e4vi\u00e4: milloin (p\u00e4iv\u00e4m\u00e4\u00e4r\u00e4 esim. ti 10.4.), mit\u00e4 teit, oliko ongelmia, mit\u00e4 opit, oliko vaikeaa, jne.? Kirjoita lopuksi ty\u00f6selostuksesi puhtaaksi Wordilla. Lis\u00e4\u00e4 loppuun jonkinlaista arviointia &hellip; Jatka lukemista Ty\u00f6selostus &rarr;\" \/>\n<meta property=\"og:url\" content=\"https:\/\/blogit.gradia.fi\/aidinkieli\/tyoselostus\/\" \/>\n<meta property=\"og:site_name\" content=\"\u00c4idinkieli\" \/>\n<meta property=\"article:modified_time\" content=\"2020-03-17T09:59:51+00:00\" \/>\n<meta name=\"twitter:card\" content=\"summary_large_image\" \/>\n<meta name=\"twitter:label1\" content=\"Arvioitu lukuaika\" \/>\n\t<meta name=\"twitter:data1\" content=\"1 minuutti\" \/>\n<script type=\"application\/ld+json\" class=\"yoast-schema-graph\">{\"@context\":\"https:\\\/\\\/schema.org\",\"@graph\":[{\"@type\":\"WebPage\",\"@id\":\"https:\\\/\\\/blogit.gradia.fi\\\/aidinkieli\\\/tyoselostus\\\/\",\"url\":\"https:\\\/\\\/blogit.gradia.fi\\\/aidinkieli\\\/tyoselostus\\\/\",\"name\":\"Ty\u00f6selostus - \u00c4idinkieli\",\"isPartOf\":{\"@id\":\"https:\\\/\\\/blogit.gradia.fi\\\/aidinkieli\\\/#website\"},\"datePublished\":\"2017-02-15T12:42:14+00:00\",\"dateModified\":\"2020-03-17T09:59:51+00:00\",\"inLanguage\":\"fi\",\"potentialAction\":[{\"@type\":\"ReadAction\",\"target\":[\"https:\\\/\\\/blogit.gradia.fi\\\/aidinkieli\\\/tyoselostus\\\/\"]}]},{\"@type\":\"WebSite\",\"@id\":\"https:\\\/\\\/blogit.gradia.fi\\\/aidinkieli\\\/#website\",\"url\":\"https:\\\/\\\/blogit.gradia.fi\\\/aidinkieli\\\/\",\"name\":\"\u00c4idinkieli\",\"description\":\"Uusi Gradia-blogit -sivusto\",\"potentialAction\":[{\"@type\":\"SearchAction\",\"target\":{\"@type\":\"EntryPoint\",\"urlTemplate\":\"https:\\\/\\\/blogit.gradia.fi\\\/aidinkieli\\\/?s={search_term_string}\"},\"query-input\":{\"@type\":\"PropertyValueSpecification\",\"valueRequired\":true,\"valueName\":\"search_term_string\"}}],\"inLanguage\":\"fi\"}]}<\/script>\n<!-- \/ Yoast SEO plugin. -->","yoast_head_json":{"title":"Ty\u00f6selostus - \u00c4idinkieli","robots":{"index":"index","follow":"follow","max-snippet":"max-snippet:-1","max-image-preview":"max-image-preview:large","max-video-preview":"max-video-preview:-1"},"canonical":"https:\/\/blogit.gradia.fi\/aidinkieli\/tyoselostus\/","og_locale":"fi_FI","og_type":"article","og_title":"Ty\u00f6selostus - \u00c4idinkieli","og_description":"Pid\u00e4 ty\u00f6p\u00e4iv\u00e4kirjaa ty\u00f6skentelyst\u00e4si aina, kun teet t\u00e4m\u00e4n blogin teht\u00e4vi\u00e4. Samalla harjoittelet oman toiminnan raportointia. Voit kirjoittaa p\u00e4iv\u00e4kirjamaisesti muistiinpanoja itsellesi k\u00e4sin tai suoraan koneelle. Kirjoita jotain aina, kun teet n\u00e4it\u00e4 \u00e4idinkielen itsen\u00e4isi\u00e4 teht\u00e4vi\u00e4: milloin (p\u00e4iv\u00e4m\u00e4\u00e4r\u00e4 esim. ti 10.4.), mit\u00e4 teit, oliko ongelmia, mit\u00e4 opit, oliko vaikeaa, jne.? Kirjoita lopuksi ty\u00f6selostuksesi puhtaaksi Wordilla. Lis\u00e4\u00e4 loppuun jonkinlaista arviointia &hellip; Jatka lukemista Ty\u00f6selostus &rarr;","og_url":"https:\/\/blogit.gradia.fi\/aidinkieli\/tyoselostus\/","og_site_name":"\u00c4idinkieli","article_modified_time":"2020-03-17T09:59:51+00:00","twitter_card":"summary_large_image","twitter_misc":{"Arvioitu lukuaika":"1 minuutti"},"schema":{"@context":"https:\/\/schema.org","@graph":[{"@type":"WebPage","@id":"https:\/\/blogit.gradia.fi\/aidinkieli\/tyoselostus\/","url":"https:\/\/blogit.gradia.fi\/aidinkieli\/tyoselostus\/","name":"Ty\u00f6selostus - \u00c4idinkieli","isPartOf":{"@id":"https:\/\/blogit.gradia.fi\/aidinkieli\/#website"},"datePublished":"2017-02-15T12:42:14+00:00","dateModified":"2020-03-17T09:59:51+00:00","inLanguage":"fi","potentialAction":[{"@type":"ReadAction","target":["https:\/\/blogit.gradia.fi\/aidinkieli\/tyoselostus\/"]}]},{"@type":"WebSite","@id":"https:\/\/blogit.gradia.fi\/aidinkieli\/#website","url":"https:\/\/blogit.gradia.fi\/aidinkieli\/","name":"\u00c4idinkieli","description":"Uusi Gradia-blogit -sivusto","potentialAction":[{"@type":"SearchAction","target":{"@type":"EntryPoint","urlTemplate":"https:\/\/blogit.gradia.fi\/aidinkieli\/?s={search_term_string}"},"query-input":{"@type":"PropertyValueSpecification","valueRequired":true,"valueName":"search_term_string"}}],"inLanguage":"fi"}]}},"uagb_featured_image_src":{"full":false,"thumbnail":false,"medium":false,"medium_large":false,"large":false,"1536x1536":false,"2048x2048":false,"post-thumbnail":false},"uagb_author_info":{"display_name":"Riikka Bj\u00f6rkbacka","author_link":"https:\/\/blogit.gradia.fi\/aidinkieli\/author\/bjorkrii\/"},"uagb_comment_info":0,"uagb_excerpt":"Pid\u00e4 ty\u00f6p\u00e4iv\u00e4kirjaa ty\u00f6skentelyst\u00e4si aina, kun teet t\u00e4m\u00e4n blogin teht\u00e4vi\u00e4. Samalla harjoittelet oman toiminnan raportointia. Voit kirjoittaa p\u00e4iv\u00e4kirjamaisesti muistiinpanoja itsellesi k\u00e4sin tai suoraan koneelle. Kirjoita jotain aina, kun teet n\u00e4it\u00e4 \u00e4idinkielen itsen\u00e4isi\u00e4 teht\u00e4vi\u00e4: milloin (p\u00e4iv\u00e4m\u00e4\u00e4r\u00e4 esim. ti 10.4.), mit\u00e4 teit, oliko ongelmia, mit\u00e4 opit, oliko vaikeaa, jne.? Kirjoita lopuksi ty\u00f6selostuksesi puhtaaksi Wordilla. Lis\u00e4\u00e4 loppuun jonkinlaista arviointia&hellip;","_links":{"self":[{"href":"https:\/\/blogit.gradia.fi\/aidinkieli\/wp-json\/wp\/v2\/pages\/50","targetHints":{"allow":["GET"]}}],"collection":[{"href":"https:\/\/blogit.gradia.fi\/aidinkieli\/wp-json\/wp\/v2\/pages"}],"about":[{"href":"https:\/\/blogit.gradia.fi\/aidinkieli\/wp-json\/wp\/v2\/types\/page"}],"author":[{"embeddable":true,"href":"https:\/\/blogit.gradia.fi\/aidinkieli\/wp-json\/wp\/v2\/users\/622"}],"replies":[{"embeddable":true,"href":"https:\/\/blogit.gradia.fi\/aidinkieli\/wp-json\/wp\/v2\/comments?post=50"}],"version-history":[{"count":1,"href":"https:\/\/blogit.gradia.fi\/aidinkieli\/wp-json\/wp\/v2\/pages\/50\/revisions"}],"predecessor-version":[{"id":322,"href":"https:\/\/blogit.gradia.fi\/aidinkieli\/wp-json\/wp\/v2\/pages\/50\/revisions\/322"}],"wp:attachment":[{"href":"https:\/\/blogit.gradia.fi\/aidinkieli\/wp-json\/wp\/v2\/media?parent=50"}],"curies":[{"name":"wp","href":"https:\/\/api.w.org\/{rel}","templated":true}]}}