{"id":42,"date":"2017-02-15T14:32:22","date_gmt":"2017-02-15T12:32:22","guid":{"rendered":"https:\/\/blogit.gradia.fi\/aidinkieli\/?page_id=42"},"modified":"2017-09-19T08:56:11","modified_gmt":"2017-09-19T05:56:11","slug":"kielenhuolto","status":"publish","type":"page","link":"https:\/\/blogit.gradia.fi\/aidinkieli\/kielenhuolto\/","title":{"rendered":"Kielenhuolto"},"content":{"rendered":"<p>Voit k\u00e4yd\u00e4 tekem\u00e4ss\u00e4 kielenhuollon harjoituksia sivustolla <a href=\"http:\/\/webcgi.oulu.fi\/oykk\/abc\/testiasema\/\" target=\"_blank\" rel=\"noopener noreferrer\">Kirjoittajan ABC-kortti<\/a>.<\/p>\n<p>Jos kielenhuollon asiat ovat sinulle uusia tai vaikeita, k\u00e4y opiskelemassa niit\u00e4 sivustolla <a href=\"http:\/\/www.kielitoimistonohjepankki.fi\/\" target=\"_blank\" rel=\"noopener noreferrer\">Kielitoimiston ohjepankki<\/a>, josta l\u00f6yd\u00e4t takuuvarmasti oikeaa tietoa suomen kielen kirjoituss\u00e4\u00e4nn\u00f6ist\u00e4.<\/p>\n<p>&nbsp;<\/p>\n<p>Kun tunnet hallitsevasi asian k\u00e4y tekem\u00e4ss\u00e4 kielenhuollon <a href=\"https:\/\/forms.office.com\/Pages\/ResponsePage.aspx?id=gUEUTmgvH0Cqhp7J5ADms4Sm5XMCx7hBh6tMWzOtYLZURTdaSE5KSjNMSkxUUVgxTEhCMzlPSFVIMy4u\" target=\"_blank\" rel=\"noopener noreferrer\">testi t\u00e4st\u00e4 linkist\u00e4<\/a>.Ota kokeesta saamasi pistem\u00e4\u00e4r\u00e4 yl\u00f6s ja l\u00e4het\u00e4 se vastuuopettajallesi.<\/p>\n<p>Huom! Viimeinen teht\u00e4v\u00e4 (56) ei n\u00e4yt\u00e4 pisteytyst\u00e4. Se n\u00e4kyy vain opettajalle.<\/p>\n<p>&nbsp;<\/p>\n<p>&nbsp;<\/p>\n","protected":false},"excerpt":{"rendered":"<p>Voit k\u00e4yd\u00e4 tekem\u00e4ss\u00e4 kielenhuollon harjoituksia sivustolla Kirjoittajan ABC-kortti. Jos kielenhuollon asiat ovat sinulle uusia tai vaikeita, k\u00e4y opiskelemassa niit\u00e4 sivustolla Kielitoimiston ohjepankki, josta l\u00f6yd\u00e4t takuuvarmasti oikeaa tietoa suomen kielen kirjoituss\u00e4\u00e4nn\u00f6ist\u00e4. &nbsp; Kun tunnet hallitsevasi asian k\u00e4y tekem\u00e4ss\u00e4 kielenhuollon testi t\u00e4st\u00e4 linkist\u00e4.Ota kokeesta saamasi pistem\u00e4\u00e4r\u00e4 yl\u00f6s ja l\u00e4het\u00e4 se vastuuopettajallesi. Huom! Viimeinen teht\u00e4v\u00e4 (56) ei n\u00e4yt\u00e4 &hellip; <a href=\"https:\/\/blogit.gradia.fi\/aidinkieli\/kielenhuolto\/\" class=\"more-link\">Jatka lukemista <span class=\"screen-reader-text\">Kielenhuolto<\/span> <span class=\"meta-nav\">&rarr;<\/span><\/a><\/p>\n","protected":false},"author":622,"featured_media":0,"parent":0,"menu_order":0,"comment_status":"closed","ping_status":"closed","template":"","meta":{"_uag_custom_page_level_css":"","footnotes":""},"class_list":["post-42","page","type-page","status-publish","hentry"],"yoast_head":"<!-- This site is optimized with the Yoast SEO plugin v27.4 - https:\/\/yoast.com\/product\/yoast-seo-wordpress\/ -->\n<title>Kielenhuolto - \u00c4idinkieli<\/title>\n<meta name=\"robots\" content=\"index, follow, max-snippet:-1, max-image-preview:large, max-video-preview:-1\" \/>\n<link rel=\"canonical\" href=\"https:\/\/blogit.gradia.fi\/aidinkieli\/kielenhuolto\/\" \/>\n<meta property=\"og:locale\" content=\"fi_FI\" \/>\n<meta property=\"og:type\" content=\"article\" \/>\n<meta property=\"og:title\" content=\"Kielenhuolto - \u00c4idinkieli\" \/>\n<meta property=\"og:description\" content=\"Voit k\u00e4yd\u00e4 tekem\u00e4ss\u00e4 kielenhuollon harjoituksia sivustolla Kirjoittajan ABC-kortti. Jos kielenhuollon asiat ovat sinulle uusia tai vaikeita, k\u00e4y opiskelemassa niit\u00e4 sivustolla Kielitoimiston ohjepankki, josta l\u00f6yd\u00e4t takuuvarmasti oikeaa tietoa suomen kielen kirjoituss\u00e4\u00e4nn\u00f6ist\u00e4. &nbsp; Kun tunnet hallitsevasi asian k\u00e4y tekem\u00e4ss\u00e4 kielenhuollon testi t\u00e4st\u00e4 linkist\u00e4.Ota kokeesta saamasi pistem\u00e4\u00e4r\u00e4 yl\u00f6s ja l\u00e4het\u00e4 se vastuuopettajallesi. Huom! Viimeinen teht\u00e4v\u00e4 (56) ei n\u00e4yt\u00e4 &hellip; Jatka lukemista Kielenhuolto &rarr;\" \/>\n<meta property=\"og:url\" content=\"https:\/\/blogit.gradia.fi\/aidinkieli\/kielenhuolto\/\" \/>\n<meta property=\"og:site_name\" content=\"\u00c4idinkieli\" \/>\n<meta property=\"article:modified_time\" content=\"2017-09-19T05:56:11+00:00\" \/>\n<meta name=\"twitter:card\" content=\"summary_large_image\" \/>\n<script type=\"application\/ld+json\" class=\"yoast-schema-graph\">{\"@context\":\"https:\\\/\\\/schema.org\",\"@graph\":[{\"@type\":\"WebPage\",\"@id\":\"https:\\\/\\\/blogit.gradia.fi\\\/aidinkieli\\\/kielenhuolto\\\/\",\"url\":\"https:\\\/\\\/blogit.gradia.fi\\\/aidinkieli\\\/kielenhuolto\\\/\",\"name\":\"Kielenhuolto - \u00c4idinkieli\",\"isPartOf\":{\"@id\":\"https:\\\/\\\/blogit.gradia.fi\\\/aidinkieli\\\/#website\"},\"datePublished\":\"2017-02-15T12:32:22+00:00\",\"dateModified\":\"2017-09-19T05:56:11+00:00\",\"inLanguage\":\"fi\",\"potentialAction\":[{\"@type\":\"ReadAction\",\"target\":[\"https:\\\/\\\/blogit.gradia.fi\\\/aidinkieli\\\/kielenhuolto\\\/\"]}]},{\"@type\":\"WebSite\",\"@id\":\"https:\\\/\\\/blogit.gradia.fi\\\/aidinkieli\\\/#website\",\"url\":\"https:\\\/\\\/blogit.gradia.fi\\\/aidinkieli\\\/\",\"name\":\"\u00c4idinkieli\",\"description\":\"Uusi Gradia-blogit -sivusto\",\"potentialAction\":[{\"@type\":\"SearchAction\",\"target\":{\"@type\":\"EntryPoint\",\"urlTemplate\":\"https:\\\/\\\/blogit.gradia.fi\\\/aidinkieli\\\/?s={search_term_string}\"},\"query-input\":{\"@type\":\"PropertyValueSpecification\",\"valueRequired\":true,\"valueName\":\"search_term_string\"}}],\"inLanguage\":\"fi\"}]}<\/script>\n<!-- \/ Yoast SEO plugin. -->","yoast_head_json":{"title":"Kielenhuolto - \u00c4idinkieli","robots":{"index":"index","follow":"follow","max-snippet":"max-snippet:-1","max-image-preview":"max-image-preview:large","max-video-preview":"max-video-preview:-1"},"canonical":"https:\/\/blogit.gradia.fi\/aidinkieli\/kielenhuolto\/","og_locale":"fi_FI","og_type":"article","og_title":"Kielenhuolto - \u00c4idinkieli","og_description":"Voit k\u00e4yd\u00e4 tekem\u00e4ss\u00e4 kielenhuollon harjoituksia sivustolla Kirjoittajan ABC-kortti. Jos kielenhuollon asiat ovat sinulle uusia tai vaikeita, k\u00e4y opiskelemassa niit\u00e4 sivustolla Kielitoimiston ohjepankki, josta l\u00f6yd\u00e4t takuuvarmasti oikeaa tietoa suomen kielen kirjoituss\u00e4\u00e4nn\u00f6ist\u00e4. &nbsp; Kun tunnet hallitsevasi asian k\u00e4y tekem\u00e4ss\u00e4 kielenhuollon testi t\u00e4st\u00e4 linkist\u00e4.Ota kokeesta saamasi pistem\u00e4\u00e4r\u00e4 yl\u00f6s ja l\u00e4het\u00e4 se vastuuopettajallesi. Huom! Viimeinen teht\u00e4v\u00e4 (56) ei n\u00e4yt\u00e4 &hellip; Jatka lukemista Kielenhuolto &rarr;","og_url":"https:\/\/blogit.gradia.fi\/aidinkieli\/kielenhuolto\/","og_site_name":"\u00c4idinkieli","article_modified_time":"2017-09-19T05:56:11+00:00","twitter_card":"summary_large_image","schema":{"@context":"https:\/\/schema.org","@graph":[{"@type":"WebPage","@id":"https:\/\/blogit.gradia.fi\/aidinkieli\/kielenhuolto\/","url":"https:\/\/blogit.gradia.fi\/aidinkieli\/kielenhuolto\/","name":"Kielenhuolto - \u00c4idinkieli","isPartOf":{"@id":"https:\/\/blogit.gradia.fi\/aidinkieli\/#website"},"datePublished":"2017-02-15T12:32:22+00:00","dateModified":"2017-09-19T05:56:11+00:00","inLanguage":"fi","potentialAction":[{"@type":"ReadAction","target":["https:\/\/blogit.gradia.fi\/aidinkieli\/kielenhuolto\/"]}]},{"@type":"WebSite","@id":"https:\/\/blogit.gradia.fi\/aidinkieli\/#website","url":"https:\/\/blogit.gradia.fi\/aidinkieli\/","name":"\u00c4idinkieli","description":"Uusi Gradia-blogit -sivusto","potentialAction":[{"@type":"SearchAction","target":{"@type":"EntryPoint","urlTemplate":"https:\/\/blogit.gradia.fi\/aidinkieli\/?s={search_term_string}"},"query-input":{"@type":"PropertyValueSpecification","valueRequired":true,"valueName":"search_term_string"}}],"inLanguage":"fi"}]}},"uagb_featured_image_src":{"full":false,"thumbnail":false,"medium":false,"medium_large":false,"large":false,"1536x1536":false,"2048x2048":false,"post-thumbnail":false},"uagb_author_info":{"display_name":"Riikka Bj\u00f6rkbacka","author_link":"https:\/\/blogit.gradia.fi\/aidinkieli\/author\/bjorkrii\/"},"uagb_comment_info":0,"uagb_excerpt":"Voit k\u00e4yd\u00e4 tekem\u00e4ss\u00e4 kielenhuollon harjoituksia sivustolla Kirjoittajan ABC-kortti. Jos kielenhuollon asiat ovat sinulle uusia tai vaikeita, k\u00e4y opiskelemassa niit\u00e4 sivustolla Kielitoimiston ohjepankki, josta l\u00f6yd\u00e4t takuuvarmasti oikeaa tietoa suomen kielen kirjoituss\u00e4\u00e4nn\u00f6ist\u00e4. &nbsp; Kun tunnet hallitsevasi asian k\u00e4y tekem\u00e4ss\u00e4 kielenhuollon testi t\u00e4st\u00e4 linkist\u00e4.Ota kokeesta saamasi pistem\u00e4\u00e4r\u00e4 yl\u00f6s ja l\u00e4het\u00e4 se vastuuopettajallesi. Huom! Viimeinen teht\u00e4v\u00e4 (56) ei n\u00e4yt\u00e4&hellip;","_links":{"self":[{"href":"https:\/\/blogit.gradia.fi\/aidinkieli\/wp-json\/wp\/v2\/pages\/42","targetHints":{"allow":["GET"]}}],"collection":[{"href":"https:\/\/blogit.gradia.fi\/aidinkieli\/wp-json\/wp\/v2\/pages"}],"about":[{"href":"https:\/\/blogit.gradia.fi\/aidinkieli\/wp-json\/wp\/v2\/types\/page"}],"author":[{"embeddable":true,"href":"https:\/\/blogit.gradia.fi\/aidinkieli\/wp-json\/wp\/v2\/users\/622"}],"replies":[{"embeddable":true,"href":"https:\/\/blogit.gradia.fi\/aidinkieli\/wp-json\/wp\/v2\/comments?post=42"}],"version-history":[{"count":0,"href":"https:\/\/blogit.gradia.fi\/aidinkieli\/wp-json\/wp\/v2\/pages\/42\/revisions"}],"wp:attachment":[{"href":"https:\/\/blogit.gradia.fi\/aidinkieli\/wp-json\/wp\/v2\/media?parent=42"}],"curies":[{"name":"wp","href":"https:\/\/api.w.org\/{rel}","templated":true}]}}