{"id":268,"date":"2018-11-14T14:06:49","date_gmt":"2018-11-14T12:06:49","guid":{"rendered":"https:\/\/blogit.gradia.fi\/aidinkieli\/?page_id=268"},"modified":"2018-12-13T08:43:03","modified_gmt":"2018-12-13T06:43:03","slug":"vaikuttaminen","status":"publish","type":"page","link":"https:\/\/blogit.gradia.fi\/aidinkieli\/vaikuttaminen\/","title":{"rendered":"Vaikuttaminen"},"content":{"rendered":"<p>Kielellinen vaikuttaminen on yleist\u00e4 esim. politiikassa, aatteissa ja mainonnassa. Lukijaan tai kuulijaan pyrit\u00e4\u00e4n vaikuttamaan monin eri tavoin.<\/p>\n<p>Vaikuttamisen keinoja ovat esimerkiksi:<\/p>\n<ul>\n<li>aitous ja itsevarmuus<\/li>\n<li>tunteisiin vetoaminen<\/li>\n<li>toisiin ihmisiin, julkkiksiin tai asiantuntijoihin vetoaminen<\/li>\n<li>tarpeisiin tai hy\u00f6tyyn vetoaminen<\/li>\n<li>my\u00f6nteinen n\u00e4k\u00f6kulma<\/li>\n<li>kuulijoihin samastuminen (me-yhdess\u00e4, sin\u00e4-muoto)<\/li>\n<li>puolitotuudet<\/li>\n<li>imartelu, kehuminen<\/li>\n<li>painostus<\/li>\n<li>vastapalvelun lupaaminen<\/li>\n<li>perustelut<\/li>\n<\/ul>\n<p>&nbsp;<\/p>\n<p><strong>TEHT\u00c4V\u00c4<\/strong><\/p>\n<p>Kirjoita mainosanalyysi omavalintaisesta mainosvideosta tai lehtimainoksesta. Voit k\u00e4ytt\u00e4\u00e4 ideoinnin apuna seuraavia kysymyksi\u00e4:<\/p>\n<p style=\"padding-left: 30px\">Mit\u00e4 tuotetta mainostetaan? Mit\u00e4 mainoksessa tehd\u00e4\u00e4n tai tapahtuu? Mit\u00e4 tulee mieleen, kun katsot mainosta? Onko mainos pitk\u00e4 (liian pitk\u00e4?) vai lyhyt?<\/p>\n<p style=\"padding-left: 30px\">Millainen tunnelma mainoksessa on? Kumpaan mainos vetoaa \u2013 tunteeseen vai j\u00e4rkeen? Miten sen voi p\u00e4\u00e4tell\u00e4?<span style=\"float: none;background-color: transparent;color: #141412;font-family: 'Source Sans Pro',Helvetica,sans-serif;font-size: 16px;font-style: normal;font-variant: normal;font-weight: 400;letter-spacing: normal;text-align: left;text-decoration: none;text-indent: 0px\"> Liittyyk\u00f6 mainoksen tarina aidosti tuotteeseen vai onko yhteys keinotekoinen.\u00a0<\/span><\/p>\n<p style=\"padding-left: 30px\">Millaisia henkil\u00f6it\u00e4, hahmoja tai asioita mainoksessa on kuvattu? Mit\u00e4 he viestiv\u00e4t?<\/p>\n<p style=\"padding-left: 30px\">Mit\u00e4 mainos lupaa kuluttajalle? Eli mit\u00e4 positiivista luvataan tapahtuvaksi, jos ostat tuotteen? Mit\u00e4 tapahtuu, jos et hanki tuotetta?<\/p>\n<p style=\"padding-left: 30px\">Kenelle mainos on suunnattu \u2013 ketk\u00e4 ovat mainoksen kohderyhm\u00e4? Mist\u00e4 sen voi p\u00e4\u00e4tell\u00e4?<\/p>\n<p>Liit\u00e4 teht\u00e4v\u00e4\u00e4si mainoksen kuva tai linkki siihen, mik\u00e4li se on mahdollista.<\/p>\n<p>Esimerkkimainos analysoitavaksi: <a href=\"https:\/\/www.youtube.com\/watch?v=0CTyPBCIR2g\" target=\"_blank\" rel=\"noopener\">Oikotie &#8211; Kun aika on: Veljekset\u00a0<\/a><\/p>\n","protected":false},"excerpt":{"rendered":"<p>Kielellinen vaikuttaminen on yleist\u00e4 esim. politiikassa, aatteissa ja mainonnassa. Lukijaan tai kuulijaan pyrit\u00e4\u00e4n vaikuttamaan monin eri tavoin. Vaikuttamisen keinoja ovat esimerkiksi: aitous ja itsevarmuus tunteisiin vetoaminen toisiin ihmisiin, julkkiksiin tai asiantuntijoihin vetoaminen tarpeisiin tai hy\u00f6tyyn vetoaminen my\u00f6nteinen n\u00e4k\u00f6kulma kuulijoihin samastuminen (me-yhdess\u00e4, sin\u00e4-muoto) puolitotuudet imartelu, kehuminen painostus vastapalvelun lupaaminen perustelut &nbsp; TEHT\u00c4V\u00c4 Kirjoita mainosanalyysi omavalintaisesta mainosvideosta &hellip; <a href=\"https:\/\/blogit.gradia.fi\/aidinkieli\/vaikuttaminen\/\" class=\"more-link\">Jatka lukemista <span class=\"screen-reader-text\">Vaikuttaminen<\/span> <span class=\"meta-nav\">&rarr;<\/span><\/a><\/p>\n","protected":false},"author":622,"featured_media":0,"parent":0,"menu_order":0,"comment_status":"closed","ping_status":"closed","template":"","meta":{"_uag_custom_page_level_css":"","footnotes":""},"class_list":["post-268","page","type-page","status-publish","hentry"],"yoast_head":"<!-- This site is optimized with the Yoast SEO plugin v27.4 - https:\/\/yoast.com\/product\/yoast-seo-wordpress\/ -->\n<title>Vaikuttaminen - \u00c4idinkieli<\/title>\n<meta name=\"robots\" content=\"index, follow, max-snippet:-1, max-image-preview:large, max-video-preview:-1\" \/>\n<link rel=\"canonical\" href=\"https:\/\/blogit.gradia.fi\/aidinkieli\/vaikuttaminen\/\" \/>\n<meta property=\"og:locale\" content=\"fi_FI\" \/>\n<meta property=\"og:type\" content=\"article\" \/>\n<meta property=\"og:title\" content=\"Vaikuttaminen - \u00c4idinkieli\" \/>\n<meta property=\"og:description\" content=\"Kielellinen vaikuttaminen on yleist\u00e4 esim. politiikassa, aatteissa ja mainonnassa. Lukijaan tai kuulijaan pyrit\u00e4\u00e4n vaikuttamaan monin eri tavoin. Vaikuttamisen keinoja ovat esimerkiksi: aitous ja itsevarmuus tunteisiin vetoaminen toisiin ihmisiin, julkkiksiin tai asiantuntijoihin vetoaminen tarpeisiin tai hy\u00f6tyyn vetoaminen my\u00f6nteinen n\u00e4k\u00f6kulma kuulijoihin samastuminen (me-yhdess\u00e4, sin\u00e4-muoto) puolitotuudet imartelu, kehuminen painostus vastapalvelun lupaaminen perustelut &nbsp; TEHT\u00c4V\u00c4 Kirjoita mainosanalyysi omavalintaisesta mainosvideosta &hellip; Jatka lukemista Vaikuttaminen &rarr;\" \/>\n<meta property=\"og:url\" content=\"https:\/\/blogit.gradia.fi\/aidinkieli\/vaikuttaminen\/\" \/>\n<meta property=\"og:site_name\" content=\"\u00c4idinkieli\" \/>\n<meta property=\"article:modified_time\" content=\"2018-12-13T06:43:03+00:00\" \/>\n<meta name=\"twitter:card\" content=\"summary_large_image\" \/>\n<meta name=\"twitter:label1\" content=\"Arvioitu lukuaika\" \/>\n\t<meta name=\"twitter:data1\" content=\"1 minuutti\" \/>\n<script type=\"application\/ld+json\" class=\"yoast-schema-graph\">{\"@context\":\"https:\\\/\\\/schema.org\",\"@graph\":[{\"@type\":\"WebPage\",\"@id\":\"https:\\\/\\\/blogit.gradia.fi\\\/aidinkieli\\\/vaikuttaminen\\\/\",\"url\":\"https:\\\/\\\/blogit.gradia.fi\\\/aidinkieli\\\/vaikuttaminen\\\/\",\"name\":\"Vaikuttaminen - \u00c4idinkieli\",\"isPartOf\":{\"@id\":\"https:\\\/\\\/blogit.gradia.fi\\\/aidinkieli\\\/#website\"},\"datePublished\":\"2018-11-14T12:06:49+00:00\",\"dateModified\":\"2018-12-13T06:43:03+00:00\",\"inLanguage\":\"fi\",\"potentialAction\":[{\"@type\":\"ReadAction\",\"target\":[\"https:\\\/\\\/blogit.gradia.fi\\\/aidinkieli\\\/vaikuttaminen\\\/\"]}]},{\"@type\":\"WebSite\",\"@id\":\"https:\\\/\\\/blogit.gradia.fi\\\/aidinkieli\\\/#website\",\"url\":\"https:\\\/\\\/blogit.gradia.fi\\\/aidinkieli\\\/\",\"name\":\"\u00c4idinkieli\",\"description\":\"Uusi Gradia-blogit -sivusto\",\"potentialAction\":[{\"@type\":\"SearchAction\",\"target\":{\"@type\":\"EntryPoint\",\"urlTemplate\":\"https:\\\/\\\/blogit.gradia.fi\\\/aidinkieli\\\/?s={search_term_string}\"},\"query-input\":{\"@type\":\"PropertyValueSpecification\",\"valueRequired\":true,\"valueName\":\"search_term_string\"}}],\"inLanguage\":\"fi\"}]}<\/script>\n<!-- \/ Yoast SEO plugin. -->","yoast_head_json":{"title":"Vaikuttaminen - \u00c4idinkieli","robots":{"index":"index","follow":"follow","max-snippet":"max-snippet:-1","max-image-preview":"max-image-preview:large","max-video-preview":"max-video-preview:-1"},"canonical":"https:\/\/blogit.gradia.fi\/aidinkieli\/vaikuttaminen\/","og_locale":"fi_FI","og_type":"article","og_title":"Vaikuttaminen - \u00c4idinkieli","og_description":"Kielellinen vaikuttaminen on yleist\u00e4 esim. politiikassa, aatteissa ja mainonnassa. Lukijaan tai kuulijaan pyrit\u00e4\u00e4n vaikuttamaan monin eri tavoin. Vaikuttamisen keinoja ovat esimerkiksi: aitous ja itsevarmuus tunteisiin vetoaminen toisiin ihmisiin, julkkiksiin tai asiantuntijoihin vetoaminen tarpeisiin tai hy\u00f6tyyn vetoaminen my\u00f6nteinen n\u00e4k\u00f6kulma kuulijoihin samastuminen (me-yhdess\u00e4, sin\u00e4-muoto) puolitotuudet imartelu, kehuminen painostus vastapalvelun lupaaminen perustelut &nbsp; TEHT\u00c4V\u00c4 Kirjoita mainosanalyysi omavalintaisesta mainosvideosta &hellip; Jatka lukemista Vaikuttaminen &rarr;","og_url":"https:\/\/blogit.gradia.fi\/aidinkieli\/vaikuttaminen\/","og_site_name":"\u00c4idinkieli","article_modified_time":"2018-12-13T06:43:03+00:00","twitter_card":"summary_large_image","twitter_misc":{"Arvioitu lukuaika":"1 minuutti"},"schema":{"@context":"https:\/\/schema.org","@graph":[{"@type":"WebPage","@id":"https:\/\/blogit.gradia.fi\/aidinkieli\/vaikuttaminen\/","url":"https:\/\/blogit.gradia.fi\/aidinkieli\/vaikuttaminen\/","name":"Vaikuttaminen - \u00c4idinkieli","isPartOf":{"@id":"https:\/\/blogit.gradia.fi\/aidinkieli\/#website"},"datePublished":"2018-11-14T12:06:49+00:00","dateModified":"2018-12-13T06:43:03+00:00","inLanguage":"fi","potentialAction":[{"@type":"ReadAction","target":["https:\/\/blogit.gradia.fi\/aidinkieli\/vaikuttaminen\/"]}]},{"@type":"WebSite","@id":"https:\/\/blogit.gradia.fi\/aidinkieli\/#website","url":"https:\/\/blogit.gradia.fi\/aidinkieli\/","name":"\u00c4idinkieli","description":"Uusi Gradia-blogit -sivusto","potentialAction":[{"@type":"SearchAction","target":{"@type":"EntryPoint","urlTemplate":"https:\/\/blogit.gradia.fi\/aidinkieli\/?s={search_term_string}"},"query-input":{"@type":"PropertyValueSpecification","valueRequired":true,"valueName":"search_term_string"}}],"inLanguage":"fi"}]}},"uagb_featured_image_src":{"full":false,"thumbnail":false,"medium":false,"medium_large":false,"large":false,"1536x1536":false,"2048x2048":false,"post-thumbnail":false},"uagb_author_info":{"display_name":"Riikka Bj\u00f6rkbacka","author_link":"https:\/\/blogit.gradia.fi\/aidinkieli\/author\/bjorkrii\/"},"uagb_comment_info":0,"uagb_excerpt":"Kielellinen vaikuttaminen on yleist\u00e4 esim. politiikassa, aatteissa ja mainonnassa. Lukijaan tai kuulijaan pyrit\u00e4\u00e4n vaikuttamaan monin eri tavoin. Vaikuttamisen keinoja ovat esimerkiksi: aitous ja itsevarmuus tunteisiin vetoaminen toisiin ihmisiin, julkkiksiin tai asiantuntijoihin vetoaminen tarpeisiin tai hy\u00f6tyyn vetoaminen my\u00f6nteinen n\u00e4k\u00f6kulma kuulijoihin samastuminen (me-yhdess\u00e4, sin\u00e4-muoto) puolitotuudet imartelu, kehuminen painostus vastapalvelun lupaaminen perustelut &nbsp; TEHT\u00c4V\u00c4 Kirjoita mainosanalyysi omavalintaisesta mainosvideosta&hellip;","_links":{"self":[{"href":"https:\/\/blogit.gradia.fi\/aidinkieli\/wp-json\/wp\/v2\/pages\/268","targetHints":{"allow":["GET"]}}],"collection":[{"href":"https:\/\/blogit.gradia.fi\/aidinkieli\/wp-json\/wp\/v2\/pages"}],"about":[{"href":"https:\/\/blogit.gradia.fi\/aidinkieli\/wp-json\/wp\/v2\/types\/page"}],"author":[{"embeddable":true,"href":"https:\/\/blogit.gradia.fi\/aidinkieli\/wp-json\/wp\/v2\/users\/622"}],"replies":[{"embeddable":true,"href":"https:\/\/blogit.gradia.fi\/aidinkieli\/wp-json\/wp\/v2\/comments?post=268"}],"version-history":[{"count":0,"href":"https:\/\/blogit.gradia.fi\/aidinkieli\/wp-json\/wp\/v2\/pages\/268\/revisions"}],"wp:attachment":[{"href":"https:\/\/blogit.gradia.fi\/aidinkieli\/wp-json\/wp\/v2\/media?parent=268"}],"curies":[{"name":"wp","href":"https:\/\/api.w.org\/{rel}","templated":true}]}}