{"id":246,"date":"2018-11-14T12:49:38","date_gmt":"2018-11-14T10:49:38","guid":{"rendered":"https:\/\/blogit.gradia.fi\/aidinkieli\/?page_id=246"},"modified":"2020-03-17T12:06:08","modified_gmt":"2020-03-17T10:06:08","slug":"muistio","status":"publish","type":"page","link":"https:\/\/blogit.gradia.fi\/aidinkieli\/muistio\/","title":{"rendered":"Muistio"},"content":{"rendered":"<p>Neuvotteluista ja palavereista kirjoitetaan yleens\u00e4 jonkinlaiset muistiinpanot, virallisimmillaan <strong>muistio<\/strong>.<\/p>\n<p>Muistio voi toimia samalla tiedotteena, jota jaetaan intrassa, s\u00e4hk\u00f6postilla tai ilmoitustaululla.<\/p>\n<p>Muistio muistuttaa p\u00f6yt\u00e4kirjaa ja kirjoitetaan asiakirjan vakioasettelulla. Katso malli <a href=\"https:\/\/jaofi-my.sharepoint.com\/:w:\/g\/personal\/lauralaa_gradia_fi\/EaHThcYUidhHtXQaoEkacmQBP9aUH6X6wMIoUVgS3mYSrg\" target=\"_blank\" rel=\"noopener noreferrer\">t\u00e4st\u00e4<\/a>. Huom! Avaa mallit aina ty\u00f6p\u00f6yt\u00e4sovelluksessa (eli oikeassa Wordissa, ei nettiversiossa), jotta ne n\u00e4kyv\u00e4t oikein.<\/p>\n<p>Muistion tulee sis\u00e4lt\u00e4\u00e4 aina seuraavat tiedot:<\/p>\n<ul>\n<li>p\u00e4iv\u00e4ys (kirjoittamisp\u00e4iv\u00e4m\u00e4\u00e4r\u00e4)<\/li>\n<li>aika ja paikka (misss\u00e4 ja milloin palaveri tapahtui)<\/li>\n<li>osallistujat<\/li>\n<li>aihe (eli kokoontumisen tarkoitus, esim. luokkaretken suunnittelupalaveri)<\/li>\n<li>k\u00e4sitellyt asiat, tehdyt p\u00e4\u00e4t\u00f6kset<\/li>\n<li>allekirjoitus<\/li>\n<\/ul>\n<p><strong>\u00a0<\/strong><\/p>\n<p><strong>TEHT\u00c4V\u00c4<\/strong><\/p>\n<p>Kirjoita <strong>muistio <\/strong>mist\u00e4 tahansa oppitunnista, palaverista tai neuvottelusta, johon osallistut l\u00e4hip\u00e4ivien aikana. Voit toimia tilanteessa vapaaehtoisena sihteerin\u00e4 tai tehd\u00e4 muuten vain hyv\u00e4t muistiinpanot tilanteen kulusta.<\/p>\n<p>Kirjoita muistiosi mahdollisimman pian tilaisuuden j\u00e4lkeen puhtaaksi koneella mallin mukaan, n\u00e4in muistat viel\u00e4 tapahtumat.<\/p>\n","protected":false},"excerpt":{"rendered":"<p>Neuvotteluista ja palavereista kirjoitetaan yleens\u00e4 jonkinlaiset muistiinpanot, virallisimmillaan muistio. Muistio voi toimia samalla tiedotteena, jota jaetaan intrassa, s\u00e4hk\u00f6postilla tai ilmoitustaululla. Muistio muistuttaa p\u00f6yt\u00e4kirjaa ja kirjoitetaan asiakirjan vakioasettelulla. Katso malli t\u00e4st\u00e4. Huom! Avaa mallit aina ty\u00f6p\u00f6yt\u00e4sovelluksessa (eli oikeassa Wordissa, ei nettiversiossa), jotta ne n\u00e4kyv\u00e4t oikein. Muistion tulee sis\u00e4lt\u00e4\u00e4 aina seuraavat tiedot: p\u00e4iv\u00e4ys (kirjoittamisp\u00e4iv\u00e4m\u00e4\u00e4r\u00e4) aika ja paikka &hellip; <a href=\"https:\/\/blogit.gradia.fi\/aidinkieli\/muistio\/\" class=\"more-link\">Jatka lukemista <span class=\"screen-reader-text\">Muistio<\/span> <span class=\"meta-nav\">&rarr;<\/span><\/a><\/p>\n","protected":false},"author":622,"featured_media":0,"parent":0,"menu_order":0,"comment_status":"closed","ping_status":"closed","template":"","meta":{"_uag_custom_page_level_css":"","footnotes":""},"class_list":["post-246","page","type-page","status-publish","hentry"],"yoast_head":"<!-- This site is optimized with the Yoast SEO plugin v27.4 - https:\/\/yoast.com\/product\/yoast-seo-wordpress\/ -->\n<title>Muistio - \u00c4idinkieli<\/title>\n<meta name=\"robots\" content=\"index, follow, max-snippet:-1, max-image-preview:large, max-video-preview:-1\" \/>\n<link rel=\"canonical\" href=\"https:\/\/blogit.gradia.fi\/aidinkieli\/muistio\/\" \/>\n<meta property=\"og:locale\" content=\"fi_FI\" \/>\n<meta property=\"og:type\" content=\"article\" \/>\n<meta property=\"og:title\" content=\"Muistio - \u00c4idinkieli\" \/>\n<meta property=\"og:description\" content=\"Neuvotteluista ja palavereista kirjoitetaan yleens\u00e4 jonkinlaiset muistiinpanot, virallisimmillaan muistio. Muistio voi toimia samalla tiedotteena, jota jaetaan intrassa, s\u00e4hk\u00f6postilla tai ilmoitustaululla. Muistio muistuttaa p\u00f6yt\u00e4kirjaa ja kirjoitetaan asiakirjan vakioasettelulla. Katso malli t\u00e4st\u00e4. Huom! Avaa mallit aina ty\u00f6p\u00f6yt\u00e4sovelluksessa (eli oikeassa Wordissa, ei nettiversiossa), jotta ne n\u00e4kyv\u00e4t oikein. Muistion tulee sis\u00e4lt\u00e4\u00e4 aina seuraavat tiedot: p\u00e4iv\u00e4ys (kirjoittamisp\u00e4iv\u00e4m\u00e4\u00e4r\u00e4) aika ja paikka &hellip; Jatka lukemista Muistio &rarr;\" \/>\n<meta property=\"og:url\" content=\"https:\/\/blogit.gradia.fi\/aidinkieli\/muistio\/\" \/>\n<meta property=\"og:site_name\" content=\"\u00c4idinkieli\" \/>\n<meta property=\"article:modified_time\" content=\"2020-03-17T10:06:08+00:00\" \/>\n<meta name=\"twitter:card\" content=\"summary_large_image\" \/>\n<meta name=\"twitter:label1\" content=\"Arvioitu lukuaika\" \/>\n\t<meta name=\"twitter:data1\" content=\"1 minuutti\" \/>\n<script type=\"application\/ld+json\" class=\"yoast-schema-graph\">{\"@context\":\"https:\\\/\\\/schema.org\",\"@graph\":[{\"@type\":\"WebPage\",\"@id\":\"https:\\\/\\\/blogit.gradia.fi\\\/aidinkieli\\\/muistio\\\/\",\"url\":\"https:\\\/\\\/blogit.gradia.fi\\\/aidinkieli\\\/muistio\\\/\",\"name\":\"Muistio - \u00c4idinkieli\",\"isPartOf\":{\"@id\":\"https:\\\/\\\/blogit.gradia.fi\\\/aidinkieli\\\/#website\"},\"datePublished\":\"2018-11-14T10:49:38+00:00\",\"dateModified\":\"2020-03-17T10:06:08+00:00\",\"inLanguage\":\"fi\",\"potentialAction\":[{\"@type\":\"ReadAction\",\"target\":[\"https:\\\/\\\/blogit.gradia.fi\\\/aidinkieli\\\/muistio\\\/\"]}]},{\"@type\":\"WebSite\",\"@id\":\"https:\\\/\\\/blogit.gradia.fi\\\/aidinkieli\\\/#website\",\"url\":\"https:\\\/\\\/blogit.gradia.fi\\\/aidinkieli\\\/\",\"name\":\"\u00c4idinkieli\",\"description\":\"Uusi Gradia-blogit -sivusto\",\"potentialAction\":[{\"@type\":\"SearchAction\",\"target\":{\"@type\":\"EntryPoint\",\"urlTemplate\":\"https:\\\/\\\/blogit.gradia.fi\\\/aidinkieli\\\/?s={search_term_string}\"},\"query-input\":{\"@type\":\"PropertyValueSpecification\",\"valueRequired\":true,\"valueName\":\"search_term_string\"}}],\"inLanguage\":\"fi\"}]}<\/script>\n<!-- \/ Yoast SEO plugin. -->","yoast_head_json":{"title":"Muistio - \u00c4idinkieli","robots":{"index":"index","follow":"follow","max-snippet":"max-snippet:-1","max-image-preview":"max-image-preview:large","max-video-preview":"max-video-preview:-1"},"canonical":"https:\/\/blogit.gradia.fi\/aidinkieli\/muistio\/","og_locale":"fi_FI","og_type":"article","og_title":"Muistio - \u00c4idinkieli","og_description":"Neuvotteluista ja palavereista kirjoitetaan yleens\u00e4 jonkinlaiset muistiinpanot, virallisimmillaan muistio. Muistio voi toimia samalla tiedotteena, jota jaetaan intrassa, s\u00e4hk\u00f6postilla tai ilmoitustaululla. Muistio muistuttaa p\u00f6yt\u00e4kirjaa ja kirjoitetaan asiakirjan vakioasettelulla. Katso malli t\u00e4st\u00e4. Huom! Avaa mallit aina ty\u00f6p\u00f6yt\u00e4sovelluksessa (eli oikeassa Wordissa, ei nettiversiossa), jotta ne n\u00e4kyv\u00e4t oikein. Muistion tulee sis\u00e4lt\u00e4\u00e4 aina seuraavat tiedot: p\u00e4iv\u00e4ys (kirjoittamisp\u00e4iv\u00e4m\u00e4\u00e4r\u00e4) aika ja paikka &hellip; Jatka lukemista Muistio &rarr;","og_url":"https:\/\/blogit.gradia.fi\/aidinkieli\/muistio\/","og_site_name":"\u00c4idinkieli","article_modified_time":"2020-03-17T10:06:08+00:00","twitter_card":"summary_large_image","twitter_misc":{"Arvioitu lukuaika":"1 minuutti"},"schema":{"@context":"https:\/\/schema.org","@graph":[{"@type":"WebPage","@id":"https:\/\/blogit.gradia.fi\/aidinkieli\/muistio\/","url":"https:\/\/blogit.gradia.fi\/aidinkieli\/muistio\/","name":"Muistio - \u00c4idinkieli","isPartOf":{"@id":"https:\/\/blogit.gradia.fi\/aidinkieli\/#website"},"datePublished":"2018-11-14T10:49:38+00:00","dateModified":"2020-03-17T10:06:08+00:00","inLanguage":"fi","potentialAction":[{"@type":"ReadAction","target":["https:\/\/blogit.gradia.fi\/aidinkieli\/muistio\/"]}]},{"@type":"WebSite","@id":"https:\/\/blogit.gradia.fi\/aidinkieli\/#website","url":"https:\/\/blogit.gradia.fi\/aidinkieli\/","name":"\u00c4idinkieli","description":"Uusi Gradia-blogit -sivusto","potentialAction":[{"@type":"SearchAction","target":{"@type":"EntryPoint","urlTemplate":"https:\/\/blogit.gradia.fi\/aidinkieli\/?s={search_term_string}"},"query-input":{"@type":"PropertyValueSpecification","valueRequired":true,"valueName":"search_term_string"}}],"inLanguage":"fi"}]}},"uagb_featured_image_src":{"full":false,"thumbnail":false,"medium":false,"medium_large":false,"large":false,"1536x1536":false,"2048x2048":false,"post-thumbnail":false},"uagb_author_info":{"display_name":"Riikka Bj\u00f6rkbacka","author_link":"https:\/\/blogit.gradia.fi\/aidinkieli\/author\/bjorkrii\/"},"uagb_comment_info":0,"uagb_excerpt":"Neuvotteluista ja palavereista kirjoitetaan yleens\u00e4 jonkinlaiset muistiinpanot, virallisimmillaan muistio. Muistio voi toimia samalla tiedotteena, jota jaetaan intrassa, s\u00e4hk\u00f6postilla tai ilmoitustaululla. Muistio muistuttaa p\u00f6yt\u00e4kirjaa ja kirjoitetaan asiakirjan vakioasettelulla. Katso malli t\u00e4st\u00e4. Huom! Avaa mallit aina ty\u00f6p\u00f6yt\u00e4sovelluksessa (eli oikeassa Wordissa, ei nettiversiossa), jotta ne n\u00e4kyv\u00e4t oikein. Muistion tulee sis\u00e4lt\u00e4\u00e4 aina seuraavat tiedot: p\u00e4iv\u00e4ys (kirjoittamisp\u00e4iv\u00e4m\u00e4\u00e4r\u00e4) aika ja paikka&hellip;","_links":{"self":[{"href":"https:\/\/blogit.gradia.fi\/aidinkieli\/wp-json\/wp\/v2\/pages\/246","targetHints":{"allow":["GET"]}}],"collection":[{"href":"https:\/\/blogit.gradia.fi\/aidinkieli\/wp-json\/wp\/v2\/pages"}],"about":[{"href":"https:\/\/blogit.gradia.fi\/aidinkieli\/wp-json\/wp\/v2\/types\/page"}],"author":[{"embeddable":true,"href":"https:\/\/blogit.gradia.fi\/aidinkieli\/wp-json\/wp\/v2\/users\/622"}],"replies":[{"embeddable":true,"href":"https:\/\/blogit.gradia.fi\/aidinkieli\/wp-json\/wp\/v2\/comments?post=246"}],"version-history":[{"count":1,"href":"https:\/\/blogit.gradia.fi\/aidinkieli\/wp-json\/wp\/v2\/pages\/246\/revisions"}],"predecessor-version":[{"id":325,"href":"https:\/\/blogit.gradia.fi\/aidinkieli\/wp-json\/wp\/v2\/pages\/246\/revisions\/325"}],"wp:attachment":[{"href":"https:\/\/blogit.gradia.fi\/aidinkieli\/wp-json\/wp\/v2\/media?parent=246"}],"curies":[{"name":"wp","href":"https:\/\/api.w.org\/{rel}","templated":true}]}}