{"id":233,"date":"2018-11-06T13:23:31","date_gmt":"2018-11-06T11:23:31","guid":{"rendered":"https:\/\/blogit.gradia.fi\/aidinkieli\/?page_id=233"},"modified":"2018-11-06T13:30:10","modified_gmt":"2018-11-06T11:30:10","slug":"vaikuttaminen-ja-mielipiteen-ilmaisu-aip3","status":"publish","type":"page","link":"https:\/\/blogit.gradia.fi\/aidinkieli\/vaikuttaminen-ja-mielipiteen-ilmaisu-aip3\/","title":{"rendered":"Vaikuttaminen ja mielipiteen ilmaisu, AIP3"},"content":{"rendered":"<p>Kurssin sis\u00e4lt\u00f6:<\/p>\n<ul>\n<li>Mielipiteen ilmaisu<\/li>\n<li>Perustelu ja argumentointi<\/li>\n<li>Vaikuttaminen<\/li>\n<\/ul>\n","protected":false},"excerpt":{"rendered":"<p>Kurssin sis\u00e4lt\u00f6: Mielipiteen ilmaisu Perustelu ja argumentointi Vaikuttaminen<\/p>\n","protected":false},"author":622,"featured_media":0,"parent":0,"menu_order":0,"comment_status":"closed","ping_status":"closed","template":"","meta":{"_uag_custom_page_level_css":"","footnotes":""},"class_list":["post-233","page","type-page","status-publish","hentry"],"yoast_head":"<!-- This site is optimized with the Yoast SEO plugin v27.4 - https:\/\/yoast.com\/product\/yoast-seo-wordpress\/ -->\n<title>Vaikuttaminen ja mielipiteen ilmaisu, AIP3 - \u00c4idinkieli<\/title>\n<meta name=\"robots\" content=\"index, follow, max-snippet:-1, max-image-preview:large, max-video-preview:-1\" \/>\n<link rel=\"canonical\" href=\"https:\/\/blogit.gradia.fi\/aidinkieli\/vaikuttaminen-ja-mielipiteen-ilmaisu-aip3\/\" \/>\n<meta property=\"og:locale\" content=\"fi_FI\" \/>\n<meta property=\"og:type\" content=\"article\" \/>\n<meta property=\"og:title\" content=\"Vaikuttaminen ja mielipiteen ilmaisu, AIP3 - \u00c4idinkieli\" \/>\n<meta property=\"og:description\" content=\"Kurssin sis\u00e4lt\u00f6: Mielipiteen ilmaisu Perustelu ja argumentointi Vaikuttaminen\" \/>\n<meta property=\"og:url\" content=\"https:\/\/blogit.gradia.fi\/aidinkieli\/vaikuttaminen-ja-mielipiteen-ilmaisu-aip3\/\" \/>\n<meta property=\"og:site_name\" content=\"\u00c4idinkieli\" \/>\n<meta property=\"article:modified_time\" content=\"2018-11-06T11:30:10+00:00\" \/>\n<meta name=\"twitter:card\" content=\"summary_large_image\" \/>\n<script type=\"application\/ld+json\" class=\"yoast-schema-graph\">{\"@context\":\"https:\\\/\\\/schema.org\",\"@graph\":[{\"@type\":\"WebPage\",\"@id\":\"https:\\\/\\\/blogit.gradia.fi\\\/aidinkieli\\\/vaikuttaminen-ja-mielipiteen-ilmaisu-aip3\\\/\",\"url\":\"https:\\\/\\\/blogit.gradia.fi\\\/aidinkieli\\\/vaikuttaminen-ja-mielipiteen-ilmaisu-aip3\\\/\",\"name\":\"Vaikuttaminen ja mielipiteen ilmaisu, AIP3 - \u00c4idinkieli\",\"isPartOf\":{\"@id\":\"https:\\\/\\\/blogit.gradia.fi\\\/aidinkieli\\\/#website\"},\"datePublished\":\"2018-11-06T11:23:31+00:00\",\"dateModified\":\"2018-11-06T11:30:10+00:00\",\"inLanguage\":\"fi\",\"potentialAction\":[{\"@type\":\"ReadAction\",\"target\":[\"https:\\\/\\\/blogit.gradia.fi\\\/aidinkieli\\\/vaikuttaminen-ja-mielipiteen-ilmaisu-aip3\\\/\"]}]},{\"@type\":\"WebSite\",\"@id\":\"https:\\\/\\\/blogit.gradia.fi\\\/aidinkieli\\\/#website\",\"url\":\"https:\\\/\\\/blogit.gradia.fi\\\/aidinkieli\\\/\",\"name\":\"\u00c4idinkieli\",\"description\":\"Uusi Gradia-blogit -sivusto\",\"potentialAction\":[{\"@type\":\"SearchAction\",\"target\":{\"@type\":\"EntryPoint\",\"urlTemplate\":\"https:\\\/\\\/blogit.gradia.fi\\\/aidinkieli\\\/?s={search_term_string}\"},\"query-input\":{\"@type\":\"PropertyValueSpecification\",\"valueRequired\":true,\"valueName\":\"search_term_string\"}}],\"inLanguage\":\"fi\"}]}<\/script>\n<!-- \/ Yoast SEO plugin. -->","yoast_head_json":{"title":"Vaikuttaminen ja mielipiteen ilmaisu, AIP3 - \u00c4idinkieli","robots":{"index":"index","follow":"follow","max-snippet":"max-snippet:-1","max-image-preview":"max-image-preview:large","max-video-preview":"max-video-preview:-1"},"canonical":"https:\/\/blogit.gradia.fi\/aidinkieli\/vaikuttaminen-ja-mielipiteen-ilmaisu-aip3\/","og_locale":"fi_FI","og_type":"article","og_title":"Vaikuttaminen ja mielipiteen ilmaisu, AIP3 - \u00c4idinkieli","og_description":"Kurssin sis\u00e4lt\u00f6: Mielipiteen ilmaisu Perustelu ja argumentointi Vaikuttaminen","og_url":"https:\/\/blogit.gradia.fi\/aidinkieli\/vaikuttaminen-ja-mielipiteen-ilmaisu-aip3\/","og_site_name":"\u00c4idinkieli","article_modified_time":"2018-11-06T11:30:10+00:00","twitter_card":"summary_large_image","schema":{"@context":"https:\/\/schema.org","@graph":[{"@type":"WebPage","@id":"https:\/\/blogit.gradia.fi\/aidinkieli\/vaikuttaminen-ja-mielipiteen-ilmaisu-aip3\/","url":"https:\/\/blogit.gradia.fi\/aidinkieli\/vaikuttaminen-ja-mielipiteen-ilmaisu-aip3\/","name":"Vaikuttaminen ja mielipiteen ilmaisu, AIP3 - \u00c4idinkieli","isPartOf":{"@id":"https:\/\/blogit.gradia.fi\/aidinkieli\/#website"},"datePublished":"2018-11-06T11:23:31+00:00","dateModified":"2018-11-06T11:30:10+00:00","inLanguage":"fi","potentialAction":[{"@type":"ReadAction","target":["https:\/\/blogit.gradia.fi\/aidinkieli\/vaikuttaminen-ja-mielipiteen-ilmaisu-aip3\/"]}]},{"@type":"WebSite","@id":"https:\/\/blogit.gradia.fi\/aidinkieli\/#website","url":"https:\/\/blogit.gradia.fi\/aidinkieli\/","name":"\u00c4idinkieli","description":"Uusi Gradia-blogit -sivusto","potentialAction":[{"@type":"SearchAction","target":{"@type":"EntryPoint","urlTemplate":"https:\/\/blogit.gradia.fi\/aidinkieli\/?s={search_term_string}"},"query-input":{"@type":"PropertyValueSpecification","valueRequired":true,"valueName":"search_term_string"}}],"inLanguage":"fi"}]}},"uagb_featured_image_src":{"full":false,"thumbnail":false,"medium":false,"medium_large":false,"large":false,"1536x1536":false,"2048x2048":false,"post-thumbnail":false},"uagb_author_info":{"display_name":"Riikka Bj\u00f6rkbacka","author_link":"https:\/\/blogit.gradia.fi\/aidinkieli\/author\/bjorkrii\/"},"uagb_comment_info":0,"uagb_excerpt":"Kurssin sis\u00e4lt\u00f6: Mielipiteen ilmaisu Perustelu ja argumentointi Vaikuttaminen","_links":{"self":[{"href":"https:\/\/blogit.gradia.fi\/aidinkieli\/wp-json\/wp\/v2\/pages\/233","targetHints":{"allow":["GET"]}}],"collection":[{"href":"https:\/\/blogit.gradia.fi\/aidinkieli\/wp-json\/wp\/v2\/pages"}],"about":[{"href":"https:\/\/blogit.gradia.fi\/aidinkieli\/wp-json\/wp\/v2\/types\/page"}],"author":[{"embeddable":true,"href":"https:\/\/blogit.gradia.fi\/aidinkieli\/wp-json\/wp\/v2\/users\/622"}],"replies":[{"embeddable":true,"href":"https:\/\/blogit.gradia.fi\/aidinkieli\/wp-json\/wp\/v2\/comments?post=233"}],"version-history":[{"count":0,"href":"https:\/\/blogit.gradia.fi\/aidinkieli\/wp-json\/wp\/v2\/pages\/233\/revisions"}],"wp:attachment":[{"href":"https:\/\/blogit.gradia.fi\/aidinkieli\/wp-json\/wp\/v2\/media?parent=233"}],"curies":[{"name":"wp","href":"https:\/\/api.w.org\/{rel}","templated":true}]}}