{"id":20,"date":"2016-05-11T14:09:44","date_gmt":"2016-05-11T11:09:44","guid":{"rendered":"https:\/\/blogit.gradia.fi\/aidinkieli\/?page_id=20"},"modified":"2018-12-12T14:47:54","modified_gmt":"2018-12-12T12:47:54","slug":"aidinkieli-1","status":"publish","type":"page","link":"https:\/\/blogit.gradia.fi\/aidinkieli\/aidinkieli-1\/","title":{"rendered":"Kirjallinen viestint\u00e4 ja tiedonhaku, AIP1"},"content":{"rendered":"<p>Kurssin sis\u00e4ll\u00f6t:<\/p>\n<ul>\n<li>Kielenhuolto ja asiatyyli<\/li>\n<li>Referointi ja raportointi<\/li>\n<li>Tiedonhankinta<\/li>\n<li>Ammattikieli<\/li>\n<\/ul>\n<p>&nbsp;<\/p>\n<p>&nbsp;<\/p>\n","protected":false},"excerpt":{"rendered":"<p>Kurssin sis\u00e4ll\u00f6t: Kielenhuolto ja asiatyyli Referointi ja raportointi Tiedonhankinta Ammattikieli &nbsp; &nbsp;<\/p>\n","protected":false},"author":623,"featured_media":0,"parent":0,"menu_order":0,"comment_status":"closed","ping_status":"closed","template":"","meta":{"_uag_custom_page_level_css":"","footnotes":""},"class_list":["post-20","page","type-page","status-publish","hentry"],"yoast_head":"<!-- This site is optimized with the Yoast SEO plugin v27.4 - https:\/\/yoast.com\/product\/yoast-seo-wordpress\/ -->\n<title>Kirjallinen viestint\u00e4 ja tiedonhaku, AIP1 - \u00c4idinkieli<\/title>\n<meta name=\"robots\" content=\"index, follow, max-snippet:-1, max-image-preview:large, max-video-preview:-1\" \/>\n<link rel=\"canonical\" href=\"https:\/\/blogit.gradia.fi\/aidinkieli\/aidinkieli-1\/\" \/>\n<meta property=\"og:locale\" content=\"fi_FI\" \/>\n<meta property=\"og:type\" content=\"article\" \/>\n<meta property=\"og:title\" content=\"Kirjallinen viestint\u00e4 ja tiedonhaku, AIP1 - \u00c4idinkieli\" \/>\n<meta property=\"og:description\" content=\"Kurssin sis\u00e4ll\u00f6t: Kielenhuolto ja asiatyyli Referointi ja raportointi Tiedonhankinta Ammattikieli &nbsp; &nbsp;\" \/>\n<meta property=\"og:url\" content=\"https:\/\/blogit.gradia.fi\/aidinkieli\/aidinkieli-1\/\" \/>\n<meta property=\"og:site_name\" content=\"\u00c4idinkieli\" \/>\n<meta property=\"article:modified_time\" content=\"2018-12-12T12:47:54+00:00\" \/>\n<meta name=\"twitter:card\" content=\"summary_large_image\" \/>\n<script type=\"application\/ld+json\" class=\"yoast-schema-graph\">{\"@context\":\"https:\\\/\\\/schema.org\",\"@graph\":[{\"@type\":\"WebPage\",\"@id\":\"https:\\\/\\\/blogit.gradia.fi\\\/aidinkieli\\\/aidinkieli-1\\\/\",\"url\":\"https:\\\/\\\/blogit.gradia.fi\\\/aidinkieli\\\/aidinkieli-1\\\/\",\"name\":\"Kirjallinen viestint\u00e4 ja tiedonhaku, AIP1 - \u00c4idinkieli\",\"isPartOf\":{\"@id\":\"https:\\\/\\\/blogit.gradia.fi\\\/aidinkieli\\\/#website\"},\"datePublished\":\"2016-05-11T11:09:44+00:00\",\"dateModified\":\"2018-12-12T12:47:54+00:00\",\"inLanguage\":\"fi\",\"potentialAction\":[{\"@type\":\"ReadAction\",\"target\":[\"https:\\\/\\\/blogit.gradia.fi\\\/aidinkieli\\\/aidinkieli-1\\\/\"]}]},{\"@type\":\"WebSite\",\"@id\":\"https:\\\/\\\/blogit.gradia.fi\\\/aidinkieli\\\/#website\",\"url\":\"https:\\\/\\\/blogit.gradia.fi\\\/aidinkieli\\\/\",\"name\":\"\u00c4idinkieli\",\"description\":\"Uusi Gradia-blogit -sivusto\",\"potentialAction\":[{\"@type\":\"SearchAction\",\"target\":{\"@type\":\"EntryPoint\",\"urlTemplate\":\"https:\\\/\\\/blogit.gradia.fi\\\/aidinkieli\\\/?s={search_term_string}\"},\"query-input\":{\"@type\":\"PropertyValueSpecification\",\"valueRequired\":true,\"valueName\":\"search_term_string\"}}],\"inLanguage\":\"fi\"}]}<\/script>\n<!-- \/ Yoast SEO plugin. -->","yoast_head_json":{"title":"Kirjallinen viestint\u00e4 ja tiedonhaku, AIP1 - \u00c4idinkieli","robots":{"index":"index","follow":"follow","max-snippet":"max-snippet:-1","max-image-preview":"max-image-preview:large","max-video-preview":"max-video-preview:-1"},"canonical":"https:\/\/blogit.gradia.fi\/aidinkieli\/aidinkieli-1\/","og_locale":"fi_FI","og_type":"article","og_title":"Kirjallinen viestint\u00e4 ja tiedonhaku, AIP1 - \u00c4idinkieli","og_description":"Kurssin sis\u00e4ll\u00f6t: Kielenhuolto ja asiatyyli Referointi ja raportointi Tiedonhankinta Ammattikieli &nbsp; &nbsp;","og_url":"https:\/\/blogit.gradia.fi\/aidinkieli\/aidinkieli-1\/","og_site_name":"\u00c4idinkieli","article_modified_time":"2018-12-12T12:47:54+00:00","twitter_card":"summary_large_image","schema":{"@context":"https:\/\/schema.org","@graph":[{"@type":"WebPage","@id":"https:\/\/blogit.gradia.fi\/aidinkieli\/aidinkieli-1\/","url":"https:\/\/blogit.gradia.fi\/aidinkieli\/aidinkieli-1\/","name":"Kirjallinen viestint\u00e4 ja tiedonhaku, AIP1 - \u00c4idinkieli","isPartOf":{"@id":"https:\/\/blogit.gradia.fi\/aidinkieli\/#website"},"datePublished":"2016-05-11T11:09:44+00:00","dateModified":"2018-12-12T12:47:54+00:00","inLanguage":"fi","potentialAction":[{"@type":"ReadAction","target":["https:\/\/blogit.gradia.fi\/aidinkieli\/aidinkieli-1\/"]}]},{"@type":"WebSite","@id":"https:\/\/blogit.gradia.fi\/aidinkieli\/#website","url":"https:\/\/blogit.gradia.fi\/aidinkieli\/","name":"\u00c4idinkieli","description":"Uusi Gradia-blogit -sivusto","potentialAction":[{"@type":"SearchAction","target":{"@type":"EntryPoint","urlTemplate":"https:\/\/blogit.gradia.fi\/aidinkieli\/?s={search_term_string}"},"query-input":{"@type":"PropertyValueSpecification","valueRequired":true,"valueName":"search_term_string"}}],"inLanguage":"fi"}]}},"uagb_featured_image_src":{"full":false,"thumbnail":false,"medium":false,"medium_large":false,"large":false,"1536x1536":false,"2048x2048":false,"post-thumbnail":false},"uagb_author_info":{"display_name":"Riikka K\u00e4rn\u00e4","author_link":"https:\/\/blogit.gradia.fi\/aidinkieli\/author\/karnarii\/"},"uagb_comment_info":0,"uagb_excerpt":"Kurssin sis\u00e4ll\u00f6t: Kielenhuolto ja asiatyyli Referointi ja raportointi Tiedonhankinta Ammattikieli &nbsp; &nbsp;","_links":{"self":[{"href":"https:\/\/blogit.gradia.fi\/aidinkieli\/wp-json\/wp\/v2\/pages\/20","targetHints":{"allow":["GET"]}}],"collection":[{"href":"https:\/\/blogit.gradia.fi\/aidinkieli\/wp-json\/wp\/v2\/pages"}],"about":[{"href":"https:\/\/blogit.gradia.fi\/aidinkieli\/wp-json\/wp\/v2\/types\/page"}],"author":[{"embeddable":true,"href":"https:\/\/blogit.gradia.fi\/aidinkieli\/wp-json\/wp\/v2\/users\/623"}],"replies":[{"embeddable":true,"href":"https:\/\/blogit.gradia.fi\/aidinkieli\/wp-json\/wp\/v2\/comments?post=20"}],"version-history":[{"count":0,"href":"https:\/\/blogit.gradia.fi\/aidinkieli\/wp-json\/wp\/v2\/pages\/20\/revisions"}],"wp:attachment":[{"href":"https:\/\/blogit.gradia.fi\/aidinkieli\/wp-json\/wp\/v2\/media?parent=20"}],"curies":[{"name":"wp","href":"https:\/\/api.w.org\/{rel}","templated":true}]}}