{"id":118,"date":"2017-05-04T12:42:13","date_gmt":"2017-05-04T09:42:13","guid":{"rendered":"https:\/\/blogit.gradia.fi\/aidinkieli\/?page_id=118"},"modified":"2018-11-14T13:13:26","modified_gmt":"2018-11-14T11:13:26","slug":"ryhmaviestinta","status":"publish","type":"page","link":"https:\/\/blogit.gradia.fi\/aidinkieli\/ryhmaviestinta\/","title":{"rendered":"Ryhm\u00e4viestint\u00e4"},"content":{"rendered":"<p><strong>TEHT\u00c4V\u00c4:<\/strong><\/p>\n<p>Lue ensin artikkeli <a href=\"https:\/\/jaofi-my.sharepoint.com\/:b:\/g\/personal\/lauralaa_gradia_fi\/EWe4uxMIhrtElc8GpEbS8EkBUFhGDk2_7-xqirlhsL9y-A?e=wWcvIz\" target=\"_blank\" rel=\"noopener\">Niin ryhm\u00e4 vastaa kuin sinne huudetaan<\/a>. Voit etsi\u00e4 my\u00f6s netist\u00e4 lis\u00e4\u00e4 tietoa aiheesta. Kirjoita noin sivun pituinen essee, jossa vastaat mm. seuraaviin kysymyksiin. Keksi oma kuvaava otsikko.<\/p>\n<p>Millainen on hyvin toimiva ryhm\u00e4? Miksi\u00a0ja millaisissa tilanteissa ryhm\u00e4t\u00f6ist\u00e4\u00a0on eniten hy\u00f6ty\u00e4? Millaiset ovat ryhm\u00e4t\u00f6iden tavallisimpia ongelmia ja mist\u00e4 ne johtuvat?\u00a0Mit\u00e4 voidaan tehd\u00e4, jos ryhm\u00e4n ty\u00f6skentely ei suju? Millaiset persoonallisuudenpiirteet ovat hy\u00f6dyksi ja mitk\u00e4 haitaksi ryhm\u00e4ty\u00f6skentelyss\u00e4. Miksi tarvitaan niin monta vaihetta ennen kuin ryhm\u00e4 alkaa toimia kunnolla?<\/p>\n<p>Mill\u00e4 tavalla sin\u00e4 itse ty\u00f6skentelet mieluiten, yksin, parin kanssa vai ryhmiss\u00e4? Miksi?\u00a0Mit\u00e4 sin\u00e4 haluaisit tiet\u00e4\u00e4 uudesta ty\u00f6paristasi ennen t\u00f6iden aloittamista?<\/p>\n<p><strong>TEHT\u00c4V\u00c4:<\/strong><\/p>\n<p>Valitse vaihtoehdoista A tai B.<\/p>\n<p><strong>\u00a0A \u201dKeskustelijana olen kuin moukari\u201d. Kirjoita kuvaus itsest\u00e4si keskustelijana<\/strong>.<\/p>\n<p>Pohdiskele, millainen olet ryhm\u00e4viestint\u00e4tilanteissa, saatko suunvuoron vai oletko hiljaa? Jaksatko kuunnella tarkkaavaisesti vai haluatko muualle? Saatko tahtosi l\u00e4pi? Miten toimit tuttujen ihmisten kanssa, ent\u00e4 vieraiden? Vaihteleeko tyylisi paljon sen mukaan, onko kyseess\u00e4 virallinen vai ep\u00e4virallinen tilanne. Sujuuko small talk? Millaisissa tilanteissa olet tyytyv\u00e4isin.<\/p>\n<p>Otsikoi tekstisi \u201dKeskustelijana olen kuin\u2026\u201d Jatka lausetta parhaiten itse\u00e4si kuvaavalla asialla. Vaikkapa \u201dKeskustelijana olen kuin kes\u00e4sade\/vanha mopo\/\u00e4re\u00e4 karhu\u201d.<\/p>\n<p>TAI<\/p>\n<p><strong>B Omat viestint\u00e4tilanteet -teht\u00e4v\u00e4<\/strong><\/p>\n<p><strong>\u00a0<\/strong>Seuraa omia keskustelutilanteitasi seuraavan viikon aikana. (Esim. kavereiden kanssa kaupungilla, mummon kanssa keitti\u00f6ss\u00e4, tien opastus tuntemattomalle.)<\/p>\n<p>Raportoi niist\u00e4 nelj\u00e4 <strong>mahdollisimman erilaista<\/strong> tilannetta kirjallisesti.<\/p>\n<p>\u00c4l\u00e4 kuvaile keskustelua sanasta sanaan, vaan kerro<\/p>\n<ul>\n<li>ketk\u00e4 keskusteluun osallistuivat<\/li>\n<li>miss\u00e4 se tapahtui<\/li>\n<li>mist\u00e4 keskustelitte ja miksi<\/li>\n<li>kuinka tilanne alkoi, eteni ja p\u00e4\u00e4ttyi.<\/li>\n<\/ul>\n<p>Mieti miten oma tapasi puhua (tyyli, \u00e4\u00e4nens\u00e4vy, sanasto) muuttui eri tilanteissa, vai muuttuiko? Miksi?<\/p>\n<p>Olitko tyytyv\u00e4inen omaan osallistumiseesi? Mit\u00e4 tekisit nyt toisin?<\/p>\n<p>&nbsp;<\/p>\n","protected":false},"excerpt":{"rendered":"<p>TEHT\u00c4V\u00c4: Lue ensin artikkeli Niin ryhm\u00e4 vastaa kuin sinne huudetaan. Voit etsi\u00e4 my\u00f6s netist\u00e4 lis\u00e4\u00e4 tietoa aiheesta. Kirjoita noin sivun pituinen essee, jossa vastaat mm. seuraaviin kysymyksiin. Keksi oma kuvaava otsikko. Millainen on hyvin toimiva ryhm\u00e4? Miksi\u00a0ja millaisissa tilanteissa ryhm\u00e4t\u00f6ist\u00e4\u00a0on eniten hy\u00f6ty\u00e4? Millaiset ovat ryhm\u00e4t\u00f6iden tavallisimpia ongelmia ja mist\u00e4 ne johtuvat?\u00a0Mit\u00e4 voidaan tehd\u00e4, jos ryhm\u00e4n &hellip; <a href=\"https:\/\/blogit.gradia.fi\/aidinkieli\/ryhmaviestinta\/\" class=\"more-link\">Jatka lukemista <span class=\"screen-reader-text\">Ryhm\u00e4viestint\u00e4<\/span> <span class=\"meta-nav\">&rarr;<\/span><\/a><\/p>\n","protected":false},"author":622,"featured_media":0,"parent":0,"menu_order":0,"comment_status":"closed","ping_status":"closed","template":"","meta":{"_uag_custom_page_level_css":"","footnotes":""},"class_list":["post-118","page","type-page","status-publish","hentry"],"yoast_head":"<!-- This site is optimized with the Yoast SEO plugin v27.4 - https:\/\/yoast.com\/product\/yoast-seo-wordpress\/ -->\n<title>Ryhm\u00e4viestint\u00e4 - \u00c4idinkieli<\/title>\n<meta name=\"robots\" content=\"index, follow, max-snippet:-1, max-image-preview:large, max-video-preview:-1\" \/>\n<link rel=\"canonical\" href=\"https:\/\/blogit.gradia.fi\/aidinkieli\/ryhmaviestinta\/\" \/>\n<meta property=\"og:locale\" content=\"fi_FI\" \/>\n<meta property=\"og:type\" content=\"article\" \/>\n<meta property=\"og:title\" content=\"Ryhm\u00e4viestint\u00e4 - \u00c4idinkieli\" \/>\n<meta property=\"og:description\" content=\"TEHT\u00c4V\u00c4: Lue ensin artikkeli Niin ryhm\u00e4 vastaa kuin sinne huudetaan. Voit etsi\u00e4 my\u00f6s netist\u00e4 lis\u00e4\u00e4 tietoa aiheesta. Kirjoita noin sivun pituinen essee, jossa vastaat mm. seuraaviin kysymyksiin. Keksi oma kuvaava otsikko. Millainen on hyvin toimiva ryhm\u00e4? Miksi\u00a0ja millaisissa tilanteissa ryhm\u00e4t\u00f6ist\u00e4\u00a0on eniten hy\u00f6ty\u00e4? Millaiset ovat ryhm\u00e4t\u00f6iden tavallisimpia ongelmia ja mist\u00e4 ne johtuvat?\u00a0Mit\u00e4 voidaan tehd\u00e4, jos ryhm\u00e4n &hellip; Jatka lukemista Ryhm\u00e4viestint\u00e4 &rarr;\" \/>\n<meta property=\"og:url\" content=\"https:\/\/blogit.gradia.fi\/aidinkieli\/ryhmaviestinta\/\" \/>\n<meta property=\"og:site_name\" content=\"\u00c4idinkieli\" \/>\n<meta property=\"article:modified_time\" content=\"2018-11-14T11:13:26+00:00\" \/>\n<meta name=\"twitter:card\" content=\"summary_large_image\" \/>\n<meta name=\"twitter:label1\" content=\"Arvioitu lukuaika\" \/>\n\t<meta name=\"twitter:data1\" content=\"1 minuutti\" \/>\n<script type=\"application\/ld+json\" class=\"yoast-schema-graph\">{\"@context\":\"https:\\\/\\\/schema.org\",\"@graph\":[{\"@type\":\"WebPage\",\"@id\":\"https:\\\/\\\/blogit.gradia.fi\\\/aidinkieli\\\/ryhmaviestinta\\\/\",\"url\":\"https:\\\/\\\/blogit.gradia.fi\\\/aidinkieli\\\/ryhmaviestinta\\\/\",\"name\":\"Ryhm\u00e4viestint\u00e4 - \u00c4idinkieli\",\"isPartOf\":{\"@id\":\"https:\\\/\\\/blogit.gradia.fi\\\/aidinkieli\\\/#website\"},\"datePublished\":\"2017-05-04T09:42:13+00:00\",\"dateModified\":\"2018-11-14T11:13:26+00:00\",\"inLanguage\":\"fi\",\"potentialAction\":[{\"@type\":\"ReadAction\",\"target\":[\"https:\\\/\\\/blogit.gradia.fi\\\/aidinkieli\\\/ryhmaviestinta\\\/\"]}]},{\"@type\":\"WebSite\",\"@id\":\"https:\\\/\\\/blogit.gradia.fi\\\/aidinkieli\\\/#website\",\"url\":\"https:\\\/\\\/blogit.gradia.fi\\\/aidinkieli\\\/\",\"name\":\"\u00c4idinkieli\",\"description\":\"Uusi Gradia-blogit -sivusto\",\"potentialAction\":[{\"@type\":\"SearchAction\",\"target\":{\"@type\":\"EntryPoint\",\"urlTemplate\":\"https:\\\/\\\/blogit.gradia.fi\\\/aidinkieli\\\/?s={search_term_string}\"},\"query-input\":{\"@type\":\"PropertyValueSpecification\",\"valueRequired\":true,\"valueName\":\"search_term_string\"}}],\"inLanguage\":\"fi\"}]}<\/script>\n<!-- \/ Yoast SEO plugin. -->","yoast_head_json":{"title":"Ryhm\u00e4viestint\u00e4 - \u00c4idinkieli","robots":{"index":"index","follow":"follow","max-snippet":"max-snippet:-1","max-image-preview":"max-image-preview:large","max-video-preview":"max-video-preview:-1"},"canonical":"https:\/\/blogit.gradia.fi\/aidinkieli\/ryhmaviestinta\/","og_locale":"fi_FI","og_type":"article","og_title":"Ryhm\u00e4viestint\u00e4 - \u00c4idinkieli","og_description":"TEHT\u00c4V\u00c4: Lue ensin artikkeli Niin ryhm\u00e4 vastaa kuin sinne huudetaan. Voit etsi\u00e4 my\u00f6s netist\u00e4 lis\u00e4\u00e4 tietoa aiheesta. Kirjoita noin sivun pituinen essee, jossa vastaat mm. seuraaviin kysymyksiin. Keksi oma kuvaava otsikko. Millainen on hyvin toimiva ryhm\u00e4? Miksi\u00a0ja millaisissa tilanteissa ryhm\u00e4t\u00f6ist\u00e4\u00a0on eniten hy\u00f6ty\u00e4? Millaiset ovat ryhm\u00e4t\u00f6iden tavallisimpia ongelmia ja mist\u00e4 ne johtuvat?\u00a0Mit\u00e4 voidaan tehd\u00e4, jos ryhm\u00e4n &hellip; Jatka lukemista Ryhm\u00e4viestint\u00e4 &rarr;","og_url":"https:\/\/blogit.gradia.fi\/aidinkieli\/ryhmaviestinta\/","og_site_name":"\u00c4idinkieli","article_modified_time":"2018-11-14T11:13:26+00:00","twitter_card":"summary_large_image","twitter_misc":{"Arvioitu lukuaika":"1 minuutti"},"schema":{"@context":"https:\/\/schema.org","@graph":[{"@type":"WebPage","@id":"https:\/\/blogit.gradia.fi\/aidinkieli\/ryhmaviestinta\/","url":"https:\/\/blogit.gradia.fi\/aidinkieli\/ryhmaviestinta\/","name":"Ryhm\u00e4viestint\u00e4 - \u00c4idinkieli","isPartOf":{"@id":"https:\/\/blogit.gradia.fi\/aidinkieli\/#website"},"datePublished":"2017-05-04T09:42:13+00:00","dateModified":"2018-11-14T11:13:26+00:00","inLanguage":"fi","potentialAction":[{"@type":"ReadAction","target":["https:\/\/blogit.gradia.fi\/aidinkieli\/ryhmaviestinta\/"]}]},{"@type":"WebSite","@id":"https:\/\/blogit.gradia.fi\/aidinkieli\/#website","url":"https:\/\/blogit.gradia.fi\/aidinkieli\/","name":"\u00c4idinkieli","description":"Uusi Gradia-blogit -sivusto","potentialAction":[{"@type":"SearchAction","target":{"@type":"EntryPoint","urlTemplate":"https:\/\/blogit.gradia.fi\/aidinkieli\/?s={search_term_string}"},"query-input":{"@type":"PropertyValueSpecification","valueRequired":true,"valueName":"search_term_string"}}],"inLanguage":"fi"}]}},"uagb_featured_image_src":{"full":false,"thumbnail":false,"medium":false,"medium_large":false,"large":false,"1536x1536":false,"2048x2048":false,"post-thumbnail":false},"uagb_author_info":{"display_name":"Riikka Bj\u00f6rkbacka","author_link":"https:\/\/blogit.gradia.fi\/aidinkieli\/author\/bjorkrii\/"},"uagb_comment_info":0,"uagb_excerpt":"TEHT\u00c4V\u00c4: Lue ensin artikkeli Niin ryhm\u00e4 vastaa kuin sinne huudetaan. Voit etsi\u00e4 my\u00f6s netist\u00e4 lis\u00e4\u00e4 tietoa aiheesta. Kirjoita noin sivun pituinen essee, jossa vastaat mm. seuraaviin kysymyksiin. Keksi oma kuvaava otsikko. Millainen on hyvin toimiva ryhm\u00e4? Miksi\u00a0ja millaisissa tilanteissa ryhm\u00e4t\u00f6ist\u00e4\u00a0on eniten hy\u00f6ty\u00e4? Millaiset ovat ryhm\u00e4t\u00f6iden tavallisimpia ongelmia ja mist\u00e4 ne johtuvat?\u00a0Mit\u00e4 voidaan tehd\u00e4, jos ryhm\u00e4n&hellip;","_links":{"self":[{"href":"https:\/\/blogit.gradia.fi\/aidinkieli\/wp-json\/wp\/v2\/pages\/118","targetHints":{"allow":["GET"]}}],"collection":[{"href":"https:\/\/blogit.gradia.fi\/aidinkieli\/wp-json\/wp\/v2\/pages"}],"about":[{"href":"https:\/\/blogit.gradia.fi\/aidinkieli\/wp-json\/wp\/v2\/types\/page"}],"author":[{"embeddable":true,"href":"https:\/\/blogit.gradia.fi\/aidinkieli\/wp-json\/wp\/v2\/users\/622"}],"replies":[{"embeddable":true,"href":"https:\/\/blogit.gradia.fi\/aidinkieli\/wp-json\/wp\/v2\/comments?post=118"}],"version-history":[{"count":0,"href":"https:\/\/blogit.gradia.fi\/aidinkieli\/wp-json\/wp\/v2\/pages\/118\/revisions"}],"wp:attachment":[{"href":"https:\/\/blogit.gradia.fi\/aidinkieli\/wp-json\/wp\/v2\/media?parent=118"}],"curies":[{"name":"wp","href":"https:\/\/api.w.org\/{rel}","templated":true}]}}