{"id":836,"date":"2021-09-23T09:00:00","date_gmt":"2021-09-23T06:00:00","guid":{"rendered":"https:\/\/blogit.gradia.fi\/ageom\/?page_id=836"},"modified":"2021-09-28T13:01:59","modified_gmt":"2021-09-28T10:01:59","slug":"koe","status":"publish","type":"page","link":"https:\/\/blogit.gradia.fi\/ageom\/koe\/","title":{"rendered":"Koe"},"content":{"rendered":"\n<ul class=\"wp-block-list\"><li>Koe on torstaina 30.9.2021 klo 14 &#8211; 17.<\/li><li>Koealueena on koko kirja eli luvut 1 &#8211; 5.<\/li><li>Muista oma p\u00e4ivitetty tikku (<strong>ABITTI21265<\/strong>).<\/li><li>Ota mukaan kyn\u00e4, kumi, viivotin, ym. kirjoitusv\u00e4lineet. Suttupaperia saat koululta.<\/li><li>Harjoittele laskemaan ilman laskinta ja tietokonetta.<\/li><li>Harjoittele laskemaan laskimella ja tietokoneella.<\/li><li>Harjoittele monipuolisesti GeoGebraa: piirt\u00e4minen, laskeminen, ym.<\/li><li>Kirjan <strong>Ydinteht\u00e4vill\u00e4<\/strong> p\u00e4\u00e4set arvosanoihin 5 tai 6.<\/li><li>Kirjan <strong>Vahvistavilla<\/strong> <strong>teht\u00e4vill\u00e4<\/strong> voit saavuttaa arvosanat 7 tai 8.<\/li><li>Jos olet tavoittelemassa kiitett\u00e4v\u00e4\u00e4, treenaa <strong>Syvent\u00e4vi\u00e4 teht\u00e4vi\u00e4<\/strong>.<\/li><li>Muista tutustua taulukkokirjaan ennen koetta, jotta aikasi ei kulu kokeessa asioiden etsimiseen taulukoista. Voit bootata koneesi Abittiin kotona ja katsoa MAOLia.<\/li><li>Koeymp\u00e4rist\u00f6n ohjeet ovat osoitteessa  <a href=\"https:\/\/cheat.abitti.fi\/build\/index.html?fi\" target=\"_blank\" rel=\"noreferrer noopener\">https:\/\/cheat.abitti.fi\/build\/index.html?fi<\/a> <\/li><li>Kokeessa on A-osa, B1- ja B2 -osat. <\/li><li>A-osassa ei ole k\u00e4yt\u00f6ss\u00e4 muita laskimia kuin KCalc, GNOME Calculator ja SpeedCrunch. Laskimia voit harjoitella boottaamalla koneesi Abittiin. Toki SpeedCrunch sinulla on my\u00f6s koneellasi muutenkin.<\/li><\/ul>\n","protected":false},"excerpt":{"rendered":"<p>Koe on torstaina 30.9.2021 klo 14 &#8211; 17. Koealueena on koko kirja eli luvut 1 &#8211; 5. Muista oma p\u00e4ivitetty tikku (ABITTI21265). Ota mukaan kyn\u00e4, kumi, viivotin, ym. kirjoitusv\u00e4lineet. Suttupaperia saat koululta. Harjoittele laskemaan ilman laskinta ja tietokonetta. Harjoittele laskemaan laskimella ja tietokoneella. Harjoittele monipuolisesti GeoGebraa: piirt\u00e4minen, laskeminen, ym. Kirjan Ydinteht\u00e4vill\u00e4 p\u00e4\u00e4set arvosanoihin 5 tai &hellip; <a href=\"https:\/\/blogit.gradia.fi\/ageom\/koe\/\" class=\"more-link\">Jatka lukemista <span class=\"screen-reader-text\">Koe<\/span> <span class=\"meta-nav\">&rarr;<\/span><\/a><\/p>\n","protected":false},"author":111,"featured_media":0,"parent":0,"menu_order":0,"comment_status":"closed","ping_status":"closed","template":"","meta":{"_uag_custom_page_level_css":"","footnotes":""},"class_list":["post-836","page","type-page","status-publish","hentry"],"yoast_head":"<!-- This site is optimized with the Yoast SEO plugin v27.4 - https:\/\/yoast.com\/product\/yoast-seo-wordpress\/ -->\n<title>Koe - Analyyttinen geometria (MAA05)<\/title>\n<meta name=\"robots\" content=\"index, follow, max-snippet:-1, max-image-preview:large, max-video-preview:-1\" \/>\n<link rel=\"canonical\" href=\"https:\/\/blogit.gradia.fi\/ageom\/koe\/\" \/>\n<meta property=\"og:locale\" content=\"fi_FI\" \/>\n<meta property=\"og:type\" content=\"article\" \/>\n<meta property=\"og:title\" content=\"Koe - Analyyttinen geometria (MAA05)\" \/>\n<meta property=\"og:description\" content=\"Koe on torstaina 30.9.2021 klo 14 &#8211; 17. Koealueena on koko kirja eli luvut 1 &#8211; 5. Muista oma p\u00e4ivitetty tikku (ABITTI21265). Ota mukaan kyn\u00e4, kumi, viivotin, ym. kirjoitusv\u00e4lineet. Suttupaperia saat koululta. Harjoittele laskemaan ilman laskinta ja tietokonetta. Harjoittele laskemaan laskimella ja tietokoneella. Harjoittele monipuolisesti GeoGebraa: piirt\u00e4minen, laskeminen, ym. Kirjan Ydinteht\u00e4vill\u00e4 p\u00e4\u00e4set arvosanoihin 5 tai &hellip; Jatka lukemista Koe &rarr;\" \/>\n<meta property=\"og:url\" content=\"https:\/\/blogit.gradia.fi\/ageom\/koe\/\" \/>\n<meta property=\"og:site_name\" content=\"Analyyttinen geometria (MAA05)\" \/>\n<meta property=\"article:modified_time\" content=\"2021-09-28T10:01:59+00:00\" \/>\n<meta name=\"twitter:card\" content=\"summary_large_image\" \/>\n<meta name=\"twitter:label1\" content=\"Arvioitu lukuaika\" \/>\n\t<meta name=\"twitter:data1\" content=\"1 minuutti\" \/>\n<script type=\"application\/ld+json\" class=\"yoast-schema-graph\">{\"@context\":\"https:\\\/\\\/schema.org\",\"@graph\":[{\"@type\":\"WebPage\",\"@id\":\"https:\\\/\\\/blogit.gradia.fi\\\/ageom\\\/koe\\\/\",\"url\":\"https:\\\/\\\/blogit.gradia.fi\\\/ageom\\\/koe\\\/\",\"name\":\"Koe - Analyyttinen geometria (MAA05)\",\"isPartOf\":{\"@id\":\"https:\\\/\\\/blogit.gradia.fi\\\/ageom\\\/#website\"},\"datePublished\":\"2021-09-23T06:00:00+00:00\",\"dateModified\":\"2021-09-28T10:01:59+00:00\",\"breadcrumb\":{\"@id\":\"https:\\\/\\\/blogit.gradia.fi\\\/ageom\\\/koe\\\/#breadcrumb\"},\"inLanguage\":\"fi\",\"potentialAction\":[{\"@type\":\"ReadAction\",\"target\":[\"https:\\\/\\\/blogit.gradia.fi\\\/ageom\\\/koe\\\/\"]}]},{\"@type\":\"BreadcrumbList\",\"@id\":\"https:\\\/\\\/blogit.gradia.fi\\\/ageom\\\/koe\\\/#breadcrumb\",\"itemListElement\":[{\"@type\":\"ListItem\",\"position\":1,\"name\":\"Home\",\"item\":\"https:\\\/\\\/blogit.gradia.fi\\\/ageom\\\/\"},{\"@type\":\"ListItem\",\"position\":2,\"name\":\"Koe\"}]},{\"@type\":\"WebSite\",\"@id\":\"https:\\\/\\\/blogit.gradia.fi\\\/ageom\\\/#website\",\"url\":\"https:\\\/\\\/blogit.gradia.fi\\\/ageom\\\/\",\"name\":\"Analyyttinen geometria (MAA05)\",\"description\":\"MAA05\",\"potentialAction\":[{\"@type\":\"SearchAction\",\"target\":{\"@type\":\"EntryPoint\",\"urlTemplate\":\"https:\\\/\\\/blogit.gradia.fi\\\/ageom\\\/?s={search_term_string}\"},\"query-input\":{\"@type\":\"PropertyValueSpecification\",\"valueRequired\":true,\"valueName\":\"search_term_string\"}}],\"inLanguage\":\"fi\"}]}<\/script>\n<!-- \/ Yoast SEO plugin. -->","yoast_head_json":{"title":"Koe - Analyyttinen geometria (MAA05)","robots":{"index":"index","follow":"follow","max-snippet":"max-snippet:-1","max-image-preview":"max-image-preview:large","max-video-preview":"max-video-preview:-1"},"canonical":"https:\/\/blogit.gradia.fi\/ageom\/koe\/","og_locale":"fi_FI","og_type":"article","og_title":"Koe - Analyyttinen geometria (MAA05)","og_description":"Koe on torstaina 30.9.2021 klo 14 &#8211; 17. Koealueena on koko kirja eli luvut 1 &#8211; 5. Muista oma p\u00e4ivitetty tikku (ABITTI21265). Ota mukaan kyn\u00e4, kumi, viivotin, ym. kirjoitusv\u00e4lineet. Suttupaperia saat koululta. Harjoittele laskemaan ilman laskinta ja tietokonetta. Harjoittele laskemaan laskimella ja tietokoneella. Harjoittele monipuolisesti GeoGebraa: piirt\u00e4minen, laskeminen, ym. Kirjan Ydinteht\u00e4vill\u00e4 p\u00e4\u00e4set arvosanoihin 5 tai &hellip; Jatka lukemista Koe &rarr;","og_url":"https:\/\/blogit.gradia.fi\/ageom\/koe\/","og_site_name":"Analyyttinen geometria (MAA05)","article_modified_time":"2021-09-28T10:01:59+00:00","twitter_card":"summary_large_image","twitter_misc":{"Arvioitu lukuaika":"1 minuutti"},"schema":{"@context":"https:\/\/schema.org","@graph":[{"@type":"WebPage","@id":"https:\/\/blogit.gradia.fi\/ageom\/koe\/","url":"https:\/\/blogit.gradia.fi\/ageom\/koe\/","name":"Koe - Analyyttinen geometria (MAA05)","isPartOf":{"@id":"https:\/\/blogit.gradia.fi\/ageom\/#website"},"datePublished":"2021-09-23T06:00:00+00:00","dateModified":"2021-09-28T10:01:59+00:00","breadcrumb":{"@id":"https:\/\/blogit.gradia.fi\/ageom\/koe\/#breadcrumb"},"inLanguage":"fi","potentialAction":[{"@type":"ReadAction","target":["https:\/\/blogit.gradia.fi\/ageom\/koe\/"]}]},{"@type":"BreadcrumbList","@id":"https:\/\/blogit.gradia.fi\/ageom\/koe\/#breadcrumb","itemListElement":[{"@type":"ListItem","position":1,"name":"Home","item":"https:\/\/blogit.gradia.fi\/ageom\/"},{"@type":"ListItem","position":2,"name":"Koe"}]},{"@type":"WebSite","@id":"https:\/\/blogit.gradia.fi\/ageom\/#website","url":"https:\/\/blogit.gradia.fi\/ageom\/","name":"Analyyttinen geometria (MAA05)","description":"MAA05","potentialAction":[{"@type":"SearchAction","target":{"@type":"EntryPoint","urlTemplate":"https:\/\/blogit.gradia.fi\/ageom\/?s={search_term_string}"},"query-input":{"@type":"PropertyValueSpecification","valueRequired":true,"valueName":"search_term_string"}}],"inLanguage":"fi"}]}},"uagb_featured_image_src":{"full":false,"thumbnail":false,"medium":false,"medium_large":false,"large":false,"1536x1536":false,"2048x2048":false,"post-thumbnail":false},"uagb_author_info":{"display_name":"Hannu Tabell","author_link":"https:\/\/blogit.gradia.fi\/ageom\/author\/htabell\/"},"uagb_comment_info":0,"uagb_excerpt":"Koe on torstaina 30.9.2021 klo 14 &#8211; 17. Koealueena on koko kirja eli luvut 1 &#8211; 5. Muista oma p\u00e4ivitetty tikku (ABITTI21265). Ota mukaan kyn\u00e4, kumi, viivotin, ym. kirjoitusv\u00e4lineet. Suttupaperia saat koululta. Harjoittele laskemaan ilman laskinta ja tietokonetta. Harjoittele laskemaan laskimella ja tietokoneella. Harjoittele monipuolisesti GeoGebraa: piirt\u00e4minen, laskeminen, ym. Kirjan Ydinteht\u00e4vill\u00e4 p\u00e4\u00e4set arvosanoihin 5 tai&hellip;","_links":{"self":[{"href":"https:\/\/blogit.gradia.fi\/ageom\/wp-json\/wp\/v2\/pages\/836","targetHints":{"allow":["GET"]}}],"collection":[{"href":"https:\/\/blogit.gradia.fi\/ageom\/wp-json\/wp\/v2\/pages"}],"about":[{"href":"https:\/\/blogit.gradia.fi\/ageom\/wp-json\/wp\/v2\/types\/page"}],"author":[{"embeddable":true,"href":"https:\/\/blogit.gradia.fi\/ageom\/wp-json\/wp\/v2\/users\/111"}],"replies":[{"embeddable":true,"href":"https:\/\/blogit.gradia.fi\/ageom\/wp-json\/wp\/v2\/comments?post=836"}],"version-history":[{"count":11,"href":"https:\/\/blogit.gradia.fi\/ageom\/wp-json\/wp\/v2\/pages\/836\/revisions"}],"predecessor-version":[{"id":1578,"href":"https:\/\/blogit.gradia.fi\/ageom\/wp-json\/wp\/v2\/pages\/836\/revisions\/1578"}],"wp:attachment":[{"href":"https:\/\/blogit.gradia.fi\/ageom\/wp-json\/wp\/v2\/media?parent=836"}],"curies":[{"name":"wp","href":"https:\/\/api.w.org\/{rel}","templated":true}]}}