{"id":745,"date":"2025-10-05T19:33:59","date_gmt":"2025-10-05T16:33:59","guid":{"rendered":"https:\/\/blogit.gradia.fi\/abitti\/?page_id=745"},"modified":"2026-03-20T16:45:10","modified_gmt":"2026-03-20T14:45:10","slug":"abitti-2","status":"publish","type":"page","link":"https:\/\/blogit.gradia.fi\/abitti\/abitti-2\/","title":{"rendered":"Abitti 2"},"content":{"rendered":"\n<h2 class=\"wp-block-heading\">Abitti 2 -kokelassovelluksen asentaminen ja p\u00e4ivitt\u00e4minen<\/h2>\n\n\n\n<ul class=\"wp-block-list\">\n<li>Kokelassovelluksen uusin versio <strong>1.12.3<\/strong> julkaistiin 20.3.2026.<\/li>\n\n\n\n<li>Huolehdi, ett\u00e4 sinulla on uusin versio asennettuna.<\/li>\n\n\n\n<li>Lataa uusin <strong>Windos-kokelassovelluksen<\/strong> asennuspaketti osoitteessa <a href=\"https:\/\/www.abitti.fi\/paivittaminen\/kokelassovellusten-paivittaminen\/\" target=\"_blank\" rel=\"noreferrer noopener\">https:\/\/www.abitti.fi\/paivittaminen\/kokelassovellusten-paivittaminen\/<\/a>.<\/li>\n<\/ul>\n\n\n\n<ul class=\"wp-block-list\">\n<li>Tiedosto latautuu suoraan osoitteesta <a href=\"https:\/\/dl.abitti.fi\/AbittiCandidateInstaller.msi\">https:\/\/dl.abitti.fi\/AbittiCandidateInstaller.msi<\/a>.<\/li>\n<\/ul>\n\n\n\n<ul class=\"wp-block-list\">\n<li>K\u00e4ynnist\u00e4 asennus kaksoisklikkaamalla ladatuista tiedostoista l\u00f6ytyv\u00e4\u00e4 AbittiCandidateInstaller.msi-tiedostoa.<\/li>\n<\/ul>\n\n\n\n<figure class=\"wp-block-image aligncenter size-full\"><img decoding=\"async\" src=\"https:\/\/blogit.gradia.fi\/abitti\/wp-content\/uploads\/sites\/23\/2025\/10\/AC_lataus_1.png\" alt=\"\" style='border:1px solid #000000'><\/figure>\n\n\n\n<ul class=\"wp-block-list\">\n<li>Hyv\u00e4ksy lisenssisopimus ja klikkaa <strong>Install<\/strong>.<\/li>\n<\/ul>\n\n\n<div class=\"wp-block-image\">\n<figure class=\"aligncenter size-full\"><img decoding=\"async\" src=\"https:\/\/blogit.gradia.fi\/abitti\/wp-content\/uploads\/sites\/23\/2025\/10\/AC_SetUp_ok.png\" alt=\"\" border=\"1\"><\/figure>\n<\/div>\n\n\n<p><\/p>\n\n\n\n<ul class=\"wp-block-list\">\n<li>Salli sovelluksen tehd\u00e4 muutoksia tietokoneellesi.<\/li>\n<\/ul>\n\n\n<div class=\"wp-block-image\">\n<figure class=\"aligncenter size-full\"><img decoding=\"async\" src=\"https:\/\/blogit.gradia.fi\/abitti\/wp-content\/uploads\/sites\/23\/2025\/10\/AC_salli_ok.png\" alt=\"\" border=\"1\"><\/figure>\n<\/div>\n\n\n<ul class=\"wp-block-list\">\n<li>Asennus alkaa.<\/li>\n<\/ul>\n\n\n<div class=\"wp-block-image\">\n<figure class=\"alignleft size-full\"><img decoding=\"async\" src=\"https:\/\/blogit.gradia.fi\/abitti\/wp-content\/uploads\/sites\/23\/2025\/10\/AC_asennus.png\" alt=\"\" border=\"1\"><\/figure>\n<\/div>\n\n\n<p><\/p>\n\n\n\n<p><\/p>\n\n\n\n<p><\/p>\n\n\n\n<p><\/p>\n\n\n\n<p><\/p>\n\n\n\n<p><\/p>\n\n\n\n<p><\/p>\n\n\n\n<p><\/p>\n\n\n\n<p><\/p>\n\n\n\n<p><\/p>\n\n\n\n<p><\/p>\n\n\n\n<ul class=\"wp-block-list\">\n<li>Klikkaa lopuksi Finish.<\/li>\n<\/ul>\n\n\n<div class=\"wp-block-image\">\n<figure class=\"alignleft size-full\"><img decoding=\"async\" src=\"https:\/\/blogit.gradia.fi\/abitti\/wp-content\/uploads\/sites\/23\/2025\/10\/AC_asennus_valmis2.png\" alt=\"\" border=\"1\"><\/figure>\n<\/div>\n\n\n<p><\/p>\n\n\n\n<p><\/p>\n\n\n\n<p><\/p>\n\n\n\n<p><\/p>\n\n\n\n<p><\/p>\n\n\n\n<p><\/p>\n\n\n\n<p><\/p>\n\n\n\n<p><\/p>\n\n\n\n<p><\/p>\n\n\n\n<p><\/p>\n\n\n\n<p><\/p>\n\n\n\n<ul class=\"wp-block-list\">\n<li>K\u00e4ynnist\u00e4 tietokone <em>tarvittaessa <\/em>uudelleen, jotta Abitti-k\u00e4ytt\u00e4j\u00e4valinta tulee n\u00e4kyviin.<\/li>\n<\/ul>\n\n\n\n<ul class=\"wp-block-list\">\n<li>Kun <strong>p\u00e4ivit\u00e4t <\/strong>AbittiCandidate-kokelassovellusta,&nbsp;uudempi versio asennetaan vanhan p\u00e4\u00e4lle. Asennus poistaa vanhan version ja Abitti-tunnuksen automaattisesti ja luo uudet.<\/li>\n<\/ul>\n\n\n\n<h2 class=\"wp-block-heading\">Kokelassovelluksen k\u00e4ytt\u00f6<\/h2>\n\n\n\n<ul class=\"wp-block-list\">\n<li>Ennen kokelassovelluksen k\u00e4ynnist\u00e4mist\u00e4 varmista, ett\u00e4 olet <strong>koulun verkossa<\/strong> ja koneesi <strong>\u00e4\u00e4net ovat p\u00e4\u00e4ll\u00e4<\/strong>.<\/li>\n\n\n\n<li>Kirjaudu ulos k\u00e4ytt\u00e4j\u00e4tililt\u00e4si.<\/li>\n\n\n\n<li>Kirjaudu sis\u00e4\u00e4n <strong>Abitti<\/strong>-k\u00e4ytt\u00e4j\u00e4tunnuksella.\n<ul class=\"wp-block-list\">\n<li>Klikkaa hiirell\u00e4 Abitti-k\u00e4ytt\u00e4j\u00e4\u00e4 ja paina <strong>Enter<\/strong>.<\/li>\n<\/ul>\n<\/li>\n\n\n\n<li>Salasana on <strong>oletusarvoisesti tyhj\u00e4<\/strong>.<\/li>\n\n\n\n<li>Hallituissa lukion laitteissa valitse kirjautumisn\u00e4yt\u00f6ss\u00e4&nbsp;<em>Toinen k\u00e4ytt\u00e4j\u00e4<\/em>&nbsp;ja sy\u00f6t\u00e4 k\u00e4ytt\u00e4j\u00e4nimeksi&nbsp;<strong>.\\Abitti<\/strong>.<\/li>\n\n\n\n<li>Sy\u00f6t\u00e4 koetilan palvelimen osoitteena toimivat kaksi sanaa, jotka opettaja antaa.<\/li>\n\n\n\n<li> Testaa, ett\u00e4 \u00e4\u00e4net kuuluvat kuulokkeista.<\/li>\n\n\n\n<li>Aloita koe.<\/li>\n\n\n\n<li>Kun olet p\u00e4\u00e4tt\u00e4nyt kokeen, sulje koej\u00e4rjestelm\u00e4.<\/li>\n\n\n\n<li>Kirjaudu takaisin omaan k\u00e4ytt\u00e4j\u00e4profiiliisi.<\/li>\n<\/ul>\n","protected":false},"excerpt":{"rendered":"<p>Abitti 2 -kokelassovelluksen asentaminen ja p\u00e4ivitt\u00e4minen Kokelassovelluksen k\u00e4ytt\u00f6<\/p>\n","protected":false},"author":111,"featured_media":0,"parent":0,"menu_order":0,"comment_status":"closed","ping_status":"closed","template":"","meta":{"_uag_custom_page_level_css":"","footnotes":""},"class_list":["post-745","page","type-page","status-publish","hentry"],"yoast_head":"<!-- This site is optimized with the Yoast SEO plugin v27.2 - https:\/\/yoast.com\/product\/yoast-seo-wordpress\/ -->\n<title>Abitti 2 - Abitti<\/title>\n<meta name=\"robots\" content=\"index, follow, max-snippet:-1, max-image-preview:large, max-video-preview:-1\" \/>\n<link rel=\"canonical\" href=\"https:\/\/blogit.gradia.fi\/abitti\/abitti-2\/\" \/>\n<meta property=\"og:locale\" content=\"fi_FI\" \/>\n<meta property=\"og:type\" content=\"article\" \/>\n<meta property=\"og:title\" content=\"Abitti 2 - Abitti\" \/>\n<meta property=\"og:description\" content=\"Abitti 2 -kokelassovelluksen asentaminen ja p\u00e4ivitt\u00e4minen Kokelassovelluksen k\u00e4ytt\u00f6\" \/>\n<meta property=\"og:url\" content=\"https:\/\/blogit.gradia.fi\/abitti\/abitti-2\/\" \/>\n<meta property=\"og:site_name\" content=\"Abitti\" \/>\n<meta property=\"article:modified_time\" content=\"2026-03-20T14:45:10+00:00\" \/>\n<meta property=\"og:image\" content=\"https:\/\/blogit.gradia.fi\/abitti\/wp-content\/uploads\/sites\/23\/2025\/10\/AC_lataus_1.png\" \/>\n<meta name=\"twitter:card\" content=\"summary_large_image\" \/>\n<meta name=\"twitter:label1\" content=\"Arvioitu lukuaika\" \/>\n\t<meta name=\"twitter:data1\" content=\"2 minuuttia\" \/>\n<script type=\"application\/ld+json\" class=\"yoast-schema-graph\">{\"@context\":\"https:\/\/schema.org\",\"@graph\":[{\"@type\":\"WebPage\",\"@id\":\"https:\/\/blogit.gradia.fi\/abitti\/abitti-2\/\",\"url\":\"https:\/\/blogit.gradia.fi\/abitti\/abitti-2\/\",\"name\":\"Abitti 2 - Abitti\",\"isPartOf\":{\"@id\":\"https:\/\/blogit.gradia.fi\/abitti\/#website\"},\"primaryImageOfPage\":{\"@id\":\"https:\/\/blogit.gradia.fi\/abitti\/abitti-2\/#primaryimage\"},\"image\":{\"@id\":\"https:\/\/blogit.gradia.fi\/abitti\/abitti-2\/#primaryimage\"},\"thumbnailUrl\":\"https:\/\/blogit.gradia.fi\/abitti\/wp-content\/uploads\/sites\/23\/2025\/10\/AC_lataus_1.png\",\"datePublished\":\"2025-10-05T16:33:59+00:00\",\"dateModified\":\"2026-03-20T14:45:10+00:00\",\"inLanguage\":\"fi\",\"potentialAction\":[{\"@type\":\"ReadAction\",\"target\":[\"https:\/\/blogit.gradia.fi\/abitti\/abitti-2\/\"]}]},{\"@type\":\"ImageObject\",\"inLanguage\":\"fi\",\"@id\":\"https:\/\/blogit.gradia.fi\/abitti\/abitti-2\/#primaryimage\",\"url\":\"https:\/\/blogit.gradia.fi\/abitti\/wp-content\/uploads\/sites\/23\/2025\/10\/AC_lataus_1.png\",\"contentUrl\":\"https:\/\/blogit.gradia.fi\/abitti\/wp-content\/uploads\/sites\/23\/2025\/10\/AC_lataus_1.png\",\"width\":329,\"height\":104},{\"@type\":\"WebSite\",\"@id\":\"https:\/\/blogit.gradia.fi\/abitti\/#website\",\"url\":\"https:\/\/blogit.gradia.fi\/abitti\/\",\"name\":\"Abitti\",\"description\":\"Ohjeita Abitin k\u00e4ytt\u00f6\u00f6n\",\"potentialAction\":[{\"@type\":\"SearchAction\",\"target\":{\"@type\":\"EntryPoint\",\"urlTemplate\":\"https:\/\/blogit.gradia.fi\/abitti\/?s={search_term_string}\"},\"query-input\":{\"@type\":\"PropertyValueSpecification\",\"valueRequired\":true,\"valueName\":\"search_term_string\"}}],\"inLanguage\":\"fi\"}]}<\/script>\n<!-- \/ Yoast SEO plugin. -->","yoast_head_json":{"title":"Abitti 2 - Abitti","robots":{"index":"index","follow":"follow","max-snippet":"max-snippet:-1","max-image-preview":"max-image-preview:large","max-video-preview":"max-video-preview:-1"},"canonical":"https:\/\/blogit.gradia.fi\/abitti\/abitti-2\/","og_locale":"fi_FI","og_type":"article","og_title":"Abitti 2 - Abitti","og_description":"Abitti 2 -kokelassovelluksen asentaminen ja p\u00e4ivitt\u00e4minen Kokelassovelluksen k\u00e4ytt\u00f6","og_url":"https:\/\/blogit.gradia.fi\/abitti\/abitti-2\/","og_site_name":"Abitti","article_modified_time":"2026-03-20T14:45:10+00:00","og_image":[{"url":"https:\/\/blogit.gradia.fi\/abitti\/wp-content\/uploads\/sites\/23\/2025\/10\/AC_lataus_1.png","type":"","width":"","height":""}],"twitter_card":"summary_large_image","twitter_misc":{"Arvioitu lukuaika":"2 minuuttia"},"schema":{"@context":"https:\/\/schema.org","@graph":[{"@type":"WebPage","@id":"https:\/\/blogit.gradia.fi\/abitti\/abitti-2\/","url":"https:\/\/blogit.gradia.fi\/abitti\/abitti-2\/","name":"Abitti 2 - Abitti","isPartOf":{"@id":"https:\/\/blogit.gradia.fi\/abitti\/#website"},"primaryImageOfPage":{"@id":"https:\/\/blogit.gradia.fi\/abitti\/abitti-2\/#primaryimage"},"image":{"@id":"https:\/\/blogit.gradia.fi\/abitti\/abitti-2\/#primaryimage"},"thumbnailUrl":"https:\/\/blogit.gradia.fi\/abitti\/wp-content\/uploads\/sites\/23\/2025\/10\/AC_lataus_1.png","datePublished":"2025-10-05T16:33:59+00:00","dateModified":"2026-03-20T14:45:10+00:00","inLanguage":"fi","potentialAction":[{"@type":"ReadAction","target":["https:\/\/blogit.gradia.fi\/abitti\/abitti-2\/"]}]},{"@type":"ImageObject","inLanguage":"fi","@id":"https:\/\/blogit.gradia.fi\/abitti\/abitti-2\/#primaryimage","url":"https:\/\/blogit.gradia.fi\/abitti\/wp-content\/uploads\/sites\/23\/2025\/10\/AC_lataus_1.png","contentUrl":"https:\/\/blogit.gradia.fi\/abitti\/wp-content\/uploads\/sites\/23\/2025\/10\/AC_lataus_1.png","width":329,"height":104},{"@type":"WebSite","@id":"https:\/\/blogit.gradia.fi\/abitti\/#website","url":"https:\/\/blogit.gradia.fi\/abitti\/","name":"Abitti","description":"Ohjeita Abitin k\u00e4ytt\u00f6\u00f6n","potentialAction":[{"@type":"SearchAction","target":{"@type":"EntryPoint","urlTemplate":"https:\/\/blogit.gradia.fi\/abitti\/?s={search_term_string}"},"query-input":{"@type":"PropertyValueSpecification","valueRequired":true,"valueName":"search_term_string"}}],"inLanguage":"fi"}]}},"uagb_featured_image_src":{"full":false,"thumbnail":false,"medium":false,"medium_large":false,"large":false,"1536x1536":false,"2048x2048":false,"post-thumbnail":false},"uagb_author_info":{"display_name":"Hannu Tabell","author_link":"https:\/\/blogit.gradia.fi\/abitti\/author\/htabell\/"},"uagb_comment_info":0,"uagb_excerpt":"Abitti 2 -kokelassovelluksen asentaminen ja p\u00e4ivitt\u00e4minen Kokelassovelluksen k\u00e4ytt\u00f6","_links":{"self":[{"href":"https:\/\/blogit.gradia.fi\/abitti\/wp-json\/wp\/v2\/pages\/745","targetHints":{"allow":["GET"]}}],"collection":[{"href":"https:\/\/blogit.gradia.fi\/abitti\/wp-json\/wp\/v2\/pages"}],"about":[{"href":"https:\/\/blogit.gradia.fi\/abitti\/wp-json\/wp\/v2\/types\/page"}],"author":[{"embeddable":true,"href":"https:\/\/blogit.gradia.fi\/abitti\/wp-json\/wp\/v2\/users\/111"}],"replies":[{"embeddable":true,"href":"https:\/\/blogit.gradia.fi\/abitti\/wp-json\/wp\/v2\/comments?post=745"}],"version-history":[{"count":34,"href":"https:\/\/blogit.gradia.fi\/abitti\/wp-json\/wp\/v2\/pages\/745\/revisions"}],"predecessor-version":[{"id":815,"href":"https:\/\/blogit.gradia.fi\/abitti\/wp-json\/wp\/v2\/pages\/745\/revisions\/815"}],"wp:attachment":[{"href":"https:\/\/blogit.gradia.fi\/abitti\/wp-json\/wp\/v2\/media?parent=745"}],"curies":[{"name":"wp","href":"https:\/\/api.w.org\/{rel}","templated":true}]}}