{"id":449,"date":"2019-11-10T20:30:34","date_gmt":"2019-11-10T18:30:34","guid":{"rendered":"https:\/\/blogit.gradia.fi\/abitti\/?page_id=449"},"modified":"2019-11-10T21:19:38","modified_gmt":"2019-11-10T19:19:38","slug":"asus","status":"publish","type":"page","link":"https:\/\/blogit.gradia.fi\/abitti\/asus\/","title":{"rendered":"ASUS"},"content":{"rendered":"\n<p>ASUS-tietokoneen boottausvaihtoehtoihin p\u00e4\u00e4st\u00e4\u00e4n vaikuttamaan painamalla heti koneen k\u00e4ynnistyksen j\u00e4lkeen ESC-n\u00e4pp\u00e4int\u00e4.<\/p>\n\n\n\n<ul class=\"wp-block-list\"><li>Kiinnit\u00e4 Abitti-tikuksi kirjoitettu USB-tikku (t\u00e4ss\u00e4 esimerkiss\u00e4 SanDisk Ultra)  tietokoneesen.<\/li><li>K\u00e4ynnist\u00e4 tietokone.<\/li><li>Paina ESC-n\u00e4pp\u00e4int\u00e4.<\/li><li>Valitse boottausasemaksi UEFI SanDisk Partition 1.<\/li><li>Valitse sitten omassa koneessasi parhaiten toimiva Abitti-k\u00e4ynnistysvaihtehto.<\/li><\/ul>\n\n\n\n<p><strong>Esimerkkivideo<\/strong>:<\/p>\n\n\n\n<figure class=\"wp-block-embed-youtube wp-block-embed is-type-video is-provider-youtube wp-embed-aspect-16-9 wp-has-aspect-ratio\"><div class=\"wp-block-embed__wrapper\">\n<iframe loading=\"lazy\" title=\"ASUS\" width=\"604\" height=\"340\" src=\"https:\/\/www.youtube.com\/embed\/DdvZIsOnf_4?feature=oembed\" frameborder=\"0\" allow=\"accelerometer; autoplay; clipboard-write; encrypted-media; gyroscope; picture-in-picture; web-share\" referrerpolicy=\"strict-origin-when-cross-origin\" allowfullscreen><\/iframe>\n<\/div><\/figure>\n","protected":false},"excerpt":{"rendered":"<p>ASUS-tietokoneen boottausvaihtoehtoihin p\u00e4\u00e4st\u00e4\u00e4n vaikuttamaan painamalla heti koneen k\u00e4ynnistyksen j\u00e4lkeen ESC-n\u00e4pp\u00e4int\u00e4. Kiinnit\u00e4 Abitti-tikuksi kirjoitettu USB-tikku (t\u00e4ss\u00e4 esimerkiss\u00e4 SanDisk Ultra) tietokoneesen. K\u00e4ynnist\u00e4 tietokone. Paina ESC-n\u00e4pp\u00e4int\u00e4. Valitse boottausasemaksi UEFI SanDisk Partition 1. Valitse sitten omassa koneessasi parhaiten toimiva Abitti-k\u00e4ynnistysvaihtehto. Esimerkkivideo:<\/p>\n","protected":false},"author":111,"featured_media":0,"parent":0,"menu_order":0,"comment_status":"closed","ping_status":"closed","template":"","meta":{"_uag_custom_page_level_css":"","footnotes":""},"class_list":["post-449","page","type-page","status-publish","hentry"],"yoast_head":"<!-- This site is optimized with the Yoast SEO plugin v27.2 - https:\/\/yoast.com\/product\/yoast-seo-wordpress\/ -->\n<title>ASUS - Abitti<\/title>\n<meta name=\"robots\" content=\"index, follow, max-snippet:-1, max-image-preview:large, max-video-preview:-1\" \/>\n<link rel=\"canonical\" href=\"https:\/\/blogit.gradia.fi\/abitti\/asus\/\" \/>\n<meta property=\"og:locale\" content=\"fi_FI\" \/>\n<meta property=\"og:type\" content=\"article\" \/>\n<meta property=\"og:title\" content=\"ASUS - Abitti\" \/>\n<meta property=\"og:description\" content=\"ASUS-tietokoneen boottausvaihtoehtoihin p\u00e4\u00e4st\u00e4\u00e4n vaikuttamaan painamalla heti koneen k\u00e4ynnistyksen j\u00e4lkeen ESC-n\u00e4pp\u00e4int\u00e4. Kiinnit\u00e4 Abitti-tikuksi kirjoitettu USB-tikku (t\u00e4ss\u00e4 esimerkiss\u00e4 SanDisk Ultra) tietokoneesen. K\u00e4ynnist\u00e4 tietokone. Paina ESC-n\u00e4pp\u00e4int\u00e4. Valitse boottausasemaksi UEFI SanDisk Partition 1. Valitse sitten omassa koneessasi parhaiten toimiva Abitti-k\u00e4ynnistysvaihtehto. Esimerkkivideo:\" \/>\n<meta property=\"og:url\" content=\"https:\/\/blogit.gradia.fi\/abitti\/asus\/\" \/>\n<meta property=\"og:site_name\" content=\"Abitti\" \/>\n<meta property=\"article:modified_time\" content=\"2019-11-10T19:19:38+00:00\" \/>\n<meta name=\"twitter:card\" content=\"summary_large_image\" \/>\n<script type=\"application\/ld+json\" class=\"yoast-schema-graph\">{\"@context\":\"https:\/\/schema.org\",\"@graph\":[{\"@type\":\"WebPage\",\"@id\":\"https:\/\/blogit.gradia.fi\/abitti\/asus\/\",\"url\":\"https:\/\/blogit.gradia.fi\/abitti\/asus\/\",\"name\":\"ASUS - Abitti\",\"isPartOf\":{\"@id\":\"https:\/\/blogit.gradia.fi\/abitti\/#website\"},\"datePublished\":\"2019-11-10T18:30:34+00:00\",\"dateModified\":\"2019-11-10T19:19:38+00:00\",\"inLanguage\":\"fi\",\"potentialAction\":[{\"@type\":\"ReadAction\",\"target\":[\"https:\/\/blogit.gradia.fi\/abitti\/asus\/\"]}]},{\"@type\":\"WebSite\",\"@id\":\"https:\/\/blogit.gradia.fi\/abitti\/#website\",\"url\":\"https:\/\/blogit.gradia.fi\/abitti\/\",\"name\":\"Abitti\",\"description\":\"Ohjeita Abitin k\u00e4ytt\u00f6\u00f6n\",\"potentialAction\":[{\"@type\":\"SearchAction\",\"target\":{\"@type\":\"EntryPoint\",\"urlTemplate\":\"https:\/\/blogit.gradia.fi\/abitti\/?s={search_term_string}\"},\"query-input\":{\"@type\":\"PropertyValueSpecification\",\"valueRequired\":true,\"valueName\":\"search_term_string\"}}],\"inLanguage\":\"fi\"}]}<\/script>\n<!-- \/ Yoast SEO plugin. -->","yoast_head_json":{"title":"ASUS - Abitti","robots":{"index":"index","follow":"follow","max-snippet":"max-snippet:-1","max-image-preview":"max-image-preview:large","max-video-preview":"max-video-preview:-1"},"canonical":"https:\/\/blogit.gradia.fi\/abitti\/asus\/","og_locale":"fi_FI","og_type":"article","og_title":"ASUS - Abitti","og_description":"ASUS-tietokoneen boottausvaihtoehtoihin p\u00e4\u00e4st\u00e4\u00e4n vaikuttamaan painamalla heti koneen k\u00e4ynnistyksen j\u00e4lkeen ESC-n\u00e4pp\u00e4int\u00e4. Kiinnit\u00e4 Abitti-tikuksi kirjoitettu USB-tikku (t\u00e4ss\u00e4 esimerkiss\u00e4 SanDisk Ultra) tietokoneesen. K\u00e4ynnist\u00e4 tietokone. Paina ESC-n\u00e4pp\u00e4int\u00e4. Valitse boottausasemaksi UEFI SanDisk Partition 1. Valitse sitten omassa koneessasi parhaiten toimiva Abitti-k\u00e4ynnistysvaihtehto. Esimerkkivideo:","og_url":"https:\/\/blogit.gradia.fi\/abitti\/asus\/","og_site_name":"Abitti","article_modified_time":"2019-11-10T19:19:38+00:00","twitter_card":"summary_large_image","schema":{"@context":"https:\/\/schema.org","@graph":[{"@type":"WebPage","@id":"https:\/\/blogit.gradia.fi\/abitti\/asus\/","url":"https:\/\/blogit.gradia.fi\/abitti\/asus\/","name":"ASUS - Abitti","isPartOf":{"@id":"https:\/\/blogit.gradia.fi\/abitti\/#website"},"datePublished":"2019-11-10T18:30:34+00:00","dateModified":"2019-11-10T19:19:38+00:00","inLanguage":"fi","potentialAction":[{"@type":"ReadAction","target":["https:\/\/blogit.gradia.fi\/abitti\/asus\/"]}]},{"@type":"WebSite","@id":"https:\/\/blogit.gradia.fi\/abitti\/#website","url":"https:\/\/blogit.gradia.fi\/abitti\/","name":"Abitti","description":"Ohjeita Abitin k\u00e4ytt\u00f6\u00f6n","potentialAction":[{"@type":"SearchAction","target":{"@type":"EntryPoint","urlTemplate":"https:\/\/blogit.gradia.fi\/abitti\/?s={search_term_string}"},"query-input":{"@type":"PropertyValueSpecification","valueRequired":true,"valueName":"search_term_string"}}],"inLanguage":"fi"}]}},"uagb_featured_image_src":{"full":false,"thumbnail":false,"medium":false,"medium_large":false,"large":false,"1536x1536":false,"2048x2048":false,"post-thumbnail":false},"uagb_author_info":{"display_name":"Hannu Tabell","author_link":"https:\/\/blogit.gradia.fi\/abitti\/author\/htabell\/"},"uagb_comment_info":0,"uagb_excerpt":"ASUS-tietokoneen boottausvaihtoehtoihin p\u00e4\u00e4st\u00e4\u00e4n vaikuttamaan painamalla heti koneen k\u00e4ynnistyksen j\u00e4lkeen ESC-n\u00e4pp\u00e4int\u00e4. Kiinnit\u00e4 Abitti-tikuksi kirjoitettu USB-tikku (t\u00e4ss\u00e4 esimerkiss\u00e4 SanDisk Ultra) tietokoneesen. K\u00e4ynnist\u00e4 tietokone. Paina ESC-n\u00e4pp\u00e4int\u00e4. Valitse boottausasemaksi UEFI SanDisk Partition 1. Valitse sitten omassa koneessasi parhaiten toimiva Abitti-k\u00e4ynnistysvaihtehto. Esimerkkivideo:","_links":{"self":[{"href":"https:\/\/blogit.gradia.fi\/abitti\/wp-json\/wp\/v2\/pages\/449","targetHints":{"allow":["GET"]}}],"collection":[{"href":"https:\/\/blogit.gradia.fi\/abitti\/wp-json\/wp\/v2\/pages"}],"about":[{"href":"https:\/\/blogit.gradia.fi\/abitti\/wp-json\/wp\/v2\/types\/page"}],"author":[{"embeddable":true,"href":"https:\/\/blogit.gradia.fi\/abitti\/wp-json\/wp\/v2\/users\/111"}],"replies":[{"embeddable":true,"href":"https:\/\/blogit.gradia.fi\/abitti\/wp-json\/wp\/v2\/comments?post=449"}],"version-history":[{"count":2,"href":"https:\/\/blogit.gradia.fi\/abitti\/wp-json\/wp\/v2\/pages\/449\/revisions"}],"predecessor-version":[{"id":469,"href":"https:\/\/blogit.gradia.fi\/abitti\/wp-json\/wp\/v2\/pages\/449\/revisions\/469"}],"wp:attachment":[{"href":"https:\/\/blogit.gradia.fi\/abitti\/wp-json\/wp\/v2\/media?parent=449"}],"curies":[{"name":"wp","href":"https:\/\/api.w.org\/{rel}","templated":true}]}}