{"id":424,"date":"2019-11-10T17:24:20","date_gmt":"2019-11-10T15:24:20","guid":{"rendered":"https:\/\/blogit.gradia.fi\/abitti\/?page_id=424"},"modified":"2022-11-04T16:26:29","modified_gmt":"2022-11-04T14:26:29","slug":"tikut","status":"publish","type":"page","link":"https:\/\/blogit.gradia.fi\/abitti\/tikut\/","title":{"rendered":"Tikut"},"content":{"rendered":"\n<h4 class=\"wp-block-heading\">Yleist\u00e4 Abitti-tikusta<\/h4>\n\n\n\n<ul class=\"wp-block-list\"><li>Tietokone k\u00e4ynnistet\u00e4\u00e4n Abitti-koej\u00e4rjestelm\u00e4\u00e4n USB-tikulta. Sinne kirjoitetaan tarvittava k\u00e4ytt\u00f6j\u00e4rjestelm\u00e4 ja koeohjelmisto.<\/li><li>Abitti-tikkua varten tarvitset v\u00e4hint\u00e4\u00e4n 8 Gt:n USB 3.0 -muistitikun.<\/li><li>K\u00e4yt\u00e4 tikun tekemiseen <a href=\"https:\/\/blogit.gradia.fi\/abitti\/balenaetcher\/\">balenaEtcher-ohjelmaa<\/a>.<\/li><\/ul>\n\n\n\n<h4 class=\"wp-block-heading\">Linkki ohjevideoihin<\/h4>\n\n\n\n<ul class=\"wp-block-list\"><li>YouTubessa on paljon <a href=\"https:\/\/www.youtube.com\/results?search_query=abitti+etcher\" target=\"_blank\" rel=\"noreferrer noopener\">ohjevideoita<\/a>, kuinka voit tehd\u00e4 Abitti-tikun.<\/li><\/ul>\n","protected":false},"excerpt":{"rendered":"<p>Yleist\u00e4 Abitti-tikusta Tietokone k\u00e4ynnistet\u00e4\u00e4n Abitti-koej\u00e4rjestelm\u00e4\u00e4n USB-tikulta. Sinne kirjoitetaan tarvittava k\u00e4ytt\u00f6j\u00e4rjestelm\u00e4 ja koeohjelmisto. Abitti-tikkua varten tarvitset v\u00e4hint\u00e4\u00e4n 8 Gt:n USB 3.0 -muistitikun. K\u00e4yt\u00e4 tikun tekemiseen balenaEtcher-ohjelmaa. Linkki ohjevideoihin YouTubessa on paljon ohjevideoita, kuinka voit tehd\u00e4 Abitti-tikun.<\/p>\n","protected":false},"author":111,"featured_media":0,"parent":0,"menu_order":0,"comment_status":"closed","ping_status":"closed","template":"","meta":{"_uag_custom_page_level_css":"","footnotes":""},"class_list":["post-424","page","type-page","status-publish","hentry"],"yoast_head":"<!-- This site is optimized with the Yoast SEO plugin v27.2 - https:\/\/yoast.com\/product\/yoast-seo-wordpress\/ -->\n<title>Tikut - Abitti<\/title>\n<meta name=\"robots\" content=\"index, follow, max-snippet:-1, max-image-preview:large, max-video-preview:-1\" \/>\n<link rel=\"canonical\" href=\"https:\/\/blogit.gradia.fi\/abitti\/tikut\/\" \/>\n<meta property=\"og:locale\" content=\"fi_FI\" \/>\n<meta property=\"og:type\" content=\"article\" \/>\n<meta property=\"og:title\" content=\"Tikut - Abitti\" \/>\n<meta property=\"og:description\" content=\"Yleist\u00e4 Abitti-tikusta Tietokone k\u00e4ynnistet\u00e4\u00e4n Abitti-koej\u00e4rjestelm\u00e4\u00e4n USB-tikulta. Sinne kirjoitetaan tarvittava k\u00e4ytt\u00f6j\u00e4rjestelm\u00e4 ja koeohjelmisto. Abitti-tikkua varten tarvitset v\u00e4hint\u00e4\u00e4n 8 Gt:n USB 3.0 -muistitikun. K\u00e4yt\u00e4 tikun tekemiseen balenaEtcher-ohjelmaa. Linkki ohjevideoihin YouTubessa on paljon ohjevideoita, kuinka voit tehd\u00e4 Abitti-tikun.\" \/>\n<meta property=\"og:url\" content=\"https:\/\/blogit.gradia.fi\/abitti\/tikut\/\" \/>\n<meta property=\"og:site_name\" content=\"Abitti\" \/>\n<meta property=\"article:modified_time\" content=\"2022-11-04T14:26:29+00:00\" \/>\n<meta name=\"twitter:card\" content=\"summary_large_image\" \/>\n<meta name=\"twitter:label1\" content=\"Arvioitu lukuaika\" \/>\n\t<meta name=\"twitter:data1\" content=\"1 minuutti\" \/>\n<script type=\"application\/ld+json\" class=\"yoast-schema-graph\">{\"@context\":\"https:\/\/schema.org\",\"@graph\":[{\"@type\":\"WebPage\",\"@id\":\"https:\/\/blogit.gradia.fi\/abitti\/tikut\/\",\"url\":\"https:\/\/blogit.gradia.fi\/abitti\/tikut\/\",\"name\":\"Tikut - Abitti\",\"isPartOf\":{\"@id\":\"https:\/\/blogit.gradia.fi\/abitti\/#website\"},\"datePublished\":\"2019-11-10T15:24:20+00:00\",\"dateModified\":\"2022-11-04T14:26:29+00:00\",\"inLanguage\":\"fi\",\"potentialAction\":[{\"@type\":\"ReadAction\",\"target\":[\"https:\/\/blogit.gradia.fi\/abitti\/tikut\/\"]}]},{\"@type\":\"WebSite\",\"@id\":\"https:\/\/blogit.gradia.fi\/abitti\/#website\",\"url\":\"https:\/\/blogit.gradia.fi\/abitti\/\",\"name\":\"Abitti\",\"description\":\"Ohjeita Abitin k\u00e4ytt\u00f6\u00f6n\",\"potentialAction\":[{\"@type\":\"SearchAction\",\"target\":{\"@type\":\"EntryPoint\",\"urlTemplate\":\"https:\/\/blogit.gradia.fi\/abitti\/?s={search_term_string}\"},\"query-input\":{\"@type\":\"PropertyValueSpecification\",\"valueRequired\":true,\"valueName\":\"search_term_string\"}}],\"inLanguage\":\"fi\"}]}<\/script>\n<!-- \/ Yoast SEO plugin. -->","yoast_head_json":{"title":"Tikut - Abitti","robots":{"index":"index","follow":"follow","max-snippet":"max-snippet:-1","max-image-preview":"max-image-preview:large","max-video-preview":"max-video-preview:-1"},"canonical":"https:\/\/blogit.gradia.fi\/abitti\/tikut\/","og_locale":"fi_FI","og_type":"article","og_title":"Tikut - Abitti","og_description":"Yleist\u00e4 Abitti-tikusta Tietokone k\u00e4ynnistet\u00e4\u00e4n Abitti-koej\u00e4rjestelm\u00e4\u00e4n USB-tikulta. Sinne kirjoitetaan tarvittava k\u00e4ytt\u00f6j\u00e4rjestelm\u00e4 ja koeohjelmisto. Abitti-tikkua varten tarvitset v\u00e4hint\u00e4\u00e4n 8 Gt:n USB 3.0 -muistitikun. K\u00e4yt\u00e4 tikun tekemiseen balenaEtcher-ohjelmaa. Linkki ohjevideoihin YouTubessa on paljon ohjevideoita, kuinka voit tehd\u00e4 Abitti-tikun.","og_url":"https:\/\/blogit.gradia.fi\/abitti\/tikut\/","og_site_name":"Abitti","article_modified_time":"2022-11-04T14:26:29+00:00","twitter_card":"summary_large_image","twitter_misc":{"Arvioitu lukuaika":"1 minuutti"},"schema":{"@context":"https:\/\/schema.org","@graph":[{"@type":"WebPage","@id":"https:\/\/blogit.gradia.fi\/abitti\/tikut\/","url":"https:\/\/blogit.gradia.fi\/abitti\/tikut\/","name":"Tikut - Abitti","isPartOf":{"@id":"https:\/\/blogit.gradia.fi\/abitti\/#website"},"datePublished":"2019-11-10T15:24:20+00:00","dateModified":"2022-11-04T14:26:29+00:00","inLanguage":"fi","potentialAction":[{"@type":"ReadAction","target":["https:\/\/blogit.gradia.fi\/abitti\/tikut\/"]}]},{"@type":"WebSite","@id":"https:\/\/blogit.gradia.fi\/abitti\/#website","url":"https:\/\/blogit.gradia.fi\/abitti\/","name":"Abitti","description":"Ohjeita Abitin k\u00e4ytt\u00f6\u00f6n","potentialAction":[{"@type":"SearchAction","target":{"@type":"EntryPoint","urlTemplate":"https:\/\/blogit.gradia.fi\/abitti\/?s={search_term_string}"},"query-input":{"@type":"PropertyValueSpecification","valueRequired":true,"valueName":"search_term_string"}}],"inLanguage":"fi"}]}},"uagb_featured_image_src":{"full":false,"thumbnail":false,"medium":false,"medium_large":false,"large":false,"1536x1536":false,"2048x2048":false,"post-thumbnail":false},"uagb_author_info":{"display_name":"Hannu Tabell","author_link":"https:\/\/blogit.gradia.fi\/abitti\/author\/htabell\/"},"uagb_comment_info":0,"uagb_excerpt":"Yleist\u00e4 Abitti-tikusta Tietokone k\u00e4ynnistet\u00e4\u00e4n Abitti-koej\u00e4rjestelm\u00e4\u00e4n USB-tikulta. Sinne kirjoitetaan tarvittava k\u00e4ytt\u00f6j\u00e4rjestelm\u00e4 ja koeohjelmisto. Abitti-tikkua varten tarvitset v\u00e4hint\u00e4\u00e4n 8 Gt:n USB 3.0 -muistitikun. K\u00e4yt\u00e4 tikun tekemiseen balenaEtcher-ohjelmaa. Linkki ohjevideoihin YouTubessa on paljon ohjevideoita, kuinka voit tehd\u00e4 Abitti-tikun.","_links":{"self":[{"href":"https:\/\/blogit.gradia.fi\/abitti\/wp-json\/wp\/v2\/pages\/424","targetHints":{"allow":["GET"]}}],"collection":[{"href":"https:\/\/blogit.gradia.fi\/abitti\/wp-json\/wp\/v2\/pages"}],"about":[{"href":"https:\/\/blogit.gradia.fi\/abitti\/wp-json\/wp\/v2\/types\/page"}],"author":[{"embeddable":true,"href":"https:\/\/blogit.gradia.fi\/abitti\/wp-json\/wp\/v2\/users\/111"}],"replies":[{"embeddable":true,"href":"https:\/\/blogit.gradia.fi\/abitti\/wp-json\/wp\/v2\/comments?post=424"}],"version-history":[{"count":12,"href":"https:\/\/blogit.gradia.fi\/abitti\/wp-json\/wp\/v2\/pages\/424\/revisions"}],"predecessor-version":[{"id":575,"href":"https:\/\/blogit.gradia.fi\/abitti\/wp-json\/wp\/v2\/pages\/424\/revisions\/575"}],"wp:attachment":[{"href":"https:\/\/blogit.gradia.fi\/abitti\/wp-json\/wp\/v2\/media?parent=424"}],"curies":[{"name":"wp","href":"https:\/\/api.w.org\/{rel}","templated":true}]}}