{"id":4,"date":"2025-05-04T08:00:00","date_gmt":"2025-05-04T05:00:00","guid":{"rendered":"https:\/\/blogit.gradia.fi\/oppiminen\/?page_id=4"},"modified":"2026-03-04T09:49:41","modified_gmt":"2026-03-04T07:49:41","slug":"balenaetcher","status":"publish","type":"page","link":"https:\/\/blogit.gradia.fi\/abitti\/balenaetcher\/","title":{"rendered":"balenaEtcher ja Abitti-tikku"},"content":{"rendered":"\n<p><em>T\u00e4ll\u00e4 sivulla neuvotaan <a href=\"#balenaEtcher\">balenaEtcher<\/a>-ohjelman asentaminen tietokoneelle ja <a href=\"#tikku\">Abitti-tikun<\/a> kirjoittaminen.<\/em><\/p>\n\n\n\n<h2 class=\"wp-block-heading\" id=\"balenaEtcher\">1 balenaEtcher-ohjelman asentaminen<\/h2>\n\n\n\n<ul class=\"wp-block-list\">\n<li>Mene osoitteeseen <a href=\"https:\/\/etcher.balena.io\/\">https:\/\/etcher.balena.io<\/a>.<\/li>\n\n\n\n<li>Siirry sivulla alemmas tai klikkaa Download Etcher.<\/li>\n<\/ul>\n\n\n<div class=\"wp-block-image\">\n<figure class=\"aligncenter size-full\"><img loading=\"lazy\" decoding=\"async\" width=\"710\" height=\"523\" src=\"https:\/\/blogit.gradia.fi\/abitti\/wp-content\/uploads\/sites\/23\/2025\/05\/bE_alku.png\" alt=\"\" class=\"wp-image-707\" srcset=\"https:\/\/blogit.gradia.fi\/abitti\/wp-content\/uploads\/sites\/23\/2025\/05\/bE_alku.png 710w, https:\/\/blogit.gradia.fi\/abitti\/wp-content\/uploads\/sites\/23\/2025\/05\/bE_alku-300x221.png 300w\" sizes=\"auto, (max-width: 710px) 100vw, 710px\" \/><figcaption class=\"wp-element-caption\">balenaEtcherin aloitussivu.<\/figcaption><\/figure>\n<\/div>\n\n\n<ul class=\"wp-block-list\">\n<li>Lataa asennustiedosto klikkaamalla Download for &#8230;-painiketta tietokoneesi k\u00e4ytt\u00f6j\u00e4rjestelm\u00e4n mukaisesti. Alla olevassa kuvassa on valittu asennustiedosto Windows-k\u00e4ytt\u00f6j\u00e4rjestelm\u00e4lle.<\/li>\n<\/ul>\n\n\n<div class=\"wp-block-image wp-image-653 size-full\">\n<figure class=\"aligncenter\"><img loading=\"lazy\" decoding=\"async\" width=\"767\" height=\"393\" src=\"https:\/\/blogit.gradia.fi\/abitti\/wp-content\/uploads\/sites\/23\/2025\/05\/bE_down_2ok.png\" alt=\"\" class=\"wp-image-709\" srcset=\"https:\/\/blogit.gradia.fi\/abitti\/wp-content\/uploads\/sites\/23\/2025\/05\/bE_down_2ok.png 767w, https:\/\/blogit.gradia.fi\/abitti\/wp-content\/uploads\/sites\/23\/2025\/05\/bE_down_2ok-300x154.png 300w\" sizes=\"auto, (max-width: 767px) 100vw, 767px\" \/><figcaption class=\"wp-element-caption\">Kuvakaappaus balenaEtcherin lataussivulta.<\/figcaption><\/figure>\n<\/div>\n\n\n<ul class=\"wp-block-list\">\n<li>Kun lataus on valmis, asenna balenaEtcher.<\/li>\n\n\n\n<li>Avaa tietokoneeltasi Ladatut tiedostot.<\/li>\n\n\n\n<li>Kaksoisklikkaa belenaEtcher-asennustiedostoa. <\/li>\n<\/ul>\n\n\n<div class=\"wp-block-image\">\n<figure class=\"aligncenter size-full\"><img loading=\"lazy\" decoding=\"async\" width=\"1494\" height=\"573\" src=\"https:\/\/blogit.gradia.fi\/abitti\/wp-content\/uploads\/sites\/23\/2025\/05\/bE1_alku_2.png\" alt=\"\" class=\"wp-image-700\" srcset=\"https:\/\/blogit.gradia.fi\/abitti\/wp-content\/uploads\/sites\/23\/2025\/05\/bE1_alku_2.png 1494w, https:\/\/blogit.gradia.fi\/abitti\/wp-content\/uploads\/sites\/23\/2025\/05\/bE1_alku_2-300x115.png 300w, https:\/\/blogit.gradia.fi\/abitti\/wp-content\/uploads\/sites\/23\/2025\/05\/bE1_alku_2-1024x393.png 1024w, https:\/\/blogit.gradia.fi\/abitti\/wp-content\/uploads\/sites\/23\/2025\/05\/bE1_alku_2-768x295.png 768w\" sizes=\"auto, (max-width: 1494px) 100vw, 1494px\" \/><figcaption class=\"wp-element-caption\">balenaEtcher-asennustiedosto<\/figcaption><\/figure>\n<\/div>\n\n\n<p><\/p>\n\n\n\n<ul class=\"wp-block-list\">\n<li>Hyv\u00e4ksy tarvittaesssa asentamisen ehdot.<\/li>\n\n\n\n<li>Kun koneelle asennetaan ohjelma, sinulla t\u00e4ytyy olla j\u00e4rjestelm\u00e4nvalvojan oikeudet salliaksesi sovelluksen tehd\u00e4 muutoksia laitteeseesi.<\/li>\n\n\n\n<li>T\u00e4m\u00e4n j\u00e4lkeen balenaEtcher asennetaan koneellesi.<\/li>\n<\/ul>\n\n\n\n<p><\/p>\n\n\n<div class=\"wp-block-image\">\n<figure class=\"aligncenter size-full\"><img loading=\"lazy\" decoding=\"async\" width=\"1002\" height=\"636\" src=\"https:\/\/blogit.gradia.fi\/abitti\/wp-content\/uploads\/sites\/23\/2025\/04\/balenaEtcher_alku.jpg\" alt=\"\" class=\"wp-image-671\" srcset=\"https:\/\/blogit.gradia.fi\/abitti\/wp-content\/uploads\/sites\/23\/2025\/04\/balenaEtcher_alku.jpg 1002w, https:\/\/blogit.gradia.fi\/abitti\/wp-content\/uploads\/sites\/23\/2025\/04\/balenaEtcher_alku-300x190.jpg 300w, https:\/\/blogit.gradia.fi\/abitti\/wp-content\/uploads\/sites\/23\/2025\/04\/balenaEtcher_alku-768x487.jpg 768w\" sizes=\"auto, (max-width: 1002px) 100vw, 1002px\" \/><figcaption class=\"wp-element-caption\">balenaEtcher-ohjelma asennettuna.<\/figcaption><\/figure>\n<\/div>\n\n\n<p><\/p>\n\n\n\n<h2 class=\"wp-block-heading\" id=\"tikku\">2 Abitti-tikun kirjoittaminen belenaEtcher-ohjelmalla<\/h2>\n\n\n\n<ul class=\"wp-block-list\">\n<li>Lataa tikulle kirjoitettava kokelastikun levynkuva (ABITTI2605N) osoitteessa <a href=\"https:\/\/1.abitti.fi\/fi\/paivitykset\/\" target=\"_blank\" rel=\"noreferrer noopener\">https:\/\/1.abitti.fi\/fi\/paivitykset\/<\/a>.<\/li>\n\n\n\n<li>Valitse <strong>Lataa uusin Abitti, kokelastikun levykuva<\/strong>.<\/li>\n<\/ul>\n\n\n<div class=\"wp-block-image\">\n<figure class=\"aligncenter size-full\"><img loading=\"lazy\" decoding=\"async\" width=\"541\" height=\"216\" src=\"https:\/\/blogit.gradia.fi\/abitti\/wp-content\/uploads\/sites\/23\/2025\/05\/kokelastikku.png\" alt=\"\" class=\"wp-image-710\" srcset=\"https:\/\/blogit.gradia.fi\/abitti\/wp-content\/uploads\/sites\/23\/2025\/05\/kokelastikku.png 541w, https:\/\/blogit.gradia.fi\/abitti\/wp-content\/uploads\/sites\/23\/2025\/05\/kokelastikku-300x120.png 300w\" sizes=\"auto, (max-width: 541px) 100vw, 541px\" \/><figcaption class=\"wp-element-caption\">Kuvakaappaus <a href=\"https:\/\/abitti.fi\/fi\/\">abitti.fi\/fi\/<\/a>-paivitykset-sivustolta.<\/figcaption><\/figure>\n<\/div>\n\n\n<ul class=\"wp-block-list\">\n<li>Koska ladattavan tiedoston koko on suuri (3,97 Gt), t\u00e4ss\u00e4 voi menn\u00e4 kauan aikaa.<\/li>\n\n\n\n<li>Kun lataus on valmis, siirry balenaEtcheriin.<\/li>\n\n\n\n<li>Kiinnit\u00e4 tikku koneeseen.<\/li>\n\n\n\n<li>Valitse lataamasi tiedosto (koe-etcher.zip) painikkeella <em><strong>Flash from file<\/strong><\/em>.<\/li>\n<\/ul>\n\n\n\n<figure class=\"wp-block-image size-full\"><img loading=\"lazy\" decoding=\"async\" width=\"1002\" height=\"636\" src=\"https:\/\/blogit.gradia.fi\/abitti\/wp-content\/uploads\/sites\/23\/2025\/05\/balenaEtcher_alku2.png\" alt=\"\" class=\"wp-image-712\" srcset=\"https:\/\/blogit.gradia.fi\/abitti\/wp-content\/uploads\/sites\/23\/2025\/05\/balenaEtcher_alku2.png 1002w, https:\/\/blogit.gradia.fi\/abitti\/wp-content\/uploads\/sites\/23\/2025\/05\/balenaEtcher_alku2-300x190.png 300w, https:\/\/blogit.gradia.fi\/abitti\/wp-content\/uploads\/sites\/23\/2025\/05\/balenaEtcher_alku2-768x487.png 768w\" sizes=\"auto, (max-width: 1002px) 100vw, 1002px\" \/><figcaption class=\"wp-element-caption\">Tikulle kirjoitettavan koe-etcher.zip-tiedoston avaaminen painikkeella <strong>Flash from file<\/strong>.<\/figcaption><\/figure>\n\n\n\n<ul class=\"wp-block-list\">\n<li>Valitse Ladatut tiedostot -kohdasta <strong>koe-etcher.zip<\/strong> ja klikkaa <strong>Avaa<\/strong> tai tuplaklikkaa kahdesti <strong>koe-etcher.zip<\/strong>-pakattua kansiota.<\/li>\n<\/ul>\n\n\n\n<figure class=\"wp-block-image size-full\"><img loading=\"lazy\" decoding=\"async\" width=\"990\" height=\"578\" src=\"https:\/\/blogit.gradia.fi\/abitti\/wp-content\/uploads\/sites\/23\/2025\/05\/bE_2ok.png\" alt=\"\" class=\"wp-image-713\" srcset=\"https:\/\/blogit.gradia.fi\/abitti\/wp-content\/uploads\/sites\/23\/2025\/05\/bE_2ok.png 990w, https:\/\/blogit.gradia.fi\/abitti\/wp-content\/uploads\/sites\/23\/2025\/05\/bE_2ok-300x175.png 300w, https:\/\/blogit.gradia.fi\/abitti\/wp-content\/uploads\/sites\/23\/2025\/05\/bE_2ok-768x448.png 768w\" sizes=\"auto, (max-width: 990px) 100vw, 990px\" \/><figcaption class=\"wp-element-caption\">koe-etcher.zip-tiedoston valitseminen.<\/figcaption><\/figure>\n\n\n\n<p><\/p>\n\n\n\n<ul class=\"wp-block-list\">\n<li>Nyt n\u00e4et, ett\u00e4 tikulle kirjoitetaan t\u00e4m\u00e4n hetken uusin ABITTI2517L-versio.<\/li>\n\n\n\n<li>Valitse USB-tikkusi painikkella <em><strong>Select target<\/strong><\/em>. <\/li>\n<\/ul>\n\n\n<div class=\"wp-block-image\">\n<figure class=\"aligncenter size-full\"><img loading=\"lazy\" decoding=\"async\" width=\"999\" height=\"634\" src=\"https:\/\/blogit.gradia.fi\/abitti\/wp-content\/uploads\/sites\/23\/2025\/05\/balenaEtcher_jatko2.png\" alt=\"\" class=\"wp-image-715\" srcset=\"https:\/\/blogit.gradia.fi\/abitti\/wp-content\/uploads\/sites\/23\/2025\/05\/balenaEtcher_jatko2.png 999w, https:\/\/blogit.gradia.fi\/abitti\/wp-content\/uploads\/sites\/23\/2025\/05\/balenaEtcher_jatko2-300x190.png 300w, https:\/\/blogit.gradia.fi\/abitti\/wp-content\/uploads\/sites\/23\/2025\/05\/balenaEtcher_jatko2-768x487.png 768w\" sizes=\"auto, (max-width: 999px) 100vw, 999px\" \/><figcaption class=\"wp-element-caption\">Select target -painikkeella valitaan USB-tikku.<\/figcaption><\/figure>\n<\/div>\n\n\n<ul class=\"wp-block-list\">\n<li>T\u00e4ss\u00e4 esimerkiss\u00e4 tikku on USB SanSisk 3.2Gen1 USB Device 15.4 GB.<\/li>\n\n\n\n<li>Napsauta tikun valinta tikku ja Klikkaa <strong>Select 1<\/strong> -painiketta.<\/li>\n<\/ul>\n\n\n<div class=\"wp-block-image\">\n<figure class=\"aligncenter size-full\"><img loading=\"lazy\" decoding=\"async\" width=\"992\" height=\"623\" src=\"https:\/\/blogit.gradia.fi\/abitti\/wp-content\/uploads\/sites\/23\/2025\/05\/bE_tikku2.png\" alt=\"\" class=\"wp-image-717\" srcset=\"https:\/\/blogit.gradia.fi\/abitti\/wp-content\/uploads\/sites\/23\/2025\/05\/bE_tikku2.png 992w, https:\/\/blogit.gradia.fi\/abitti\/wp-content\/uploads\/sites\/23\/2025\/05\/bE_tikku2-300x188.png 300w, https:\/\/blogit.gradia.fi\/abitti\/wp-content\/uploads\/sites\/23\/2025\/05\/bE_tikku2-768x482.png 768w\" sizes=\"auto, (max-width: 992px) 100vw, 992px\" \/><figcaption class=\"wp-element-caption\">Tikun valinta.<\/figcaption><\/figure>\n<\/div>\n\n\n<ul class=\"wp-block-list\">\n<li>Nyt balenaEtcher on valmis kirjoittamaan tikulle ABITTI-version.<\/li>\n\n\n\n<li>Klikkaa<strong> Flash!<\/strong>-painiketta.<\/li>\n<\/ul>\n\n\n<div class=\"wp-block-image\">\n<figure class=\"aligncenter size-full\"><img loading=\"lazy\" decoding=\"async\" width=\"993\" height=\"592\" src=\"https:\/\/blogit.gradia.fi\/abitti\/wp-content\/uploads\/sites\/23\/2025\/05\/bE_flash.png\" alt=\"\" class=\"wp-image-718\" srcset=\"https:\/\/blogit.gradia.fi\/abitti\/wp-content\/uploads\/sites\/23\/2025\/05\/bE_flash.png 993w, https:\/\/blogit.gradia.fi\/abitti\/wp-content\/uploads\/sites\/23\/2025\/05\/bE_flash-300x179.png 300w, https:\/\/blogit.gradia.fi\/abitti\/wp-content\/uploads\/sites\/23\/2025\/05\/bE_flash-768x458.png 768w\" sizes=\"auto, (max-width: 993px) 100vw, 993px\" \/><figcaption class=\"wp-element-caption\">Flash!-painikkeen klikkaamisen j\u00e4lkeen kirjoittaminen alkaa.<\/figcaption><\/figure>\n<\/div>\n\n\n<ul class=\"wp-block-list\">\n<li>Klikkaa <strong>Kyll\u00e4<\/strong>-painiketta, ett\u00e4 sovellus (balenaEtcher) voi alkaa kirjoittaa tikkua.<\/li>\n<\/ul>\n\n\n<div class=\"wp-block-image\">\n<figure class=\"aligncenter size-full is-resized\"><img loading=\"lazy\" decoding=\"async\" width=\"586\" height=\"488\" src=\"https:\/\/blogit.gradia.fi\/abitti\/wp-content\/uploads\/sites\/23\/2025\/05\/kylla3.png\" alt=\"\" class=\"wp-image-720\" style=\"width:380px;height:auto\" srcset=\"https:\/\/blogit.gradia.fi\/abitti\/wp-content\/uploads\/sites\/23\/2025\/05\/kylla3.png 586w, https:\/\/blogit.gradia.fi\/abitti\/wp-content\/uploads\/sites\/23\/2025\/05\/kylla3-300x250.png 300w\" sizes=\"auto, (max-width: 586px) 100vw, 586px\" \/><figcaption class=\"wp-element-caption\">balenaEtcherin k\u00e4ynnistyminen vaatii j\u00e4rjestelm\u00e4nvalvojan oikeudet.<\/figcaption><\/figure>\n<\/div>\n\n\n<ul class=\"wp-block-list\">\n<li>Kirjoittaminen alkaa. Riippuen tikun nopeudesta kirjoittamiseen menee muutamia minuutteja.<\/li>\n<\/ul>\n\n\n<div class=\"wp-block-image\">\n<figure class=\"aligncenter size-full\"><img loading=\"lazy\" decoding=\"async\" width=\"996\" height=\"593\" src=\"https:\/\/blogit.gradia.fi\/abitti\/wp-content\/uploads\/sites\/23\/2025\/05\/bE_flashhing.png\" alt=\"\" class=\"wp-image-721\" srcset=\"https:\/\/blogit.gradia.fi\/abitti\/wp-content\/uploads\/sites\/23\/2025\/05\/bE_flashhing.png 996w, https:\/\/blogit.gradia.fi\/abitti\/wp-content\/uploads\/sites\/23\/2025\/05\/bE_flashhing-300x179.png 300w, https:\/\/blogit.gradia.fi\/abitti\/wp-content\/uploads\/sites\/23\/2025\/05\/bE_flashhing-768x457.png 768w\" sizes=\"auto, (max-width: 996px) 100vw, 996px\" \/><figcaption class=\"wp-element-caption\">Tikkua kirjoitetaan.<\/figcaption><\/figure>\n<\/div>\n\n\n<ul class=\"wp-block-list\">\n<li>Sitten viel\u00e4 vahvistetaan (Validating), ett\u00e4 tikulle kirjoitettu Abitti-k\u00e4ytt\u00f6j\u00e4rjestelm\u00e4 voi k\u00e4ynnist\u00e4\u00e4 koneesi.<\/li>\n<\/ul>\n\n\n\n<figure class=\"wp-block-image size-full\"><img loading=\"lazy\" decoding=\"async\" width=\"992\" height=\"606\" src=\"https:\/\/blogit.gradia.fi\/abitti\/wp-content\/uploads\/sites\/23\/2025\/05\/bE_validating.png\" alt=\"\" class=\"wp-image-722\" srcset=\"https:\/\/blogit.gradia.fi\/abitti\/wp-content\/uploads\/sites\/23\/2025\/05\/bE_validating.png 992w, https:\/\/blogit.gradia.fi\/abitti\/wp-content\/uploads\/sites\/23\/2025\/05\/bE_validating-300x183.png 300w, https:\/\/blogit.gradia.fi\/abitti\/wp-content\/uploads\/sites\/23\/2025\/05\/bE_validating-768x469.png 768w\" sizes=\"auto, (max-width: 992px) 100vw, 992px\" \/><figcaption class=\"wp-element-caption\">Validating<\/figcaption><\/figure>\n\n\n\n<ul class=\"wp-block-list\">\n<li><em>Flash Compledeted!<\/em> tarkoittaa, ett\u00e4 tikku on valmis.<\/li>\n<\/ul>\n\n\n<div class=\"wp-block-image\">\n<figure class=\"aligncenter size-full\"><img loading=\"lazy\" decoding=\"async\" width=\"1004\" height=\"606\" src=\"https:\/\/blogit.gradia.fi\/abitti\/wp-content\/uploads\/sites\/23\/2025\/05\/bE_ok.png\" alt=\"\" class=\"wp-image-723\" srcset=\"https:\/\/blogit.gradia.fi\/abitti\/wp-content\/uploads\/sites\/23\/2025\/05\/bE_ok.png 1004w, https:\/\/blogit.gradia.fi\/abitti\/wp-content\/uploads\/sites\/23\/2025\/05\/bE_ok-300x181.png 300w, https:\/\/blogit.gradia.fi\/abitti\/wp-content\/uploads\/sites\/23\/2025\/05\/bE_ok-768x464.png 768w\" sizes=\"auto, (max-width: 1004px) 100vw, 1004px\" \/><figcaption class=\"wp-element-caption\">Tikku on valmis.<\/figcaption><\/figure>\n<\/div>\n\n\n<ul class=\"wp-block-list\">\n<li>Jos n\u00e4yt\u00f6lle tulee ilmoitusikkuna, ett\u00e4 Asemassa D: (tai jokin muu asema) oleva levy t\u00e4ytyy alustaa ennen sen k\u00e4ytt\u00e4mist\u00e4, klikkaa <strong>Peruuta<\/strong>.<\/li>\n<\/ul>\n\n\n\n<figure class=\"wp-block-image size-full is-resized\"><img loading=\"lazy\" decoding=\"async\" width=\"445\" height=\"235\" src=\"https:\/\/blogit.gradia.fi\/abitti\/wp-content\/uploads\/sites\/23\/2025\/05\/peruuta_ok3.png\" alt=\"\" class=\"wp-image-733\" style=\"width:624px;height:auto\" srcset=\"https:\/\/blogit.gradia.fi\/abitti\/wp-content\/uploads\/sites\/23\/2025\/05\/peruuta_ok3.png 445w, https:\/\/blogit.gradia.fi\/abitti\/wp-content\/uploads\/sites\/23\/2025\/05\/peruuta_ok3-300x158.png 300w\" sizes=\"auto, (max-width: 445px) 100vw, 445px\" \/><\/figure>\n\n\n\n<ul class=\"wp-block-list\">\n<li>Sulje balenaEtcher, irrota tikku ja kiinnit\u00e4 se uudelleen koneeseen. <\/li>\n\n\n\n<li>Voit kokeilla koneesi k\u00e4ynnist\u00e4mist\u00e4 Abittiin.<\/li>\n<\/ul>\n\n\n\n<p><\/p>\n","protected":false},"excerpt":{"rendered":"<p>T\u00e4ll\u00e4 sivulla neuvotaan balenaEtcher-ohjelman asentaminen tietokoneelle ja Abitti-tikun kirjoittaminen. 1 balenaEtcher-ohjelman asentaminen 2 Abitti-tikun kirjoittaminen belenaEtcher-ohjelmalla<\/p>\n","protected":false},"author":111,"featured_media":0,"parent":0,"menu_order":0,"comment_status":"closed","ping_status":"closed","template":"","meta":{"_uag_custom_page_level_css":"","footnotes":""},"class_list":["post-4","page","type-page","status-publish","hentry"],"yoast_head":"<!-- This site is optimized with the Yoast SEO plugin v27.2 - https:\/\/yoast.com\/product\/yoast-seo-wordpress\/ -->\n<title>balenaEtcher ja Abitti-tikku - Abitti<\/title>\n<meta name=\"robots\" content=\"index, follow, max-snippet:-1, max-image-preview:large, max-video-preview:-1\" \/>\n<link rel=\"canonical\" href=\"https:\/\/blogit.gradia.fi\/abitti\/balenaetcher\/\" \/>\n<meta property=\"og:locale\" content=\"fi_FI\" \/>\n<meta property=\"og:type\" content=\"article\" \/>\n<meta property=\"og:title\" content=\"balenaEtcher ja Abitti-tikku - Abitti\" \/>\n<meta property=\"og:description\" content=\"T\u00e4ll\u00e4 sivulla neuvotaan balenaEtcher-ohjelman asentaminen tietokoneelle ja Abitti-tikun kirjoittaminen. 1 balenaEtcher-ohjelman asentaminen 2 Abitti-tikun kirjoittaminen belenaEtcher-ohjelmalla\" \/>\n<meta property=\"og:url\" content=\"https:\/\/blogit.gradia.fi\/abitti\/balenaetcher\/\" \/>\n<meta property=\"og:site_name\" content=\"Abitti\" \/>\n<meta property=\"article:modified_time\" content=\"2026-03-04T07:49:41+00:00\" \/>\n<meta property=\"og:image\" content=\"https:\/\/blogit.gradia.fi\/abitti\/wp-content\/uploads\/sites\/23\/2025\/05\/bE_alku.png\" \/>\n\t<meta property=\"og:image:width\" content=\"710\" \/>\n\t<meta property=\"og:image:height\" content=\"523\" \/>\n\t<meta property=\"og:image:type\" content=\"image\/png\" \/>\n<meta name=\"twitter:card\" content=\"summary_large_image\" \/>\n<meta name=\"twitter:label1\" content=\"Arvioitu lukuaika\" \/>\n\t<meta name=\"twitter:data1\" content=\"5 minuuttia\" \/>\n<script type=\"application\/ld+json\" class=\"yoast-schema-graph\">{\"@context\":\"https:\/\/schema.org\",\"@graph\":[{\"@type\":\"WebPage\",\"@id\":\"https:\/\/blogit.gradia.fi\/abitti\/balenaetcher\/\",\"url\":\"https:\/\/blogit.gradia.fi\/abitti\/balenaetcher\/\",\"name\":\"balenaEtcher ja Abitti-tikku - Abitti\",\"isPartOf\":{\"@id\":\"https:\/\/blogit.gradia.fi\/abitti\/#website\"},\"primaryImageOfPage\":{\"@id\":\"https:\/\/blogit.gradia.fi\/abitti\/balenaetcher\/#primaryimage\"},\"image\":{\"@id\":\"https:\/\/blogit.gradia.fi\/abitti\/balenaetcher\/#primaryimage\"},\"thumbnailUrl\":\"https:\/\/blogit.gradia.fi\/abitti\/wp-content\/uploads\/sites\/23\/2025\/05\/bE_alku.png\",\"datePublished\":\"2025-05-04T05:00:00+00:00\",\"dateModified\":\"2026-03-04T07:49:41+00:00\",\"inLanguage\":\"fi\",\"potentialAction\":[{\"@type\":\"ReadAction\",\"target\":[\"https:\/\/blogit.gradia.fi\/abitti\/balenaetcher\/\"]}]},{\"@type\":\"ImageObject\",\"inLanguage\":\"fi\",\"@id\":\"https:\/\/blogit.gradia.fi\/abitti\/balenaetcher\/#primaryimage\",\"url\":\"https:\/\/blogit.gradia.fi\/abitti\/wp-content\/uploads\/sites\/23\/2025\/05\/bE_alku.png\",\"contentUrl\":\"https:\/\/blogit.gradia.fi\/abitti\/wp-content\/uploads\/sites\/23\/2025\/05\/bE_alku.png\",\"width\":710,\"height\":523},{\"@type\":\"WebSite\",\"@id\":\"https:\/\/blogit.gradia.fi\/abitti\/#website\",\"url\":\"https:\/\/blogit.gradia.fi\/abitti\/\",\"name\":\"Abitti\",\"description\":\"Ohjeita Abitin k\u00e4ytt\u00f6\u00f6n\",\"potentialAction\":[{\"@type\":\"SearchAction\",\"target\":{\"@type\":\"EntryPoint\",\"urlTemplate\":\"https:\/\/blogit.gradia.fi\/abitti\/?s={search_term_string}\"},\"query-input\":{\"@type\":\"PropertyValueSpecification\",\"valueRequired\":true,\"valueName\":\"search_term_string\"}}],\"inLanguage\":\"fi\"}]}<\/script>\n<!-- \/ Yoast SEO plugin. -->","yoast_head_json":{"title":"balenaEtcher ja Abitti-tikku - Abitti","robots":{"index":"index","follow":"follow","max-snippet":"max-snippet:-1","max-image-preview":"max-image-preview:large","max-video-preview":"max-video-preview:-1"},"canonical":"https:\/\/blogit.gradia.fi\/abitti\/balenaetcher\/","og_locale":"fi_FI","og_type":"article","og_title":"balenaEtcher ja Abitti-tikku - Abitti","og_description":"T\u00e4ll\u00e4 sivulla neuvotaan balenaEtcher-ohjelman asentaminen tietokoneelle ja Abitti-tikun kirjoittaminen. 1 balenaEtcher-ohjelman asentaminen 2 Abitti-tikun kirjoittaminen belenaEtcher-ohjelmalla","og_url":"https:\/\/blogit.gradia.fi\/abitti\/balenaetcher\/","og_site_name":"Abitti","article_modified_time":"2026-03-04T07:49:41+00:00","og_image":[{"width":710,"height":523,"url":"https:\/\/blogit.gradia.fi\/abitti\/wp-content\/uploads\/sites\/23\/2025\/05\/bE_alku.png","type":"image\/png"}],"twitter_card":"summary_large_image","twitter_misc":{"Arvioitu lukuaika":"5 minuuttia"},"schema":{"@context":"https:\/\/schema.org","@graph":[{"@type":"WebPage","@id":"https:\/\/blogit.gradia.fi\/abitti\/balenaetcher\/","url":"https:\/\/blogit.gradia.fi\/abitti\/balenaetcher\/","name":"balenaEtcher ja Abitti-tikku - Abitti","isPartOf":{"@id":"https:\/\/blogit.gradia.fi\/abitti\/#website"},"primaryImageOfPage":{"@id":"https:\/\/blogit.gradia.fi\/abitti\/balenaetcher\/#primaryimage"},"image":{"@id":"https:\/\/blogit.gradia.fi\/abitti\/balenaetcher\/#primaryimage"},"thumbnailUrl":"https:\/\/blogit.gradia.fi\/abitti\/wp-content\/uploads\/sites\/23\/2025\/05\/bE_alku.png","datePublished":"2025-05-04T05:00:00+00:00","dateModified":"2026-03-04T07:49:41+00:00","inLanguage":"fi","potentialAction":[{"@type":"ReadAction","target":["https:\/\/blogit.gradia.fi\/abitti\/balenaetcher\/"]}]},{"@type":"ImageObject","inLanguage":"fi","@id":"https:\/\/blogit.gradia.fi\/abitti\/balenaetcher\/#primaryimage","url":"https:\/\/blogit.gradia.fi\/abitti\/wp-content\/uploads\/sites\/23\/2025\/05\/bE_alku.png","contentUrl":"https:\/\/blogit.gradia.fi\/abitti\/wp-content\/uploads\/sites\/23\/2025\/05\/bE_alku.png","width":710,"height":523},{"@type":"WebSite","@id":"https:\/\/blogit.gradia.fi\/abitti\/#website","url":"https:\/\/blogit.gradia.fi\/abitti\/","name":"Abitti","description":"Ohjeita Abitin k\u00e4ytt\u00f6\u00f6n","potentialAction":[{"@type":"SearchAction","target":{"@type":"EntryPoint","urlTemplate":"https:\/\/blogit.gradia.fi\/abitti\/?s={search_term_string}"},"query-input":{"@type":"PropertyValueSpecification","valueRequired":true,"valueName":"search_term_string"}}],"inLanguage":"fi"}]}},"uagb_featured_image_src":{"full":false,"thumbnail":false,"medium":false,"medium_large":false,"large":false,"1536x1536":false,"2048x2048":false,"post-thumbnail":false},"uagb_author_info":{"display_name":"Hannu Tabell","author_link":"https:\/\/blogit.gradia.fi\/abitti\/author\/htabell\/"},"uagb_comment_info":0,"uagb_excerpt":"T\u00e4ll\u00e4 sivulla neuvotaan balenaEtcher-ohjelman asentaminen tietokoneelle ja Abitti-tikun kirjoittaminen. 1 balenaEtcher-ohjelman asentaminen 2 Abitti-tikun kirjoittaminen belenaEtcher-ohjelmalla","_links":{"self":[{"href":"https:\/\/blogit.gradia.fi\/abitti\/wp-json\/wp\/v2\/pages\/4","targetHints":{"allow":["GET"]}}],"collection":[{"href":"https:\/\/blogit.gradia.fi\/abitti\/wp-json\/wp\/v2\/pages"}],"about":[{"href":"https:\/\/blogit.gradia.fi\/abitti\/wp-json\/wp\/v2\/types\/page"}],"author":[{"embeddable":true,"href":"https:\/\/blogit.gradia.fi\/abitti\/wp-json\/wp\/v2\/users\/111"}],"replies":[{"embeddable":true,"href":"https:\/\/blogit.gradia.fi\/abitti\/wp-json\/wp\/v2\/comments?post=4"}],"version-history":[{"count":62,"href":"https:\/\/blogit.gradia.fi\/abitti\/wp-json\/wp\/v2\/pages\/4\/revisions"}],"predecessor-version":[{"id":812,"href":"https:\/\/blogit.gradia.fi\/abitti\/wp-json\/wp\/v2\/pages\/4\/revisions\/812"}],"wp:attachment":[{"href":"https:\/\/blogit.gradia.fi\/abitti\/wp-json\/wp\/v2\/media?parent=4"}],"curies":[{"name":"wp","href":"https:\/\/api.w.org\/{rel}","templated":true}]}}