{"id":30,"date":"2017-10-16T19:20:58","date_gmt":"2017-10-16T16:20:58","guid":{"rendered":"https:\/\/blogit.gradia.fi\/oppiminen\/?page_id=30"},"modified":"2022-05-13T17:59:25","modified_gmt":"2022-05-13T14:59:25","slug":"tietoja","status":"publish","type":"page","link":"https:\/\/blogit.gradia.fi\/abitti\/tietoja\/","title":{"rendered":"Tietoja"},"content":{"rendered":"<p>T\u00e4m\u00e4n sivuston tarkoituksena on opastaa Abitin k\u00e4yt\u00f6ss\u00e4.<\/p>\n<p><strong>Kahdentutkinnon eTutorit<\/strong><\/p>\n<p>Ville Bayr<br \/>\nville.bayr(at)gradia.fi<br \/>\n040 341 6169<\/p>\n<p>Hannu Tabell<br \/>\nhannu.tabell(at)gradia.fi<br \/>\n040 341 5937<\/p>\n","protected":false},"excerpt":{"rendered":"<p>T\u00e4m\u00e4n sivuston tarkoituksena on opastaa Abitin k\u00e4yt\u00f6ss\u00e4. Kahdentutkinnon eTutorit Ville Bayr ville.bayr(at)gradia.fi 040 341 6169 Hannu Tabell hannu.tabell(at)gradia.fi 040 341 5937<\/p>\n","protected":false},"author":111,"featured_media":0,"parent":0,"menu_order":0,"comment_status":"closed","ping_status":"closed","template":"","meta":{"_uag_custom_page_level_css":"","footnotes":""},"class_list":["post-30","page","type-page","status-publish","hentry"],"yoast_head":"<!-- This site is optimized with the Yoast SEO plugin v27.4 - https:\/\/yoast.com\/product\/yoast-seo-wordpress\/ -->\n<title>Tietoja - Abitti<\/title>\n<meta name=\"robots\" content=\"index, follow, max-snippet:-1, max-image-preview:large, max-video-preview:-1\" \/>\n<link rel=\"canonical\" href=\"https:\/\/blogit.gradia.fi\/abitti\/tietoja\/\" \/>\n<meta property=\"og:locale\" content=\"fi_FI\" \/>\n<meta property=\"og:type\" content=\"article\" \/>\n<meta property=\"og:title\" content=\"Tietoja - Abitti\" \/>\n<meta property=\"og:description\" content=\"T\u00e4m\u00e4n sivuston tarkoituksena on opastaa Abitin k\u00e4yt\u00f6ss\u00e4. Kahdentutkinnon eTutorit Ville Bayr ville.bayr(at)gradia.fi 040 341 6169 Hannu Tabell hannu.tabell(at)gradia.fi 040 341 5937\" \/>\n<meta property=\"og:url\" content=\"https:\/\/blogit.gradia.fi\/abitti\/tietoja\/\" \/>\n<meta property=\"og:site_name\" content=\"Abitti\" \/>\n<meta property=\"article:modified_time\" content=\"2022-05-13T14:59:25+00:00\" \/>\n<meta name=\"twitter:card\" content=\"summary_large_image\" \/>\n<meta name=\"twitter:label1\" content=\"Arvioitu lukuaika\" \/>\n\t<meta name=\"twitter:data1\" content=\"1 minuutti\" \/>\n<script type=\"application\/ld+json\" class=\"yoast-schema-graph\">{\"@context\":\"https:\\\/\\\/schema.org\",\"@graph\":[{\"@type\":\"WebPage\",\"@id\":\"https:\\\/\\\/blogit.gradia.fi\\\/abitti\\\/tietoja\\\/\",\"url\":\"https:\\\/\\\/blogit.gradia.fi\\\/abitti\\\/tietoja\\\/\",\"name\":\"Tietoja - Abitti\",\"isPartOf\":{\"@id\":\"https:\\\/\\\/blogit.gradia.fi\\\/abitti\\\/#website\"},\"datePublished\":\"2017-10-16T16:20:58+00:00\",\"dateModified\":\"2022-05-13T14:59:25+00:00\",\"inLanguage\":\"fi\",\"potentialAction\":[{\"@type\":\"ReadAction\",\"target\":[\"https:\\\/\\\/blogit.gradia.fi\\\/abitti\\\/tietoja\\\/\"]}]},{\"@type\":\"WebSite\",\"@id\":\"https:\\\/\\\/blogit.gradia.fi\\\/abitti\\\/#website\",\"url\":\"https:\\\/\\\/blogit.gradia.fi\\\/abitti\\\/\",\"name\":\"Abitti\",\"description\":\"Ohjeita Abitin k\u00e4ytt\u00f6\u00f6n\",\"potentialAction\":[{\"@type\":\"SearchAction\",\"target\":{\"@type\":\"EntryPoint\",\"urlTemplate\":\"https:\\\/\\\/blogit.gradia.fi\\\/abitti\\\/?s={search_term_string}\"},\"query-input\":{\"@type\":\"PropertyValueSpecification\",\"valueRequired\":true,\"valueName\":\"search_term_string\"}}],\"inLanguage\":\"fi\"}]}<\/script>\n<!-- \/ Yoast SEO plugin. -->","yoast_head_json":{"title":"Tietoja - Abitti","robots":{"index":"index","follow":"follow","max-snippet":"max-snippet:-1","max-image-preview":"max-image-preview:large","max-video-preview":"max-video-preview:-1"},"canonical":"https:\/\/blogit.gradia.fi\/abitti\/tietoja\/","og_locale":"fi_FI","og_type":"article","og_title":"Tietoja - Abitti","og_description":"T\u00e4m\u00e4n sivuston tarkoituksena on opastaa Abitin k\u00e4yt\u00f6ss\u00e4. Kahdentutkinnon eTutorit Ville Bayr ville.bayr(at)gradia.fi 040 341 6169 Hannu Tabell hannu.tabell(at)gradia.fi 040 341 5937","og_url":"https:\/\/blogit.gradia.fi\/abitti\/tietoja\/","og_site_name":"Abitti","article_modified_time":"2022-05-13T14:59:25+00:00","twitter_card":"summary_large_image","twitter_misc":{"Arvioitu lukuaika":"1 minuutti"},"schema":{"@context":"https:\/\/schema.org","@graph":[{"@type":"WebPage","@id":"https:\/\/blogit.gradia.fi\/abitti\/tietoja\/","url":"https:\/\/blogit.gradia.fi\/abitti\/tietoja\/","name":"Tietoja - Abitti","isPartOf":{"@id":"https:\/\/blogit.gradia.fi\/abitti\/#website"},"datePublished":"2017-10-16T16:20:58+00:00","dateModified":"2022-05-13T14:59:25+00:00","inLanguage":"fi","potentialAction":[{"@type":"ReadAction","target":["https:\/\/blogit.gradia.fi\/abitti\/tietoja\/"]}]},{"@type":"WebSite","@id":"https:\/\/blogit.gradia.fi\/abitti\/#website","url":"https:\/\/blogit.gradia.fi\/abitti\/","name":"Abitti","description":"Ohjeita Abitin k\u00e4ytt\u00f6\u00f6n","potentialAction":[{"@type":"SearchAction","target":{"@type":"EntryPoint","urlTemplate":"https:\/\/blogit.gradia.fi\/abitti\/?s={search_term_string}"},"query-input":{"@type":"PropertyValueSpecification","valueRequired":true,"valueName":"search_term_string"}}],"inLanguage":"fi"}]}},"uagb_featured_image_src":{"full":false,"thumbnail":false,"medium":false,"medium_large":false,"large":false,"1536x1536":false,"2048x2048":false,"post-thumbnail":false},"uagb_author_info":{"display_name":"Hannu Tabell","author_link":"https:\/\/blogit.gradia.fi\/abitti\/author\/htabell\/"},"uagb_comment_info":0,"uagb_excerpt":"T\u00e4m\u00e4n sivuston tarkoituksena on opastaa Abitin k\u00e4yt\u00f6ss\u00e4. Kahdentutkinnon eTutorit Ville Bayr ville.bayr(at)gradia.fi 040 341 6169 Hannu Tabell hannu.tabell(at)gradia.fi 040 341 5937","_links":{"self":[{"href":"https:\/\/blogit.gradia.fi\/abitti\/wp-json\/wp\/v2\/pages\/30","targetHints":{"allow":["GET"]}}],"collection":[{"href":"https:\/\/blogit.gradia.fi\/abitti\/wp-json\/wp\/v2\/pages"}],"about":[{"href":"https:\/\/blogit.gradia.fi\/abitti\/wp-json\/wp\/v2\/types\/page"}],"author":[{"embeddable":true,"href":"https:\/\/blogit.gradia.fi\/abitti\/wp-json\/wp\/v2\/users\/111"}],"replies":[{"embeddable":true,"href":"https:\/\/blogit.gradia.fi\/abitti\/wp-json\/wp\/v2\/comments?post=30"}],"version-history":[{"count":3,"href":"https:\/\/blogit.gradia.fi\/abitti\/wp-json\/wp\/v2\/pages\/30\/revisions"}],"predecessor-version":[{"id":565,"href":"https:\/\/blogit.gradia.fi\/abitti\/wp-json\/wp\/v2\/pages\/30\/revisions\/565"}],"wp:attachment":[{"href":"https:\/\/blogit.gradia.fi\/abitti\/wp-json\/wp\/v2\/media?parent=30"}],"curies":[{"name":"wp","href":"https:\/\/api.w.org\/{rel}","templated":true}]}}