{"id":238,"date":"2017-10-26T15:20:42","date_gmt":"2017-10-26T12:20:42","guid":{"rendered":"https:\/\/blogit.gradia.fi\/oppiminen\/?page_id=238"},"modified":"2018-01-29T22:12:45","modified_gmt":"2018-01-29T20:12:45","slug":"ennen-koetta","status":"publish","type":"page","link":"https:\/\/blogit.gradia.fi\/abitti\/ennen-koetta\/","title":{"rendered":"Ennen koetta"},"content":{"rendered":"<p>Varmista, ett\u00e4 seuraavat asiat ovat kunnossa ennen Abitti-koetta:<\/p>\n<ul>\n<li>Tarkista, ett\u00e4 AbittiUSB-tikkusi toimii ja saat koneesi k\u00e4ynnistym\u00e4\u00e4n Abitti-j\u00e4rjestelm\u00e4\u00e4n. Ei haittaa, vaikka sinulla olisi varatikku tehtyn\u00e4. K\u00e4ynnist\u00e4 kone kotona Abitti-j\u00e4rjestelm\u00e4\u00e4n.<\/li>\n<li>Lataa akku ja ota siit\u00e4kin huolimatta\u00a0mukaan tietokoneen laturi.<\/li>\n<li>Huolehdi\u00a0kotona, ett\u00e4\u00a0Windows on p\u00e4ivittynyt.<\/li>\n<li>Jos kokeessa tarvitaan kuulokkeet, ota mukaan langalliset kuulokkeet, jotka toimivat Abitissa. Tee siis Abitin \u00e4\u00e4nitesti kuulokkeillasi.<\/li>\n<li>Erillinen hiiri helpottaa ty\u00f6skentely\u00e4. Muista, ett\u00e4 sen pit\u00e4\u00e4 olla langallinen hiiri.<\/li>\n<li>Jos koe on langattomassa Abitti-verkossa, koneesi langattoman verkkokortin t\u00e4ytyy l\u00f6yt\u00e4\u00e4 wifi-verkkoja Abitti-j\u00e4rjestelm\u00e4ss\u00e4 k\u00e4ynnistettyn\u00e4. Jos koneesi ei l\u00f6yd\u00e4 langattomia verkkoja, osta USB-porttiin liitett\u00e4v\u00e4 <a href=\"https:\/\/blogit.gradia.fi\/abitti\/toimivuus\/\">langaton verkkokortti<\/a>.<\/li>\n<li>Jos koe on langallisessa Abitti-verkossa, koneessasi t\u00e4ytyy olla ethernet-liit\u00e4nt\u00e4. Jos sit\u00e4 ei ole, osta USB-porttiin liitett\u00e4v\u00e4 <a href=\"https:\/\/blogit.gradia.fi\/abitti\/toimivuus\/\">langallinen verkkokortti<\/a>.<\/li>\n<\/ul>\n","protected":false},"excerpt":{"rendered":"<p>Varmista, ett\u00e4 seuraavat asiat ovat kunnossa ennen Abitti-koetta: Tarkista, ett\u00e4 AbittiUSB-tikkusi toimii ja saat koneesi k\u00e4ynnistym\u00e4\u00e4n Abitti-j\u00e4rjestelm\u00e4\u00e4n. Ei haittaa, vaikka sinulla olisi varatikku tehtyn\u00e4. K\u00e4ynnist\u00e4 kone kotona Abitti-j\u00e4rjestelm\u00e4\u00e4n. Lataa akku ja ota siit\u00e4kin huolimatta\u00a0mukaan tietokoneen laturi. Huolehdi\u00a0kotona, ett\u00e4\u00a0Windows on p\u00e4ivittynyt. Jos kokeessa tarvitaan kuulokkeet, ota mukaan langalliset kuulokkeet, jotka toimivat Abitissa. Tee siis Abitin \u00e4\u00e4nitesti &hellip; <a href=\"https:\/\/blogit.gradia.fi\/abitti\/ennen-koetta\/\" class=\"more-link\">Jatka lukemista <span class=\"screen-reader-text\">Ennen koetta<\/span> <span class=\"meta-nav\">&rarr;<\/span><\/a><\/p>\n","protected":false},"author":111,"featured_media":0,"parent":0,"menu_order":0,"comment_status":"closed","ping_status":"closed","template":"","meta":{"_uag_custom_page_level_css":"","footnotes":""},"class_list":["post-238","page","type-page","status-publish","hentry"],"yoast_head":"<!-- This site is optimized with the Yoast SEO plugin v27.2 - https:\/\/yoast.com\/product\/yoast-seo-wordpress\/ -->\n<title>Ennen koetta - Abitti<\/title>\n<meta name=\"robots\" content=\"index, follow, max-snippet:-1, max-image-preview:large, max-video-preview:-1\" \/>\n<link rel=\"canonical\" href=\"https:\/\/blogit.gradia.fi\/abitti\/ennen-koetta\/\" \/>\n<meta property=\"og:locale\" content=\"fi_FI\" \/>\n<meta property=\"og:type\" content=\"article\" \/>\n<meta property=\"og:title\" content=\"Ennen koetta - Abitti\" \/>\n<meta property=\"og:description\" content=\"Varmista, ett\u00e4 seuraavat asiat ovat kunnossa ennen Abitti-koetta: Tarkista, ett\u00e4 AbittiUSB-tikkusi toimii ja saat koneesi k\u00e4ynnistym\u00e4\u00e4n Abitti-j\u00e4rjestelm\u00e4\u00e4n. Ei haittaa, vaikka sinulla olisi varatikku tehtyn\u00e4. K\u00e4ynnist\u00e4 kone kotona Abitti-j\u00e4rjestelm\u00e4\u00e4n. Lataa akku ja ota siit\u00e4kin huolimatta\u00a0mukaan tietokoneen laturi. Huolehdi\u00a0kotona, ett\u00e4\u00a0Windows on p\u00e4ivittynyt. Jos kokeessa tarvitaan kuulokkeet, ota mukaan langalliset kuulokkeet, jotka toimivat Abitissa. Tee siis Abitin \u00e4\u00e4nitesti &hellip; Jatka lukemista Ennen koetta &rarr;\" \/>\n<meta property=\"og:url\" content=\"https:\/\/blogit.gradia.fi\/abitti\/ennen-koetta\/\" \/>\n<meta property=\"og:site_name\" content=\"Abitti\" \/>\n<meta property=\"article:modified_time\" content=\"2018-01-29T20:12:45+00:00\" \/>\n<meta name=\"twitter:card\" content=\"summary_large_image\" \/>\n<meta name=\"twitter:label1\" content=\"Arvioitu lukuaika\" \/>\n\t<meta name=\"twitter:data1\" content=\"1 minuutti\" \/>\n<script type=\"application\/ld+json\" class=\"yoast-schema-graph\">{\"@context\":\"https:\/\/schema.org\",\"@graph\":[{\"@type\":\"WebPage\",\"@id\":\"https:\/\/blogit.gradia.fi\/abitti\/ennen-koetta\/\",\"url\":\"https:\/\/blogit.gradia.fi\/abitti\/ennen-koetta\/\",\"name\":\"Ennen koetta - Abitti\",\"isPartOf\":{\"@id\":\"https:\/\/blogit.gradia.fi\/abitti\/#website\"},\"datePublished\":\"2017-10-26T12:20:42+00:00\",\"dateModified\":\"2018-01-29T20:12:45+00:00\",\"inLanguage\":\"fi\",\"potentialAction\":[{\"@type\":\"ReadAction\",\"target\":[\"https:\/\/blogit.gradia.fi\/abitti\/ennen-koetta\/\"]}]},{\"@type\":\"WebSite\",\"@id\":\"https:\/\/blogit.gradia.fi\/abitti\/#website\",\"url\":\"https:\/\/blogit.gradia.fi\/abitti\/\",\"name\":\"Abitti\",\"description\":\"Ohjeita Abitin k\u00e4ytt\u00f6\u00f6n\",\"potentialAction\":[{\"@type\":\"SearchAction\",\"target\":{\"@type\":\"EntryPoint\",\"urlTemplate\":\"https:\/\/blogit.gradia.fi\/abitti\/?s={search_term_string}\"},\"query-input\":{\"@type\":\"PropertyValueSpecification\",\"valueRequired\":true,\"valueName\":\"search_term_string\"}}],\"inLanguage\":\"fi\"}]}<\/script>\n<!-- \/ Yoast SEO plugin. -->","yoast_head_json":{"title":"Ennen koetta - Abitti","robots":{"index":"index","follow":"follow","max-snippet":"max-snippet:-1","max-image-preview":"max-image-preview:large","max-video-preview":"max-video-preview:-1"},"canonical":"https:\/\/blogit.gradia.fi\/abitti\/ennen-koetta\/","og_locale":"fi_FI","og_type":"article","og_title":"Ennen koetta - Abitti","og_description":"Varmista, ett\u00e4 seuraavat asiat ovat kunnossa ennen Abitti-koetta: Tarkista, ett\u00e4 AbittiUSB-tikkusi toimii ja saat koneesi k\u00e4ynnistym\u00e4\u00e4n Abitti-j\u00e4rjestelm\u00e4\u00e4n. Ei haittaa, vaikka sinulla olisi varatikku tehtyn\u00e4. K\u00e4ynnist\u00e4 kone kotona Abitti-j\u00e4rjestelm\u00e4\u00e4n. Lataa akku ja ota siit\u00e4kin huolimatta\u00a0mukaan tietokoneen laturi. Huolehdi\u00a0kotona, ett\u00e4\u00a0Windows on p\u00e4ivittynyt. Jos kokeessa tarvitaan kuulokkeet, ota mukaan langalliset kuulokkeet, jotka toimivat Abitissa. Tee siis Abitin \u00e4\u00e4nitesti &hellip; Jatka lukemista Ennen koetta &rarr;","og_url":"https:\/\/blogit.gradia.fi\/abitti\/ennen-koetta\/","og_site_name":"Abitti","article_modified_time":"2018-01-29T20:12:45+00:00","twitter_card":"summary_large_image","twitter_misc":{"Arvioitu lukuaika":"1 minuutti"},"schema":{"@context":"https:\/\/schema.org","@graph":[{"@type":"WebPage","@id":"https:\/\/blogit.gradia.fi\/abitti\/ennen-koetta\/","url":"https:\/\/blogit.gradia.fi\/abitti\/ennen-koetta\/","name":"Ennen koetta - Abitti","isPartOf":{"@id":"https:\/\/blogit.gradia.fi\/abitti\/#website"},"datePublished":"2017-10-26T12:20:42+00:00","dateModified":"2018-01-29T20:12:45+00:00","inLanguage":"fi","potentialAction":[{"@type":"ReadAction","target":["https:\/\/blogit.gradia.fi\/abitti\/ennen-koetta\/"]}]},{"@type":"WebSite","@id":"https:\/\/blogit.gradia.fi\/abitti\/#website","url":"https:\/\/blogit.gradia.fi\/abitti\/","name":"Abitti","description":"Ohjeita Abitin k\u00e4ytt\u00f6\u00f6n","potentialAction":[{"@type":"SearchAction","target":{"@type":"EntryPoint","urlTemplate":"https:\/\/blogit.gradia.fi\/abitti\/?s={search_term_string}"},"query-input":{"@type":"PropertyValueSpecification","valueRequired":true,"valueName":"search_term_string"}}],"inLanguage":"fi"}]}},"uagb_featured_image_src":{"full":false,"thumbnail":false,"medium":false,"medium_large":false,"large":false,"1536x1536":false,"2048x2048":false,"post-thumbnail":false},"uagb_author_info":{"display_name":"Hannu Tabell","author_link":"https:\/\/blogit.gradia.fi\/abitti\/author\/htabell\/"},"uagb_comment_info":0,"uagb_excerpt":"Varmista, ett\u00e4 seuraavat asiat ovat kunnossa ennen Abitti-koetta: Tarkista, ett\u00e4 AbittiUSB-tikkusi toimii ja saat koneesi k\u00e4ynnistym\u00e4\u00e4n Abitti-j\u00e4rjestelm\u00e4\u00e4n. Ei haittaa, vaikka sinulla olisi varatikku tehtyn\u00e4. K\u00e4ynnist\u00e4 kone kotona Abitti-j\u00e4rjestelm\u00e4\u00e4n. Lataa akku ja ota siit\u00e4kin huolimatta\u00a0mukaan tietokoneen laturi. Huolehdi\u00a0kotona, ett\u00e4\u00a0Windows on p\u00e4ivittynyt. Jos kokeessa tarvitaan kuulokkeet, ota mukaan langalliset kuulokkeet, jotka toimivat Abitissa. Tee siis Abitin \u00e4\u00e4nitesti&hellip;","_links":{"self":[{"href":"https:\/\/blogit.gradia.fi\/abitti\/wp-json\/wp\/v2\/pages\/238","targetHints":{"allow":["GET"]}}],"collection":[{"href":"https:\/\/blogit.gradia.fi\/abitti\/wp-json\/wp\/v2\/pages"}],"about":[{"href":"https:\/\/blogit.gradia.fi\/abitti\/wp-json\/wp\/v2\/types\/page"}],"author":[{"embeddable":true,"href":"https:\/\/blogit.gradia.fi\/abitti\/wp-json\/wp\/v2\/users\/111"}],"replies":[{"embeddable":true,"href":"https:\/\/blogit.gradia.fi\/abitti\/wp-json\/wp\/v2\/comments?post=238"}],"version-history":[{"count":0,"href":"https:\/\/blogit.gradia.fi\/abitti\/wp-json\/wp\/v2\/pages\/238\/revisions"}],"wp:attachment":[{"href":"https:\/\/blogit.gradia.fi\/abitti\/wp-json\/wp\/v2\/media?parent=238"}],"curies":[{"name":"wp","href":"https:\/\/api.w.org\/{rel}","templated":true}]}}