{"id":2,"date":"2017-10-16T20:00:42","date_gmt":"2017-10-16T17:00:42","guid":{"rendered":"https:\/\/blogit.gradia.fi\/oppiminen\/?page_id=2"},"modified":"2019-11-10T22:40:02","modified_gmt":"2019-11-10T20:40:02","slug":"win10","status":"publish","type":"page","link":"https:\/\/blogit.gradia.fi\/abitti\/win10\/","title":{"rendered":"Win10"},"content":{"rendered":"<h3>Alla olevalla videolla noudatetaan seuraavia ohjeita<\/h3>\n\n\n<p><\/p>\n\n\n\n<ul>\n \t<li>Kiinnit\u00e4 Abitti-tikku tietokoneen USB-porttiin.<\/li>\n \t<li>Klikkaa hiirell\u00e4 Windowsin <strong>Aloitus<\/strong>-painikketta.<\/li>\n \t<li>Klikkaa <strong>Virta<\/strong>-painiketta.<\/li>\n \t<li>Paina n\u00e4pp\u00e4imist\u00f6n <strong>Shift<\/strong>&#8211; eli <strong>Vaihto<\/strong>-n\u00e4pp\u00e4int\u00e4 samalla, kun klikkaat hiirell\u00e4 <strong>K\u00e4ynnist\u00e4 uudelleen<\/strong>.<\/li>\n<\/ul>\n<a href=\"https:\/\/blogit.gradia.fi\/abitti\/wp-content\/uploads\/sites\/23\/2019\/11\/kaynnista_uudelleen-1.png\"><img loading=\"lazy\" decoding=\"async\" class=\"aligncenter  wp-image-459\" src=\"https:\/\/blogit.gradia.fi\/abitti\/wp-content\/uploads\/sites\/23\/2019\/11\/kaynnista_uudelleen-1.png\" alt=\"\" width=\"344\" height=\"167\" srcset=\"https:\/\/blogit.gradia.fi\/abitti\/wp-content\/uploads\/sites\/23\/2019\/11\/kaynnista_uudelleen-1.png 534w, https:\/\/blogit.gradia.fi\/abitti\/wp-content\/uploads\/sites\/23\/2019\/11\/kaynnista_uudelleen-1-300x146.png 300w\" sizes=\"auto, (max-width: 344px) 100vw, 344px\" \/><\/a>\n<ul>\n \t\n \t<li>Valitse asetus:&nbsp;<strong>K\u00e4yt\u00e4 laitetta<\/strong>.<\/li>\n \t<li>Klikkaa AbittiUSB-tikkuusi liittyv\u00e4\u00e4 kohtaa. Alla olevan videon&nbsp;tapauksessa se on UEFI: VerbatimStore N GO 5.00, Partition 1.<\/li>\n \t<li>Valitse Abitti-j\u00e4rjestelm\u00e4ksi ylin vaihtoehto eli <strong>Palladium.<\/strong> Jos t\u00e4m\u00e4 ei toimi, kokeile muita vaihtoehtoja. (Alla oleva video on kuvattu syksyll\u00e4 2017, jolloin k\u00e4ynnistysvaihtoehtoja oli v\u00e4hemm\u00e4n.)<\/li>\n \t<li>Kone k\u00e4ynnistyy Abitti-j\u00e4rjestelm\u00e4\u00e4n.<\/li>\n \t<li>Tee \u00e4\u00e4nitesti langallisten kuulokkeiden avulla.<\/li>\n \t<li>Jos abittiharjoittelu tai -koe on langattomassa verkossa, varmista, ett\u00e4 koneesi l\u00f6yt\u00e4\u00e4 langattoman verkon.<\/li>\n<\/ul>\n<h3>Video k\u00e4ynnist\u00e4misest\u00e4<\/h3>\n<iframe loading=\"lazy\" title=\"Win10  -tietokoneen boottaus\" width=\"604\" height=\"340\" src=\"https:\/\/www.youtube.com\/embed\/GXWZGyLuRlo?feature=oembed\" frameborder=\"0\" allow=\"accelerometer; autoplay; clipboard-write; encrypted-media; gyroscope; picture-in-picture; web-share\" referrerpolicy=\"strict-origin-when-cross-origin\" allowfullscreen><\/iframe>\n","protected":false},"excerpt":{"rendered":"<p>Alla olevalla videolla noudatetaan seuraavia ohjeita Kiinnit\u00e4 Abitti-tikku tietokoneen USB-porttiin. Klikkaa hiirell\u00e4 Windowsin Aloitus-painikketta. Klikkaa Virta-painiketta. Paina n\u00e4pp\u00e4imist\u00f6n Shift&#8211; eli Vaihto-n\u00e4pp\u00e4int\u00e4 samalla, kun klikkaat hiirell\u00e4 K\u00e4ynnist\u00e4 uudelleen. Valitse asetus:&nbsp;K\u00e4yt\u00e4 laitetta. Klikkaa AbittiUSB-tikkuusi liittyv\u00e4\u00e4 kohtaa. Alla olevan videon&nbsp;tapauksessa se on UEFI: VerbatimStore N GO 5.00, Partition 1. Valitse Abitti-j\u00e4rjestelm\u00e4ksi ylin vaihtoehto eli Palladium. Jos t\u00e4m\u00e4 ei &hellip; <a href=\"https:\/\/blogit.gradia.fi\/abitti\/win10\/\" class=\"more-link\">Jatka lukemista <span class=\"screen-reader-text\">Win10<\/span> <span class=\"meta-nav\">&rarr;<\/span><\/a><\/p>\n","protected":false},"author":111,"featured_media":0,"parent":0,"menu_order":0,"comment_status":"closed","ping_status":"closed","template":"","meta":{"_uag_custom_page_level_css":"","footnotes":""},"class_list":["post-2","page","type-page","status-publish","hentry"],"yoast_head":"<!-- This site is optimized with the Yoast SEO plugin v27.2 - https:\/\/yoast.com\/product\/yoast-seo-wordpress\/ -->\n<title>Win10 - Abitti<\/title>\n<meta name=\"robots\" content=\"index, follow, max-snippet:-1, max-image-preview:large, max-video-preview:-1\" \/>\n<link rel=\"canonical\" href=\"https:\/\/blogit.gradia.fi\/abitti\/win10\/\" \/>\n<meta property=\"og:locale\" content=\"fi_FI\" \/>\n<meta property=\"og:type\" content=\"article\" \/>\n<meta property=\"og:title\" content=\"Win10 - Abitti\" \/>\n<meta property=\"og:description\" content=\"Alla olevalla videolla noudatetaan seuraavia ohjeita Kiinnit\u00e4 Abitti-tikku tietokoneen USB-porttiin. Klikkaa hiirell\u00e4 Windowsin Aloitus-painikketta. Klikkaa Virta-painiketta. Paina n\u00e4pp\u00e4imist\u00f6n Shift&#8211; eli Vaihto-n\u00e4pp\u00e4int\u00e4 samalla, kun klikkaat hiirell\u00e4 K\u00e4ynnist\u00e4 uudelleen. Valitse asetus:&nbsp;K\u00e4yt\u00e4 laitetta. Klikkaa AbittiUSB-tikkuusi liittyv\u00e4\u00e4 kohtaa. Alla olevan videon&nbsp;tapauksessa se on UEFI: VerbatimStore N GO 5.00, Partition 1. Valitse Abitti-j\u00e4rjestelm\u00e4ksi ylin vaihtoehto eli Palladium. Jos t\u00e4m\u00e4 ei &hellip; Jatka lukemista Win10 &rarr;\" \/>\n<meta property=\"og:url\" content=\"https:\/\/blogit.gradia.fi\/abitti\/win10\/\" \/>\n<meta property=\"og:site_name\" content=\"Abitti\" \/>\n<meta property=\"article:modified_time\" content=\"2019-11-10T20:40:02+00:00\" \/>\n<meta property=\"og:image\" content=\"https:\/\/blogit.gradia.fi\/abitti\/wp-content\/uploads\/sites\/23\/2019\/11\/kaynnista_uudelleen-1.png\" \/>\n<meta name=\"twitter:card\" content=\"summary_large_image\" \/>\n<meta name=\"twitter:label1\" content=\"Arvioitu lukuaika\" \/>\n\t<meta name=\"twitter:data1\" content=\"1 minuutti\" \/>\n<script type=\"application\/ld+json\" class=\"yoast-schema-graph\">{\"@context\":\"https:\/\/schema.org\",\"@graph\":[{\"@type\":\"WebPage\",\"@id\":\"https:\/\/blogit.gradia.fi\/abitti\/win10\/\",\"url\":\"https:\/\/blogit.gradia.fi\/abitti\/win10\/\",\"name\":\"Win10 - Abitti\",\"isPartOf\":{\"@id\":\"https:\/\/blogit.gradia.fi\/abitti\/#website\"},\"primaryImageOfPage\":{\"@id\":\"https:\/\/blogit.gradia.fi\/abitti\/win10\/#primaryimage\"},\"image\":{\"@id\":\"https:\/\/blogit.gradia.fi\/abitti\/win10\/#primaryimage\"},\"thumbnailUrl\":\"https:\/\/blogit.gradia.fi\/abitti\/wp-content\/uploads\/sites\/23\/2019\/11\/kaynnista_uudelleen-1.png\",\"datePublished\":\"2017-10-16T17:00:42+00:00\",\"dateModified\":\"2019-11-10T20:40:02+00:00\",\"inLanguage\":\"fi\",\"potentialAction\":[{\"@type\":\"ReadAction\",\"target\":[\"https:\/\/blogit.gradia.fi\/abitti\/win10\/\"]}]},{\"@type\":\"ImageObject\",\"inLanguage\":\"fi\",\"@id\":\"https:\/\/blogit.gradia.fi\/abitti\/win10\/#primaryimage\",\"url\":\"https:\/\/blogit.gradia.fi\/abitti\/wp-content\/uploads\/sites\/23\/2019\/11\/kaynnista_uudelleen-1.png\",\"contentUrl\":\"https:\/\/blogit.gradia.fi\/abitti\/wp-content\/uploads\/sites\/23\/2019\/11\/kaynnista_uudelleen-1.png\"},{\"@type\":\"WebSite\",\"@id\":\"https:\/\/blogit.gradia.fi\/abitti\/#website\",\"url\":\"https:\/\/blogit.gradia.fi\/abitti\/\",\"name\":\"Abitti\",\"description\":\"Ohjeita Abitin k\u00e4ytt\u00f6\u00f6n\",\"potentialAction\":[{\"@type\":\"SearchAction\",\"target\":{\"@type\":\"EntryPoint\",\"urlTemplate\":\"https:\/\/blogit.gradia.fi\/abitti\/?s={search_term_string}\"},\"query-input\":{\"@type\":\"PropertyValueSpecification\",\"valueRequired\":true,\"valueName\":\"search_term_string\"}}],\"inLanguage\":\"fi\"}]}<\/script>\n<!-- \/ Yoast SEO plugin. -->","yoast_head_json":{"title":"Win10 - Abitti","robots":{"index":"index","follow":"follow","max-snippet":"max-snippet:-1","max-image-preview":"max-image-preview:large","max-video-preview":"max-video-preview:-1"},"canonical":"https:\/\/blogit.gradia.fi\/abitti\/win10\/","og_locale":"fi_FI","og_type":"article","og_title":"Win10 - Abitti","og_description":"Alla olevalla videolla noudatetaan seuraavia ohjeita Kiinnit\u00e4 Abitti-tikku tietokoneen USB-porttiin. Klikkaa hiirell\u00e4 Windowsin Aloitus-painikketta. Klikkaa Virta-painiketta. Paina n\u00e4pp\u00e4imist\u00f6n Shift&#8211; eli Vaihto-n\u00e4pp\u00e4int\u00e4 samalla, kun klikkaat hiirell\u00e4 K\u00e4ynnist\u00e4 uudelleen. Valitse asetus:&nbsp;K\u00e4yt\u00e4 laitetta. Klikkaa AbittiUSB-tikkuusi liittyv\u00e4\u00e4 kohtaa. Alla olevan videon&nbsp;tapauksessa se on UEFI: VerbatimStore N GO 5.00, Partition 1. Valitse Abitti-j\u00e4rjestelm\u00e4ksi ylin vaihtoehto eli Palladium. Jos t\u00e4m\u00e4 ei &hellip; Jatka lukemista Win10 &rarr;","og_url":"https:\/\/blogit.gradia.fi\/abitti\/win10\/","og_site_name":"Abitti","article_modified_time":"2019-11-10T20:40:02+00:00","og_image":[{"url":"https:\/\/blogit.gradia.fi\/abitti\/wp-content\/uploads\/sites\/23\/2019\/11\/kaynnista_uudelleen-1.png","type":"","width":"","height":""}],"twitter_card":"summary_large_image","twitter_misc":{"Arvioitu lukuaika":"1 minuutti"},"schema":{"@context":"https:\/\/schema.org","@graph":[{"@type":"WebPage","@id":"https:\/\/blogit.gradia.fi\/abitti\/win10\/","url":"https:\/\/blogit.gradia.fi\/abitti\/win10\/","name":"Win10 - Abitti","isPartOf":{"@id":"https:\/\/blogit.gradia.fi\/abitti\/#website"},"primaryImageOfPage":{"@id":"https:\/\/blogit.gradia.fi\/abitti\/win10\/#primaryimage"},"image":{"@id":"https:\/\/blogit.gradia.fi\/abitti\/win10\/#primaryimage"},"thumbnailUrl":"https:\/\/blogit.gradia.fi\/abitti\/wp-content\/uploads\/sites\/23\/2019\/11\/kaynnista_uudelleen-1.png","datePublished":"2017-10-16T17:00:42+00:00","dateModified":"2019-11-10T20:40:02+00:00","inLanguage":"fi","potentialAction":[{"@type":"ReadAction","target":["https:\/\/blogit.gradia.fi\/abitti\/win10\/"]}]},{"@type":"ImageObject","inLanguage":"fi","@id":"https:\/\/blogit.gradia.fi\/abitti\/win10\/#primaryimage","url":"https:\/\/blogit.gradia.fi\/abitti\/wp-content\/uploads\/sites\/23\/2019\/11\/kaynnista_uudelleen-1.png","contentUrl":"https:\/\/blogit.gradia.fi\/abitti\/wp-content\/uploads\/sites\/23\/2019\/11\/kaynnista_uudelleen-1.png"},{"@type":"WebSite","@id":"https:\/\/blogit.gradia.fi\/abitti\/#website","url":"https:\/\/blogit.gradia.fi\/abitti\/","name":"Abitti","description":"Ohjeita Abitin k\u00e4ytt\u00f6\u00f6n","potentialAction":[{"@type":"SearchAction","target":{"@type":"EntryPoint","urlTemplate":"https:\/\/blogit.gradia.fi\/abitti\/?s={search_term_string}"},"query-input":{"@type":"PropertyValueSpecification","valueRequired":true,"valueName":"search_term_string"}}],"inLanguage":"fi"}]}},"uagb_featured_image_src":{"full":false,"thumbnail":false,"medium":false,"medium_large":false,"large":false,"1536x1536":false,"2048x2048":false,"post-thumbnail":false},"uagb_author_info":{"display_name":"Hannu Tabell","author_link":"https:\/\/blogit.gradia.fi\/abitti\/author\/htabell\/"},"uagb_comment_info":0,"uagb_excerpt":"Alla olevalla videolla noudatetaan seuraavia ohjeita Kiinnit\u00e4 Abitti-tikku tietokoneen USB-porttiin. Klikkaa hiirell\u00e4 Windowsin Aloitus-painikketta. Klikkaa Virta-painiketta. Paina n\u00e4pp\u00e4imist\u00f6n Shift&#8211; eli Vaihto-n\u00e4pp\u00e4int\u00e4 samalla, kun klikkaat hiirell\u00e4 K\u00e4ynnist\u00e4 uudelleen. Valitse asetus:&nbsp;K\u00e4yt\u00e4 laitetta. Klikkaa AbittiUSB-tikkuusi liittyv\u00e4\u00e4 kohtaa. Alla olevan videon&nbsp;tapauksessa se on UEFI: VerbatimStore N GO 5.00, Partition 1. Valitse Abitti-j\u00e4rjestelm\u00e4ksi ylin vaihtoehto eli Palladium. Jos t\u00e4m\u00e4 ei&hellip;","_links":{"self":[{"href":"https:\/\/blogit.gradia.fi\/abitti\/wp-json\/wp\/v2\/pages\/2","targetHints":{"allow":["GET"]}}],"collection":[{"href":"https:\/\/blogit.gradia.fi\/abitti\/wp-json\/wp\/v2\/pages"}],"about":[{"href":"https:\/\/blogit.gradia.fi\/abitti\/wp-json\/wp\/v2\/types\/page"}],"author":[{"embeddable":true,"href":"https:\/\/blogit.gradia.fi\/abitti\/wp-json\/wp\/v2\/users\/111"}],"replies":[{"embeddable":true,"href":"https:\/\/blogit.gradia.fi\/abitti\/wp-json\/wp\/v2\/comments?post=2"}],"version-history":[{"count":6,"href":"https:\/\/blogit.gradia.fi\/abitti\/wp-json\/wp\/v2\/pages\/2\/revisions"}],"predecessor-version":[{"id":476,"href":"https:\/\/blogit.gradia.fi\/abitti\/wp-json\/wp\/v2\/pages\/2\/revisions\/476"}],"wp:attachment":[{"href":"https:\/\/blogit.gradia.fi\/abitti\/wp-json\/wp\/v2\/media?parent=2"}],"curies":[{"name":"wp","href":"https:\/\/api.w.org\/{rel}","templated":true}]}}