{"id":164,"date":"2017-10-22T22:13:59","date_gmt":"2017-10-22T19:13:59","guid":{"rendered":"https:\/\/blogit.gradia.fi\/oppiminen\/?page_id=164"},"modified":"2019-11-10T21:28:36","modified_gmt":"2019-11-10T19:28:36","slug":"mac","status":"publish","type":"page","link":"https:\/\/blogit.gradia.fi\/abitti\/mac\/","title":{"rendered":"Mac"},"content":{"rendered":"<h3>Alla olevalla videolla noudatetaan seuraavia ohjeita<\/h3>\n<ul>\n<li>Tietokoneen pit\u00e4\u00e4 olla sammutettuna.<\/li>\n<li>Kiinnit\u00e4 tekem\u00e4si AbittiUSB-tikku tietokoneeseen.<\/li>\n<li>Paina n\u00e4pp\u00e4imist\u00f6lt\u00e4 <strong>Alt<\/strong>-nappi pohjaan ja k\u00e4ynnist\u00e4 tietokone.<\/li>\n<li>Valitse <strong>EFI\u00a0 Boot<\/strong>.<\/li>\n<li>Valitse Abitti-j\u00e4rjestelm\u00e4ksi ylin vaihtoehto eli <strong>Palladium.<\/strong> Jos t\u00e4m\u00e4 ei toimi, kokeile muita vaihtoehtoja.<\/li>\n<li>Kone k\u00e4ynnistyy Abitti-j\u00e4rjestelm\u00e4\u00e4n.<\/li>\n<li>Tee \u00e4\u00e4nitesti langallisten kuulokkeiden avulla.<\/li>\n<li>Jos abittiharjoittelu tai -koe on langattomassa verkossa, varmista, ett\u00e4 koneesi l\u00f6yt\u00e4\u00e4 langattoman verkon.<\/li>\n<\/ul>\n<h3>Video k\u00e4ynnist\u00e4misest\u00e4<\/h3>\n<p><iframe loading=\"lazy\" title=\"Mac-tietokoneen boottaus\" width=\"604\" height=\"340\" src=\"https:\/\/www.youtube.com\/embed\/8bVotuUcrnk?feature=oembed\" frameborder=\"0\" allow=\"accelerometer; autoplay; clipboard-write; encrypted-media; gyroscope; picture-in-picture; web-share\" referrerpolicy=\"strict-origin-when-cross-origin\" allowfullscreen><\/iframe><\/p>\n","protected":false},"excerpt":{"rendered":"<p>Alla olevalla videolla noudatetaan seuraavia ohjeita Tietokoneen pit\u00e4\u00e4 olla sammutettuna. Kiinnit\u00e4 tekem\u00e4si AbittiUSB-tikku tietokoneeseen. Paina n\u00e4pp\u00e4imist\u00f6lt\u00e4 Alt-nappi pohjaan ja k\u00e4ynnist\u00e4 tietokone. Valitse EFI\u00a0 Boot. Valitse Abitti-j\u00e4rjestelm\u00e4ksi ylin vaihtoehto eli Palladium. Jos t\u00e4m\u00e4 ei toimi, kokeile muita vaihtoehtoja. Kone k\u00e4ynnistyy Abitti-j\u00e4rjestelm\u00e4\u00e4n. Tee \u00e4\u00e4nitesti langallisten kuulokkeiden avulla. Jos abittiharjoittelu tai -koe on langattomassa verkossa, varmista, ett\u00e4 koneesi &hellip; <a href=\"https:\/\/blogit.gradia.fi\/abitti\/mac\/\" class=\"more-link\">Jatka lukemista <span class=\"screen-reader-text\">Mac<\/span> <span class=\"meta-nav\">&rarr;<\/span><\/a><\/p>\n","protected":false},"author":111,"featured_media":0,"parent":0,"menu_order":0,"comment_status":"closed","ping_status":"closed","template":"","meta":{"_uag_custom_page_level_css":"","footnotes":""},"class_list":["post-164","page","type-page","status-publish","hentry"],"yoast_head":"<!-- This site is optimized with the Yoast SEO plugin v27.2 - https:\/\/yoast.com\/product\/yoast-seo-wordpress\/ -->\n<title>Mac - Abitti<\/title>\n<meta name=\"robots\" content=\"index, follow, max-snippet:-1, max-image-preview:large, max-video-preview:-1\" \/>\n<link rel=\"canonical\" href=\"https:\/\/blogit.gradia.fi\/abitti\/mac\/\" \/>\n<meta property=\"og:locale\" content=\"fi_FI\" \/>\n<meta property=\"og:type\" content=\"article\" \/>\n<meta property=\"og:title\" content=\"Mac - Abitti\" \/>\n<meta property=\"og:description\" content=\"Alla olevalla videolla noudatetaan seuraavia ohjeita Tietokoneen pit\u00e4\u00e4 olla sammutettuna. Kiinnit\u00e4 tekem\u00e4si AbittiUSB-tikku tietokoneeseen. Paina n\u00e4pp\u00e4imist\u00f6lt\u00e4 Alt-nappi pohjaan ja k\u00e4ynnist\u00e4 tietokone. Valitse EFI\u00a0 Boot. Valitse Abitti-j\u00e4rjestelm\u00e4ksi ylin vaihtoehto eli Palladium. Jos t\u00e4m\u00e4 ei toimi, kokeile muita vaihtoehtoja. Kone k\u00e4ynnistyy Abitti-j\u00e4rjestelm\u00e4\u00e4n. Tee \u00e4\u00e4nitesti langallisten kuulokkeiden avulla. Jos abittiharjoittelu tai -koe on langattomassa verkossa, varmista, ett\u00e4 koneesi &hellip; Jatka lukemista Mac &rarr;\" \/>\n<meta property=\"og:url\" content=\"https:\/\/blogit.gradia.fi\/abitti\/mac\/\" \/>\n<meta property=\"og:site_name\" content=\"Abitti\" \/>\n<meta property=\"article:modified_time\" content=\"2019-11-10T19:28:36+00:00\" \/>\n<meta name=\"twitter:card\" content=\"summary_large_image\" \/>\n<script type=\"application\/ld+json\" class=\"yoast-schema-graph\">{\"@context\":\"https:\/\/schema.org\",\"@graph\":[{\"@type\":\"WebPage\",\"@id\":\"https:\/\/blogit.gradia.fi\/abitti\/mac\/\",\"url\":\"https:\/\/blogit.gradia.fi\/abitti\/mac\/\",\"name\":\"Mac - Abitti\",\"isPartOf\":{\"@id\":\"https:\/\/blogit.gradia.fi\/abitti\/#website\"},\"datePublished\":\"2017-10-22T19:13:59+00:00\",\"dateModified\":\"2019-11-10T19:28:36+00:00\",\"inLanguage\":\"fi\",\"potentialAction\":[{\"@type\":\"ReadAction\",\"target\":[\"https:\/\/blogit.gradia.fi\/abitti\/mac\/\"]}]},{\"@type\":\"WebSite\",\"@id\":\"https:\/\/blogit.gradia.fi\/abitti\/#website\",\"url\":\"https:\/\/blogit.gradia.fi\/abitti\/\",\"name\":\"Abitti\",\"description\":\"Ohjeita Abitin k\u00e4ytt\u00f6\u00f6n\",\"potentialAction\":[{\"@type\":\"SearchAction\",\"target\":{\"@type\":\"EntryPoint\",\"urlTemplate\":\"https:\/\/blogit.gradia.fi\/abitti\/?s={search_term_string}\"},\"query-input\":{\"@type\":\"PropertyValueSpecification\",\"valueRequired\":true,\"valueName\":\"search_term_string\"}}],\"inLanguage\":\"fi\"}]}<\/script>\n<!-- \/ Yoast SEO plugin. -->","yoast_head_json":{"title":"Mac - Abitti","robots":{"index":"index","follow":"follow","max-snippet":"max-snippet:-1","max-image-preview":"max-image-preview:large","max-video-preview":"max-video-preview:-1"},"canonical":"https:\/\/blogit.gradia.fi\/abitti\/mac\/","og_locale":"fi_FI","og_type":"article","og_title":"Mac - Abitti","og_description":"Alla olevalla videolla noudatetaan seuraavia ohjeita Tietokoneen pit\u00e4\u00e4 olla sammutettuna. Kiinnit\u00e4 tekem\u00e4si AbittiUSB-tikku tietokoneeseen. Paina n\u00e4pp\u00e4imist\u00f6lt\u00e4 Alt-nappi pohjaan ja k\u00e4ynnist\u00e4 tietokone. Valitse EFI\u00a0 Boot. Valitse Abitti-j\u00e4rjestelm\u00e4ksi ylin vaihtoehto eli Palladium. Jos t\u00e4m\u00e4 ei toimi, kokeile muita vaihtoehtoja. Kone k\u00e4ynnistyy Abitti-j\u00e4rjestelm\u00e4\u00e4n. Tee \u00e4\u00e4nitesti langallisten kuulokkeiden avulla. Jos abittiharjoittelu tai -koe on langattomassa verkossa, varmista, ett\u00e4 koneesi &hellip; Jatka lukemista Mac &rarr;","og_url":"https:\/\/blogit.gradia.fi\/abitti\/mac\/","og_site_name":"Abitti","article_modified_time":"2019-11-10T19:28:36+00:00","twitter_card":"summary_large_image","schema":{"@context":"https:\/\/schema.org","@graph":[{"@type":"WebPage","@id":"https:\/\/blogit.gradia.fi\/abitti\/mac\/","url":"https:\/\/blogit.gradia.fi\/abitti\/mac\/","name":"Mac - Abitti","isPartOf":{"@id":"https:\/\/blogit.gradia.fi\/abitti\/#website"},"datePublished":"2017-10-22T19:13:59+00:00","dateModified":"2019-11-10T19:28:36+00:00","inLanguage":"fi","potentialAction":[{"@type":"ReadAction","target":["https:\/\/blogit.gradia.fi\/abitti\/mac\/"]}]},{"@type":"WebSite","@id":"https:\/\/blogit.gradia.fi\/abitti\/#website","url":"https:\/\/blogit.gradia.fi\/abitti\/","name":"Abitti","description":"Ohjeita Abitin k\u00e4ytt\u00f6\u00f6n","potentialAction":[{"@type":"SearchAction","target":{"@type":"EntryPoint","urlTemplate":"https:\/\/blogit.gradia.fi\/abitti\/?s={search_term_string}"},"query-input":{"@type":"PropertyValueSpecification","valueRequired":true,"valueName":"search_term_string"}}],"inLanguage":"fi"}]}},"uagb_featured_image_src":{"full":false,"thumbnail":false,"medium":false,"medium_large":false,"large":false,"1536x1536":false,"2048x2048":false,"post-thumbnail":false},"uagb_author_info":{"display_name":"Hannu Tabell","author_link":"https:\/\/blogit.gradia.fi\/abitti\/author\/htabell\/"},"uagb_comment_info":0,"uagb_excerpt":"Alla olevalla videolla noudatetaan seuraavia ohjeita Tietokoneen pit\u00e4\u00e4 olla sammutettuna. Kiinnit\u00e4 tekem\u00e4si AbittiUSB-tikku tietokoneeseen. Paina n\u00e4pp\u00e4imist\u00f6lt\u00e4 Alt-nappi pohjaan ja k\u00e4ynnist\u00e4 tietokone. Valitse EFI\u00a0 Boot. Valitse Abitti-j\u00e4rjestelm\u00e4ksi ylin vaihtoehto eli Palladium. Jos t\u00e4m\u00e4 ei toimi, kokeile muita vaihtoehtoja. Kone k\u00e4ynnistyy Abitti-j\u00e4rjestelm\u00e4\u00e4n. Tee \u00e4\u00e4nitesti langallisten kuulokkeiden avulla. Jos abittiharjoittelu tai -koe on langattomassa verkossa, varmista, ett\u00e4 koneesi&hellip;","_links":{"self":[{"href":"https:\/\/blogit.gradia.fi\/abitti\/wp-json\/wp\/v2\/pages\/164","targetHints":{"allow":["GET"]}}],"collection":[{"href":"https:\/\/blogit.gradia.fi\/abitti\/wp-json\/wp\/v2\/pages"}],"about":[{"href":"https:\/\/blogit.gradia.fi\/abitti\/wp-json\/wp\/v2\/types\/page"}],"author":[{"embeddable":true,"href":"https:\/\/blogit.gradia.fi\/abitti\/wp-json\/wp\/v2\/users\/111"}],"replies":[{"embeddable":true,"href":"https:\/\/blogit.gradia.fi\/abitti\/wp-json\/wp\/v2\/comments?post=164"}],"version-history":[{"count":2,"href":"https:\/\/blogit.gradia.fi\/abitti\/wp-json\/wp\/v2\/pages\/164\/revisions"}],"predecessor-version":[{"id":472,"href":"https:\/\/blogit.gradia.fi\/abitti\/wp-json\/wp\/v2\/pages\/164\/revisions\/472"}],"wp:attachment":[{"href":"https:\/\/blogit.gradia.fi\/abitti\/wp-json\/wp\/v2\/media?parent=164"}],"curies":[{"name":"wp","href":"https:\/\/api.w.org\/{rel}","templated":true}]}}